{"id":1037127,"date":"2025-08-04T12:29:18","date_gmt":"2025-08-04T10:29:18","guid":{"rendered":"https:\/\/www.lourdes-france.org\/?page_id=1037127"},"modified":"2025-09-09T09:06:40","modified_gmt":"2025-09-09T07:06:40","slug":"patrimonio-legar","status":"publish","type":"page","link":"https:\/\/www.lourdes-france.org\/es\/transmitir\/patrimonio-legar\/","title":{"rendered":"L\u00e9guer, donner, transmettre : un acte de foi en faveur du Sanctuaire de Lourdes"},"content":{"rendered":"\t\t<div data-elementor-type=\"wp-page\" data-elementor-id=\"1037127\" class=\"elementor elementor-1037127 elementor-1028440\" data-elementor-post-type=\"page\">\n\t\t\t\t\t\t<section class=\"elementor-section elementor-top-section elementor-element elementor-element-702c0eb elementor-section-full_width elementor-section-stretched elementor-section-height-default elementor-section-height-default\" data-id=\"702c0eb\" data-element_type=\"section\" data-settings=\"{&quot;stretch_section&quot;:&quot;section-stretched&quot;,&quot;background_background&quot;:&quot;classic&quot;}\">\n\t\t\t\t\t\t<div class=\"elementor-container elementor-column-gap-default\">\n\t\t\t\t\t<div class=\"elementor-column elementor-col-100 elementor-top-column elementor-element elementor-element-f874315\" data-id=\"f874315\" data-element_type=\"column\">\n\t\t\t<div class=\"elementor-widget-wrap elementor-element-populated\">\n\t\t\t\t\t\t<div class=\"elementor-element elementor-element-b0dad01 elementor-widget elementor-widget-spacer\" data-id=\"b0dad01\" data-element_type=\"widget\" data-widget_type=\"spacer.default\">\n\t\t\t\t<div class=\"elementor-widget-container\">\n\t\t\t\t\t\t\t<div class=\"elementor-spacer\">\n\t\t\t<div class=\"elementor-spacer-inner\"><\/div>\n\t\t<\/div>\n\t\t\t\t\t\t<\/div>\n\t\t\t\t<\/div>\n\t\t\t\t\t<\/div>\n\t\t<\/div>\n\t\t\t\t\t<\/div>\n\t\t<\/section>\n\t\t\t\t<section class=\"elementor-section elementor-top-section elementor-element elementor-element-0679aed elementor-section-full_width elementor-section-height-default elementor-section-height-default\" data-id=\"0679aed\" data-element_type=\"section\" data-settings=\"{&quot;background_background&quot;:&quot;classic&quot;}\">\n\t\t\t\t\t\t<div class=\"elementor-container elementor-column-gap-default\">\n\t\t\t\t\t<div class=\"elementor-column elementor-col-100 elementor-top-column elementor-element elementor-element-6571606\" data-id=\"6571606\" data-element_type=\"column\">\n\t\t\t<div class=\"elementor-widget-wrap elementor-element-populated\">\n\t\t\t\t\t\t<div class=\"elementor-element elementor-element-3049a0e elementor-widget elementor-widget-spacer\" data-id=\"3049a0e\" data-element_type=\"widget\" data-widget_type=\"spacer.default\">\n\t\t\t\t<div class=\"elementor-widget-container\">\n\t\t\t\t\t\t\t<div class=\"elementor-spacer\">\n\t\t\t<div class=\"elementor-spacer-inner\"><\/div>\n\t\t<\/div>\n\t\t\t\t\t\t<\/div>\n\t\t\t\t<\/div>\n\t\t\t\t<div class=\"elementor-element elementor-element-c072c6b elementor-widget elementor-widget-heading\" data-id=\"c072c6b\" data-element_type=\"widget\" data-widget_type=\"heading.default\">\n\t\t\t\t<div class=\"elementor-widget-container\">\n\t\t\t\t\t<h2 class=\"elementor-heading-title elementor-size-default\">Donar, transmitir y legar:\nun acto de fe en apoyo al Santuario de Lourdes<\/h2>\t\t\t\t<\/div>\n\t\t\t\t<\/div>\n\t\t\t\t<div class=\"elementor-element elementor-element-04e55e8 elementor-widget elementor-widget-heading\" data-id=\"04e55e8\" data-element_type=\"widget\" data-widget_type=\"heading.default\">\n\t\t\t\t<div class=\"elementor-widget-container\">\n\t\t\t\t\t<h2 class=\"elementor-heading-title elementor-size-default\">_________________<\/h2>\t\t\t\t<\/div>\n\t\t\t\t<\/div>\n\t\t\t\t<div class=\"elementor-element elementor-element-c13be81 elementor-widget elementor-widget-text-editor\" data-id=\"c13be81\" data-element_type=\"widget\" data-widget_type=\"text-editor.default\">\n\t\t\t\t<div class=\"elementor-widget-container\">\n\t\t\t\t\t\t\t\t\t<p><span style=\"color: #333333;\">Desde las apariciones de la Virgen Mar\u00eda a Bernardita en 1858, Lourdes es un lugar de oraci\u00f3n, curaci\u00f3n, esperanza y consuelo para millones de peregrinos. Cada a\u00f1o, personas enfermas, fr\u00e1giles y en busca de sentido acuden all\u00ed para recogerse gracias a los miles de hospitalarios que se entregan sin reservas en Lourdes.<\/span><\/p><p><span style=\"color: #333333;\"><strong>El Santuario vive gracias a la generosidad de los fieles: no recibe ninguna subvenci\u00f3n del Estado, de la Iglesia en Francia ni del Vaticano.<\/strong><\/span><\/p><p><span style=\"color: #454545;\"><span style=\"font-family: .SFNS-Regular_wdth_opsz110000_G, serif;\"><span lang=\"es-ES\">El <a href=\"https:\/\/www.lourdes-france.com\/es\/\">Santuario de Nuestra Se\u00f1ora de Lourdes<\/a> es un verdadero tesoro espiritual para la Iglesia universal. Al confiarle la totalidad o parte de su patrimonio, prolonga su compromiso como creyente y ayuda a transmitir a las futuras generaciones<a href=\"https:\/\/www.lourdes-france.com\/es\/las-apariciones\/\"> el mensaje que Mar\u00eda confi\u00f3 a Bernardita<\/a>.<\/span><\/span><\/span><\/p><p><span style=\"color: #333333;\">Las actividades religiosas y pastorales del Santuario de Lourdes est\u00e1n a cargo de la Asociaci\u00f3n Diocesana de Tarbes y Lourdes.<\/span><\/p><h2><span style=\"color: #007a9e;\"><span style=\"font-family: .SFNS-Regular_wdth_opsz110000_G, serif;\"><span style=\"font-size: large;\"><span lang=\"es-ES\"><b>\u00bfQu\u00e9 se puede transmitir?<\/b><\/span><\/span><\/span><\/span><\/h2><p><span style=\"color: #454545;\"><span style=\"font-family: .SFNS-Regular_wdth_opsz110000_G, serif;\"><span lang=\"es-ES\">Es posible legar o donar distintos tipos de bienes:<\/span><\/span><\/span><\/p><ul><li><p><span style=\"color: #454545;\"><span style=\"font-family: .SFNS-Regular_wdth_opsz110000_G, serif;\"><span style=\"font-size: medium;\"><span lang=\"es-ES\"><b>Bienes inmuebles<\/b><\/span><\/span><\/span><\/span><span style=\"color: #454545;\"><span style=\"font-family: .SFNS-Regular_wdth_opsz110000_G, serif;\"><span style=\"font-size: medium;\"><span lang=\"es-ES\">: un piso, una casa, un terreno\u2026<\/span><\/span><\/span><\/span><\/p><\/li><li><p><span style=\"color: #454545;\"><span style=\"font-family: .SFNS-Regular_wdth_opsz110000_G, serif;\"><span style=\"font-size: medium;\"><span lang=\"es-ES\"><b>Bienes muebles<\/b><\/span><\/span><\/span><\/span><span style=\"color: #454545;\"><span style=\"font-family: .SFNS-Regular_wdth_opsz110000_G, serif;\"><span style=\"font-size: medium;\"><span lang=\"es-ES\">: dinero, cuentas bancarias, carteras de t\u00edtulos valores, joyas, obras de arte, derechos de autor\u2026<\/span><\/span><\/span><\/span><\/p><\/li><li><span style=\"color: #454545;\"><span style=\"font-family: .SFNS-Regular_wdth_opsz110000_G, serif;\"><span style=\"font-size: medium;\"><span lang=\"es-ES\">Un <\/span><\/span><\/span><\/span><span style=\"color: #454545;\"><span style=\"font-family: .SFNS-Regular_wdth_opsz110000_G, serif;\"><span style=\"font-size: medium;\"><span lang=\"es-ES\"><b>contrato de seguro de vida<\/b><\/span><\/span><\/span><\/span><span style=\"color: #454545;\"><span style=\"font-family: .SFNS-Regular_wdth_opsz110000_G, serif;\"><span style=\"font-size: medium;\"><span lang=\"es-ES\">, nombrando al Santuario como beneficiario.<\/span><\/span><\/span><\/span><\/li><\/ul><h2><span style=\"color: #007a9e;\"><span style=\"font-family: .SFNS-Regular_wdth_opsz110000_G, serif;\"><span style=\"font-size: large;\"><span lang=\"es-ES\"><b>\u00bfPor qu\u00e9 hacer una donaci\u00f3n en vida?<\/b><\/span><\/span><\/span><\/span><\/h2><p><span style=\"color: #454545;\"><span style=\"font-family: .SFNS-Regular_wdth_opsz110000_G, serif;\"><span lang=\"es-ES\">La donaci\u00f3n es un acto voluntario mediante el cual se transmite un bien de forma inmediata. Es una forma sencilla de constatar c\u00f3mo el fruto de su generosidad se materializa en vida.<\/span><\/span><\/span><\/p><h2><span style=\"color: #007a9e;\"><span style=\"font-family: .SFNS-Regular_wdth_opsz110000_G, serif;\"><span style=\"font-size: large;\"><span lang=\"es-ES\"><b>Legar al Santuario de Lourdes<\/b><\/span><\/span><\/span><\/span><\/h2><p><span style=\"color: #454545;\"><span style=\"font-family: .SFNS-Regular_wdth_opsz110000_G, serif;\"><span lang=\"es-ES\">Un legado le permite especificar en su testamento qui\u00e9n ser\u00e1 el beneficiario de sus bienes tras su fallecimiento<\/span><\/span><\/span><\/p><h2>\u00a0<\/h2>\t\t\t\t\t\t\t\t<\/div>\n\t\t\t\t<\/div>\n\t\t\t\t<div class=\"elementor-element elementor-element-e80088b elementor-widget elementor-widget-text-editor\" data-id=\"e80088b\" data-element_type=\"widget\" data-widget_type=\"text-editor.default\">\n\t\t\t\t<div class=\"elementor-widget-container\">\n\t\t\t\t\t\t\t\t\t<p>\u00a0<\/p><h2><span style=\"color: #007a9e;\"><span style=\"font-family: .SFNS-Regular_wdth_opsz110000_G, serif;\"><span style=\"font-size: large;\"><span lang=\"es-ES\"><b>Un acompa\u00f1amiento con total confidencialidad<\/b><\/span><\/span><\/span><\/span><\/h2><p><span style=\"color: #454545;\"><span style=\"font-family: .SFNS-Regular_wdth_opsz110000_G, serif;\"><span lang=\"es-ES\">Nuestro Servicio de Relaciones con Donantes est\u00e1 a su disposici\u00f3n para responder a sus preguntas, acompa\u00f1arle en sus tr\u00e1mites y ayudarle a discernir con paz y fe.<\/span><\/span><\/span><\/p><p><span style=\"color: #454545;\"><span style=\"font-family: .SFNS-Regular_wdth_opsz110000_G, serif;\"><span lang=\"es-ES\">Tel\u00e9fono: <a href=\"tel:+33 5 62 42 82 82\">+33 5 62 42 82 82<\/a><\/span><\/span><\/span><\/p><p>Correo electr\u00f3nico: <a href=\"mailto:donateur@lourdes-france.com\" target=\"_blank\" rel=\"noopener\">donateur@lourdes-france.com<\/a><\/p>\t\t\t\t\t\t\t\t<\/div>\n\t\t\t\t<\/div>\n\t\t\t\t<div class=\"elementor-element elementor-element-4e5de2c elementor-widget elementor-widget-link-in-bio\" data-id=\"4e5de2c\" data-element_type=\"widget\" data-widget_type=\"link-in-bio.default\">\n\t\t\t\t<div class=\"elementor-widget-container\">\n\t\t\t\t\t\t\t<div class=\"e-link-in-bio e-link-in-bio\">\n\t\t\t<div class=\"e-link-in-bio__content\">\n\n\t\t\t\t\t\t<div class=\"e-link-in-bio__identity\">\n\t\t\t\t\t\t\t\t\t<div class=\"e-link-in-bio__identity-image e-link-in-bio__identity-image-profile has-border has-style-circle\">\n\t\t\t\t\t\t\t<img fetchpriority=\"high\" decoding=\"async\" width=\"300\" height=\"261\" src=\"https:\/\/www.lourdes-france.org\/wp-content\/uploads\/2025\/08\/corinne_gimenez-1-300x261.png\" class=\"e-link-in-bio__identity-image-element\" alt=\"\" srcset=\"https:\/\/www.lourdes-france.org\/wp-content\/uploads\/2025\/08\/corinne_gimenez-1-300x261.png 300w, https:\/\/www.lourdes-france.org\/wp-content\/uploads\/2025\/08\/corinne_gimenez-1-1024x889.png 1024w, https:\/\/www.lourdes-france.org\/wp-content\/uploads\/2025\/08\/corinne_gimenez-1-768x667.png 768w, https:\/\/www.lourdes-france.org\/wp-content\/uploads\/2025\/08\/corinne_gimenez-1-1536x1334.png 1536w, https:\/\/www.lourdes-france.org\/wp-content\/uploads\/2025\/08\/corinne_gimenez-1.png 1779w\" sizes=\"(max-width: 300px) 100vw, 300px\" \/>\t\t\t\t\t\t\t\t\t\t\t\t\t<\/div>\n\t\t\t\t\t\t\t<\/div>\n\t\t\t\t\t<div class=\"e-link-in-bio__bio\">\n\t\t\t\t<h2 class=\"e-link-in-bio__heading\">Corinne GIMENEZ<\/h2>\t\t\t\t<h2 class=\"e-link-in-bio__title\">Servicio de Donantes\nSantuario de Nuestra Se\u00f1ora de Lourdes<\/h2>\t\t\t\t\t\t\t\t\t\t\t<\/div>\n\t\t\t\t\t<div class=\"e-link-in-bio__icons has-size-medium\">\n\t\t\t\t\t\t\t<div class=\"e-link-in-bio__icon is-size-medium\">\n\t\t\t\t\t<a aria-label=\"Telephone\" class=\"e-link-in-bio__icon-link\" href=\"tel:+33562428282\">\n\t\t\t\t\t\t<span class=\"e-link-in-bio__icon-svg\">\n\t\t\t\t\t\t\t<i aria-hidden=\"true\" class=\"fas fa-phone-alt\"><\/i>\t\t\t\t\t\t<\/span>\n\t\t\t\t\t\t\t\t\t\t\t<\/a>\n\t\t\t\t<\/div>\n\t\t\t\t\t\t\t<div class=\"e-link-in-bio__icon is-size-medium\">\n\t\t\t\t\t<a aria-label=\"Email\" class=\"e-link-in-bio__icon-link\" href=\"mailto:corinne.gimenez@lourdes-france.com\">\n\t\t\t\t\t\t<span class=\"e-link-in-bio__icon-svg\">\n\t\t\t\t\t\t\t<i aria-hidden=\"true\" class=\"fas fa-envelope\"><\/i>\t\t\t\t\t\t<\/span>\n\t\t\t\t\t\t\t\t\t\t\t<\/a>\n\t\t\t\t<\/div>\n\t\t\t\t\t<\/div>\n\t\t\n\t\t<div class=\"e-link-in-bio__ctas has-type-button\">\n\t\t\t\t\t\t\t<a target=\"_blank\" rel=\"noopener \" class=\"e-link-in-bio__cta is-type-button has-corners-rounded\" href=\"\">\n\t\t\t\t\t\t\t\t\t\t<span class=\"e-link-in-bio__cta-text\">\n\t\t\t\t\t\t1 avenue Mgr Th\u00e9as \u2013 65 108 Lourdes  France\t\t\t\t\t<\/span>\n\t\t\t\t<\/a>\n\t\t\t\t\t<\/div>\n\t\t\n\t\t\t<\/div>\n\t\t\t<div class=\"e-link-in-bio__bg\">\n\t\t\t\t<div class=\"e-link-in-bio__bg-overlay\"><\/div>\n\t\t\t<\/div>\n\t\t<\/div>\n\t\t\t\t\t\t<\/div>\n\t\t\t\t<\/div>\n\t\t\t\t<div class=\"elementor-element elementor-element-f93520a elementor-view-default elementor-widget elementor-widget-icon\" data-id=\"f93520a\" data-element_type=\"widget\" data-widget_type=\"icon.default\">\n\t\t\t\t<div class=\"elementor-widget-container\">\n\t\t\t\t\t\t\t<div class=\"elementor-icon-wrapper\">\n\t\t\t<div class=\"elementor-icon\">\n\t\t\t<i aria-hidden=\"true\" class=\"fas fa-church\"><\/i>\t\t\t<\/div>\n\t\t<\/div>\n\t\t\t\t\t\t<\/div>\n\t\t\t\t<\/div>\n\t\t\t\t\t<\/div>\n\t\t<\/div>\n\t\t\t\t\t<\/div>\n\t\t<\/section>\n\t\t\t\t<\/div>\n\t\t","protected":false},"excerpt":{"rendered":"<p>Donar, transmitir y legar: un acto de fe en apoyo al Santuario de Lourdes _________________ Desde las apariciones de la Virgen Mar\u00eda a Bernardita en 1858, Lourdes es un lugar de oraci\u00f3n, curaci\u00f3n, esperanza y consuelo para millones de peregrinos. &hellip; <a href=\"https:\/\/www.lourdes-france.org\/es\/transmitir\/patrimonio-legar\/\">Continuar<\/a><\/p>\n","protected":false},"author":7,"featured_media":1028790,"parent":1037124,"menu_order":0,"comment_status":"closed","ping_status":"closed","template":"","meta":{"_acf_changed":false,"footnotes":""},"class_list":["post-1037127","page","type-page","status-publish","has-post-thumbnail","hentry"],"acf":[],"yoast_head":"<!-- This site is optimized with the Yoast SEO plugin v24.7 - https:\/\/yoast.com\/wordpress\/plugins\/seo\/ -->\n<title>Legar, donar, transmitir su patrimonio<\/title>\n<meta name=\"description\" content=\"Realice un acto de fe. Al confiar al Santuario la totalidad o parte de su patrimonio, prolonga su compromiso como creyente.\" \/>\n<meta name=\"robots\" content=\"index, follow, max-snippet:-1, max-image-preview:large, max-video-preview:-1\" \/>\n<link rel=\"canonical\" href=\"https:\/\/www.lourdes-france.org\/es\/transmitir\/patrimonio-legar\/\" \/>\n<meta name=\"twitter:label1\" content=\"Tiempo de lectura\" \/>\n\t<meta name=\"twitter:data1\" content=\"3 minutos\" \/>\n<script type=\"application\/ld+json\" class=\"yoast-schema-graph\">{\"@context\":\"https:\/\/schema.org\",\"@graph\":[{\"@type\":\"WebPage\",\"@id\":\"https:\/\/www.lourdes-france.org\/es\/transmitir\/patrimonio-legar\/\",\"url\":\"https:\/\/www.lourdes-france.org\/es\/transmitir\/patrimonio-legar\/\",\"name\":\"Legar, donar, transmitir su patrimonio\",\"isPartOf\":{\"@id\":\"https:\/\/preprod-lourdes.cawita.com\/#website\"},\"primaryImageOfPage\":{\"@id\":\"https:\/\/www.lourdes-france.org\/es\/transmitir\/patrimonio-legar\/#primaryimage\"},\"image\":{\"@id\":\"https:\/\/www.lourdes-france.org\/es\/transmitir\/patrimonio-legar\/#primaryimage\"},\"thumbnailUrl\":\"https:\/\/www.lourdes-france.org\/wp-content\/uploads\/2025\/07\/Legs-AssVie-Donation-scaled.jpg\",\"datePublished\":\"2025-08-04T10:29:18+00:00\",\"dateModified\":\"2025-09-09T07:06:40+00:00\",\"description\":\"Realice un acto de fe. Al confiar al Santuario la totalidad o parte de su patrimonio, prolonga su compromiso como creyente.\",\"breadcrumb\":{\"@id\":\"https:\/\/www.lourdes-france.org\/es\/transmitir\/patrimonio-legar\/#breadcrumb\"},\"inLanguage\":\"es\",\"potentialAction\":[{\"@type\":\"ReadAction\",\"target\":[\"https:\/\/www.lourdes-france.org\/es\/transmitir\/patrimonio-legar\/\"]}]},{\"@type\":\"ImageObject\",\"inLanguage\":\"es\",\"@id\":\"https:\/\/www.lourdes-france.org\/es\/transmitir\/patrimonio-legar\/#primaryimage\",\"url\":\"https:\/\/www.lourdes-france.org\/wp-content\/uploads\/2025\/07\/Legs-AssVie-Donation-scaled.jpg\",\"contentUrl\":\"https:\/\/www.lourdes-france.org\/wp-content\/uploads\/2025\/07\/Legs-AssVie-Donation-scaled.jpg\",\"width\":2560,\"height\":1707,\"caption\":\"Legs, donations et assurance-vie \u00e0 Lourdes\"},{\"@type\":\"BreadcrumbList\",\"@id\":\"https:\/\/www.lourdes-france.org\/es\/transmitir\/patrimonio-legar\/#breadcrumb\",\"itemListElement\":[{\"@type\":\"ListItem\",\"position\":1,\"name\":\"Accueil\",\"item\":\"https:\/\/www.lourdes-france.org\/\"},{\"@type\":\"ListItem\",\"position\":2,\"name\":\"Legs, donations et assurance-vie\",\"item\":\"https:\/\/www.lourdes-france.org\/es\/transmitir\/\"},{\"@type\":\"ListItem\",\"position\":3,\"name\":\"L\u00e9guer, donner, transmettre : un acte de foi en faveur du Sanctuaire de Lourdes\"}]},{\"@type\":\"WebSite\",\"@id\":\"https:\/\/preprod-lourdes.cawita.com\/#website\",\"url\":\"https:\/\/preprod-lourdes.cawita.com\/\",\"name\":\"Soutenir le Sanctuaire Notre-Dame de Lourdes\",\"description\":\"\",\"potentialAction\":[{\"@type\":\"SearchAction\",\"target\":{\"@type\":\"EntryPoint\",\"urlTemplate\":\"https:\/\/preprod-lourdes.cawita.com\/?s={search_term_string}\"},\"query-input\":{\"@type\":\"PropertyValueSpecification\",\"valueRequired\":true,\"valueName\":\"search_term_string\"}}],\"inLanguage\":\"es\"}]}<\/script>\n<!-- \/ Yoast SEO plugin. -->","yoast_head_json":{"title":"Legar, donar, transmitir su patrimonio","description":"Realice un acto de fe. Al confiar al Santuario la totalidad o parte de su patrimonio, prolonga su compromiso como creyente.","robots":{"index":"index","follow":"follow","max-snippet":"max-snippet:-1","max-image-preview":"max-image-preview:large","max-video-preview":"max-video-preview:-1"},"canonical":"https:\/\/www.lourdes-france.org\/es\/transmitir\/patrimonio-legar\/","twitter_misc":{"Tiempo de lectura":"3 minutos"},"schema":{"@context":"https:\/\/schema.org","@graph":[{"@type":"WebPage","@id":"https:\/\/www.lourdes-france.org\/es\/transmitir\/patrimonio-legar\/","url":"https:\/\/www.lourdes-france.org\/es\/transmitir\/patrimonio-legar\/","name":"Legar, donar, transmitir su patrimonio","isPartOf":{"@id":"https:\/\/preprod-lourdes.cawita.com\/#website"},"primaryImageOfPage":{"@id":"https:\/\/www.lourdes-france.org\/es\/transmitir\/patrimonio-legar\/#primaryimage"},"image":{"@id":"https:\/\/www.lourdes-france.org\/es\/transmitir\/patrimonio-legar\/#primaryimage"},"thumbnailUrl":"https:\/\/www.lourdes-france.org\/wp-content\/uploads\/2025\/07\/Legs-AssVie-Donation-scaled.jpg","datePublished":"2025-08-04T10:29:18+00:00","dateModified":"2025-09-09T07:06:40+00:00","description":"Realice un acto de fe. Al confiar al Santuario la totalidad o parte de su patrimonio, prolonga su compromiso como creyente.","breadcrumb":{"@id":"https:\/\/www.lourdes-france.org\/es\/transmitir\/patrimonio-legar\/#breadcrumb"},"inLanguage":"es","potentialAction":[{"@type":"ReadAction","target":["https:\/\/www.lourdes-france.org\/es\/transmitir\/patrimonio-legar\/"]}]},{"@type":"ImageObject","inLanguage":"es","@id":"https:\/\/www.lourdes-france.org\/es\/transmitir\/patrimonio-legar\/#primaryimage","url":"https:\/\/www.lourdes-france.org\/wp-content\/uploads\/2025\/07\/Legs-AssVie-Donation-scaled.jpg","contentUrl":"https:\/\/www.lourdes-france.org\/wp-content\/uploads\/2025\/07\/Legs-AssVie-Donation-scaled.jpg","width":2560,"height":1707,"caption":"Legs, donations et assurance-vie \u00e0 Lourdes"},{"@type":"BreadcrumbList","@id":"https:\/\/www.lourdes-france.org\/es\/transmitir\/patrimonio-legar\/#breadcrumb","itemListElement":[{"@type":"ListItem","position":1,"name":"Accueil","item":"https:\/\/www.lourdes-france.org\/"},{"@type":"ListItem","position":2,"name":"Legs, donations et assurance-vie","item":"https:\/\/www.lourdes-france.org\/es\/transmitir\/"},{"@type":"ListItem","position":3,"name":"L\u00e9guer, donner, transmettre : un acte de foi en faveur du Sanctuaire de Lourdes"}]},{"@type":"WebSite","@id":"https:\/\/preprod-lourdes.cawita.com\/#website","url":"https:\/\/preprod-lourdes.cawita.com\/","name":"Soutenir le Sanctuaire Notre-Dame de Lourdes","description":"","potentialAction":[{"@type":"SearchAction","target":{"@type":"EntryPoint","urlTemplate":"https:\/\/preprod-lourdes.cawita.com\/?s={search_term_string}"},"query-input":{"@type":"PropertyValueSpecification","valueRequired":true,"valueName":"search_term_string"}}],"inLanguage":"es"}]}},"_links":{"self":[{"href":"https:\/\/www.lourdes-france.org\/es\/wp-json\/wp\/v2\/pages\/1037127","targetHints":{"allow":["GET"]}}],"collection":[{"href":"https:\/\/www.lourdes-france.org\/es\/wp-json\/wp\/v2\/pages"}],"about":[{"href":"https:\/\/www.lourdes-france.org\/es\/wp-json\/wp\/v2\/types\/page"}],"author":[{"embeddable":true,"href":"https:\/\/www.lourdes-france.org\/es\/wp-json\/wp\/v2\/users\/7"}],"replies":[{"embeddable":true,"href":"https:\/\/www.lourdes-france.org\/es\/wp-json\/wp\/v2\/comments?post=1037127"}],"version-history":[{"count":3,"href":"https:\/\/www.lourdes-france.org\/es\/wp-json\/wp\/v2\/pages\/1037127\/revisions"}],"predecessor-version":[{"id":1066096,"href":"https:\/\/www.lourdes-france.org\/es\/wp-json\/wp\/v2\/pages\/1037127\/revisions\/1066096"}],"up":[{"embeddable":true,"href":"https:\/\/www.lourdes-france.org\/es\/wp-json\/wp\/v2\/pages\/1037124"}],"wp:featuredmedia":[{"embeddable":true,"href":"https:\/\/www.lourdes-france.org\/es\/wp-json\/wp\/v2\/media\/1028790"}],"wp:attachment":[{"href":"https:\/\/www.lourdes-france.org\/es\/wp-json\/wp\/v2\/media?parent=1037127"}],"curies":[{"name":"wp","href":"https:\/\/api.w.org\/{rel}","templated":true}]}}