{"id":1037187,"date":"2025-08-13T10:54:00","date_gmt":"2025-08-13T08:54:00","guid":{"rendered":"https:\/\/www.lourdes-france.org\/?page_id=1037187"},"modified":"2025-09-03T15:47:25","modified_gmt":"2025-09-03T13:47:25","slug":"amigos-de-lourdes","status":"publish","type":"page","link":"https:\/\/www.lourdes-france.org\/es\/amigos-de-lourdes\/","title":{"rendered":"Devenir Amis de Lourdes"},"content":{"rendered":"\t\t<div data-elementor-type=\"wp-page\" data-elementor-id=\"1037187\" class=\"elementor elementor-1037187 elementor-1025212\" data-elementor-post-type=\"page\">\n\t\t\t\t\t\t<section class=\"elementor-section elementor-top-section elementor-element elementor-element-6893f6b elementor-section-full_width elementor-section-stretched elementor-section-height-default elementor-section-height-default\" data-id=\"6893f6b\" data-element_type=\"section\" data-settings=\"{&quot;stretch_section&quot;:&quot;section-stretched&quot;,&quot;background_background&quot;:&quot;classic&quot;}\">\n\t\t\t\t\t\t<div class=\"elementor-container elementor-column-gap-default\">\n\t\t\t\t\t<div class=\"elementor-column elementor-col-100 elementor-top-column elementor-element elementor-element-dcf85db\" data-id=\"dcf85db\" data-element_type=\"column\">\n\t\t\t<div class=\"elementor-widget-wrap elementor-element-populated\">\n\t\t\t\t\t\t<div class=\"elementor-element elementor-element-684da66 elementor-widget elementor-widget-spacer\" data-id=\"684da66\" data-element_type=\"widget\" data-widget_type=\"spacer.default\">\n\t\t\t\t<div class=\"elementor-widget-container\">\n\t\t\t\t\t\t\t<div class=\"elementor-spacer\">\n\t\t\t<div class=\"elementor-spacer-inner\"><\/div>\n\t\t<\/div>\n\t\t\t\t\t\t<\/div>\n\t\t\t\t<\/div>\n\t\t\t\t\t<\/div>\n\t\t<\/div>\n\t\t\t\t\t<\/div>\n\t\t<\/section>\n\t\t\t\t<section class=\"elementor-section elementor-top-section elementor-element elementor-element-7b2426a elementor-section-full_width elementor-section-height-default elementor-section-height-default\" data-id=\"7b2426a\" data-element_type=\"section\" data-settings=\"{&quot;background_background&quot;:&quot;classic&quot;}\">\n\t\t\t\t\t\t<div class=\"elementor-container elementor-column-gap-default\">\n\t\t\t\t\t<div class=\"elementor-column elementor-col-100 elementor-top-column elementor-element elementor-element-85961b6\" data-id=\"85961b6\" data-element_type=\"column\">\n\t\t\t<div class=\"elementor-widget-wrap elementor-element-populated\">\n\t\t\t\t\t\t<div class=\"elementor-element elementor-element-45c02e5 elementor-widget elementor-widget-spacer\" data-id=\"45c02e5\" data-element_type=\"widget\" data-widget_type=\"spacer.default\">\n\t\t\t\t<div class=\"elementor-widget-container\">\n\t\t\t\t\t\t\t<div class=\"elementor-spacer\">\n\t\t\t<div class=\"elementor-spacer-inner\"><\/div>\n\t\t<\/div>\n\t\t\t\t\t\t<\/div>\n\t\t\t\t<\/div>\n\t\t\t\t<div class=\"elementor-element elementor-element-9baf952 elementor-widget elementor-widget-heading\" data-id=\"9baf952\" data-element_type=\"widget\" data-widget_type=\"heading.default\">\n\t\t\t\t<div class=\"elementor-widget-container\">\n\t\t\t\t\t<h2 class=\"elementor-heading-title elementor-size-default\">Ser amigo de Lourdes<\/h2>\t\t\t\t<\/div>\n\t\t\t\t<\/div>\n\t\t\t\t<div class=\"elementor-element elementor-element-f1648b4 elementor-widget elementor-widget-heading\" data-id=\"f1648b4\" data-element_type=\"widget\" data-widget_type=\"heading.default\">\n\t\t\t\t<div class=\"elementor-widget-container\">\n\t\t\t\t\t<h2 class=\"elementor-heading-title elementor-size-default\">_________________<\/h2>\t\t\t\t<\/div>\n\t\t\t\t<\/div>\n\t\t\t\t<div class=\"elementor-element elementor-element-4abe8b3 elementor-widget elementor-widget-text-editor\" data-id=\"4abe8b3\" data-element_type=\"widget\" data-widget_type=\"text-editor.default\">\n\t\t\t\t<div class=\"elementor-widget-container\">\n\t\t\t\t\t\t\t\t\t<p lang=\"es-ES\"><span style=\"color: #454545;\"><span style=\"font-family: .SFNS-Regular_wdth_opsz110000_G, serif;\">Los amigos de Lourdes conforman una comunidad de benefactores unidos por la oraci\u00f3n y la fidelidad al <a href=\"https:\/\/www.lourdes-france.com\/es\/el-mensaje-de-lourdes\/\">mensaje de la Virgen Mar\u00eda<\/a>. Su compromiso, tanto espiritual como material, sostiene de manera tangible las misiones del <a href=\"https:\/\/www.lourdes-france.com\/es\/\">Santuario<\/a>. Gracias a sus donaciones regulares, miles de peregrinos, en especial los m\u00e1s vulnerables, pueden ser acogidos cada a\u00f1o.<\/span><\/span><\/p><h2><span style=\"color: #007a9e;\"><span style=\"font-family: .SFNS-Regular_wdth_opsz110000_G, serif;\"><span style=\"font-size: large;\"><span lang=\"es-ES\"><b>\u00bfPor qu\u00e9 formar parte de los amigos de Lourdes?<\/b><\/span><\/span><\/span><\/span><\/h2><p><span style=\"color: #454545;\"><span style=\"font-family: .SFNS-Regular_wdth_opsz110000_G, serif;\"><span lang=\"es-ES\">Unirse a la comunidad de los amigos de Lourdes significa mucho m\u00e1s que realizar una simple donaci\u00f3n: es formar parte de una comunidad espiritual viva, unida por la fe y la oraci\u00f3n.<\/span><\/span><\/span><\/p><h2><span style=\"color: #007a9e;\"><span style=\"font-family: .SFNS-Regular_wdth_opsz110000_G, serif;\"><span lang=\"es-ES\"><b>Proporcionar un apoyo duradero a la misi\u00f3n del Santuario<\/b><\/span><\/span><\/span><\/h2><p><span style=\"color: #454545;\"><span style=\"font-family: .SFNS-Regular_wdth_opsz110000_G, serif;\"><span lang=\"es-ES\">Cada donaci\u00f3n ayuda a mantener vivo este lugar \u00fanico de esperanza y consuelo para millones de peregrinos, especialmente para las personas enfermas, vulnerables, j\u00f3venes y pobres. Al unirse a los amigos de Lourdes, apoya de manera directa las actividades espirituales, pastorales y de acogida del Santuario.<\/span><\/span><\/span><\/p><h2><span style=\"color: #007a9e;\"><span style=\"font-family: .SFNS-Regular_wdth_opsz110000_G, serif;\"><span lang=\"es-ES\"><b>Formar parte de una red de fe y oraci\u00f3n<\/b><\/span><\/span><\/span><\/h2><p lang=\"es-ES\"><span style=\"color: #454545;\"><span style=\"font-family: .SFNS-Regular_wdth_opsz110000_G, serif;\">Los amigos de Lourdes viven una comuni\u00f3n fraterna en torno a la Virgen Mar\u00eda, aunque residan en diferentes lugares del mundo. Cada miembro es acompa\u00f1ado en la oraci\u00f3n diaria en la <a href=\"https:\/\/www.lourdes-france.com\/es\/peregrino-por-un-dia\/la-gruta\/\">Gruta<\/a>, donde los <a href=\"https:\/\/www.lourdes-france.com\/es\/los-capellanes\/\">capellanes<\/a> del Santuario presentan con fidelidad sus intenciones.<\/span><\/span><\/p><h2><span style=\"color: #454545;\"><span style=\"font-family: .SFNS-Regular_wdth_opsz110000_G, serif;\"><span lang=\"es-ES\"><b><span style=\"color: #007a9e;\">Realizar un gesto con sentido<\/span> <\/b><\/span><\/span><\/span><\/h2><p><span style=\"color: #454545;\"><span style=\"font-family: .SFNS-Regular_wdth_opsz110000_G, serif;\"><span lang=\"es-ES\">Formar parte de los amigos de Lourdes permite arraigar la fe en una acci\u00f3n concreta, transformando un v\u00ednculo personal en un compromiso misionero. Este gesto responde al llamado de Mar\u00eda: \u00abQue se venga en procesi\u00f3n\u00bb.<\/span><\/span><\/span><\/p><h2><span style=\"color: #007a9e;\"><span style=\"font-family: .SFNS-Regular_wdth_opsz110000_G, serif;\"><span style=\"font-size: large;\"><span lang=\"es-ES\"><b>Dondequiera que se encuentre\u2026<\/b><\/span><\/span><\/span><\/span><\/h2><ul><li><p><span style=\"color: #454545;\"><span style=\"font-family: .SFNS-Regular_wdth_opsz110000_G, serif;\"><span style=\"font-size: medium;\"><span lang=\"es-ES\">Cada mes, los amigos de Lourdes reciben una <a href=\"https:\/\/mailchi.mp\/lourdes-france\/g2c9bo0xw2\">carta del Santuario<\/a>, traducida a seis idiomas, para mantenerse unidos en la oraci\u00f3n e informados sobre las actualidades de Lourdes.<\/span><\/span><\/span><\/span><\/p><\/li><li><p><span style=\"color: #454545;\"><span style=\"font-family: .SFNS-Regular_wdth_opsz110000_G, serif;\"><span style=\"font-size: medium;\"><span lang=\"es-ES\"><b>Cada d\u00eda 11 del mes, se celebra una misa en la bas\u00edlica de Nuestra Se\u00f1ora del Rosario<\/b><\/span><\/span><\/span><\/span><span style=\"color: #454545;\"><span style=\"font-family: .SFNS-Regular_wdth_opsz110000_G, serif;\"><span style=\"font-size: medium;\"><span lang=\"es-ES\"> por las intenciones de todos los amigos de Lourdes y benefactores del Santuario. Esta misa se retransmite en directo en la p\u00e1gina web del Santuario Lourdes+ y en la aplicaci\u00f3n del Santuario \u00abPrier avec Lourdes\u00bb.<br \/><\/span><\/span><\/span><\/span><\/p><\/li><li><p><span style=\"color: #454545;\"><span style=\"font-family: .SFNS-Regular_wdth_opsz110000_G, serif;\"><span style=\"font-size: medium;\"><span lang=\"es-ES\">En cualquier momento del d\u00eda, los amigos de Lourdes tienen la posibilidad de seguir las celebraciones en directo desde la Gruta, depositar una intenci\u00f3n de oraci\u00f3n o encender una vela en las Capillas de la Luz, todo ello mediante la aplicaci\u00f3n \u00ab<a href=\"https:\/\/www.lourdes-france.com\/es\/lapplicazione-prier-avec-lourdes\/\">Prier avec Lourdes<\/a>\u00bb.<\/span><\/span><\/span><\/span><\/p><\/li><\/ul><p><span style=\"color: #454545;\"><span style=\"font-family: .SFNS-Regular_wdth_opsz110000_G, serif;\"><span lang=\"es-ES\">Unirse a los amigos de Lourdes implica responder de manera fiel y activa al llamado de la Virgen Mar\u00eda. Es asumir un compromiso <\/span><\/span><\/span><span style=\"color: #454545;\"><span style=\"font-family: .SFNS-Regular_wdth_opsz110000_G, serif;\"><span lang=\"es-ES\"><b>espiritual, concreto y fraterno<\/b><\/span><\/span><\/span><span style=\"color: #454545;\"><span style=\"font-family: .SFNS-Regular_wdth_opsz110000_G, serif;\"><span lang=\"es-ES\"> al servicio de un lugar \u00fanico en el mundo.<\/span><\/span><\/span><\/p>\t\t\t\t\t\t\t\t<\/div>\n\t\t\t\t<\/div>\n\t\t\t\t<div class=\"elementor-element elementor-element-440e361 elementor-view-default elementor-widget elementor-widget-icon\" data-id=\"440e361\" data-element_type=\"widget\" data-widget_type=\"icon.default\">\n\t\t\t\t<div class=\"elementor-widget-container\">\n\t\t\t\t\t\t\t<div class=\"elementor-icon-wrapper\">\n\t\t\t<div class=\"elementor-icon\">\n\t\t\t<i aria-hidden=\"true\" class=\"fas fa-church\"><\/i>\t\t\t<\/div>\n\t\t<\/div>\n\t\t\t\t\t\t<\/div>\n\t\t\t\t<\/div>\n\t\t\t\t\t<\/div>\n\t\t<\/div>\n\t\t\t\t\t<\/div>\n\t\t<\/section>\n\t\t\t\t<\/div>\n\t\t","protected":false},"excerpt":{"rendered":"<p>Ser amigo de Lourdes _________________ Los amigos de Lourdes conforman una comunidad de benefactores unidos por la oraci\u00f3n y la fidelidad al mensaje de la Virgen Mar\u00eda. Su compromiso, tanto espiritual como material, sostiene de manera tangible las misiones del &hellip; <a href=\"https:\/\/www.lourdes-france.org\/es\/amigos-de-lourdes\/\">Continuar<\/a><\/p>\n","protected":false},"author":7,"featured_media":1028797,"parent":0,"menu_order":0,"comment_status":"closed","ping_status":"closed","template":"","meta":{"_acf_changed":false,"footnotes":""},"class_list":["post-1037187","page","type-page","status-publish","has-post-thumbnail","hentry"],"acf":[],"yoast_head":"<!-- This site is optimized with the Yoast SEO plugin v24.7 - https:\/\/yoast.com\/wordpress\/plugins\/seo\/ -->\n<title>Hacerse Amigos de Lourdes<\/title>\n<meta name=\"description\" content=\"Los Amigos de Lourdes forman una comunidad de benefactores unidos por la oraci\u00f3n y la fidelidad al mensaje de la Virgen Mar\u00eda. \u00a1\u00danase a ellos!\" \/>\n<meta name=\"robots\" content=\"index, follow, max-snippet:-1, max-image-preview:large, max-video-preview:-1\" \/>\n<link rel=\"canonical\" href=\"https:\/\/www.lourdes-france.org\/es\/amigos-de-lourdes\/\" \/>\n<meta name=\"twitter:label1\" content=\"Tiempo de lectura\" \/>\n\t<meta name=\"twitter:data1\" content=\"3 minutos\" \/>\n<script type=\"application\/ld+json\" class=\"yoast-schema-graph\">{\"@context\":\"https:\/\/schema.org\",\"@graph\":[{\"@type\":\"WebPage\",\"@id\":\"https:\/\/www.lourdes-france.org\/es\/amigos-de-lourdes\/\",\"url\":\"https:\/\/www.lourdes-france.org\/es\/amigos-de-lourdes\/\",\"name\":\"Hacerse Amigos de Lourdes\",\"isPartOf\":{\"@id\":\"https:\/\/preprod-lourdes.cawita.com\/#website\"},\"primaryImageOfPage\":{\"@id\":\"https:\/\/www.lourdes-france.org\/es\/amigos-de-lourdes\/#primaryimage\"},\"image\":{\"@id\":\"https:\/\/www.lourdes-france.org\/es\/amigos-de-lourdes\/#primaryimage\"},\"thumbnailUrl\":\"https:\/\/www.lourdes-france.org\/wp-content\/uploads\/2025\/07\/Amis-de-Lourdes-scaled.jpg\",\"datePublished\":\"2025-08-13T08:54:00+00:00\",\"dateModified\":\"2025-09-03T13:47:25+00:00\",\"description\":\"Los Amigos de Lourdes forman una comunidad de benefactores unidos por la oraci\u00f3n y la fidelidad al mensaje de la Virgen Mar\u00eda. \u00a1\u00danase a ellos!\",\"breadcrumb\":{\"@id\":\"https:\/\/www.lourdes-france.org\/es\/amigos-de-lourdes\/#breadcrumb\"},\"inLanguage\":\"es\",\"potentialAction\":[{\"@type\":\"ReadAction\",\"target\":[\"https:\/\/www.lourdes-france.org\/es\/amigos-de-lourdes\/\"]}]},{\"@type\":\"ImageObject\",\"inLanguage\":\"es\",\"@id\":\"https:\/\/www.lourdes-france.org\/es\/amigos-de-lourdes\/#primaryimage\",\"url\":\"https:\/\/www.lourdes-france.org\/wp-content\/uploads\/2025\/07\/Amis-de-Lourdes-scaled.jpg\",\"contentUrl\":\"https:\/\/www.lourdes-france.org\/wp-content\/uploads\/2025\/07\/Amis-de-Lourdes-scaled.jpg\",\"width\":2560,\"height\":1707,\"caption\":\"Devenir Amis de Lourdes\"},{\"@type\":\"BreadcrumbList\",\"@id\":\"https:\/\/www.lourdes-france.org\/es\/amigos-de-lourdes\/#breadcrumb\",\"itemListElement\":[{\"@type\":\"ListItem\",\"position\":1,\"name\":\"Accueil\",\"item\":\"https:\/\/www.lourdes-france.org\/\"},{\"@type\":\"ListItem\",\"position\":2,\"name\":\"Devenir Amis de Lourdes\"}]},{\"@type\":\"WebSite\",\"@id\":\"https:\/\/preprod-lourdes.cawita.com\/#website\",\"url\":\"https:\/\/preprod-lourdes.cawita.com\/\",\"name\":\"Soutenir le Sanctuaire Notre-Dame de Lourdes\",\"description\":\"\",\"potentialAction\":[{\"@type\":\"SearchAction\",\"target\":{\"@type\":\"EntryPoint\",\"urlTemplate\":\"https:\/\/preprod-lourdes.cawita.com\/?s={search_term_string}\"},\"query-input\":{\"@type\":\"PropertyValueSpecification\",\"valueRequired\":true,\"valueName\":\"search_term_string\"}}],\"inLanguage\":\"es\"}]}<\/script>\n<!-- \/ Yoast SEO plugin. -->","yoast_head_json":{"title":"Hacerse Amigos de Lourdes","description":"Los Amigos de Lourdes forman una comunidad de benefactores unidos por la oraci\u00f3n y la fidelidad al mensaje de la Virgen Mar\u00eda. \u00a1\u00danase a ellos!","robots":{"index":"index","follow":"follow","max-snippet":"max-snippet:-1","max-image-preview":"max-image-preview:large","max-video-preview":"max-video-preview:-1"},"canonical":"https:\/\/www.lourdes-france.org\/es\/amigos-de-lourdes\/","twitter_misc":{"Tiempo de lectura":"3 minutos"},"schema":{"@context":"https:\/\/schema.org","@graph":[{"@type":"WebPage","@id":"https:\/\/www.lourdes-france.org\/es\/amigos-de-lourdes\/","url":"https:\/\/www.lourdes-france.org\/es\/amigos-de-lourdes\/","name":"Hacerse Amigos de Lourdes","isPartOf":{"@id":"https:\/\/preprod-lourdes.cawita.com\/#website"},"primaryImageOfPage":{"@id":"https:\/\/www.lourdes-france.org\/es\/amigos-de-lourdes\/#primaryimage"},"image":{"@id":"https:\/\/www.lourdes-france.org\/es\/amigos-de-lourdes\/#primaryimage"},"thumbnailUrl":"https:\/\/www.lourdes-france.org\/wp-content\/uploads\/2025\/07\/Amis-de-Lourdes-scaled.jpg","datePublished":"2025-08-13T08:54:00+00:00","dateModified":"2025-09-03T13:47:25+00:00","description":"Los Amigos de Lourdes forman una comunidad de benefactores unidos por la oraci\u00f3n y la fidelidad al mensaje de la Virgen Mar\u00eda. \u00a1\u00danase a ellos!","breadcrumb":{"@id":"https:\/\/www.lourdes-france.org\/es\/amigos-de-lourdes\/#breadcrumb"},"inLanguage":"es","potentialAction":[{"@type":"ReadAction","target":["https:\/\/www.lourdes-france.org\/es\/amigos-de-lourdes\/"]}]},{"@type":"ImageObject","inLanguage":"es","@id":"https:\/\/www.lourdes-france.org\/es\/amigos-de-lourdes\/#primaryimage","url":"https:\/\/www.lourdes-france.org\/wp-content\/uploads\/2025\/07\/Amis-de-Lourdes-scaled.jpg","contentUrl":"https:\/\/www.lourdes-france.org\/wp-content\/uploads\/2025\/07\/Amis-de-Lourdes-scaled.jpg","width":2560,"height":1707,"caption":"Devenir Amis de Lourdes"},{"@type":"BreadcrumbList","@id":"https:\/\/www.lourdes-france.org\/es\/amigos-de-lourdes\/#breadcrumb","itemListElement":[{"@type":"ListItem","position":1,"name":"Accueil","item":"https:\/\/www.lourdes-france.org\/"},{"@type":"ListItem","position":2,"name":"Devenir Amis de Lourdes"}]},{"@type":"WebSite","@id":"https:\/\/preprod-lourdes.cawita.com\/#website","url":"https:\/\/preprod-lourdes.cawita.com\/","name":"Soutenir le Sanctuaire Notre-Dame de Lourdes","description":"","potentialAction":[{"@type":"SearchAction","target":{"@type":"EntryPoint","urlTemplate":"https:\/\/preprod-lourdes.cawita.com\/?s={search_term_string}"},"query-input":{"@type":"PropertyValueSpecification","valueRequired":true,"valueName":"search_term_string"}}],"inLanguage":"es"}]}},"_links":{"self":[{"href":"https:\/\/www.lourdes-france.org\/es\/wp-json\/wp\/v2\/pages\/1037187","targetHints":{"allow":["GET"]}}],"collection":[{"href":"https:\/\/www.lourdes-france.org\/es\/wp-json\/wp\/v2\/pages"}],"about":[{"href":"https:\/\/www.lourdes-france.org\/es\/wp-json\/wp\/v2\/types\/page"}],"author":[{"embeddable":true,"href":"https:\/\/www.lourdes-france.org\/es\/wp-json\/wp\/v2\/users\/7"}],"replies":[{"embeddable":true,"href":"https:\/\/www.lourdes-france.org\/es\/wp-json\/wp\/v2\/comments?post=1037187"}],"version-history":[{"count":4,"href":"https:\/\/www.lourdes-france.org\/es\/wp-json\/wp\/v2\/pages\/1037187\/revisions"}],"predecessor-version":[{"id":1064185,"href":"https:\/\/www.lourdes-france.org\/es\/wp-json\/wp\/v2\/pages\/1037187\/revisions\/1064185"}],"wp:featuredmedia":[{"embeddable":true,"href":"https:\/\/www.lourdes-france.org\/es\/wp-json\/wp\/v2\/media\/1028797"}],"wp:attachment":[{"href":"https:\/\/www.lourdes-france.org\/es\/wp-json\/wp\/v2\/media?parent=1037187"}],"curies":[{"name":"wp","href":"https:\/\/api.w.org\/{rel}","templated":true}]}}