{"id":1037196,"date":"2025-08-04T14:25:20","date_gmt":"2025-08-04T12:25:20","guid":{"rendered":"https:\/\/www.lourdes-france.org\/?page_id=1037196"},"modified":"2025-09-03T16:03:44","modified_gmt":"2025-09-03T14:03:44","slug":"servicio-de-donantes","status":"publish","type":"page","link":"https:\/\/www.lourdes-france.org\/es\/servicio-de-donantes\/","title":{"rendered":"Le service des donateurs : une \u00e9coute au service de la foi et du don"},"content":{"rendered":"\t\t<div data-elementor-type=\"wp-page\" data-elementor-id=\"1037196\" class=\"elementor elementor-1037196 elementor-1025216\" data-elementor-post-type=\"page\">\n\t\t\t\t\t\t<section class=\"elementor-section elementor-top-section elementor-element elementor-element-ecb4f6d elementor-section-full_width elementor-section-stretched elementor-section-height-default elementor-section-height-default\" data-id=\"ecb4f6d\" data-element_type=\"section\" data-settings=\"{&quot;stretch_section&quot;:&quot;section-stretched&quot;,&quot;background_background&quot;:&quot;classic&quot;}\">\n\t\t\t\t\t\t<div class=\"elementor-container elementor-column-gap-default\">\n\t\t\t\t\t<div class=\"elementor-column elementor-col-100 elementor-top-column elementor-element elementor-element-fe444c1\" data-id=\"fe444c1\" data-element_type=\"column\">\n\t\t\t<div class=\"elementor-widget-wrap elementor-element-populated\">\n\t\t\t\t\t\t<div class=\"elementor-element elementor-element-9bda83f elementor-widget elementor-widget-spacer\" data-id=\"9bda83f\" data-element_type=\"widget\" data-widget_type=\"spacer.default\">\n\t\t\t\t<div class=\"elementor-widget-container\">\n\t\t\t\t\t\t\t<div class=\"elementor-spacer\">\n\t\t\t<div class=\"elementor-spacer-inner\"><\/div>\n\t\t<\/div>\n\t\t\t\t\t\t<\/div>\n\t\t\t\t<\/div>\n\t\t\t\t\t<\/div>\n\t\t<\/div>\n\t\t\t\t\t<\/div>\n\t\t<\/section>\n\t\t\t\t<section class=\"elementor-section elementor-top-section elementor-element elementor-element-a6c20f1 elementor-section-full_width elementor-section-height-default elementor-section-height-default\" data-id=\"a6c20f1\" data-element_type=\"section\" data-settings=\"{&quot;background_background&quot;:&quot;classic&quot;}\">\n\t\t\t\t\t\t<div class=\"elementor-container elementor-column-gap-default\">\n\t\t\t\t\t<div class=\"elementor-column elementor-col-100 elementor-top-column elementor-element elementor-element-6334bcf\" data-id=\"6334bcf\" data-element_type=\"column\">\n\t\t\t<div class=\"elementor-widget-wrap elementor-element-populated\">\n\t\t\t\t\t\t<div class=\"elementor-element elementor-element-748ed7f elementor-widget elementor-widget-spacer\" data-id=\"748ed7f\" data-element_type=\"widget\" data-widget_type=\"spacer.default\">\n\t\t\t\t<div class=\"elementor-widget-container\">\n\t\t\t\t\t\t\t<div class=\"elementor-spacer\">\n\t\t\t<div class=\"elementor-spacer-inner\"><\/div>\n\t\t<\/div>\n\t\t\t\t\t\t<\/div>\n\t\t\t\t<\/div>\n\t\t\t\t<div class=\"elementor-element elementor-element-8cace83 elementor-widget elementor-widget-heading\" data-id=\"8cace83\" data-element_type=\"widget\" data-widget_type=\"heading.default\">\n\t\t\t\t<div class=\"elementor-widget-container\">\n\t\t\t\t\t<h2 class=\"elementor-heading-title elementor-size-default\">Servicio de Donantes: una escucha al servicio de la fe y la generosidad<\/h2>\t\t\t\t<\/div>\n\t\t\t\t<\/div>\n\t\t\t\t<div class=\"elementor-element elementor-element-d368f11 elementor-widget elementor-widget-heading\" data-id=\"d368f11\" data-element_type=\"widget\" data-widget_type=\"heading.default\">\n\t\t\t\t<div class=\"elementor-widget-container\">\n\t\t\t\t\t<h2 class=\"elementor-heading-title elementor-size-default\">_________________<\/h2>\t\t\t\t<\/div>\n\t\t\t\t<\/div>\n\t\t\t\t<div class=\"elementor-element elementor-element-332e4da elementor-widget elementor-widget-image\" data-id=\"332e4da\" data-element_type=\"widget\" data-widget_type=\"image.default\">\n\t\t\t\t<div class=\"elementor-widget-container\">\n\t\t\t\t\t\t\t\t\t\t\t\t\t\t\t<img fetchpriority=\"high\" decoding=\"async\" width=\"1024\" height=\"683\" src=\"https:\/\/www.lourdes-france.org\/wp-content\/uploads\/2025\/07\/21_service-donateur-01-1024x683.jpg\" class=\"attachment-large size-large wp-image-1028869\" alt=\"Service des donateurs Corrine et Cathy\" srcset=\"https:\/\/www.lourdes-france.org\/wp-content\/uploads\/2025\/07\/21_service-donateur-01-1024x683.jpg 1024w, https:\/\/www.lourdes-france.org\/wp-content\/uploads\/2025\/07\/21_service-donateur-01-300x200.jpg 300w, https:\/\/www.lourdes-france.org\/wp-content\/uploads\/2025\/07\/21_service-donateur-01-768x512.jpg 768w, https:\/\/www.lourdes-france.org\/wp-content\/uploads\/2025\/07\/21_service-donateur-01-1536x1024.jpg 1536w, https:\/\/www.lourdes-france.org\/wp-content\/uploads\/2025\/07\/21_service-donateur-01-2048x1365.jpg 2048w\" sizes=\"(max-width: 1024px) 100vw, 1024px\" \/>\t\t\t\t\t\t\t\t\t\t\t\t\t\t\t<\/div>\n\t\t\t\t<\/div>\n\t\t\t\t<div class=\"elementor-element elementor-element-abf7d28 elementor-widget elementor-widget-text-editor\" data-id=\"abf7d28\" data-element_type=\"widget\" data-widget_type=\"text-editor.default\">\n\t\t\t\t<div class=\"elementor-widget-container\">\n\t\t\t\t\t\t\t\t\t<p><span style=\"color: #454545;\"><span style=\"font-family: .SFNS-Regular_wdth_opsz110000_G, serif;\"><span lang=\"es-ES\">En el <a href=\"https:\/\/www.lourdes-france.com\/es\/\">Santuario de Nuestra Se\u00f1ora de Lourdes<\/a>, cada donaci\u00f3n recibida es mucho m\u00e1s que una ayuda material: es un acto de confianza, una oraci\u00f3n hecha gesto, un v\u00ednculo vivo entre un coraz\u00f3n generoso y este lugar bendito donde la Virgen Mar\u00eda contin\u00faa llegando a tantas almas.<\/span><\/span><\/span><\/p><p><span style=\"color: #454545;\"><span style=\"font-family: .SFNS-Regular_wdth_opsz110000_G, serif;\"><span lang=\"es-ES\">El Servicio de Donantes est\u00e1 a su disposici\u00f3n para <\/span><\/span><\/span><span style=\"color: #454545;\"><span style=\"font-family: .SFNS-Regular_wdth_opsz110000_G, serif;\"><span lang=\"es-ES\"><b>acompa\u00f1ar con equidad<\/b><\/span><\/span><\/span><span style=\"color: #454545;\"><span style=\"font-family: .SFNS-Regular_wdth_opsz110000_G, serif;\"><span lang=\"es-ES\"> a quienes deciden apoyar la misi\u00f3n del Santuario. Esta misi\u00f3n es doble: <\/span><\/span><\/span><span style=\"color: #454545;\"><span style=\"font-family: .SFNS-Regular_wdth_opsz110000_G, serif;\"><span lang=\"es-ES\"><b>acoger a las personas <a href=\"https:\/\/www.lourdes-france.org\/?page_id=1033085&amp;preview=true\">m\u00e1s vulnerables<\/a> en un lugar de paz y hacer que la gracia de Lourdes se viva d\u00eda tras d\u00eda<\/b><\/span><\/span><\/span><span style=\"color: #454545;\"><span style=\"font-family: .SFNS-Regular_wdth_opsz110000_G, serif;\"><span lang=\"es-ES\">, all\u00ed donde el sufrimiento es escuchado, compartido y santificado.<\/span><\/span><\/span><\/p><h2><span style=\"color: #454545;\"><span style=\"font-family: .SFNS-Regular_wdth_opsz110000_G, serif;\"><span style=\"font-size: large;\"><span lang=\"es-ES\"><b><span style=\"color: #007a9e;\">Una presencia discreta, fiel y humana<\/span> <\/b><\/span><\/span><\/span><\/span><\/h2><ul><li><p><span style=\"color: #454545;\"><span style=\"font-family: .SFNS-Regular_wdth_opsz110000_G, serif;\"><span lang=\"es-ES\">A lo largo del a\u00f1o, muchos fieles se ponen en contacto con nosotros por diversos motivos:<\/span><\/span><\/span><\/p><\/li><li><p><span style=\"color: #454545;\"><span style=\"font-family: .SFNS-Regular_wdth_opsz110000_G, serif;\"><span style=\"font-size: medium;\"><span lang=\"es-ES\">Desean modificar el importe de su donaci\u00f3n peri\u00f3dica.<\/span><\/span><\/span><\/span><\/p><\/li><li><p lang=\"es-ES\"><span style=\"color: #454545;\"><span style=\"font-family: .SFNS-Regular_wdth_opsz110000_G, serif;\"><span style=\"font-size: medium;\">Quieren actualizar su direcci\u00f3n.<\/span><\/span><\/span><\/p><\/li><li><p lang=\"es-ES\"><span style=\"color: #454545;\"><span style=\"font-family: .SFNS-Regular_wdth_opsz110000_G, serif;\"><span style=\"font-size: medium;\">Nos conf\u00edan la memoria de un ser querido.<\/span><\/span><\/span><\/p><\/li><li><p lang=\"es-ES\"><span style=\"color: #454545;\"><span style=\"font-family: .SFNS-Regular_wdth_opsz110000_G, serif;\"><span style=\"font-size: medium;\">Buscan orientaci\u00f3n para destinar su donaci\u00f3n u ofrenda a una intenci\u00f3n concreta (acogida de personas enfermas, restauraci\u00f3n del Santuario, intenciones de misa, encendido de una vela, etc.).<\/span><\/span><\/span><\/p><\/li><\/ul><p><span style=\"color: #454545;\"><span style=\"font-family: .SFNS-Regular_wdth_opsz110000_G, serif;\"><span lang=\"es-ES\"><b>Detr\u00e1s de cada gesto, hay una historia<\/b><\/span><\/span><\/span><span style=\"color: #454545;\"><span style=\"font-family: .SFNS-Regular_wdth_opsz110000_G, serif;\"><span lang=\"es-ES\">. La de una familia marcada por una gracia de curaci\u00f3n. La de un antiguo hospitalario, ya demasiado mayor para servir, pero que sigue \u00abportando\u00bb a las personas enfermas a trav\u00e9s de su donaci\u00f3n. La de alguien que, en su soledad, encuentra en Lourdes una presencia invisible, pero profundamente viva.<\/span><\/span><\/span><\/p><h2><span style=\"color: #007a9e;\"><span style=\"font-family: .SFNS-Regular_wdth_opsz110000_G, serif;\"><span style=\"font-size: large;\"><span lang=\"es-ES\"><b>El seguimiento de las donaciones, una responsabilidad espiritual<\/b><\/span><\/span><\/span><\/span><\/h2><p><span style=\"color: #454545;\"><span style=\"font-family: .SFNS-Regular_wdth_opsz110000_G, serif;\"><span lang=\"es-ES\">Cada donaci\u00f3n se recibe con respeto, gratitud y total <a href=\"https:\/\/www.lourdes-france.org\/es\/?page_id=1033633&amp;preview=true\">confidencialidad<\/a>. Se registra con precisi\u00f3n, se transmite con fidelidad y se asigna seg\u00fan la voluntad del donante. Colaboramos con personas de confianza para asegurar una gesti\u00f3n conforme a las expectativas de quienes deciden confiar parte de sus bienes al Santuario de Lourdes.<\/span><\/span><\/span><\/p><h2><span style=\"color: #454545;\"><span style=\"font-family: .SFNS-Regular_wdth_opsz110000_G, serif;\"><span style=\"font-size: large;\"><span lang=\"es-ES\"><b><span style=\"color: #007a9e;\">Donar es otra manera de rezar<\/span> <\/b><\/span><\/span><\/span><\/span><\/h2><p><span style=\"color: #454545;\"><span style=\"font-family: .SFNS-Regular_wdth_opsz110000_G, serif;\"><span lang=\"es-ES\">Muchos de nuestros <a href=\"https:\/\/www.lourdes-france.org\/es\/?page_id=1037187&amp;preview=true\">benefactores<\/a> nos conf\u00edan que ya no pueden venir hasta aqu\u00ed en peregrinaci\u00f3n, pero que, para ellos, donar significa dar un paso m\u00e1s hacia la <a href=\"https:\/\/www.lourdes-france.com\/es\/peregrino-por-un-dia\/la-gruta\/\">Gruta<\/a>.<\/span><\/span><\/span><\/p><p lang=\"es-ES\"><span style=\"color: #454545;\"><span style=\"font-family: .SFNS-Regular_wdth_opsz110000_G, serif;\">Otros desean prolongar su compromiso de una vida de fe, de un camino espiritual iniciado en Lourdes, y que la enfermedad, la edad o la distancia les impiden continuar de otro modo. Cada donaci\u00f3n es una luz encendida en la <a href=\"https:\/\/www.lourdes-france.com\/es\/peregrino-por-un-dia\/la-gruta\/\">Gruta<\/a>, un signo de comuni\u00f3n.<\/span><\/span><\/p><p><span style=\"color: #454545;\"><span style=\"font-family: .SFNS-Regular_wdth_opsz110000_G, serif;\"><span lang=\"es-ES\"><i>\u00abLo que siempre me conmueve es la profunda fidelidad de los donantes. Algunos conocieron Lourdes en su infancia, mientras que otros acompa\u00f1aron hasta all\u00ed a un ser querido que sufr\u00eda. Para muchos, este gesto es un acto de amor hacia Mar\u00eda y los m\u00e1s peque\u00f1os\u00bb.<br \/><\/i>\u2014 Testimonio de Corinne, responsable de las Relaciones con Donantes en el Santuario.<\/span><\/span><\/span><\/p><p><span style=\"color: #454545;\"><span style=\"font-family: .SFNS-Regular_wdth_opsz110000_G, serif;\"><span style=\"font-size: large;\"><span lang=\"es-ES\"><b>Para cualquier consulta, modificaci\u00f3n o intenci\u00f3n particular:<br \/><\/b><\/span><\/span><\/span><\/span><span style=\"color: #454545;\"><span style=\"font-family: .SFNS-Regular_wdth_opsz110000_G, serif;\"><span lang=\"es-ES\"><b>Servicio de Relaciones con Donantes \u2013 Santuario de Nuestra Se\u00f1ora de Lourdes<br \/><\/b><\/span><\/span><\/span><span style=\"color: #454545;\"><span style=\"font-family: .SFNS-Regular_wdth_opsz110000_G, serif;\">Tel. <a href=\"http:\/\/+33 5 62 42 82 82\" data-wplink-url-error=\"true\">+33 5 62 42 82 82<\/a><br \/><\/span><\/span><span style=\"color: #007a9e;\"><a href=\"mailto:donateur@lourdes-france.com\">donateur@lourdes-france.com<\/a><br \/><\/span><span style=\"color: #454545;\"><span style=\"font-family: .SFNS-Regular_wdth_opsz110000_G, serif;\">1 avenue Mgr Th\u00e9as \u2013 65108 Lourdes Cedex \u2013 Francia <\/span><\/span><\/p>\t\t\t\t\t\t\t\t<\/div>\n\t\t\t\t<\/div>\n\t\t\t\t<div class=\"elementor-element elementor-element-dbb5d56 elementor-view-default elementor-widget elementor-widget-icon\" data-id=\"dbb5d56\" data-element_type=\"widget\" data-widget_type=\"icon.default\">\n\t\t\t\t<div class=\"elementor-widget-container\">\n\t\t\t\t\t\t\t<div class=\"elementor-icon-wrapper\">\n\t\t\t<div class=\"elementor-icon\">\n\t\t\t<i aria-hidden=\"true\" class=\"fas fa-church\"><\/i>\t\t\t<\/div>\n\t\t<\/div>\n\t\t\t\t\t\t<\/div>\n\t\t\t\t<\/div>\n\t\t\t\t\t<\/div>\n\t\t<\/div>\n\t\t\t\t\t<\/div>\n\t\t<\/section>\n\t\t\t\t<\/div>\n\t\t","protected":false},"excerpt":{"rendered":"<p>Servicio de Donantes: una escucha al servicio de la fe y la generosidad _________________ En el Santuario de Nuestra Se\u00f1ora de Lourdes, cada donaci\u00f3n recibida es mucho m\u00e1s que una ayuda material: es un acto de confianza, una oraci\u00f3n hecha &hellip; <a href=\"https:\/\/www.lourdes-france.org\/es\/servicio-de-donantes\/\">Continuar<\/a><\/p>\n","protected":false},"author":7,"featured_media":0,"parent":0,"menu_order":0,"comment_status":"closed","ping_status":"closed","template":"","meta":{"_acf_changed":false,"footnotes":""},"class_list":["post-1037196","page","type-page","status-publish","hentry"],"acf":[],"yoast_head":"<!-- This site is optimized with the Yoast SEO plugin v24.7 - https:\/\/yoast.com\/wordpress\/plugins\/seo\/ -->\n<title>El servicio de donantes: a la escucha al servicio de la fe y de la donaci\u00f3n<\/title>\n<meta name=\"description\" content=\"El servicio de donantes acompa\u00f1a a aquellas personas que deciden apoyar la misi\u00f3n del Santuario mediante una donaci\u00f3n.\" \/>\n<meta name=\"robots\" content=\"index, follow, max-snippet:-1, max-image-preview:large, max-video-preview:-1\" \/>\n<link rel=\"canonical\" href=\"https:\/\/www.lourdes-france.org\/es\/servicio-de-donantes\/\" \/>\n<meta name=\"twitter:label1\" content=\"Tiempo de lectura\" \/>\n\t<meta name=\"twitter:data1\" content=\"3 minutos\" \/>\n<script type=\"application\/ld+json\" class=\"yoast-schema-graph\">{\"@context\":\"https:\/\/schema.org\",\"@graph\":[{\"@type\":\"WebPage\",\"@id\":\"https:\/\/www.lourdes-france.org\/es\/servicio-de-donantes\/\",\"url\":\"https:\/\/www.lourdes-france.org\/es\/servicio-de-donantes\/\",\"name\":\"El servicio de donantes: a la escucha al servicio de la fe y de la donaci\u00f3n\",\"isPartOf\":{\"@id\":\"https:\/\/preprod-lourdes.cawita.com\/#website\"},\"primaryImageOfPage\":{\"@id\":\"https:\/\/www.lourdes-france.org\/es\/servicio-de-donantes\/#primaryimage\"},\"image\":{\"@id\":\"https:\/\/www.lourdes-france.org\/es\/servicio-de-donantes\/#primaryimage\"},\"thumbnailUrl\":\"https:\/\/www.lourdes-france.org\/wp-content\/uploads\/2025\/07\/21_service-donateur-01-1024x683.jpg\",\"datePublished\":\"2025-08-04T12:25:20+00:00\",\"dateModified\":\"2025-09-03T14:03:44+00:00\",\"description\":\"El servicio de donantes acompa\u00f1a a aquellas personas que deciden apoyar la misi\u00f3n del Santuario mediante una donaci\u00f3n.\",\"breadcrumb\":{\"@id\":\"https:\/\/www.lourdes-france.org\/es\/servicio-de-donantes\/#breadcrumb\"},\"inLanguage\":\"es\",\"potentialAction\":[{\"@type\":\"ReadAction\",\"target\":[\"https:\/\/www.lourdes-france.org\/es\/servicio-de-donantes\/\"]}]},{\"@type\":\"ImageObject\",\"inLanguage\":\"es\",\"@id\":\"https:\/\/www.lourdes-france.org\/es\/servicio-de-donantes\/#primaryimage\",\"url\":\"https:\/\/www.lourdes-france.org\/wp-content\/uploads\/2025\/07\/21_service-donateur-01-1024x683.jpg\",\"contentUrl\":\"https:\/\/www.lourdes-france.org\/wp-content\/uploads\/2025\/07\/21_service-donateur-01-1024x683.jpg\"},{\"@type\":\"BreadcrumbList\",\"@id\":\"https:\/\/www.lourdes-france.org\/es\/servicio-de-donantes\/#breadcrumb\",\"itemListElement\":[{\"@type\":\"ListItem\",\"position\":1,\"name\":\"Accueil\",\"item\":\"https:\/\/www.lourdes-france.org\/\"},{\"@type\":\"ListItem\",\"position\":2,\"name\":\"Le service des donateurs : une \u00e9coute au service de la foi et du don\"}]},{\"@type\":\"WebSite\",\"@id\":\"https:\/\/preprod-lourdes.cawita.com\/#website\",\"url\":\"https:\/\/preprod-lourdes.cawita.com\/\",\"name\":\"Soutenir le Sanctuaire Notre-Dame de Lourdes\",\"description\":\"\",\"potentialAction\":[{\"@type\":\"SearchAction\",\"target\":{\"@type\":\"EntryPoint\",\"urlTemplate\":\"https:\/\/preprod-lourdes.cawita.com\/?s={search_term_string}\"},\"query-input\":{\"@type\":\"PropertyValueSpecification\",\"valueRequired\":true,\"valueName\":\"search_term_string\"}}],\"inLanguage\":\"es\"}]}<\/script>\n<!-- \/ Yoast SEO plugin. -->","yoast_head_json":{"title":"El servicio de donantes: a la escucha al servicio de la fe y de la donaci\u00f3n","description":"El servicio de donantes acompa\u00f1a a aquellas personas que deciden apoyar la misi\u00f3n del Santuario mediante una donaci\u00f3n.","robots":{"index":"index","follow":"follow","max-snippet":"max-snippet:-1","max-image-preview":"max-image-preview:large","max-video-preview":"max-video-preview:-1"},"canonical":"https:\/\/www.lourdes-france.org\/es\/servicio-de-donantes\/","twitter_misc":{"Tiempo de lectura":"3 minutos"},"schema":{"@context":"https:\/\/schema.org","@graph":[{"@type":"WebPage","@id":"https:\/\/www.lourdes-france.org\/es\/servicio-de-donantes\/","url":"https:\/\/www.lourdes-france.org\/es\/servicio-de-donantes\/","name":"El servicio de donantes: a la escucha al servicio de la fe y de la donaci\u00f3n","isPartOf":{"@id":"https:\/\/preprod-lourdes.cawita.com\/#website"},"primaryImageOfPage":{"@id":"https:\/\/www.lourdes-france.org\/es\/servicio-de-donantes\/#primaryimage"},"image":{"@id":"https:\/\/www.lourdes-france.org\/es\/servicio-de-donantes\/#primaryimage"},"thumbnailUrl":"https:\/\/www.lourdes-france.org\/wp-content\/uploads\/2025\/07\/21_service-donateur-01-1024x683.jpg","datePublished":"2025-08-04T12:25:20+00:00","dateModified":"2025-09-03T14:03:44+00:00","description":"El servicio de donantes acompa\u00f1a a aquellas personas que deciden apoyar la misi\u00f3n del Santuario mediante una donaci\u00f3n.","breadcrumb":{"@id":"https:\/\/www.lourdes-france.org\/es\/servicio-de-donantes\/#breadcrumb"},"inLanguage":"es","potentialAction":[{"@type":"ReadAction","target":["https:\/\/www.lourdes-france.org\/es\/servicio-de-donantes\/"]}]},{"@type":"ImageObject","inLanguage":"es","@id":"https:\/\/www.lourdes-france.org\/es\/servicio-de-donantes\/#primaryimage","url":"https:\/\/www.lourdes-france.org\/wp-content\/uploads\/2025\/07\/21_service-donateur-01-1024x683.jpg","contentUrl":"https:\/\/www.lourdes-france.org\/wp-content\/uploads\/2025\/07\/21_service-donateur-01-1024x683.jpg"},{"@type":"BreadcrumbList","@id":"https:\/\/www.lourdes-france.org\/es\/servicio-de-donantes\/#breadcrumb","itemListElement":[{"@type":"ListItem","position":1,"name":"Accueil","item":"https:\/\/www.lourdes-france.org\/"},{"@type":"ListItem","position":2,"name":"Le service des donateurs : une \u00e9coute au service de la foi et du don"}]},{"@type":"WebSite","@id":"https:\/\/preprod-lourdes.cawita.com\/#website","url":"https:\/\/preprod-lourdes.cawita.com\/","name":"Soutenir le Sanctuaire Notre-Dame de Lourdes","description":"","potentialAction":[{"@type":"SearchAction","target":{"@type":"EntryPoint","urlTemplate":"https:\/\/preprod-lourdes.cawita.com\/?s={search_term_string}"},"query-input":{"@type":"PropertyValueSpecification","valueRequired":true,"valueName":"search_term_string"}}],"inLanguage":"es"}]}},"_links":{"self":[{"href":"https:\/\/www.lourdes-france.org\/es\/wp-json\/wp\/v2\/pages\/1037196","targetHints":{"allow":["GET"]}}],"collection":[{"href":"https:\/\/www.lourdes-france.org\/es\/wp-json\/wp\/v2\/pages"}],"about":[{"href":"https:\/\/www.lourdes-france.org\/es\/wp-json\/wp\/v2\/types\/page"}],"author":[{"embeddable":true,"href":"https:\/\/www.lourdes-france.org\/es\/wp-json\/wp\/v2\/users\/7"}],"replies":[{"embeddable":true,"href":"https:\/\/www.lourdes-france.org\/es\/wp-json\/wp\/v2\/comments?post=1037196"}],"version-history":[{"count":3,"href":"https:\/\/www.lourdes-france.org\/es\/wp-json\/wp\/v2\/pages\/1037196\/revisions"}],"predecessor-version":[{"id":1064211,"href":"https:\/\/www.lourdes-france.org\/es\/wp-json\/wp\/v2\/pages\/1037196\/revisions\/1064211"}],"wp:attachment":[{"href":"https:\/\/www.lourdes-france.org\/es\/wp-json\/wp\/v2\/media?parent=1037196"}],"curies":[{"name":"wp","href":"https:\/\/api.w.org\/{rel}","templated":true}]}}