{"id":1037225,"date":"2025-08-04T13:10:26","date_gmt":"2025-08-04T11:10:26","guid":{"rendered":"https:\/\/www.lourdes-france.org\/?page_id=1037225"},"modified":"2025-09-16T13:46:16","modified_gmt":"2025-09-16T11:46:16","slug":"6-razones-para-legar","status":"publish","type":"page","link":"https:\/\/www.lourdes-france.org\/es\/6-razones-para-legar\/","title":{"rendered":"L\u00e9guer en toute confiance : les 8 raisons de choisir le Sanctuaire de Lourdes"},"content":{"rendered":"\t\t<div data-elementor-type=\"wp-page\" data-elementor-id=\"1037225\" class=\"elementor elementor-1037225 elementor-1028438\" data-elementor-post-type=\"page\">\n\t\t\t\t\t\t<section class=\"elementor-section elementor-top-section elementor-element elementor-element-0ffb0fa elementor-section-full_width elementor-section-stretched elementor-section-height-default elementor-section-height-default\" data-id=\"0ffb0fa\" data-element_type=\"section\" data-settings=\"{&quot;stretch_section&quot;:&quot;section-stretched&quot;,&quot;background_background&quot;:&quot;classic&quot;}\">\n\t\t\t\t\t\t<div class=\"elementor-container elementor-column-gap-default\">\n\t\t\t\t\t<div class=\"elementor-column elementor-col-100 elementor-top-column elementor-element elementor-element-7e77cb3\" data-id=\"7e77cb3\" data-element_type=\"column\">\n\t\t\t<div class=\"elementor-widget-wrap elementor-element-populated\">\n\t\t\t\t\t\t<div class=\"elementor-element elementor-element-9a8dd2a elementor-widget elementor-widget-spacer\" data-id=\"9a8dd2a\" data-element_type=\"widget\" data-widget_type=\"spacer.default\">\n\t\t\t\t<div class=\"elementor-widget-container\">\n\t\t\t\t\t\t\t<div class=\"elementor-spacer\">\n\t\t\t<div class=\"elementor-spacer-inner\"><\/div>\n\t\t<\/div>\n\t\t\t\t\t\t<\/div>\n\t\t\t\t<\/div>\n\t\t\t\t\t<\/div>\n\t\t<\/div>\n\t\t\t\t\t<\/div>\n\t\t<\/section>\n\t\t\t\t<section class=\"elementor-section elementor-top-section elementor-element elementor-element-fd1455c elementor-section-full_width elementor-section-height-default elementor-section-height-default\" data-id=\"fd1455c\" data-element_type=\"section\" data-settings=\"{&quot;background_background&quot;:&quot;classic&quot;}\">\n\t\t\t\t\t\t<div class=\"elementor-container elementor-column-gap-default\">\n\t\t\t\t\t<div class=\"elementor-column elementor-col-100 elementor-top-column elementor-element elementor-element-a1f8ce7\" data-id=\"a1f8ce7\" data-element_type=\"column\">\n\t\t\t<div class=\"elementor-widget-wrap elementor-element-populated\">\n\t\t\t\t\t\t<div class=\"elementor-element elementor-element-7903275 elementor-widget elementor-widget-spacer\" data-id=\"7903275\" data-element_type=\"widget\" data-widget_type=\"spacer.default\">\n\t\t\t\t<div class=\"elementor-widget-container\">\n\t\t\t\t\t\t\t<div class=\"elementor-spacer\">\n\t\t\t<div class=\"elementor-spacer-inner\"><\/div>\n\t\t<\/div>\n\t\t\t\t\t\t<\/div>\n\t\t\t\t<\/div>\n\t\t\t\t<div class=\"elementor-element elementor-element-94fea9d elementor-widget elementor-widget-heading\" data-id=\"94fea9d\" data-element_type=\"widget\" data-widget_type=\"heading.default\">\n\t\t\t\t<div class=\"elementor-widget-container\">\n\t\t\t\t\t<h2 class=\"elementor-heading-title elementor-size-default\">Legar con total confianza:\n6 razones para elegir al Santuario de Lourdes<\/h2>\t\t\t\t<\/div>\n\t\t\t\t<\/div>\n\t\t\t\t<div class=\"elementor-element elementor-element-44f4091 elementor-widget elementor-widget-heading\" data-id=\"44f4091\" data-element_type=\"widget\" data-widget_type=\"heading.default\">\n\t\t\t\t<div class=\"elementor-widget-container\">\n\t\t\t\t\t<h2 class=\"elementor-heading-title elementor-size-default\">_________________<\/h2>\t\t\t\t<\/div>\n\t\t\t\t<\/div>\n\t\t\t\t<div class=\"elementor-element elementor-element-e0ae819 elementor-widget elementor-widget-text-editor\" data-id=\"e0ae819\" data-element_type=\"widget\" data-widget_type=\"text-editor.default\">\n\t\t\t\t<div class=\"elementor-widget-container\">\n\t\t\t\t\t\t\t\t\t<p><span style=\"color: #454545;\"><span style=\"font-family: .SFNS-Regular_wdth_opsz110000_G, serif;\"><span lang=\"es-ES\"><b>Transmitir un patrimonio de fe y esperanza: <\/b><\/span><\/span><\/span><span style=\"color: #454545;\"><span style=\"font-family: .SFNS-Regular_wdth_opsz110000_G, serif;\"><span lang=\"es-ES\">el Santuario de Nuestra Se\u00f1ora de Lourdes le garantiza un acompa\u00f1amiento personalizado y una gesti\u00f3n rigurosa de su legado. Para honrar su generosidad, nos comprometemos a respetar seis principios esenciales.<br \/><\/span><\/span><\/span><\/p><h2><span style=\"color: #454545;\"><span style=\"font-family: .SFNS-Regular_wdth_opsz110000_G, serif;\"><span lang=\"es-ES\"><b><span style=\"color: #007a9e;\">RAZ\u00d3N N.\u00ba 1. Una causa destinada al coraz\u00f3n de Lourdes<\/span> <\/b><\/span><\/span><\/span><\/h2><p><span style=\"color: #454545;\"><span style=\"font-family: .SFNS-Regular_wdth_opsz110000_G, serif;\"><span lang=\"es-ES\">El Santuario de Lourdes destina cada donaci\u00f3n a la acogida de personas enfermas, al mantenimiento del lugar sagrado y a la transmisi\u00f3n del <a href=\"https:\/\/www.lourdes-france.com\/es\/el-mensaje-de-lourdes\/\">mensaje de la Virgen Mar\u00eda<\/a>. Su legado se asignar\u00e1 espec\u00edficamente a la misi\u00f3n que usted desee apoyar. Si lo prefiere, puede confiarnos la responsabilidad de distribuirlo seg\u00fan las necesidades prioritarias del Santuario.<br \/><\/span><\/span><\/span><\/p><h2><span style=\"color: #007a9e;\"><span style=\"font-family: .SFNS-Regular_wdth_opsz110000_G, serif;\"><span lang=\"es-ES\"><b>RAZ\u00d3N N.\u00ba 2. Eficacia e impacto concreto<\/b><\/span><\/span><\/span><\/h2><p><span style=\"color: #454545;\"><span style=\"font-family: .SFNS-Regular_wdth_opsz110000_G, serif;\"><span lang=\"es-ES\">Cada acto de generosidad se destina a los proyectos m\u00e1s necesarios: renovaci\u00f3n de infraestructuras, <a href=\"https:\/\/www.lourdes-france.org\/?page_id=1027988\">acogida de personas vulnerables<\/a>, <a href=\"https:\/\/www.lourdes-france.com\/es\/peregrino-por-un-dia\/\">actividades pastorales<\/a>\u2026 Su legado apoyar\u00e1 de manera directa acciones tangibles, duraderas y realizadas con fidelidad.<\/span><\/span><\/span><\/p><h2><span style=\"color: #007a9e;\"><span style=\"font-family: .SFNS-Regular_wdth_opsz110000_G, serif;\"><span lang=\"es-ES\"><b>RAZ\u00d3N N.\u00ba 3. Acompa\u00f1amiento ben\u00e9volo y gratuito<\/b><\/span><\/span><\/span><\/h2><p><span style=\"color: #454545;\"><span style=\"font-family: .SFNS-Regular_wdth_opsz110000_G, serif;\"><span lang=\"es-ES\">Le brindamos un acompa\u00f1amiento personalizado y sin compromiso para que pueda considerar con tranquilidad su proyecto de transmisi\u00f3n. Nuestro equipo especializado est\u00e1 a su disposici\u00f3n con total cercan\u00eda y sencillez.<\/span><\/span><\/span><\/p><h2><span style=\"color: #007a9e;\"><span style=\"font-family: .SFNS-Regular_wdth_opsz110000_G, serif;\"><span lang=\"es-ES\"><b>RAZ\u00d3N N.\u00ba 4. Discreci\u00f3n y confidencialidad<\/b><\/span><\/span><\/span><\/h2><p><span style=\"color: #454545;\"><span style=\"font-family: .SFNS-Regular_wdth_opsz110000_G, serif;\"><span lang=\"es-ES\">Todas nuestras conversaciones, independientemente del medio (correo, tel\u00e9fono, encuentro en Lourdes), son estrictamente confidenciales. Su iniciativa se tratar\u00e1 con la m\u00e1xima discreci\u00f3n y diligencia.<\/span><\/span><\/span><\/p><h2><span style=\"color: #007a9e;\"><span style=\"font-family: .SFNS-Regular_wdth_opsz110000_G, serif;\"><span lang=\"es-ES\"><b>RAZ\u00d3N N.\u00ba 5. Profesionalismo y \u00e9tica<\/b><\/span><\/span><\/span><\/h2><p><span style=\"color: #454545;\"><span style=\"font-family: .SFNS-Regular_wdth_opsz110000_G, serif;\"><span lang=\"es-ES\">Los representantes del Santuario de Lourdes le brindan un acompa\u00f1amiento puramente profesional. No desempe\u00f1an ning\u00fan papel personal o privado ni act\u00faan fuera del \u00e1mbito de su misi\u00f3n.<\/span><\/span><\/span><\/p><h2><span style=\"color: #007a9e;\"><span style=\"font-family: .SFNS-Regular_wdth_opsz110000_G, serif;\"><span lang=\"es-ES\"><b>RAZ\u00d3N N.\u00ba 6. Transparencia e integridad<\/b><\/span><\/span><\/span><\/h2><p><span style=\"color: #454545;\"><span style=\"font-family: .SFNS-Regular_wdth_opsz110000_G, serif;\"><span lang=\"es-ES\">El Santuario opera bajo principios claros de gesti\u00f3n desinteresada. Ning\u00fan miembro de nuestro equipo recibe gratificaciones personales ni puede figurar como beneficiario individual en un testamento. Todos los fondos se destinan exclusivamente a la misi\u00f3n del Santuario.<\/span><\/span><\/span><\/p><h2><span style=\"color: #007a9e;\"><span style=\"font-family: .SFNS-Regular_wdth_opsz110000_G, serif;\"><span lang=\"es-ES\"><b>Lourdes, un lugar que perdura en el tiempo<\/b><\/span><\/span><\/span><\/h2><p><span style=\"color: #454545;\"><span style=\"font-family: .SFNS-Regular_wdth_opsz110000_G, serif;\"><span lang=\"es-ES\">Al elegir legar al Santuario de Lourdes, decide transmitir un mensaje de fe, paz y luz a las generaciones venideras.<br \/>Para m\u00e1s informaci\u00f3n:<\/span><\/span><\/span><u><\/u><\/p>\t\t\t\t\t\t\t\t<\/div>\n\t\t\t\t<\/div>\n\t\t\t\t<div class=\"elementor-element elementor-element-31a3d6d elementor-widget elementor-widget-link-in-bio\" data-id=\"31a3d6d\" data-element_type=\"widget\" data-widget_type=\"link-in-bio.default\">\n\t\t\t\t<div class=\"elementor-widget-container\">\n\t\t\t\t\t\t\t<div class=\"e-link-in-bio e-link-in-bio\">\n\t\t\t<div class=\"e-link-in-bio__content\">\n\n\t\t\t\t\t\t<div class=\"e-link-in-bio__identity\">\n\t\t\t\t\t\t\t\t\t<div class=\"e-link-in-bio__identity-image e-link-in-bio__identity-image-profile has-border has-style-circle\">\n\t\t\t\t\t\t\t<img fetchpriority=\"high\" decoding=\"async\" width=\"300\" height=\"261\" src=\"https:\/\/www.lourdes-france.org\/wp-content\/uploads\/2025\/08\/corinne_gimenez-1-300x261.png\" class=\"e-link-in-bio__identity-image-element\" alt=\"\" srcset=\"https:\/\/www.lourdes-france.org\/wp-content\/uploads\/2025\/08\/corinne_gimenez-1-300x261.png 300w, https:\/\/www.lourdes-france.org\/wp-content\/uploads\/2025\/08\/corinne_gimenez-1-1024x889.png 1024w, https:\/\/www.lourdes-france.org\/wp-content\/uploads\/2025\/08\/corinne_gimenez-1-768x667.png 768w, https:\/\/www.lourdes-france.org\/wp-content\/uploads\/2025\/08\/corinne_gimenez-1-1536x1334.png 1536w, https:\/\/www.lourdes-france.org\/wp-content\/uploads\/2025\/08\/corinne_gimenez-1.png 1779w\" sizes=\"(max-width: 300px) 100vw, 300px\" \/>\t\t\t\t\t\t\t\t\t\t\t\t\t<\/div>\n\t\t\t\t\t\t\t<\/div>\n\t\t\t\t\t<div class=\"e-link-in-bio__bio\">\n\t\t\t\t<h2 class=\"e-link-in-bio__heading\">Corinne GIMENEZ<\/h2>\t\t\t\t<h2 class=\"e-link-in-bio__title\">Servicio de Donantes\nSantuario de Nuestra Se\u00f1ora de Lourdes<\/h2>\t\t\t\t\t\t\t\t\t\t\t<\/div>\n\t\t\t\t\t<div class=\"e-link-in-bio__icons has-size-medium\">\n\t\t\t\t\t\t\t<div class=\"e-link-in-bio__icon is-size-medium\">\n\t\t\t\t\t<a aria-label=\"Telephone\" class=\"e-link-in-bio__icon-link\" href=\"tel:+33562428282\">\n\t\t\t\t\t\t<span class=\"e-link-in-bio__icon-svg\">\n\t\t\t\t\t\t\t<i aria-hidden=\"true\" class=\"fas fa-phone-alt\"><\/i>\t\t\t\t\t\t<\/span>\n\t\t\t\t\t\t\t\t\t\t\t<\/a>\n\t\t\t\t<\/div>\n\t\t\t\t\t\t\t<div class=\"e-link-in-bio__icon is-size-medium\">\n\t\t\t\t\t<a aria-label=\"Email\" class=\"e-link-in-bio__icon-link\" href=\"mailto:corinne.gimenez@lourdes-france.com\">\n\t\t\t\t\t\t<span class=\"e-link-in-bio__icon-svg\">\n\t\t\t\t\t\t\t<i aria-hidden=\"true\" class=\"fas fa-envelope\"><\/i>\t\t\t\t\t\t<\/span>\n\t\t\t\t\t\t\t\t\t\t\t<\/a>\n\t\t\t\t<\/div>\n\t\t\t\t\t<\/div>\n\t\t\n\t\t<div class=\"e-link-in-bio__ctas has-type-button\">\n\t\t\t\t\t\t\t<a target=\"_blank\" rel=\"noopener \" class=\"e-link-in-bio__cta is-type-button has-corners-rounded\" href=\"\">\n\t\t\t\t\t\t\t\t\t\t<span class=\"e-link-in-bio__cta-text\">\n\t\t\t\t\t\t1 avenue Mgr Th\u00e9as \u2013 65 108 Lourdes  France\t\t\t\t\t<\/span>\n\t\t\t\t<\/a>\n\t\t\t\t\t<\/div>\n\t\t\n\t\t\t<\/div>\n\t\t\t<div class=\"e-link-in-bio__bg\">\n\t\t\t\t<div class=\"e-link-in-bio__bg-overlay\"><\/div>\n\t\t\t<\/div>\n\t\t<\/div>\n\t\t\t\t\t\t<\/div>\n\t\t\t\t<\/div>\n\t\t\t\t<div class=\"elementor-element elementor-element-422190a elementor-view-default elementor-widget elementor-widget-icon\" data-id=\"422190a\" data-element_type=\"widget\" data-widget_type=\"icon.default\">\n\t\t\t\t<div class=\"elementor-widget-container\">\n\t\t\t\t\t\t\t<div class=\"elementor-icon-wrapper\">\n\t\t\t<div class=\"elementor-icon\">\n\t\t\t<i aria-hidden=\"true\" class=\"fas fa-church\"><\/i>\t\t\t<\/div>\n\t\t<\/div>\n\t\t\t\t\t\t<\/div>\n\t\t\t\t<\/div>\n\t\t\t\t\t<\/div>\n\t\t<\/div>\n\t\t\t\t\t<\/div>\n\t\t<\/section>\n\t\t\t\t<\/div>\n\t\t","protected":false},"excerpt":{"rendered":"<p>Legar con total confianza: 6 razones para elegir al Santuario de Lourdes _________________ Transmitir un patrimonio de fe y esperanza: el Santuario de Nuestra Se\u00f1ora de Lourdes le garantiza un acompa\u00f1amiento personalizado y una gesti\u00f3n rigurosa de su legado. Para &hellip; <a href=\"https:\/\/www.lourdes-france.org\/es\/6-razones-para-legar\/\">Continuar<\/a><\/p>\n","protected":false},"author":7,"featured_media":1028790,"parent":0,"menu_order":0,"comment_status":"closed","ping_status":"closed","template":"","meta":{"_acf_changed":false,"footnotes":""},"class_list":["post-1037225","page","type-page","status-publish","has-post-thumbnail","hentry"],"acf":[],"yoast_head":"<!-- This site is optimized with the Yoast SEO plugin v24.7 - https:\/\/yoast.com\/wordpress\/plugins\/seo\/ -->\n<title>Legar con total confianza: seis razones para elegir el Santuario de Lourdes<\/title>\n<meta name=\"description\" content=\"El Santuario de Nuestra Se\u00f1ora de Lourdes le garantiza un acompa\u00f1amiento personalizado y una gesti\u00f3n rigurosa de su legado o su seguro de vida.\" \/>\n<meta name=\"robots\" content=\"index, follow, max-snippet:-1, max-image-preview:large, max-video-preview:-1\" \/>\n<link rel=\"canonical\" href=\"https:\/\/www.lourdes-france.org\/es\/6-razones-para-legar\/\" \/>\n<meta name=\"twitter:label1\" content=\"Tiempo de lectura\" \/>\n\t<meta name=\"twitter:data1\" content=\"3 minutos\" \/>\n<script type=\"application\/ld+json\" class=\"yoast-schema-graph\">{\"@context\":\"https:\/\/schema.org\",\"@graph\":[{\"@type\":\"WebPage\",\"@id\":\"https:\/\/www.lourdes-france.org\/es\/6-razones-para-legar\/\",\"url\":\"https:\/\/www.lourdes-france.org\/es\/6-razones-para-legar\/\",\"name\":\"Legar con total confianza: seis razones para elegir el Santuario de Lourdes\",\"isPartOf\":{\"@id\":\"https:\/\/preprod-lourdes.cawita.com\/#website\"},\"primaryImageOfPage\":{\"@id\":\"https:\/\/www.lourdes-france.org\/es\/6-razones-para-legar\/#primaryimage\"},\"image\":{\"@id\":\"https:\/\/www.lourdes-france.org\/es\/6-razones-para-legar\/#primaryimage\"},\"thumbnailUrl\":\"https:\/\/www.lourdes-france.org\/wp-content\/uploads\/2025\/07\/Legs-AssVie-Donation-scaled.jpg\",\"datePublished\":\"2025-08-04T11:10:26+00:00\",\"dateModified\":\"2025-09-16T11:46:16+00:00\",\"description\":\"El Santuario de Nuestra Se\u00f1ora de Lourdes le garantiza un acompa\u00f1amiento personalizado y una gesti\u00f3n rigurosa de su legado o su seguro de vida.\",\"breadcrumb\":{\"@id\":\"https:\/\/www.lourdes-france.org\/es\/6-razones-para-legar\/#breadcrumb\"},\"inLanguage\":\"es\",\"potentialAction\":[{\"@type\":\"ReadAction\",\"target\":[\"https:\/\/www.lourdes-france.org\/es\/6-razones-para-legar\/\"]}]},{\"@type\":\"ImageObject\",\"inLanguage\":\"es\",\"@id\":\"https:\/\/www.lourdes-france.org\/es\/6-razones-para-legar\/#primaryimage\",\"url\":\"https:\/\/www.lourdes-france.org\/wp-content\/uploads\/2025\/07\/Legs-AssVie-Donation-scaled.jpg\",\"contentUrl\":\"https:\/\/www.lourdes-france.org\/wp-content\/uploads\/2025\/07\/Legs-AssVie-Donation-scaled.jpg\",\"width\":2560,\"height\":1707,\"caption\":\"Legs, donations et assurance-vie \u00e0 Lourdes\"},{\"@type\":\"BreadcrumbList\",\"@id\":\"https:\/\/www.lourdes-france.org\/es\/6-razones-para-legar\/#breadcrumb\",\"itemListElement\":[{\"@type\":\"ListItem\",\"position\":1,\"name\":\"Accueil\",\"item\":\"https:\/\/www.lourdes-france.org\/\"},{\"@type\":\"ListItem\",\"position\":2,\"name\":\"L\u00e9guer en toute confiance : les 8 raisons de choisir le Sanctuaire de Lourdes\"}]},{\"@type\":\"WebSite\",\"@id\":\"https:\/\/preprod-lourdes.cawita.com\/#website\",\"url\":\"https:\/\/preprod-lourdes.cawita.com\/\",\"name\":\"Soutenir le Sanctuaire Notre-Dame de Lourdes\",\"description\":\"\",\"potentialAction\":[{\"@type\":\"SearchAction\",\"target\":{\"@type\":\"EntryPoint\",\"urlTemplate\":\"https:\/\/preprod-lourdes.cawita.com\/?s={search_term_string}\"},\"query-input\":{\"@type\":\"PropertyValueSpecification\",\"valueRequired\":true,\"valueName\":\"search_term_string\"}}],\"inLanguage\":\"es\"}]}<\/script>\n<!-- \/ Yoast SEO plugin. -->","yoast_head_json":{"title":"Legar con total confianza: seis razones para elegir el Santuario de Lourdes","description":"El Santuario de Nuestra Se\u00f1ora de Lourdes le garantiza un acompa\u00f1amiento personalizado y una gesti\u00f3n rigurosa de su legado o su seguro de vida.","robots":{"index":"index","follow":"follow","max-snippet":"max-snippet:-1","max-image-preview":"max-image-preview:large","max-video-preview":"max-video-preview:-1"},"canonical":"https:\/\/www.lourdes-france.org\/es\/6-razones-para-legar\/","twitter_misc":{"Tiempo de lectura":"3 minutos"},"schema":{"@context":"https:\/\/schema.org","@graph":[{"@type":"WebPage","@id":"https:\/\/www.lourdes-france.org\/es\/6-razones-para-legar\/","url":"https:\/\/www.lourdes-france.org\/es\/6-razones-para-legar\/","name":"Legar con total confianza: seis razones para elegir el Santuario de Lourdes","isPartOf":{"@id":"https:\/\/preprod-lourdes.cawita.com\/#website"},"primaryImageOfPage":{"@id":"https:\/\/www.lourdes-france.org\/es\/6-razones-para-legar\/#primaryimage"},"image":{"@id":"https:\/\/www.lourdes-france.org\/es\/6-razones-para-legar\/#primaryimage"},"thumbnailUrl":"https:\/\/www.lourdes-france.org\/wp-content\/uploads\/2025\/07\/Legs-AssVie-Donation-scaled.jpg","datePublished":"2025-08-04T11:10:26+00:00","dateModified":"2025-09-16T11:46:16+00:00","description":"El Santuario de Nuestra Se\u00f1ora de Lourdes le garantiza un acompa\u00f1amiento personalizado y una gesti\u00f3n rigurosa de su legado o su seguro de vida.","breadcrumb":{"@id":"https:\/\/www.lourdes-france.org\/es\/6-razones-para-legar\/#breadcrumb"},"inLanguage":"es","potentialAction":[{"@type":"ReadAction","target":["https:\/\/www.lourdes-france.org\/es\/6-razones-para-legar\/"]}]},{"@type":"ImageObject","inLanguage":"es","@id":"https:\/\/www.lourdes-france.org\/es\/6-razones-para-legar\/#primaryimage","url":"https:\/\/www.lourdes-france.org\/wp-content\/uploads\/2025\/07\/Legs-AssVie-Donation-scaled.jpg","contentUrl":"https:\/\/www.lourdes-france.org\/wp-content\/uploads\/2025\/07\/Legs-AssVie-Donation-scaled.jpg","width":2560,"height":1707,"caption":"Legs, donations et assurance-vie \u00e0 Lourdes"},{"@type":"BreadcrumbList","@id":"https:\/\/www.lourdes-france.org\/es\/6-razones-para-legar\/#breadcrumb","itemListElement":[{"@type":"ListItem","position":1,"name":"Accueil","item":"https:\/\/www.lourdes-france.org\/"},{"@type":"ListItem","position":2,"name":"L\u00e9guer en toute confiance : les 8 raisons de choisir le Sanctuaire de Lourdes"}]},{"@type":"WebSite","@id":"https:\/\/preprod-lourdes.cawita.com\/#website","url":"https:\/\/preprod-lourdes.cawita.com\/","name":"Soutenir le Sanctuaire Notre-Dame de Lourdes","description":"","potentialAction":[{"@type":"SearchAction","target":{"@type":"EntryPoint","urlTemplate":"https:\/\/preprod-lourdes.cawita.com\/?s={search_term_string}"},"query-input":{"@type":"PropertyValueSpecification","valueRequired":true,"valueName":"search_term_string"}}],"inLanguage":"es"}]}},"_links":{"self":[{"href":"https:\/\/www.lourdes-france.org\/es\/wp-json\/wp\/v2\/pages\/1037225","targetHints":{"allow":["GET"]}}],"collection":[{"href":"https:\/\/www.lourdes-france.org\/es\/wp-json\/wp\/v2\/pages"}],"about":[{"href":"https:\/\/www.lourdes-france.org\/es\/wp-json\/wp\/v2\/types\/page"}],"author":[{"embeddable":true,"href":"https:\/\/www.lourdes-france.org\/es\/wp-json\/wp\/v2\/users\/7"}],"replies":[{"embeddable":true,"href":"https:\/\/www.lourdes-france.org\/es\/wp-json\/wp\/v2\/comments?post=1037225"}],"version-history":[{"count":3,"href":"https:\/\/www.lourdes-france.org\/es\/wp-json\/wp\/v2\/pages\/1037225\/revisions"}],"predecessor-version":[{"id":1066129,"href":"https:\/\/www.lourdes-france.org\/es\/wp-json\/wp\/v2\/pages\/1037225\/revisions\/1066129"}],"wp:featuredmedia":[{"embeddable":true,"href":"https:\/\/www.lourdes-france.org\/es\/wp-json\/wp\/v2\/media\/1028790"}],"wp:attachment":[{"href":"https:\/\/www.lourdes-france.org\/es\/wp-json\/wp\/v2\/media?parent=1037225"}],"curies":[{"name":"wp","href":"https:\/\/api.w.org\/{rel}","templated":true}]}}