{"id":1044547,"date":"2025-08-04T12:05:03","date_gmt":"2025-08-04T10:05:03","guid":{"rendered":"https:\/\/www.lourdes-france.org\/?page_id=1044547"},"modified":"2025-09-12T14:05:33","modified_gmt":"2025-09-12T12:05:33","slug":"acoger-a-los-peregrinos","status":"publish","type":"page","link":"https:\/\/www.lourdes-france.org\/es\/las-peregrinaciones-de-lourdes\/acoger-a-los-peregrinos\/","title":{"rendered":"Nuestra misi\u00f3n: acoger a los peregrinos"},"content":{"rendered":"\t\t<div data-elementor-type=\"wp-page\" data-elementor-id=\"1044547\" class=\"elementor elementor-1044547 elementor-1033083\" data-elementor-post-type=\"page\">\n\t\t\t\t\t\t<section class=\"elementor-section elementor-top-section elementor-element elementor-element-59ebcbe2 elementor-section-full_width elementor-section-stretched elementor-section-height-default elementor-section-height-default\" data-id=\"59ebcbe2\" data-element_type=\"section\" data-settings=\"{&quot;stretch_section&quot;:&quot;section-stretched&quot;,&quot;background_background&quot;:&quot;classic&quot;}\">\n\t\t\t\t\t\t<div class=\"elementor-container elementor-column-gap-default\">\n\t\t\t\t\t<div class=\"elementor-column elementor-col-100 elementor-top-column elementor-element elementor-element-3aba37e7\" data-id=\"3aba37e7\" data-element_type=\"column\">\n\t\t\t<div class=\"elementor-widget-wrap elementor-element-populated\">\n\t\t\t\t\t\t<div class=\"elementor-element elementor-element-74ff8152 elementor-widget elementor-widget-spacer\" data-id=\"74ff8152\" data-element_type=\"widget\" data-widget_type=\"spacer.default\">\n\t\t\t\t<div class=\"elementor-widget-container\">\n\t\t\t\t\t\t\t<div class=\"elementor-spacer\">\n\t\t\t<div class=\"elementor-spacer-inner\"><\/div>\n\t\t<\/div>\n\t\t\t\t\t\t<\/div>\n\t\t\t\t<\/div>\n\t\t\t\t\t<\/div>\n\t\t<\/div>\n\t\t\t\t\t<\/div>\n\t\t<\/section>\n\t\t\t\t<section class=\"elementor-section elementor-top-section elementor-element elementor-element-3de66f46 elementor-section-full_width elementor-section-height-default elementor-section-height-default\" data-id=\"3de66f46\" data-element_type=\"section\" data-settings=\"{&quot;background_background&quot;:&quot;classic&quot;}\">\n\t\t\t\t\t\t<div class=\"elementor-container elementor-column-gap-default\">\n\t\t\t\t\t<div class=\"elementor-column elementor-col-100 elementor-top-column elementor-element elementor-element-759c00f2\" data-id=\"759c00f2\" data-element_type=\"column\">\n\t\t\t<div class=\"elementor-widget-wrap elementor-element-populated\">\n\t\t\t\t\t\t<div class=\"elementor-element elementor-element-5d4e919a elementor-widget elementor-widget-spacer\" data-id=\"5d4e919a\" data-element_type=\"widget\" data-widget_type=\"spacer.default\">\n\t\t\t\t<div class=\"elementor-widget-container\">\n\t\t\t\t\t\t\t<div class=\"elementor-spacer\">\n\t\t\t<div class=\"elementor-spacer-inner\"><\/div>\n\t\t<\/div>\n\t\t\t\t\t\t<\/div>\n\t\t\t\t<\/div>\n\t\t\t\t<div class=\"elementor-element elementor-element-65ee58a3 elementor-widget elementor-widget-heading\" data-id=\"65ee58a3\" data-element_type=\"widget\" data-widget_type=\"heading.default\">\n\t\t\t\t<div class=\"elementor-widget-container\">\n\t\t\t\t\t<h1 class=\"elementor-heading-title elementor-size-default\">Nuestra misi\u00f3n: acoger a los peregrinos <\/h1>\t\t\t\t<\/div>\n\t\t\t\t<\/div>\n\t\t\t\t<div class=\"elementor-element elementor-element-5d1e6656 elementor-widget elementor-widget-heading\" data-id=\"5d1e6656\" data-element_type=\"widget\" data-widget_type=\"heading.default\">\n\t\t\t\t<div class=\"elementor-widget-container\">\n\t\t\t\t\t<h2 class=\"elementor-heading-title elementor-size-default\">_________________<\/h2>\t\t\t\t<\/div>\n\t\t\t\t<\/div>\n\t\t\t\t<div class=\"elementor-element elementor-element-1908c8cd elementor-widget elementor-widget-text-editor\" data-id=\"1908c8cd\" data-element_type=\"widget\" data-widget_type=\"text-editor.default\">\n\t\t\t\t<div class=\"elementor-widget-container\">\n\t\t\t\t\t\t\t\t\t<p style=\"text-align: center;\"><strong><span style=\"color: #000000;\"><span style=\"font-family: AppleSystemUIFont, serif;\"><span style=\"font-size: medium;\">Desde las apariciones de la Virgen Mar\u00eda a Bernardita Soubirous en 1858, la primera misi\u00f3n del Santuario de Lourdes se centra en acoger a todas las personas que peregrinan a Lourdes.<\/span><\/span><\/span><\/strong><\/p><p><span style=\"font-family: AppleSystemUIFont, serif; color: #007a9e;\"><span style=\"font-size: medium;\"><b>Una multitud cada vez mayor<\/b><\/span><\/span><\/p><p>Desde las apariciones de la Virgen Mar\u00eda a la joven bigourdana, Bernardita Soubirous, multitudes de creyentes y peregrinos se congregan en la Gruta.<br \/>A partir de 1862, con el reconocimiento oficial de las apariciones por el mandato de Mons. Laurence, obispo de Tarbes, fue necesario responder a la petici\u00f3n de la Virgen Mar\u00eda de \u00abque se construya aqu\u00ed una capilla y que se venga en procesi\u00f3n\u00bb.<br \/>Pronto se erigi\u00f3 una cripta y, m\u00e1s tarde, la primera capilla recibi\u00f3 el nombre de \u00abla Inmaculada Concepci\u00f3n\u00bb. A esta le siguieron otras dos bas\u00edlicas, una iglesia dedicada a santa Bernardita y numerosas capillas, siempre con la voluntad y el compromiso del Santuario de acoger de la mejor manera posible a los miles de peregrinos que llegan a Lourdes cada a\u00f1o.<\/p>\t\t\t\t\t\t\t\t<\/div>\n\t\t\t\t<\/div>\n\t\t\t\t<div class=\"elementor-element elementor-element-99fe805 elementor-widget elementor-widget-image\" data-id=\"99fe805\" data-element_type=\"widget\" data-widget_type=\"image.default\">\n\t\t\t\t<div class=\"elementor-widget-container\">\n\t\t\t\t\t\t\t\t\t\t\t\t\t\t\t<img fetchpriority=\"high\" decoding=\"async\" width=\"768\" height=\"512\" src=\"https:\/\/www.lourdes-france.org\/wp-content\/uploads\/2025\/08\/image_mise_en_avant-pele_national-1-768x512.jpg\" class=\"attachment-medium_large size-medium_large wp-image-1050778\" alt=\"Messe du p\u00e8lerinage national \u00e0 Lourdes\" srcset=\"https:\/\/www.lourdes-france.org\/wp-content\/uploads\/2025\/08\/image_mise_en_avant-pele_national-1-768x512.jpg 768w, https:\/\/www.lourdes-france.org\/wp-content\/uploads\/2025\/08\/image_mise_en_avant-pele_national-1-300x200.jpg 300w, https:\/\/www.lourdes-france.org\/wp-content\/uploads\/2025\/08\/image_mise_en_avant-pele_national-1-1024x683.jpg 1024w, https:\/\/www.lourdes-france.org\/wp-content\/uploads\/2025\/08\/image_mise_en_avant-pele_national-1-1536x1024.jpg 1536w, https:\/\/www.lourdes-france.org\/wp-content\/uploads\/2025\/08\/image_mise_en_avant-pele_national-1-2048x1365.jpg 2048w\" sizes=\"(max-width: 768px) 100vw, 768px\" \/>\t\t\t\t\t\t\t\t\t\t\t\t\t\t\t<\/div>\n\t\t\t\t<\/div>\n\t\t\t\t<div class=\"elementor-element elementor-element-7c14206 elementor-widget elementor-widget-text-editor\" data-id=\"7c14206\" data-element_type=\"widget\" data-widget_type=\"text-editor.default\">\n\t\t\t\t<div class=\"elementor-widget-container\">\n\t\t\t\t\t\t\t\t\t<h1><span style=\"color: #007a9e;\"><span style=\"font-family: AppleSystemUIFont, serif;\"><span style=\"font-size: medium;\"><b>Transmitir el mensaje de Lourdes<\/b><\/span><\/span><\/span><\/h1><p>El Santuario se esfuerza por acoger a cada peregrino que cruza sus puertas. Tanto si es cat\u00f3lico practicante como si es un simple visitante de paso, la comunidad de acogida recibe a cada peregrino que entra en el Santuario con el mismo respeto. <br \/>El Santuario de Lourdes es una iglesia al aire libre que ofrece a sus peregrinos la oportunidad de vivir su fe, su espiritualidad o su descubrimiento del mensaje de Lourdes con total paz y tranquilidad.<br \/>La participaci\u00f3n en las procesiones, misas y rosarios es libre. Adem\u00e1s, se proponen numerosas actividades para descubrir o redescubrir la historia de las apariciones y la vida de Bernardita Soubirous. A su vez, est\u00e1 la posibilidad de encender una vela en las capillas de la luz, beber el agua de las fuentes y lavarse en ellas, as\u00ed como tocar la roca de la Gruta.<\/p>\t\t\t\t\t\t\t\t<\/div>\n\t\t\t\t<\/div>\n\t\t\t\t<div class=\"elementor-element elementor-element-60688e1 elementor-widget elementor-widget-image\" data-id=\"60688e1\" data-element_type=\"widget\" data-widget_type=\"image.default\">\n\t\t\t\t<div class=\"elementor-widget-container\">\n\t\t\t\t\t\t\t\t\t\t\t\t\t\t\t<img decoding=\"async\" width=\"768\" height=\"512\" src=\"https:\/\/www.lourdes-france.org\/wp-content\/uploads\/2025\/08\/2eme_paragraphe-1-768x512.jpg\" class=\"attachment-medium_large size-medium_large wp-image-1050794\" alt=\"P\u00e8lerins\" srcset=\"https:\/\/www.lourdes-france.org\/wp-content\/uploads\/2025\/08\/2eme_paragraphe-1-768x512.jpg 768w, https:\/\/www.lourdes-france.org\/wp-content\/uploads\/2025\/08\/2eme_paragraphe-1-300x200.jpg 300w, https:\/\/www.lourdes-france.org\/wp-content\/uploads\/2025\/08\/2eme_paragraphe-1-1024x683.jpg 1024w, https:\/\/www.lourdes-france.org\/wp-content\/uploads\/2025\/08\/2eme_paragraphe-1-1536x1024.jpg 1536w, https:\/\/www.lourdes-france.org\/wp-content\/uploads\/2025\/08\/2eme_paragraphe-1-2048x1365.jpg 2048w\" sizes=\"(max-width: 768px) 100vw, 768px\" \/>\t\t\t\t\t\t\t\t\t\t\t\t\t\t\t<\/div>\n\t\t\t\t<\/div>\n\t\t\t\t<div class=\"elementor-element elementor-element-3a7324a6 elementor-view-default elementor-widget elementor-widget-icon\" data-id=\"3a7324a6\" data-element_type=\"widget\" data-widget_type=\"icon.default\">\n\t\t\t\t<div class=\"elementor-widget-container\">\n\t\t\t\t\t\t\t<div class=\"elementor-icon-wrapper\">\n\t\t\t<div class=\"elementor-icon\">\n\t\t\t<i aria-hidden=\"true\" class=\"fas fa-church\"><\/i>\t\t\t<\/div>\n\t\t<\/div>\n\t\t\t\t\t\t<\/div>\n\t\t\t\t<\/div>\n\t\t\t\t\t<\/div>\n\t\t<\/div>\n\t\t\t\t\t<\/div>\n\t\t<\/section>\n\t\t\t\t<\/div>\n\t\t","protected":false},"excerpt":{"rendered":"<p>Nuestra misi\u00f3n: acoger a los peregrinos _________________ Desde las apariciones de la Virgen Mar\u00eda a Bernardita Soubirous en 1858, la primera misi\u00f3n del Santuario de Lourdes se centra en acoger a todas las personas que peregrinan a Lourdes. Una multitud &hellip; <a href=\"https:\/\/www.lourdes-france.org\/es\/las-peregrinaciones-de-lourdes\/acoger-a-los-peregrinos\/\">Continuar<\/a><\/p>\n","protected":false},"author":7,"featured_media":1050778,"parent":866357,"menu_order":0,"comment_status":"closed","ping_status":"closed","template":"","meta":{"_acf_changed":false,"footnotes":""},"class_list":["post-1044547","page","type-page","status-publish","has-post-thumbnail","hentry"],"acf":[],"yoast_head":"<!-- This site is optimized with the Yoast SEO plugin v24.7 - https:\/\/yoast.com\/wordpress\/plugins\/seo\/ -->\n<title>Nuestra misi\u00f3n: acoger a los peregrinos<\/title>\n<meta name=\"description\" content=\"\u00bfCu\u00e1l es la misi\u00f3n principal del Santuario de Lourdes? Acoger a los peregrinos en Lourdes, en toda su pluralidad y diversidad.\" \/>\n<meta name=\"robots\" content=\"index, follow, max-snippet:-1, max-image-preview:large, max-video-preview:-1\" \/>\n<link rel=\"canonical\" href=\"https:\/\/www.lourdes-france.org\/es\/las-peregrinaciones-de-lourdes\/acoger-a-los-peregrinos\/\" \/>\n<meta name=\"twitter:label1\" content=\"Tiempo de lectura\" \/>\n\t<meta name=\"twitter:data1\" content=\"3 minutos\" \/>\n<script type=\"application\/ld+json\" class=\"yoast-schema-graph\">{\"@context\":\"https:\/\/schema.org\",\"@graph\":[{\"@type\":\"WebPage\",\"@id\":\"https:\/\/www.lourdes-france.org\/es\/las-peregrinaciones-de-lourdes\/acoger-a-los-peregrinos\/\",\"url\":\"https:\/\/www.lourdes-france.org\/es\/las-peregrinaciones-de-lourdes\/acoger-a-los-peregrinos\/\",\"name\":\"Nuestra misi\u00f3n: acoger a los peregrinos\",\"isPartOf\":{\"@id\":\"https:\/\/preprod-lourdes.cawita.com\/#website\"},\"primaryImageOfPage\":{\"@id\":\"https:\/\/www.lourdes-france.org\/es\/las-peregrinaciones-de-lourdes\/acoger-a-los-peregrinos\/#primaryimage\"},\"image\":{\"@id\":\"https:\/\/www.lourdes-france.org\/es\/las-peregrinaciones-de-lourdes\/acoger-a-los-peregrinos\/#primaryimage\"},\"thumbnailUrl\":\"https:\/\/www.lourdes-france.org\/wp-content\/uploads\/2025\/08\/image_mise_en_avant-pele_national-1-scaled.jpg\",\"datePublished\":\"2025-08-04T10:05:03+00:00\",\"dateModified\":\"2025-09-12T12:05:33+00:00\",\"description\":\"\u00bfCu\u00e1l es la misi\u00f3n principal del Santuario de Lourdes? Acoger a los peregrinos en Lourdes, en toda su pluralidad y diversidad.\",\"breadcrumb\":{\"@id\":\"https:\/\/www.lourdes-france.org\/es\/las-peregrinaciones-de-lourdes\/acoger-a-los-peregrinos\/#breadcrumb\"},\"inLanguage\":\"es\",\"potentialAction\":[{\"@type\":\"ReadAction\",\"target\":[\"https:\/\/www.lourdes-france.org\/es\/las-peregrinaciones-de-lourdes\/acoger-a-los-peregrinos\/\"]}]},{\"@type\":\"ImageObject\",\"inLanguage\":\"es\",\"@id\":\"https:\/\/www.lourdes-france.org\/es\/las-peregrinaciones-de-lourdes\/acoger-a-los-peregrinos\/#primaryimage\",\"url\":\"https:\/\/www.lourdes-france.org\/wp-content\/uploads\/2025\/08\/image_mise_en_avant-pele_national-1-scaled.jpg\",\"contentUrl\":\"https:\/\/www.lourdes-france.org\/wp-content\/uploads\/2025\/08\/image_mise_en_avant-pele_national-1-scaled.jpg\",\"width\":2560,\"height\":1707,\"caption\":\"Notre mission : accueillir les p\u00e8lerins\"},{\"@type\":\"BreadcrumbList\",\"@id\":\"https:\/\/www.lourdes-france.org\/es\/las-peregrinaciones-de-lourdes\/acoger-a-los-peregrinos\/#breadcrumb\",\"itemListElement\":[{\"@type\":\"ListItem\",\"position\":1,\"name\":\"Accueil\",\"item\":\"https:\/\/www.lourdes-france.org\/\"},{\"@type\":\"ListItem\",\"position\":2,\"name\":\"Las peregrinaciones\",\"item\":\"https:\/\/www.lourdes-france.org\/es\/las-peregrinaciones-de-lourdes\/\"},{\"@type\":\"ListItem\",\"position\":3,\"name\":\"Nuestra misi\u00f3n: acoger a los peregrinos\"}]},{\"@type\":\"WebSite\",\"@id\":\"https:\/\/preprod-lourdes.cawita.com\/#website\",\"url\":\"https:\/\/preprod-lourdes.cawita.com\/\",\"name\":\"Soutenir le Sanctuaire Notre-Dame de Lourdes\",\"description\":\"\",\"potentialAction\":[{\"@type\":\"SearchAction\",\"target\":{\"@type\":\"EntryPoint\",\"urlTemplate\":\"https:\/\/preprod-lourdes.cawita.com\/?s={search_term_string}\"},\"query-input\":{\"@type\":\"PropertyValueSpecification\",\"valueRequired\":true,\"valueName\":\"search_term_string\"}}],\"inLanguage\":\"es\"}]}<\/script>\n<!-- \/ Yoast SEO plugin. -->","yoast_head_json":{"title":"Nuestra misi\u00f3n: acoger a los peregrinos","description":"\u00bfCu\u00e1l es la misi\u00f3n principal del Santuario de Lourdes? Acoger a los peregrinos en Lourdes, en toda su pluralidad y diversidad.","robots":{"index":"index","follow":"follow","max-snippet":"max-snippet:-1","max-image-preview":"max-image-preview:large","max-video-preview":"max-video-preview:-1"},"canonical":"https:\/\/www.lourdes-france.org\/es\/las-peregrinaciones-de-lourdes\/acoger-a-los-peregrinos\/","twitter_misc":{"Tiempo de lectura":"3 minutos"},"schema":{"@context":"https:\/\/schema.org","@graph":[{"@type":"WebPage","@id":"https:\/\/www.lourdes-france.org\/es\/las-peregrinaciones-de-lourdes\/acoger-a-los-peregrinos\/","url":"https:\/\/www.lourdes-france.org\/es\/las-peregrinaciones-de-lourdes\/acoger-a-los-peregrinos\/","name":"Nuestra misi\u00f3n: acoger a los peregrinos","isPartOf":{"@id":"https:\/\/preprod-lourdes.cawita.com\/#website"},"primaryImageOfPage":{"@id":"https:\/\/www.lourdes-france.org\/es\/las-peregrinaciones-de-lourdes\/acoger-a-los-peregrinos\/#primaryimage"},"image":{"@id":"https:\/\/www.lourdes-france.org\/es\/las-peregrinaciones-de-lourdes\/acoger-a-los-peregrinos\/#primaryimage"},"thumbnailUrl":"https:\/\/www.lourdes-france.org\/wp-content\/uploads\/2025\/08\/image_mise_en_avant-pele_national-1-scaled.jpg","datePublished":"2025-08-04T10:05:03+00:00","dateModified":"2025-09-12T12:05:33+00:00","description":"\u00bfCu\u00e1l es la misi\u00f3n principal del Santuario de Lourdes? Acoger a los peregrinos en Lourdes, en toda su pluralidad y diversidad.","breadcrumb":{"@id":"https:\/\/www.lourdes-france.org\/es\/las-peregrinaciones-de-lourdes\/acoger-a-los-peregrinos\/#breadcrumb"},"inLanguage":"es","potentialAction":[{"@type":"ReadAction","target":["https:\/\/www.lourdes-france.org\/es\/las-peregrinaciones-de-lourdes\/acoger-a-los-peregrinos\/"]}]},{"@type":"ImageObject","inLanguage":"es","@id":"https:\/\/www.lourdes-france.org\/es\/las-peregrinaciones-de-lourdes\/acoger-a-los-peregrinos\/#primaryimage","url":"https:\/\/www.lourdes-france.org\/wp-content\/uploads\/2025\/08\/image_mise_en_avant-pele_national-1-scaled.jpg","contentUrl":"https:\/\/www.lourdes-france.org\/wp-content\/uploads\/2025\/08\/image_mise_en_avant-pele_national-1-scaled.jpg","width":2560,"height":1707,"caption":"Notre mission : accueillir les p\u00e8lerins"},{"@type":"BreadcrumbList","@id":"https:\/\/www.lourdes-france.org\/es\/las-peregrinaciones-de-lourdes\/acoger-a-los-peregrinos\/#breadcrumb","itemListElement":[{"@type":"ListItem","position":1,"name":"Accueil","item":"https:\/\/www.lourdes-france.org\/"},{"@type":"ListItem","position":2,"name":"Las peregrinaciones","item":"https:\/\/www.lourdes-france.org\/es\/las-peregrinaciones-de-lourdes\/"},{"@type":"ListItem","position":3,"name":"Nuestra misi\u00f3n: acoger a los peregrinos"}]},{"@type":"WebSite","@id":"https:\/\/preprod-lourdes.cawita.com\/#website","url":"https:\/\/preprod-lourdes.cawita.com\/","name":"Soutenir le Sanctuaire Notre-Dame de Lourdes","description":"","potentialAction":[{"@type":"SearchAction","target":{"@type":"EntryPoint","urlTemplate":"https:\/\/preprod-lourdes.cawita.com\/?s={search_term_string}"},"query-input":{"@type":"PropertyValueSpecification","valueRequired":true,"valueName":"search_term_string"}}],"inLanguage":"es"}]}},"_links":{"self":[{"href":"https:\/\/www.lourdes-france.org\/es\/wp-json\/wp\/v2\/pages\/1044547","targetHints":{"allow":["GET"]}}],"collection":[{"href":"https:\/\/www.lourdes-france.org\/es\/wp-json\/wp\/v2\/pages"}],"about":[{"href":"https:\/\/www.lourdes-france.org\/es\/wp-json\/wp\/v2\/types\/page"}],"author":[{"embeddable":true,"href":"https:\/\/www.lourdes-france.org\/es\/wp-json\/wp\/v2\/users\/7"}],"replies":[{"embeddable":true,"href":"https:\/\/www.lourdes-france.org\/es\/wp-json\/wp\/v2\/comments?post=1044547"}],"version-history":[{"count":3,"href":"https:\/\/www.lourdes-france.org\/es\/wp-json\/wp\/v2\/pages\/1044547\/revisions"}],"predecessor-version":[{"id":1067316,"href":"https:\/\/www.lourdes-france.org\/es\/wp-json\/wp\/v2\/pages\/1044547\/revisions\/1067316"}],"up":[{"embeddable":true,"href":"https:\/\/www.lourdes-france.org\/es\/wp-json\/wp\/v2\/pages\/866357"}],"wp:featuredmedia":[{"embeddable":true,"href":"https:\/\/www.lourdes-france.org\/es\/wp-json\/wp\/v2\/media\/1050778"}],"wp:attachment":[{"href":"https:\/\/www.lourdes-france.org\/es\/wp-json\/wp\/v2\/media?parent=1044547"}],"curies":[{"name":"wp","href":"https:\/\/api.w.org\/{rel}","templated":true}]}}