{"id":1051893,"date":"2025-08-08T17:14:44","date_gmt":"2025-08-08T15:14:44","guid":{"rendered":"https:\/\/www.lourdes-france.org\/las-peregrinaciones-de-lourdes\/les-pelerins-de-lourdes\/"},"modified":"2025-09-12T14:20:31","modified_gmt":"2025-09-12T12:20:31","slug":"quienes-son-los-peregrinos-de-lourdes","status":"publish","type":"page","link":"https:\/\/www.lourdes-france.org\/es\/las-peregrinaciones-de-lourdes\/quienes-son-los-peregrinos-de-lourdes\/","title":{"rendered":"\u00bfQui\u00e9nes son los peregrinos de Lourdes?"},"content":{"rendered":"\t\t<div data-elementor-type=\"wp-page\" data-elementor-id=\"1051893\" class=\"elementor elementor-1051893 elementor-1033089\" data-elementor-post-type=\"page\">\n\t\t\t\t\t\t<section class=\"elementor-section elementor-top-section elementor-element elementor-element-30f586f2 elementor-section-full_width elementor-section-stretched elementor-section-height-default elementor-section-height-default\" data-id=\"30f586f2\" data-element_type=\"section\" data-settings=\"{&quot;stretch_section&quot;:&quot;section-stretched&quot;,&quot;background_background&quot;:&quot;classic&quot;}\">\n\t\t\t\t\t\t<div class=\"elementor-container elementor-column-gap-default\">\n\t\t\t\t\t<div class=\"elementor-column elementor-col-100 elementor-top-column elementor-element elementor-element-5407edfd\" data-id=\"5407edfd\" data-element_type=\"column\">\n\t\t\t<div class=\"elementor-widget-wrap elementor-element-populated\">\n\t\t\t\t\t\t<div class=\"elementor-element elementor-element-76c6d3db elementor-widget elementor-widget-spacer\" data-id=\"76c6d3db\" data-element_type=\"widget\" data-widget_type=\"spacer.default\">\n\t\t\t\t<div class=\"elementor-widget-container\">\n\t\t\t\t\t\t\t<div class=\"elementor-spacer\">\n\t\t\t<div class=\"elementor-spacer-inner\"><\/div>\n\t\t<\/div>\n\t\t\t\t\t\t<\/div>\n\t\t\t\t<\/div>\n\t\t\t\t\t<\/div>\n\t\t<\/div>\n\t\t\t\t\t<\/div>\n\t\t<\/section>\n\t\t\t\t<section class=\"elementor-section elementor-top-section elementor-element elementor-element-2c8639ad elementor-section-full_width elementor-section-height-default elementor-section-height-default\" data-id=\"2c8639ad\" data-element_type=\"section\" data-settings=\"{&quot;background_background&quot;:&quot;classic&quot;}\">\n\t\t\t\t\t\t<div class=\"elementor-container elementor-column-gap-default\">\n\t\t\t\t\t<div class=\"elementor-column elementor-col-100 elementor-top-column elementor-element elementor-element-1886f46f\" data-id=\"1886f46f\" data-element_type=\"column\">\n\t\t\t<div class=\"elementor-widget-wrap elementor-element-populated\">\n\t\t\t\t\t\t<div class=\"elementor-element elementor-element-5c649848 elementor-widget elementor-widget-spacer\" data-id=\"5c649848\" data-element_type=\"widget\" data-widget_type=\"spacer.default\">\n\t\t\t\t<div class=\"elementor-widget-container\">\n\t\t\t\t\t\t\t<div class=\"elementor-spacer\">\n\t\t\t<div class=\"elementor-spacer-inner\"><\/div>\n\t\t<\/div>\n\t\t\t\t\t\t<\/div>\n\t\t\t\t<\/div>\n\t\t\t\t<div class=\"elementor-element elementor-element-1d6dfa6e elementor-widget elementor-widget-heading\" data-id=\"1d6dfa6e\" data-element_type=\"widget\" data-widget_type=\"heading.default\">\n\t\t\t\t<div class=\"elementor-widget-container\">\n\t\t\t\t\t<h1 class=\"elementor-heading-title elementor-size-default\">\u00bfQui\u00e9nes son los peregrinos de Lourdes?<\/h1>\t\t\t\t<\/div>\n\t\t\t\t<\/div>\n\t\t\t\t<div class=\"elementor-element elementor-element-6740d81 elementor-widget elementor-widget-heading\" data-id=\"6740d81\" data-element_type=\"widget\" data-widget_type=\"heading.default\">\n\t\t\t\t<div class=\"elementor-widget-container\">\n\t\t\t\t\t<h2 class=\"elementor-heading-title elementor-size-default\">_________________<\/h2>\t\t\t\t<\/div>\n\t\t\t\t<\/div>\n\t\t\t\t<div class=\"elementor-element elementor-element-4be2b016 elementor-widget elementor-widget-text-editor\" data-id=\"4be2b016\" data-element_type=\"widget\" data-widget_type=\"text-editor.default\">\n\t\t\t\t<div class=\"elementor-widget-container\">\n\t\t\t\t\t\t\t\t\t<p><b>El Santuario de Nuestra Se\u00f1ora de Lourdes es un santuario internacional, un lugar de encuentro abierto a todo el mundo, sin distinci\u00f3n.\u2028<\/b><\/p><h1><b style=\"font-style: normal;\">Todo el mundo acude a Lourdes<\/b><\/h1><p>Desde las apariciones de 1858, multitudes de fieles comenzaron a congregarse en la Gruta de Massabielle, en torno a la joven Bernardita Soubirous. Las <a href=\"https:\/\/www.lourdes-france.org\/es\/las-peregrinaciones-de-lourdes\/\" target=\"_blank\" rel=\"noopener\">peregrinaciones<\/a> se organizaron y estructuraron inicialmente en Francia y, muy pronto, tambi\u00e9n a nivel internacional.\u2028 La primera peregrinaci\u00f3n procedente del extranjero tuvo lugar en 1874: la peregrinaci\u00f3n nacional belga reuni\u00f3 en Lourdes a m\u00e1s de mil peregrinos.\u2028<br \/>El Santuario se ha ido edificando y desarrollando a lo largo de los a\u00f1os para poder recibir a estas <a href=\"https:\/\/www.lourdes-france.org\/es\/las-peregrinaciones-de-lourdes\/accueillir-les-pelerins\/\" target=\"_blank\" rel=\"noopener\">multitudes de peregrinos<\/a>, cada vez m\u00e1s numerosas.<\/p><p>Peregrino de un d\u00eda o de toda la vida, en familia o junto a una di\u00f3cesis, fiel practicante o visitante ocasional, resulta dif\u00edcil definir un \u00abperfil protot\u00edpico\u00bb de peregrino. No obstante, se pueden distinguir dos categor\u00edas:<\/p>\t\t\t\t\t\t\t\t<\/div>\n\t\t\t\t<\/div>\n\t\t\t\t<div class=\"elementor-element elementor-element-6db603a elementor-widget elementor-widget-image\" data-id=\"6db603a\" data-element_type=\"widget\" data-widget_type=\"image.default\">\n\t\t\t\t<div class=\"elementor-widget-container\">\n\t\t\t\t\t\t\t\t\t\t\t\t\t\t\t<img fetchpriority=\"high\" decoding=\"async\" width=\"768\" height=\"432\" src=\"https:\/\/www.lourdes-france.org\/wp-content\/uploads\/2025\/08\/le_monde_entier_vient-1-768x432.jpg\" class=\"attachment-medium_large size-medium_large wp-image-1057047\" alt=\"P\u00e8lerinage national lors de la f\u00eate du 15 ao\u00fbt \u00e0 Lourdes\" srcset=\"https:\/\/www.lourdes-france.org\/wp-content\/uploads\/2025\/08\/le_monde_entier_vient-1-768x432.jpg 768w, https:\/\/www.lourdes-france.org\/wp-content\/uploads\/2025\/08\/le_monde_entier_vient-1-300x169.jpg 300w, https:\/\/www.lourdes-france.org\/wp-content\/uploads\/2025\/08\/le_monde_entier_vient-1-1024x576.jpg 1024w, https:\/\/www.lourdes-france.org\/wp-content\/uploads\/2025\/08\/le_monde_entier_vient-1-1536x864.jpg 1536w, https:\/\/www.lourdes-france.org\/wp-content\/uploads\/2025\/08\/le_monde_entier_vient-1-2048x1152.jpg 2048w\" sizes=\"(max-width: 768px) 100vw, 768px\" \/>\t\t\t\t\t\t\t\t\t\t\t\t\t\t\t<\/div>\n\t\t\t\t<\/div>\n\t\t\t\t<div class=\"elementor-element elementor-element-932127a elementor-widget elementor-widget-text-editor\" data-id=\"932127a\" data-element_type=\"widget\" data-widget_type=\"text-editor.default\">\n\t\t\t\t<div class=\"elementor-widget-container\">\n\t\t\t\t\t\t\t\t\t<h2><b>Los peregrinos en grupo organizado<\/b><\/h2><p>Representan el 20 % de la afluencia total en Lourdes. Son aquellos que acuden a Lourdes con una intenci\u00f3n espiritual definida.\u2028 A menudo pertenecen a una parroquia, una di\u00f3cesis, un pa\u00eds, una familia religiosa o incluso a un operador tur\u00edstico. Estas organizaciones de peregrinaciones suelen tener varias d\u00e9cadas de trayectoria, e incluso algunas superan el siglo de existencia.<br \/>El <a href=\"https:\/\/www.lourdes-france.com\/es\/\" target=\"_blank\" rel=\"noopener\">Santuario<\/a> conoce con precisi\u00f3n su n\u00famero, ya que estos peregrinos est\u00e1n registrados. Asimismo, mantienen una estrecha relaci\u00f3n con el Santuario al gestionar la reserva de espacios y formular solicitudes espec\u00edficas.<\/p>\t\t\t\t\t\t\t\t<\/div>\n\t\t\t\t<\/div>\n\t\t\t\t<div class=\"elementor-element elementor-element-39e1165 elementor-widget elementor-widget-image\" data-id=\"39e1165\" data-element_type=\"widget\" data-widget_type=\"image.default\">\n\t\t\t\t<div class=\"elementor-widget-container\">\n\t\t\t\t\t\t\t\t\t\t\t\t\t\t\t<img decoding=\"async\" width=\"768\" height=\"512\" src=\"https:\/\/www.lourdes-france.org\/wp-content\/uploads\/2025\/08\/pelerinage_organise-768x512.jpg\" class=\"attachment-medium_large size-medium_large wp-image-1057030\" alt=\"P\u00e8lerinage organis\u00e9 \u00e0 Lourdes\" srcset=\"https:\/\/www.lourdes-france.org\/wp-content\/uploads\/2025\/08\/pelerinage_organise-768x512.jpg 768w, https:\/\/www.lourdes-france.org\/wp-content\/uploads\/2025\/08\/pelerinage_organise-300x200.jpg 300w, https:\/\/www.lourdes-france.org\/wp-content\/uploads\/2025\/08\/pelerinage_organise-1024x683.jpg 1024w, https:\/\/www.lourdes-france.org\/wp-content\/uploads\/2025\/08\/pelerinage_organise-1536x1024.jpg 1536w, https:\/\/www.lourdes-france.org\/wp-content\/uploads\/2025\/08\/pelerinage_organise-2048x1365.jpg 2048w\" sizes=\"(max-width: 768px) 100vw, 768px\" \/>\t\t\t\t\t\t\t\t\t\t\t\t\t\t\t<\/div>\n\t\t\t\t<\/div>\n\t\t\t\t<div class=\"elementor-element elementor-element-28eecdc elementor-widget elementor-widget-text-editor\" data-id=\"28eecdc\" data-element_type=\"widget\" data-widget_type=\"text-editor.default\">\n\t\t\t\t<div class=\"elementor-widget-container\">\n\t\t\t\t\t\t\t\t\t<h2><b>Los peregrinos individuales <\/b><\/h2><p>Representan el 80 % de la afluencia total de Lourdes. \u2028 Son aquellos que acuden solos o en familia, por varios d\u00edas o tan solo unas horas. Una vez aqu\u00ed, se integran en la gran multitud de peregrinos para participar en las celebraciones.\u2028\u2028<\/p><p>Los peregrinos provienen de todas partes del mundo: el Santuario recibe a fieles de hasta 80 nacionalidades diferentes\u2028.<br \/>Lourdes tiene una dimensi\u00f3n internacional porque la sencillez y profundidad de su mensaje congregan a multitudes de todas las naciones y or\u00edgenes.\u2028<br \/>El Santuario acoge a todo el mundo, a toda la sociedad, sin importar su cultura, religi\u00f3n o ausencia de esta \u00faltima. Cada individuo encontrar\u00e1 aqu\u00ed aquello que busca.<\/p>\t\t\t\t\t\t\t\t<\/div>\n\t\t\t\t<\/div>\n\t\t\t\t<div class=\"elementor-element elementor-element-4ae0121 elementor-widget elementor-widget-image\" data-id=\"4ae0121\" data-element_type=\"widget\" data-widget_type=\"image.default\">\n\t\t\t\t<div class=\"elementor-widget-container\">\n\t\t\t\t\t\t\t\t\t\t\t\t\t\t\t<img decoding=\"async\" width=\"768\" height=\"512\" src=\"https:\/\/www.lourdes-france.org\/wp-content\/uploads\/2025\/08\/pelerin_indivudel-768x512.jpg\" class=\"attachment-medium_large size-medium_large wp-image-1057055\" alt=\"Personne en fauteuil roulant \u00e0 Lourdes\" srcset=\"https:\/\/www.lourdes-france.org\/wp-content\/uploads\/2025\/08\/pelerin_indivudel-768x512.jpg 768w, https:\/\/www.lourdes-france.org\/wp-content\/uploads\/2025\/08\/pelerin_indivudel-300x200.jpg 300w, https:\/\/www.lourdes-france.org\/wp-content\/uploads\/2025\/08\/pelerin_indivudel-1024x683.jpg 1024w, https:\/\/www.lourdes-france.org\/wp-content\/uploads\/2025\/08\/pelerin_indivudel-1536x1024.jpg 1536w, https:\/\/www.lourdes-france.org\/wp-content\/uploads\/2025\/08\/pelerin_indivudel-2048x1365.jpg 2048w\" sizes=\"(max-width: 768px) 100vw, 768px\" \/>\t\t\t\t\t\t\t\t\t\t\t\t\t\t\t<\/div>\n\t\t\t\t<\/div>\n\t\t\t\t<div class=\"elementor-element elementor-element-9387462 elementor-align-center elementor-widget elementor-widget-button\" data-id=\"9387462\" data-element_type=\"widget\" data-widget_type=\"button.default\">\n\t\t\t\t<div class=\"elementor-widget-container\">\n\t\t\t\t\t\t\t\t\t<div class=\"elementor-button-wrapper\">\n\t\t\t\t\t<a class=\"elementor-button elementor-button-link elementor-size-sm\" href=\"\/les-pelerinages\/\">\n\t\t\t\t\t\t<span class=\"elementor-button-content-wrapper\">\n\t\t\t\t\t\t\t\t\t<span class=\"elementor-button-text\">M\u00c1S INFORMACI\u00d3N SOBRE LAS PEREGRINACIONES<\/span>\n\t\t\t\t\t<\/span>\n\t\t\t\t\t<\/a>\n\t\t\t\t<\/div>\n\t\t\t\t\t\t\t\t<\/div>\n\t\t\t\t<\/div>\n\t\t\t\t<div class=\"elementor-element elementor-element-b3c2fde elementor-widget elementor-widget-text-editor\" data-id=\"b3c2fde\" data-element_type=\"widget\" data-widget_type=\"text-editor.default\">\n\t\t\t\t<div class=\"elementor-widget-container\">\n\t\t\t\t\t\t\t\t\t<h1><b style=\"font-style: normal;\">Algunas cifras<\/b><\/h1><p><strong><span style=\"color: #007a9e;\">Peregrinaciones organizadas junto a personas enfermas\u2028<br \/><\/span><\/strong>2019: 445 000 peregrinos\u2028<br \/>2020: 35\u00a0000 peregrinos\u2028 <em>(pandemia COVID-19)<\/em><br \/>2021: 100\u00a0000 peregrinos<br \/>\u20282022: 175\u00a0000 peregrinos \u2028<br \/>2023: 370\u00a0000 peregrinos\u2028<br \/>2024: 410\u00a0000 peregrinos<\/p><p><span style=\"color: #007a9e;\"><strong>Afluencia de peregrinos individuales y visitantes<br \/><\/strong><\/span>\u20282019: Cifra real desconocida (estimaci\u00f3n de 3,5 millones)<br \/>\u20282020: 800\u00a0000 peregrinos <em>(pandemia COVID-19)<\/em><br \/>\u20282021: 1,6 millones de peregrinos\u2028<br \/>2022: 2,7 millones de peregrinos\u2028<br \/>2023: 3,1 millones de peregrinos\u2028<br \/>2024: 3,2 millones de peregrinos<\/p>\t\t\t\t\t\t\t\t<\/div>\n\t\t\t\t<\/div>\n\t\t\t\t<div class=\"elementor-element elementor-element-77b6732 elementor-align-center elementor-widget elementor-widget-button\" data-id=\"77b6732\" data-element_type=\"widget\" data-widget_type=\"button.default\">\n\t\t\t\t<div class=\"elementor-widget-container\">\n\t\t\t\t\t\t\t\t\t<div class=\"elementor-button-wrapper\">\n\t\t\t\t\t<a class=\"elementor-button elementor-button-link elementor-size-sm\" href=\"https:\/\/www.lourdes-france.com\/es\/\" target=\"_blank\">\n\t\t\t\t\t\t<span class=\"elementor-button-content-wrapper\">\n\t\t\t\t\t\t\t\t\t<span class=\"elementor-button-text\">VENIR \u00c0 LOURDES<\/span>\n\t\t\t\t\t<\/span>\n\t\t\t\t\t<\/a>\n\t\t\t\t<\/div>\n\t\t\t\t\t\t\t\t<\/div>\n\t\t\t\t<\/div>\n\t\t\t\t<div class=\"elementor-element elementor-element-42d17945 elementor-view-default elementor-widget elementor-widget-icon\" data-id=\"42d17945\" data-element_type=\"widget\" data-widget_type=\"icon.default\">\n\t\t\t\t<div class=\"elementor-widget-container\">\n\t\t\t\t\t\t\t<div class=\"elementor-icon-wrapper\">\n\t\t\t<div class=\"elementor-icon\">\n\t\t\t<i aria-hidden=\"true\" class=\"fas fa-church\"><\/i>\t\t\t<\/div>\n\t\t<\/div>\n\t\t\t\t\t\t<\/div>\n\t\t\t\t<\/div>\n\t\t\t\t\t<\/div>\n\t\t<\/div>\n\t\t\t\t\t<\/div>\n\t\t<\/section>\n\t\t\t\t<\/div>\n\t\t","protected":false},"excerpt":{"rendered":"<p>\u00bfQui\u00e9nes son los peregrinos de Lourdes? _________________ El Santuario de Nuestra Se\u00f1ora de Lourdes es un santuario internacional, un lugar de encuentro abierto a todo el mundo, sin distinci\u00f3n.\u2028 Todo el mundo acude a Lourdes Desde las apariciones de 1858, &hellip; <a href=\"https:\/\/www.lourdes-france.org\/es\/las-peregrinaciones-de-lourdes\/quienes-son-los-peregrinos-de-lourdes\/\">Continuar<\/a><\/p>\n","protected":false},"author":7,"featured_media":1057039,"parent":866357,"menu_order":0,"comment_status":"closed","ping_status":"closed","template":"","meta":{"_acf_changed":false,"footnotes":""},"class_list":["post-1051893","page","type-page","status-publish","has-post-thumbnail","hentry"],"acf":[],"yoast_head":"<!-- This site is optimized with the Yoast SEO plugin v24.7 - https:\/\/yoast.com\/wordpress\/plugins\/seo\/ -->\n<title>\u00bfQui\u00e9nes son los peregrinos de Lourdes?<\/title>\n<meta name=\"description\" content=\"Son peregrinos ocasionales o habituales, en familia o en di\u00f3cesis, fieles practicantes o visitantes de paso.\" \/>\n<meta name=\"robots\" content=\"index, follow, max-snippet:-1, max-image-preview:large, max-video-preview:-1\" \/>\n<link rel=\"canonical\" href=\"https:\/\/www.lourdes-france.org\/es\/las-peregrinaciones-de-lourdes\/quienes-son-los-peregrinos-de-lourdes\/\" \/>\n<meta name=\"twitter:label1\" content=\"Tiempo de lectura\" \/>\n\t<meta name=\"twitter:data1\" content=\"4 minutos\" \/>\n<script type=\"application\/ld+json\" class=\"yoast-schema-graph\">{\"@context\":\"https:\/\/schema.org\",\"@graph\":[{\"@type\":\"WebPage\",\"@id\":\"https:\/\/www.lourdes-france.org\/es\/las-peregrinaciones-de-lourdes\/quienes-son-los-peregrinos-de-lourdes\/\",\"url\":\"https:\/\/www.lourdes-france.org\/es\/las-peregrinaciones-de-lourdes\/quienes-son-los-peregrinos-de-lourdes\/\",\"name\":\"\u00bfQui\u00e9nes son los peregrinos de Lourdes?\",\"isPartOf\":{\"@id\":\"https:\/\/preprod-lourdes.cawita.com\/#website\"},\"primaryImageOfPage\":{\"@id\":\"https:\/\/www.lourdes-france.org\/es\/las-peregrinaciones-de-lourdes\/quienes-son-los-peregrinos-de-lourdes\/#primaryimage\"},\"image\":{\"@id\":\"https:\/\/www.lourdes-france.org\/es\/las-peregrinaciones-de-lourdes\/quienes-son-los-peregrinos-de-lourdes\/#primaryimage\"},\"thumbnailUrl\":\"https:\/\/www.lourdes-france.org\/wp-content\/uploads\/2025\/08\/image_mise_en_avant-scaled.jpg\",\"datePublished\":\"2025-08-08T15:14:44+00:00\",\"dateModified\":\"2025-09-12T12:20:31+00:00\",\"description\":\"Son peregrinos ocasionales o habituales, en familia o en di\u00f3cesis, fieles practicantes o visitantes de paso.\",\"breadcrumb\":{\"@id\":\"https:\/\/www.lourdes-france.org\/es\/las-peregrinaciones-de-lourdes\/quienes-son-los-peregrinos-de-lourdes\/#breadcrumb\"},\"inLanguage\":\"es\",\"potentialAction\":[{\"@type\":\"ReadAction\",\"target\":[\"https:\/\/www.lourdes-france.org\/es\/las-peregrinaciones-de-lourdes\/quienes-son-los-peregrinos-de-lourdes\/\"]}]},{\"@type\":\"ImageObject\",\"inLanguage\":\"es\",\"@id\":\"https:\/\/www.lourdes-france.org\/es\/las-peregrinaciones-de-lourdes\/quienes-son-los-peregrinos-de-lourdes\/#primaryimage\",\"url\":\"https:\/\/www.lourdes-france.org\/wp-content\/uploads\/2025\/08\/image_mise_en_avant-scaled.jpg\",\"contentUrl\":\"https:\/\/www.lourdes-france.org\/wp-content\/uploads\/2025\/08\/image_mise_en_avant-scaled.jpg\",\"width\":2560,\"height\":1707,\"caption\":\"Qui sont les p\u00e8lerins de Lourdes\"},{\"@type\":\"BreadcrumbList\",\"@id\":\"https:\/\/www.lourdes-france.org\/es\/las-peregrinaciones-de-lourdes\/quienes-son-los-peregrinos-de-lourdes\/#breadcrumb\",\"itemListElement\":[{\"@type\":\"ListItem\",\"position\":1,\"name\":\"Accueil\",\"item\":\"https:\/\/www.lourdes-france.org\/\"},{\"@type\":\"ListItem\",\"position\":2,\"name\":\"Las peregrinaciones\",\"item\":\"https:\/\/www.lourdes-france.org\/es\/las-peregrinaciones-de-lourdes\/\"},{\"@type\":\"ListItem\",\"position\":3,\"name\":\"\u00bfQui\u00e9nes son los peregrinos de Lourdes?\"}]},{\"@type\":\"WebSite\",\"@id\":\"https:\/\/preprod-lourdes.cawita.com\/#website\",\"url\":\"https:\/\/preprod-lourdes.cawita.com\/\",\"name\":\"Soutenir le Sanctuaire Notre-Dame de Lourdes\",\"description\":\"\",\"potentialAction\":[{\"@type\":\"SearchAction\",\"target\":{\"@type\":\"EntryPoint\",\"urlTemplate\":\"https:\/\/preprod-lourdes.cawita.com\/?s={search_term_string}\"},\"query-input\":{\"@type\":\"PropertyValueSpecification\",\"valueRequired\":true,\"valueName\":\"search_term_string\"}}],\"inLanguage\":\"es\"}]}<\/script>\n<!-- \/ Yoast SEO plugin. -->","yoast_head_json":{"title":"\u00bfQui\u00e9nes son los peregrinos de Lourdes?","description":"Son peregrinos ocasionales o habituales, en familia o en di\u00f3cesis, fieles practicantes o visitantes de paso.","robots":{"index":"index","follow":"follow","max-snippet":"max-snippet:-1","max-image-preview":"max-image-preview:large","max-video-preview":"max-video-preview:-1"},"canonical":"https:\/\/www.lourdes-france.org\/es\/las-peregrinaciones-de-lourdes\/quienes-son-los-peregrinos-de-lourdes\/","twitter_misc":{"Tiempo de lectura":"4 minutos"},"schema":{"@context":"https:\/\/schema.org","@graph":[{"@type":"WebPage","@id":"https:\/\/www.lourdes-france.org\/es\/las-peregrinaciones-de-lourdes\/quienes-son-los-peregrinos-de-lourdes\/","url":"https:\/\/www.lourdes-france.org\/es\/las-peregrinaciones-de-lourdes\/quienes-son-los-peregrinos-de-lourdes\/","name":"\u00bfQui\u00e9nes son los peregrinos de Lourdes?","isPartOf":{"@id":"https:\/\/preprod-lourdes.cawita.com\/#website"},"primaryImageOfPage":{"@id":"https:\/\/www.lourdes-france.org\/es\/las-peregrinaciones-de-lourdes\/quienes-son-los-peregrinos-de-lourdes\/#primaryimage"},"image":{"@id":"https:\/\/www.lourdes-france.org\/es\/las-peregrinaciones-de-lourdes\/quienes-son-los-peregrinos-de-lourdes\/#primaryimage"},"thumbnailUrl":"https:\/\/www.lourdes-france.org\/wp-content\/uploads\/2025\/08\/image_mise_en_avant-scaled.jpg","datePublished":"2025-08-08T15:14:44+00:00","dateModified":"2025-09-12T12:20:31+00:00","description":"Son peregrinos ocasionales o habituales, en familia o en di\u00f3cesis, fieles practicantes o visitantes de paso.","breadcrumb":{"@id":"https:\/\/www.lourdes-france.org\/es\/las-peregrinaciones-de-lourdes\/quienes-son-los-peregrinos-de-lourdes\/#breadcrumb"},"inLanguage":"es","potentialAction":[{"@type":"ReadAction","target":["https:\/\/www.lourdes-france.org\/es\/las-peregrinaciones-de-lourdes\/quienes-son-los-peregrinos-de-lourdes\/"]}]},{"@type":"ImageObject","inLanguage":"es","@id":"https:\/\/www.lourdes-france.org\/es\/las-peregrinaciones-de-lourdes\/quienes-son-los-peregrinos-de-lourdes\/#primaryimage","url":"https:\/\/www.lourdes-france.org\/wp-content\/uploads\/2025\/08\/image_mise_en_avant-scaled.jpg","contentUrl":"https:\/\/www.lourdes-france.org\/wp-content\/uploads\/2025\/08\/image_mise_en_avant-scaled.jpg","width":2560,"height":1707,"caption":"Qui sont les p\u00e8lerins de Lourdes"},{"@type":"BreadcrumbList","@id":"https:\/\/www.lourdes-france.org\/es\/las-peregrinaciones-de-lourdes\/quienes-son-los-peregrinos-de-lourdes\/#breadcrumb","itemListElement":[{"@type":"ListItem","position":1,"name":"Accueil","item":"https:\/\/www.lourdes-france.org\/"},{"@type":"ListItem","position":2,"name":"Las peregrinaciones","item":"https:\/\/www.lourdes-france.org\/es\/las-peregrinaciones-de-lourdes\/"},{"@type":"ListItem","position":3,"name":"\u00bfQui\u00e9nes son los peregrinos de Lourdes?"}]},{"@type":"WebSite","@id":"https:\/\/preprod-lourdes.cawita.com\/#website","url":"https:\/\/preprod-lourdes.cawita.com\/","name":"Soutenir le Sanctuaire Notre-Dame de Lourdes","description":"","potentialAction":[{"@type":"SearchAction","target":{"@type":"EntryPoint","urlTemplate":"https:\/\/preprod-lourdes.cawita.com\/?s={search_term_string}"},"query-input":{"@type":"PropertyValueSpecification","valueRequired":true,"valueName":"search_term_string"}}],"inLanguage":"es"}]}},"_links":{"self":[{"href":"https:\/\/www.lourdes-france.org\/es\/wp-json\/wp\/v2\/pages\/1051893","targetHints":{"allow":["GET"]}}],"collection":[{"href":"https:\/\/www.lourdes-france.org\/es\/wp-json\/wp\/v2\/pages"}],"about":[{"href":"https:\/\/www.lourdes-france.org\/es\/wp-json\/wp\/v2\/types\/page"}],"author":[{"embeddable":true,"href":"https:\/\/www.lourdes-france.org\/es\/wp-json\/wp\/v2\/users\/7"}],"replies":[{"embeddable":true,"href":"https:\/\/www.lourdes-france.org\/es\/wp-json\/wp\/v2\/comments?post=1051893"}],"version-history":[{"count":3,"href":"https:\/\/www.lourdes-france.org\/es\/wp-json\/wp\/v2\/pages\/1051893\/revisions"}],"predecessor-version":[{"id":1067321,"href":"https:\/\/www.lourdes-france.org\/es\/wp-json\/wp\/v2\/pages\/1051893\/revisions\/1067321"}],"up":[{"embeddable":true,"href":"https:\/\/www.lourdes-france.org\/es\/wp-json\/wp\/v2\/pages\/866357"}],"wp:featuredmedia":[{"embeddable":true,"href":"https:\/\/www.lourdes-france.org\/es\/wp-json\/wp\/v2\/media\/1057039"}],"wp:attachment":[{"href":"https:\/\/www.lourdes-france.org\/es\/wp-json\/wp\/v2\/media?parent=1051893"}],"curies":[{"name":"wp","href":"https:\/\/api.w.org\/{rel}","templated":true}]}}