{"id":1051906,"date":"2025-08-08T16:50:25","date_gmt":"2025-08-08T14:50:25","guid":{"rendered":"https:\/\/www.lourdes-france.org\/las-peregrinaciones-de-lourdes\/personnes-malades\/"},"modified":"2025-09-12T14:13:03","modified_gmt":"2025-09-12T12:13:03","slug":"la-presencia-de-personas-enfermas-en-lourdes","status":"publish","type":"page","link":"https:\/\/www.lourdes-france.org\/es\/las-peregrinaciones-de-lourdes\/la-presencia-de-personas-enfermas-en-lourdes\/","title":{"rendered":"La presencia de personas enfermas en Lourdes"},"content":{"rendered":"\t\t<div data-elementor-type=\"wp-page\" data-elementor-id=\"1051906\" class=\"elementor elementor-1051906 elementor-1033085\" data-elementor-post-type=\"page\">\n\t\t\t\t\t\t<section class=\"elementor-section elementor-top-section elementor-element elementor-element-3ba4a85 elementor-section-full_width elementor-section-stretched elementor-section-height-default elementor-section-height-default\" data-id=\"3ba4a85\" data-element_type=\"section\" data-settings=\"{&quot;stretch_section&quot;:&quot;section-stretched&quot;,&quot;background_background&quot;:&quot;classic&quot;}\">\n\t\t\t\t\t\t<div class=\"elementor-container elementor-column-gap-default\">\n\t\t\t\t\t<div class=\"elementor-column elementor-col-100 elementor-top-column elementor-element elementor-element-3a0a0852\" data-id=\"3a0a0852\" data-element_type=\"column\">\n\t\t\t<div class=\"elementor-widget-wrap elementor-element-populated\">\n\t\t\t\t\t\t<div class=\"elementor-element elementor-element-365b7de8 elementor-widget elementor-widget-spacer\" data-id=\"365b7de8\" data-element_type=\"widget\" data-widget_type=\"spacer.default\">\n\t\t\t\t<div class=\"elementor-widget-container\">\n\t\t\t\t\t\t\t<div class=\"elementor-spacer\">\n\t\t\t<div class=\"elementor-spacer-inner\"><\/div>\n\t\t<\/div>\n\t\t\t\t\t\t<\/div>\n\t\t\t\t<\/div>\n\t\t\t\t\t<\/div>\n\t\t<\/div>\n\t\t\t\t\t<\/div>\n\t\t<\/section>\n\t\t\t\t<section class=\"elementor-section elementor-top-section elementor-element elementor-element-e7d4746 elementor-section-full_width elementor-section-height-default elementor-section-height-default\" data-id=\"e7d4746\" data-element_type=\"section\" data-settings=\"{&quot;background_background&quot;:&quot;classic&quot;}\">\n\t\t\t\t\t\t<div class=\"elementor-container elementor-column-gap-default\">\n\t\t\t\t\t<div class=\"elementor-column elementor-col-100 elementor-top-column elementor-element elementor-element-6ebfc8af\" data-id=\"6ebfc8af\" data-element_type=\"column\">\n\t\t\t<div class=\"elementor-widget-wrap elementor-element-populated\">\n\t\t\t\t\t\t<div class=\"elementor-element elementor-element-3174f9c6 elementor-widget elementor-widget-spacer\" data-id=\"3174f9c6\" data-element_type=\"widget\" data-widget_type=\"spacer.default\">\n\t\t\t\t<div class=\"elementor-widget-container\">\n\t\t\t\t\t\t\t<div class=\"elementor-spacer\">\n\t\t\t<div class=\"elementor-spacer-inner\"><\/div>\n\t\t<\/div>\n\t\t\t\t\t\t<\/div>\n\t\t\t\t<\/div>\n\t\t\t\t<div class=\"elementor-element elementor-element-2f1eb3fe elementor-widget elementor-widget-heading\" data-id=\"2f1eb3fe\" data-element_type=\"widget\" data-widget_type=\"heading.default\">\n\t\t\t\t<div class=\"elementor-widget-container\">\n\t\t\t\t\t<h1 class=\"elementor-heading-title elementor-size-default\">La presencia de personas enfermas en Lourdes<\/h1>\t\t\t\t<\/div>\n\t\t\t\t<\/div>\n\t\t\t\t<div class=\"elementor-element elementor-element-11178239 elementor-widget elementor-widget-heading\" data-id=\"11178239\" data-element_type=\"widget\" data-widget_type=\"heading.default\">\n\t\t\t\t<div class=\"elementor-widget-container\">\n\t\t\t\t\t<h2 class=\"elementor-heading-title elementor-size-default\">_________________<\/h2>\t\t\t\t<\/div>\n\t\t\t\t<\/div>\n\t\t\t\t<div class=\"elementor-element elementor-element-2e6ed38e elementor-widget elementor-widget-text-editor\" data-id=\"2e6ed38e\" data-element_type=\"widget\" data-widget_type=\"text-editor.default\">\n\t\t\t\t<div class=\"elementor-widget-container\">\n\t\t\t\t\t\t\t\t\t<p><b>La caracter\u00edstica distintiva del Santuario de Nuestra Se\u00f1ora de Lourdes es la presencia y la prioridad otorgada a las personas enfermas que peregrinan hasta aqu\u00ed.<\/b><\/p><h2><b>En Lourdes, las personas pobres y enfermas son la m\u00e1xima prioridad.<\/b><\/h2><p>Las curaciones y milagros comenzaron a ocurrir desde la \u00e9poca de las apariciones de la Virgen Mar\u00eda a Bernardita. Desde entonces, Lourdes ha recibido en gran n\u00famero a personas vulnerables, d\u00e9biles y enfermas. <br \/>La peregrinaci\u00f3n a Lourdes se ha desarrollado y consolidado en torno a estos peregrinos, con el fin de acompa\u00f1arlos hasta los pies de la Virgen Mar\u00eda, la Inmaculada Concepci\u00f3n. <br \/>Los cuidadores y voluntarios se pusieron al servicio de las personas enfermas y se organizaron formando hospitalidades. La Hospitalidad de Nuestra Se\u00f1ora de la Salvaci\u00f3n y, m\u00e1s tarde, la de Nuestra Se\u00f1ora de Lourdes se fundaron con este prop\u00f3sito desde los or\u00edgenes de la peregrinaci\u00f3n a Lourdes. Posteriormente, surgieron en todo el mundo numerosas hospitalidades dedicadas al acompa\u00f1amiento de las personas enfermas en Lourdes.<\/p>\t\t\t\t\t\t\t\t<\/div>\n\t\t\t\t<\/div>\n\t\t\t\t<div class=\"elementor-element elementor-element-b5425a2 elementor-widget elementor-widget-image\" data-id=\"b5425a2\" data-element_type=\"widget\" data-widget_type=\"image.default\">\n\t\t\t\t<div class=\"elementor-widget-container\">\n\t\t\t\t\t\t\t\t\t\t\t\t\t\t\t<img fetchpriority=\"high\" decoding=\"async\" width=\"768\" height=\"432\" src=\"https:\/\/www.lourdes-france.org\/wp-content\/uploads\/2025\/08\/Malade-1-768x432.jpg\" class=\"attachment-medium_large size-medium_large wp-image-1050883\" alt=\"Malades en procession \u00e0 Lourdes\" srcset=\"https:\/\/www.lourdes-france.org\/wp-content\/uploads\/2025\/08\/Malade-1-768x432.jpg 768w, https:\/\/www.lourdes-france.org\/wp-content\/uploads\/2025\/08\/Malade-1-300x169.jpg 300w, https:\/\/www.lourdes-france.org\/wp-content\/uploads\/2025\/08\/Malade-1-1024x576.jpg 1024w, https:\/\/www.lourdes-france.org\/wp-content\/uploads\/2025\/08\/Malade-1-1536x864.jpg 1536w, https:\/\/www.lourdes-france.org\/wp-content\/uploads\/2025\/08\/Malade-1-2048x1152.jpg 2048w\" sizes=\"(max-width: 768px) 100vw, 768px\" \/>\t\t\t\t\t\t\t\t\t\t\t\t\t\t\t<\/div>\n\t\t\t\t<\/div>\n\t\t\t\t<div class=\"elementor-element elementor-element-0b8faa2 elementor-widget elementor-widget-text-editor\" data-id=\"0b8faa2\" data-element_type=\"widget\" data-widget_type=\"text-editor.default\">\n\t\t\t\t<div class=\"elementor-widget-container\">\n\t\t\t\t\t\t\t\t\t<h2><b>\u00bfPor qu\u00e9 Lourdes atrae a tantas personas enfermas?<\/b><\/h2><p>Lourdes es un lugar de sanaci\u00f3n tanto del cuerpo como del coraz\u00f3n. Cada peregrino que cruza las puertas del Santuario busca una sanaci\u00f3n, sea cual sea su naturaleza. <br \/>El Santuario es un lugar de gracia que atrae a las personas que sufren en cuerpo y alma, quienes acuden aqu\u00ed para buscar sanaci\u00f3n, fuerza para continuar y avanzar, as\u00ed como la posibilidad de depositar sus cargas y pecados en la Gruta. <br \/>Los testimonios de gracias recibidas son innumerables, al igual que las curaciones, tal como atestiguan los 72 milagros reconocidos, signos tangibles de que Dios obra en este santuario dedicado a la Virgen Mar\u00eda.<\/p>\t\t\t\t\t\t\t\t<\/div>\n\t\t\t\t<\/div>\n\t\t\t\t<div class=\"elementor-element elementor-element-65a3136 elementor-widget elementor-widget-image\" data-id=\"65a3136\" data-element_type=\"widget\" data-widget_type=\"image.default\">\n\t\t\t\t<div class=\"elementor-widget-container\">\n\t\t\t\t\t\t\t\t\t\t\t\t\t\t\t<img decoding=\"async\" width=\"768\" height=\"512\" src=\"https:\/\/www.lourdes-france.org\/wp-content\/uploads\/2025\/08\/25_illu-personne-handicapee-69-768x512.jpg\" class=\"attachment-medium_large size-medium_large wp-image-1050891\" alt=\"d\u00e9poser un cierge \u00e0 Lourdes\" srcset=\"https:\/\/www.lourdes-france.org\/wp-content\/uploads\/2025\/08\/25_illu-personne-handicapee-69-768x512.jpg 768w, https:\/\/www.lourdes-france.org\/wp-content\/uploads\/2025\/08\/25_illu-personne-handicapee-69-300x200.jpg 300w, https:\/\/www.lourdes-france.org\/wp-content\/uploads\/2025\/08\/25_illu-personne-handicapee-69-1024x683.jpg 1024w, https:\/\/www.lourdes-france.org\/wp-content\/uploads\/2025\/08\/25_illu-personne-handicapee-69-1536x1024.jpg 1536w, https:\/\/www.lourdes-france.org\/wp-content\/uploads\/2025\/08\/25_illu-personne-handicapee-69-2048x1365.jpg 2048w\" sizes=\"(max-width: 768px) 100vw, 768px\" \/>\t\t\t\t\t\t\t\t\t\t\t\t\t\t\t<\/div>\n\t\t\t\t<\/div>\n\t\t\t\t<div class=\"elementor-element elementor-element-6601e1d elementor-widget elementor-widget-text-editor\" data-id=\"6601e1d\" data-element_type=\"widget\" data-widget_type=\"text-editor.default\">\n\t\t\t\t<div class=\"elementor-widget-container\">\n\t\t\t\t\t\t\t\t\t<h2><b>Alojamientos espec\u00edficos<\/b><\/h2><p>Con el fin de acoger y alojar a los peregrinos enfermos, se han creado alojamientos espec\u00edficos para su recepci\u00f3n. <br \/>En la actualidad, los centros de acogida Accueil Notre-Dame y Accueil Marie-Saint-Frai son alojamientos espec\u00edficos y organizados para recibir a las personas enfermas que participan en las peregrinaciones organizadas a Lourdes.<\/p>\t\t\t\t\t\t\t\t<\/div>\n\t\t\t\t<\/div>\n\t\t\t\t<div class=\"elementor-element elementor-element-f550351 elementor-widget elementor-widget-image\" data-id=\"f550351\" data-element_type=\"widget\" data-widget_type=\"image.default\">\n\t\t\t\t<div class=\"elementor-widget-container\">\n\t\t\t\t\t\t\t\t\t\t\t\t\t\t\t<img decoding=\"async\" width=\"768\" height=\"512\" src=\"https:\/\/www.lourdes-france.org\/wp-content\/uploads\/2025\/08\/HNDL-et-malade-49-768x512.jpg\" class=\"attachment-medium_large size-medium_large wp-image-1050899\" alt=\"Malade en charriot devant la Grotte\" srcset=\"https:\/\/www.lourdes-france.org\/wp-content\/uploads\/2025\/08\/HNDL-et-malade-49-768x512.jpg 768w, https:\/\/www.lourdes-france.org\/wp-content\/uploads\/2025\/08\/HNDL-et-malade-49-300x200.jpg 300w, https:\/\/www.lourdes-france.org\/wp-content\/uploads\/2025\/08\/HNDL-et-malade-49-1024x683.jpg 1024w, https:\/\/www.lourdes-france.org\/wp-content\/uploads\/2025\/08\/HNDL-et-malade-49-1536x1024.jpg 1536w, https:\/\/www.lourdes-france.org\/wp-content\/uploads\/2025\/08\/HNDL-et-malade-49-2048x1365.jpg 2048w\" sizes=\"(max-width: 768px) 100vw, 768px\" \/>\t\t\t\t\t\t\t\t\t\t\t\t\t\t\t<\/div>\n\t\t\t\t<\/div>\n\t\t\t\t<div class=\"elementor-element elementor-element-7a1f1af6 elementor-view-default elementor-widget elementor-widget-icon\" data-id=\"7a1f1af6\" data-element_type=\"widget\" data-widget_type=\"icon.default\">\n\t\t\t\t<div class=\"elementor-widget-container\">\n\t\t\t\t\t\t\t<div class=\"elementor-icon-wrapper\">\n\t\t\t<div class=\"elementor-icon\">\n\t\t\t<i aria-hidden=\"true\" class=\"fas fa-church\"><\/i>\t\t\t<\/div>\n\t\t<\/div>\n\t\t\t\t\t\t<\/div>\n\t\t\t\t<\/div>\n\t\t\t\t\t<\/div>\n\t\t<\/div>\n\t\t\t\t\t<\/div>\n\t\t<\/section>\n\t\t\t\t<\/div>\n\t\t","protected":false},"excerpt":{"rendered":"<p>La presencia de personas enfermas en Lourdes _________________ La caracter\u00edstica distintiva del Santuario de Nuestra Se\u00f1ora de Lourdes es la presencia y la prioridad otorgada a las personas enfermas que peregrinan hasta aqu\u00ed. En Lourdes, las personas pobres y enfermas &hellip; <a href=\"https:\/\/www.lourdes-france.org\/es\/las-peregrinaciones-de-lourdes\/la-presencia-de-personas-enfermas-en-lourdes\/\">Continuar<\/a><\/p>\n","protected":false},"author":7,"featured_media":0,"parent":866357,"menu_order":0,"comment_status":"closed","ping_status":"closed","template":"","meta":{"_acf_changed":false,"footnotes":""},"class_list":["post-1051906","page","type-page","status-publish","hentry"],"acf":[],"yoast_head":"<!-- This site is optimized with the Yoast SEO plugin v24.7 - https:\/\/yoast.com\/wordpress\/plugins\/seo\/ -->\n<title>La presencia de personas enfermas en Lourdes<\/title>\n<meta name=\"description\" content=\"La particularidad del Santuario de Lourdes es la presencia de personas enfermas y el lugar que se les concede durante su peregrinaci\u00f3n al Santuario.\" \/>\n<meta name=\"robots\" content=\"index, follow, max-snippet:-1, max-image-preview:large, max-video-preview:-1\" \/>\n<link rel=\"canonical\" href=\"https:\/\/www.lourdes-france.org\/es\/las-peregrinaciones-de-lourdes\/la-presencia-de-personas-enfermas-en-lourdes\/\" \/>\n<meta name=\"twitter:label1\" content=\"Tiempo de lectura\" \/>\n\t<meta name=\"twitter:data1\" content=\"3 minutos\" \/>\n<script type=\"application\/ld+json\" class=\"yoast-schema-graph\">{\"@context\":\"https:\/\/schema.org\",\"@graph\":[{\"@type\":\"WebPage\",\"@id\":\"https:\/\/www.lourdes-france.org\/es\/las-peregrinaciones-de-lourdes\/la-presencia-de-personas-enfermas-en-lourdes\/\",\"url\":\"https:\/\/www.lourdes-france.org\/es\/las-peregrinaciones-de-lourdes\/la-presencia-de-personas-enfermas-en-lourdes\/\",\"name\":\"La presencia de personas enfermas en Lourdes\",\"isPartOf\":{\"@id\":\"https:\/\/preprod-lourdes.cawita.com\/#website\"},\"primaryImageOfPage\":{\"@id\":\"https:\/\/www.lourdes-france.org\/es\/las-peregrinaciones-de-lourdes\/la-presencia-de-personas-enfermas-en-lourdes\/#primaryimage\"},\"image\":{\"@id\":\"https:\/\/www.lourdes-france.org\/es\/las-peregrinaciones-de-lourdes\/la-presencia-de-personas-enfermas-en-lourdes\/#primaryimage\"},\"thumbnailUrl\":\"https:\/\/www.lourdes-france.org\/wp-content\/uploads\/2025\/08\/Malade-1-768x432.jpg\",\"datePublished\":\"2025-08-08T14:50:25+00:00\",\"dateModified\":\"2025-09-12T12:13:03+00:00\",\"description\":\"La particularidad del Santuario de Lourdes es la presencia de personas enfermas y el lugar que se les concede durante su peregrinaci\u00f3n al Santuario.\",\"breadcrumb\":{\"@id\":\"https:\/\/www.lourdes-france.org\/es\/las-peregrinaciones-de-lourdes\/la-presencia-de-personas-enfermas-en-lourdes\/#breadcrumb\"},\"inLanguage\":\"es\",\"potentialAction\":[{\"@type\":\"ReadAction\",\"target\":[\"https:\/\/www.lourdes-france.org\/es\/las-peregrinaciones-de-lourdes\/la-presencia-de-personas-enfermas-en-lourdes\/\"]}]},{\"@type\":\"ImageObject\",\"inLanguage\":\"es\",\"@id\":\"https:\/\/www.lourdes-france.org\/es\/las-peregrinaciones-de-lourdes\/la-presencia-de-personas-enfermas-en-lourdes\/#primaryimage\",\"url\":\"https:\/\/www.lourdes-france.org\/wp-content\/uploads\/2025\/08\/Malade-1-768x432.jpg\",\"contentUrl\":\"https:\/\/www.lourdes-france.org\/wp-content\/uploads\/2025\/08\/Malade-1-768x432.jpg\"},{\"@type\":\"BreadcrumbList\",\"@id\":\"https:\/\/www.lourdes-france.org\/es\/las-peregrinaciones-de-lourdes\/la-presencia-de-personas-enfermas-en-lourdes\/#breadcrumb\",\"itemListElement\":[{\"@type\":\"ListItem\",\"position\":1,\"name\":\"Accueil\",\"item\":\"https:\/\/www.lourdes-france.org\/\"},{\"@type\":\"ListItem\",\"position\":2,\"name\":\"Las peregrinaciones\",\"item\":\"https:\/\/www.lourdes-france.org\/es\/las-peregrinaciones-de-lourdes\/\"},{\"@type\":\"ListItem\",\"position\":3,\"name\":\"La presencia de personas enfermas en Lourdes\"}]},{\"@type\":\"WebSite\",\"@id\":\"https:\/\/preprod-lourdes.cawita.com\/#website\",\"url\":\"https:\/\/preprod-lourdes.cawita.com\/\",\"name\":\"Soutenir le Sanctuaire Notre-Dame de Lourdes\",\"description\":\"\",\"potentialAction\":[{\"@type\":\"SearchAction\",\"target\":{\"@type\":\"EntryPoint\",\"urlTemplate\":\"https:\/\/preprod-lourdes.cawita.com\/?s={search_term_string}\"},\"query-input\":{\"@type\":\"PropertyValueSpecification\",\"valueRequired\":true,\"valueName\":\"search_term_string\"}}],\"inLanguage\":\"es\"}]}<\/script>\n<!-- \/ Yoast SEO plugin. -->","yoast_head_json":{"title":"La presencia de personas enfermas en Lourdes","description":"La particularidad del Santuario de Lourdes es la presencia de personas enfermas y el lugar que se les concede durante su peregrinaci\u00f3n al Santuario.","robots":{"index":"index","follow":"follow","max-snippet":"max-snippet:-1","max-image-preview":"max-image-preview:large","max-video-preview":"max-video-preview:-1"},"canonical":"https:\/\/www.lourdes-france.org\/es\/las-peregrinaciones-de-lourdes\/la-presencia-de-personas-enfermas-en-lourdes\/","twitter_misc":{"Tiempo de lectura":"3 minutos"},"schema":{"@context":"https:\/\/schema.org","@graph":[{"@type":"WebPage","@id":"https:\/\/www.lourdes-france.org\/es\/las-peregrinaciones-de-lourdes\/la-presencia-de-personas-enfermas-en-lourdes\/","url":"https:\/\/www.lourdes-france.org\/es\/las-peregrinaciones-de-lourdes\/la-presencia-de-personas-enfermas-en-lourdes\/","name":"La presencia de personas enfermas en Lourdes","isPartOf":{"@id":"https:\/\/preprod-lourdes.cawita.com\/#website"},"primaryImageOfPage":{"@id":"https:\/\/www.lourdes-france.org\/es\/las-peregrinaciones-de-lourdes\/la-presencia-de-personas-enfermas-en-lourdes\/#primaryimage"},"image":{"@id":"https:\/\/www.lourdes-france.org\/es\/las-peregrinaciones-de-lourdes\/la-presencia-de-personas-enfermas-en-lourdes\/#primaryimage"},"thumbnailUrl":"https:\/\/www.lourdes-france.org\/wp-content\/uploads\/2025\/08\/Malade-1-768x432.jpg","datePublished":"2025-08-08T14:50:25+00:00","dateModified":"2025-09-12T12:13:03+00:00","description":"La particularidad del Santuario de Lourdes es la presencia de personas enfermas y el lugar que se les concede durante su peregrinaci\u00f3n al Santuario.","breadcrumb":{"@id":"https:\/\/www.lourdes-france.org\/es\/las-peregrinaciones-de-lourdes\/la-presencia-de-personas-enfermas-en-lourdes\/#breadcrumb"},"inLanguage":"es","potentialAction":[{"@type":"ReadAction","target":["https:\/\/www.lourdes-france.org\/es\/las-peregrinaciones-de-lourdes\/la-presencia-de-personas-enfermas-en-lourdes\/"]}]},{"@type":"ImageObject","inLanguage":"es","@id":"https:\/\/www.lourdes-france.org\/es\/las-peregrinaciones-de-lourdes\/la-presencia-de-personas-enfermas-en-lourdes\/#primaryimage","url":"https:\/\/www.lourdes-france.org\/wp-content\/uploads\/2025\/08\/Malade-1-768x432.jpg","contentUrl":"https:\/\/www.lourdes-france.org\/wp-content\/uploads\/2025\/08\/Malade-1-768x432.jpg"},{"@type":"BreadcrumbList","@id":"https:\/\/www.lourdes-france.org\/es\/las-peregrinaciones-de-lourdes\/la-presencia-de-personas-enfermas-en-lourdes\/#breadcrumb","itemListElement":[{"@type":"ListItem","position":1,"name":"Accueil","item":"https:\/\/www.lourdes-france.org\/"},{"@type":"ListItem","position":2,"name":"Las peregrinaciones","item":"https:\/\/www.lourdes-france.org\/es\/las-peregrinaciones-de-lourdes\/"},{"@type":"ListItem","position":3,"name":"La presencia de personas enfermas en Lourdes"}]},{"@type":"WebSite","@id":"https:\/\/preprod-lourdes.cawita.com\/#website","url":"https:\/\/preprod-lourdes.cawita.com\/","name":"Soutenir le Sanctuaire Notre-Dame de Lourdes","description":"","potentialAction":[{"@type":"SearchAction","target":{"@type":"EntryPoint","urlTemplate":"https:\/\/preprod-lourdes.cawita.com\/?s={search_term_string}"},"query-input":{"@type":"PropertyValueSpecification","valueRequired":true,"valueName":"search_term_string"}}],"inLanguage":"es"}]}},"_links":{"self":[{"href":"https:\/\/www.lourdes-france.org\/es\/wp-json\/wp\/v2\/pages\/1051906","targetHints":{"allow":["GET"]}}],"collection":[{"href":"https:\/\/www.lourdes-france.org\/es\/wp-json\/wp\/v2\/pages"}],"about":[{"href":"https:\/\/www.lourdes-france.org\/es\/wp-json\/wp\/v2\/types\/page"}],"author":[{"embeddable":true,"href":"https:\/\/www.lourdes-france.org\/es\/wp-json\/wp\/v2\/users\/7"}],"replies":[{"embeddable":true,"href":"https:\/\/www.lourdes-france.org\/es\/wp-json\/wp\/v2\/comments?post=1051906"}],"version-history":[{"count":4,"href":"https:\/\/www.lourdes-france.org\/es\/wp-json\/wp\/v2\/pages\/1051906\/revisions"}],"predecessor-version":[{"id":1067319,"href":"https:\/\/www.lourdes-france.org\/es\/wp-json\/wp\/v2\/pages\/1051906\/revisions\/1067319"}],"up":[{"embeddable":true,"href":"https:\/\/www.lourdes-france.org\/es\/wp-json\/wp\/v2\/pages\/866357"}],"wp:attachment":[{"href":"https:\/\/www.lourdes-france.org\/es\/wp-json\/wp\/v2\/media?parent=1051906"}],"curies":[{"name":"wp","href":"https:\/\/api.w.org\/{rel}","templated":true}]}}