{"id":1051934,"date":"2022-10-04T09:58:33","date_gmt":"2022-10-04T07:58:33","guid":{"rendered":"https:\/\/www.lourdes-france.org\/le-service-des-archives-et-bibliotheques-du-sanctuaire\/"},"modified":"2025-08-19T09:46:26","modified_gmt":"2025-08-19T07:46:26","slug":"le-service-des-archives-et-bibliotheques-du-sanctuaire","status":"publish","type":"page","link":"https:\/\/www.lourdes-france.org\/es\/le-service-des-archives-et-bibliotheques-du-sanctuaire\/","title":{"rendered":"Servicio de Archivos y Bibliotecas del Santuario"},"content":{"rendered":"\t\t<div data-elementor-type=\"wp-page\" data-elementor-id=\"1051934\" class=\"elementor elementor-1051934 elementor-873474\" data-elementor-post-type=\"page\">\n\t\t\t\t\t\t<section class=\"elementor-section elementor-top-section elementor-element elementor-element-802146e elementor-section-full_width elementor-section-stretched elementor-section-height-default elementor-section-height-default\" data-id=\"802146e\" data-element_type=\"section\" data-settings=\"{&quot;stretch_section&quot;:&quot;section-stretched&quot;,&quot;background_background&quot;:&quot;classic&quot;}\">\n\t\t\t\t\t\t<div class=\"elementor-container elementor-column-gap-default\">\n\t\t\t\t\t<div class=\"elementor-column elementor-col-100 elementor-top-column elementor-element elementor-element-6115f80\" data-id=\"6115f80\" data-element_type=\"column\">\n\t\t\t<div class=\"elementor-widget-wrap elementor-element-populated\">\n\t\t\t\t\t\t<div class=\"elementor-element elementor-element-5cc3d77 elementor-widget elementor-widget-spacer\" data-id=\"5cc3d77\" data-element_type=\"widget\" data-widget_type=\"spacer.default\">\n\t\t\t\t<div class=\"elementor-widget-container\">\n\t\t\t\t\t\t\t<div class=\"elementor-spacer\">\n\t\t\t<div class=\"elementor-spacer-inner\"><\/div>\n\t\t<\/div>\n\t\t\t\t\t\t<\/div>\n\t\t\t\t<\/div>\n\t\t\t\t\t<\/div>\n\t\t<\/div>\n\t\t\t\t\t<\/div>\n\t\t<\/section>\n\t\t\t\t<section class=\"elementor-section elementor-top-section elementor-element elementor-element-3def9d4 elementor-section-full_width elementor-section-height-default elementor-section-height-default\" data-id=\"3def9d4\" data-element_type=\"section\" data-settings=\"{&quot;background_background&quot;:&quot;classic&quot;}\">\n\t\t\t\t\t\t<div class=\"elementor-container elementor-column-gap-default\">\n\t\t\t\t\t<div class=\"elementor-column elementor-col-100 elementor-top-column elementor-element elementor-element-cac3266\" data-id=\"cac3266\" data-element_type=\"column\">\n\t\t\t<div class=\"elementor-widget-wrap elementor-element-populated\">\n\t\t\t\t\t\t<div class=\"elementor-element elementor-element-10c947c elementor-widget elementor-widget-spacer\" data-id=\"10c947c\" data-element_type=\"widget\" data-widget_type=\"spacer.default\">\n\t\t\t\t<div class=\"elementor-widget-container\">\n\t\t\t\t\t\t\t<div class=\"elementor-spacer\">\n\t\t\t<div class=\"elementor-spacer-inner\"><\/div>\n\t\t<\/div>\n\t\t\t\t\t\t<\/div>\n\t\t\t\t<\/div>\n\t\t\t\t<div class=\"elementor-element elementor-element-566bbb1 elementor-widget elementor-widget-heading\" data-id=\"566bbb1\" data-element_type=\"widget\" data-widget_type=\"heading.default\">\n\t\t\t\t<div class=\"elementor-widget-container\">\n\t\t\t\t\t<h1 class=\"elementor-heading-title elementor-size-default\">Servicio de Archivos y Bibliotecas del Santuario<\/h1>\t\t\t\t<\/div>\n\t\t\t\t<\/div>\n\t\t\t\t<div class=\"elementor-element elementor-element-3ff6bcf elementor-widget elementor-widget-heading\" data-id=\"3ff6bcf\" data-element_type=\"widget\" data-widget_type=\"heading.default\">\n\t\t\t\t<div class=\"elementor-widget-container\">\n\t\t\t\t\t<h2 class=\"elementor-heading-title elementor-size-default\">_________________<\/h2>\t\t\t\t<\/div>\n\t\t\t\t<\/div>\n\t\t\t\t<div class=\"elementor-element elementor-element-3f6bfaa elementor-widget elementor-widget-text-editor\" data-id=\"3f6bfaa\" data-element_type=\"widget\" data-widget_type=\"text-editor.default\">\n\t\t\t\t<div class=\"elementor-widget-container\">\n\t\t\t\t\t\t\t\t\t<h5>El Servicio de Archivos y Bibliotecas del Santuario tiene como misi\u00f3n poner a disposici\u00f3n de todos los recursos escritos sobre la historia y la evoluci\u00f3n del Santuario de Lourdes (obras sobre la historia de Lourdes y las peregrinaciones, archivos escritos, iconogr\u00e1ficos y fotogr\u00e1ficos, entre otros).<\/h5>\t\t\t\t\t\t\t\t<\/div>\n\t\t\t\t<\/div>\n\t\t\t\t<div class=\"elementor-element elementor-element-7fc31b1 elementor-widget elementor-widget-text-editor\" data-id=\"7fc31b1\" data-element_type=\"widget\" data-widget_type=\"text-editor.default\">\n\t\t\t\t<div class=\"elementor-widget-container\">\n\t\t\t\t\t\t\t\t\t<p>Asimismo, La biblioteca cuenta con un fondo especializado en mariolog\u00eda, \u00fanico en Francia, que abarca la historia y el culto de la Virgen Mar\u00eda (historia de la mariolog\u00eda, teolog\u00eda mariana, historia de las apariciones y de los santuarios en el mundo, patr\u00edstica y teolog\u00eda).<\/p><p>Los documentos deben consultarse en el propio recinto, ya que su pr\u00e9stamo no est\u00e1 permitido. No obstante, es posible realizar b\u00fasquedas y consultas a distancia.<br \/>El cat\u00e1logo de la biblioteca est\u00e1 disponible en l\u00ednea: <a href=\"https:\/\/lourdes.centredoc.fr\/\">https:\/\/lourdes.centredoc.fr\/<\/a><\/p>\t\t\t\t\t\t\t\t<\/div>\n\t\t\t\t<\/div>\n\t\t\t\t<div class=\"elementor-element elementor-element-1908247 elementor-widget elementor-widget-heading\" data-id=\"1908247\" data-element_type=\"widget\" data-widget_type=\"heading.default\">\n\t\t\t\t<div class=\"elementor-widget-container\">\n\t\t\t\t\t<h2 class=\"elementor-heading-title elementor-size-default\">M\u00e1s informaci\u00f3n<\/h2>\t\t\t\t<\/div>\n\t\t\t\t<\/div>\n\t\t\t\t<div class=\"elementor-element elementor-element-25f0bfd elementor-widget elementor-widget-link-in-bio\" data-id=\"25f0bfd\" data-element_type=\"widget\" data-widget_type=\"link-in-bio.default\">\n\t\t\t\t<div class=\"elementor-widget-container\">\n\t\t\t\t\t\t\t<div class=\"e-link-in-bio e-link-in-bio\">\n\t\t\t<div class=\"e-link-in-bio__content\">\n\n\t\t\t\t\t\t<div class=\"e-link-in-bio__identity\">\n\t\t\t\t\t\t\t\t\t<div class=\"e-link-in-bio__identity-image e-link-in-bio__identity-image-profile has-border has-style-circle\">\n\t\t\t\t\t\t\t<img fetchpriority=\"high\" decoding=\"async\" width=\"300\" height=\"300\" src=\"https:\/\/www.lourdes-france.org\/wp-content\/uploads\/2025\/08\/image-2-1-300x300.jpg\" class=\"e-link-in-bio__identity-image-element\" alt=\"\" srcset=\"https:\/\/www.lourdes-france.org\/wp-content\/uploads\/2025\/08\/image-2-1-300x300.jpg 300w, https:\/\/www.lourdes-france.org\/wp-content\/uploads\/2025\/08\/image-2-1-150x150.jpg 150w, https:\/\/www.lourdes-france.org\/wp-content\/uploads\/2025\/08\/image-2-1.jpg 320w\" sizes=\"(max-width: 300px) 100vw, 300px\" \/>\t\t\t\t\t\t\t\t\t\t\t\t\t<\/div>\n\t\t\t\t\t\t\t<\/div>\n\t\t\t\t\t<div class=\"e-link-in-bio__bio\">\n\t\t\t\t<h2 class=\"e-link-in-bio__heading\">Nicolas Dargegen\n<\/h2>\t\t\t\t<h2 class=\"e-link-in-bio__title\">Responsable del Servicio de Archivos y Bibliotecas\n<\/h2>\t\t\t\t\t\t\t\t\t\t\t<\/div>\n\t\t\t\t\t<div class=\"e-link-in-bio__icons has-size-medium\">\n\t\t\t\t\t\t\t<div class=\"e-link-in-bio__icon is-size-medium\">\n\t\t\t\t\t<a aria-label=\"Telephone\" class=\"e-link-in-bio__icon-link\" href=\"tel:+33%20(0)5%2062%2042%2078%2044\">\n\t\t\t\t\t\t<span class=\"e-link-in-bio__icon-svg\">\n\t\t\t\t\t\t\t<i aria-hidden=\"true\" class=\"fas fa-phone-alt\"><\/i>\t\t\t\t\t\t<\/span>\n\t\t\t\t\t\t\t\t\t\t\t<\/a>\n\t\t\t\t<\/div>\n\t\t\t\t\t\t\t<div class=\"e-link-in-bio__icon is-size-medium\">\n\t\t\t\t\t<a aria-label=\"Email\" class=\"e-link-in-bio__icon-link\" href=\"mailto:nicolas.dargegen@lourdes-france.com\">\n\t\t\t\t\t\t<span class=\"e-link-in-bio__icon-svg\">\n\t\t\t\t\t\t\t<i aria-hidden=\"true\" class=\"fas fa-envelope\"><\/i>\t\t\t\t\t\t<\/span>\n\t\t\t\t\t\t\t\t\t\t\t<\/a>\n\t\t\t\t<\/div>\n\t\t\t\t\t<\/div>\n\t\t\n\t\t<div class=\"e-link-in-bio__ctas has-type-button\">\n\t\t\t\t\t\t\t<a target=\"_blank\" rel=\"noopener \" class=\"e-link-in-bio__cta is-type-button has-corners-rounded\" href=\"\">\n\t\t\t\t\t\t\t\t\t\t<span class=\"e-link-in-bio__cta-text\">\n\t\t\t\t\t\t1 avenue Mgr Th\u00e9as \u2013 65 108 Lourdes  France\t\t\t\t\t<\/span>\n\t\t\t\t<\/a>\n\t\t\t\t\t<\/div>\n\t\t\n\t\t\t<\/div>\n\t\t\t<div class=\"e-link-in-bio__bg\">\n\t\t\t\t<div class=\"e-link-in-bio__bg-overlay\"><\/div>\n\t\t\t<\/div>\n\t\t<\/div>\n\t\t\t\t\t\t<\/div>\n\t\t\t\t<\/div>\n\t\t\t\t<div class=\"elementor-element elementor-element-18a2891 elementor-view-default elementor-widget elementor-widget-icon\" data-id=\"18a2891\" data-element_type=\"widget\" data-widget_type=\"icon.default\">\n\t\t\t\t<div class=\"elementor-widget-container\">\n\t\t\t\t\t\t\t<div class=\"elementor-icon-wrapper\">\n\t\t\t<div class=\"elementor-icon\">\n\t\t\t<i aria-hidden=\"true\" class=\"fas fa-church\"><\/i>\t\t\t<\/div>\n\t\t<\/div>\n\t\t\t\t\t\t<\/div>\n\t\t\t\t<\/div>\n\t\t\t\t\t<\/div>\n\t\t<\/div>\n\t\t\t\t\t<\/div>\n\t\t<\/section>\n\t\t\t\t<\/div>\n\t\t","protected":false},"excerpt":{"rendered":"<p>Servicio de Archivos y Bibliotecas del Santuario _________________ El Servicio de Archivos y Bibliotecas del Santuario tiene como misi\u00f3n poner a disposici\u00f3n de todos los recursos escritos sobre la historia y la evoluci\u00f3n del Santuario de Lourdes (obras sobre la &hellip; <a href=\"https:\/\/www.lourdes-france.org\/es\/le-service-des-archives-et-bibliotheques-du-sanctuaire\/\">Continuar<\/a><\/p>\n","protected":false},"author":7,"featured_media":873483,"parent":0,"menu_order":0,"comment_status":"closed","ping_status":"closed","template":"","meta":{"_acf_changed":false,"footnotes":""},"class_list":["post-1051934","page","type-page","status-publish","has-post-thumbnail","hentry"],"acf":[],"yoast_head":"<!-- This site is optimized with the Yoast SEO plugin v24.7 - https:\/\/yoast.com\/wordpress\/plugins\/seo\/ -->\n<title>Service des archives et biblioth\u00e8ques<\/title>\n<meta name=\"description\" content=\"Le service des archives et biblioth\u00e8ques a pour mission de mettre \u00e0 disposition les ressources \u00e9crites sur l\u2019histoire et l\u2019\u00e9volution du Sanctuaire de Lourdes.\" \/>\n<meta name=\"robots\" content=\"index, follow, max-snippet:-1, max-image-preview:large, max-video-preview:-1\" \/>\n<link rel=\"canonical\" href=\"https:\/\/www.lourdes-france.org\/es\/le-service-des-archives-et-bibliotheques-du-sanctuaire\/\" \/>\n<meta name=\"twitter:label1\" content=\"Tiempo de lectura\" \/>\n\t<meta name=\"twitter:data1\" content=\"1 minuto\" \/>\n<script type=\"application\/ld+json\" class=\"yoast-schema-graph\">{\"@context\":\"https:\/\/schema.org\",\"@graph\":[{\"@type\":\"WebPage\",\"@id\":\"https:\/\/www.lourdes-france.org\/es\/le-service-des-archives-et-bibliotheques-du-sanctuaire\/\",\"url\":\"https:\/\/www.lourdes-france.org\/es\/le-service-des-archives-et-bibliotheques-du-sanctuaire\/\",\"name\":\"Service des archives et biblioth\u00e8ques\",\"isPartOf\":{\"@id\":\"https:\/\/preprod-lourdes.cawita.com\/#website\"},\"primaryImageOfPage\":{\"@id\":\"https:\/\/www.lourdes-france.org\/es\/le-service-des-archives-et-bibliotheques-du-sanctuaire\/#primaryimage\"},\"image\":{\"@id\":\"https:\/\/www.lourdes-france.org\/es\/le-service-des-archives-et-bibliotheques-du-sanctuaire\/#primaryimage\"},\"thumbnailUrl\":\"https:\/\/www.lourdes-france.org\/wp-content\/uploads\/2022\/10\/Archives_et_patrimoine-scaled.jpg\",\"datePublished\":\"2022-10-04T07:58:33+00:00\",\"dateModified\":\"2025-08-19T07:46:26+00:00\",\"description\":\"Le service des archives et biblioth\u00e8ques a pour mission de mettre \u00e0 disposition les ressources \u00e9crites sur l\u2019histoire et l\u2019\u00e9volution du Sanctuaire de Lourdes.\",\"breadcrumb\":{\"@id\":\"https:\/\/www.lourdes-france.org\/es\/le-service-des-archives-et-bibliotheques-du-sanctuaire\/#breadcrumb\"},\"inLanguage\":\"es\",\"potentialAction\":[{\"@type\":\"ReadAction\",\"target\":[\"https:\/\/www.lourdes-france.org\/es\/le-service-des-archives-et-bibliotheques-du-sanctuaire\/\"]}]},{\"@type\":\"ImageObject\",\"inLanguage\":\"es\",\"@id\":\"https:\/\/www.lourdes-france.org\/es\/le-service-des-archives-et-bibliotheques-du-sanctuaire\/#primaryimage\",\"url\":\"https:\/\/www.lourdes-france.org\/wp-content\/uploads\/2022\/10\/Archives_et_patrimoine-scaled.jpg\",\"contentUrl\":\"https:\/\/www.lourdes-france.org\/wp-content\/uploads\/2022\/10\/Archives_et_patrimoine-scaled.jpg\",\"width\":2560,\"height\":1707,\"caption\":\"Archives_et_patrimoine\"},{\"@type\":\"BreadcrumbList\",\"@id\":\"https:\/\/www.lourdes-france.org\/es\/le-service-des-archives-et-bibliotheques-du-sanctuaire\/#breadcrumb\",\"itemListElement\":[{\"@type\":\"ListItem\",\"position\":1,\"name\":\"Accueil\",\"item\":\"https:\/\/www.lourdes-france.org\/\"},{\"@type\":\"ListItem\",\"position\":2,\"name\":\"Servicio de Archivos y Bibliotecas del Santuario\"}]},{\"@type\":\"WebSite\",\"@id\":\"https:\/\/preprod-lourdes.cawita.com\/#website\",\"url\":\"https:\/\/preprod-lourdes.cawita.com\/\",\"name\":\"Soutenir le Sanctuaire Notre-Dame de Lourdes\",\"description\":\"\",\"potentialAction\":[{\"@type\":\"SearchAction\",\"target\":{\"@type\":\"EntryPoint\",\"urlTemplate\":\"https:\/\/preprod-lourdes.cawita.com\/?s={search_term_string}\"},\"query-input\":{\"@type\":\"PropertyValueSpecification\",\"valueRequired\":true,\"valueName\":\"search_term_string\"}}],\"inLanguage\":\"es\"}]}<\/script>\n<!-- \/ Yoast SEO plugin. -->","yoast_head_json":{"title":"Service des archives et biblioth\u00e8ques","description":"Le service des archives et biblioth\u00e8ques a pour mission de mettre \u00e0 disposition les ressources \u00e9crites sur l\u2019histoire et l\u2019\u00e9volution du Sanctuaire de Lourdes.","robots":{"index":"index","follow":"follow","max-snippet":"max-snippet:-1","max-image-preview":"max-image-preview:large","max-video-preview":"max-video-preview:-1"},"canonical":"https:\/\/www.lourdes-france.org\/es\/le-service-des-archives-et-bibliotheques-du-sanctuaire\/","twitter_misc":{"Tiempo de lectura":"1 minuto"},"schema":{"@context":"https:\/\/schema.org","@graph":[{"@type":"WebPage","@id":"https:\/\/www.lourdes-france.org\/es\/le-service-des-archives-et-bibliotheques-du-sanctuaire\/","url":"https:\/\/www.lourdes-france.org\/es\/le-service-des-archives-et-bibliotheques-du-sanctuaire\/","name":"Service des archives et biblioth\u00e8ques","isPartOf":{"@id":"https:\/\/preprod-lourdes.cawita.com\/#website"},"primaryImageOfPage":{"@id":"https:\/\/www.lourdes-france.org\/es\/le-service-des-archives-et-bibliotheques-du-sanctuaire\/#primaryimage"},"image":{"@id":"https:\/\/www.lourdes-france.org\/es\/le-service-des-archives-et-bibliotheques-du-sanctuaire\/#primaryimage"},"thumbnailUrl":"https:\/\/www.lourdes-france.org\/wp-content\/uploads\/2022\/10\/Archives_et_patrimoine-scaled.jpg","datePublished":"2022-10-04T07:58:33+00:00","dateModified":"2025-08-19T07:46:26+00:00","description":"Le service des archives et biblioth\u00e8ques a pour mission de mettre \u00e0 disposition les ressources \u00e9crites sur l\u2019histoire et l\u2019\u00e9volution du Sanctuaire de Lourdes.","breadcrumb":{"@id":"https:\/\/www.lourdes-france.org\/es\/le-service-des-archives-et-bibliotheques-du-sanctuaire\/#breadcrumb"},"inLanguage":"es","potentialAction":[{"@type":"ReadAction","target":["https:\/\/www.lourdes-france.org\/es\/le-service-des-archives-et-bibliotheques-du-sanctuaire\/"]}]},{"@type":"ImageObject","inLanguage":"es","@id":"https:\/\/www.lourdes-france.org\/es\/le-service-des-archives-et-bibliotheques-du-sanctuaire\/#primaryimage","url":"https:\/\/www.lourdes-france.org\/wp-content\/uploads\/2022\/10\/Archives_et_patrimoine-scaled.jpg","contentUrl":"https:\/\/www.lourdes-france.org\/wp-content\/uploads\/2022\/10\/Archives_et_patrimoine-scaled.jpg","width":2560,"height":1707,"caption":"Archives_et_patrimoine"},{"@type":"BreadcrumbList","@id":"https:\/\/www.lourdes-france.org\/es\/le-service-des-archives-et-bibliotheques-du-sanctuaire\/#breadcrumb","itemListElement":[{"@type":"ListItem","position":1,"name":"Accueil","item":"https:\/\/www.lourdes-france.org\/"},{"@type":"ListItem","position":2,"name":"Servicio de Archivos y Bibliotecas del Santuario"}]},{"@type":"WebSite","@id":"https:\/\/preprod-lourdes.cawita.com\/#website","url":"https:\/\/preprod-lourdes.cawita.com\/","name":"Soutenir le Sanctuaire Notre-Dame de Lourdes","description":"","potentialAction":[{"@type":"SearchAction","target":{"@type":"EntryPoint","urlTemplate":"https:\/\/preprod-lourdes.cawita.com\/?s={search_term_string}"},"query-input":{"@type":"PropertyValueSpecification","valueRequired":true,"valueName":"search_term_string"}}],"inLanguage":"es"}]}},"_links":{"self":[{"href":"https:\/\/www.lourdes-france.org\/es\/wp-json\/wp\/v2\/pages\/1051934","targetHints":{"allow":["GET"]}}],"collection":[{"href":"https:\/\/www.lourdes-france.org\/es\/wp-json\/wp\/v2\/pages"}],"about":[{"href":"https:\/\/www.lourdes-france.org\/es\/wp-json\/wp\/v2\/types\/page"}],"author":[{"embeddable":true,"href":"https:\/\/www.lourdes-france.org\/es\/wp-json\/wp\/v2\/users\/7"}],"replies":[{"embeddable":true,"href":"https:\/\/www.lourdes-france.org\/es\/wp-json\/wp\/v2\/comments?post=1051934"}],"version-history":[{"count":3,"href":"https:\/\/www.lourdes-france.org\/es\/wp-json\/wp\/v2\/pages\/1051934\/revisions"}],"predecessor-version":[{"id":1056970,"href":"https:\/\/www.lourdes-france.org\/es\/wp-json\/wp\/v2\/pages\/1051934\/revisions\/1056970"}],"wp:featuredmedia":[{"embeddable":true,"href":"https:\/\/www.lourdes-france.org\/es\/wp-json\/wp\/v2\/media\/873483"}],"wp:attachment":[{"href":"https:\/\/www.lourdes-france.org\/es\/wp-json\/wp\/v2\/media?parent=1051934"}],"curies":[{"name":"wp","href":"https:\/\/api.w.org\/{rel}","templated":true}]}}