{"id":1052347,"date":"2025-08-12T10:21:27","date_gmt":"2025-08-12T08:21:27","guid":{"rendered":"https:\/\/www.lourdes-france.org\/?page_id=1052347"},"modified":"2025-09-12T14:16:39","modified_gmt":"2025-09-12T12:16:39","slug":"la-oracion-de-los-peregrinos","status":"publish","type":"page","link":"https:\/\/www.lourdes-france.org\/es\/las-peregrinaciones-de-lourdes\/la-oracion-de-los-peregrinos\/","title":{"rendered":"La oraci\u00f3n de los peregrinos"},"content":{"rendered":"\t\t<div data-elementor-type=\"wp-page\" data-elementor-id=\"1052347\" class=\"elementor elementor-1052347 elementor-1033087\" data-elementor-post-type=\"page\">\n\t\t\t\t\t\t<section class=\"elementor-section elementor-top-section elementor-element elementor-element-248aba01 elementor-section-full_width elementor-section-stretched elementor-section-height-default elementor-section-height-default\" data-id=\"248aba01\" data-element_type=\"section\" data-settings=\"{&quot;stretch_section&quot;:&quot;section-stretched&quot;,&quot;background_background&quot;:&quot;classic&quot;}\">\n\t\t\t\t\t\t<div class=\"elementor-container elementor-column-gap-default\">\n\t\t\t\t\t<div class=\"elementor-column elementor-col-100 elementor-top-column elementor-element elementor-element-251357a7\" data-id=\"251357a7\" data-element_type=\"column\">\n\t\t\t<div class=\"elementor-widget-wrap elementor-element-populated\">\n\t\t\t\t\t\t<div class=\"elementor-element elementor-element-26436804 elementor-widget elementor-widget-spacer\" data-id=\"26436804\" data-element_type=\"widget\" data-widget_type=\"spacer.default\">\n\t\t\t\t<div class=\"elementor-widget-container\">\n\t\t\t\t\t\t\t<div class=\"elementor-spacer\">\n\t\t\t<div class=\"elementor-spacer-inner\"><\/div>\n\t\t<\/div>\n\t\t\t\t\t\t<\/div>\n\t\t\t\t<\/div>\n\t\t\t\t\t<\/div>\n\t\t<\/div>\n\t\t\t\t\t<\/div>\n\t\t<\/section>\n\t\t\t\t<section class=\"elementor-section elementor-top-section elementor-element elementor-element-60c83ed5 elementor-section-full_width elementor-section-height-default elementor-section-height-default\" data-id=\"60c83ed5\" data-element_type=\"section\" data-settings=\"{&quot;background_background&quot;:&quot;classic&quot;}\">\n\t\t\t\t\t\t<div class=\"elementor-container elementor-column-gap-default\">\n\t\t\t\t\t<div class=\"elementor-column elementor-col-100 elementor-top-column elementor-element elementor-element-388d7fa6\" data-id=\"388d7fa6\" data-element_type=\"column\">\n\t\t\t<div class=\"elementor-widget-wrap elementor-element-populated\">\n\t\t\t\t\t\t<div class=\"elementor-element elementor-element-15138ebb elementor-widget elementor-widget-spacer\" data-id=\"15138ebb\" data-element_type=\"widget\" data-widget_type=\"spacer.default\">\n\t\t\t\t<div class=\"elementor-widget-container\">\n\t\t\t\t\t\t\t<div class=\"elementor-spacer\">\n\t\t\t<div class=\"elementor-spacer-inner\"><\/div>\n\t\t<\/div>\n\t\t\t\t\t\t<\/div>\n\t\t\t\t<\/div>\n\t\t\t\t<div class=\"elementor-element elementor-element-74bef77a elementor-widget elementor-widget-heading\" data-id=\"74bef77a\" data-element_type=\"widget\" data-widget_type=\"heading.default\">\n\t\t\t\t<div class=\"elementor-widget-container\">\n\t\t\t\t\t<h1 class=\"elementor-heading-title elementor-size-default\">La oraci\u00f3n de los peregrinos<\/h1>\t\t\t\t<\/div>\n\t\t\t\t<\/div>\n\t\t\t\t<div class=\"elementor-element elementor-element-570284f7 elementor-widget elementor-widget-heading\" data-id=\"570284f7\" data-element_type=\"widget\" data-widget_type=\"heading.default\">\n\t\t\t\t<div class=\"elementor-widget-container\">\n\t\t\t\t\t<h2 class=\"elementor-heading-title elementor-size-default\">_________________<\/h2>\t\t\t\t<\/div>\n\t\t\t\t<\/div>\n\t\t\t\t<div class=\"elementor-element elementor-element-49779fbf elementor-widget elementor-widget-text-editor\" data-id=\"49779fbf\" data-element_type=\"widget\" data-widget_type=\"text-editor.default\">\n\t\t\t\t<div class=\"elementor-widget-container\">\n\t\t\t\t\t\t\t\t\t<p><strong>Al cruzar las puertas del Santuario, todo invita al recogimiento y la oraci\u00f3n: estatuas, cruces y lugares de culto dan la bienvenida al peregrino desde la entrada.<\/strong><\/p><h2><b>Una iglesia al aire libre<\/b><\/h2><h4><b>Una oraci\u00f3n anclada en la fe y la confianza<\/b><\/h4><p>En <a href=\"https:\/\/www.lourdes-france.org\/es\/las-peregrinaciones-de-lourdes\/\" target=\"_blank\" rel=\"noopener\">Lourdes<\/a>, la oraci\u00f3n es, ante todo, una respuesta de fe. Los peregrinos vienen hasta aqu\u00ed a rezar con la <strong>esperanza de encontrarse con Dios<\/strong> mediante la intercesi\u00f3n de la Virgen Mar\u00eda. Numerosas personas encomiendan sus sufrimientos, dudas, seres queridos o familiares enfermos en una plegaria que, aunque sencilla, se caracteriza por su profunda sinceridad.<\/p><h4><b>Una oraci\u00f3n mariana<\/b><\/h4><p>La oraci\u00f3n en Lourdes es esencialmente <strong>mariana<\/strong> y se centra en la Virgen Mar\u00eda, quien se apareci\u00f3 a <a href=\"https:\/\/www.lourdes-france.com\/es\/bernardita-soubirous\/\" target=\"_blank\" rel=\"noopener\">Bernardita Soubirous<\/a> en 1858. Por ello, el <strong><a href=\"https:\/\/www.lourdes-france.com\/es\/peregrino-por-un-dia\/el-rosario\/\" target=\"_blank\" rel=\"noopener\">rosario<\/a><\/strong> es una de las formas de oraci\u00f3n m\u00e1s frecuentes, recitado tanto de manera individual como en grupo, a menudo frente a la <a href=\"https:\/\/www.lourdes-france.com\/es\/peregrino-por-un-dia\/la-gruta\/\" target=\"_blank\" rel=\"noopener\">Gruta de Massabielle<\/a>.<\/p><p><strong><a href=\"https:\/\/www.lourdes-france.com\/es\/lourdesplus\/\" target=\"_blank\" rel=\"noopener\">&gt; Rezar en directo frente a la Gruta<\/a><\/strong><\/p><h4><b>Una oraci\u00f3n universal<\/b><\/h4><p>Lourdes es un lugar de oraci\u00f3n <strong>universal<\/strong>. Los <a href=\"https:\/\/www.lourdes-france.org\/es\/las-peregrinaciones-de-lourdes\/les-pelerins-de-lourdes\/\" target=\"_blank\" rel=\"noopener\">peregrinos<\/a> vienen de todas partes del mundo y rezan en todos los idiomas. Esto aporta a Lourdes una dimensi\u00f3n cat\u00f3lica (universal) muy fuerte: cada persona reza seg\u00fan su cultura, pero todos se unen en una comuni\u00f3n espiritual alrededor de Mar\u00eda.<\/p><h4><b>Una oraci\u00f3n de sanaci\u00f3n<\/b><\/h4><p>Lourdes es tambi\u00e9n el Santuario del <strong>sufrimiento y la esperanza<\/strong>. Muchos peregrinos llegan hasta aqu\u00ed con alguna <a href=\"https:\/\/www.lourdes-france.org\/es\/las-peregrinaciones-de-lourdes\/personnes-malades\/\" target=\"_blank\" rel=\"noopener\">enfermedad<\/a>, discapacidad o simplemente como acompa\u00f1antes. En este contexto, la oraci\u00f3n se convierte en un clamor del coraz\u00f3n, una s\u00faplica de ayuda, paz o sanaci\u00f3n, ya sea f\u00edsica, ps\u00edquica o espiritual.<\/p><h4><b>Una oraci\u00f3n comunitaria y silenciosa<\/b><\/h4><p>La oraci\u00f3n puede ser <strong>colectiva<\/strong> (procesiones, misas, vigilias, adoraci\u00f3n\u2026) o bien <strong>silenciosa y personal<\/strong>, con frecuencia muy intensa en la Gruta. Muchos peregrinos dan testimonio de haber experimentado una atm\u00f3sfera \u00fanica de paz interior que favorece la intimidad con Dios.<\/p><h4><b>Una oraci\u00f3n acompa\u00f1ada de gestos<\/b><\/h4><p>Los peregrinos tambi\u00e9n rezan con su cuerpo: tocando la roca de la Gruta, encendiendo una <a href=\"https:\/\/www.lourdes-france.com\/es\/peregrino-por-un-dia\/las-velas\/\" target=\"_blank\" rel=\"noopener\">vela<\/a>, participando en las procesiones (especialmente en la <a href=\"https:\/\/www.lourdes-france.com\/es\/peregrino-por-un-dia\/procesion-mariana-de-las-antorchas\/\" target=\"_blank\" rel=\"noopener\">procesi\u00f3n<\/a> mariana de las antorchas) y acudiendo a las piscinas. Son muchos los <strong>gestos de oraci\u00f3n<\/strong> que pueden expresar nuestra fe.<\/p><p><strong><a href=\"https:\/\/www.lourdes-france.com\/es\/lapplication-prier-avec-lourdes\/\" target=\"_blank\" rel=\"noopener\">&gt; Unirse a la comunidad de oraci\u00f3n de Lourdes<\/a><\/strong><\/p>\t\t\t\t\t\t\t\t<\/div>\n\t\t\t\t<\/div>\n\t\t\t\t<div class=\"elementor-element elementor-element-626df0c0 elementor-view-default elementor-widget elementor-widget-icon\" data-id=\"626df0c0\" data-element_type=\"widget\" data-widget_type=\"icon.default\">\n\t\t\t\t<div class=\"elementor-widget-container\">\n\t\t\t\t\t\t\t<div class=\"elementor-icon-wrapper\">\n\t\t\t<div class=\"elementor-icon\">\n\t\t\t<i aria-hidden=\"true\" class=\"fas fa-church\"><\/i>\t\t\t<\/div>\n\t\t<\/div>\n\t\t\t\t\t\t<\/div>\n\t\t\t\t<\/div>\n\t\t\t\t\t<\/div>\n\t\t<\/div>\n\t\t\t\t\t<\/div>\n\t\t<\/section>\n\t\t\t\t<\/div>\n\t\t","protected":false},"excerpt":{"rendered":"<p>La oraci\u00f3n de los peregrinos _________________ Al cruzar las puertas del Santuario, todo invita al recogimiento y la oraci\u00f3n: estatuas, cruces y lugares de culto dan la bienvenida al peregrino desde la entrada. Una iglesia al aire libre Una oraci\u00f3n &hellip; <a href=\"https:\/\/www.lourdes-france.org\/es\/las-peregrinaciones-de-lourdes\/la-oracion-de-los-peregrinos\/\">Continuar<\/a><\/p>\n","protected":false},"author":7,"featured_media":1050396,"parent":866357,"menu_order":0,"comment_status":"closed","ping_status":"closed","template":"","meta":{"_acf_changed":false,"footnotes":""},"class_list":["post-1052347","page","type-page","status-publish","has-post-thumbnail","hentry"],"acf":[],"yoast_head":"<!-- This site is optimized with the Yoast SEO plugin v24.7 - https:\/\/yoast.com\/wordpress\/plugins\/seo\/ -->\n<title>La oraci\u00f3n de los peregrinos<\/title>\n<meta name=\"description\" content=\"En el Santuario de Lourdes, la oraci\u00f3n de los peregrinos est\u00e1 presente en todos los lugares propicios al recogimiento, al culto, im\u00e1genes, cruces, etc.\" \/>\n<meta name=\"robots\" content=\"index, follow, max-snippet:-1, max-image-preview:large, max-video-preview:-1\" \/>\n<link rel=\"canonical\" href=\"https:\/\/www.lourdes-france.org\/es\/las-peregrinaciones-de-lourdes\/la-oracion-de-los-peregrinos\/\" \/>\n<meta name=\"twitter:label1\" content=\"Tiempo de lectura\" \/>\n\t<meta name=\"twitter:data1\" content=\"3 minutos\" \/>\n<script type=\"application\/ld+json\" class=\"yoast-schema-graph\">{\"@context\":\"https:\/\/schema.org\",\"@graph\":[{\"@type\":\"WebPage\",\"@id\":\"https:\/\/www.lourdes-france.org\/es\/las-peregrinaciones-de-lourdes\/la-oracion-de-los-peregrinos\/\",\"url\":\"https:\/\/www.lourdes-france.org\/es\/las-peregrinaciones-de-lourdes\/la-oracion-de-los-peregrinos\/\",\"name\":\"La oraci\u00f3n de los peregrinos\",\"isPartOf\":{\"@id\":\"https:\/\/preprod-lourdes.cawita.com\/#website\"},\"primaryImageOfPage\":{\"@id\":\"https:\/\/www.lourdes-france.org\/es\/las-peregrinaciones-de-lourdes\/la-oracion-de-los-peregrinos\/#primaryimage\"},\"image\":{\"@id\":\"https:\/\/www.lourdes-france.org\/es\/las-peregrinaciones-de-lourdes\/la-oracion-de-los-peregrinos\/#primaryimage\"},\"thumbnailUrl\":\"https:\/\/www.lourdes-france.org\/wp-content\/uploads\/2025\/08\/image_mise_en_avant_au_choix-2-scaled.jpg\",\"datePublished\":\"2025-08-12T08:21:27+00:00\",\"dateModified\":\"2025-09-12T12:16:39+00:00\",\"description\":\"En el Santuario de Lourdes, la oraci\u00f3n de los peregrinos est\u00e1 presente en todos los lugares propicios al recogimiento, al culto, im\u00e1genes, cruces, etc.\",\"breadcrumb\":{\"@id\":\"https:\/\/www.lourdes-france.org\/es\/las-peregrinaciones-de-lourdes\/la-oracion-de-los-peregrinos\/#breadcrumb\"},\"inLanguage\":\"es\",\"potentialAction\":[{\"@type\":\"ReadAction\",\"target\":[\"https:\/\/www.lourdes-france.org\/es\/las-peregrinaciones-de-lourdes\/la-oracion-de-los-peregrinos\/\"]}]},{\"@type\":\"ImageObject\",\"inLanguage\":\"es\",\"@id\":\"https:\/\/www.lourdes-france.org\/es\/las-peregrinaciones-de-lourdes\/la-oracion-de-los-peregrinos\/#primaryimage\",\"url\":\"https:\/\/www.lourdes-france.org\/wp-content\/uploads\/2025\/08\/image_mise_en_avant_au_choix-2-scaled.jpg\",\"contentUrl\":\"https:\/\/www.lourdes-france.org\/wp-content\/uploads\/2025\/08\/image_mise_en_avant_au_choix-2-scaled.jpg\",\"width\":2560,\"height\":1707,\"caption\":\"La pri\u00e8re des p\u00e8lerins\"},{\"@type\":\"BreadcrumbList\",\"@id\":\"https:\/\/www.lourdes-france.org\/es\/las-peregrinaciones-de-lourdes\/la-oracion-de-los-peregrinos\/#breadcrumb\",\"itemListElement\":[{\"@type\":\"ListItem\",\"position\":1,\"name\":\"Accueil\",\"item\":\"https:\/\/www.lourdes-france.org\/\"},{\"@type\":\"ListItem\",\"position\":2,\"name\":\"Las peregrinaciones\",\"item\":\"https:\/\/www.lourdes-france.org\/es\/las-peregrinaciones-de-lourdes\/\"},{\"@type\":\"ListItem\",\"position\":3,\"name\":\"La oraci\u00f3n de los peregrinos\"}]},{\"@type\":\"WebSite\",\"@id\":\"https:\/\/preprod-lourdes.cawita.com\/#website\",\"url\":\"https:\/\/preprod-lourdes.cawita.com\/\",\"name\":\"Soutenir le Sanctuaire Notre-Dame de Lourdes\",\"description\":\"\",\"potentialAction\":[{\"@type\":\"SearchAction\",\"target\":{\"@type\":\"EntryPoint\",\"urlTemplate\":\"https:\/\/preprod-lourdes.cawita.com\/?s={search_term_string}\"},\"query-input\":{\"@type\":\"PropertyValueSpecification\",\"valueRequired\":true,\"valueName\":\"search_term_string\"}}],\"inLanguage\":\"es\"}]}<\/script>\n<!-- \/ Yoast SEO plugin. -->","yoast_head_json":{"title":"La oraci\u00f3n de los peregrinos","description":"En el Santuario de Lourdes, la oraci\u00f3n de los peregrinos est\u00e1 presente en todos los lugares propicios al recogimiento, al culto, im\u00e1genes, cruces, etc.","robots":{"index":"index","follow":"follow","max-snippet":"max-snippet:-1","max-image-preview":"max-image-preview:large","max-video-preview":"max-video-preview:-1"},"canonical":"https:\/\/www.lourdes-france.org\/es\/las-peregrinaciones-de-lourdes\/la-oracion-de-los-peregrinos\/","twitter_misc":{"Tiempo de lectura":"3 minutos"},"schema":{"@context":"https:\/\/schema.org","@graph":[{"@type":"WebPage","@id":"https:\/\/www.lourdes-france.org\/es\/las-peregrinaciones-de-lourdes\/la-oracion-de-los-peregrinos\/","url":"https:\/\/www.lourdes-france.org\/es\/las-peregrinaciones-de-lourdes\/la-oracion-de-los-peregrinos\/","name":"La oraci\u00f3n de los peregrinos","isPartOf":{"@id":"https:\/\/preprod-lourdes.cawita.com\/#website"},"primaryImageOfPage":{"@id":"https:\/\/www.lourdes-france.org\/es\/las-peregrinaciones-de-lourdes\/la-oracion-de-los-peregrinos\/#primaryimage"},"image":{"@id":"https:\/\/www.lourdes-france.org\/es\/las-peregrinaciones-de-lourdes\/la-oracion-de-los-peregrinos\/#primaryimage"},"thumbnailUrl":"https:\/\/www.lourdes-france.org\/wp-content\/uploads\/2025\/08\/image_mise_en_avant_au_choix-2-scaled.jpg","datePublished":"2025-08-12T08:21:27+00:00","dateModified":"2025-09-12T12:16:39+00:00","description":"En el Santuario de Lourdes, la oraci\u00f3n de los peregrinos est\u00e1 presente en todos los lugares propicios al recogimiento, al culto, im\u00e1genes, cruces, etc.","breadcrumb":{"@id":"https:\/\/www.lourdes-france.org\/es\/las-peregrinaciones-de-lourdes\/la-oracion-de-los-peregrinos\/#breadcrumb"},"inLanguage":"es","potentialAction":[{"@type":"ReadAction","target":["https:\/\/www.lourdes-france.org\/es\/las-peregrinaciones-de-lourdes\/la-oracion-de-los-peregrinos\/"]}]},{"@type":"ImageObject","inLanguage":"es","@id":"https:\/\/www.lourdes-france.org\/es\/las-peregrinaciones-de-lourdes\/la-oracion-de-los-peregrinos\/#primaryimage","url":"https:\/\/www.lourdes-france.org\/wp-content\/uploads\/2025\/08\/image_mise_en_avant_au_choix-2-scaled.jpg","contentUrl":"https:\/\/www.lourdes-france.org\/wp-content\/uploads\/2025\/08\/image_mise_en_avant_au_choix-2-scaled.jpg","width":2560,"height":1707,"caption":"La pri\u00e8re des p\u00e8lerins"},{"@type":"BreadcrumbList","@id":"https:\/\/www.lourdes-france.org\/es\/las-peregrinaciones-de-lourdes\/la-oracion-de-los-peregrinos\/#breadcrumb","itemListElement":[{"@type":"ListItem","position":1,"name":"Accueil","item":"https:\/\/www.lourdes-france.org\/"},{"@type":"ListItem","position":2,"name":"Las peregrinaciones","item":"https:\/\/www.lourdes-france.org\/es\/las-peregrinaciones-de-lourdes\/"},{"@type":"ListItem","position":3,"name":"La oraci\u00f3n de los peregrinos"}]},{"@type":"WebSite","@id":"https:\/\/preprod-lourdes.cawita.com\/#website","url":"https:\/\/preprod-lourdes.cawita.com\/","name":"Soutenir le Sanctuaire Notre-Dame de Lourdes","description":"","potentialAction":[{"@type":"SearchAction","target":{"@type":"EntryPoint","urlTemplate":"https:\/\/preprod-lourdes.cawita.com\/?s={search_term_string}"},"query-input":{"@type":"PropertyValueSpecification","valueRequired":true,"valueName":"search_term_string"}}],"inLanguage":"es"}]}},"_links":{"self":[{"href":"https:\/\/www.lourdes-france.org\/es\/wp-json\/wp\/v2\/pages\/1052347","targetHints":{"allow":["GET"]}}],"collection":[{"href":"https:\/\/www.lourdes-france.org\/es\/wp-json\/wp\/v2\/pages"}],"about":[{"href":"https:\/\/www.lourdes-france.org\/es\/wp-json\/wp\/v2\/types\/page"}],"author":[{"embeddable":true,"href":"https:\/\/www.lourdes-france.org\/es\/wp-json\/wp\/v2\/users\/7"}],"replies":[{"embeddable":true,"href":"https:\/\/www.lourdes-france.org\/es\/wp-json\/wp\/v2\/comments?post=1052347"}],"version-history":[{"count":3,"href":"https:\/\/www.lourdes-france.org\/es\/wp-json\/wp\/v2\/pages\/1052347\/revisions"}],"predecessor-version":[{"id":1067320,"href":"https:\/\/www.lourdes-france.org\/es\/wp-json\/wp\/v2\/pages\/1052347\/revisions\/1067320"}],"up":[{"embeddable":true,"href":"https:\/\/www.lourdes-france.org\/es\/wp-json\/wp\/v2\/pages\/866357"}],"wp:featuredmedia":[{"embeddable":true,"href":"https:\/\/www.lourdes-france.org\/es\/wp-json\/wp\/v2\/media\/1050396"}],"wp:attachment":[{"href":"https:\/\/www.lourdes-france.org\/es\/wp-json\/wp\/v2\/media?parent=1052347"}],"curies":[{"name":"wp","href":"https:\/\/api.w.org\/{rel}","templated":true}]}}