{"id":1057731,"date":"2025-07-15T16:09:45","date_gmt":"2025-07-15T14:09:45","guid":{"rendered":"https:\/\/www.lourdes-france.org\/organisation-du-sanctuaire\/association-diocesaine-tarbes-lourdes\/"},"modified":"2025-09-09T09:30:27","modified_gmt":"2025-09-09T07:30:27","slug":"asociacion-diocesana-de-tarbes-y-lourdes","status":"publish","type":"page","link":"https:\/\/www.lourdes-france.org\/es\/organizacion-del-santuario-de-lourdes\/asociacion-diocesana-de-tarbes-y-lourdes\/","title":{"rendered":"Asociaci\u00f3n diocesana"},"content":{"rendered":"\t\t<div data-elementor-type=\"wp-page\" data-elementor-id=\"1057731\" class=\"elementor elementor-1057731 elementor-1033069\" data-elementor-post-type=\"page\">\n\t\t\t\t\t\t<section class=\"elementor-section elementor-top-section elementor-element elementor-element-19ea4d8 elementor-section-full_width elementor-section-stretched elementor-section-height-default elementor-section-height-default\" data-id=\"19ea4d8\" data-element_type=\"section\" data-settings=\"{&quot;stretch_section&quot;:&quot;section-stretched&quot;,&quot;background_background&quot;:&quot;classic&quot;}\">\n\t\t\t\t\t\t\t<div class=\"elementor-background-overlay\"><\/div>\n\t\t\t\t\t\t\t<div class=\"elementor-container elementor-column-gap-default\">\n\t\t\t\t\t<div class=\"elementor-column elementor-col-100 elementor-top-column elementor-element elementor-element-49efc75\" data-id=\"49efc75\" data-element_type=\"column\">\n\t\t\t<div class=\"elementor-widget-wrap elementor-element-populated\">\n\t\t\t\t\t\t<div class=\"elementor-element elementor-element-df7d9c8 elementor-widget elementor-widget-spacer\" data-id=\"df7d9c8\" data-element_type=\"widget\" data-widget_type=\"spacer.default\">\n\t\t\t\t<div class=\"elementor-widget-container\">\n\t\t\t\t\t\t\t<div class=\"elementor-spacer\">\n\t\t\t<div class=\"elementor-spacer-inner\"><\/div>\n\t\t<\/div>\n\t\t\t\t\t\t<\/div>\n\t\t\t\t<\/div>\n\t\t\t\t<div class=\"elementor-element elementor-element-3f9fab6 elementor-widget elementor-widget-image\" data-id=\"3f9fab6\" data-element_type=\"widget\" data-widget_type=\"image.default\">\n\t\t\t\t<div class=\"elementor-widget-container\">\n\t\t\t\t\t\t\t\t\t\t\t\t\t\t\t<img fetchpriority=\"high\" decoding=\"async\" width=\"501\" height=\"393\" src=\"https:\/\/www.lourdes-france.org\/wp-content\/uploads\/2025\/07\/logo_diocese.png\" class=\"attachment-large size-large wp-image-1033191\" alt=\"logo Dioc\u00e8se Tarbes et Lourdes\" srcset=\"https:\/\/www.lourdes-france.org\/wp-content\/uploads\/2025\/07\/logo_diocese.png 501w, https:\/\/www.lourdes-france.org\/wp-content\/uploads\/2025\/07\/logo_diocese-300x235.png 300w\" sizes=\"(max-width: 501px) 100vw, 501px\" \/>\t\t\t\t\t\t\t\t\t\t\t\t\t\t\t<\/div>\n\t\t\t\t<\/div>\n\t\t\t\t<div class=\"elementor-element elementor-element-5dd282c elementor-widget elementor-widget-spacer\" data-id=\"5dd282c\" data-element_type=\"widget\" data-widget_type=\"spacer.default\">\n\t\t\t\t<div class=\"elementor-widget-container\">\n\t\t\t\t\t\t\t<div class=\"elementor-spacer\">\n\t\t\t<div class=\"elementor-spacer-inner\"><\/div>\n\t\t<\/div>\n\t\t\t\t\t\t<\/div>\n\t\t\t\t<\/div>\n\t\t\t\t\t<\/div>\n\t\t<\/div>\n\t\t\t\t\t<\/div>\n\t\t<\/section>\n\t\t\t\t<section class=\"elementor-section elementor-top-section elementor-element elementor-element-274bcdd elementor-section-full_width elementor-section-height-default elementor-section-height-default\" data-id=\"274bcdd\" data-element_type=\"section\" data-settings=\"{&quot;background_background&quot;:&quot;classic&quot;}\">\n\t\t\t\t\t\t<div class=\"elementor-container elementor-column-gap-default\">\n\t\t\t\t\t<div class=\"elementor-column elementor-col-100 elementor-top-column elementor-element elementor-element-7236b54\" data-id=\"7236b54\" data-element_type=\"column\">\n\t\t\t<div class=\"elementor-widget-wrap elementor-element-populated\">\n\t\t\t\t\t\t<div class=\"elementor-element elementor-element-e17457f elementor-widget elementor-widget-spacer\" data-id=\"e17457f\" data-element_type=\"widget\" data-widget_type=\"spacer.default\">\n\t\t\t\t<div class=\"elementor-widget-container\">\n\t\t\t\t\t\t\t<div class=\"elementor-spacer\">\n\t\t\t<div class=\"elementor-spacer-inner\"><\/div>\n\t\t<\/div>\n\t\t\t\t\t\t<\/div>\n\t\t\t\t<\/div>\n\t\t\t\t<div class=\"elementor-element elementor-element-3930718 elementor-widget elementor-widget-heading\" data-id=\"3930718\" data-element_type=\"widget\" data-widget_type=\"heading.default\">\n\t\t\t\t<div class=\"elementor-widget-container\">\n\t\t\t\t\t<h2 class=\"elementor-heading-title elementor-size-default\">ASOCIACI\u00d3N DIOCESANA DE TARBES Y LOURDES\n<\/h2>\t\t\t\t<\/div>\n\t\t\t\t<\/div>\n\t\t\t\t<div class=\"elementor-element elementor-element-f79ca62 elementor-widget elementor-widget-heading\" data-id=\"f79ca62\" data-element_type=\"widget\" data-widget_type=\"heading.default\">\n\t\t\t\t<div class=\"elementor-widget-container\">\n\t\t\t\t\t<h2 class=\"elementor-heading-title elementor-size-default\">_________________<\/h2>\t\t\t\t<\/div>\n\t\t\t\t<\/div>\n\t\t\t\t<div class=\"elementor-element elementor-element-8db11a0 elementor-widget elementor-widget-text-editor\" data-id=\"8db11a0\" data-element_type=\"widget\" data-widget_type=\"text-editor.default\">\n\t\t\t\t<div class=\"elementor-widget-container\">\n\t\t\t\t\t\t\t\t\t<p class=\"s3\">La Asociaci\u00f3n tiene por objetivo atender los gastos y asegurar el mantenimiento del culto cat\u00f3lico en <a href=\"https:\/\/www.lourdes-france.org\/organisation-sanctuaire-lourdes\/\">la di\u00f3cesis de Tarbes y Lourdes<\/a>, bajo la autoridad del obispo, en comuni\u00f3n con la Santa Sede y conforme a la constituci\u00f3n de la Iglesia cat\u00f3lica. Las actividades religiosas y pastorales del Santuario de Nuestra Se\u00f1ora de Lourdes est\u00e1n encomendadas a la Asociaci\u00f3n Diocesana.<\/p><p class=\"s4\"><span class=\"s2\">C<\/span><span class=\"s2\">onstituida como<\/span><span class=\"s2\"> asociaci\u00f3n <\/span><span class=\"s2\">de culto <\/span><span class=\"s2\">conforme a <\/span><span class=\"s2\">las disposiciones de las leyes del 1 de julio de 1901 y del 9 de diciembre de 1905<\/span>, la Asociaci\u00f3n Diocesana de Tarbes y Lourdes est\u00e1 facultada para recibir <a href=\"https:\/\/www.lourdes-france.org\/?page_id=1025210&amp;preview=true\">donaciones, legados y aportaciones<\/a> (seguros de vida, disposiciones testamentarias, etc.), dado que las asociaciones de culto se equiparan a las de utilidad p\u00fablica en lo que respecta a la autorizaci\u00f3n para aceptar dichas liberalidades.<\/p><p class=\"s4\">Para los contribuyentes en Francia, la Asociaci\u00f3n Diocesana de Tarbes y Lourdes goza de una <span class=\"s2\">exenci\u00f3n total de los derechos de sucesi\u00f3n<\/span> y de transmisi\u00f3n gratuita (art\u00edculo 795 del C\u00f3digo General de Impuestos). En virtud de este beneficio fiscal, los bienes transmitidos al Santuario de Nuestra Se\u00f1ora de Lourdes mediante legado, donaci\u00f3n o disposici\u00f3n testamentaria se destinan \u00edntegramente a las misiones pastorales del Santuario.<\/p><h2><span class=\"s2\">Acciones y proyectos:<\/span><\/h2><p>La Asociaci\u00f3n Diocesana asume la responsabilidad de las actividades religiosas y pastorales del Santuario de Nuestra Se\u00f1ora de Lourdes:<\/p><div class=\"s6\"><span class=\"s5\">\u2022 <\/span>Renovaci\u00f3n, mantenimiento y gesti\u00f3n diaria de los <a href=\"https:\/\/www.lourdes-france.org\/?page_id=1027986&amp;preview=true\">lugares de culto<\/a> (3 bas\u00edlicas y 25 capillas), as\u00ed como de la Gruta de Massabielle.<\/div><div class=\"s6\"><span class=\"s5\">\u2022 <\/span>Organizaci\u00f3n de celebraciones (misas, procesiones y rosarios) y administraci\u00f3n de los sacramentos.<\/div><div class=\"s6\"><span class=\"s5\">\u2022 <\/span>Renovaci\u00f3n, mantenimiento y gesti\u00f3n de los alojamientos destinados a los 35 <a href=\"https:\/\/www.lourdes-france.com\/la-communaute-des-chapelains-de-lourdes\/\">capellanes<\/a> permanentes, los sacerdotes confesores y los seminaristas.<\/div><div class=\"s6\"><span class=\"s5\">\u2022 <\/span>Acogida de peregrinaciones, peregrinos y todas las personas que visitan el Santuario.<\/div><div class=\"s6\"><span class=\"s5\">\u2022 <\/span>Transmisi\u00f3n del <a href=\"https:\/\/www.lourdes-france.com\/message-lourdes\/\">mensaje de Lourdes<\/a> a trav\u00e9s de diversas <a href=\"https:\/\/www.lourdes-france.com\/pelerin-dun-jour\/\">acciones<\/a> (conferencias, Pasos de Bernardita y pel\u00edcula del Santuario).<\/div><div class=\"s6\"><span class=\"s5\">\u2022 <\/span>Coordinaci\u00f3n del <a href=\"https:\/\/www.lourdes-france.com\/benevole\/\">Centro Internacional de Voluntariado<\/a> y mantenimiento de los alojamientos destinados a los voluntarios.<\/div><div class=\"s6\"><span class=\"s5\">\u2022 <\/span>Recaudaci\u00f3n de donaciones y ofrendas (velas, colectas, flores y misas), adem\u00e1s de su gesti\u00f3n.<\/div><div class=\"s6\"><span class=\"s5\">\u2022 <\/span>Organizaci\u00f3n de las misiones de Lourdes fuera del Santuario (traslado de las reliquias de santa Bernardita por Francia, Europa y el mundo).<\/div><h2><span class=\"s2\"><br \/>C<\/span><span class=\"s2\">\u00f3mo<\/span><span class=\"s2\"> don<\/span><span class=\"s2\">a<\/span><span class=\"s2\">r:<\/span><\/h2><p><a href=\"https:\/\/www.lourdes-france.org\/faire-un-don\/\">Por tarjeta bancaria<\/a><\/p><p>Por cheque (franc\u00e9s) a nombre de \u00abAsociaci\u00f3n Diocesana de Tarbes y Lourdes\u00bb y enviado al Santuario de Nuestra Se\u00f1ora de Lourdes, Servicio de Donantes, 1 avenida Mgr Th\u00e9as, 65100 LOURDES.<\/p><p>Por transferencia bancaria: contactar con <a href=\"mailto:donateur@lourdes-france.com\"><span class=\"s7\">donateur@lourdes-france.com<\/span><\/a><\/p><p>Para cualquier consulta: <a href=\"mailto:donateur@lourdes-france.com\"><span class=\"s7\">donateur@lourdes-france.com<\/span><\/a> o +33 5 62 42 82 82<\/p>\t\t\t\t\t\t\t\t<\/div>\n\t\t\t\t<\/div>\n\t\t\t\t<div class=\"elementor-element elementor-element-63c7506 elementor-widget elementor-widget-link-in-bio\" data-id=\"63c7506\" data-element_type=\"widget\" data-widget_type=\"link-in-bio.default\">\n\t\t\t\t<div class=\"elementor-widget-container\">\n\t\t\t\t\t\t\t<div class=\"e-link-in-bio e-link-in-bio\">\n\t\t\t<div class=\"e-link-in-bio__content\">\n\n\t\t\t\t\t\t<div class=\"e-link-in-bio__identity\">\n\t\t\t\t\t\t\t\t\t<div class=\"e-link-in-bio__identity-image e-link-in-bio__identity-image-profile has-border has-style-circle\">\n\t\t\t\t\t\t\t<img decoding=\"async\" width=\"300\" height=\"200\" src=\"https:\/\/www.lourdes-france.org\/wp-content\/uploads\/2025\/07\/21_service-donateur-01-300x200.jpg\" class=\"e-link-in-bio__identity-image-element\" alt=\"Service des donateurs Corrine et Cathy\" srcset=\"https:\/\/www.lourdes-france.org\/wp-content\/uploads\/2025\/07\/21_service-donateur-01-300x200.jpg 300w, https:\/\/www.lourdes-france.org\/wp-content\/uploads\/2025\/07\/21_service-donateur-01-1024x683.jpg 1024w, https:\/\/www.lourdes-france.org\/wp-content\/uploads\/2025\/07\/21_service-donateur-01-768x512.jpg 768w, https:\/\/www.lourdes-france.org\/wp-content\/uploads\/2025\/07\/21_service-donateur-01-1536x1024.jpg 1536w, https:\/\/www.lourdes-france.org\/wp-content\/uploads\/2025\/07\/21_service-donateur-01-2048x1365.jpg 2048w\" sizes=\"(max-width: 300px) 100vw, 300px\" \/>\t\t\t\t\t\t\t\t\t\t\t\t\t<\/div>\n\t\t\t\t\t\t\t<\/div>\n\t\t\t\t\t<div class=\"e-link-in-bio__bio\">\n\t\t\t\t<h2 class=\"e-link-in-bio__heading\">Servicio de Donantes<\/h2>\t\t\t\t<h2 class=\"e-link-in-bio__title\">Santuario de Nuestra Se\u00f1ora de Lourdes<\/h2>\t\t\t\t\t\t\t\t\t\t\t<\/div>\n\t\t\t\t\t<div class=\"e-link-in-bio__icons has-size-medium\">\n\t\t\t\t\t\t\t<div class=\"e-link-in-bio__icon is-size-medium\">\n\t\t\t\t\t<a aria-label=\"Telephone\" class=\"e-link-in-bio__icon-link\" href=\"tel:+33562428282\">\n\t\t\t\t\t\t<span class=\"e-link-in-bio__icon-svg\">\n\t\t\t\t\t\t\t<i aria-hidden=\"true\" class=\"fas fa-phone-alt\"><\/i>\t\t\t\t\t\t<\/span>\n\t\t\t\t\t\t\t\t\t\t\t<\/a>\n\t\t\t\t<\/div>\n\t\t\t\t\t\t\t<div class=\"e-link-in-bio__icon is-size-medium\">\n\t\t\t\t\t<a aria-label=\"Email\" class=\"e-link-in-bio__icon-link\" href=\"mailto:donateur@lourdes-france.com\">\n\t\t\t\t\t\t<span class=\"e-link-in-bio__icon-svg\">\n\t\t\t\t\t\t\t<i aria-hidden=\"true\" class=\"fas fa-envelope\"><\/i>\t\t\t\t\t\t<\/span>\n\t\t\t\t\t\t\t\t\t\t\t<\/a>\n\t\t\t\t<\/div>\n\t\t\t\t\t<\/div>\n\t\t\n\t\t<div class=\"e-link-in-bio__ctas has-type-button\">\n\t\t\t\t\t\t\t<a target=\"_blank\" rel=\"noopener \" class=\"e-link-in-bio__cta is-type-button has-corners-rounded\" href=\"\">\n\t\t\t\t\t\t\t\t\t\t<span class=\"e-link-in-bio__cta-text\">\n\t\t\t\t\t\t1 avenue Mgr Th\u00e9as \u2013 65 108 Lourdes  France\t\t\t\t\t<\/span>\n\t\t\t\t<\/a>\n\t\t\t\t\t<\/div>\n\t\t\n\t\t\t<\/div>\n\t\t\t<div class=\"e-link-in-bio__bg\">\n\t\t\t\t<div class=\"e-link-in-bio__bg-overlay\"><\/div>\n\t\t\t<\/div>\n\t\t<\/div>\n\t\t\t\t\t\t<\/div>\n\t\t\t\t<\/div>\n\t\t\t\t<div class=\"elementor-element elementor-element-c0d8de2 elementor-view-default elementor-widget elementor-widget-icon\" data-id=\"c0d8de2\" data-element_type=\"widget\" data-widget_type=\"icon.default\">\n\t\t\t\t<div class=\"elementor-widget-container\">\n\t\t\t\t\t\t\t<div class=\"elementor-icon-wrapper\">\n\t\t\t<div class=\"elementor-icon\">\n\t\t\t<i aria-hidden=\"true\" class=\"fas fa-church\"><\/i>\t\t\t<\/div>\n\t\t<\/div>\n\t\t\t\t\t\t<\/div>\n\t\t\t\t<\/div>\n\t\t\t\t\t<\/div>\n\t\t<\/div>\n\t\t\t\t\t<\/div>\n\t\t<\/section>\n\t\t\t\t<\/div>\n\t\t","protected":false},"excerpt":{"rendered":"<p>ASOCIACI\u00d3N DIOCESANA DE TARBES Y LOURDES _________________ La Asociaci\u00f3n tiene por objetivo atender los gastos y asegurar el mantenimiento del culto cat\u00f3lico en la di\u00f3cesis de Tarbes y Lourdes, bajo la autoridad del obispo, en comuni\u00f3n con la Santa Sede &hellip; <a href=\"https:\/\/www.lourdes-france.org\/es\/organizacion-del-santuario-de-lourdes\/asociacion-diocesana-de-tarbes-y-lourdes\/\">Continuar<\/a><\/p>\n","protected":false},"author":7,"featured_media":1054355,"parent":870755,"menu_order":0,"comment_status":"closed","ping_status":"closed","template":"","meta":{"_acf_changed":false,"footnotes":""},"class_list":["post-1057731","page","type-page","status-publish","has-post-thumbnail","hentry"],"acf":[],"yoast_head":"<!-- This site is optimized with the Yoast SEO plugin v24.7 - https:\/\/yoast.com\/wordpress\/plugins\/seo\/ -->\n<title>Asociaci\u00f3n diocesana de Tarbes y Lourdes<\/title>\n<meta name=\"description\" content=\"La Asociaci\u00f3n diocesana tiene como objetivo sufragar los gastos y el mantenimiento del culto cat\u00f3lico en la di\u00f3cesis de Tarbes y Lourdes.\" \/>\n<meta name=\"robots\" content=\"index, follow, max-snippet:-1, max-image-preview:large, max-video-preview:-1\" \/>\n<link rel=\"canonical\" href=\"https:\/\/www.lourdes-france.org\/es\/organizacion-del-santuario-de-lourdes\/asociacion-diocesana-de-tarbes-y-lourdes\/\" \/>\n<meta name=\"twitter:label1\" content=\"Tiempo de lectura\" \/>\n\t<meta name=\"twitter:data1\" content=\"3 minutos\" \/>\n<script type=\"application\/ld+json\" class=\"yoast-schema-graph\">{\"@context\":\"https:\/\/schema.org\",\"@graph\":[{\"@type\":\"WebPage\",\"@id\":\"https:\/\/www.lourdes-france.org\/es\/organizacion-del-santuario-de-lourdes\/asociacion-diocesana-de-tarbes-y-lourdes\/\",\"url\":\"https:\/\/www.lourdes-france.org\/es\/organizacion-del-santuario-de-lourdes\/asociacion-diocesana-de-tarbes-y-lourdes\/\",\"name\":\"Asociaci\u00f3n diocesana de Tarbes y Lourdes\",\"isPartOf\":{\"@id\":\"https:\/\/preprod-lourdes.cawita.com\/#website\"},\"primaryImageOfPage\":{\"@id\":\"https:\/\/www.lourdes-france.org\/es\/organizacion-del-santuario-de-lourdes\/asociacion-diocesana-de-tarbes-y-lourdes\/#primaryimage\"},\"image\":{\"@id\":\"https:\/\/www.lourdes-france.org\/es\/organizacion-del-santuario-de-lourdes\/asociacion-diocesana-de-tarbes-y-lourdes\/#primaryimage\"},\"thumbnailUrl\":\"https:\/\/www.lourdes-france.org\/wp-content\/uploads\/2025\/08\/Association-diocesaine-de-tarbes-et-lourdes.jpg\",\"datePublished\":\"2025-07-15T14:09:45+00:00\",\"dateModified\":\"2025-09-09T07:30:27+00:00\",\"description\":\"La Asociaci\u00f3n diocesana tiene como objetivo sufragar los gastos y el mantenimiento del culto cat\u00f3lico en la di\u00f3cesis de Tarbes y Lourdes.\",\"breadcrumb\":{\"@id\":\"https:\/\/www.lourdes-france.org\/es\/organizacion-del-santuario-de-lourdes\/asociacion-diocesana-de-tarbes-y-lourdes\/#breadcrumb\"},\"inLanguage\":\"es\",\"potentialAction\":[{\"@type\":\"ReadAction\",\"target\":[\"https:\/\/www.lourdes-france.org\/es\/organizacion-del-santuario-de-lourdes\/asociacion-diocesana-de-tarbes-y-lourdes\/\"]}]},{\"@type\":\"ImageObject\",\"inLanguage\":\"es\",\"@id\":\"https:\/\/www.lourdes-france.org\/es\/organizacion-del-santuario-de-lourdes\/asociacion-diocesana-de-tarbes-y-lourdes\/#primaryimage\",\"url\":\"https:\/\/www.lourdes-france.org\/wp-content\/uploads\/2025\/08\/Association-diocesaine-de-tarbes-et-lourdes.jpg\",\"contentUrl\":\"https:\/\/www.lourdes-france.org\/wp-content\/uploads\/2025\/08\/Association-diocesaine-de-tarbes-et-lourdes.jpg\",\"width\":1080,\"height\":1350,\"caption\":\"Association dioc\u00e9saine de Tarbes et Lourdes\"},{\"@type\":\"BreadcrumbList\",\"@id\":\"https:\/\/www.lourdes-france.org\/es\/organizacion-del-santuario-de-lourdes\/asociacion-diocesana-de-tarbes-y-lourdes\/#breadcrumb\",\"itemListElement\":[{\"@type\":\"ListItem\",\"position\":1,\"name\":\"Accueil\",\"item\":\"https:\/\/www.lourdes-france.org\/\"},{\"@type\":\"ListItem\",\"position\":2,\"name\":\"Organizaci\u00f3n del Santuario\",\"item\":\"https:\/\/www.lourdes-france.org\/organisation-sanctuaire-lourdes\/\"},{\"@type\":\"ListItem\",\"position\":3,\"name\":\"Asociaci\u00f3n diocesana\"}]},{\"@type\":\"WebSite\",\"@id\":\"https:\/\/preprod-lourdes.cawita.com\/#website\",\"url\":\"https:\/\/preprod-lourdes.cawita.com\/\",\"name\":\"Soutenir le Sanctuaire Notre-Dame de Lourdes\",\"description\":\"\",\"potentialAction\":[{\"@type\":\"SearchAction\",\"target\":{\"@type\":\"EntryPoint\",\"urlTemplate\":\"https:\/\/preprod-lourdes.cawita.com\/?s={search_term_string}\"},\"query-input\":{\"@type\":\"PropertyValueSpecification\",\"valueRequired\":true,\"valueName\":\"search_term_string\"}}],\"inLanguage\":\"es\"}]}<\/script>\n<!-- \/ Yoast SEO plugin. -->","yoast_head_json":{"title":"Asociaci\u00f3n diocesana de Tarbes y Lourdes","description":"La Asociaci\u00f3n diocesana tiene como objetivo sufragar los gastos y el mantenimiento del culto cat\u00f3lico en la di\u00f3cesis de Tarbes y Lourdes.","robots":{"index":"index","follow":"follow","max-snippet":"max-snippet:-1","max-image-preview":"max-image-preview:large","max-video-preview":"max-video-preview:-1"},"canonical":"https:\/\/www.lourdes-france.org\/es\/organizacion-del-santuario-de-lourdes\/asociacion-diocesana-de-tarbes-y-lourdes\/","twitter_misc":{"Tiempo de lectura":"3 minutos"},"schema":{"@context":"https:\/\/schema.org","@graph":[{"@type":"WebPage","@id":"https:\/\/www.lourdes-france.org\/es\/organizacion-del-santuario-de-lourdes\/asociacion-diocesana-de-tarbes-y-lourdes\/","url":"https:\/\/www.lourdes-france.org\/es\/organizacion-del-santuario-de-lourdes\/asociacion-diocesana-de-tarbes-y-lourdes\/","name":"Asociaci\u00f3n diocesana de Tarbes y Lourdes","isPartOf":{"@id":"https:\/\/preprod-lourdes.cawita.com\/#website"},"primaryImageOfPage":{"@id":"https:\/\/www.lourdes-france.org\/es\/organizacion-del-santuario-de-lourdes\/asociacion-diocesana-de-tarbes-y-lourdes\/#primaryimage"},"image":{"@id":"https:\/\/www.lourdes-france.org\/es\/organizacion-del-santuario-de-lourdes\/asociacion-diocesana-de-tarbes-y-lourdes\/#primaryimage"},"thumbnailUrl":"https:\/\/www.lourdes-france.org\/wp-content\/uploads\/2025\/08\/Association-diocesaine-de-tarbes-et-lourdes.jpg","datePublished":"2025-07-15T14:09:45+00:00","dateModified":"2025-09-09T07:30:27+00:00","description":"La Asociaci\u00f3n diocesana tiene como objetivo sufragar los gastos y el mantenimiento del culto cat\u00f3lico en la di\u00f3cesis de Tarbes y Lourdes.","breadcrumb":{"@id":"https:\/\/www.lourdes-france.org\/es\/organizacion-del-santuario-de-lourdes\/asociacion-diocesana-de-tarbes-y-lourdes\/#breadcrumb"},"inLanguage":"es","potentialAction":[{"@type":"ReadAction","target":["https:\/\/www.lourdes-france.org\/es\/organizacion-del-santuario-de-lourdes\/asociacion-diocesana-de-tarbes-y-lourdes\/"]}]},{"@type":"ImageObject","inLanguage":"es","@id":"https:\/\/www.lourdes-france.org\/es\/organizacion-del-santuario-de-lourdes\/asociacion-diocesana-de-tarbes-y-lourdes\/#primaryimage","url":"https:\/\/www.lourdes-france.org\/wp-content\/uploads\/2025\/08\/Association-diocesaine-de-tarbes-et-lourdes.jpg","contentUrl":"https:\/\/www.lourdes-france.org\/wp-content\/uploads\/2025\/08\/Association-diocesaine-de-tarbes-et-lourdes.jpg","width":1080,"height":1350,"caption":"Association dioc\u00e9saine de Tarbes et Lourdes"},{"@type":"BreadcrumbList","@id":"https:\/\/www.lourdes-france.org\/es\/organizacion-del-santuario-de-lourdes\/asociacion-diocesana-de-tarbes-y-lourdes\/#breadcrumb","itemListElement":[{"@type":"ListItem","position":1,"name":"Accueil","item":"https:\/\/www.lourdes-france.org\/"},{"@type":"ListItem","position":2,"name":"Organizaci\u00f3n del Santuario","item":"https:\/\/www.lourdes-france.org\/organisation-sanctuaire-lourdes\/"},{"@type":"ListItem","position":3,"name":"Asociaci\u00f3n diocesana"}]},{"@type":"WebSite","@id":"https:\/\/preprod-lourdes.cawita.com\/#website","url":"https:\/\/preprod-lourdes.cawita.com\/","name":"Soutenir le Sanctuaire Notre-Dame de Lourdes","description":"","potentialAction":[{"@type":"SearchAction","target":{"@type":"EntryPoint","urlTemplate":"https:\/\/preprod-lourdes.cawita.com\/?s={search_term_string}"},"query-input":{"@type":"PropertyValueSpecification","valueRequired":true,"valueName":"search_term_string"}}],"inLanguage":"es"}]}},"_links":{"self":[{"href":"https:\/\/www.lourdes-france.org\/es\/wp-json\/wp\/v2\/pages\/1057731","targetHints":{"allow":["GET"]}}],"collection":[{"href":"https:\/\/www.lourdes-france.org\/es\/wp-json\/wp\/v2\/pages"}],"about":[{"href":"https:\/\/www.lourdes-france.org\/es\/wp-json\/wp\/v2\/types\/page"}],"author":[{"embeddable":true,"href":"https:\/\/www.lourdes-france.org\/es\/wp-json\/wp\/v2\/users\/7"}],"replies":[{"embeddable":true,"href":"https:\/\/www.lourdes-france.org\/es\/wp-json\/wp\/v2\/comments?post=1057731"}],"version-history":[{"count":3,"href":"https:\/\/www.lourdes-france.org\/es\/wp-json\/wp\/v2\/pages\/1057731\/revisions"}],"predecessor-version":[{"id":1066114,"href":"https:\/\/www.lourdes-france.org\/es\/wp-json\/wp\/v2\/pages\/1057731\/revisions\/1066114"}],"up":[{"embeddable":true,"href":"https:\/\/www.lourdes-france.org\/es\/wp-json\/wp\/v2\/pages\/870755"}],"wp:featuredmedia":[{"embeddable":true,"href":"https:\/\/www.lourdes-france.org\/es\/wp-json\/wp\/v2\/media\/1054355"}],"wp:attachment":[{"href":"https:\/\/www.lourdes-france.org\/es\/wp-json\/wp\/v2\/media?parent=1057731"}],"curies":[{"name":"wp","href":"https:\/\/api.w.org\/{rel}","templated":true}]}}