{"id":1057741,"date":"2025-07-15T16:09:43","date_gmt":"2025-07-15T14:09:43","guid":{"rendered":"https:\/\/www.lourdes-france.org\/organisation-du-sanctuaire\/friends-of-the-sanctuary-of-our-lady-of-lourdes\/"},"modified":"2025-09-09T09:35:35","modified_gmt":"2025-09-09T07:35:35","slug":"friends-of-the-sanctuary-of-our-lady-of-lourdes","status":"publish","type":"page","link":"https:\/\/www.lourdes-france.org\/es\/organizacion-del-santuario-de-lourdes\/friends-of-the-sanctuary-of-our-lady-of-lourdes\/","title":{"rendered":"Friends of the Sanctuary"},"content":{"rendered":"\t\t<div data-elementor-type=\"wp-page\" data-elementor-id=\"1057741\" class=\"elementor elementor-1057741 elementor-1033071\" data-elementor-post-type=\"page\">\n\t\t\t\t\t\t<section class=\"elementor-section elementor-top-section elementor-element elementor-element-791f3ed elementor-section-full_width elementor-section-stretched elementor-section-height-default elementor-section-height-default\" data-id=\"791f3ed\" data-element_type=\"section\" data-settings=\"{&quot;stretch_section&quot;:&quot;section-stretched&quot;,&quot;background_background&quot;:&quot;classic&quot;}\">\n\t\t\t\t\t\t\t<div class=\"elementor-background-overlay\"><\/div>\n\t\t\t\t\t\t\t<div class=\"elementor-container elementor-column-gap-default\">\n\t\t\t\t\t<div class=\"elementor-column elementor-col-100 elementor-top-column elementor-element elementor-element-5c4af52\" data-id=\"5c4af52\" data-element_type=\"column\">\n\t\t\t<div class=\"elementor-widget-wrap elementor-element-populated\">\n\t\t\t\t\t\t<div class=\"elementor-element elementor-element-0e324d5 elementor-widget elementor-widget-spacer\" data-id=\"0e324d5\" data-element_type=\"widget\" data-widget_type=\"spacer.default\">\n\t\t\t\t<div class=\"elementor-widget-container\">\n\t\t\t\t\t\t\t<div class=\"elementor-spacer\">\n\t\t\t<div class=\"elementor-spacer-inner\"><\/div>\n\t\t<\/div>\n\t\t\t\t\t\t<\/div>\n\t\t\t\t<\/div>\n\t\t\t\t<div class=\"elementor-element elementor-element-3a548e1 elementor-widget elementor-widget-image\" data-id=\"3a548e1\" data-element_type=\"widget\" data-widget_type=\"image.default\">\n\t\t\t\t<div class=\"elementor-widget-container\">\n\t\t\t\t\t\t\t\t\t\t\t\t\t\t\t<img fetchpriority=\"high\" decoding=\"async\" width=\"790\" height=\"407\" src=\"https:\/\/www.lourdes-france.org\/wp-content\/uploads\/2025\/07\/logo_united.png\" class=\"attachment-large size-large wp-image-1033226\" alt=\"logo Friends of the Sanctuary of our Lady of Lourdes\" srcset=\"https:\/\/www.lourdes-france.org\/wp-content\/uploads\/2025\/07\/logo_united.png 790w, https:\/\/www.lourdes-france.org\/wp-content\/uploads\/2025\/07\/logo_united-300x155.png 300w, https:\/\/www.lourdes-france.org\/wp-content\/uploads\/2025\/07\/logo_united-768x396.png 768w\" sizes=\"(max-width: 790px) 100vw, 790px\" \/>\t\t\t\t\t\t\t\t\t\t\t\t\t\t\t<\/div>\n\t\t\t\t<\/div>\n\t\t\t\t<div class=\"elementor-element elementor-element-d001941 elementor-widget elementor-widget-spacer\" data-id=\"d001941\" data-element_type=\"widget\" data-widget_type=\"spacer.default\">\n\t\t\t\t<div class=\"elementor-widget-container\">\n\t\t\t\t\t\t\t<div class=\"elementor-spacer\">\n\t\t\t<div class=\"elementor-spacer-inner\"><\/div>\n\t\t<\/div>\n\t\t\t\t\t\t<\/div>\n\t\t\t\t<\/div>\n\t\t\t\t\t<\/div>\n\t\t<\/div>\n\t\t\t\t\t<\/div>\n\t\t<\/section>\n\t\t\t\t<section class=\"elementor-section elementor-top-section elementor-element elementor-element-a6ce2b8 elementor-section-full_width elementor-section-height-default elementor-section-height-default\" data-id=\"a6ce2b8\" data-element_type=\"section\" data-settings=\"{&quot;background_background&quot;:&quot;classic&quot;}\">\n\t\t\t\t\t\t<div class=\"elementor-container elementor-column-gap-default\">\n\t\t\t\t\t<div class=\"elementor-column elementor-col-100 elementor-top-column elementor-element elementor-element-0e57c1f\" data-id=\"0e57c1f\" data-element_type=\"column\">\n\t\t\t<div class=\"elementor-widget-wrap elementor-element-populated\">\n\t\t\t\t\t\t<div class=\"elementor-element elementor-element-f58ffa5 elementor-widget elementor-widget-spacer\" data-id=\"f58ffa5\" data-element_type=\"widget\" data-widget_type=\"spacer.default\">\n\t\t\t\t<div class=\"elementor-widget-container\">\n\t\t\t\t\t\t\t<div class=\"elementor-spacer\">\n\t\t\t<div class=\"elementor-spacer-inner\"><\/div>\n\t\t<\/div>\n\t\t\t\t\t\t<\/div>\n\t\t\t\t<\/div>\n\t\t\t\t<div class=\"elementor-element elementor-element-f1cf1db elementor-widget elementor-widget-heading\" data-id=\"f1cf1db\" data-element_type=\"widget\" data-widget_type=\"heading.default\">\n\t\t\t\t<div class=\"elementor-widget-container\">\n\t\t\t\t\t<h2 class=\"elementor-heading-title elementor-size-default\">FONDATION 501(c)(3)\n<br>\nFRIENDS OF THE SANCTUARY OF OUR LADY OF LOURDES, INC.\n<\/h2>\t\t\t\t<\/div>\n\t\t\t\t<\/div>\n\t\t\t\t<div class=\"elementor-element elementor-element-66ef051 elementor-widget elementor-widget-heading\" data-id=\"66ef051\" data-element_type=\"widget\" data-widget_type=\"heading.default\">\n\t\t\t\t<div class=\"elementor-widget-container\">\n\t\t\t\t\t<h2 class=\"elementor-heading-title elementor-size-default\">_________________<\/h2>\t\t\t\t<\/div>\n\t\t\t\t<\/div>\n\t\t\t\t<div class=\"elementor-element elementor-element-1e9aa92 elementor-widget elementor-widget-text-editor\" data-id=\"1e9aa92\" data-element_type=\"widget\" data-widget_type=\"text-editor.default\">\n\t\t\t\t<div class=\"elementor-widget-container\">\n\t\t\t\t\t\t\t\t\t<p>Creada en 2025 y con domicilio en Miami, Florida, <span class=\"s8\">Friends <\/span><span class=\"s8\">of<\/span> <span class=\"s8\">the<\/span> <a href=\"https:\/\/www.lourdes-france.org\/organisation-sanctuaire-lourdes\/\"><span class=\"s8\">Sanctuary<\/span> <span class=\"s8\">of<\/span> <span class=\"s8\">Our <\/span><span class=\"s8\">Lady <\/span><span class=\"s8\">of<\/span><\/a><span class=\"s8\"><a href=\"https:\/\/www.lourdes-france.org\/organisation-sanctuaire-lourdes\/\"> Lourdes<\/a>, Inc.<\/span>, se constituy\u00f3 con el fin de apoyar al Santuario de Nuestra Se\u00f1ora de Lourdes, su misi\u00f3n pastoral, sus proyectos inmobiliarios y mobiliarios, as\u00ed como sus distintas acciones e iniciativas.<\/p><p>Al contar con la calificaci\u00f3n <span class=\"s11\">\u00ab<\/span>501(c)(3)<span class=\"s11\">\u00bb<\/span>, la entidad puede permitir la desgravaci\u00f3n fiscal de las donaciones y legados recibidos de contribuyentes en Estados Unidos.<\/p><h2><span class=\"s2\">C\u00f3mo donar:<\/span><\/h2><p>Por transferencia bancaria: contactar con <a href=\"mailto:friendsofsanctuarylourdes@lourdes-france.com\"><span class=\"s7\">friendsofsanctuarylourdes@lourdes-france.com<\/span><\/a><\/p><p>Por cheque (franc\u00e9s) (cuenta estadounidense): contactar con<a href=\"mailto:friendsofsanctuarylourdes@lourdes-france.com\"><span class=\"s7\">friendsofsanctuarylourdes@lourdes-france.com<\/span><\/a><\/p><p>Para m\u00e1s informaci\u00f3n, p\u00f3ngase en contacto con <a href=\"mailto:friendsofsanctuarylourdes@lourdes-france.com\"><span class=\"s7\">friendsofsanctuarylourdes@lourdes-france.com<\/span><\/a> o +33 5 62 42 78 03<\/p>\t\t\t\t\t\t\t\t<\/div>\n\t\t\t\t<\/div>\n\t\t\t\t<div class=\"elementor-element elementor-element-62e756e elementor-view-default elementor-widget elementor-widget-icon\" data-id=\"62e756e\" data-element_type=\"widget\" data-widget_type=\"icon.default\">\n\t\t\t\t<div class=\"elementor-widget-container\">\n\t\t\t\t\t\t\t<div class=\"elementor-icon-wrapper\">\n\t\t\t<div class=\"elementor-icon\">\n\t\t\t<i aria-hidden=\"true\" class=\"fas fa-church\"><\/i>\t\t\t<\/div>\n\t\t<\/div>\n\t\t\t\t\t\t<\/div>\n\t\t\t\t<\/div>\n\t\t\t\t\t<\/div>\n\t\t<\/div>\n\t\t\t\t\t<\/div>\n\t\t<\/section>\n\t\t\t\t<\/div>\n\t\t","protected":false},"excerpt":{"rendered":"<p>FONDATION 501(c)(3) FRIENDS OF THE SANCTUARY OF OUR LADY OF LOURDES, INC. _________________ Creada en 2025 y con domicilio en Miami, Florida, Friends of the Sanctuary of Our Lady of Lourdes, Inc., se constituy\u00f3 con el fin de apoyar al &hellip; <a href=\"https:\/\/www.lourdes-france.org\/es\/organizacion-del-santuario-de-lourdes\/friends-of-the-sanctuary-of-our-lady-of-lourdes\/\">Continuar<\/a><\/p>\n","protected":false},"author":7,"featured_media":1054371,"parent":870755,"menu_order":0,"comment_status":"closed","ping_status":"closed","template":"","meta":{"_acf_changed":false,"footnotes":""},"class_list":["post-1057741","page","type-page","status-publish","has-post-thumbnail","hentry"],"acf":[],"yoast_head":"<!-- This site is optimized with the Yoast SEO plugin v24.7 - https:\/\/yoast.com\/wordpress\/plugins\/seo\/ -->\n<title>Friends of the Sanctuary of Our Lady of Lourdes<\/title>\n<meta name=\"description\" content=\"Friends of the Sanctuary of Our Lady of Lourdes, Inc., ha sido creada para apoyar al Santuario en su misi\u00f3n, sus proyectos y sus acciones.\" \/>\n<meta name=\"robots\" content=\"index, follow, max-snippet:-1, max-image-preview:large, max-video-preview:-1\" \/>\n<link rel=\"canonical\" href=\"https:\/\/www.lourdes-france.org\/es\/organizacion-del-santuario-de-lourdes\/friends-of-the-sanctuary-of-our-lady-of-lourdes\/\" \/>\n<meta name=\"twitter:label1\" content=\"Tiempo de lectura\" \/>\n\t<meta name=\"twitter:data1\" content=\"1 minuto\" \/>\n<script type=\"application\/ld+json\" class=\"yoast-schema-graph\">{\"@context\":\"https:\/\/schema.org\",\"@graph\":[{\"@type\":\"WebPage\",\"@id\":\"https:\/\/www.lourdes-france.org\/es\/organizacion-del-santuario-de-lourdes\/friends-of-the-sanctuary-of-our-lady-of-lourdes\/\",\"url\":\"https:\/\/www.lourdes-france.org\/es\/organizacion-del-santuario-de-lourdes\/friends-of-the-sanctuary-of-our-lady-of-lourdes\/\",\"name\":\"Friends of the Sanctuary of Our Lady of Lourdes\",\"isPartOf\":{\"@id\":\"https:\/\/preprod-lourdes.cawita.com\/#website\"},\"primaryImageOfPage\":{\"@id\":\"https:\/\/www.lourdes-france.org\/es\/organizacion-del-santuario-de-lourdes\/friends-of-the-sanctuary-of-our-lady-of-lourdes\/#primaryimage\"},\"image\":{\"@id\":\"https:\/\/www.lourdes-france.org\/es\/organizacion-del-santuario-de-lourdes\/friends-of-the-sanctuary-of-our-lady-of-lourdes\/#primaryimage\"},\"thumbnailUrl\":\"https:\/\/www.lourdes-france.org\/wp-content\/uploads\/2025\/08\/friends-of-the-sanctuary-of-our-lady-of-lourdes.jpg\",\"datePublished\":\"2025-07-15T14:09:43+00:00\",\"dateModified\":\"2025-09-09T07:35:35+00:00\",\"description\":\"Friends of the Sanctuary of Our Lady of Lourdes, Inc., ha sido creada para apoyar al Santuario en su misi\u00f3n, sus proyectos y sus acciones.\",\"breadcrumb\":{\"@id\":\"https:\/\/www.lourdes-france.org\/es\/organizacion-del-santuario-de-lourdes\/friends-of-the-sanctuary-of-our-lady-of-lourdes\/#breadcrumb\"},\"inLanguage\":\"es\",\"potentialAction\":[{\"@type\":\"ReadAction\",\"target\":[\"https:\/\/www.lourdes-france.org\/es\/organizacion-del-santuario-de-lourdes\/friends-of-the-sanctuary-of-our-lady-of-lourdes\/\"]}]},{\"@type\":\"ImageObject\",\"inLanguage\":\"es\",\"@id\":\"https:\/\/www.lourdes-france.org\/es\/organizacion-del-santuario-de-lourdes\/friends-of-the-sanctuary-of-our-lady-of-lourdes\/#primaryimage\",\"url\":\"https:\/\/www.lourdes-france.org\/wp-content\/uploads\/2025\/08\/friends-of-the-sanctuary-of-our-lady-of-lourdes.jpg\",\"contentUrl\":\"https:\/\/www.lourdes-france.org\/wp-content\/uploads\/2025\/08\/friends-of-the-sanctuary-of-our-lady-of-lourdes.jpg\",\"width\":1080,\"height\":1350,\"caption\":\"Friends of the Sanctuary of Our Lady of Lourdes\"},{\"@type\":\"BreadcrumbList\",\"@id\":\"https:\/\/www.lourdes-france.org\/es\/organizacion-del-santuario-de-lourdes\/friends-of-the-sanctuary-of-our-lady-of-lourdes\/#breadcrumb\",\"itemListElement\":[{\"@type\":\"ListItem\",\"position\":1,\"name\":\"Accueil\",\"item\":\"https:\/\/www.lourdes-france.org\/\"},{\"@type\":\"ListItem\",\"position\":2,\"name\":\"Organizaci\u00f3n del Santuario\",\"item\":\"https:\/\/www.lourdes-france.org\/organisation-sanctuaire-lourdes\/\"},{\"@type\":\"ListItem\",\"position\":3,\"name\":\"Friends of the Sanctuary\"}]},{\"@type\":\"WebSite\",\"@id\":\"https:\/\/preprod-lourdes.cawita.com\/#website\",\"url\":\"https:\/\/preprod-lourdes.cawita.com\/\",\"name\":\"Soutenir le Sanctuaire Notre-Dame de Lourdes\",\"description\":\"\",\"potentialAction\":[{\"@type\":\"SearchAction\",\"target\":{\"@type\":\"EntryPoint\",\"urlTemplate\":\"https:\/\/preprod-lourdes.cawita.com\/?s={search_term_string}\"},\"query-input\":{\"@type\":\"PropertyValueSpecification\",\"valueRequired\":true,\"valueName\":\"search_term_string\"}}],\"inLanguage\":\"es\"}]}<\/script>\n<!-- \/ Yoast SEO plugin. -->","yoast_head_json":{"title":"Friends of the Sanctuary of Our Lady of Lourdes","description":"Friends of the Sanctuary of Our Lady of Lourdes, Inc., ha sido creada para apoyar al Santuario en su misi\u00f3n, sus proyectos y sus acciones.","robots":{"index":"index","follow":"follow","max-snippet":"max-snippet:-1","max-image-preview":"max-image-preview:large","max-video-preview":"max-video-preview:-1"},"canonical":"https:\/\/www.lourdes-france.org\/es\/organizacion-del-santuario-de-lourdes\/friends-of-the-sanctuary-of-our-lady-of-lourdes\/","twitter_misc":{"Tiempo de lectura":"1 minuto"},"schema":{"@context":"https:\/\/schema.org","@graph":[{"@type":"WebPage","@id":"https:\/\/www.lourdes-france.org\/es\/organizacion-del-santuario-de-lourdes\/friends-of-the-sanctuary-of-our-lady-of-lourdes\/","url":"https:\/\/www.lourdes-france.org\/es\/organizacion-del-santuario-de-lourdes\/friends-of-the-sanctuary-of-our-lady-of-lourdes\/","name":"Friends of the Sanctuary of Our Lady of Lourdes","isPartOf":{"@id":"https:\/\/preprod-lourdes.cawita.com\/#website"},"primaryImageOfPage":{"@id":"https:\/\/www.lourdes-france.org\/es\/organizacion-del-santuario-de-lourdes\/friends-of-the-sanctuary-of-our-lady-of-lourdes\/#primaryimage"},"image":{"@id":"https:\/\/www.lourdes-france.org\/es\/organizacion-del-santuario-de-lourdes\/friends-of-the-sanctuary-of-our-lady-of-lourdes\/#primaryimage"},"thumbnailUrl":"https:\/\/www.lourdes-france.org\/wp-content\/uploads\/2025\/08\/friends-of-the-sanctuary-of-our-lady-of-lourdes.jpg","datePublished":"2025-07-15T14:09:43+00:00","dateModified":"2025-09-09T07:35:35+00:00","description":"Friends of the Sanctuary of Our Lady of Lourdes, Inc., ha sido creada para apoyar al Santuario en su misi\u00f3n, sus proyectos y sus acciones.","breadcrumb":{"@id":"https:\/\/www.lourdes-france.org\/es\/organizacion-del-santuario-de-lourdes\/friends-of-the-sanctuary-of-our-lady-of-lourdes\/#breadcrumb"},"inLanguage":"es","potentialAction":[{"@type":"ReadAction","target":["https:\/\/www.lourdes-france.org\/es\/organizacion-del-santuario-de-lourdes\/friends-of-the-sanctuary-of-our-lady-of-lourdes\/"]}]},{"@type":"ImageObject","inLanguage":"es","@id":"https:\/\/www.lourdes-france.org\/es\/organizacion-del-santuario-de-lourdes\/friends-of-the-sanctuary-of-our-lady-of-lourdes\/#primaryimage","url":"https:\/\/www.lourdes-france.org\/wp-content\/uploads\/2025\/08\/friends-of-the-sanctuary-of-our-lady-of-lourdes.jpg","contentUrl":"https:\/\/www.lourdes-france.org\/wp-content\/uploads\/2025\/08\/friends-of-the-sanctuary-of-our-lady-of-lourdes.jpg","width":1080,"height":1350,"caption":"Friends of the Sanctuary of Our Lady of Lourdes"},{"@type":"BreadcrumbList","@id":"https:\/\/www.lourdes-france.org\/es\/organizacion-del-santuario-de-lourdes\/friends-of-the-sanctuary-of-our-lady-of-lourdes\/#breadcrumb","itemListElement":[{"@type":"ListItem","position":1,"name":"Accueil","item":"https:\/\/www.lourdes-france.org\/"},{"@type":"ListItem","position":2,"name":"Organizaci\u00f3n del Santuario","item":"https:\/\/www.lourdes-france.org\/organisation-sanctuaire-lourdes\/"},{"@type":"ListItem","position":3,"name":"Friends of the Sanctuary"}]},{"@type":"WebSite","@id":"https:\/\/preprod-lourdes.cawita.com\/#website","url":"https:\/\/preprod-lourdes.cawita.com\/","name":"Soutenir le Sanctuaire Notre-Dame de Lourdes","description":"","potentialAction":[{"@type":"SearchAction","target":{"@type":"EntryPoint","urlTemplate":"https:\/\/preprod-lourdes.cawita.com\/?s={search_term_string}"},"query-input":{"@type":"PropertyValueSpecification","valueRequired":true,"valueName":"search_term_string"}}],"inLanguage":"es"}]}},"_links":{"self":[{"href":"https:\/\/www.lourdes-france.org\/es\/wp-json\/wp\/v2\/pages\/1057741","targetHints":{"allow":["GET"]}}],"collection":[{"href":"https:\/\/www.lourdes-france.org\/es\/wp-json\/wp\/v2\/pages"}],"about":[{"href":"https:\/\/www.lourdes-france.org\/es\/wp-json\/wp\/v2\/types\/page"}],"author":[{"embeddable":true,"href":"https:\/\/www.lourdes-france.org\/es\/wp-json\/wp\/v2\/users\/7"}],"replies":[{"embeddable":true,"href":"https:\/\/www.lourdes-france.org\/es\/wp-json\/wp\/v2\/comments?post=1057741"}],"version-history":[{"count":3,"href":"https:\/\/www.lourdes-france.org\/es\/wp-json\/wp\/v2\/pages\/1057741\/revisions"}],"predecessor-version":[{"id":1066118,"href":"https:\/\/www.lourdes-france.org\/es\/wp-json\/wp\/v2\/pages\/1057741\/revisions\/1066118"}],"up":[{"embeddable":true,"href":"https:\/\/www.lourdes-france.org\/es\/wp-json\/wp\/v2\/pages\/870755"}],"wp:featuredmedia":[{"embeddable":true,"href":"https:\/\/www.lourdes-france.org\/es\/wp-json\/wp\/v2\/media\/1054371"}],"wp:attachment":[{"href":"https:\/\/www.lourdes-france.org\/es\/wp-json\/wp\/v2\/media?parent=1057741"}],"curies":[{"name":"wp","href":"https:\/\/api.w.org\/{rel}","templated":true}]}}