{"id":1057746,"date":"2025-07-15T16:14:05","date_gmt":"2025-07-15T14:14:05","guid":{"rendered":"https:\/\/www.lourdes-france.org\/organisation-du-sanctuaire\/lourdes-solidarite\/"},"modified":"2025-09-09T09:43:52","modified_gmt":"2025-09-09T07:43:52","slug":"asociacion-lourdes-solidaridad","status":"publish","type":"page","link":"https:\/\/www.lourdes-france.org\/es\/organizacion-del-santuario-de-lourdes\/asociacion-lourdes-solidaridad\/","title":{"rendered":"Lourdes Solidaridad"},"content":{"rendered":"\t\t<div data-elementor-type=\"wp-page\" data-elementor-id=\"1057746\" class=\"elementor elementor-1057746 elementor-1033073\" data-elementor-post-type=\"page\">\n\t\t\t\t\t\t<section class=\"elementor-section elementor-top-section elementor-element elementor-element-300e813 elementor-section-full_width elementor-section-stretched elementor-section-height-default elementor-section-height-default\" data-id=\"300e813\" data-element_type=\"section\" data-settings=\"{&quot;stretch_section&quot;:&quot;section-stretched&quot;,&quot;background_background&quot;:&quot;classic&quot;}\">\n\t\t\t\t\t\t\t<div class=\"elementor-background-overlay\"><\/div>\n\t\t\t\t\t\t\t<div class=\"elementor-container elementor-column-gap-default\">\n\t\t\t\t\t<div class=\"elementor-column elementor-col-100 elementor-top-column elementor-element elementor-element-ebed900\" data-id=\"ebed900\" data-element_type=\"column\">\n\t\t\t<div class=\"elementor-widget-wrap elementor-element-populated\">\n\t\t\t\t\t\t<div class=\"elementor-element elementor-element-b58589a elementor-widget elementor-widget-spacer\" data-id=\"b58589a\" data-element_type=\"widget\" data-widget_type=\"spacer.default\">\n\t\t\t\t<div class=\"elementor-widget-container\">\n\t\t\t\t\t\t\t<div class=\"elementor-spacer\">\n\t\t\t<div class=\"elementor-spacer-inner\"><\/div>\n\t\t<\/div>\n\t\t\t\t\t\t<\/div>\n\t\t\t\t<\/div>\n\t\t\t\t<div class=\"elementor-element elementor-element-d45a52d elementor-widget elementor-widget-image\" data-id=\"d45a52d\" data-element_type=\"widget\" data-widget_type=\"image.default\">\n\t\t\t\t<div class=\"elementor-widget-container\">\n\t\t\t\t\t\t\t\t\t\t\t\t\t\t\t<img fetchpriority=\"high\" decoding=\"async\" width=\"778\" height=\"273\" src=\"https:\/\/www.lourdes-france.org\/wp-content\/uploads\/2025\/07\/logo_friends-of.png\" class=\"attachment-large size-large wp-image-1033205\" alt=\"logo Lourdes Solidarit\u00e9\" srcset=\"https:\/\/www.lourdes-france.org\/wp-content\/uploads\/2025\/07\/logo_friends-of.png 778w, https:\/\/www.lourdes-france.org\/wp-content\/uploads\/2025\/07\/logo_friends-of-300x105.png 300w, https:\/\/www.lourdes-france.org\/wp-content\/uploads\/2025\/07\/logo_friends-of-768x269.png 768w\" sizes=\"(max-width: 778px) 100vw, 778px\" \/>\t\t\t\t\t\t\t\t\t\t\t\t\t\t\t<\/div>\n\t\t\t\t<\/div>\n\t\t\t\t<div class=\"elementor-element elementor-element-4d3a7df elementor-widget elementor-widget-spacer\" data-id=\"4d3a7df\" data-element_type=\"widget\" data-widget_type=\"spacer.default\">\n\t\t\t\t<div class=\"elementor-widget-container\">\n\t\t\t\t\t\t\t<div class=\"elementor-spacer\">\n\t\t\t<div class=\"elementor-spacer-inner\"><\/div>\n\t\t<\/div>\n\t\t\t\t\t\t<\/div>\n\t\t\t\t<\/div>\n\t\t\t\t\t<\/div>\n\t\t<\/div>\n\t\t\t\t\t<\/div>\n\t\t<\/section>\n\t\t\t\t<section class=\"elementor-section elementor-top-section elementor-element elementor-element-6945400 elementor-section-full_width elementor-section-height-default elementor-section-height-default\" data-id=\"6945400\" data-element_type=\"section\" data-settings=\"{&quot;background_background&quot;:&quot;classic&quot;}\">\n\t\t\t\t\t\t<div class=\"elementor-container elementor-column-gap-default\">\n\t\t\t\t\t<div class=\"elementor-column elementor-col-100 elementor-top-column elementor-element elementor-element-dfb9f0e\" data-id=\"dfb9f0e\" data-element_type=\"column\">\n\t\t\t<div class=\"elementor-widget-wrap elementor-element-populated\">\n\t\t\t\t\t\t<div class=\"elementor-element elementor-element-846787c elementor-widget elementor-widget-spacer\" data-id=\"846787c\" data-element_type=\"widget\" data-widget_type=\"spacer.default\">\n\t\t\t\t<div class=\"elementor-widget-container\">\n\t\t\t\t\t\t\t<div class=\"elementor-spacer\">\n\t\t\t<div class=\"elementor-spacer-inner\"><\/div>\n\t\t<\/div>\n\t\t\t\t\t\t<\/div>\n\t\t\t\t<\/div>\n\t\t\t\t<div class=\"elementor-element elementor-element-0b4134f elementor-widget elementor-widget-heading\" data-id=\"0b4134f\" data-element_type=\"widget\" data-widget_type=\"heading.default\">\n\t\t\t\t<div class=\"elementor-widget-container\">\n\t\t\t\t\t<h2 class=\"elementor-heading-title elementor-size-default\">ASOCIACI\u00d3N<br> DE INTER\u00c9S GENERAL (LEY 1901)<br>\n\u00abLOURDES SOLIDARIT\u00c9S\u00bb<\/h2>\t\t\t\t<\/div>\n\t\t\t\t<\/div>\n\t\t\t\t<div class=\"elementor-element elementor-element-a3b221e elementor-widget elementor-widget-heading\" data-id=\"a3b221e\" data-element_type=\"widget\" data-widget_type=\"heading.default\">\n\t\t\t\t<div class=\"elementor-widget-container\">\n\t\t\t\t\t<h2 class=\"elementor-heading-title elementor-size-default\">_________________<\/h2>\t\t\t\t<\/div>\n\t\t\t\t<\/div>\n\t\t\t\t<div class=\"elementor-element elementor-element-26de0be elementor-widget elementor-widget-text-editor\" data-id=\"26de0be\" data-element_type=\"widget\" data-widget_type=\"text-editor.default\">\n\t\t\t\t<div class=\"elementor-widget-container\">\n\t\t\t\t\t\t\t\t\t<h2><span class=\"s2\">Extracto de los estatutos:<\/span><\/h2><p>La asociaci\u00f3n tiene por objeto desarrollar todas las actividades sociales y m\u00e9dico-sociales dirigidas, en particular, a personas mayores, a personas en situaci\u00f3n de discapacidad o a aquellas en situaci\u00f3n de precariedad econ\u00f3mica y social. Sus actividades se orientan principalmente, aunque no exclusivamente, hacia el p\u00fablico que visita el recinto <a href=\"https:\/\/www.lourdes-france.org\/organisation-sanctuaire-lourdes\/\">del Santuario de Lourdes.<\/a><\/p><h2><span class=\"s2\">Acciones y proyectos:<\/span><\/h2><p>Desde hace dos a\u00f1os, la asociaci\u00f3n <span class=\"s8\">Lourdes <\/span><span class=\"s8\">Solidarit\u00e9s<\/span> recauda fondos y ejecuta las obras para adaptar los bloques sanitarios del Santuario a criterios de accesibilidad. Se han renovado 6 de los 12 bloques sanitarios, que ahora son plenamente accesibles. Las obras contin\u00faan, con el proyecto de los sanitarios de la Rampa Sur previsto para el invierno 2025\/2026, para el cual la asociaci\u00f3n sigue recabando donaciones.<\/p><p>La asociaci\u00f3n ha identificado como objetivo futuro la formaci\u00f3n del personal del Centro de Socorro del Santuario para la atenci\u00f3n de personas con discapacidades invisibles.<\/p><p>En funci\u00f3n de los fondos recaudados, la asociaci\u00f3n podr\u00e1 intervenir en las obras destinadas a facilitar la acogida de personas con diferentes tipos de <a href=\"https:\/\/www.lourdes-france.com\/lourdes-un-sanctuaire-accessible-a-tous\/\">discapacidad<\/a>, como, por ejemplo, la instalaci\u00f3n de bucles magn\u00e9ticos.<\/p><p>La asociaci\u00f3n <span class=\"s8\">Lourdes <\/span><span class=\"s8\">Solidarit\u00e9s<\/span> act\u00faa como interlocutora de las entidades promotoras de proyectos sociales o m\u00e9dico-sociales cuyo desarrollo se llevar\u00eda a cabo principalmente en el recinto del Santuario.<\/p><h2><span class=\"s2\">C\u00f3mo donar:<\/span><\/h2><p><span class=\"s8\">El fondo de dotaci\u00f3n <\/span>Lourdes United<span class=\"s8\"> recibe donaciones destinadas a <\/span>Lourdes Solidarit\u00e9s <span class=\"s8\">y las redistribuye. <\/span><\/p><p>Por cheque (franc\u00e9s) a nombre de \u00abLourdes United\u00bb y enviado al Santuario de Nuestra Se\u00f1ora de Lourdes, Servicio de Donantes, 1 avenida Mgr Th\u00e9as, 65100 LOURDES.<\/p><p>Por transferencia bancaria: contactar con <a href=\"mailto:donateur@lourdes-france.com\"><span class=\"s7\">donateur@lourdes-france.com<\/span><\/a><\/p><p>Para cualquier consulta: <a href=\"mailto:donateur@lourdes-france.com\"><span class=\"s7\">donateur@lourdes-france.com<\/span><\/a> o +33 5 62 42 82 82<\/p>\t\t\t\t\t\t\t\t<\/div>\n\t\t\t\t<\/div>\n\t\t\t\t<div class=\"elementor-element elementor-element-dfe2040 elementor-widget elementor-widget-link-in-bio\" data-id=\"dfe2040\" data-element_type=\"widget\" data-widget_type=\"link-in-bio.default\">\n\t\t\t\t<div class=\"elementor-widget-container\">\n\t\t\t\t\t\t\t<div class=\"e-link-in-bio e-link-in-bio\">\n\t\t\t<div class=\"e-link-in-bio__content\">\n\n\t\t\t\t\t\t<div class=\"e-link-in-bio__identity\">\n\t\t\t\t\t\t\t\t\t<div class=\"e-link-in-bio__identity-image e-link-in-bio__identity-image-profile has-border has-style-circle\">\n\t\t\t\t\t\t\t<img decoding=\"async\" width=\"300\" height=\"200\" src=\"https:\/\/www.lourdes-france.org\/wp-content\/uploads\/2025\/07\/21_service-donateur-01-300x200.jpg\" class=\"e-link-in-bio__identity-image-element\" alt=\"Service des donateurs Corrine et Cathy\" srcset=\"https:\/\/www.lourdes-france.org\/wp-content\/uploads\/2025\/07\/21_service-donateur-01-300x200.jpg 300w, https:\/\/www.lourdes-france.org\/wp-content\/uploads\/2025\/07\/21_service-donateur-01-1024x683.jpg 1024w, https:\/\/www.lourdes-france.org\/wp-content\/uploads\/2025\/07\/21_service-donateur-01-768x512.jpg 768w, https:\/\/www.lourdes-france.org\/wp-content\/uploads\/2025\/07\/21_service-donateur-01-1536x1024.jpg 1536w, https:\/\/www.lourdes-france.org\/wp-content\/uploads\/2025\/07\/21_service-donateur-01-2048x1365.jpg 2048w\" sizes=\"(max-width: 300px) 100vw, 300px\" \/>\t\t\t\t\t\t\t\t\t\t\t\t\t<\/div>\n\t\t\t\t\t\t\t<\/div>\n\t\t\t\t\t<div class=\"e-link-in-bio__bio\">\n\t\t\t\t<h2 class=\"e-link-in-bio__heading\">Servicio de Donantes<\/h2>\t\t\t\t<h2 class=\"e-link-in-bio__title\">Santuario de Nuestra Se\u00f1ora de Lourdes<\/h2>\t\t\t\t\t\t\t\t\t\t\t<\/div>\n\t\t\t\t\t<div class=\"e-link-in-bio__icons has-size-medium\">\n\t\t\t\t\t\t\t<div class=\"e-link-in-bio__icon is-size-medium\">\n\t\t\t\t\t<a aria-label=\"Telephone\" class=\"e-link-in-bio__icon-link\" href=\"tel:+33562428282\">\n\t\t\t\t\t\t<span class=\"e-link-in-bio__icon-svg\">\n\t\t\t\t\t\t\t<i aria-hidden=\"true\" class=\"fas fa-phone-alt\"><\/i>\t\t\t\t\t\t<\/span>\n\t\t\t\t\t\t\t\t\t\t\t<\/a>\n\t\t\t\t<\/div>\n\t\t\t\t\t\t\t<div class=\"e-link-in-bio__icon is-size-medium\">\n\t\t\t\t\t<a aria-label=\"Email\" class=\"e-link-in-bio__icon-link\" href=\"mailto:donateur@lourdes-france.com\">\n\t\t\t\t\t\t<span class=\"e-link-in-bio__icon-svg\">\n\t\t\t\t\t\t\t<i aria-hidden=\"true\" class=\"fas fa-envelope\"><\/i>\t\t\t\t\t\t<\/span>\n\t\t\t\t\t\t\t\t\t\t\t<\/a>\n\t\t\t\t<\/div>\n\t\t\t\t\t<\/div>\n\t\t\n\t\t<div class=\"e-link-in-bio__ctas has-type-button\">\n\t\t\t\t\t\t\t<a target=\"_blank\" rel=\"noopener \" class=\"e-link-in-bio__cta is-type-button has-corners-rounded\" href=\"\">\n\t\t\t\t\t\t\t\t\t\t<span class=\"e-link-in-bio__cta-text\">\n\t\t\t\t\t\t1 avenue Mgr Th\u00e9as \u2013 65 108 Lourdes  France\t\t\t\t\t<\/span>\n\t\t\t\t<\/a>\n\t\t\t\t\t<\/div>\n\t\t\n\t\t\t<\/div>\n\t\t\t<div class=\"e-link-in-bio__bg\">\n\t\t\t\t<div class=\"e-link-in-bio__bg-overlay\"><\/div>\n\t\t\t<\/div>\n\t\t<\/div>\n\t\t\t\t\t\t<\/div>\n\t\t\t\t<\/div>\n\t\t\t\t<div class=\"elementor-element elementor-element-8d4f980 elementor-view-default elementor-widget elementor-widget-icon\" data-id=\"8d4f980\" data-element_type=\"widget\" data-widget_type=\"icon.default\">\n\t\t\t\t<div class=\"elementor-widget-container\">\n\t\t\t\t\t\t\t<div class=\"elementor-icon-wrapper\">\n\t\t\t<div class=\"elementor-icon\">\n\t\t\t<i aria-hidden=\"true\" class=\"fas fa-church\"><\/i>\t\t\t<\/div>\n\t\t<\/div>\n\t\t\t\t\t\t<\/div>\n\t\t\t\t<\/div>\n\t\t\t\t\t<\/div>\n\t\t<\/div>\n\t\t\t\t\t<\/div>\n\t\t<\/section>\n\t\t\t\t<\/div>\n\t\t","protected":false},"excerpt":{"rendered":"<p>ASOCIACI\u00d3N DE INTER\u00c9S GENERAL (LEY 1901) \u00abLOURDES SOLIDARIT\u00c9S\u00bb _________________ Extracto de los estatutos: La asociaci\u00f3n tiene por objeto desarrollar todas las actividades sociales y m\u00e9dico-sociales dirigidas, en particular, a personas mayores, a personas en situaci\u00f3n de discapacidad o a aquellas &hellip; <a href=\"https:\/\/www.lourdes-france.org\/es\/organizacion-del-santuario-de-lourdes\/asociacion-lourdes-solidaridad\/\">Continuar<\/a><\/p>\n","protected":false},"author":7,"featured_media":1054379,"parent":870755,"menu_order":0,"comment_status":"closed","ping_status":"closed","template":"","meta":{"_acf_changed":false,"footnotes":""},"class_list":["post-1057746","page","type-page","status-publish","has-post-thumbnail","hentry"],"acf":[],"yoast_head":"<!-- This site is optimized with the Yoast SEO plugin v24.7 - https:\/\/yoast.com\/wordpress\/plugins\/seo\/ -->\n<title>Asociaci\u00f3n Lourdes Solidaridad<\/title>\n<meta name=\"description\" content=\"La asociaci\u00f3n Lourdes Solidaridad tiene como objetivo desarrollar actividades sociales y m\u00e9dico-sociales dirigidas a los m\u00e1s desfavorecidos.\" \/>\n<meta name=\"robots\" content=\"index, follow, max-snippet:-1, max-image-preview:large, max-video-preview:-1\" \/>\n<link rel=\"canonical\" href=\"https:\/\/www.lourdes-france.org\/es\/organizacion-del-santuario-de-lourdes\/asociacion-lourdes-solidaridad\/\" \/>\n<meta name=\"twitter:label1\" content=\"Tiempo de lectura\" \/>\n\t<meta name=\"twitter:data1\" content=\"3 minutos\" \/>\n<script type=\"application\/ld+json\" class=\"yoast-schema-graph\">{\"@context\":\"https:\/\/schema.org\",\"@graph\":[{\"@type\":\"WebPage\",\"@id\":\"https:\/\/www.lourdes-france.org\/es\/organizacion-del-santuario-de-lourdes\/asociacion-lourdes-solidaridad\/\",\"url\":\"https:\/\/www.lourdes-france.org\/es\/organizacion-del-santuario-de-lourdes\/asociacion-lourdes-solidaridad\/\",\"name\":\"Asociaci\u00f3n Lourdes Solidaridad\",\"isPartOf\":{\"@id\":\"https:\/\/preprod-lourdes.cawita.com\/#website\"},\"primaryImageOfPage\":{\"@id\":\"https:\/\/www.lourdes-france.org\/es\/organizacion-del-santuario-de-lourdes\/asociacion-lourdes-solidaridad\/#primaryimage\"},\"image\":{\"@id\":\"https:\/\/www.lourdes-france.org\/es\/organizacion-del-santuario-de-lourdes\/asociacion-lourdes-solidaridad\/#primaryimage\"},\"thumbnailUrl\":\"https:\/\/www.lourdes-france.org\/wp-content\/uploads\/2025\/08\/lourdes-solidarites.jpg\",\"datePublished\":\"2025-07-15T14:14:05+00:00\",\"dateModified\":\"2025-09-09T07:43:52+00:00\",\"description\":\"La asociaci\u00f3n Lourdes Solidaridad tiene como objetivo desarrollar actividades sociales y m\u00e9dico-sociales dirigidas a los m\u00e1s desfavorecidos.\",\"breadcrumb\":{\"@id\":\"https:\/\/www.lourdes-france.org\/es\/organizacion-del-santuario-de-lourdes\/asociacion-lourdes-solidaridad\/#breadcrumb\"},\"inLanguage\":\"es\",\"potentialAction\":[{\"@type\":\"ReadAction\",\"target\":[\"https:\/\/www.lourdes-france.org\/es\/organizacion-del-santuario-de-lourdes\/asociacion-lourdes-solidaridad\/\"]}]},{\"@type\":\"ImageObject\",\"inLanguage\":\"es\",\"@id\":\"https:\/\/www.lourdes-france.org\/es\/organizacion-del-santuario-de-lourdes\/asociacion-lourdes-solidaridad\/#primaryimage\",\"url\":\"https:\/\/www.lourdes-france.org\/wp-content\/uploads\/2025\/08\/lourdes-solidarites.jpg\",\"contentUrl\":\"https:\/\/www.lourdes-france.org\/wp-content\/uploads\/2025\/08\/lourdes-solidarites.jpg\",\"width\":1080,\"height\":1350,\"caption\":\"Lourdes solidarit\u00e9s\"},{\"@type\":\"BreadcrumbList\",\"@id\":\"https:\/\/www.lourdes-france.org\/es\/organizacion-del-santuario-de-lourdes\/asociacion-lourdes-solidaridad\/#breadcrumb\",\"itemListElement\":[{\"@type\":\"ListItem\",\"position\":1,\"name\":\"Accueil\",\"item\":\"https:\/\/www.lourdes-france.org\/\"},{\"@type\":\"ListItem\",\"position\":2,\"name\":\"Organizaci\u00f3n del Santuario\",\"item\":\"https:\/\/www.lourdes-france.org\/organisation-sanctuaire-lourdes\/\"},{\"@type\":\"ListItem\",\"position\":3,\"name\":\"Lourdes Solidaridad\"}]},{\"@type\":\"WebSite\",\"@id\":\"https:\/\/preprod-lourdes.cawita.com\/#website\",\"url\":\"https:\/\/preprod-lourdes.cawita.com\/\",\"name\":\"Soutenir le Sanctuaire Notre-Dame de Lourdes\",\"description\":\"\",\"potentialAction\":[{\"@type\":\"SearchAction\",\"target\":{\"@type\":\"EntryPoint\",\"urlTemplate\":\"https:\/\/preprod-lourdes.cawita.com\/?s={search_term_string}\"},\"query-input\":{\"@type\":\"PropertyValueSpecification\",\"valueRequired\":true,\"valueName\":\"search_term_string\"}}],\"inLanguage\":\"es\"}]}<\/script>\n<!-- \/ Yoast SEO plugin. -->","yoast_head_json":{"title":"Asociaci\u00f3n Lourdes Solidaridad","description":"La asociaci\u00f3n Lourdes Solidaridad tiene como objetivo desarrollar actividades sociales y m\u00e9dico-sociales dirigidas a los m\u00e1s desfavorecidos.","robots":{"index":"index","follow":"follow","max-snippet":"max-snippet:-1","max-image-preview":"max-image-preview:large","max-video-preview":"max-video-preview:-1"},"canonical":"https:\/\/www.lourdes-france.org\/es\/organizacion-del-santuario-de-lourdes\/asociacion-lourdes-solidaridad\/","twitter_misc":{"Tiempo de lectura":"3 minutos"},"schema":{"@context":"https:\/\/schema.org","@graph":[{"@type":"WebPage","@id":"https:\/\/www.lourdes-france.org\/es\/organizacion-del-santuario-de-lourdes\/asociacion-lourdes-solidaridad\/","url":"https:\/\/www.lourdes-france.org\/es\/organizacion-del-santuario-de-lourdes\/asociacion-lourdes-solidaridad\/","name":"Asociaci\u00f3n Lourdes Solidaridad","isPartOf":{"@id":"https:\/\/preprod-lourdes.cawita.com\/#website"},"primaryImageOfPage":{"@id":"https:\/\/www.lourdes-france.org\/es\/organizacion-del-santuario-de-lourdes\/asociacion-lourdes-solidaridad\/#primaryimage"},"image":{"@id":"https:\/\/www.lourdes-france.org\/es\/organizacion-del-santuario-de-lourdes\/asociacion-lourdes-solidaridad\/#primaryimage"},"thumbnailUrl":"https:\/\/www.lourdes-france.org\/wp-content\/uploads\/2025\/08\/lourdes-solidarites.jpg","datePublished":"2025-07-15T14:14:05+00:00","dateModified":"2025-09-09T07:43:52+00:00","description":"La asociaci\u00f3n Lourdes Solidaridad tiene como objetivo desarrollar actividades sociales y m\u00e9dico-sociales dirigidas a los m\u00e1s desfavorecidos.","breadcrumb":{"@id":"https:\/\/www.lourdes-france.org\/es\/organizacion-del-santuario-de-lourdes\/asociacion-lourdes-solidaridad\/#breadcrumb"},"inLanguage":"es","potentialAction":[{"@type":"ReadAction","target":["https:\/\/www.lourdes-france.org\/es\/organizacion-del-santuario-de-lourdes\/asociacion-lourdes-solidaridad\/"]}]},{"@type":"ImageObject","inLanguage":"es","@id":"https:\/\/www.lourdes-france.org\/es\/organizacion-del-santuario-de-lourdes\/asociacion-lourdes-solidaridad\/#primaryimage","url":"https:\/\/www.lourdes-france.org\/wp-content\/uploads\/2025\/08\/lourdes-solidarites.jpg","contentUrl":"https:\/\/www.lourdes-france.org\/wp-content\/uploads\/2025\/08\/lourdes-solidarites.jpg","width":1080,"height":1350,"caption":"Lourdes solidarit\u00e9s"},{"@type":"BreadcrumbList","@id":"https:\/\/www.lourdes-france.org\/es\/organizacion-del-santuario-de-lourdes\/asociacion-lourdes-solidaridad\/#breadcrumb","itemListElement":[{"@type":"ListItem","position":1,"name":"Accueil","item":"https:\/\/www.lourdes-france.org\/"},{"@type":"ListItem","position":2,"name":"Organizaci\u00f3n del Santuario","item":"https:\/\/www.lourdes-france.org\/organisation-sanctuaire-lourdes\/"},{"@type":"ListItem","position":3,"name":"Lourdes Solidaridad"}]},{"@type":"WebSite","@id":"https:\/\/preprod-lourdes.cawita.com\/#website","url":"https:\/\/preprod-lourdes.cawita.com\/","name":"Soutenir le Sanctuaire Notre-Dame de Lourdes","description":"","potentialAction":[{"@type":"SearchAction","target":{"@type":"EntryPoint","urlTemplate":"https:\/\/preprod-lourdes.cawita.com\/?s={search_term_string}"},"query-input":{"@type":"PropertyValueSpecification","valueRequired":true,"valueName":"search_term_string"}}],"inLanguage":"es"}]}},"_links":{"self":[{"href":"https:\/\/www.lourdes-france.org\/es\/wp-json\/wp\/v2\/pages\/1057746","targetHints":{"allow":["GET"]}}],"collection":[{"href":"https:\/\/www.lourdes-france.org\/es\/wp-json\/wp\/v2\/pages"}],"about":[{"href":"https:\/\/www.lourdes-france.org\/es\/wp-json\/wp\/v2\/types\/page"}],"author":[{"embeddable":true,"href":"https:\/\/www.lourdes-france.org\/es\/wp-json\/wp\/v2\/users\/7"}],"replies":[{"embeddable":true,"href":"https:\/\/www.lourdes-france.org\/es\/wp-json\/wp\/v2\/comments?post=1057746"}],"version-history":[{"count":3,"href":"https:\/\/www.lourdes-france.org\/es\/wp-json\/wp\/v2\/pages\/1057746\/revisions"}],"predecessor-version":[{"id":1066120,"href":"https:\/\/www.lourdes-france.org\/es\/wp-json\/wp\/v2\/pages\/1057746\/revisions\/1066120"}],"up":[{"embeddable":true,"href":"https:\/\/www.lourdes-france.org\/es\/wp-json\/wp\/v2\/pages\/870755"}],"wp:featuredmedia":[{"embeddable":true,"href":"https:\/\/www.lourdes-france.org\/es\/wp-json\/wp\/v2\/media\/1054379"}],"wp:attachment":[{"href":"https:\/\/www.lourdes-france.org\/es\/wp-json\/wp\/v2\/media?parent=1057746"}],"curies":[{"name":"wp","href":"https:\/\/api.w.org\/{rel}","templated":true}]}}