{"id":1057755,"date":"2025-07-15T16:22:35","date_gmt":"2025-07-15T14:22:35","guid":{"rendered":"https:\/\/www.lourdes-france.org\/organisation-du-sanctuaire\/association-lourdes-jeunesse\/"},"modified":"2025-09-09T09:49:59","modified_gmt":"2025-09-09T07:49:59","slug":"asociacion-lourdes-juventud","status":"publish","type":"page","link":"https:\/\/www.lourdes-france.org\/es\/organizacion-del-santuario-de-lourdes\/asociacion-lourdes-juventud\/","title":{"rendered":"Lourdes Juventud"},"content":{"rendered":"\t\t<div data-elementor-type=\"wp-page\" data-elementor-id=\"1057755\" class=\"elementor elementor-1057755 elementor-1033075\" data-elementor-post-type=\"page\">\n\t\t\t\t\t\t<section class=\"elementor-section elementor-top-section elementor-element elementor-element-197a32d elementor-section-full_width elementor-section-stretched elementor-section-height-default elementor-section-height-default\" data-id=\"197a32d\" data-element_type=\"section\" data-settings=\"{&quot;stretch_section&quot;:&quot;section-stretched&quot;,&quot;background_background&quot;:&quot;classic&quot;}\">\n\t\t\t\t\t\t\t<div class=\"elementor-background-overlay\"><\/div>\n\t\t\t\t\t\t\t<div class=\"elementor-container elementor-column-gap-default\">\n\t\t\t\t\t<div class=\"elementor-column elementor-col-100 elementor-top-column elementor-element elementor-element-0c2e85b\" data-id=\"0c2e85b\" data-element_type=\"column\">\n\t\t\t<div class=\"elementor-widget-wrap elementor-element-populated\">\n\t\t\t\t\t\t<div class=\"elementor-element elementor-element-8479136 elementor-widget elementor-widget-spacer\" data-id=\"8479136\" data-element_type=\"widget\" data-widget_type=\"spacer.default\">\n\t\t\t\t<div class=\"elementor-widget-container\">\n\t\t\t\t\t\t\t<div class=\"elementor-spacer\">\n\t\t\t<div class=\"elementor-spacer-inner\"><\/div>\n\t\t<\/div>\n\t\t\t\t\t\t<\/div>\n\t\t\t\t<\/div>\n\t\t\t\t<div class=\"elementor-element elementor-element-52a36d5 elementor-widget elementor-widget-image\" data-id=\"52a36d5\" data-element_type=\"widget\" data-widget_type=\"image.default\">\n\t\t\t\t<div class=\"elementor-widget-container\">\n\t\t\t\t\t\t\t\t\t\t\t\t\t\t\t<img fetchpriority=\"high\" decoding=\"async\" width=\"667\" height=\"274\" src=\"https:\/\/www.lourdes-france.org\/wp-content\/uploads\/2025\/07\/logo_environnement.png\" class=\"attachment-large size-large wp-image-1033198\" alt=\"logo Lourdes Jeunesse\" srcset=\"https:\/\/www.lourdes-france.org\/wp-content\/uploads\/2025\/07\/logo_environnement.png 667w, https:\/\/www.lourdes-france.org\/wp-content\/uploads\/2025\/07\/logo_environnement-300x123.png 300w\" sizes=\"(max-width: 667px) 100vw, 667px\" \/>\t\t\t\t\t\t\t\t\t\t\t\t\t\t\t<\/div>\n\t\t\t\t<\/div>\n\t\t\t\t<div class=\"elementor-element elementor-element-ebd9196 elementor-widget elementor-widget-spacer\" data-id=\"ebd9196\" data-element_type=\"widget\" data-widget_type=\"spacer.default\">\n\t\t\t\t<div class=\"elementor-widget-container\">\n\t\t\t\t\t\t\t<div class=\"elementor-spacer\">\n\t\t\t<div class=\"elementor-spacer-inner\"><\/div>\n\t\t<\/div>\n\t\t\t\t\t\t<\/div>\n\t\t\t\t<\/div>\n\t\t\t\t\t<\/div>\n\t\t<\/div>\n\t\t\t\t\t<\/div>\n\t\t<\/section>\n\t\t\t\t<section class=\"elementor-section elementor-top-section elementor-element elementor-element-97682f1 elementor-section-full_width elementor-section-height-default elementor-section-height-default\" data-id=\"97682f1\" data-element_type=\"section\" data-settings=\"{&quot;background_background&quot;:&quot;classic&quot;}\">\n\t\t\t\t\t\t<div class=\"elementor-container elementor-column-gap-default\">\n\t\t\t\t\t<div class=\"elementor-column elementor-col-100 elementor-top-column elementor-element elementor-element-6178ff7\" data-id=\"6178ff7\" data-element_type=\"column\">\n\t\t\t<div class=\"elementor-widget-wrap elementor-element-populated\">\n\t\t\t\t\t\t<div class=\"elementor-element elementor-element-7a31eec elementor-widget elementor-widget-spacer\" data-id=\"7a31eec\" data-element_type=\"widget\" data-widget_type=\"spacer.default\">\n\t\t\t\t<div class=\"elementor-widget-container\">\n\t\t\t\t\t\t\t<div class=\"elementor-spacer\">\n\t\t\t<div class=\"elementor-spacer-inner\"><\/div>\n\t\t<\/div>\n\t\t\t\t\t\t<\/div>\n\t\t\t\t<\/div>\n\t\t\t\t<div class=\"elementor-element elementor-element-558d621 elementor-widget elementor-widget-heading\" data-id=\"558d621\" data-element_type=\"widget\" data-widget_type=\"heading.default\">\n\t\t\t\t<div class=\"elementor-widget-container\">\n\t\t\t\t\t<h2 class=\"elementor-heading-title elementor-size-default\">ASOCIACI\u00d3N <br> DE INTER\u00c9S GENERAL (LEY 1901) <br>\n\u00abLOURDES JEUNESSE\u00bb<\/h2>\t\t\t\t<\/div>\n\t\t\t\t<\/div>\n\t\t\t\t<div class=\"elementor-element elementor-element-dbd9c30 elementor-widget elementor-widget-heading\" data-id=\"dbd9c30\" data-element_type=\"widget\" data-widget_type=\"heading.default\">\n\t\t\t\t<div class=\"elementor-widget-container\">\n\t\t\t\t\t<h2 class=\"elementor-heading-title elementor-size-default\">_________________<\/h2>\t\t\t\t<\/div>\n\t\t\t\t<\/div>\n\t\t\t\t<div class=\"elementor-element elementor-element-8e54b09 elementor-widget elementor-widget-text-editor\" data-id=\"8e54b09\" data-element_type=\"widget\" data-widget_type=\"text-editor.default\">\n\t\t\t\t<div class=\"elementor-widget-container\">\n\t\t\t\t\t\t\t\t\t<h2><span class=\"s2\">Extracto de los estatutos:<\/span><\/h2><p>La asociaci\u00f3n tiene por objeto desarrollar todas las actividades de inter\u00e9s general destinadas a favorecer la acogida, el alojamiento y la estancia de j\u00f3venes en Lourdes. A tal efecto, podr\u00e1, en particular, gestionar todos los espacios destinados a su acogida y alojamiento, as\u00ed como organizar actividades deportivas, educativas, sociales y culturales dirigidas a los j\u00f3venes durante su estancia en Lourdes. Las actividades de la asociaci\u00f3n se orientan principalmente, aunque no exclusivamente, hacia los j\u00f3venes que visitan el recinto del <a href=\"https:\/\/www.lourdes-france.org\/organisation-sanctuaire-lourdes\/\">Santuario de Lourdes.<\/a><\/p><h2><span class=\"s2\">Acciones y proyectos:<\/span><\/h2><p>La asociaci\u00f3n <span class=\"s8\">Lourdes <\/span><span class=\"s8\">Jeunesse<\/span> desarrolla diversas acciones, entre las que se incluyen un proyecto gestionado por j\u00f3venes voluntarios en los alrededores de la Ciudad de los J\u00f3venes, la coorganizaci\u00f3n de una carrera con actividades l\u00fadicas y pedag\u00f3gicas, y la renovaci\u00f3n de los equipamientos en la Ciudad de los J\u00f3venes.<\/p><p>En 2024, la asociaci\u00f3n elabor\u00f3 folletos en formato tarjeta de visita y los distribuy\u00f3 entre los j\u00f3venes que visitaban Lourdes, con el fin de que se convirtieran en embajadores de la asociaci\u00f3n y de los proyectos que promueve.<\/p><h2><span class=\"s2\">C\u00f3mo donar:<\/span><\/h2><p><span class=\"s8\">El fondo de dotaci\u00f3n <\/span>Lourdes United<span class=\"s8\"> recibe donaciones destinadas a <\/span>Lourdes Jeunesse <span class=\"s8\">y las redistribuye. <\/span><\/p><p>Por cheque (franc\u00e9s) a nombre de \u00abLourdes United\u00bb y enviado al Santuario de Nuestra Se\u00f1ora de Lourdes, Servicio de Donantes, 1 avenida Mgr Th\u00e9as, 65100 LOURDES.<\/p><p>Por transferencia bancaria: contactar con <a href=\"mailto:donateur@lourdes-france.com\"><span class=\"s7\">donateur@lourdes-france.com<\/span><\/a><\/p><p>Para cualquier consulta: <a href=\"mailto:donateur@lourdes-france.com\"><span class=\"s7\">donateur@lourdes-france.com<\/span><\/a> o +33 5 62 42 82 82<\/p>\t\t\t\t\t\t\t\t<\/div>\n\t\t\t\t<\/div>\n\t\t\t\t<div class=\"elementor-element elementor-element-6aca4ce elementor-widget elementor-widget-link-in-bio\" data-id=\"6aca4ce\" data-element_type=\"widget\" data-widget_type=\"link-in-bio.default\">\n\t\t\t\t<div class=\"elementor-widget-container\">\n\t\t\t\t\t\t\t<div class=\"e-link-in-bio e-link-in-bio\">\n\t\t\t<div class=\"e-link-in-bio__content\">\n\n\t\t\t\t\t\t<div class=\"e-link-in-bio__identity\">\n\t\t\t\t\t\t\t\t\t<div class=\"e-link-in-bio__identity-image e-link-in-bio__identity-image-profile has-border has-style-circle\">\n\t\t\t\t\t\t\t<img decoding=\"async\" width=\"300\" height=\"200\" src=\"https:\/\/www.lourdes-france.org\/wp-content\/uploads\/2025\/07\/21_service-donateur-01-300x200.jpg\" class=\"e-link-in-bio__identity-image-element\" alt=\"Service des donateurs Corrine et Cathy\" srcset=\"https:\/\/www.lourdes-france.org\/wp-content\/uploads\/2025\/07\/21_service-donateur-01-300x200.jpg 300w, https:\/\/www.lourdes-france.org\/wp-content\/uploads\/2025\/07\/21_service-donateur-01-1024x683.jpg 1024w, https:\/\/www.lourdes-france.org\/wp-content\/uploads\/2025\/07\/21_service-donateur-01-768x512.jpg 768w, https:\/\/www.lourdes-france.org\/wp-content\/uploads\/2025\/07\/21_service-donateur-01-1536x1024.jpg 1536w, https:\/\/www.lourdes-france.org\/wp-content\/uploads\/2025\/07\/21_service-donateur-01-2048x1365.jpg 2048w\" sizes=\"(max-width: 300px) 100vw, 300px\" \/>\t\t\t\t\t\t\t\t\t\t\t\t\t<\/div>\n\t\t\t\t\t\t\t<\/div>\n\t\t\t\t\t<div class=\"e-link-in-bio__bio\">\n\t\t\t\t<h2 class=\"e-link-in-bio__heading\">Service des Donateurs<\/h2>\t\t\t\t<h2 class=\"e-link-in-bio__title\">Sanctuaire Notre-Dame de Lourdes<\/h2>\t\t\t\t\t\t\t\t\t\t\t<\/div>\n\t\t\t\t\t<div class=\"e-link-in-bio__icons has-size-medium\">\n\t\t\t\t\t\t\t<div class=\"e-link-in-bio__icon is-size-medium\">\n\t\t\t\t\t<a aria-label=\"Telephone\" class=\"e-link-in-bio__icon-link\" href=\"tel:+33562428282\">\n\t\t\t\t\t\t<span class=\"e-link-in-bio__icon-svg\">\n\t\t\t\t\t\t\t<i aria-hidden=\"true\" class=\"fas fa-phone-alt\"><\/i>\t\t\t\t\t\t<\/span>\n\t\t\t\t\t\t\t\t\t\t\t<\/a>\n\t\t\t\t<\/div>\n\t\t\t\t\t\t\t<div class=\"e-link-in-bio__icon is-size-medium\">\n\t\t\t\t\t<a aria-label=\"Email\" class=\"e-link-in-bio__icon-link\" href=\"mailto:donateur@lourdes-france.com\">\n\t\t\t\t\t\t<span class=\"e-link-in-bio__icon-svg\">\n\t\t\t\t\t\t\t<i aria-hidden=\"true\" class=\"fas fa-envelope\"><\/i>\t\t\t\t\t\t<\/span>\n\t\t\t\t\t\t\t\t\t\t\t<\/a>\n\t\t\t\t<\/div>\n\t\t\t\t\t<\/div>\n\t\t\n\t\t<div class=\"e-link-in-bio__ctas has-type-button\">\n\t\t\t\t\t\t\t<a target=\"_blank\" rel=\"noopener \" class=\"e-link-in-bio__cta is-type-button has-corners-rounded\" href=\"\">\n\t\t\t\t\t\t\t\t\t\t<span class=\"e-link-in-bio__cta-text\">\n\t\t\t\t\t\t1 avenue Mgr Th\u00e9as \u2013 65 108 Lourdes  France\t\t\t\t\t<\/span>\n\t\t\t\t<\/a>\n\t\t\t\t\t<\/div>\n\t\t\n\t\t\t<\/div>\n\t\t\t<div class=\"e-link-in-bio__bg\">\n\t\t\t\t<div class=\"e-link-in-bio__bg-overlay\"><\/div>\n\t\t\t<\/div>\n\t\t<\/div>\n\t\t\t\t\t\t<\/div>\n\t\t\t\t<\/div>\n\t\t\t\t<div class=\"elementor-element elementor-element-308c3f7 elementor-view-default elementor-widget elementor-widget-icon\" data-id=\"308c3f7\" data-element_type=\"widget\" data-widget_type=\"icon.default\">\n\t\t\t\t<div class=\"elementor-widget-container\">\n\t\t\t\t\t\t\t<div class=\"elementor-icon-wrapper\">\n\t\t\t<div class=\"elementor-icon\">\n\t\t\t<i aria-hidden=\"true\" class=\"fas fa-church\"><\/i>\t\t\t<\/div>\n\t\t<\/div>\n\t\t\t\t\t\t<\/div>\n\t\t\t\t<\/div>\n\t\t\t\t\t<\/div>\n\t\t<\/div>\n\t\t\t\t\t<\/div>\n\t\t<\/section>\n\t\t\t\t<\/div>\n\t\t","protected":false},"excerpt":{"rendered":"<p>ASOCIACI\u00d3N DE INTER\u00c9S GENERAL (LEY 1901) \u00abLOURDES JEUNESSE\u00bb _________________ Extracto de los estatutos: La asociaci\u00f3n tiene por objeto desarrollar todas las actividades de inter\u00e9s general destinadas a favorecer la acogida, el alojamiento y la estancia de j\u00f3venes en Lourdes. A &hellip; <a href=\"https:\/\/www.lourdes-france.org\/es\/organizacion-del-santuario-de-lourdes\/asociacion-lourdes-juventud\/\">Continuar<\/a><\/p>\n","protected":false},"author":7,"featured_media":1054388,"parent":870755,"menu_order":0,"comment_status":"closed","ping_status":"closed","template":"","meta":{"_acf_changed":false,"footnotes":""},"class_list":["post-1057755","page","type-page","status-publish","has-post-thumbnail","hentry"],"acf":[],"yoast_head":"<!-- This site is optimized with the Yoast SEO plugin v24.7 - https:\/\/yoast.com\/wordpress\/plugins\/seo\/ -->\n<title>Asociaci\u00f3n Lourdes Juventud<\/title>\n<meta name=\"description\" content=\"La asociaci\u00f3n Lourdes Juventud tiene como objetivo desarrollar actividades destinadas a favorecer la acogida, alojamiento y estancia de los j\u00f3venes.\" \/>\n<meta name=\"robots\" content=\"index, follow, max-snippet:-1, max-image-preview:large, max-video-preview:-1\" \/>\n<link rel=\"canonical\" href=\"https:\/\/www.lourdes-france.org\/es\/organizacion-del-santuario-de-lourdes\/asociacion-lourdes-juventud\/\" \/>\n<meta name=\"twitter:label1\" content=\"Tiempo de lectura\" \/>\n\t<meta name=\"twitter:data1\" content=\"2 minutos\" \/>\n<script type=\"application\/ld+json\" class=\"yoast-schema-graph\">{\"@context\":\"https:\/\/schema.org\",\"@graph\":[{\"@type\":\"WebPage\",\"@id\":\"https:\/\/www.lourdes-france.org\/es\/organizacion-del-santuario-de-lourdes\/asociacion-lourdes-juventud\/\",\"url\":\"https:\/\/www.lourdes-france.org\/es\/organizacion-del-santuario-de-lourdes\/asociacion-lourdes-juventud\/\",\"name\":\"Asociaci\u00f3n Lourdes Juventud\",\"isPartOf\":{\"@id\":\"https:\/\/preprod-lourdes.cawita.com\/#website\"},\"primaryImageOfPage\":{\"@id\":\"https:\/\/www.lourdes-france.org\/es\/organizacion-del-santuario-de-lourdes\/asociacion-lourdes-juventud\/#primaryimage\"},\"image\":{\"@id\":\"https:\/\/www.lourdes-france.org\/es\/organizacion-del-santuario-de-lourdes\/asociacion-lourdes-juventud\/#primaryimage\"},\"thumbnailUrl\":\"https:\/\/www.lourdes-france.org\/wp-content\/uploads\/2025\/08\/lourdes-jeunesse.jpg\",\"datePublished\":\"2025-07-15T14:22:35+00:00\",\"dateModified\":\"2025-09-09T07:49:59+00:00\",\"description\":\"La asociaci\u00f3n Lourdes Juventud tiene como objetivo desarrollar actividades destinadas a favorecer la acogida, alojamiento y estancia de los j\u00f3venes.\",\"breadcrumb\":{\"@id\":\"https:\/\/www.lourdes-france.org\/es\/organizacion-del-santuario-de-lourdes\/asociacion-lourdes-juventud\/#breadcrumb\"},\"inLanguage\":\"es\",\"potentialAction\":[{\"@type\":\"ReadAction\",\"target\":[\"https:\/\/www.lourdes-france.org\/es\/organizacion-del-santuario-de-lourdes\/asociacion-lourdes-juventud\/\"]}]},{\"@type\":\"ImageObject\",\"inLanguage\":\"es\",\"@id\":\"https:\/\/www.lourdes-france.org\/es\/organizacion-del-santuario-de-lourdes\/asociacion-lourdes-juventud\/#primaryimage\",\"url\":\"https:\/\/www.lourdes-france.org\/wp-content\/uploads\/2025\/08\/lourdes-jeunesse.jpg\",\"contentUrl\":\"https:\/\/www.lourdes-france.org\/wp-content\/uploads\/2025\/08\/lourdes-jeunesse.jpg\",\"width\":1080,\"height\":1350,\"caption\":\"Lourdes jeunesse\"},{\"@type\":\"BreadcrumbList\",\"@id\":\"https:\/\/www.lourdes-france.org\/es\/organizacion-del-santuario-de-lourdes\/asociacion-lourdes-juventud\/#breadcrumb\",\"itemListElement\":[{\"@type\":\"ListItem\",\"position\":1,\"name\":\"Accueil\",\"item\":\"https:\/\/www.lourdes-france.org\/\"},{\"@type\":\"ListItem\",\"position\":2,\"name\":\"Organizaci\u00f3n del Santuario\",\"item\":\"https:\/\/www.lourdes-france.org\/organisation-sanctuaire-lourdes\/\"},{\"@type\":\"ListItem\",\"position\":3,\"name\":\"Lourdes Juventud\"}]},{\"@type\":\"WebSite\",\"@id\":\"https:\/\/preprod-lourdes.cawita.com\/#website\",\"url\":\"https:\/\/preprod-lourdes.cawita.com\/\",\"name\":\"Soutenir le Sanctuaire Notre-Dame de Lourdes\",\"description\":\"\",\"potentialAction\":[{\"@type\":\"SearchAction\",\"target\":{\"@type\":\"EntryPoint\",\"urlTemplate\":\"https:\/\/preprod-lourdes.cawita.com\/?s={search_term_string}\"},\"query-input\":{\"@type\":\"PropertyValueSpecification\",\"valueRequired\":true,\"valueName\":\"search_term_string\"}}],\"inLanguage\":\"es\"}]}<\/script>\n<!-- \/ Yoast SEO plugin. -->","yoast_head_json":{"title":"Asociaci\u00f3n Lourdes Juventud","description":"La asociaci\u00f3n Lourdes Juventud tiene como objetivo desarrollar actividades destinadas a favorecer la acogida, alojamiento y estancia de los j\u00f3venes.","robots":{"index":"index","follow":"follow","max-snippet":"max-snippet:-1","max-image-preview":"max-image-preview:large","max-video-preview":"max-video-preview:-1"},"canonical":"https:\/\/www.lourdes-france.org\/es\/organizacion-del-santuario-de-lourdes\/asociacion-lourdes-juventud\/","twitter_misc":{"Tiempo de lectura":"2 minutos"},"schema":{"@context":"https:\/\/schema.org","@graph":[{"@type":"WebPage","@id":"https:\/\/www.lourdes-france.org\/es\/organizacion-del-santuario-de-lourdes\/asociacion-lourdes-juventud\/","url":"https:\/\/www.lourdes-france.org\/es\/organizacion-del-santuario-de-lourdes\/asociacion-lourdes-juventud\/","name":"Asociaci\u00f3n Lourdes Juventud","isPartOf":{"@id":"https:\/\/preprod-lourdes.cawita.com\/#website"},"primaryImageOfPage":{"@id":"https:\/\/www.lourdes-france.org\/es\/organizacion-del-santuario-de-lourdes\/asociacion-lourdes-juventud\/#primaryimage"},"image":{"@id":"https:\/\/www.lourdes-france.org\/es\/organizacion-del-santuario-de-lourdes\/asociacion-lourdes-juventud\/#primaryimage"},"thumbnailUrl":"https:\/\/www.lourdes-france.org\/wp-content\/uploads\/2025\/08\/lourdes-jeunesse.jpg","datePublished":"2025-07-15T14:22:35+00:00","dateModified":"2025-09-09T07:49:59+00:00","description":"La asociaci\u00f3n Lourdes Juventud tiene como objetivo desarrollar actividades destinadas a favorecer la acogida, alojamiento y estancia de los j\u00f3venes.","breadcrumb":{"@id":"https:\/\/www.lourdes-france.org\/es\/organizacion-del-santuario-de-lourdes\/asociacion-lourdes-juventud\/#breadcrumb"},"inLanguage":"es","potentialAction":[{"@type":"ReadAction","target":["https:\/\/www.lourdes-france.org\/es\/organizacion-del-santuario-de-lourdes\/asociacion-lourdes-juventud\/"]}]},{"@type":"ImageObject","inLanguage":"es","@id":"https:\/\/www.lourdes-france.org\/es\/organizacion-del-santuario-de-lourdes\/asociacion-lourdes-juventud\/#primaryimage","url":"https:\/\/www.lourdes-france.org\/wp-content\/uploads\/2025\/08\/lourdes-jeunesse.jpg","contentUrl":"https:\/\/www.lourdes-france.org\/wp-content\/uploads\/2025\/08\/lourdes-jeunesse.jpg","width":1080,"height":1350,"caption":"Lourdes jeunesse"},{"@type":"BreadcrumbList","@id":"https:\/\/www.lourdes-france.org\/es\/organizacion-del-santuario-de-lourdes\/asociacion-lourdes-juventud\/#breadcrumb","itemListElement":[{"@type":"ListItem","position":1,"name":"Accueil","item":"https:\/\/www.lourdes-france.org\/"},{"@type":"ListItem","position":2,"name":"Organizaci\u00f3n del Santuario","item":"https:\/\/www.lourdes-france.org\/organisation-sanctuaire-lourdes\/"},{"@type":"ListItem","position":3,"name":"Lourdes Juventud"}]},{"@type":"WebSite","@id":"https:\/\/preprod-lourdes.cawita.com\/#website","url":"https:\/\/preprod-lourdes.cawita.com\/","name":"Soutenir le Sanctuaire Notre-Dame de Lourdes","description":"","potentialAction":[{"@type":"SearchAction","target":{"@type":"EntryPoint","urlTemplate":"https:\/\/preprod-lourdes.cawita.com\/?s={search_term_string}"},"query-input":{"@type":"PropertyValueSpecification","valueRequired":true,"valueName":"search_term_string"}}],"inLanguage":"es"}]}},"_links":{"self":[{"href":"https:\/\/www.lourdes-france.org\/es\/wp-json\/wp\/v2\/pages\/1057755","targetHints":{"allow":["GET"]}}],"collection":[{"href":"https:\/\/www.lourdes-france.org\/es\/wp-json\/wp\/v2\/pages"}],"about":[{"href":"https:\/\/www.lourdes-france.org\/es\/wp-json\/wp\/v2\/types\/page"}],"author":[{"embeddable":true,"href":"https:\/\/www.lourdes-france.org\/es\/wp-json\/wp\/v2\/users\/7"}],"replies":[{"embeddable":true,"href":"https:\/\/www.lourdes-france.org\/es\/wp-json\/wp\/v2\/comments?post=1057755"}],"version-history":[{"count":3,"href":"https:\/\/www.lourdes-france.org\/es\/wp-json\/wp\/v2\/pages\/1057755\/revisions"}],"predecessor-version":[{"id":1066122,"href":"https:\/\/www.lourdes-france.org\/es\/wp-json\/wp\/v2\/pages\/1057755\/revisions\/1066122"}],"up":[{"embeddable":true,"href":"https:\/\/www.lourdes-france.org\/es\/wp-json\/wp\/v2\/pages\/870755"}],"wp:featuredmedia":[{"embeddable":true,"href":"https:\/\/www.lourdes-france.org\/es\/wp-json\/wp\/v2\/media\/1054388"}],"wp:attachment":[{"href":"https:\/\/www.lourdes-france.org\/es\/wp-json\/wp\/v2\/media?parent=1057755"}],"curies":[{"name":"wp","href":"https:\/\/api.w.org\/{rel}","templated":true}]}}