{"id":1057765,"date":"2025-07-15T16:24:34","date_gmt":"2025-07-15T14:24:34","guid":{"rendered":"https:\/\/www.lourdes-france.org\/organisation-du-sanctuaire\/association-lourdes-culture-patrimoine\/"},"modified":"2025-09-09T09:58:13","modified_gmt":"2025-09-09T07:58:13","slug":"asociacion-lourdes-cultura-patrimonio","status":"publish","type":"page","link":"https:\/\/www.lourdes-france.org\/es\/organizacion-del-santuario-de-lourdes\/asociacion-lourdes-cultura-patrimonio\/","title":{"rendered":"Lourdes Cultura"},"content":{"rendered":"\t\t<div data-elementor-type=\"wp-page\" data-elementor-id=\"1057765\" class=\"elementor elementor-1057765 elementor-1033077\" data-elementor-post-type=\"page\">\n\t\t\t\t\t\t<section class=\"elementor-section elementor-top-section elementor-element elementor-element-3fd4145 elementor-section-full_width elementor-section-stretched elementor-section-height-default elementor-section-height-default\" data-id=\"3fd4145\" data-element_type=\"section\" data-settings=\"{&quot;stretch_section&quot;:&quot;section-stretched&quot;,&quot;background_background&quot;:&quot;classic&quot;}\">\n\t\t\t\t\t\t\t<div class=\"elementor-background-overlay\"><\/div>\n\t\t\t\t\t\t\t<div class=\"elementor-container elementor-column-gap-default\">\n\t\t\t\t\t<div class=\"elementor-column elementor-col-100 elementor-top-column elementor-element elementor-element-d219b5f\" data-id=\"d219b5f\" data-element_type=\"column\">\n\t\t\t<div class=\"elementor-widget-wrap elementor-element-populated\">\n\t\t\t\t\t\t<div class=\"elementor-element elementor-element-020d57a elementor-widget elementor-widget-spacer\" data-id=\"020d57a\" data-element_type=\"widget\" data-widget_type=\"spacer.default\">\n\t\t\t\t<div class=\"elementor-widget-container\">\n\t\t\t\t\t\t\t<div class=\"elementor-spacer\">\n\t\t\t<div class=\"elementor-spacer-inner\"><\/div>\n\t\t<\/div>\n\t\t\t\t\t\t<\/div>\n\t\t\t\t<\/div>\n\t\t\t\t<div class=\"elementor-element elementor-element-30b47ec elementor-widget elementor-widget-image\" data-id=\"30b47ec\" data-element_type=\"widget\" data-widget_type=\"image.default\">\n\t\t\t\t<div class=\"elementor-widget-container\">\n\t\t\t\t\t\t\t\t\t\t\t\t\t\t\t<img fetchpriority=\"high\" decoding=\"async\" width=\"702\" height=\"290\" src=\"https:\/\/www.lourdes-france.org\/wp-content\/uploads\/2025\/07\/logo_solidarite.png\" class=\"attachment-large size-large wp-image-1033219\" alt=\"logo Lourdes Culture Patrimoine\" srcset=\"https:\/\/www.lourdes-france.org\/wp-content\/uploads\/2025\/07\/logo_solidarite.png 702w, https:\/\/www.lourdes-france.org\/wp-content\/uploads\/2025\/07\/logo_solidarite-300x124.png 300w\" sizes=\"(max-width: 702px) 100vw, 702px\" \/>\t\t\t\t\t\t\t\t\t\t\t\t\t\t\t<\/div>\n\t\t\t\t<\/div>\n\t\t\t\t<div class=\"elementor-element elementor-element-9c9b9f9 elementor-widget elementor-widget-spacer\" data-id=\"9c9b9f9\" data-element_type=\"widget\" data-widget_type=\"spacer.default\">\n\t\t\t\t<div class=\"elementor-widget-container\">\n\t\t\t\t\t\t\t<div class=\"elementor-spacer\">\n\t\t\t<div class=\"elementor-spacer-inner\"><\/div>\n\t\t<\/div>\n\t\t\t\t\t\t<\/div>\n\t\t\t\t<\/div>\n\t\t\t\t\t<\/div>\n\t\t<\/div>\n\t\t\t\t\t<\/div>\n\t\t<\/section>\n\t\t\t\t<section class=\"elementor-section elementor-top-section elementor-element elementor-element-08aedfd elementor-section-full_width elementor-section-height-default elementor-section-height-default\" data-id=\"08aedfd\" data-element_type=\"section\" data-settings=\"{&quot;background_background&quot;:&quot;classic&quot;}\">\n\t\t\t\t\t\t<div class=\"elementor-container elementor-column-gap-default\">\n\t\t\t\t\t<div class=\"elementor-column elementor-col-100 elementor-top-column elementor-element elementor-element-b1471ed\" data-id=\"b1471ed\" data-element_type=\"column\">\n\t\t\t<div class=\"elementor-widget-wrap elementor-element-populated\">\n\t\t\t\t\t\t<div class=\"elementor-element elementor-element-96a21b2 elementor-widget elementor-widget-spacer\" data-id=\"96a21b2\" data-element_type=\"widget\" data-widget_type=\"spacer.default\">\n\t\t\t\t<div class=\"elementor-widget-container\">\n\t\t\t\t\t\t\t<div class=\"elementor-spacer\">\n\t\t\t<div class=\"elementor-spacer-inner\"><\/div>\n\t\t<\/div>\n\t\t\t\t\t\t<\/div>\n\t\t\t\t<\/div>\n\t\t\t\t<div class=\"elementor-element elementor-element-fc0031b elementor-widget elementor-widget-heading\" data-id=\"fc0031b\" data-element_type=\"widget\" data-widget_type=\"heading.default\">\n\t\t\t\t<div class=\"elementor-widget-container\">\n\t\t\t\t\t<h2 class=\"elementor-heading-title elementor-size-default\">ASOCIACI\u00d3N <br>DE INTER\u00c9S GENERAL (LEY 1901) <br>\n\u00abLOURDES CULTURE ET PATRIMOINE\u00bb<\/h2>\t\t\t\t<\/div>\n\t\t\t\t<\/div>\n\t\t\t\t<div class=\"elementor-element elementor-element-ab996bc elementor-widget elementor-widget-heading\" data-id=\"ab996bc\" data-element_type=\"widget\" data-widget_type=\"heading.default\">\n\t\t\t\t<div class=\"elementor-widget-container\">\n\t\t\t\t\t<h2 class=\"elementor-heading-title elementor-size-default\">_________________<\/h2>\t\t\t\t<\/div>\n\t\t\t\t<\/div>\n\t\t\t\t<div class=\"elementor-element elementor-element-2a1c14c elementor-widget elementor-widget-text-editor\" data-id=\"2a1c14c\" data-element_type=\"widget\" data-widget_type=\"text-editor.default\">\n\t\t\t\t<div class=\"elementor-widget-container\">\n\t\t\t\t\t\t\t\t\t<h2><span class=\"s2\">Extracto de los estatutos:<\/span><\/h2><p>La asociaci\u00f3n tiene por objeto desarrollar todas las actividades culturales de inter\u00e9s general, especialmente aquellas destinadas a estudiar, valorizar y difundir al mayor n\u00famero posible la historia de la regi\u00f3n de Lourdes en general y del recinto del <a href=\"https:\/\/www.lourdes-france.org\/organisation-sanctuaire-lourdes\/\">Santuario de Lourdes<\/a> en particular, as\u00ed como organizar cualquier evento cultural relacionado con este fin. A tal efecto, podr\u00e1, en particular, abrir y gestionar un espacio destinado a museo y centro de conferencias, cuyo objetivo sea recopilar, estudiar y poner en valor los <a href=\"https:\/\/www.lourdes-france.org\/le-service-des-archives-et-bibliotheques-du-sanctuaire\/\">archivos y colecciones<\/a> que le sean donados o cedidos en pr\u00e9stamo.<\/p><h2><span class=\"s2\">Acciones y proyectos:<\/span><\/h2><p>Las reflexiones sobre las acciones y los proyectos de la asociaci\u00f3n <span class=\"s8\">Lourdes Culture et <\/span><span class=\"s8\">Patrimoine<\/span> se articulan en torno a diversos \u00e1mbitos: la organizaci\u00f3n de exposiciones temporales de obras en el Santuario, la valorizaci\u00f3n del <a href=\"https:\/\/www.lourdes-france.org\/?page_id=1031461&amp;preview=true\">patrimonio hist\u00f3rico<\/a> de Lourdes y la entrega de premios con ocasi\u00f3n de la fiesta del libro religioso.<\/p><h2><span class=\"s2\">C\u00f3mo donar:<\/span><\/h2><p><span class=\"s8\">El fondo de dotaci\u00f3n <\/span>Lourdes United<span class=\"s8\"> recibe donaciones destinadas a <\/span>Lourdes Culture et Patrimoine <span class=\"s8\">y las redistribuye.<\/span><\/p><p>Por cheque (franc\u00e9s) a nombre de \u00abLourdes United\u00bb y enviado al Santuario de Nuestra Se\u00f1ora de Lourdes, Servicio de Donantes, 1 avenida Mgr Th\u00e9as, 65100 LOURDES.<\/p><p>Por transferencia bancaria: contactar con <a href=\"mailto:donateur@lourdes-france.com\"><span class=\"s7\">donateur@lourdes-france.com<\/span><\/a><\/p><p>Para cualquier consulta: <a href=\"mailto:donateur@lourdes-france.com\"><span class=\"s7\">donateur@lourdes-france.com<\/span><\/a> o +33 5 62 42 82 82<\/p>\t\t\t\t\t\t\t\t<\/div>\n\t\t\t\t<\/div>\n\t\t\t\t<div class=\"elementor-element elementor-element-c24f0cf elementor-widget elementor-widget-link-in-bio\" data-id=\"c24f0cf\" data-element_type=\"widget\" data-widget_type=\"link-in-bio.default\">\n\t\t\t\t<div class=\"elementor-widget-container\">\n\t\t\t\t\t\t\t<div class=\"e-link-in-bio e-link-in-bio\">\n\t\t\t<div class=\"e-link-in-bio__content\">\n\n\t\t\t\t\t\t<div class=\"e-link-in-bio__identity\">\n\t\t\t\t\t\t\t\t\t<div class=\"e-link-in-bio__identity-image e-link-in-bio__identity-image-profile has-border has-style-circle\">\n\t\t\t\t\t\t\t<img decoding=\"async\" width=\"300\" height=\"200\" src=\"https:\/\/www.lourdes-france.org\/wp-content\/uploads\/2025\/07\/21_service-donateur-01-300x200.jpg\" class=\"e-link-in-bio__identity-image-element\" alt=\"Service des donateurs Corrine et Cathy\" srcset=\"https:\/\/www.lourdes-france.org\/wp-content\/uploads\/2025\/07\/21_service-donateur-01-300x200.jpg 300w, https:\/\/www.lourdes-france.org\/wp-content\/uploads\/2025\/07\/21_service-donateur-01-1024x683.jpg 1024w, https:\/\/www.lourdes-france.org\/wp-content\/uploads\/2025\/07\/21_service-donateur-01-768x512.jpg 768w, https:\/\/www.lourdes-france.org\/wp-content\/uploads\/2025\/07\/21_service-donateur-01-1536x1024.jpg 1536w, https:\/\/www.lourdes-france.org\/wp-content\/uploads\/2025\/07\/21_service-donateur-01-2048x1365.jpg 2048w\" sizes=\"(max-width: 300px) 100vw, 300px\" \/>\t\t\t\t\t\t\t\t\t\t\t\t\t<\/div>\n\t\t\t\t\t\t\t<\/div>\n\t\t\t\t\t<div class=\"e-link-in-bio__bio\">\n\t\t\t\t<h2 class=\"e-link-in-bio__heading\">Servicio de Donantes<\/h2>\t\t\t\t<h2 class=\"e-link-in-bio__title\">Santuario de Nuestra Se\u00f1ora de Lourdes<\/h2>\t\t\t\t\t\t\t\t\t\t\t<\/div>\n\t\t\t\t\t<div class=\"e-link-in-bio__icons has-size-medium\">\n\t\t\t\t\t\t\t<div class=\"e-link-in-bio__icon is-size-medium\">\n\t\t\t\t\t<a aria-label=\"Telephone\" class=\"e-link-in-bio__icon-link\" href=\"tel:+33562428282\">\n\t\t\t\t\t\t<span class=\"e-link-in-bio__icon-svg\">\n\t\t\t\t\t\t\t<i aria-hidden=\"true\" class=\"fas fa-phone-alt\"><\/i>\t\t\t\t\t\t<\/span>\n\t\t\t\t\t\t\t\t\t\t\t<\/a>\n\t\t\t\t<\/div>\n\t\t\t\t\t\t\t<div class=\"e-link-in-bio__icon is-size-medium\">\n\t\t\t\t\t<a aria-label=\"Email\" class=\"e-link-in-bio__icon-link\" href=\"mailto:donateur@lourdes-france.com\">\n\t\t\t\t\t\t<span class=\"e-link-in-bio__icon-svg\">\n\t\t\t\t\t\t\t<i aria-hidden=\"true\" class=\"fas fa-envelope\"><\/i>\t\t\t\t\t\t<\/span>\n\t\t\t\t\t\t\t\t\t\t\t<\/a>\n\t\t\t\t<\/div>\n\t\t\t\t\t<\/div>\n\t\t\n\t\t<div class=\"e-link-in-bio__ctas has-type-button\">\n\t\t\t\t\t\t\t<a target=\"_blank\" rel=\"noopener \" class=\"e-link-in-bio__cta is-type-button has-corners-rounded\" href=\"\">\n\t\t\t\t\t\t\t\t\t\t<span class=\"e-link-in-bio__cta-text\">\n\t\t\t\t\t\t1 avenue Mgr Th\u00e9as \u2013 65 108 Lourdes  France\t\t\t\t\t<\/span>\n\t\t\t\t<\/a>\n\t\t\t\t\t<\/div>\n\t\t\n\t\t\t<\/div>\n\t\t\t<div class=\"e-link-in-bio__bg\">\n\t\t\t\t<div class=\"e-link-in-bio__bg-overlay\"><\/div>\n\t\t\t<\/div>\n\t\t<\/div>\n\t\t\t\t\t\t<\/div>\n\t\t\t\t<\/div>\n\t\t\t\t<div class=\"elementor-element elementor-element-0119bc3 elementor-view-default elementor-widget elementor-widget-icon\" data-id=\"0119bc3\" data-element_type=\"widget\" data-widget_type=\"icon.default\">\n\t\t\t\t<div class=\"elementor-widget-container\">\n\t\t\t\t\t\t\t<div class=\"elementor-icon-wrapper\">\n\t\t\t<div class=\"elementor-icon\">\n\t\t\t<i aria-hidden=\"true\" class=\"fas fa-church\"><\/i>\t\t\t<\/div>\n\t\t<\/div>\n\t\t\t\t\t\t<\/div>\n\t\t\t\t<\/div>\n\t\t\t\t\t<\/div>\n\t\t<\/div>\n\t\t\t\t\t<\/div>\n\t\t<\/section>\n\t\t\t\t<\/div>\n\t\t","protected":false},"excerpt":{"rendered":"<p>ASOCIACI\u00d3N DE INTER\u00c9S GENERAL (LEY 1901) \u00abLOURDES CULTURE ET PATRIMOINE\u00bb _________________ Extracto de los estatutos: La asociaci\u00f3n tiene por objeto desarrollar todas las actividades culturales de inter\u00e9s general, especialmente aquellas destinadas a estudiar, valorizar y difundir al mayor n\u00famero posible &hellip; <a href=\"https:\/\/www.lourdes-france.org\/es\/organizacion-del-santuario-de-lourdes\/asociacion-lourdes-cultura-patrimonio\/\">Continuar<\/a><\/p>\n","protected":false},"author":7,"featured_media":1054396,"parent":870755,"menu_order":0,"comment_status":"closed","ping_status":"closed","template":"","meta":{"_acf_changed":false,"footnotes":""},"class_list":["post-1057765","page","type-page","status-publish","has-post-thumbnail","hentry"],"acf":[],"yoast_head":"<!-- This site is optimized with the Yoast SEO plugin v24.7 - https:\/\/yoast.com\/wordpress\/plugins\/seo\/ -->\n<title>Asociaci\u00f3n Lourdes cultura patrimonio<\/title>\n<meta name=\"description\" content=\"La asociaci\u00f3n Lourdes Cultura Patrimonio tiene como objetivo desarrollar actividades culturales relacionadas con la historia de la regi\u00f3n y del Santuario.\" \/>\n<meta name=\"robots\" content=\"index, follow, max-snippet:-1, max-image-preview:large, max-video-preview:-1\" \/>\n<link rel=\"canonical\" href=\"https:\/\/www.lourdes-france.org\/es\/organizacion-del-santuario-de-lourdes\/asociacion-lourdes-cultura-patrimonio\/\" \/>\n<meta name=\"twitter:label1\" content=\"Tiempo de lectura\" \/>\n\t<meta name=\"twitter:data1\" content=\"2 minutos\" \/>\n<script type=\"application\/ld+json\" class=\"yoast-schema-graph\">{\"@context\":\"https:\/\/schema.org\",\"@graph\":[{\"@type\":\"WebPage\",\"@id\":\"https:\/\/www.lourdes-france.org\/es\/organizacion-del-santuario-de-lourdes\/asociacion-lourdes-cultura-patrimonio\/\",\"url\":\"https:\/\/www.lourdes-france.org\/es\/organizacion-del-santuario-de-lourdes\/asociacion-lourdes-cultura-patrimonio\/\",\"name\":\"Asociaci\u00f3n Lourdes cultura patrimonio\",\"isPartOf\":{\"@id\":\"https:\/\/preprod-lourdes.cawita.com\/#website\"},\"primaryImageOfPage\":{\"@id\":\"https:\/\/www.lourdes-france.org\/es\/organizacion-del-santuario-de-lourdes\/asociacion-lourdes-cultura-patrimonio\/#primaryimage\"},\"image\":{\"@id\":\"https:\/\/www.lourdes-france.org\/es\/organizacion-del-santuario-de-lourdes\/asociacion-lourdes-cultura-patrimonio\/#primaryimage\"},\"thumbnailUrl\":\"https:\/\/www.lourdes-france.org\/wp-content\/uploads\/2025\/08\/lourdes-culture.jpg\",\"datePublished\":\"2025-07-15T14:24:34+00:00\",\"dateModified\":\"2025-09-09T07:58:13+00:00\",\"description\":\"La asociaci\u00f3n Lourdes Cultura Patrimonio tiene como objetivo desarrollar actividades culturales relacionadas con la historia de la regi\u00f3n y del Santuario.\",\"breadcrumb\":{\"@id\":\"https:\/\/www.lourdes-france.org\/es\/organizacion-del-santuario-de-lourdes\/asociacion-lourdes-cultura-patrimonio\/#breadcrumb\"},\"inLanguage\":\"es\",\"potentialAction\":[{\"@type\":\"ReadAction\",\"target\":[\"https:\/\/www.lourdes-france.org\/es\/organizacion-del-santuario-de-lourdes\/asociacion-lourdes-cultura-patrimonio\/\"]}]},{\"@type\":\"ImageObject\",\"inLanguage\":\"es\",\"@id\":\"https:\/\/www.lourdes-france.org\/es\/organizacion-del-santuario-de-lourdes\/asociacion-lourdes-cultura-patrimonio\/#primaryimage\",\"url\":\"https:\/\/www.lourdes-france.org\/wp-content\/uploads\/2025\/08\/lourdes-culture.jpg\",\"contentUrl\":\"https:\/\/www.lourdes-france.org\/wp-content\/uploads\/2025\/08\/lourdes-culture.jpg\",\"width\":1080,\"height\":1350,\"caption\":\"ASSOCIATION \u00ab LOURDES CULTURE PATRIMOINE \u00bb\"},{\"@type\":\"BreadcrumbList\",\"@id\":\"https:\/\/www.lourdes-france.org\/es\/organizacion-del-santuario-de-lourdes\/asociacion-lourdes-cultura-patrimonio\/#breadcrumb\",\"itemListElement\":[{\"@type\":\"ListItem\",\"position\":1,\"name\":\"Accueil\",\"item\":\"https:\/\/www.lourdes-france.org\/\"},{\"@type\":\"ListItem\",\"position\":2,\"name\":\"Organizaci\u00f3n del Santuario\",\"item\":\"https:\/\/www.lourdes-france.org\/organisation-sanctuaire-lourdes\/\"},{\"@type\":\"ListItem\",\"position\":3,\"name\":\"Lourdes Cultura\"}]},{\"@type\":\"WebSite\",\"@id\":\"https:\/\/preprod-lourdes.cawita.com\/#website\",\"url\":\"https:\/\/preprod-lourdes.cawita.com\/\",\"name\":\"Soutenir le Sanctuaire Notre-Dame de Lourdes\",\"description\":\"\",\"potentialAction\":[{\"@type\":\"SearchAction\",\"target\":{\"@type\":\"EntryPoint\",\"urlTemplate\":\"https:\/\/preprod-lourdes.cawita.com\/?s={search_term_string}\"},\"query-input\":{\"@type\":\"PropertyValueSpecification\",\"valueRequired\":true,\"valueName\":\"search_term_string\"}}],\"inLanguage\":\"es\"}]}<\/script>\n<!-- \/ Yoast SEO plugin. -->","yoast_head_json":{"title":"Asociaci\u00f3n Lourdes cultura patrimonio","description":"La asociaci\u00f3n Lourdes Cultura Patrimonio tiene como objetivo desarrollar actividades culturales relacionadas con la historia de la regi\u00f3n y del Santuario.","robots":{"index":"index","follow":"follow","max-snippet":"max-snippet:-1","max-image-preview":"max-image-preview:large","max-video-preview":"max-video-preview:-1"},"canonical":"https:\/\/www.lourdes-france.org\/es\/organizacion-del-santuario-de-lourdes\/asociacion-lourdes-cultura-patrimonio\/","twitter_misc":{"Tiempo de lectura":"2 minutos"},"schema":{"@context":"https:\/\/schema.org","@graph":[{"@type":"WebPage","@id":"https:\/\/www.lourdes-france.org\/es\/organizacion-del-santuario-de-lourdes\/asociacion-lourdes-cultura-patrimonio\/","url":"https:\/\/www.lourdes-france.org\/es\/organizacion-del-santuario-de-lourdes\/asociacion-lourdes-cultura-patrimonio\/","name":"Asociaci\u00f3n Lourdes cultura patrimonio","isPartOf":{"@id":"https:\/\/preprod-lourdes.cawita.com\/#website"},"primaryImageOfPage":{"@id":"https:\/\/www.lourdes-france.org\/es\/organizacion-del-santuario-de-lourdes\/asociacion-lourdes-cultura-patrimonio\/#primaryimage"},"image":{"@id":"https:\/\/www.lourdes-france.org\/es\/organizacion-del-santuario-de-lourdes\/asociacion-lourdes-cultura-patrimonio\/#primaryimage"},"thumbnailUrl":"https:\/\/www.lourdes-france.org\/wp-content\/uploads\/2025\/08\/lourdes-culture.jpg","datePublished":"2025-07-15T14:24:34+00:00","dateModified":"2025-09-09T07:58:13+00:00","description":"La asociaci\u00f3n Lourdes Cultura Patrimonio tiene como objetivo desarrollar actividades culturales relacionadas con la historia de la regi\u00f3n y del Santuario.","breadcrumb":{"@id":"https:\/\/www.lourdes-france.org\/es\/organizacion-del-santuario-de-lourdes\/asociacion-lourdes-cultura-patrimonio\/#breadcrumb"},"inLanguage":"es","potentialAction":[{"@type":"ReadAction","target":["https:\/\/www.lourdes-france.org\/es\/organizacion-del-santuario-de-lourdes\/asociacion-lourdes-cultura-patrimonio\/"]}]},{"@type":"ImageObject","inLanguage":"es","@id":"https:\/\/www.lourdes-france.org\/es\/organizacion-del-santuario-de-lourdes\/asociacion-lourdes-cultura-patrimonio\/#primaryimage","url":"https:\/\/www.lourdes-france.org\/wp-content\/uploads\/2025\/08\/lourdes-culture.jpg","contentUrl":"https:\/\/www.lourdes-france.org\/wp-content\/uploads\/2025\/08\/lourdes-culture.jpg","width":1080,"height":1350,"caption":"ASSOCIATION \u00ab LOURDES CULTURE PATRIMOINE \u00bb"},{"@type":"BreadcrumbList","@id":"https:\/\/www.lourdes-france.org\/es\/organizacion-del-santuario-de-lourdes\/asociacion-lourdes-cultura-patrimonio\/#breadcrumb","itemListElement":[{"@type":"ListItem","position":1,"name":"Accueil","item":"https:\/\/www.lourdes-france.org\/"},{"@type":"ListItem","position":2,"name":"Organizaci\u00f3n del Santuario","item":"https:\/\/www.lourdes-france.org\/organisation-sanctuaire-lourdes\/"},{"@type":"ListItem","position":3,"name":"Lourdes Cultura"}]},{"@type":"WebSite","@id":"https:\/\/preprod-lourdes.cawita.com\/#website","url":"https:\/\/preprod-lourdes.cawita.com\/","name":"Soutenir le Sanctuaire Notre-Dame de Lourdes","description":"","potentialAction":[{"@type":"SearchAction","target":{"@type":"EntryPoint","urlTemplate":"https:\/\/preprod-lourdes.cawita.com\/?s={search_term_string}"},"query-input":{"@type":"PropertyValueSpecification","valueRequired":true,"valueName":"search_term_string"}}],"inLanguage":"es"}]}},"_links":{"self":[{"href":"https:\/\/www.lourdes-france.org\/es\/wp-json\/wp\/v2\/pages\/1057765","targetHints":{"allow":["GET"]}}],"collection":[{"href":"https:\/\/www.lourdes-france.org\/es\/wp-json\/wp\/v2\/pages"}],"about":[{"href":"https:\/\/www.lourdes-france.org\/es\/wp-json\/wp\/v2\/types\/page"}],"author":[{"embeddable":true,"href":"https:\/\/www.lourdes-france.org\/es\/wp-json\/wp\/v2\/users\/7"}],"replies":[{"embeddable":true,"href":"https:\/\/www.lourdes-france.org\/es\/wp-json\/wp\/v2\/comments?post=1057765"}],"version-history":[{"count":3,"href":"https:\/\/www.lourdes-france.org\/es\/wp-json\/wp\/v2\/pages\/1057765\/revisions"}],"predecessor-version":[{"id":1066124,"href":"https:\/\/www.lourdes-france.org\/es\/wp-json\/wp\/v2\/pages\/1057765\/revisions\/1066124"}],"up":[{"embeddable":true,"href":"https:\/\/www.lourdes-france.org\/es\/wp-json\/wp\/v2\/pages\/870755"}],"wp:featuredmedia":[{"embeddable":true,"href":"https:\/\/www.lourdes-france.org\/es\/wp-json\/wp\/v2\/media\/1054396"}],"wp:attachment":[{"href":"https:\/\/www.lourdes-france.org\/es\/wp-json\/wp\/v2\/media?parent=1057765"}],"curies":[{"name":"wp","href":"https:\/\/api.w.org\/{rel}","templated":true}]}}