{"id":1057773,"date":"2025-08-18T11:51:10","date_gmt":"2025-08-18T09:51:10","guid":{"rendered":"https:\/\/www.lourdes-france.org\/organisation-du-sanctuaire\/lourdes-united\/"},"modified":"2025-09-09T11:19:44","modified_gmt":"2025-09-09T09:19:44","slug":"fondo-de-dotacion-lourdes-united","status":"publish","type":"page","link":"https:\/\/www.lourdes-france.org\/es\/organizacion-del-santuario-de-lourdes\/fondo-de-dotacion-lourdes-united\/","title":{"rendered":"Lourdes United"},"content":{"rendered":"\t\t<div data-elementor-type=\"wp-page\" data-elementor-id=\"1057773\" class=\"elementor elementor-1057773 elementor-1033242\" data-elementor-post-type=\"page\">\n\t\t\t\t\t\t<section class=\"elementor-section elementor-top-section elementor-element elementor-element-9f0cc30 elementor-section-full_width elementor-section-stretched elementor-section-height-default elementor-section-height-default\" data-id=\"9f0cc30\" data-element_type=\"section\" data-settings=\"{&quot;stretch_section&quot;:&quot;section-stretched&quot;,&quot;background_background&quot;:&quot;classic&quot;}\">\n\t\t\t\t\t\t\t<div class=\"elementor-background-overlay\"><\/div>\n\t\t\t\t\t\t\t<div class=\"elementor-container elementor-column-gap-default\">\n\t\t\t\t\t<div class=\"elementor-column elementor-col-100 elementor-top-column elementor-element elementor-element-f1e0678\" data-id=\"f1e0678\" data-element_type=\"column\">\n\t\t\t<div class=\"elementor-widget-wrap elementor-element-populated\">\n\t\t\t\t\t\t<div class=\"elementor-element elementor-element-eafeb2a elementor-widget elementor-widget-spacer\" data-id=\"eafeb2a\" data-element_type=\"widget\" data-widget_type=\"spacer.default\">\n\t\t\t\t<div class=\"elementor-widget-container\">\n\t\t\t\t\t\t\t<div class=\"elementor-spacer\">\n\t\t\t<div class=\"elementor-spacer-inner\"><\/div>\n\t\t<\/div>\n\t\t\t\t\t\t<\/div>\n\t\t\t\t<\/div>\n\t\t\t\t<div class=\"elementor-element elementor-element-37a4dc4 elementor-widget elementor-widget-image\" data-id=\"37a4dc4\" data-element_type=\"widget\" data-widget_type=\"image.default\">\n\t\t\t\t<div class=\"elementor-widget-container\">\n\t\t\t\t\t\t\t\t\t\t\t\t\t\t\t<img fetchpriority=\"high\" decoding=\"async\" width=\"658\" height=\"274\" src=\"https:\/\/www.lourdes-france.org\/wp-content\/uploads\/2025\/07\/logo_culture.png\" class=\"attachment-large size-large wp-image-1033184\" alt=\"logo Lourdes United\" srcset=\"https:\/\/www.lourdes-france.org\/wp-content\/uploads\/2025\/07\/logo_culture.png 658w, https:\/\/www.lourdes-france.org\/wp-content\/uploads\/2025\/07\/logo_culture-300x125.png 300w\" sizes=\"(max-width: 658px) 100vw, 658px\" \/>\t\t\t\t\t\t\t\t\t\t\t\t\t\t\t<\/div>\n\t\t\t\t<\/div>\n\t\t\t\t<div class=\"elementor-element elementor-element-95ab2c3 elementor-widget elementor-widget-spacer\" data-id=\"95ab2c3\" data-element_type=\"widget\" data-widget_type=\"spacer.default\">\n\t\t\t\t<div class=\"elementor-widget-container\">\n\t\t\t\t\t\t\t<div class=\"elementor-spacer\">\n\t\t\t<div class=\"elementor-spacer-inner\"><\/div>\n\t\t<\/div>\n\t\t\t\t\t\t<\/div>\n\t\t\t\t<\/div>\n\t\t\t\t\t<\/div>\n\t\t<\/div>\n\t\t\t\t\t<\/div>\n\t\t<\/section>\n\t\t\t\t<section class=\"elementor-section elementor-top-section elementor-element elementor-element-db9e62e elementor-section-full_width elementor-section-height-default elementor-section-height-default\" data-id=\"db9e62e\" data-element_type=\"section\" data-settings=\"{&quot;background_background&quot;:&quot;classic&quot;}\">\n\t\t\t\t\t\t<div class=\"elementor-container elementor-column-gap-default\">\n\t\t\t\t\t<div class=\"elementor-column elementor-col-100 elementor-top-column elementor-element elementor-element-31191e1\" data-id=\"31191e1\" data-element_type=\"column\">\n\t\t\t<div class=\"elementor-widget-wrap elementor-element-populated\">\n\t\t\t\t\t\t<div class=\"elementor-element elementor-element-4fda0e0 elementor-widget elementor-widget-spacer\" data-id=\"4fda0e0\" data-element_type=\"widget\" data-widget_type=\"spacer.default\">\n\t\t\t\t<div class=\"elementor-widget-container\">\n\t\t\t\t\t\t\t<div class=\"elementor-spacer\">\n\t\t\t<div class=\"elementor-spacer-inner\"><\/div>\n\t\t<\/div>\n\t\t\t\t\t\t<\/div>\n\t\t\t\t<\/div>\n\t\t\t\t<div class=\"elementor-element elementor-element-11a4267 elementor-widget elementor-widget-heading\" data-id=\"11a4267\" data-element_type=\"widget\" data-widget_type=\"heading.default\">\n\t\t\t\t<div class=\"elementor-widget-container\">\n\t\t\t\t\t<h2 class=\"elementor-heading-title elementor-size-default\">FONDO DE DOTACI\u00d3N <br>\u00abLOURDES UNITED\u00bb<\/h2>\t\t\t\t<\/div>\n\t\t\t\t<\/div>\n\t\t\t\t<div class=\"elementor-element elementor-element-c5356a9 elementor-widget elementor-widget-heading\" data-id=\"c5356a9\" data-element_type=\"widget\" data-widget_type=\"heading.default\">\n\t\t\t\t<div class=\"elementor-widget-container\">\n\t\t\t\t\t<h2 class=\"elementor-heading-title elementor-size-default\">_________________<\/h2>\t\t\t\t<\/div>\n\t\t\t\t<\/div>\n\t\t\t\t<div class=\"elementor-element elementor-element-73894fd elementor-widget elementor-widget-text-editor\" data-id=\"73894fd\" data-element_type=\"widget\" data-widget_type=\"text-editor.default\">\n\t\t\t\t<div class=\"elementor-widget-container\">\n\t\t\t\t\t\t\t\t\t<h2><span class=\"s2\">Extracto de los estatutos:<\/span><\/h2><p><span class=\"s2\">Objet<\/span><span class=\"s2\">o<\/span><span class=\"s2\"> social: <\/span>llevar a cabo acciones de inter\u00e9s general que puedan iniciarse o realizarse en el recinto de los Santuarios de Lourdes. A tal efecto, recibe y gestiona, capitaliz\u00e1ndolos, los bienes y derechos de toda naturaleza que le sean aportados a t\u00edtulo gratuito e irrevocable, con el fin de redistribuir sus rendimientos a favor de cualquier organismo, obra o acci\u00f3n de inter\u00e9s general. En este sentido, el fondo de dotaci\u00f3n tiene por finalidad apoyar y promover, dentrodel recinto de los <a href=\"https:\/\/www.lourdes-france.org\/organisation-sanctuaire-lourdes\/\">Santuarios de Lourdes<\/a>, todo proyecto de inter\u00e9s general de car\u00e1cter social, cultural, educativo o dirigido a la defensa del patrimonio arquitect\u00f3nico o medioambiental, quedando excluida toda actividad estrictamente cultual. En esta l\u00ednea, el fondo de dotaci\u00f3n podr\u00e1 participar en la gesti\u00f3n inmobiliaria o en la financiaci\u00f3n de estructuras y proyectos de inter\u00e9s general de naturaleza social, cultural, educativo u orientados a la defensa del patrimonio arquitect\u00f3nico o medioambiental.<\/p><h2><span class=\"s2\">Acciones y proyectos:<\/span><\/h2><p>El fondo de dotaci\u00f3n <span class=\"s8\">Lourdes <\/span><span class=\"s8\">United<\/span> apoya todos los proyectos y acciones del Santuario de Lourdes de inter\u00e9s general, quedando excluidos aquellos directamente vinculados al culto.<\/p><p>Estos proyectos y acciones comprenden la construcci\u00f3n, renovaci\u00f3n, acondicionamiento ymantenimiento de inmuebles; la adquisici\u00f3n o mantenimiento de mobiliario; as\u00ed como la organizaci\u00f3n de iniciativas en los \u00e1mbitos social, medioambiental, cultural, educativo, o dirigidas a la juventud, a las personas enfermas y a quienes se encuentran en situaci\u00f3n de discapacidad.<\/p><h2><span class=\"s2\">C\u00f3mo donar:<\/span><\/h2><p>Por cheque (franc\u00e9s) a nombre de \u00abLourdes United\u00bb y enviado al Santuario de Nuestra Se\u00f1ora de Lourdes, Servicio de Donantes, 1 avenida Mgr Th\u00e9as, 65100 LOURDES.<\/p><p>Por transferencia bancaria: contactar con <a href=\"mailto:donateur@lourdes-france.com\"><span class=\"s7\">donateur@lourdes-france.com<\/span><\/a><\/p><p>Para cualquier consulta: <a href=\"mailto:donateur@lourdes-france.com\"><span class=\"s7\">donateur@lourdes-france.com<\/span><\/a> o +33 5 62 42 82 82<\/p>\t\t\t\t\t\t\t\t<\/div>\n\t\t\t\t<\/div>\n\t\t\t\t<div class=\"elementor-element elementor-element-29466cc elementor-widget elementor-widget-link-in-bio\" data-id=\"29466cc\" data-element_type=\"widget\" data-widget_type=\"link-in-bio.default\">\n\t\t\t\t<div class=\"elementor-widget-container\">\n\t\t\t\t\t\t\t<div class=\"e-link-in-bio e-link-in-bio\">\n\t\t\t<div class=\"e-link-in-bio__content\">\n\n\t\t\t\t\t\t<div class=\"e-link-in-bio__identity\">\n\t\t\t\t\t\t\t\t\t<div class=\"e-link-in-bio__identity-image e-link-in-bio__identity-image-profile has-border has-style-circle\">\n\t\t\t\t\t\t\t<img decoding=\"async\" width=\"300\" height=\"200\" src=\"https:\/\/www.lourdes-france.org\/wp-content\/uploads\/2025\/07\/21_service-donateur-01-300x200.jpg\" class=\"e-link-in-bio__identity-image-element\" alt=\"Service des donateurs Corrine et Cathy\" srcset=\"https:\/\/www.lourdes-france.org\/wp-content\/uploads\/2025\/07\/21_service-donateur-01-300x200.jpg 300w, https:\/\/www.lourdes-france.org\/wp-content\/uploads\/2025\/07\/21_service-donateur-01-1024x683.jpg 1024w, https:\/\/www.lourdes-france.org\/wp-content\/uploads\/2025\/07\/21_service-donateur-01-768x512.jpg 768w, https:\/\/www.lourdes-france.org\/wp-content\/uploads\/2025\/07\/21_service-donateur-01-1536x1024.jpg 1536w, https:\/\/www.lourdes-france.org\/wp-content\/uploads\/2025\/07\/21_service-donateur-01-2048x1365.jpg 2048w\" sizes=\"(max-width: 300px) 100vw, 300px\" \/>\t\t\t\t\t\t\t\t\t\t\t\t\t<\/div>\n\t\t\t\t\t\t\t<\/div>\n\t\t\t\t\t<div class=\"e-link-in-bio__bio\">\n\t\t\t\t<h2 class=\"e-link-in-bio__heading\">Servicio de Donantes<\/h2>\t\t\t\t<h2 class=\"e-link-in-bio__title\">Santuario de Nuestra Se\u00f1ora de Lourdes<\/h2>\t\t\t\t\t\t\t\t\t\t\t<\/div>\n\t\t\t\t\t<div class=\"e-link-in-bio__icons has-size-medium\">\n\t\t\t\t\t\t\t<div class=\"e-link-in-bio__icon is-size-medium\">\n\t\t\t\t\t<a aria-label=\"Telephone\" class=\"e-link-in-bio__icon-link\" href=\"tel:+33562428282\">\n\t\t\t\t\t\t<span class=\"e-link-in-bio__icon-svg\">\n\t\t\t\t\t\t\t<i aria-hidden=\"true\" class=\"fas fa-phone-alt\"><\/i>\t\t\t\t\t\t<\/span>\n\t\t\t\t\t\t\t\t\t\t\t<\/a>\n\t\t\t\t<\/div>\n\t\t\t\t\t\t\t<div class=\"e-link-in-bio__icon is-size-medium\">\n\t\t\t\t\t<a aria-label=\"Email\" class=\"e-link-in-bio__icon-link\" href=\"mailto:donateur@lourdes-france.com\">\n\t\t\t\t\t\t<span class=\"e-link-in-bio__icon-svg\">\n\t\t\t\t\t\t\t<i aria-hidden=\"true\" class=\"fas fa-envelope\"><\/i>\t\t\t\t\t\t<\/span>\n\t\t\t\t\t\t\t\t\t\t\t<\/a>\n\t\t\t\t<\/div>\n\t\t\t\t\t<\/div>\n\t\t\n\t\t<div class=\"e-link-in-bio__ctas has-type-button\">\n\t\t\t\t\t\t\t<a target=\"_blank\" rel=\"noopener \" class=\"e-link-in-bio__cta is-type-button has-corners-rounded\" href=\"\">\n\t\t\t\t\t\t\t\t\t\t<span class=\"e-link-in-bio__cta-text\">\n\t\t\t\t\t\t1 avenue Mgr Th\u00e9as \u2013 65 108 Lourdes  France\t\t\t\t\t<\/span>\n\t\t\t\t<\/a>\n\t\t\t\t\t<\/div>\n\t\t\n\t\t\t<\/div>\n\t\t\t<div class=\"e-link-in-bio__bg\">\n\t\t\t\t<div class=\"e-link-in-bio__bg-overlay\"><\/div>\n\t\t\t<\/div>\n\t\t<\/div>\n\t\t\t\t\t\t<\/div>\n\t\t\t\t<\/div>\n\t\t\t\t<div class=\"elementor-element elementor-element-e0d1ce0 elementor-view-default elementor-widget elementor-widget-icon\" data-id=\"e0d1ce0\" data-element_type=\"widget\" data-widget_type=\"icon.default\">\n\t\t\t\t<div class=\"elementor-widget-container\">\n\t\t\t\t\t\t\t<div class=\"elementor-icon-wrapper\">\n\t\t\t<div class=\"elementor-icon\">\n\t\t\t<i aria-hidden=\"true\" class=\"fas fa-church\"><\/i>\t\t\t<\/div>\n\t\t<\/div>\n\t\t\t\t\t\t<\/div>\n\t\t\t\t<\/div>\n\t\t\t\t\t<\/div>\n\t\t<\/div>\n\t\t\t\t\t<\/div>\n\t\t<\/section>\n\t\t\t\t<\/div>\n\t\t","protected":false},"excerpt":{"rendered":"<p>FONDO DE DOTACI\u00d3N \u00abLOURDES UNITED\u00bb _________________ Extracto de los estatutos: Objeto social: llevar a cabo acciones de inter\u00e9s general que puedan iniciarse o realizarse en el recinto de los Santuarios de Lourdes. A tal efecto, recibe y gestiona, capitaliz\u00e1ndolos, los &hellip; <a href=\"https:\/\/www.lourdes-france.org\/es\/organizacion-del-santuario-de-lourdes\/fondo-de-dotacion-lourdes-united\/\">Continuar<\/a><\/p>\n","protected":false},"author":7,"featured_media":1054363,"parent":870755,"menu_order":0,"comment_status":"closed","ping_status":"closed","template":"","meta":{"_acf_changed":false,"footnotes":""},"class_list":["post-1057773","page","type-page","status-publish","has-post-thumbnail","hentry"],"acf":[],"yoast_head":"<!-- This site is optimized with the Yoast SEO plugin v24.7 - https:\/\/yoast.com\/wordpress\/plugins\/seo\/ -->\n<title>Fondo de dotaci\u00f3n Lourdes United<\/title>\n<meta name=\"description\" content=\"El fondo de dotaci\u00f3n \u00abLourdes United\u00bb financia los proyectos y acciones del Santuario de Lourdes de inter\u00e9s general sin relaci\u00f3n con el culto.\" \/>\n<meta name=\"robots\" content=\"index, follow, max-snippet:-1, max-image-preview:large, max-video-preview:-1\" \/>\n<link rel=\"canonical\" href=\"https:\/\/www.lourdes-france.org\/es\/organizacion-del-santuario-de-lourdes\/fondo-de-dotacion-lourdes-united\/\" \/>\n<meta name=\"twitter:label1\" content=\"Tiempo de lectura\" \/>\n\t<meta name=\"twitter:data1\" content=\"3 minutos\" \/>\n<script type=\"application\/ld+json\" class=\"yoast-schema-graph\">{\"@context\":\"https:\/\/schema.org\",\"@graph\":[{\"@type\":\"WebPage\",\"@id\":\"https:\/\/www.lourdes-france.org\/es\/organizacion-del-santuario-de-lourdes\/fondo-de-dotacion-lourdes-united\/\",\"url\":\"https:\/\/www.lourdes-france.org\/es\/organizacion-del-santuario-de-lourdes\/fondo-de-dotacion-lourdes-united\/\",\"name\":\"Fondo de dotaci\u00f3n Lourdes United\",\"isPartOf\":{\"@id\":\"https:\/\/preprod-lourdes.cawita.com\/#website\"},\"primaryImageOfPage\":{\"@id\":\"https:\/\/www.lourdes-france.org\/es\/organizacion-del-santuario-de-lourdes\/fondo-de-dotacion-lourdes-united\/#primaryimage\"},\"image\":{\"@id\":\"https:\/\/www.lourdes-france.org\/es\/organizacion-del-santuario-de-lourdes\/fondo-de-dotacion-lourdes-united\/#primaryimage\"},\"thumbnailUrl\":\"https:\/\/www.lourdes-france.org\/wp-content\/uploads\/2025\/08\/lourdes-united.jpg\",\"datePublished\":\"2025-08-18T09:51:10+00:00\",\"dateModified\":\"2025-09-09T09:19:44+00:00\",\"description\":\"El fondo de dotaci\u00f3n \u00abLourdes United\u00bb financia los proyectos y acciones del Santuario de Lourdes de inter\u00e9s general sin relaci\u00f3n con el culto.\",\"breadcrumb\":{\"@id\":\"https:\/\/www.lourdes-france.org\/es\/organizacion-del-santuario-de-lourdes\/fondo-de-dotacion-lourdes-united\/#breadcrumb\"},\"inLanguage\":\"es\",\"potentialAction\":[{\"@type\":\"ReadAction\",\"target\":[\"https:\/\/www.lourdes-france.org\/es\/organizacion-del-santuario-de-lourdes\/fondo-de-dotacion-lourdes-united\/\"]}]},{\"@type\":\"ImageObject\",\"inLanguage\":\"es\",\"@id\":\"https:\/\/www.lourdes-france.org\/es\/organizacion-del-santuario-de-lourdes\/fondo-de-dotacion-lourdes-united\/#primaryimage\",\"url\":\"https:\/\/www.lourdes-france.org\/wp-content\/uploads\/2025\/08\/lourdes-united.jpg\",\"contentUrl\":\"https:\/\/www.lourdes-france.org\/wp-content\/uploads\/2025\/08\/lourdes-united.jpg\",\"width\":1080,\"height\":1350,\"caption\":\"Fonds de dotation \u00ab\u00a0Lourdes United \u00bb\"},{\"@type\":\"BreadcrumbList\",\"@id\":\"https:\/\/www.lourdes-france.org\/es\/organizacion-del-santuario-de-lourdes\/fondo-de-dotacion-lourdes-united\/#breadcrumb\",\"itemListElement\":[{\"@type\":\"ListItem\",\"position\":1,\"name\":\"Accueil\",\"item\":\"https:\/\/www.lourdes-france.org\/\"},{\"@type\":\"ListItem\",\"position\":2,\"name\":\"Organizaci\u00f3n del Santuario\",\"item\":\"https:\/\/www.lourdes-france.org\/organisation-sanctuaire-lourdes\/\"},{\"@type\":\"ListItem\",\"position\":3,\"name\":\"Lourdes United\"}]},{\"@type\":\"WebSite\",\"@id\":\"https:\/\/preprod-lourdes.cawita.com\/#website\",\"url\":\"https:\/\/preprod-lourdes.cawita.com\/\",\"name\":\"Soutenir le Sanctuaire Notre-Dame de Lourdes\",\"description\":\"\",\"potentialAction\":[{\"@type\":\"SearchAction\",\"target\":{\"@type\":\"EntryPoint\",\"urlTemplate\":\"https:\/\/preprod-lourdes.cawita.com\/?s={search_term_string}\"},\"query-input\":{\"@type\":\"PropertyValueSpecification\",\"valueRequired\":true,\"valueName\":\"search_term_string\"}}],\"inLanguage\":\"es\"}]}<\/script>\n<!-- \/ Yoast SEO plugin. -->","yoast_head_json":{"title":"Fondo de dotaci\u00f3n Lourdes United","description":"El fondo de dotaci\u00f3n \u00abLourdes United\u00bb financia los proyectos y acciones del Santuario de Lourdes de inter\u00e9s general sin relaci\u00f3n con el culto.","robots":{"index":"index","follow":"follow","max-snippet":"max-snippet:-1","max-image-preview":"max-image-preview:large","max-video-preview":"max-video-preview:-1"},"canonical":"https:\/\/www.lourdes-france.org\/es\/organizacion-del-santuario-de-lourdes\/fondo-de-dotacion-lourdes-united\/","twitter_misc":{"Tiempo de lectura":"3 minutos"},"schema":{"@context":"https:\/\/schema.org","@graph":[{"@type":"WebPage","@id":"https:\/\/www.lourdes-france.org\/es\/organizacion-del-santuario-de-lourdes\/fondo-de-dotacion-lourdes-united\/","url":"https:\/\/www.lourdes-france.org\/es\/organizacion-del-santuario-de-lourdes\/fondo-de-dotacion-lourdes-united\/","name":"Fondo de dotaci\u00f3n Lourdes United","isPartOf":{"@id":"https:\/\/preprod-lourdes.cawita.com\/#website"},"primaryImageOfPage":{"@id":"https:\/\/www.lourdes-france.org\/es\/organizacion-del-santuario-de-lourdes\/fondo-de-dotacion-lourdes-united\/#primaryimage"},"image":{"@id":"https:\/\/www.lourdes-france.org\/es\/organizacion-del-santuario-de-lourdes\/fondo-de-dotacion-lourdes-united\/#primaryimage"},"thumbnailUrl":"https:\/\/www.lourdes-france.org\/wp-content\/uploads\/2025\/08\/lourdes-united.jpg","datePublished":"2025-08-18T09:51:10+00:00","dateModified":"2025-09-09T09:19:44+00:00","description":"El fondo de dotaci\u00f3n \u00abLourdes United\u00bb financia los proyectos y acciones del Santuario de Lourdes de inter\u00e9s general sin relaci\u00f3n con el culto.","breadcrumb":{"@id":"https:\/\/www.lourdes-france.org\/es\/organizacion-del-santuario-de-lourdes\/fondo-de-dotacion-lourdes-united\/#breadcrumb"},"inLanguage":"es","potentialAction":[{"@type":"ReadAction","target":["https:\/\/www.lourdes-france.org\/es\/organizacion-del-santuario-de-lourdes\/fondo-de-dotacion-lourdes-united\/"]}]},{"@type":"ImageObject","inLanguage":"es","@id":"https:\/\/www.lourdes-france.org\/es\/organizacion-del-santuario-de-lourdes\/fondo-de-dotacion-lourdes-united\/#primaryimage","url":"https:\/\/www.lourdes-france.org\/wp-content\/uploads\/2025\/08\/lourdes-united.jpg","contentUrl":"https:\/\/www.lourdes-france.org\/wp-content\/uploads\/2025\/08\/lourdes-united.jpg","width":1080,"height":1350,"caption":"Fonds de dotation \u00ab\u00a0Lourdes United \u00bb"},{"@type":"BreadcrumbList","@id":"https:\/\/www.lourdes-france.org\/es\/organizacion-del-santuario-de-lourdes\/fondo-de-dotacion-lourdes-united\/#breadcrumb","itemListElement":[{"@type":"ListItem","position":1,"name":"Accueil","item":"https:\/\/www.lourdes-france.org\/"},{"@type":"ListItem","position":2,"name":"Organizaci\u00f3n del Santuario","item":"https:\/\/www.lourdes-france.org\/organisation-sanctuaire-lourdes\/"},{"@type":"ListItem","position":3,"name":"Lourdes United"}]},{"@type":"WebSite","@id":"https:\/\/preprod-lourdes.cawita.com\/#website","url":"https:\/\/preprod-lourdes.cawita.com\/","name":"Soutenir le Sanctuaire Notre-Dame de Lourdes","description":"","potentialAction":[{"@type":"SearchAction","target":{"@type":"EntryPoint","urlTemplate":"https:\/\/preprod-lourdes.cawita.com\/?s={search_term_string}"},"query-input":{"@type":"PropertyValueSpecification","valueRequired":true,"valueName":"search_term_string"}}],"inLanguage":"es"}]}},"_links":{"self":[{"href":"https:\/\/www.lourdes-france.org\/es\/wp-json\/wp\/v2\/pages\/1057773","targetHints":{"allow":["GET"]}}],"collection":[{"href":"https:\/\/www.lourdes-france.org\/es\/wp-json\/wp\/v2\/pages"}],"about":[{"href":"https:\/\/www.lourdes-france.org\/es\/wp-json\/wp\/v2\/types\/page"}],"author":[{"embeddable":true,"href":"https:\/\/www.lourdes-france.org\/es\/wp-json\/wp\/v2\/users\/7"}],"replies":[{"embeddable":true,"href":"https:\/\/www.lourdes-france.org\/es\/wp-json\/wp\/v2\/comments?post=1057773"}],"version-history":[{"count":3,"href":"https:\/\/www.lourdes-france.org\/es\/wp-json\/wp\/v2\/pages\/1057773\/revisions"}],"predecessor-version":[{"id":1066136,"href":"https:\/\/www.lourdes-france.org\/es\/wp-json\/wp\/v2\/pages\/1057773\/revisions\/1066136"}],"up":[{"embeddable":true,"href":"https:\/\/www.lourdes-france.org\/es\/wp-json\/wp\/v2\/pages\/870755"}],"wp:featuredmedia":[{"embeddable":true,"href":"https:\/\/www.lourdes-france.org\/es\/wp-json\/wp\/v2\/media\/1054363"}],"wp:attachment":[{"href":"https:\/\/www.lourdes-france.org\/es\/wp-json\/wp\/v2\/media?parent=1057773"}],"curies":[{"name":"wp","href":"https:\/\/api.w.org\/{rel}","templated":true}]}}