{"id":1058068,"date":"2025-08-18T12:55:49","date_gmt":"2025-08-18T10:55:49","guid":{"rendered":"https:\/\/www.lourdes-france.org\/les-papes-pelerins-de-lourdes\/"},"modified":"2025-09-12T14:32:52","modified_gmt":"2025-09-12T12:32:52","slug":"los-papas-peregrinos-de-lourdes","status":"publish","type":"page","link":"https:\/\/www.lourdes-france.org\/es\/los-papas-peregrinos-de-lourdes\/","title":{"rendered":"Los papas peregrinos de Lourdes"},"content":{"rendered":"\t\t<div data-elementor-type=\"wp-page\" data-elementor-id=\"1058068\" class=\"elementor elementor-1058068 elementor-1050298\" data-elementor-post-type=\"page\">\n\t\t\t\t\t\t<section class=\"elementor-section elementor-top-section elementor-element elementor-element-15f90e16 elementor-section-full_width elementor-section-stretched elementor-section-height-default elementor-section-height-default\" data-id=\"15f90e16\" data-element_type=\"section\" data-settings=\"{&quot;stretch_section&quot;:&quot;section-stretched&quot;,&quot;background_background&quot;:&quot;classic&quot;}\">\n\t\t\t\t\t\t<div class=\"elementor-container elementor-column-gap-default\">\n\t\t\t\t\t<div class=\"elementor-column elementor-col-100 elementor-top-column elementor-element elementor-element-7aedbad\" data-id=\"7aedbad\" data-element_type=\"column\">\n\t\t\t<div class=\"elementor-widget-wrap elementor-element-populated\">\n\t\t\t\t\t\t<div class=\"elementor-element elementor-element-6474be7c elementor-widget elementor-widget-spacer\" data-id=\"6474be7c\" data-element_type=\"widget\" data-widget_type=\"spacer.default\">\n\t\t\t\t<div class=\"elementor-widget-container\">\n\t\t\t\t\t\t\t<div class=\"elementor-spacer\">\n\t\t\t<div class=\"elementor-spacer-inner\"><\/div>\n\t\t<\/div>\n\t\t\t\t\t\t<\/div>\n\t\t\t\t<\/div>\n\t\t\t\t\t<\/div>\n\t\t<\/div>\n\t\t\t\t\t<\/div>\n\t\t<\/section>\n\t\t\t\t<section class=\"elementor-section elementor-top-section elementor-element elementor-element-a3ffc67 elementor-section-full_width elementor-section-height-default elementor-section-height-default\" data-id=\"a3ffc67\" data-element_type=\"section\" data-settings=\"{&quot;background_background&quot;:&quot;classic&quot;}\">\n\t\t\t\t\t\t<div class=\"elementor-container elementor-column-gap-default\">\n\t\t\t\t\t<div class=\"elementor-column elementor-col-100 elementor-top-column elementor-element elementor-element-35bccdf2\" data-id=\"35bccdf2\" data-element_type=\"column\">\n\t\t\t<div class=\"elementor-widget-wrap elementor-element-populated\">\n\t\t\t\t\t\t<div class=\"elementor-element elementor-element-753fbbca elementor-widget elementor-widget-spacer\" data-id=\"753fbbca\" data-element_type=\"widget\" data-widget_type=\"spacer.default\">\n\t\t\t\t<div class=\"elementor-widget-container\">\n\t\t\t\t\t\t\t<div class=\"elementor-spacer\">\n\t\t\t<div class=\"elementor-spacer-inner\"><\/div>\n\t\t<\/div>\n\t\t\t\t\t\t<\/div>\n\t\t\t\t<\/div>\n\t\t\t\t<div class=\"elementor-element elementor-element-7c5c19e2 elementor-widget elementor-widget-heading\" data-id=\"7c5c19e2\" data-element_type=\"widget\" data-widget_type=\"heading.default\">\n\t\t\t\t<div class=\"elementor-widget-container\">\n\t\t\t\t\t<h2 class=\"elementor-heading-title elementor-size-default\">Los papas peregrinos de Lourdes<\/h2>\t\t\t\t<\/div>\n\t\t\t\t<\/div>\n\t\t\t\t<div class=\"elementor-element elementor-element-3fbd9d06 elementor-widget elementor-widget-heading\" data-id=\"3fbd9d06\" data-element_type=\"widget\" data-widget_type=\"heading.default\">\n\t\t\t\t<div class=\"elementor-widget-container\">\n\t\t\t\t\t<h2 class=\"elementor-heading-title elementor-size-default\">_________________<\/h2>\t\t\t\t<\/div>\n\t\t\t\t<\/div>\n\t\t\t\t<div class=\"elementor-element elementor-element-1e59ce08 elementor-widget elementor-widget-text-editor\" data-id=\"1e59ce08\" data-element_type=\"widget\" data-widget_type=\"text-editor.default\">\n\t\t\t\t<div class=\"elementor-widget-container\">\n\t\t\t\t\t\t\t\t\t<p>El 8 de diciembre de 1854, el papa P\u00edo IX proclam\u00f3 el dogma de la Inmaculada Concepci\u00f3n, declarando que la Virgen Mar\u00eda, a trav\u00e9s de una gracia especial de Dios, fue preservada del pecado original desde el momento de su concepci\u00f3n. Este misterio de fe, largamente venerado en la Iglesia, pas\u00f3 a reconocerse de manera oficial como una verdad de la fe cat\u00f3lica.<\/p><p>Cuatro a\u00f1os m\u00e1s tarde, en 1858, en <a href=\"https:\/\/www.lourdes-france.org\/les-pelerinages\/\"><b>Lourdes<\/b><\/a>, una joven pobre e iletrada de 14 a\u00f1os, <a href=\"https:\/\/www.lourdes-france.com\/bernadette-soubirous\/\"><b>Bernardita Soubirous<\/b><\/a>, vio a una \u00abbella Se\u00f1ora\u00bb en la <b>Gruta de Massabielle<\/b>. El 25 de marzo, festividad de la Anunciaci\u00f3n, la Se\u00f1ora al fin le revel\u00f3 su nombre: \u00ab<i>Que soy era Immaculada Councepciou<\/i>\u00bb (\u00abYo soy la Inmaculada Concepci\u00f3n\u00bb).<\/p><p><b>Estas palabras sorprendieron a Bernardita, quien no las comprendi\u00f3, pero las repiti\u00f3 fielmente al p\u00e1rroco de Lourdes. Para \u00e9l, fue una confirmaci\u00f3n conmovedora: aquella joven, incapaz de inventar una expresi\u00f3n teol\u00f3gica de tal profundidad, acababa, sin saberlo, de autentificar el dogma proclamado pocos a\u00f1os antes.<\/b><\/p><p>A trav\u00e9s de esta revelaci\u00f3n, la Iglesia reconoce un signo muy poderoso: <b>es<\/b> <b>la propia Virgen quien confirma lo que la Iglesia ha definido por la fe<\/b>. De esta forma, Lourdes se convierte en un eco vivo del dogma y en un lugar donde Mar\u00eda manifiesta su presencia maternal, pura y cercana a la humanidad herida.<\/p><h2><b>Lourdes desde la perspectiva de los papas<\/b><\/h2><p>A lo largo de los a\u00f1os, los papas siempre han manifestado un profundo inter\u00e9s por Lourdes, reconoci\u00e9ndola como un signo providencial y una fuente de renovaci\u00f3n espiritual para la Iglesia.<span class=\"Apple-converted-space\">\u00a0<\/span><\/p><ul><li><strong>P\u00edo IX<\/strong>, papa en el periodo de las <a href=\"https:\/\/www.lourdes-france.com\/les-apparitions-de-lourdes\/\">apariciones<\/a>, reconoci\u00f3 el dogma de la Inmaculada Concepci\u00f3n en 1854, cuatro a\u00f1os antes de los sucesos de Lourdes, lo que confiri\u00f3 una gran legitimidad al testimonio de Bernardita.<\/li><li><strong>Le\u00f3n XIII<\/strong> apoy\u00f3 de manera significativa el culto mariano en Lourdes y aprob\u00f3 m\u00faltiples oraciones e indulgencias relacionadas con el santuario.<\/li><li><strong>San P\u00edo X<\/strong> beatific\u00f3 a Bernardita en 1925. M\u00e1s tarde, fue canonizada por P\u00edo XI en 1933.<\/li><li><strong>Juan Pablo II<\/strong> dej\u00f3 huella en la historia reciente al visitar Lourdes en 1983 y 2004, a pesar de <a href=\"https:\/\/www.lourdes-france.org\/?page_id=1033085&amp;preview=true\">su avanzada enfermedad<\/a>. En este lugar donde el cielo toc\u00f3 la tierra, Juan Pablo II quiso ser uno m\u00e1s entre las personas enfermas que peregrinan a Lourdes.<\/li><li><strong>Benedicto XVI<\/strong> tambi\u00e9n peregrin\u00f3 a Lourdes en 2008, con motivo del 150 aniversario de las <a href=\"https:\/\/www.lourdes-france.com\/reconnaissance-des-apparitions\/\">apariciones<\/a>. Destac\u00f3 la importancia del silencio y la oraci\u00f3n, que constituyen la parte m\u00e1s esencial de la experiencia de Lourdes.<\/li><li><strong>El papa Francisco<\/strong>, aunque no visit\u00f3 la ciudad en persona, a menudo hablaba de Lourdes con afecto, poniendo de relieve la atenci\u00f3n prestada a los pobres, las personas enfermas y los m\u00e1s vulnerables.<span class=\"Apple-converted-space\">\u00a0<\/span><\/li><\/ul><h2><b>Las visitas papales a Lourdes<\/b><\/h2><p>Seis cardenales, que llegaron a ser papas a partir de 1914, peregrinaron a Lourdes antes de su elecci\u00f3n.<\/p><p>Ya en la d\u00e9cada de 1890, este fue el caso de los futuros Benedicto XV (1914-1922) y P\u00edo XI (1922-1939). Fue P\u00edo XI quien beatific\u00f3 a la vidente de Lourdes el 14 de junio de 1925 y, posteriormente, la canoniz\u00f3 el 8 de diciembre de 1933. El futuro P\u00edo XII (1939-1958) visit\u00f3 Lourdes en 1935 y consagr\u00f3 una carta enc\u00edclica a Lourdes, titulada <a href=\"https:\/\/www.lourdes-france.org\/les-pelerinages\/\"><i>La peregrinaci\u00f3n de Lourdes<\/i><\/a>, publicada el 2 de julio de 1957. El futuro Pablo VI (1963-1978) peregrin\u00f3 a Lourdes en dos ocasiones, en 1958 y 1962, mientras que el futuro Juan Pablo I (agosto-septiembre de 1978) lo hizo en 1975.<\/p><h2><br \/><b>Lourdes ha recibido a tres papas de manera oficial:<\/b><\/h2><ul><li>Juan Pablo II (1983 y 2004): durante sus visitas, rez\u00f3 en la <b>Gruta<\/b>, se reuni\u00f3 con las personas enfermas y celebr\u00f3 la <b>misa<\/b> a cielo abierto. Su \u00faltima peregrinaci\u00f3n, realizada en silla de ruedas, fue un testimonio emotivo de fe vivida en el sufrimiento. Antes de convertirse en papa, el cardenal Karol Wojtila visit\u00f3 Lourdes en 1947 como joven sacerdote, luego como arzobispo de Cracovia en 1964 y, finalmente, como cardenal de Cracovia en 1975.<\/li><li>Benedicto XVI (2008): su peregrinaci\u00f3n marc\u00f3 las celebraciones del 150 aniversario de las <b>apariciones<\/b>. Particip\u00f3 en la procesi\u00f3n mariana y pronunci\u00f3 grandes mensajes sobre la fe, el sufrimiento y la misi\u00f3n de la Iglesia.<\/li><li>No podemos olvidar al cardenal <b>Angelo Roncalli<\/b>, quien viaj\u00f3 a Lourdes antes de convertirse en el papa Juan XXIII, cuando a\u00fan era nuncio apost\u00f3lico en Par\u00eds. En esa ocasi\u00f3n, vino a consagrar la <b>bas\u00edlica de san P\u00edo X<\/b>, construida para conmemorar el 100 aniversario de las apariciones.<\/li><\/ul><p>Estas visitas marcaron profundamente la historia del santuario, reforzando su uni\u00f3n con la Santa Sede y su proyecci\u00f3n a nivel mundial. Cada una de las visitas papales a Lourdes se vive como un momento de gracia para los fieles y un impulso para todos aquellos que portan una cruz en su vida.<\/p><h2><b>Le\u00f3n XIV en la Gruta de Lourdes<\/b><\/h2><p>El 31 de mayo, en v\u00edsperas del <b>fin de semana de Pentecost\u00e9s<\/b>, para clausurar el mes de Mar\u00eda, <b>el papa Le\u00f3n XIV visit\u00f3 por primera vez la reproducci\u00f3n de la <a href=\"https:\/\/www.lourdes-france.com\/pelerin-dun-jour\/la-grotte\/\">Gruta<\/a> de Lourdes<\/b> en los jardines del Vaticano para cantar all\u00ed el Ave Mar\u00eda. Al expresar su alegr\u00eda, calific\u00f3 la <a href=\"https:\/\/www.lourdes-france.com\/pelerin-dun-jour\/procession-aux-flambeaux\/\">procesi\u00f3n<\/a> como \u00ab<i>un gesto de fe mediante el cual, de manera sencilla y devota, nos reunimos bajo el manto maternal de Mar\u00eda<\/i>\u00bb.<\/p>\t\t\t\t\t\t\t\t<\/div>\n\t\t\t\t<\/div>\n\t\t\t\t<div class=\"elementor-element elementor-element-a090dff elementor-skin-carousel elementor-arrows-yes elementor-pagination-type-bullets elementor-pagination-position-outside elementor-widget elementor-widget-media-carousel\" data-id=\"a090dff\" data-element_type=\"widget\" data-settings=\"{&quot;slides_per_view&quot;:&quot;1&quot;,&quot;skin&quot;:&quot;carousel&quot;,&quot;effect&quot;:&quot;slide&quot;,&quot;show_arrows&quot;:&quot;yes&quot;,&quot;pagination&quot;:&quot;bullets&quot;,&quot;speed&quot;:500,&quot;autoplay&quot;:&quot;yes&quot;,&quot;autoplay_speed&quot;:5000,&quot;loop&quot;:&quot;yes&quot;,&quot;pause_on_hover&quot;:&quot;yes&quot;,&quot;pause_on_interaction&quot;:&quot;yes&quot;,&quot;space_between&quot;:{&quot;unit&quot;:&quot;px&quot;,&quot;size&quot;:10,&quot;sizes&quot;:[]},&quot;space_between_tablet&quot;:{&quot;unit&quot;:&quot;px&quot;,&quot;size&quot;:10,&quot;sizes&quot;:[]},&quot;space_between_mobile&quot;:{&quot;unit&quot;:&quot;px&quot;,&quot;size&quot;:10,&quot;sizes&quot;:[]}}\" data-widget_type=\"media-carousel.default\">\n\t\t\t\t<div class=\"elementor-widget-container\">\n\t\t\t\t\t\t\t\t\t<div class=\"elementor-swiper\">\n\t\t\t\t\t<div class=\"elementor-main-swiper swiper\" role=\"region\" aria-roledescription=\"carousel\" aria-label=\"Diapositives\">\n\t\t\t\t<div class=\"swiper-wrapper\">\n\t\t\t\t\t\t\t\t\t\t\t<div class=\"swiper-slide\" role=\"group\" aria-roledescription=\"slide\">\n\t\t\t\t\t\t\t\t\t<div class=\"elementor-carousel-image\" role=\"img\" aria-label=\"banniere-papes\" style=\"background-image: url(&#039;https:\/\/www.lourdes-france.org\/wp-content\/uploads\/2025\/08\/banniere-papes-1.png&#039;)\">\n\n\t\t\t\n\t\t\t\t\t<\/div>\n\t\t\t\t\t\t\t\t<\/div>\n\t\t\t\t\t\t\t\t\t\t\t<div class=\"swiper-slide\" role=\"group\" aria-roledescription=\"slide\">\n\t\t\t\t\t\t\t\t\t<div class=\"elementor-carousel-image\" role=\"img\" aria-label=\"pape-francois-a-la-basilique-saint-pierre_\u00a9DR_f28a877719b82744fc7b05034916f518-min\" style=\"background-image: url(&#039;https:\/\/www.lourdes-france.org\/wp-content\/uploads\/2019\/07\/pape-francois-a-la-basilique-saint-pierre_\u00a9DR_f28a877719b82744fc7b05034916f518-min.jpg&#039;)\">\n\n\t\t\t\n\t\t\t\t\t<\/div>\n\t\t\t\t\t\t\t\t<\/div>\n\t\t\t\t\t\t\t\t\t\t\t<div class=\"swiper-slide\" role=\"group\" aria-roledescription=\"slide\">\n\t\t\t\t\t\t\t\t\t<div class=\"elementor-carousel-image\" role=\"img\" aria-label=\"pape-slideshow\" style=\"background-image: url(&#039;https:\/\/www.lourdes-france.org\/wp-content\/uploads\/2020\/05\/pape-slideshow.jpg&#039;)\">\n\n\t\t\t\n\t\t\t\t\t<\/div>\n\t\t\t\t\t\t\t\t<\/div>\n\t\t\t\t\t\t\t\t\t\t\t<div class=\"swiper-slide\" role=\"group\" aria-roledescription=\"slide\">\n\t\t\t\t\t\t\t\t\t<div class=\"elementor-carousel-image\" role=\"img\" aria-label=\"DDM \/  XAVIER DE FENOYL \/ VENUE DU PAPE  BENOIT XVI  A LOURDES A L OCCASION DU 150 EME ANNIVERSAIRE DES APPARITIONS \/  PAPE  BENOIT XVI  A LOURDES\" style=\"background-image: url(&#039;https:\/\/www.lourdes-france.org\/wp-content\/uploads\/2025\/08\/image.jpg&#039;)\">\n\n\t\t\t\n\t\t\t\t\t<\/div>\n\t\t\t\t\t\t\t\t<\/div>\n\t\t\t\t\t\t\t\t\t\t\t<div class=\"swiper-slide\" role=\"group\" aria-roledescription=\"slide\">\n\t\t\t\t\t\t\t\t\t<div class=\"elementor-carousel-image\" role=\"img\" aria-label=\"7-14-15-08-2004 Pape a\u0300 Lourdes avec Jean Vanier2(OR-Arturo Mari)\" style=\"background-image: url(&#039;https:\/\/www.lourdes-france.org\/wp-content\/uploads\/2019\/05\/7-14-15-08-2004-Pape-a\u0300-Lourdes-avec-Jean-Vanier2OR-Arturo-Mari.jpg&#039;)\">\n\n\t\t\t\n\t\t\t\t\t<\/div>\n\t\t\t\t\t\t\t\t<\/div>\n\t\t\t\t\t\t\t\t\t<\/div>\n\t\t\t\t\t\t\t\t\t\t\t\t\t\t\t<div class=\"elementor-swiper-button elementor-swiper-button-prev\" role=\"button\" tabindex=\"0\" aria-label=\"Anterior\">\n\t\t\t\t\t\t\t<i aria-hidden=\"true\" class=\"eicon-chevron-left\"><\/i>\t\t\t\t\t\t<\/div>\n\t\t\t\t\t\t<div class=\"elementor-swiper-button elementor-swiper-button-next\" role=\"button\" tabindex=\"0\" aria-label=\"Siguiente\">\n\t\t\t\t\t\t\t<i aria-hidden=\"true\" class=\"eicon-chevron-right\"><\/i>\t\t\t\t\t\t<\/div>\n\t\t\t\t\t\t\t\t\t\t\t\t\t\t\t\t<div class=\"swiper-pagination\"><\/div>\n\t\t\t\t\t\t\t\t\t\t\t\t<\/div>\n\t\t\t\t<\/div>\n\t\t\t\t\t\t\t\t<\/div>\n\t\t\t\t<\/div>\n\t\t\t\t<div class=\"elementor-element elementor-element-172e3c0a elementor-view-default elementor-widget elementor-widget-icon\" data-id=\"172e3c0a\" data-element_type=\"widget\" data-widget_type=\"icon.default\">\n\t\t\t\t<div class=\"elementor-widget-container\">\n\t\t\t\t\t\t\t<div class=\"elementor-icon-wrapper\">\n\t\t\t<div class=\"elementor-icon\">\n\t\t\t<i aria-hidden=\"true\" class=\"fas fa-church\"><\/i>\t\t\t<\/div>\n\t\t<\/div>\n\t\t\t\t\t\t<\/div>\n\t\t\t\t<\/div>\n\t\t\t\t\t<\/div>\n\t\t<\/div>\n\t\t\t\t\t<\/div>\n\t\t<\/section>\n\t\t\t\t<\/div>\n\t\t","protected":false},"excerpt":{"rendered":"<p>Los papas peregrinos de Lourdes _________________ El 8 de diciembre de 1854, el papa P\u00edo IX proclam\u00f3 el dogma de la Inmaculada Concepci\u00f3n, declarando que la Virgen Mar\u00eda, a trav\u00e9s de una gracia especial de Dios, fue preservada del pecado &hellip; <a href=\"https:\/\/www.lourdes-france.org\/es\/los-papas-peregrinos-de-lourdes\/\">Continuar<\/a><\/p>\n","protected":false},"author":7,"featured_media":1058048,"parent":0,"menu_order":0,"comment_status":"closed","ping_status":"closed","template":"","meta":{"_acf_changed":false,"footnotes":""},"class_list":["post-1058068","page","type-page","status-publish","has-post-thumbnail","hentry"],"acf":[],"yoast_head":"<!-- This site is optimized with the Yoast SEO plugin v24.7 - https:\/\/yoast.com\/wordpress\/plugins\/seo\/ -->\n<title>Los papas peregrinos de Lourdes<\/title>\n<meta name=\"description\" content=\"Los papas siempre han mostrado un gran inter\u00e9s por Lourdes, consider\u00e1ndola un signo providencial y una fuente de renovaci\u00f3n espiritual para la Iglesia.\" \/>\n<meta name=\"robots\" content=\"index, follow, max-snippet:-1, max-image-preview:large, max-video-preview:-1\" \/>\n<link rel=\"canonical\" href=\"https:\/\/www.lourdes-france.org\/es\/los-papas-peregrinos-de-lourdes\/\" \/>\n<meta name=\"twitter:label1\" content=\"Tiempo de lectura\" \/>\n\t<meta name=\"twitter:data1\" content=\"4 minutos\" \/>\n<script type=\"application\/ld+json\" class=\"yoast-schema-graph\">{\"@context\":\"https:\/\/schema.org\",\"@graph\":[{\"@type\":\"WebPage\",\"@id\":\"https:\/\/www.lourdes-france.org\/es\/los-papas-peregrinos-de-lourdes\/\",\"url\":\"https:\/\/www.lourdes-france.org\/es\/los-papas-peregrinos-de-lourdes\/\",\"name\":\"Los papas peregrinos de Lourdes\",\"isPartOf\":{\"@id\":\"https:\/\/preprod-lourdes.cawita.com\/#website\"},\"primaryImageOfPage\":{\"@id\":\"https:\/\/www.lourdes-france.org\/es\/los-papas-peregrinos-de-lourdes\/#primaryimage\"},\"image\":{\"@id\":\"https:\/\/www.lourdes-france.org\/es\/los-papas-peregrinos-de-lourdes\/#primaryimage\"},\"thumbnailUrl\":\"https:\/\/www.lourdes-france.org\/wp-content\/uploads\/2025\/08\/banniere-papes.png\",\"datePublished\":\"2025-08-18T10:55:49+00:00\",\"dateModified\":\"2025-09-12T12:32:52+00:00\",\"description\":\"Los papas siempre han mostrado un gran inter\u00e9s por Lourdes, consider\u00e1ndola un signo providencial y una fuente de renovaci\u00f3n espiritual para la Iglesia.\",\"breadcrumb\":{\"@id\":\"https:\/\/www.lourdes-france.org\/es\/los-papas-peregrinos-de-lourdes\/#breadcrumb\"},\"inLanguage\":\"es\",\"potentialAction\":[{\"@type\":\"ReadAction\",\"target\":[\"https:\/\/www.lourdes-france.org\/es\/los-papas-peregrinos-de-lourdes\/\"]}]},{\"@type\":\"ImageObject\",\"inLanguage\":\"es\",\"@id\":\"https:\/\/www.lourdes-france.org\/es\/los-papas-peregrinos-de-lourdes\/#primaryimage\",\"url\":\"https:\/\/www.lourdes-france.org\/wp-content\/uploads\/2025\/08\/banniere-papes.png\",\"contentUrl\":\"https:\/\/www.lourdes-france.org\/wp-content\/uploads\/2025\/08\/banniere-papes.png\",\"width\":4000,\"height\":1813},{\"@type\":\"BreadcrumbList\",\"@id\":\"https:\/\/www.lourdes-france.org\/es\/los-papas-peregrinos-de-lourdes\/#breadcrumb\",\"itemListElement\":[{\"@type\":\"ListItem\",\"position\":1,\"name\":\"Accueil\",\"item\":\"https:\/\/www.lourdes-france.org\/\"},{\"@type\":\"ListItem\",\"position\":2,\"name\":\"Los papas peregrinos de Lourdes\"}]},{\"@type\":\"WebSite\",\"@id\":\"https:\/\/preprod-lourdes.cawita.com\/#website\",\"url\":\"https:\/\/preprod-lourdes.cawita.com\/\",\"name\":\"Soutenir le Sanctuaire Notre-Dame de Lourdes\",\"description\":\"\",\"potentialAction\":[{\"@type\":\"SearchAction\",\"target\":{\"@type\":\"EntryPoint\",\"urlTemplate\":\"https:\/\/preprod-lourdes.cawita.com\/?s={search_term_string}\"},\"query-input\":{\"@type\":\"PropertyValueSpecification\",\"valueRequired\":true,\"valueName\":\"search_term_string\"}}],\"inLanguage\":\"es\"}]}<\/script>\n<!-- \/ Yoast SEO plugin. -->","yoast_head_json":{"title":"Los papas peregrinos de Lourdes","description":"Los papas siempre han mostrado un gran inter\u00e9s por Lourdes, consider\u00e1ndola un signo providencial y una fuente de renovaci\u00f3n espiritual para la Iglesia.","robots":{"index":"index","follow":"follow","max-snippet":"max-snippet:-1","max-image-preview":"max-image-preview:large","max-video-preview":"max-video-preview:-1"},"canonical":"https:\/\/www.lourdes-france.org\/es\/los-papas-peregrinos-de-lourdes\/","twitter_misc":{"Tiempo de lectura":"4 minutos"},"schema":{"@context":"https:\/\/schema.org","@graph":[{"@type":"WebPage","@id":"https:\/\/www.lourdes-france.org\/es\/los-papas-peregrinos-de-lourdes\/","url":"https:\/\/www.lourdes-france.org\/es\/los-papas-peregrinos-de-lourdes\/","name":"Los papas peregrinos de Lourdes","isPartOf":{"@id":"https:\/\/preprod-lourdes.cawita.com\/#website"},"primaryImageOfPage":{"@id":"https:\/\/www.lourdes-france.org\/es\/los-papas-peregrinos-de-lourdes\/#primaryimage"},"image":{"@id":"https:\/\/www.lourdes-france.org\/es\/los-papas-peregrinos-de-lourdes\/#primaryimage"},"thumbnailUrl":"https:\/\/www.lourdes-france.org\/wp-content\/uploads\/2025\/08\/banniere-papes.png","datePublished":"2025-08-18T10:55:49+00:00","dateModified":"2025-09-12T12:32:52+00:00","description":"Los papas siempre han mostrado un gran inter\u00e9s por Lourdes, consider\u00e1ndola un signo providencial y una fuente de renovaci\u00f3n espiritual para la Iglesia.","breadcrumb":{"@id":"https:\/\/www.lourdes-france.org\/es\/los-papas-peregrinos-de-lourdes\/#breadcrumb"},"inLanguage":"es","potentialAction":[{"@type":"ReadAction","target":["https:\/\/www.lourdes-france.org\/es\/los-papas-peregrinos-de-lourdes\/"]}]},{"@type":"ImageObject","inLanguage":"es","@id":"https:\/\/www.lourdes-france.org\/es\/los-papas-peregrinos-de-lourdes\/#primaryimage","url":"https:\/\/www.lourdes-france.org\/wp-content\/uploads\/2025\/08\/banniere-papes.png","contentUrl":"https:\/\/www.lourdes-france.org\/wp-content\/uploads\/2025\/08\/banniere-papes.png","width":4000,"height":1813},{"@type":"BreadcrumbList","@id":"https:\/\/www.lourdes-france.org\/es\/los-papas-peregrinos-de-lourdes\/#breadcrumb","itemListElement":[{"@type":"ListItem","position":1,"name":"Accueil","item":"https:\/\/www.lourdes-france.org\/"},{"@type":"ListItem","position":2,"name":"Los papas peregrinos de Lourdes"}]},{"@type":"WebSite","@id":"https:\/\/preprod-lourdes.cawita.com\/#website","url":"https:\/\/preprod-lourdes.cawita.com\/","name":"Soutenir le Sanctuaire Notre-Dame de Lourdes","description":"","potentialAction":[{"@type":"SearchAction","target":{"@type":"EntryPoint","urlTemplate":"https:\/\/preprod-lourdes.cawita.com\/?s={search_term_string}"},"query-input":{"@type":"PropertyValueSpecification","valueRequired":true,"valueName":"search_term_string"}}],"inLanguage":"es"}]}},"_links":{"self":[{"href":"https:\/\/www.lourdes-france.org\/es\/wp-json\/wp\/v2\/pages\/1058068","targetHints":{"allow":["GET"]}}],"collection":[{"href":"https:\/\/www.lourdes-france.org\/es\/wp-json\/wp\/v2\/pages"}],"about":[{"href":"https:\/\/www.lourdes-france.org\/es\/wp-json\/wp\/v2\/types\/page"}],"author":[{"embeddable":true,"href":"https:\/\/www.lourdes-france.org\/es\/wp-json\/wp\/v2\/users\/7"}],"replies":[{"embeddable":true,"href":"https:\/\/www.lourdes-france.org\/es\/wp-json\/wp\/v2\/comments?post=1058068"}],"version-history":[{"count":3,"href":"https:\/\/www.lourdes-france.org\/es\/wp-json\/wp\/v2\/pages\/1058068\/revisions"}],"predecessor-version":[{"id":1067333,"href":"https:\/\/www.lourdes-france.org\/es\/wp-json\/wp\/v2\/pages\/1058068\/revisions\/1067333"}],"wp:featuredmedia":[{"embeddable":true,"href":"https:\/\/www.lourdes-france.org\/es\/wp-json\/wp\/v2\/media\/1058048"}],"wp:attachment":[{"href":"https:\/\/www.lourdes-france.org\/es\/wp-json\/wp\/v2\/media?parent=1058068"}],"curies":[{"name":"wp","href":"https:\/\/api.w.org\/{rel}","templated":true}]}}