{"id":1082704,"date":"2025-09-15T11:21:36","date_gmt":"2025-09-15T09:21:36","guid":{"rendered":"https:\/\/www.lourdes-france.org\/le-centre-de-ressources-historiques\/"},"modified":"2025-11-04T08:58:26","modified_gmt":"2025-11-04T07:58:26","slug":"centro-de-recursos-historicos","status":"publish","type":"page","link":"https:\/\/www.lourdes-france.org\/es\/centro-de-recursos-historicos\/","title":{"rendered":"Centro de Recursos Hist\u00f3ricos"},"content":{"rendered":"\t\t<div data-elementor-type=\"wp-page\" data-elementor-id=\"1082704\" class=\"elementor elementor-1082704 elementor-1068128\" data-elementor-post-type=\"page\">\n\t\t\t\t\t\t<section class=\"elementor-section elementor-top-section elementor-element elementor-element-cf746c6 elementor-section-full_width elementor-section-stretched elementor-section-height-default elementor-section-height-default\" data-id=\"cf746c6\" data-element_type=\"section\" data-settings=\"{&quot;stretch_section&quot;:&quot;section-stretched&quot;,&quot;background_background&quot;:&quot;classic&quot;}\">\n\t\t\t\t\t\t<div class=\"elementor-container elementor-column-gap-default\">\n\t\t\t\t\t<div class=\"elementor-column elementor-col-100 elementor-top-column elementor-element elementor-element-4c27135\" data-id=\"4c27135\" data-element_type=\"column\">\n\t\t\t<div class=\"elementor-widget-wrap elementor-element-populated\">\n\t\t\t\t\t\t<div class=\"elementor-element elementor-element-1cf0e93 elementor-widget elementor-widget-spacer\" data-id=\"1cf0e93\" data-element_type=\"widget\" data-widget_type=\"spacer.default\">\n\t\t\t\t<div class=\"elementor-widget-container\">\n\t\t\t\t\t\t\t<div class=\"elementor-spacer\">\n\t\t\t<div class=\"elementor-spacer-inner\"><\/div>\n\t\t<\/div>\n\t\t\t\t\t\t<\/div>\n\t\t\t\t<\/div>\n\t\t\t\t\t<\/div>\n\t\t<\/div>\n\t\t\t\t\t<\/div>\n\t\t<\/section>\n\t\t\t\t<section class=\"elementor-section elementor-top-section elementor-element elementor-element-02f9c04 elementor-section-full_width elementor-section-height-default elementor-section-height-default\" data-id=\"02f9c04\" data-element_type=\"section\" data-settings=\"{&quot;background_background&quot;:&quot;classic&quot;}\">\n\t\t\t\t\t\t<div class=\"elementor-container elementor-column-gap-default\">\n\t\t\t\t\t<div class=\"elementor-column elementor-col-100 elementor-top-column elementor-element elementor-element-dd17d23\" data-id=\"dd17d23\" data-element_type=\"column\">\n\t\t\t<div class=\"elementor-widget-wrap elementor-element-populated\">\n\t\t\t\t\t\t<div class=\"elementor-element elementor-element-3856adc elementor-widget elementor-widget-spacer\" data-id=\"3856adc\" data-element_type=\"widget\" data-widget_type=\"spacer.default\">\n\t\t\t\t<div class=\"elementor-widget-container\">\n\t\t\t\t\t\t\t<div class=\"elementor-spacer\">\n\t\t\t<div class=\"elementor-spacer-inner\"><\/div>\n\t\t<\/div>\n\t\t\t\t\t\t<\/div>\n\t\t\t\t<\/div>\n\t\t\t\t<div class=\"elementor-element elementor-element-9c4a24f elementor-widget elementor-widget-heading\" data-id=\"9c4a24f\" data-element_type=\"widget\" data-widget_type=\"heading.default\">\n\t\t\t\t<div class=\"elementor-widget-container\">\n\t\t\t\t\t<h1 class=\"elementor-heading-title elementor-size-default\">Centro de Recursos Hist\u00f3ricos\ndel Santuario de Nuestra Se\u00f1ora de Lourdes\n\n<\/h1>\t\t\t\t<\/div>\n\t\t\t\t<\/div>\n\t\t\t\t<div class=\"elementor-element elementor-element-09ba635 elementor-widget elementor-widget-heading\" data-id=\"09ba635\" data-element_type=\"widget\" data-widget_type=\"heading.default\">\n\t\t\t\t<div class=\"elementor-widget-container\">\n\t\t\t\t\t<h2 class=\"elementor-heading-title elementor-size-default\">_________________<\/h2>\t\t\t\t<\/div>\n\t\t\t\t<\/div>\n\t\t\t\t<div class=\"elementor-element elementor-element-9ca2441 elementor-widget elementor-widget-text-editor\" data-id=\"9ca2441\" data-element_type=\"widget\" data-widget_type=\"text-editor.default\">\n\t\t\t\t<div class=\"elementor-widget-container\">\n\t\t\t\t\t\t\t\t\t<p>La creaci\u00f3n del Centro de Recursos Hist\u00f3ricos (CRH) del <a href=\"http:\/\/lourdes-france.com\">Santuario de Nuestra Se\u00f1ora de Lourdes<\/a> constituye un paso decisivo para la preservaci\u00f3n y difusi\u00f3n de su valioso patrimonio. La centralizaci\u00f3n de todas las colecciones en un \u00fanico espacio responde a un claro imperativo estrat\u00e9gico:<span class=\"Apple-converted-space\">\u00a0<\/span><\/p><ul><li><b><\/b><b>Asegurar la adecuada conservaci\u00f3n del patrimonio en un entorno \u00f3ptimo y seguro.<\/b><\/li><li><b><\/b><b>Disponer de un lugar de exposici\u00f3n y comunicaci\u00f3n sobre la actualidad cultural del Santuario.<span class=\"Apple-converted-space\">\u00a0<\/span><\/b><\/li><li><b><\/b><b>Ofrecer un centro de consulta accesible para todos.<\/b><\/li><\/ul><p>El proyecto busca optimizar y racionalizar los espacios de conservaci\u00f3n mediante la concentraci\u00f3n de todas las colecciones en un \u00fanico Centro de Recursos Hist\u00f3ricos. Este centro integrar\u00e1 tanto el patrimonio mobiliario como el escrito, conformando una entidad coherente y centralizada.<span class=\"Apple-converted-space\">\u00a0<\/span><\/p><p>Actualmente dispersas en distintos lugares, las colecciones deben reunirse de manera imperativa para garantizar un proceso de conservaci\u00f3n riguroso. Este incluir\u00e1 c\u00e1maras de desinfecci\u00f3n, \u00e1reas espec\u00edficas de desempolvado y clasificaci\u00f3n, as\u00ed como un muelle de descarga y almacenamiento, todo ello en condiciones clim\u00e1ticas \u00f3ptimas y respetando, en la medida de lo posible, las normas establecidas en el <i>Vadem\u00e9cum de la conservaci\u00f3n preventiva<\/i> (C2RMF, 2005\/2013).<span class=\"Apple-converted-space\">\u00a0<\/span><\/p><p>Este proyecto resulta esencial no solo para proteger este tesoro hist\u00f3rico \u00fanico, sino tambi\u00e9n para facilitar su acceso a investigadores, estudiantes y todas las personas interesadas en conocerlo. Asimismo, el CRH se consolidar\u00e1 como un centro cultural, concebido como un espacio de intercambio y difusi\u00f3n.<\/p><p>El centro contar\u00e1 con un espacio de exposici\u00f3n destinado a dar a conocer los tesoros del Santuario: valiosas riquezas art\u00edsticas y testimonios de peregrinos, tanto c\u00e9lebres como an\u00f3nimos. La centralizaci\u00f3n de textiles, estatuaria, objetos lit\u00fargicos y otras colecciones permitir\u00e1 no solo garantizar su preservaci\u00f3n, sino tambi\u00e9n facilitar su difusi\u00f3n mediante exposiciones, publicaciones y trabajos de investigaci\u00f3n.<span class=\"Apple-converted-space\">\u00a0<\/span><\/p><p>Este proyecto constituye, al mismo tiempo, una respuesta a una necesidad esencial del Santuario y una muestra de su firme compromiso con la transmisi\u00f3n de este patrimonio para las generaciones futuras.<\/p><h2><b>Un patrimonio vivo y en constante evoluci\u00f3n<\/b><\/h2><p>No se reduce a simples salas de conservaci\u00f3n. Los objetos lit\u00fargicos, como los vasos sagrados o las vestiduras lit\u00fargicas, sea cual sea su tipolog\u00eda, se utilizan regularmente en el culto. Situado en el coraz\u00f3n del recinto, en el cruce de las bas\u00edlicas, el CRH permitir\u00e1 una gesti\u00f3n \u00e1gil de las obras, asegurando su correcta circulaci\u00f3n, seguimiento y seguridad.<span class=\"Apple-converted-space\">\u00a0<\/span><\/p><p>Si bien la mayor parte de la orfebrer\u00eda se conserva en el Tesoro, el ala Patrimonio del CRH acoger\u00e1 una parte importante de las colecciones del Santuario:<span class=\"Apple-converted-space\">\u00a0<\/span><\/p><ul><li>Vestiduras lit\u00fargicas y otros textiles antiguos (incluidos 300 estandartes de procesi\u00f3n).<\/li><li>Estatuaria y relieves.<\/li><li>Lustres hist\u00f3ricos,<\/li><li>Objetos de culto (candelabros, atriles, ambones, etc.).<\/li><li>Mobiliario lit\u00fargico (altares, tabern\u00e1culos, rejas de comuni\u00f3n, etc.).<\/li><li>Exvotos.<\/li><li>Cuadros, fotograf\u00edas, grabados, litograf\u00edas, iconos y relicarios.<\/li><li>Vidrieras.<\/li><li>Muletas de la Gruta, etc.<\/li><\/ul><p>Este ambicioso proyecto garantizar\u00e1 la conservaci\u00f3n \u00f3ptima de las colecciones del Santuario y asegurar\u00e1 su accesibilidad a las generaciones futuras. Se trata de una iniciativa fundamental para proteger este invaluable patrimonio y compartirlo con el mundo. \u00a1No olvidemos que el patrimonio del Santuario tambi\u00e9n forma parte de la herencia de todos los peregrinos!<span class=\"Apple-converted-space\">\u00a0<\/span><\/p><h2>Los archivos y bibliotecas del Santuario de Nuestra Se\u00f1ora de Lourdes: un servicio abierto a todo el mundo<\/h2><p>Los archivos y bibliotecas del Santuario est\u00e1n al servicio tanto de los peregrinos como de los investigadores.<span class=\"Apple-converted-space\">\u00a0<\/span><\/p><p>Los archivos representan m\u00e1s de un kil\u00f3metro lineal de documentos, albergando archivos hist\u00f3ricos y administrativos del Santuario, as\u00ed como archivos fotogr\u00e1ficos.<span class=\"Apple-converted-space\">\u00a0<\/span><\/p><p>Asimismo, se han depositado en el centro archivos privados, como los pertenecientes a Mons. Laurentin, al padre Cros y al can\u00f3nigo Charriez.<br \/>Estos pueden consultarse respetando las normas legales vigentes.<span class=\"Apple-converted-space\">\u00a0<\/span><\/p><p>Las bibliotecas re\u00fanen cerca de 17\u00a0000 t\u00edtulos, que incluyen, en particular, el fondo m\u00e1s completo posible sobre la historia de las apariciones de Lourdes, Bernardita y el desarrollo del Santuario, con la colecci\u00f3n \u00edntegra de los peri\u00f3dicos del Santuario, as\u00ed como un fondo excepcional dedicado a la teolog\u00eda, el culto y la devoci\u00f3n mariana: la biblioteca mariana, enriquecida regularmente gracias a un acuerdo de colaboraci\u00f3n con la Sociedad Francesa de Estudios Marianos (SFEM), que nos ha confiado su propia colecci\u00f3n.<\/p><p>La biblioteca mariana es una de las cuatro \u00fanicas bibliotecas en el mundo especializada en este \u00e1mbito y la \u00fanica de habla francesa.<span class=\"Apple-converted-space\">\u00a0<\/span><\/p>\t\t\t\t\t\t\t\t<\/div>\n\t\t\t\t<\/div>\n\t\t\t\t<div class=\"elementor-element elementor-element-9b66f5f elementor-widget elementor-widget-heading\" data-id=\"9b66f5f\" data-element_type=\"widget\" data-widget_type=\"heading.default\">\n\t\t\t\t<div class=\"elementor-widget-container\">\n\t\t\t\t\t<h2 class=\"elementor-heading-title elementor-size-default\">Para m\u00e1s informaci\u00f3n<\/h2>\t\t\t\t<\/div>\n\t\t\t\t<\/div>\n\t\t\t\t<section class=\"elementor-section elementor-inner-section elementor-element elementor-element-998965a elementor-section-boxed elementor-section-height-default elementor-section-height-default\" data-id=\"998965a\" data-element_type=\"section\">\n\t\t\t\t\t\t<div class=\"elementor-container elementor-column-gap-default\">\n\t\t\t\t\t<div class=\"elementor-column elementor-col-50 elementor-inner-column elementor-element elementor-element-dbdf96b\" data-id=\"dbdf96b\" data-element_type=\"column\">\n\t\t\t<div class=\"elementor-widget-wrap elementor-element-populated\">\n\t\t\t\t\t\t<div class=\"elementor-element elementor-element-ad3b0f5 elementor-widget elementor-widget-link-in-bio\" data-id=\"ad3b0f5\" data-element_type=\"widget\" data-widget_type=\"link-in-bio.default\">\n\t\t\t\t<div class=\"elementor-widget-container\">\n\t\t\t\t\t\t\t<div class=\"e-link-in-bio e-link-in-bio\">\n\t\t\t<div class=\"e-link-in-bio__content\">\n\n\t\t\t\t\t\t<div class=\"e-link-in-bio__identity\">\n\t\t\t\t\t\t\t\t\t<div class=\"e-link-in-bio__identity-image e-link-in-bio__identity-image-profile has-border has-style-circle\">\n\t\t\t\t\t\t\t<img fetchpriority=\"high\" decoding=\"async\" width=\"300\" height=\"200\" src=\"https:\/\/www.lourdes-france.org\/wp-content\/uploads\/2025\/08\/2024-Robin-Archives-6-300x200.jpg\" class=\"e-link-in-bio__identity-image-element\" alt=\"\" srcset=\"https:\/\/www.lourdes-france.org\/wp-content\/uploads\/2025\/08\/2024-Robin-Archives-6-300x200.jpg 300w, https:\/\/www.lourdes-france.org\/wp-content\/uploads\/2025\/08\/2024-Robin-Archives-6-1024x683.jpg 1024w, https:\/\/www.lourdes-france.org\/wp-content\/uploads\/2025\/08\/2024-Robin-Archives-6-768x512.jpg 768w, https:\/\/www.lourdes-france.org\/wp-content\/uploads\/2025\/08\/2024-Robin-Archives-6-1536x1024.jpg 1536w, https:\/\/www.lourdes-france.org\/wp-content\/uploads\/2025\/08\/2024-Robin-Archives-6-2048x1365.jpg 2048w\" sizes=\"(max-width: 300px) 100vw, 300px\" \/>\t\t\t\t\t\t\t\t\t\t\t\t\t<\/div>\n\t\t\t\t\t\t\t<\/div>\n\t\t\t\t\t<div class=\"e-link-in-bio__bio\">\n\t\t\t\t<h2 class=\"e-link-in-bio__heading\">Robin DUPONT\n<\/h2>\t\t\t\t<h2 class=\"e-link-in-bio__title\">Conservador del Patrimonio SNSL\n<\/h2>\t\t\t\t\t\t\t\t\t\t\t<\/div>\n\t\t\t\t\t<div class=\"e-link-in-bio__icons has-size-medium\">\n\t\t\t\t\t\t\t<div class=\"e-link-in-bio__icon is-size-medium\">\n\t\t\t\t\t<a aria-label=\"Telephone\" class=\"e-link-in-bio__icon-link\" href=\"tel:+33%20(0)5%2062%2042%2066%2048\">\n\t\t\t\t\t\t<span class=\"e-link-in-bio__icon-svg\">\n\t\t\t\t\t\t\t<i aria-hidden=\"true\" class=\"fas fa-phone-alt\"><\/i>\t\t\t\t\t\t<\/span>\n\t\t\t\t\t\t\t\t\t\t\t<\/a>\n\t\t\t\t<\/div>\n\t\t\t\t\t\t\t<div class=\"e-link-in-bio__icon is-size-medium\">\n\t\t\t\t\t<a aria-label=\"Email\" class=\"e-link-in-bio__icon-link\" href=\"mailto:robin.dupont@lourdes-france.com\">\n\t\t\t\t\t\t<span class=\"e-link-in-bio__icon-svg\">\n\t\t\t\t\t\t\t<i aria-hidden=\"true\" class=\"fas fa-envelope\"><\/i>\t\t\t\t\t\t<\/span>\n\t\t\t\t\t\t\t\t\t\t\t<\/a>\n\t\t\t\t<\/div>\n\t\t\t\t\t<\/div>\n\t\t\n\t\t<div class=\"e-link-in-bio__ctas has-type-button\">\n\t\t\t\t\t\t\t<a target=\"_blank\" rel=\"noopener \" class=\"e-link-in-bio__cta is-type-button has-corners-rounded\" href=\"\">\n\t\t\t\t\t\t\t\t\t\t<span class=\"e-link-in-bio__cta-text\">\n\t\t\t\t\t\t1 avenue Mgr Th\u00e9as \u2013 65 108 Lourdes  France\t\t\t\t\t<\/span>\n\t\t\t\t<\/a>\n\t\t\t\t\t<\/div>\n\t\t\n\t\t\t<\/div>\n\t\t\t<div class=\"e-link-in-bio__bg\">\n\t\t\t\t<div class=\"e-link-in-bio__bg-overlay\"><\/div>\n\t\t\t<\/div>\n\t\t<\/div>\n\t\t\t\t\t\t<\/div>\n\t\t\t\t<\/div>\n\t\t\t\t\t<\/div>\n\t\t<\/div>\n\t\t\t\t<div class=\"elementor-column elementor-col-50 elementor-inner-column elementor-element elementor-element-af7c4e9\" data-id=\"af7c4e9\" data-element_type=\"column\">\n\t\t\t<div class=\"elementor-widget-wrap elementor-element-populated\">\n\t\t\t\t\t\t<div class=\"elementor-element elementor-element-52142af elementor-widget elementor-widget-link-in-bio\" data-id=\"52142af\" data-element_type=\"widget\" data-widget_type=\"link-in-bio.default\">\n\t\t\t\t<div class=\"elementor-widget-container\">\n\t\t\t\t\t\t\t<div class=\"e-link-in-bio e-link-in-bio\">\n\t\t\t<div class=\"e-link-in-bio__content\">\n\n\t\t\t\t\t\t<div class=\"e-link-in-bio__identity\">\n\t\t\t\t\t\t\t\t\t<div class=\"e-link-in-bio__identity-image e-link-in-bio__identity-image-profile has-border has-style-circle\">\n\t\t\t\t\t\t\t<img decoding=\"async\" width=\"300\" height=\"300\" src=\"https:\/\/www.lourdes-france.org\/wp-content\/uploads\/2025\/08\/image-2-1-300x300.jpg\" class=\"e-link-in-bio__identity-image-element\" alt=\"\" srcset=\"https:\/\/www.lourdes-france.org\/wp-content\/uploads\/2025\/08\/image-2-1-300x300.jpg 300w, https:\/\/www.lourdes-france.org\/wp-content\/uploads\/2025\/08\/image-2-1-150x150.jpg 150w, https:\/\/www.lourdes-france.org\/wp-content\/uploads\/2025\/08\/image-2-1.jpg 320w\" sizes=\"(max-width: 300px) 100vw, 300px\" \/>\t\t\t\t\t\t\t\t\t\t\t\t\t<\/div>\n\t\t\t\t\t\t\t<\/div>\n\t\t\t\t\t<div class=\"e-link-in-bio__bio\">\n\t\t\t\t<h2 class=\"e-link-in-bio__heading\">Nicolas Dargegen\n<\/h2>\t\t\t\t<h2 class=\"e-link-in-bio__title\">Responsable de Archivos y Bibliotecas SNSL\n<\/h2>\t\t\t\t\t\t\t\t\t\t\t<\/div>\n\t\t\t\t\t<div class=\"e-link-in-bio__icons has-size-medium\">\n\t\t\t\t\t\t\t<div class=\"e-link-in-bio__icon is-size-medium\">\n\t\t\t\t\t<a aria-label=\"Telephone\" class=\"e-link-in-bio__icon-link\" href=\"tel:+33%20(0)5%2062%2042%2078%2044\">\n\t\t\t\t\t\t<span class=\"e-link-in-bio__icon-svg\">\n\t\t\t\t\t\t\t<i aria-hidden=\"true\" class=\"fas fa-phone-alt\"><\/i>\t\t\t\t\t\t<\/span>\n\t\t\t\t\t\t\t\t\t\t\t<\/a>\n\t\t\t\t<\/div>\n\t\t\t\t\t\t\t<div class=\"e-link-in-bio__icon is-size-medium\">\n\t\t\t\t\t<a aria-label=\"Email\" class=\"e-link-in-bio__icon-link\" href=\"mailto:nicolas.dargegen@lourdes-france.com\">\n\t\t\t\t\t\t<span class=\"e-link-in-bio__icon-svg\">\n\t\t\t\t\t\t\t<i aria-hidden=\"true\" class=\"fas fa-envelope\"><\/i>\t\t\t\t\t\t<\/span>\n\t\t\t\t\t\t\t\t\t\t\t<\/a>\n\t\t\t\t<\/div>\n\t\t\t\t\t<\/div>\n\t\t\n\t\t<div class=\"e-link-in-bio__ctas has-type-button\">\n\t\t\t\t\t\t\t<a target=\"_blank\" rel=\"noopener \" class=\"e-link-in-bio__cta is-type-button has-corners-rounded\" href=\"\">\n\t\t\t\t\t\t\t\t\t\t<span class=\"e-link-in-bio__cta-text\">\n\t\t\t\t\t\t1 avenue Mgr Th\u00e9as \u2013 65 108 Lourdes  France\t\t\t\t\t<\/span>\n\t\t\t\t<\/a>\n\t\t\t\t\t<\/div>\n\t\t\n\t\t\t<\/div>\n\t\t\t<div class=\"e-link-in-bio__bg\">\n\t\t\t\t<div class=\"e-link-in-bio__bg-overlay\"><\/div>\n\t\t\t<\/div>\n\t\t<\/div>\n\t\t\t\t\t\t<\/div>\n\t\t\t\t<\/div>\n\t\t\t\t\t<\/div>\n\t\t<\/div>\n\t\t\t\t\t<\/div>\n\t\t<\/section>\n\t\t\t\t<div class=\"elementor-element elementor-element-22998cc elementor-view-default elementor-widget elementor-widget-icon\" data-id=\"22998cc\" data-element_type=\"widget\" data-widget_type=\"icon.default\">\n\t\t\t\t<div class=\"elementor-widget-container\">\n\t\t\t\t\t\t\t<div class=\"elementor-icon-wrapper\">\n\t\t\t<div class=\"elementor-icon\">\n\t\t\t<i aria-hidden=\"true\" class=\"fas fa-church\"><\/i>\t\t\t<\/div>\n\t\t<\/div>\n\t\t\t\t\t\t<\/div>\n\t\t\t\t<\/div>\n\t\t\t\t\t<\/div>\n\t\t<\/div>\n\t\t\t\t\t<\/div>\n\t\t<\/section>\n\t\t\t\t<\/div>\n\t\t","protected":false},"excerpt":{"rendered":"<p>Centro de Recursos Hist\u00f3ricos del Santuario de Nuestra Se\u00f1ora de Lourdes _________________ La creaci\u00f3n del Centro de Recursos Hist\u00f3ricos (CRH) del Santuario de Nuestra Se\u00f1ora de Lourdes constituye un paso decisivo para la preservaci\u00f3n y difusi\u00f3n de su valioso patrimonio. &hellip; <a href=\"https:\/\/www.lourdes-france.org\/es\/centro-de-recursos-historicos\/\">Continuar<\/a><\/p>\n","protected":false},"author":7,"featured_media":1068136,"parent":0,"menu_order":0,"comment_status":"closed","ping_status":"closed","template":"","meta":{"_acf_changed":false,"footnotes":""},"class_list":["post-1082704","page","type-page","status-publish","has-post-thumbnail","hentry"],"acf":[],"yoast_head":"<!-- This site is optimized with the Yoast SEO plugin v24.7 - https:\/\/yoast.com\/wordpress\/plugins\/seo\/ -->\n<title>Centro de Recursos Hist\u00f3ricos<\/title>\n<meta name=\"robots\" content=\"index, follow, max-snippet:-1, max-image-preview:large, max-video-preview:-1\" \/>\n<link rel=\"canonical\" href=\"https:\/\/www.lourdes-france.org\/es\/centro-de-recursos-historicos\/\" \/>\n<meta name=\"twitter:label1\" content=\"Tiempo de lectura\" \/>\n\t<meta name=\"twitter:data1\" content=\"4 minutos\" \/>\n<script type=\"application\/ld+json\" class=\"yoast-schema-graph\">{\"@context\":\"https:\/\/schema.org\",\"@graph\":[{\"@type\":\"WebPage\",\"@id\":\"https:\/\/www.lourdes-france.org\/es\/centro-de-recursos-historicos\/\",\"url\":\"https:\/\/www.lourdes-france.org\/es\/centro-de-recursos-historicos\/\",\"name\":\"Centro de Recursos Hist\u00f3ricos\",\"isPartOf\":{\"@id\":\"https:\/\/preprod-lourdes.cawita.com\/#website\"},\"primaryImageOfPage\":{\"@id\":\"https:\/\/www.lourdes-france.org\/es\/centro-de-recursos-historicos\/#primaryimage\"},\"image\":{\"@id\":\"https:\/\/www.lourdes-france.org\/es\/centro-de-recursos-historicos\/#primaryimage\"},\"thumbnailUrl\":\"https:\/\/www.lourdes-france.org\/wp-content\/uploads\/2025\/09\/crh.jpg\",\"datePublished\":\"2025-09-15T09:21:36+00:00\",\"dateModified\":\"2025-11-04T07:58:26+00:00\",\"breadcrumb\":{\"@id\":\"https:\/\/www.lourdes-france.org\/es\/centro-de-recursos-historicos\/#breadcrumb\"},\"inLanguage\":\"es\",\"potentialAction\":[{\"@type\":\"ReadAction\",\"target\":[\"https:\/\/www.lourdes-france.org\/es\/centro-de-recursos-historicos\/\"]}]},{\"@type\":\"ImageObject\",\"inLanguage\":\"es\",\"@id\":\"https:\/\/www.lourdes-france.org\/es\/centro-de-recursos-historicos\/#primaryimage\",\"url\":\"https:\/\/www.lourdes-france.org\/wp-content\/uploads\/2025\/09\/crh.jpg\",\"contentUrl\":\"https:\/\/www.lourdes-france.org\/wp-content\/uploads\/2025\/09\/crh.jpg\",\"width\":744,\"height\":268},{\"@type\":\"BreadcrumbList\",\"@id\":\"https:\/\/www.lourdes-france.org\/es\/centro-de-recursos-historicos\/#breadcrumb\",\"itemListElement\":[{\"@type\":\"ListItem\",\"position\":1,\"name\":\"Accueil\",\"item\":\"https:\/\/www.lourdes-france.org\/\"},{\"@type\":\"ListItem\",\"position\":2,\"name\":\"Centro de Recursos Hist\u00f3ricos\"}]},{\"@type\":\"WebSite\",\"@id\":\"https:\/\/preprod-lourdes.cawita.com\/#website\",\"url\":\"https:\/\/preprod-lourdes.cawita.com\/\",\"name\":\"Soutenir le Sanctuaire Notre-Dame de Lourdes\",\"description\":\"\",\"potentialAction\":[{\"@type\":\"SearchAction\",\"target\":{\"@type\":\"EntryPoint\",\"urlTemplate\":\"https:\/\/preprod-lourdes.cawita.com\/?s={search_term_string}\"},\"query-input\":{\"@type\":\"PropertyValueSpecification\",\"valueRequired\":true,\"valueName\":\"search_term_string\"}}],\"inLanguage\":\"es\"}]}<\/script>\n<!-- \/ Yoast SEO plugin. -->","yoast_head_json":{"title":"Centro de Recursos Hist\u00f3ricos","robots":{"index":"index","follow":"follow","max-snippet":"max-snippet:-1","max-image-preview":"max-image-preview:large","max-video-preview":"max-video-preview:-1"},"canonical":"https:\/\/www.lourdes-france.org\/es\/centro-de-recursos-historicos\/","twitter_misc":{"Tiempo de lectura":"4 minutos"},"schema":{"@context":"https:\/\/schema.org","@graph":[{"@type":"WebPage","@id":"https:\/\/www.lourdes-france.org\/es\/centro-de-recursos-historicos\/","url":"https:\/\/www.lourdes-france.org\/es\/centro-de-recursos-historicos\/","name":"Centro de Recursos Hist\u00f3ricos","isPartOf":{"@id":"https:\/\/preprod-lourdes.cawita.com\/#website"},"primaryImageOfPage":{"@id":"https:\/\/www.lourdes-france.org\/es\/centro-de-recursos-historicos\/#primaryimage"},"image":{"@id":"https:\/\/www.lourdes-france.org\/es\/centro-de-recursos-historicos\/#primaryimage"},"thumbnailUrl":"https:\/\/www.lourdes-france.org\/wp-content\/uploads\/2025\/09\/crh.jpg","datePublished":"2025-09-15T09:21:36+00:00","dateModified":"2025-11-04T07:58:26+00:00","breadcrumb":{"@id":"https:\/\/www.lourdes-france.org\/es\/centro-de-recursos-historicos\/#breadcrumb"},"inLanguage":"es","potentialAction":[{"@type":"ReadAction","target":["https:\/\/www.lourdes-france.org\/es\/centro-de-recursos-historicos\/"]}]},{"@type":"ImageObject","inLanguage":"es","@id":"https:\/\/www.lourdes-france.org\/es\/centro-de-recursos-historicos\/#primaryimage","url":"https:\/\/www.lourdes-france.org\/wp-content\/uploads\/2025\/09\/crh.jpg","contentUrl":"https:\/\/www.lourdes-france.org\/wp-content\/uploads\/2025\/09\/crh.jpg","width":744,"height":268},{"@type":"BreadcrumbList","@id":"https:\/\/www.lourdes-france.org\/es\/centro-de-recursos-historicos\/#breadcrumb","itemListElement":[{"@type":"ListItem","position":1,"name":"Accueil","item":"https:\/\/www.lourdes-france.org\/"},{"@type":"ListItem","position":2,"name":"Centro de Recursos Hist\u00f3ricos"}]},{"@type":"WebSite","@id":"https:\/\/preprod-lourdes.cawita.com\/#website","url":"https:\/\/preprod-lourdes.cawita.com\/","name":"Soutenir le Sanctuaire Notre-Dame de Lourdes","description":"","potentialAction":[{"@type":"SearchAction","target":{"@type":"EntryPoint","urlTemplate":"https:\/\/preprod-lourdes.cawita.com\/?s={search_term_string}"},"query-input":{"@type":"PropertyValueSpecification","valueRequired":true,"valueName":"search_term_string"}}],"inLanguage":"es"}]}},"_links":{"self":[{"href":"https:\/\/www.lourdes-france.org\/es\/wp-json\/wp\/v2\/pages\/1082704","targetHints":{"allow":["GET"]}}],"collection":[{"href":"https:\/\/www.lourdes-france.org\/es\/wp-json\/wp\/v2\/pages"}],"about":[{"href":"https:\/\/www.lourdes-france.org\/es\/wp-json\/wp\/v2\/types\/page"}],"author":[{"embeddable":true,"href":"https:\/\/www.lourdes-france.org\/es\/wp-json\/wp\/v2\/users\/7"}],"replies":[{"embeddable":true,"href":"https:\/\/www.lourdes-france.org\/es\/wp-json\/wp\/v2\/comments?post=1082704"}],"version-history":[{"count":3,"href":"https:\/\/www.lourdes-france.org\/es\/wp-json\/wp\/v2\/pages\/1082704\/revisions"}],"predecessor-version":[{"id":1082929,"href":"https:\/\/www.lourdes-france.org\/es\/wp-json\/wp\/v2\/pages\/1082704\/revisions\/1082929"}],"wp:featuredmedia":[{"embeddable":true,"href":"https:\/\/www.lourdes-france.org\/es\/wp-json\/wp\/v2\/media\/1068136"}],"wp:attachment":[{"href":"https:\/\/www.lourdes-france.org\/es\/wp-json\/wp\/v2\/media?parent=1082704"}],"curies":[{"name":"wp","href":"https:\/\/api.w.org\/{rel}","templated":true}]}}