{"id":10981,"date":"2018-07-18T13:14:43","date_gmt":"2018-07-18T11:14:43","guid":{"rendered":"https:\/\/www.lourdes-france.org\/devenir-hospitalier-lourdes\/"},"modified":"2021-03-02T16:09:36","modified_gmt":"2021-03-02T15:09:36","slug":"ser-hospitalario","status":"publish","type":"page","link":"https:\/\/www.lourdes-france.org\/es\/ser-hospitalario\/","title":{"rendered":"Ser de hospitalario"},"content":{"rendered":"\t\t<div data-elementor-type=\"wp-post\" data-elementor-id=\"10981\" class=\"elementor elementor-10981 elementor-600 elementor-bc-flex-widget\" data-elementor-post-type=\"page\">\n\t\t\t\t\t\t<section class=\"elementor-section elementor-top-section elementor-element elementor-element-7ae8d6e elementor-section-boxed elementor-section-height-default elementor-section-height-default\" data-id=\"7ae8d6e\" data-element_type=\"section\">\n\t\t\t\t\t\t<div class=\"elementor-container elementor-column-gap-no\">\n\t\t\t\t\t<div class=\"elementor-column elementor-col-100 elementor-top-column elementor-element elementor-element-78da7069\" data-id=\"78da7069\" data-element_type=\"column\">\n\t\t\t<div class=\"elementor-widget-wrap elementor-element-populated\">\n\t\t\t\t\t\t<div class=\"elementor-element elementor-element-696cd69e elementor-widget elementor-widget-text-editor\" data-id=\"696cd69e\" data-element_type=\"widget\" data-widget_type=\"text-editor.default\">\n\t\t\t\t<div class=\"elementor-widget-container\">\n\t\t\t\t\t\t\t\t\t<h2>L\u2019 hospitalit\u00e9\u00a0<span style=\"color: #e8a700;\">Notre-Dame de Lourdes<\/span><\/h2>\t\t\t\t\t\t\t\t<\/div>\n\t\t\t\t<\/div>\n\t\t\t\t<div class=\"elementor-element elementor-element-6bfaf52 elementor-widget elementor-widget-text-editor\" data-id=\"6bfaf52\" data-element_type=\"widget\" data-widget_type=\"text-editor.default\">\n\t\t\t\t<div class=\"elementor-widget-container\">\n\t\t\t\t\t\t\t\t\t<p>Cette hospitalit\u00e9 est charg\u00e9e d\u2019accueillir tous les p\u00e8lerins et sp\u00e9cialement les p\u00e8lerins malades et handicap\u00e9s venant \u00e0 Lourdes, notamment \u00e0 la gare et \u00e0 l\u2019a\u00e9roport. Elle contribue au bon fonctionnement des services des Sanctuaires Notre-Dame de Lourdes et au bon d\u00e9roulement des c\u00e9l\u00e9brations. <span style=\"color: #e8a700;\"><a style=\"color: #e8a700;\" href=\"http:\/\/hospitalite-nd-lourdes.com\/\" target=\"_blank\" rel=\"noopener\">Cliquez ici pour en savoir plus.<\/a><\/span><\/p>\t\t\t\t\t\t\t\t<\/div>\n\t\t\t\t<\/div>\n\t\t\t\t<div class=\"elementor-element elementor-element-291feb89 elementor-widget elementor-widget-text-editor\" data-id=\"291feb89\" data-element_type=\"widget\" data-widget_type=\"text-editor.default\">\n\t\t\t\t<div class=\"elementor-widget-container\">\n\t\t\t\t\t\t\t\t\t<h2>LES HOSPITALIT\u00c9S DIOC\u00c9SAINES OU NATIONALES<\/h2>\t\t\t\t\t\t\t\t<\/div>\n\t\t\t\t<\/div>\n\t\t\t\t<div class=\"elementor-element elementor-element-48ee08c4 elementor-widget elementor-widget-text-editor\" data-id=\"48ee08c4\" data-element_type=\"widget\" data-widget_type=\"text-editor.default\">\n\t\t\t\t<div class=\"elementor-widget-container\">\n\t\t\t\t\t\t\t\t\t<p>Une hospitalit\u00e9 peut \u00eatre celle d\u2019un dioc\u00e8se ou celle propre \u00e0 une organisation de p\u00e8lerinage (par exemple, l\u2019Hospitalit\u00e9 Notre-Dame de Salut pour le p\u00e8lerinage des Assomptionnistes). Ces hospitaliers ont pour mission l\u2019accompagnement et le soin des malades qui viennent \u00e0 Lourdes avec leur p\u00e8lerinage.<\/p>\t\t\t\t\t\t\t\t<\/div>\n\t\t\t\t<\/div>\n\t\t\t\t\t<\/div>\n\t\t<\/div>\n\t\t\t\t\t<\/div>\n\t\t<\/section>\n\t\t\t\t<\/div>\n\t\t","protected":false},"excerpt":{"rendered":"<p>L\u2019 hospitalit\u00e9\u00a0Notre-Dame de Lourdes Cette hospitalit\u00e9 est charg\u00e9e d\u2019accueillir tous les p\u00e8lerins et sp\u00e9cialement les p\u00e8lerins malades et handicap\u00e9s venant \u00e0 Lourdes, notamment \u00e0 la gare et \u00e0 l\u2019a\u00e9roport. Elle contribue au bon fonctionnement des services des Sanctuaires Notre-Dame de &hellip; <a href=\"https:\/\/www.lourdes-france.org\/es\/ser-hospitalario\/\">Continuar<\/a><\/p>\n","protected":false},"author":7,"featured_media":0,"parent":0,"menu_order":0,"comment_status":"closed","ping_status":"closed","template":"","meta":{"_acf_changed":false,"footnotes":""},"class_list":["post-10981","page","type-page","status-publish","hentry"],"acf":[],"yoast_head":"<!-- This site is optimized with the Yoast SEO plugin v24.7 - https:\/\/yoast.com\/wordpress\/plugins\/seo\/ -->\n<title>Ser de hospitalario<\/title>\n<meta name=\"robots\" content=\"index, follow, max-snippet:-1, max-image-preview:large, max-video-preview:-1\" \/>\n<link rel=\"canonical\" href=\"https:\/\/www.lourdes-france.org\/es\/ser-hospitalario\/\" \/>\n<meta name=\"twitter:label1\" content=\"Tiempo de lectura\" \/>\n\t<meta name=\"twitter:data1\" content=\"1 minuto\" \/>\n<script type=\"application\/ld+json\" class=\"yoast-schema-graph\">{\"@context\":\"https:\/\/schema.org\",\"@graph\":[{\"@type\":\"WebPage\",\"@id\":\"https:\/\/www.lourdes-france.org\/es\/ser-hospitalario\/\",\"url\":\"https:\/\/www.lourdes-france.org\/es\/ser-hospitalario\/\",\"name\":\"Ser de hospitalario\",\"isPartOf\":{\"@id\":\"https:\/\/preprod-lourdes.cawita.com\/#website\"},\"datePublished\":\"2018-07-18T11:14:43+00:00\",\"dateModified\":\"2021-03-02T15:09:36+00:00\",\"breadcrumb\":{\"@id\":\"https:\/\/www.lourdes-france.org\/es\/ser-hospitalario\/#breadcrumb\"},\"inLanguage\":\"es\",\"potentialAction\":[{\"@type\":\"ReadAction\",\"target\":[\"https:\/\/www.lourdes-france.org\/es\/ser-hospitalario\/\"]}]},{\"@type\":\"BreadcrumbList\",\"@id\":\"https:\/\/www.lourdes-france.org\/es\/ser-hospitalario\/#breadcrumb\",\"itemListElement\":[{\"@type\":\"ListItem\",\"position\":1,\"name\":\"Accueil\",\"item\":\"https:\/\/www.lourdes-france.org\/\"},{\"@type\":\"ListItem\",\"position\":2,\"name\":\"Ser de hospitalario\"}]},{\"@type\":\"WebSite\",\"@id\":\"https:\/\/preprod-lourdes.cawita.com\/#website\",\"url\":\"https:\/\/preprod-lourdes.cawita.com\/\",\"name\":\"Soutenir le Sanctuaire Notre-Dame de Lourdes\",\"description\":\"\",\"potentialAction\":[{\"@type\":\"SearchAction\",\"target\":{\"@type\":\"EntryPoint\",\"urlTemplate\":\"https:\/\/preprod-lourdes.cawita.com\/?s={search_term_string}\"},\"query-input\":{\"@type\":\"PropertyValueSpecification\",\"valueRequired\":true,\"valueName\":\"search_term_string\"}}],\"inLanguage\":\"es\"}]}<\/script>\n<!-- \/ Yoast SEO plugin. -->","yoast_head_json":{"title":"Ser de hospitalario","robots":{"index":"index","follow":"follow","max-snippet":"max-snippet:-1","max-image-preview":"max-image-preview:large","max-video-preview":"max-video-preview:-1"},"canonical":"https:\/\/www.lourdes-france.org\/es\/ser-hospitalario\/","twitter_misc":{"Tiempo de lectura":"1 minuto"},"schema":{"@context":"https:\/\/schema.org","@graph":[{"@type":"WebPage","@id":"https:\/\/www.lourdes-france.org\/es\/ser-hospitalario\/","url":"https:\/\/www.lourdes-france.org\/es\/ser-hospitalario\/","name":"Ser de hospitalario","isPartOf":{"@id":"https:\/\/preprod-lourdes.cawita.com\/#website"},"datePublished":"2018-07-18T11:14:43+00:00","dateModified":"2021-03-02T15:09:36+00:00","breadcrumb":{"@id":"https:\/\/www.lourdes-france.org\/es\/ser-hospitalario\/#breadcrumb"},"inLanguage":"es","potentialAction":[{"@type":"ReadAction","target":["https:\/\/www.lourdes-france.org\/es\/ser-hospitalario\/"]}]},{"@type":"BreadcrumbList","@id":"https:\/\/www.lourdes-france.org\/es\/ser-hospitalario\/#breadcrumb","itemListElement":[{"@type":"ListItem","position":1,"name":"Accueil","item":"https:\/\/www.lourdes-france.org\/"},{"@type":"ListItem","position":2,"name":"Ser de hospitalario"}]},{"@type":"WebSite","@id":"https:\/\/preprod-lourdes.cawita.com\/#website","url":"https:\/\/preprod-lourdes.cawita.com\/","name":"Soutenir le Sanctuaire Notre-Dame de Lourdes","description":"","potentialAction":[{"@type":"SearchAction","target":{"@type":"EntryPoint","urlTemplate":"https:\/\/preprod-lourdes.cawita.com\/?s={search_term_string}"},"query-input":{"@type":"PropertyValueSpecification","valueRequired":true,"valueName":"search_term_string"}}],"inLanguage":"es"}]}},"_links":{"self":[{"href":"https:\/\/www.lourdes-france.org\/es\/wp-json\/wp\/v2\/pages\/10981","targetHints":{"allow":["GET"]}}],"collection":[{"href":"https:\/\/www.lourdes-france.org\/es\/wp-json\/wp\/v2\/pages"}],"about":[{"href":"https:\/\/www.lourdes-france.org\/es\/wp-json\/wp\/v2\/types\/page"}],"author":[{"embeddable":true,"href":"https:\/\/www.lourdes-france.org\/es\/wp-json\/wp\/v2\/users\/7"}],"replies":[{"embeddable":true,"href":"https:\/\/www.lourdes-france.org\/es\/wp-json\/wp\/v2\/comments?post=10981"}],"version-history":[{"count":5,"href":"https:\/\/www.lourdes-france.org\/es\/wp-json\/wp\/v2\/pages\/10981\/revisions"}],"predecessor-version":[{"id":222847,"href":"https:\/\/www.lourdes-france.org\/es\/wp-json\/wp\/v2\/pages\/10981\/revisions\/222847"}],"wp:attachment":[{"href":"https:\/\/www.lourdes-france.org\/es\/wp-json\/wp\/v2\/media?parent=10981"}],"curies":[{"name":"wp","href":"https:\/\/api.w.org\/{rel}","templated":true}]}}