{"id":14629,"date":"2018-08-28T15:12:12","date_gmt":"2018-08-28T13:12:12","guid":{"rendered":"https:\/\/www.lourdes-france.org\/confessions\/"},"modified":"2021-03-02T16:06:19","modified_gmt":"2021-03-02T15:06:19","slug":"confesarse","status":"publish","type":"page","link":"https:\/\/www.lourdes-france.org\/es\/confesarse\/","title":{"rendered":"Confesarse"},"content":{"rendered":"\t\t<div data-elementor-type=\"wp-post\" data-elementor-id=\"14629\" class=\"elementor elementor-14629 elementor-12037 elementor-bc-flex-widget\" data-elementor-post-type=\"page\">\n\t\t\t\t\t\t<section class=\"elementor-section elementor-top-section elementor-element elementor-element-64d01f7 elementor-section-boxed elementor-section-height-default elementor-section-height-default\" data-id=\"64d01f7\" data-element_type=\"section\">\n\t\t\t\t\t\t<div class=\"elementor-container elementor-column-gap-no\">\n\t\t\t\t\t<div class=\"elementor-column elementor-col-100 elementor-top-column elementor-element elementor-element-2ddc6208\" data-id=\"2ddc6208\" data-element_type=\"column\">\n\t\t\t<div class=\"elementor-widget-wrap elementor-element-populated\">\n\t\t\t\t\t\t<div class=\"elementor-element elementor-element-11424db3 elementor-widget elementor-widget-text-editor\" data-id=\"11424db3\" data-element_type=\"widget\" data-widget_type=\"text-editor.default\">\n\t\t\t\t<div class=\"elementor-widget-container\">\n\t\t\t\t\t\t\t\t\t<p class=\"p1\"><b>Duraci\u00f3n\u00a0<\/b>10-15 minutos (unos 15-20 minutos de espera)\/\u00a0<b>Lugar <\/b>Capilla de la Reconciliaci\u00f3n \/\u00a0<b>Cu\u00e1ndo <\/b>Todos los d\u00edas (horarios en el Centro de Informaci\u00f3n)<\/p>\t\t\t\t\t\t\t\t<\/div>\n\t\t\t\t<\/div>\n\t\t\t\t\t<\/div>\n\t\t<\/div>\n\t\t\t\t\t<\/div>\n\t\t<\/section>\n\t\t\t\t<section class=\"elementor-section elementor-top-section elementor-element elementor-element-484aa913 elementor-section-boxed elementor-section-height-default elementor-section-height-default\" data-id=\"484aa913\" data-element_type=\"section\">\n\t\t\t\t\t\t<div class=\"elementor-container elementor-column-gap-no\">\n\t\t\t\t\t<div class=\"elementor-column elementor-col-100 elementor-top-column elementor-element elementor-element-4c81986e\" data-id=\"4c81986e\" data-element_type=\"column\">\n\t\t\t<div class=\"elementor-widget-wrap elementor-element-populated\">\n\t\t\t\t\t\t<div class=\"elementor-element elementor-element-ab1db50 elementor-widget elementor-widget-text-editor\" data-id=\"ab1db50\" data-element_type=\"widget\" data-widget_type=\"text-editor.default\">\n\t\t\t\t<div class=\"elementor-widget-container\">\n\t\t\t\t\t\t\t\t\t<h2><span style=\"color: #e8a700;\">Confesarse\u00a0<\/span> en el Santuario\u00a0<\/h2>\t\t\t\t\t\t\t\t<\/div>\n\t\t\t\t<\/div>\n\t\t\t\t<div class=\"elementor-element elementor-element-74534a93 elementor-widget elementor-widget-text-editor\" data-id=\"74534a93\" data-element_type=\"widget\" data-widget_type=\"text-editor.default\">\n\t\t\t\t<div class=\"elementor-widget-container\">\n\t\t\t\t\t\t\t\t\t<p>La peregrinaci\u00f3n es a menudo la ocasi\u00f3n de encontrar el camino del confesionario y del perd\u00f3n de Dios.<br \/>En Lourdes, la Virgen Mar\u00eda dijo a Bernardita: \u00abpenitencia, penitencia, penitencia\u00bb (8a aparici\u00f3n, el 24<br \/>de febrero de 1858). Sin embargo, hacer penitencia no es una sesi\u00f3n de autoflagelaci\u00f3n. Es un acto libre,<br \/>impregnado de humildad y sencillez, para centrar de nuevo lo esencial en lo importante de nuestras vidas<br \/>y volver a la fuente del bien: Cristo. Es la experiencia vivida durante el sacramento de penitencia &#8211; la<br \/>confesi\u00f3n \u2013 tambi\u00e9n llamado sacramento de la reconciliaci\u00f3n. Los capellanes de Lourdes acogen cada d\u00eda<br \/>en la capilla de la reconciliaci\u00f3n. Testimonio de una persona: \u201cMe confes\u00e9 en Lourdes. Jam\u00e1s olvidar\u00e9 las<br \/>palabras de consuelo del sacerdote. Desde entonces, voy de gracia en gracia.\u201d<\/p><p>Los capellanes de Lourdes les acogen todos los d\u00edas en la capilla de la Reconciliaci\u00f3n.<\/p>\t\t\t\t\t\t\t\t<\/div>\n\t\t\t\t<\/div>\n\t\t\t\t<div class=\"elementor-element elementor-element-580249cf elementor-widget elementor-widget-text-editor\" data-id=\"580249cf\" data-element_type=\"widget\" data-widget_type=\"text-editor.default\">\n\t\t\t\t<div class=\"elementor-widget-container\">\n\t\t\t\t\t\t\t\t\t<h2><span style=\"color: #e8a700;\">Informaciones<\/span><\/h2>\t\t\t\t\t\t\t\t<\/div>\n\t\t\t\t<\/div>\n\t\t\t\t<div class=\"elementor-element elementor-element-3851e58 elementor-widget elementor-widget-text-editor\" data-id=\"3851e58\" data-element_type=\"widget\" data-widget_type=\"text-editor.default\">\n\t\t\t\t<div class=\"elementor-widget-container\">\n\t\t\t\t\t\t\t\t\t<h3 class=\"field-label field-duree\">Duraci\u00f3n<\/h3><p class=\"field-duree\">10-15 minutos (unos 15-20 minutos de espera)<\/p>\t\t\t\t\t\t\t\t<\/div>\n\t\t\t\t<\/div>\n\t\t\t\t<div class=\"elementor-element elementor-element-5739c1c elementor-widget elementor-widget-text-editor\" data-id=\"5739c1c\" data-element_type=\"widget\" data-widget_type=\"text-editor.default\">\n\t\t\t\t<div class=\"elementor-widget-container\">\n\t\t\t\t\t\t\t\t\t<h3 class=\"field-label field-lieu\">Lugar<\/h3><p class=\"field-lieu\">Capilla de la Reconciliaci\u00f3n<\/p>\t\t\t\t\t\t\t\t<\/div>\n\t\t\t\t<\/div>\n\t\t\t\t<div class=\"elementor-element elementor-element-d60308d elementor-widget elementor-widget-text-editor\" data-id=\"d60308d\" data-element_type=\"widget\" data-widget_type=\"text-editor.default\">\n\t\t\t\t<div class=\"elementor-widget-container\">\n\t\t\t\t\t\t\t\t\t<h3 class=\"field-label field-quand\">Cu\u00e1ndo<\/h3><p class=\"field-quand\">Todos los d\u00edas (horarios en el Centro de Informaci\u00f3n)<\/p>\t\t\t\t\t\t\t\t<\/div>\n\t\t\t\t<\/div>\n\t\t\t\t<div class=\"elementor-element elementor-element-f4bfd3a elementor-widget elementor-widget-text-editor\" data-id=\"f4bfd3a\" data-element_type=\"widget\" data-widget_type=\"text-editor.default\">\n\t\t\t\t<div class=\"elementor-widget-container\">\n\t\t\t\t\t\t\t\t\t<h3 class=\"orange\">Mas informaciones ?<\/h3><p><strong>Centro de informaci\u00f3n<\/strong><br \/><span class=\"tel\">+33 (0)5 62 42 20 08<\/span><\/p>\t\t\t\t\t\t\t\t<\/div>\n\t\t\t\t<\/div>\n\t\t\t\t\t<\/div>\n\t\t<\/div>\n\t\t\t\t\t<\/div>\n\t\t<\/section>\n\t\t\t\t<\/div>\n\t\t","protected":false},"excerpt":{"rendered":"<p>Duraci\u00f3n\u00a010-15 minutos (unos 15-20 minutos de espera)\/\u00a0Lugar Capilla de la Reconciliaci\u00f3n \/\u00a0Cu\u00e1ndo Todos los d\u00edas (horarios en el Centro de Informaci\u00f3n) Confesarse\u00a0 en el Santuario La peregrinaci\u00f3n es a menudo la ocasi\u00f3n de encontrar el camino del confesionario y del &hellip; <a href=\"https:\/\/www.lourdes-france.org\/es\/confesarse\/\">Continuar<\/a><\/p>\n","protected":false},"author":7,"featured_media":0,"parent":0,"menu_order":0,"comment_status":"closed","ping_status":"closed","template":"","meta":{"_acf_changed":false,"footnotes":""},"class_list":["post-14629","page","type-page","status-publish","hentry"],"acf":[],"yoast_head":"<!-- This site is optimized with the Yoast SEO plugin v24.7 - https:\/\/yoast.com\/wordpress\/plugins\/seo\/ -->\n<title>Confesarse<\/title>\n<meta name=\"robots\" content=\"index, follow, max-snippet:-1, max-image-preview:large, max-video-preview:-1\" \/>\n<link rel=\"canonical\" href=\"https:\/\/preprod-lourdes.cawita.com\/es\/confesarse\/\" \/>\n<meta name=\"twitter:label1\" content=\"Tiempo de lectura\" \/>\n\t<meta name=\"twitter:data1\" content=\"1 minuto\" \/>\n<script type=\"application\/ld+json\" class=\"yoast-schema-graph\">{\"@context\":\"https:\/\/schema.org\",\"@graph\":[{\"@type\":\"WebPage\",\"@id\":\"https:\/\/preprod-lourdes.cawita.com\/es\/confesarse\/\",\"url\":\"https:\/\/preprod-lourdes.cawita.com\/es\/confesarse\/\",\"name\":\"Confesarse\",\"isPartOf\":{\"@id\":\"https:\/\/preprod-lourdes.cawita.com\/#website\"},\"datePublished\":\"2018-08-28T13:12:12+00:00\",\"dateModified\":\"2021-03-02T15:06:19+00:00\",\"breadcrumb\":{\"@id\":\"https:\/\/preprod-lourdes.cawita.com\/es\/confesarse\/#breadcrumb\"},\"inLanguage\":\"es\",\"potentialAction\":[{\"@type\":\"ReadAction\",\"target\":[\"https:\/\/preprod-lourdes.cawita.com\/es\/confesarse\/\"]}]},{\"@type\":\"BreadcrumbList\",\"@id\":\"https:\/\/preprod-lourdes.cawita.com\/es\/confesarse\/#breadcrumb\",\"itemListElement\":[{\"@type\":\"ListItem\",\"position\":1,\"name\":\"Accueil\",\"item\":\"https:\/\/www.lourdes-france.org\/\"},{\"@type\":\"ListItem\",\"position\":2,\"name\":\"Confesarse\"}]},{\"@type\":\"WebSite\",\"@id\":\"https:\/\/preprod-lourdes.cawita.com\/#website\",\"url\":\"https:\/\/preprod-lourdes.cawita.com\/\",\"name\":\"Soutenir le Sanctuaire Notre-Dame de Lourdes\",\"description\":\"\",\"potentialAction\":[{\"@type\":\"SearchAction\",\"target\":{\"@type\":\"EntryPoint\",\"urlTemplate\":\"https:\/\/preprod-lourdes.cawita.com\/?s={search_term_string}\"},\"query-input\":{\"@type\":\"PropertyValueSpecification\",\"valueRequired\":true,\"valueName\":\"search_term_string\"}}],\"inLanguage\":\"es\"}]}<\/script>\n<!-- \/ Yoast SEO plugin. -->","yoast_head_json":{"title":"Confesarse","robots":{"index":"index","follow":"follow","max-snippet":"max-snippet:-1","max-image-preview":"max-image-preview:large","max-video-preview":"max-video-preview:-1"},"canonical":"https:\/\/preprod-lourdes.cawita.com\/es\/confesarse\/","twitter_misc":{"Tiempo de lectura":"1 minuto"},"schema":{"@context":"https:\/\/schema.org","@graph":[{"@type":"WebPage","@id":"https:\/\/preprod-lourdes.cawita.com\/es\/confesarse\/","url":"https:\/\/preprod-lourdes.cawita.com\/es\/confesarse\/","name":"Confesarse","isPartOf":{"@id":"https:\/\/preprod-lourdes.cawita.com\/#website"},"datePublished":"2018-08-28T13:12:12+00:00","dateModified":"2021-03-02T15:06:19+00:00","breadcrumb":{"@id":"https:\/\/preprod-lourdes.cawita.com\/es\/confesarse\/#breadcrumb"},"inLanguage":"es","potentialAction":[{"@type":"ReadAction","target":["https:\/\/preprod-lourdes.cawita.com\/es\/confesarse\/"]}]},{"@type":"BreadcrumbList","@id":"https:\/\/preprod-lourdes.cawita.com\/es\/confesarse\/#breadcrumb","itemListElement":[{"@type":"ListItem","position":1,"name":"Accueil","item":"https:\/\/www.lourdes-france.org\/"},{"@type":"ListItem","position":2,"name":"Confesarse"}]},{"@type":"WebSite","@id":"https:\/\/preprod-lourdes.cawita.com\/#website","url":"https:\/\/preprod-lourdes.cawita.com\/","name":"Soutenir le Sanctuaire Notre-Dame de Lourdes","description":"","potentialAction":[{"@type":"SearchAction","target":{"@type":"EntryPoint","urlTemplate":"https:\/\/preprod-lourdes.cawita.com\/?s={search_term_string}"},"query-input":{"@type":"PropertyValueSpecification","valueRequired":true,"valueName":"search_term_string"}}],"inLanguage":"es"}]}},"_links":{"self":[{"href":"https:\/\/www.lourdes-france.org\/es\/wp-json\/wp\/v2\/pages\/14629","targetHints":{"allow":["GET"]}}],"collection":[{"href":"https:\/\/www.lourdes-france.org\/es\/wp-json\/wp\/v2\/pages"}],"about":[{"href":"https:\/\/www.lourdes-france.org\/es\/wp-json\/wp\/v2\/types\/page"}],"author":[{"embeddable":true,"href":"https:\/\/www.lourdes-france.org\/es\/wp-json\/wp\/v2\/users\/7"}],"replies":[{"embeddable":true,"href":"https:\/\/www.lourdes-france.org\/es\/wp-json\/wp\/v2\/comments?post=14629"}],"version-history":[{"count":8,"href":"https:\/\/www.lourdes-france.org\/es\/wp-json\/wp\/v2\/pages\/14629\/revisions"}],"predecessor-version":[{"id":21155,"href":"https:\/\/www.lourdes-france.org\/es\/wp-json\/wp\/v2\/pages\/14629\/revisions\/21155"}],"wp:attachment":[{"href":"https:\/\/www.lourdes-france.org\/es\/wp-json\/wp\/v2\/media?parent=14629"}],"curies":[{"name":"wp","href":"https:\/\/api.w.org\/{rel}","templated":true}]}}