{"id":15097,"date":"2018-09-17T15:15:25","date_gmt":"2018-09-17T13:15:25","guid":{"rendered":"https:\/\/www.lourdes-france.org\/donnees-personnelles\/"},"modified":"2022-09-14T13:40:15","modified_gmt":"2022-09-14T11:40:15","slug":"datos-personales","status":"publish","type":"page","link":"https:\/\/www.lourdes-france.org\/es\/datos-personales\/","title":{"rendered":"Mis datos personales con transparencia total"},"content":{"rendered":"\t\t<div data-elementor-type=\"wp-post\" data-elementor-id=\"15097\" class=\"elementor elementor-15097 elementor-14887\" data-elementor-post-type=\"page\">\n\t\t\t\t\t\t<section class=\"elementor-section elementor-top-section elementor-element elementor-element-e2a2481 elementor-section-full_width elementor-section-height-min-height elementor-section-stretched elementor-section-height-default elementor-section-items-middle\" data-id=\"e2a2481\" data-element_type=\"section\" data-settings=\"{&quot;stretch_section&quot;:&quot;section-stretched&quot;,&quot;background_background&quot;:&quot;classic&quot;}\">\n\t\t\t\t\t\t<div class=\"elementor-container elementor-column-gap-default\">\n\t\t\t\t\t<div class=\"elementor-column elementor-col-100 elementor-top-column elementor-element elementor-element-82f9fce\" data-id=\"82f9fce\" data-element_type=\"column\">\n\t\t\t<div class=\"elementor-widget-wrap\">\n\t\t\t\t\t\t\t<\/div>\n\t\t<\/div>\n\t\t\t\t\t<\/div>\n\t\t<\/section>\n\t\t\t\t<section class=\"elementor-section elementor-top-section elementor-element elementor-element-9608fd9 elementor-section-boxed elementor-section-height-default elementor-section-height-default\" data-id=\"9608fd9\" data-element_type=\"section\">\n\t\t\t\t\t\t<div class=\"elementor-container elementor-column-gap-default\">\n\t\t\t\t\t<div class=\"elementor-column elementor-col-100 elementor-top-column elementor-element elementor-element-f93f26a\" data-id=\"f93f26a\" data-element_type=\"column\">\n\t\t\t<div class=\"elementor-widget-wrap elementor-element-populated\">\n\t\t\t\t\t\t<div class=\"elementor-element elementor-element-7539363 elementor-widget elementor-widget-heading\" data-id=\"7539363\" data-element_type=\"widget\" data-widget_type=\"heading.default\">\n\t\t\t\t<div class=\"elementor-widget-container\">\n\t\t\t\t\t<h1 class=\"elementor-heading-title elementor-size-default\">Mis datos personales con transparencia total<\/h1>\t\t\t\t<\/div>\n\t\t\t\t<\/div>\n\t\t\t\t\t<\/div>\n\t\t<\/div>\n\t\t\t\t\t<\/div>\n\t\t<\/section>\n\t\t\t\t<section class=\"elementor-section elementor-top-section elementor-element elementor-element-d8cc0f9 elementor-section-boxed elementor-section-height-default elementor-section-height-default\" data-id=\"d8cc0f9\" data-element_type=\"section\">\n\t\t\t\t\t\t<div class=\"elementor-container elementor-column-gap-default\">\n\t\t\t\t\t<div class=\"elementor-column elementor-col-100 elementor-top-column elementor-element elementor-element-21f06a0\" data-id=\"21f06a0\" data-element_type=\"column\">\n\t\t\t<div class=\"elementor-widget-wrap elementor-element-populated\">\n\t\t\t\t\t\t<div class=\"elementor-element elementor-element-7fc332c elementor-widget elementor-widget-text-editor\" data-id=\"7fc332c\" data-element_type=\"widget\" data-widget_type=\"text-editor.default\">\n\t\t\t\t<div class=\"elementor-widget-container\">\n\t\t\t\t\t\t\t\t\t<h2>Pol\u00edtica de proteccci\u00f3n de datos con car\u00e1cter personal (RGPD)<\/h2><p>El Santuario de Nuestra Se\u00f1ora de Lourdes da gran importancia a la protecci\u00f3n y confidencialidad de su base de datos personales, de acuerdo con la reglamentaci\u00f3n actual.<br \/>En ese marco, la presente Pol\u00edtica de confidencialidad les permitir\u00e1 comprender qu\u00e9 datos de car\u00e1cter personal recuperamos y lo que hacemos con ellos, as\u00ed como la manera que tienen para proteger la vida privada dentro de los servicios que proponemos.<\/p><p><strong>1. \u00bfQu\u00e9 tipo de datos recoge el Santuario de Nuestra Se\u00f1ora de Lourdes?<\/strong><\/p><p>Cuando se realiza un donativo al Santuario de Nuestra Se\u00f1ora de Lourdes, \u00e9ste recoge las categor\u00edas de los siguientes datos:<\/p><ul><li><p>Datos de identificaci\u00f3n: correo electr\u00f3nico obligatorio, y si lo precisan, nombre, apellidos, direcci\u00f3n postal.<\/p><\/li><li><p>Datos de facturaci\u00f3n y\/o de pago: fecha y hora del pago, cantidad.<\/p><\/li><li><p>La informaci\u00f3n bancaria no se registra.<\/p><\/li><li><p>Datos de uso: objeto de la donaci\u00f3n (donativo solo, con acompa\u00f1amiento de una intenci\u00f3n, vela, ofrenda de una misa\u2026).<\/p><\/li><li><p>Datos de seguimiento: para las donaciones que no son an\u00f3nimas, registro de los datos de identificaci\u00f3n e hist\u00f3rico de las donaciones.<\/p><\/li><\/ul><p><strong>2. \u00bfDe qu\u00e9 manera utiliza sus datos el Santuario de Nuestra Se\u00f1ora de Lourdes?<\/strong><\/p><p>El Santuario de Nuestra Se\u00f1ora de Lourdes utiliza sus datos para las necesidades de la ejecuci\u00f3n y gesti\u00f3n de sus donaciones.<br \/>Esto comprende la gesti\u00f3n de su petici\u00f3n (encargar una misa, pedir una vela, intenci\u00f3n de oraci\u00f3n\u2026), la gesti\u00f3n del pago en s\u00ed y la gesti\u00f3n de sus preguntas.<\/p><p>Salvo aviso de su parte, usted podr\u00e1 recibir, por correo postal o electr\u00f3nico, ofertas del Santuario de Nuestra Se\u00f1ora de Lourdes o de sus colaboradores, para servicios an\u00e1logos a los propuestos por el Santuario.<\/p><p>Sus datos tambi\u00e9n podr\u00e1n ser utilizados para garantizar la seguridad de la red y evitar posibles fraudes.<br \/>El Santuario de Nuestra Se\u00f1ora de Lourdes tambi\u00e9n podr\u00e1 utilizar sus datos para respetar sus obligaciones legales (incluyendo las leyes antifraude, sobre el blanqueo de dinero o para responder a las demandas de las autoridades p\u00fablicas y gubernamentales).<\/p><p>Estos datos se conservan durante el tiempo necesario para la gesti\u00f3n de su solicitud y durante 5 a\u00f1os por ley. Si lo solicita durante ese tiempo, sus datos ser\u00e1n suprimidos o mantenidos en el anonimato si lo exigen las necesidades de an\u00e1lisis estad\u00edsticas. En este \u00faltimo caso, el Santuario de Nuestra Se\u00f1ora de Lourdes puede evaluar la evoluci\u00f3n de la respuesta a esas ofertas de servicio en el tiempo.<\/p><p><strong>3. \u00bfC\u00f3mo se gestiona la colecta y uso de sus datos?<\/strong><\/p><p>Usted puede en todo momento acceder a sus datos, rectificarlos, pedir su supresi\u00f3n, oponerse a un trato por motivos leg\u00edtimos debido a una situaci\u00f3n particular o incluso ejercer su derecho a la portabilidad de sus datos, gracias al formulario que encontrar\u00e1 en internet (<a href=\"http:\/\/dpo.lourdes-france.org\/?p=W\" target=\"_blank\" rel=\"noopener\">http:\/\/dpo.lourdes-france.org?p=W<\/a>), o enviando un correo justificando su identidad a: Sanctuaire Notre-Dame de Lourdes \u2013 Informatique et Libert\u00e9s \u2013 1 avenue Mgr Th\u00e9as \u2013 65108 LOURDES Cedex.<br \/>Puede en todo momento entrar en contacto con nuestro Delegado de Protecci\u00f3n de Datos personales en el correo:\u00a0<a href=\"mailto:dpo@lourdes-france.com\" target=\"_blank\" rel=\"noopener\">dpo@lourdes-france.com<\/a><\/p><p>Los datos que el Santuario de Nuestra se\u00f1ora de Lourdes necesita para la finalidad para la que han sido recogidos (emisi\u00f3n de un recibo fiscal, por ejemplo), necesarios al respeto de una obligaci\u00f3n legal, podr\u00edan no ser suprimidos inmediatamente.<\/p><p>Si se dirigen al Delegado de Protecci\u00f3n de Datos personales, tambi\u00e9n pueden definir las consignas relativas a lo que desean con sus datos personales despu\u00e9s de su defunci\u00f3n.<\/p><p>En caso de reclamaci\u00f3n a la que el Santuario de Nuestra Se\u00f1ora de Lourdes no le habr\u00eda dado respuesta satisfactoria, puede dirigirse a la Comisi\u00f3n Nacional de Inform\u00e1tica y Libertades (CNIL) encargada del respeto de las obligaciones en materia de datos personales.<\/p><p><strong>4. \u00bfDe qu\u00e9 manera garantiza el Santuario de Nuestra Se\u00f1ora de Lourdes la seguridad de sus datos?<\/strong><\/p><p>El Santuario de Nuestra Se\u00f1ora de Lourdes pone en marcha las acciones necesarias para proteger los datos personales que trata. Sus datos son tratados de manera electr\u00f3nica y\/o manual y, en cualquier caso, con el fin de preservar su seguridad, protecci\u00f3n y confidencialidad en vistas a su nivel de sensibilidad, gracias a medidas administrativas, t\u00e9cnicas y f\u00edsicas para prevenir su p\u00e9rdida, robo, utilizaci\u00f3n, divulgaci\u00f3n o incluso modificaci\u00f3n no autorizadas.<br \/>Los procedimientos de tratamiento de los datos personales son supervisados por el Delegado de Protecci\u00f3n de los Datos personales para garantizar que se respeten las reglas.<\/p><p><strong>5. \u00bfQui\u00e9n puede tener acceso a sus datos personales?<\/strong><\/p><p>Sus datos personales son tratados \u00fanica y exclusivamente por el Santuario de Nuestra Se\u00f1ora de Lourdes.<\/p><p>Tambi\u00e9n pueden ser transferidos a colaboradores y seg\u00fan la \u00e9tica y moral del Santuario, con el fin de intercambiar direcciones: nombre, apellidos, direcci\u00f3n postal.<\/p><p>A petici\u00f3n, tambi\u00e9n pueden ser transferidos a las personas y autoridades cuyo derecho de acceso a los datos de car\u00e1cter personal es reconocido por la ley, reglamentos o disposiciones que emanan de autoridades habilitadas legalmente.<\/p><p><strong>6. Evoluci\u00f3n de la pol\u00edtica de confidencialidad<\/strong><\/p><p>La presente Pol\u00edtica de confidencialidad puede ser que evolucione, particularmente debido a los cambios legislativos y reglamentarios.<\/p><p>No obstante, llamamos su atenci\u00f3n al hecho de que ciertas informaciones recogidas son necesarias para el tratamiento y la satisfacci\u00f3n de sus demandas u \u00f3rdenes.<\/p><p>Durante la colecta de informaciones, ser\u00e1 informado sobre el car\u00e1cter obligatorio o facultativo de las respuestas que tiene que dar, conforme al art\u00edculo 32 de la ley n\u00b087-17 del 6 de enero de 1978.<\/p><h2>Datos personales\u200b<\/h2><p>Ejerza sus derechos en cuanto a la utilizaci\u00f3n de los datos que le conciernen, con toda sencillez y transparencia, conforme a las disposiciones del\u00a0<a href=\"https:\/\/www.cnil.fr\/fr\/plus-de-droits-pour-vos-donnees\" target=\"_blank\" rel=\"noopener\">RGPD<\/a>. Este formulario le permite enviar una petici\u00f3n al responsable de los datos personales (DPO) del Santuario de Nuestra Se\u00f1ora de Lourdes.<\/p>\n<div class=\"wpcf7 no-js\" id=\"wpcf7-f15085-o1\" lang=\"fr-FR\" dir=\"ltr\" data-wpcf7-id=\"15085\">\n<div class=\"screen-reader-response\"><p role=\"status\" aria-live=\"polite\" aria-atomic=\"true\"><\/p> <ul><\/ul><\/div>\n<form action=\"\/es\/wp-json\/wp\/v2\/pages\/15097#wpcf7-f15085-o1\" method=\"post\" class=\"wpcf7-form init\" aria-label=\"Formulaire de contact\" novalidate=\"novalidate\" data-status=\"init\">\n<div style=\"display: none;\">\n<input type=\"hidden\" name=\"_wpcf7\" value=\"15085\" \/>\n<input type=\"hidden\" name=\"_wpcf7_version\" value=\"6.0.5\" \/>\n<input type=\"hidden\" name=\"_wpcf7_locale\" value=\"fr_FR\" \/>\n<input type=\"hidden\" name=\"_wpcf7_unit_tag\" value=\"wpcf7-f15085-o1\" \/>\n<input type=\"hidden\" name=\"_wpcf7_container_post\" value=\"0\" \/>\n<input type=\"hidden\" name=\"_wpcf7_posted_data_hash\" value=\"\" \/>\n<input type=\"hidden\" name=\"_wpcf7cf_hidden_group_fields\" value=\"[]\" \/>\n<input type=\"hidden\" name=\"_wpcf7cf_hidden_groups\" value=\"[]\" \/>\n<input type=\"hidden\" name=\"_wpcf7cf_visible_groups\" value=\"[]\" \/>\n<input type=\"hidden\" name=\"_wpcf7cf_repeaters\" value=\"[]\" \/>\n<input type=\"hidden\" name=\"_wpcf7cf_steps\" value=\"{}\" \/>\n<input type=\"hidden\" name=\"_wpcf7cf_options\" value=\"{&quot;form_id&quot;:15085,&quot;conditions&quot;:[{&quot;then_field&quot;:&quot;group-RGPD&quot;,&quot;and_rules&quot;:[{&quot;if_field&quot;:&quot;choix&quot;,&quot;operator&quot;:&quot;equals&quot;,&quot;if_value&quot;:&quot;Otra cosa&quot;}]}],&quot;settings&quot;:{&quot;animation&quot;:&quot;yes&quot;,&quot;animation_intime&quot;:200,&quot;animation_outtime&quot;:200,&quot;conditions_ui&quot;:&quot;normal&quot;,&quot;notice_dismissed&quot;:false,&quot;notice_dismissed_rollback-cf7-5.3.2&quot;:true,&quot;notice_dismissed_rollback-cf7-5.4.1&quot;:true,&quot;notice_dismissed_update-cf7-5.8&quot;:true,&quot;notice_dismissed_update-cf7-6.0.1&quot;:true}}\" \/>\n<input type=\"hidden\" name=\"_wpcf7_recaptcha_response\" value=\"\" \/>\n<\/div>\n<div class=\"form\">\n<div class=\"wpcf7-response-output\" aria-hidden=\"true\"><\/div>\n\t<p><span class=\"wpcf7-form-control-wrap\" data-name=\"choix\"><span class=\"wpcf7-form-control wpcf7-radio choix\"><span class=\"wpcf7-list-item first\"><input type=\"radio\" name=\"choix\" value=\"\u00bfQu\u00e9 datos personales m\u00edos poseen?\" \/><span class=\"wpcf7-list-item-label\">\u00bfQu\u00e9 datos personales m\u00edos poseen?<\/span><\/span><span class=\"wpcf7-list-item\"><input type=\"radio\" name=\"choix\" value=\"Pido la supresi\u00f3n de todos mis datos personales.\" \/><span class=\"wpcf7-list-item-label\">Pido la supresi\u00f3n de todos mis datos personales.<\/span><\/span><span class=\"wpcf7-list-item last\"><input type=\"radio\" name=\"choix\" value=\"Otra cosa\" \/><span class=\"wpcf7-list-item-label\">Otra cosa<\/span><\/span><\/span><\/span>\n\t<\/p>\n\t<div data-id=\"group-RGPD\" data-orig_data_id=\"group-RGPD\"  data-class=\"wpcf7cf_group\">\n\t\t<p><span class=\"wpcf7-form-control-wrap\" data-name=\"message\"><textarea cols=\"40\" rows=\"10\" maxlength=\"2000\" class=\"wpcf7-form-control wpcf7-textarea wpcf7-validates-as-required message\" aria-required=\"true\" aria-invalid=\"false\" name=\"message\"><\/textarea><\/span>\n\t\t<\/p>\n\t<\/div>\n\t<p><span class=\"label\">Mi correo electr\u00f3nico*<\/span><br \/>\n<span class=\"wpcf7-form-control-wrap\" data-name=\"email\"><input size=\"40\" maxlength=\"400\" class=\"wpcf7-form-control wpcf7-email wpcf7-validates-as-required wpcf7-text wpcf7-validates-as-email email\" aria-required=\"true\" aria-invalid=\"false\" value=\"\" type=\"email\" name=\"email\" \/><\/span>\n\t<\/p>\n\t<p><span class=\"label\">Apellido*<\/span><br \/>\n<span class=\"wpcf7-form-control-wrap\" data-name=\"nom\"><input size=\"40\" maxlength=\"400\" class=\"wpcf7-form-control wpcf7-text wpcf7-validates-as-required nom\" aria-required=\"true\" aria-invalid=\"false\" value=\"\" type=\"text\" name=\"nom\" \/><\/span>\n\t<\/p>\n\t<p><span class=\"label\">Nombre*<\/span><br \/>\n<span class=\"wpcf7-form-control-wrap\" data-name=\"prenom\"><input size=\"40\" maxlength=\"400\" class=\"wpcf7-form-control wpcf7-text wpcf7-validates-as-required prenom\" aria-required=\"true\" aria-invalid=\"false\" value=\"\" type=\"text\" name=\"prenom\" \/><\/span>\n\t<\/p>\n\t<div class=\"captcha\">\n\t<span class=\"wpcf7-form-control-wrap recaptcha\" data-name=\"recaptcha\"><span data-sitekey=\"6LdivVgUAAAAABAEyWj2MpOu86GRZzaYlhP1O5KV\" class=\"wpcf7-form-control wpcf7-recaptcha g-recaptcha recaptcha\"><\/span>\r\n<noscript>\r\n\t<div class=\"grecaptcha-noscript\">\r\n\t\t<iframe src=\"https:\/\/www.google.com\/recaptcha\/api\/fallback?k=6LdivVgUAAAAABAEyWj2MpOu86GRZzaYlhP1O5KV\" frameborder=\"0\" scrolling=\"no\" width=\"310\" height=\"430\">\r\n\t\t<\/iframe>\r\n\t\t<textarea name=\"g-recaptcha-response\" rows=\"3\" cols=\"40\" placeholder=\"reCaptcha Response Here\">\r\n\t\t<\/textarea>\r\n\t<\/div>\r\n<\/noscript>\r\n<\/span>\n\t<\/div>\n\t<p><input class=\"wpcf7-form-control wpcf7-submit has-spinner\" type=\"submit\" value=\"Enviar\" \/>\n\t<\/p>\n<\/div>\n<\/form>\n<\/div>\n\t\t\t\t\t\t\t\t<\/div>\n\t\t\t\t<\/div>\n\t\t\t\t\t<\/div>\n\t\t<\/div>\n\t\t\t\t\t<\/div>\n\t\t<\/section>\n\t\t\t\t<\/div>\n\t\t","protected":false},"excerpt":{"rendered":"<p>Mis datos personales con transparencia total Pol\u00edtica de proteccci\u00f3n de datos con car\u00e1cter personal (RGPD) El Santuario de Nuestra Se\u00f1ora de Lourdes da gran importancia a la protecci\u00f3n y confidencialidad de su base de datos personales, de acuerdo con la &hellip; <a href=\"https:\/\/www.lourdes-france.org\/es\/datos-personales\/\">Continued<\/a><\/p>\n","protected":false},"author":7,"featured_media":0,"parent":0,"menu_order":0,"comment_status":"closed","ping_status":"closed","template":"","meta":{"_acf_changed":false,"footnotes":""},"class_list":["post-15097","page","type-page","status-publish","hentry"],"acf":[],"yoast_head":"<!-- This site is optimized with the Yoast SEO plugin v24.7 - https:\/\/yoast.com\/wordpress\/plugins\/seo\/ -->\n<title>Mis datos personales con transparencia total<\/title>\n<meta name=\"robots\" content=\"index, follow, max-snippet:-1, max-image-preview:large, max-video-preview:-1\" \/>\n<link rel=\"canonical\" href=\"https:\/\/preprod-lourdes.cawita.com\/es\/datos-personales\/\" \/>\n<meta name=\"twitter:label1\" content=\"Tiempo de lectura\" \/>\n\t<meta name=\"twitter:data1\" content=\"5 minutos\" \/>\n<script type=\"application\/ld+json\" class=\"yoast-schema-graph\">{\"@context\":\"https:\/\/schema.org\",\"@graph\":[{\"@type\":\"WebPage\",\"@id\":\"https:\/\/preprod-lourdes.cawita.com\/es\/datos-personales\/\",\"url\":\"https:\/\/preprod-lourdes.cawita.com\/es\/datos-personales\/\",\"name\":\"Mis datos personales con transparencia total\",\"isPartOf\":{\"@id\":\"https:\/\/preprod-lourdes.cawita.com\/#website\"},\"datePublished\":\"2018-09-17T13:15:25+00:00\",\"dateModified\":\"2022-09-14T11:40:15+00:00\",\"breadcrumb\":{\"@id\":\"https:\/\/preprod-lourdes.cawita.com\/es\/datos-personales\/#breadcrumb\"},\"inLanguage\":\"es\",\"potentialAction\":[{\"@type\":\"ReadAction\",\"target\":[\"https:\/\/preprod-lourdes.cawita.com\/es\/datos-personales\/\"]}]},{\"@type\":\"BreadcrumbList\",\"@id\":\"https:\/\/preprod-lourdes.cawita.com\/es\/datos-personales\/#breadcrumb\",\"itemListElement\":[{\"@type\":\"ListItem\",\"position\":1,\"name\":\"Accueil\",\"item\":\"https:\/\/www.lourdes-france.org\/\"},{\"@type\":\"ListItem\",\"position\":2,\"name\":\"Mis datos personales con transparencia total\"}]},{\"@type\":\"WebSite\",\"@id\":\"https:\/\/preprod-lourdes.cawita.com\/#website\",\"url\":\"https:\/\/preprod-lourdes.cawita.com\/\",\"name\":\"Soutenir le Sanctuaire Notre-Dame de Lourdes\",\"description\":\"\",\"potentialAction\":[{\"@type\":\"SearchAction\",\"target\":{\"@type\":\"EntryPoint\",\"urlTemplate\":\"https:\/\/preprod-lourdes.cawita.com\/?s={search_term_string}\"},\"query-input\":{\"@type\":\"PropertyValueSpecification\",\"valueRequired\":true,\"valueName\":\"search_term_string\"}}],\"inLanguage\":\"es\"}]}<\/script>\n<!-- \/ Yoast SEO plugin. -->","yoast_head_json":{"title":"Mis datos personales con transparencia total","robots":{"index":"index","follow":"follow","max-snippet":"max-snippet:-1","max-image-preview":"max-image-preview:large","max-video-preview":"max-video-preview:-1"},"canonical":"https:\/\/preprod-lourdes.cawita.com\/es\/datos-personales\/","twitter_misc":{"Tiempo de lectura":"5 minutos"},"schema":{"@context":"https:\/\/schema.org","@graph":[{"@type":"WebPage","@id":"https:\/\/preprod-lourdes.cawita.com\/es\/datos-personales\/","url":"https:\/\/preprod-lourdes.cawita.com\/es\/datos-personales\/","name":"Mis datos personales con transparencia total","isPartOf":{"@id":"https:\/\/preprod-lourdes.cawita.com\/#website"},"datePublished":"2018-09-17T13:15:25+00:00","dateModified":"2022-09-14T11:40:15+00:00","breadcrumb":{"@id":"https:\/\/preprod-lourdes.cawita.com\/es\/datos-personales\/#breadcrumb"},"inLanguage":"es","potentialAction":[{"@type":"ReadAction","target":["https:\/\/preprod-lourdes.cawita.com\/es\/datos-personales\/"]}]},{"@type":"BreadcrumbList","@id":"https:\/\/preprod-lourdes.cawita.com\/es\/datos-personales\/#breadcrumb","itemListElement":[{"@type":"ListItem","position":1,"name":"Accueil","item":"https:\/\/www.lourdes-france.org\/"},{"@type":"ListItem","position":2,"name":"Mis datos personales con transparencia total"}]},{"@type":"WebSite","@id":"https:\/\/preprod-lourdes.cawita.com\/#website","url":"https:\/\/preprod-lourdes.cawita.com\/","name":"Soutenir le Sanctuaire Notre-Dame de Lourdes","description":"","potentialAction":[{"@type":"SearchAction","target":{"@type":"EntryPoint","urlTemplate":"https:\/\/preprod-lourdes.cawita.com\/?s={search_term_string}"},"query-input":{"@type":"PropertyValueSpecification","valueRequired":true,"valueName":"search_term_string"}}],"inLanguage":"es"}]}},"_links":{"self":[{"href":"https:\/\/www.lourdes-france.org\/es\/wp-json\/wp\/v2\/pages\/15097","targetHints":{"allow":["GET"]}}],"collection":[{"href":"https:\/\/www.lourdes-france.org\/es\/wp-json\/wp\/v2\/pages"}],"about":[{"href":"https:\/\/www.lourdes-france.org\/es\/wp-json\/wp\/v2\/types\/page"}],"author":[{"embeddable":true,"href":"https:\/\/www.lourdes-france.org\/es\/wp-json\/wp\/v2\/users\/7"}],"replies":[{"embeddable":true,"href":"https:\/\/www.lourdes-france.org\/es\/wp-json\/wp\/v2\/comments?post=15097"}],"version-history":[{"count":21,"href":"https:\/\/www.lourdes-france.org\/es\/wp-json\/wp\/v2\/pages\/15097\/revisions"}],"predecessor-version":[{"id":870856,"href":"https:\/\/www.lourdes-france.org\/es\/wp-json\/wp\/v2\/pages\/15097\/revisions\/870856"}],"wp:attachment":[{"href":"https:\/\/www.lourdes-france.org\/es\/wp-json\/wp\/v2\/media?parent=15097"}],"curies":[{"name":"wp","href":"https:\/\/api.w.org\/{rel}","templated":true}]}}