{"id":17955,"date":"2018-10-17T13:21:11","date_gmt":"2018-10-17T11:21:11","guid":{"rendered":"https:\/\/www.lourdes-france.org\/nouveau-chemin-des-pelerins-page\/"},"modified":"2021-03-02T16:06:37","modified_gmt":"2021-03-02T15:06:37","slug":"nuevo-camino-de-los-peregrinos","status":"publish","type":"page","link":"https:\/\/www.lourdes-france.org\/es\/nuevo-camino-de-los-peregrinos\/","title":{"rendered":"El nuevo camino de los peregrinos"},"content":{"rendered":"\t\t<div data-elementor-type=\"wp-post\" data-elementor-id=\"17955\" class=\"elementor elementor-17955 elementor-17935 elementor-bc-flex-widget\" data-elementor-post-type=\"page\">\n\t\t\t\t\t\t<section class=\"elementor-section elementor-top-section elementor-element elementor-element-7d5a168d elementor-section-boxed elementor-section-height-default elementor-section-height-default\" data-id=\"7d5a168d\" data-element_type=\"section\">\n\t\t\t\t\t\t<div class=\"elementor-container elementor-column-gap-no\">\n\t\t\t\t\t<div class=\"elementor-column elementor-col-100 elementor-top-column elementor-element elementor-element-5b897a8c\" data-id=\"5b897a8c\" data-element_type=\"column\">\n\t\t\t<div class=\"elementor-widget-wrap elementor-element-populated\">\n\t\t\t\t\t\t<div class=\"elementor-element elementor-element-61276232 elementor-widget elementor-widget-text-editor\" data-id=\"61276232\" data-element_type=\"widget\" data-widget_type=\"text-editor.default\">\n\t\t\t\t<div class=\"elementor-widget-container\">\n\t\t\t\t\t\t\t\t\t<h2>1.\u00a0<span style=\"color: #e8a700;\">Ir a la Gruta<\/span><\/h2>\t\t\t\t\t\t\t\t<\/div>\n\t\t\t\t<\/div>\n\t\t\t\t<div class=\"elementor-element elementor-element-5083a25a elementor-widget elementor-widget-text-editor\" data-id=\"5083a25a\" data-element_type=\"widget\" data-widget_type=\"text-editor.default\">\n\t\t\t\t<div class=\"elementor-widget-container\">\n\t\t\t\t\t\t\t\t\t<p>Se encuentra aqu\u00ed porque alguien le espera. Levante la mirada hacia Mar\u00eda. Como la aparici\u00f3n se lo ense\u00f1\u00f3 a Bernardita, haga una hermosa se\u00f1al de la Cruz: En el nombre del Padre, del Hijo y del Esp\u00edritu Santo. En su interior, piense en aquellos que sufren o necesitan ayuda. H\u00e1galos presentes a la protecci\u00f3n maternal de Nuestra Se\u00f1ora de Lourdes.<\/p>\t\t\t\t\t\t\t\t<\/div>\n\t\t\t\t<\/div>\n\t\t\t\t<div class=\"elementor-element elementor-element-106d8295 elementor-widget elementor-widget-text-editor\" data-id=\"106d8295\" data-element_type=\"widget\" data-widget_type=\"text-editor.default\">\n\t\t\t\t<div class=\"elementor-widget-container\">\n\t\t\t\t\t\t\t\t\t<h2>2.\u00a0<span style=\"color: #e8a700;\">Rezar en silencio<\/span><\/h2>\t\t\t\t\t\t\t\t<\/div>\n\t\t\t\t<\/div>\n\t\t\t\t<div class=\"elementor-element elementor-element-179138f7 elementor-widget elementor-widget-text-editor\" data-id=\"179138f7\" data-element_type=\"widget\" data-widget_type=\"text-editor.default\">\n\t\t\t\t<div class=\"elementor-widget-container\">\n\t\t\t\t\t\t\t\t\t<p>No est\u00e1 entrando en un museo. Aqu\u00ed se encuentra como en casa. Bernardita dijo: \u00abLa Gruta era mi cielo\u00bb. Delante de esta roca tan suave por haber recibido millones de caricias, le invitamos a que mire a Mar\u00eda que iluminar\u00e1 su vida y le ayudar\u00e1 a sobrellevar las dificultades diarias o encontrar nuevamente la confianza perdida durante las pruebas.<\/p>\t\t\t\t\t\t\t\t<\/div>\n\t\t\t\t<\/div>\n\t\t\t\t<div class=\"elementor-element elementor-element-219c6517 elementor-widget elementor-widget-text-editor\" data-id=\"219c6517\" data-element_type=\"widget\" data-widget_type=\"text-editor.default\">\n\t\t\t\t<div class=\"elementor-widget-container\">\n\t\t\t\t\t\t\t\t\t<h2>3.\u00a0<span style=\"color: #e8a700;\">Realizar el gesto del agua<\/span><\/h2>\t\t\t\t\t\t\t\t<\/div>\n\t\t\t\t<\/div>\n\t\t\t\t<div class=\"elementor-element elementor-element-40d667be elementor-widget elementor-widget-text-editor\" data-id=\"40d667be\" data-element_type=\"widget\" data-widget_type=\"text-editor.default\">\n\t\t\t\t<div class=\"elementor-widget-container\">\n\t\t\t\t\t\t\t\t\t<p>\u00abVaya a beber en la fuente\u00bb, es la invitaci\u00f3n que hizo Mar\u00eda a Bernardita el 25 de febrero de 1858 (9a aparici\u00f3n). Bernardita escava y saca a la luz la fuente de la que a\u00fan bebemos hoy. Es un agua com\u00fan, comparable a las aguas de los manantiales vecinos. Aunque le han relacionado numerosas curaciones, no es ni agua bendita, ni milagrosa. Es Dios quien sana por intercesi\u00f3n de la Virgen Mar\u00eda y la oraci\u00f3n de los cristianos. Bernardita dec\u00eda: \u00abEse agua no tiene ninguna propiedad sin la fe\u00bb.<\/p>\t\t\t\t\t\t\t\t<\/div>\n\t\t\t\t<\/div>\n\t\t\t\t<div class=\"elementor-element elementor-element-7597035a elementor-widget elementor-widget-text-editor\" data-id=\"7597035a\" data-element_type=\"widget\" data-widget_type=\"text-editor.default\">\n\t\t\t\t<div class=\"elementor-widget-container\">\n\t\t\t\t\t\t\t\t\t<h2>4.\u00a0<span style=\"color: #e8a700;\">Ir a las capillas de Luz<\/span><\/h2>\t\t\t\t\t\t\t\t<\/div>\n\t\t\t\t<\/div>\n\t\t\t\t<div class=\"elementor-element elementor-element-198746da elementor-widget elementor-widget-spacer\" data-id=\"198746da\" data-element_type=\"widget\" data-widget_type=\"spacer.default\">\n\t\t\t\t<div class=\"elementor-widget-container\">\n\t\t\t\t\t\t\t<div class=\"elementor-spacer\">\n\t\t\t<div class=\"elementor-spacer-inner\"><\/div>\n\t\t<\/div>\n\t\t\t\t\t\t<\/div>\n\t\t\t\t<\/div>\n\t\t\t\t<div class=\"elementor-element elementor-element-755941be elementor-widget elementor-widget-text-editor\" data-id=\"755941be\" data-element_type=\"widget\" data-widget_type=\"text-editor.default\">\n\t\t\t\t<div class=\"elementor-widget-container\">\n\t\t\t\t\t\t\t\t\t<h2>5.\u00a0<span style=\"color: #e8a700;\">Encender una vela<\/span><\/h2>\t\t\t\t\t\t\t\t<\/div>\n\t\t\t\t<\/div>\n\t\t\t\t<div class=\"elementor-element elementor-element-201899b5 elementor-widget elementor-widget-text-editor\" data-id=\"201899b5\" data-element_type=\"widget\" data-widget_type=\"text-editor.default\">\n\t\t\t\t<div class=\"elementor-widget-container\">\n\t\t\t\t\t\t\t\t\t<p>Nadie se va de Lourdes sin haber encendido una vela:<em> \u00abEsta luz prolonga mi oraci\u00f3n\u00bb<\/em>. Al tomar una vela, realiza una ofrenda al Santuario. <\/p>\t\t\t\t\t\t\t\t<\/div>\n\t\t\t\t<\/div>\n\t\t\t\t<div class=\"elementor-element elementor-element-77a331e1 elementor-widget elementor-widget-text-editor\" data-id=\"77a331e1\" data-element_type=\"widget\" data-widget_type=\"text-editor.default\">\n\t\t\t\t<div class=\"elementor-widget-container\">\n\t\t\t\t\t\t\t\t\t<p><span style=\"color: #ffc200;\">* <\/span>Hay fuentes reservadas para rellenar los bidones de agua cerca del primer puente.<\/p>\t\t\t\t\t\t\t\t<\/div>\n\t\t\t\t<\/div>\n\t\t\t\t<div class=\"elementor-element elementor-element-34a32d72 elementor-widget elementor-widget-video\" data-id=\"34a32d72\" data-element_type=\"widget\" data-settings=\"{&quot;youtube_url&quot;:&quot;https:\\\/\\\/youtu.be\\\/fahewP5tYcQ&quot;,&quot;video_type&quot;:&quot;youtube&quot;,&quot;controls&quot;:&quot;yes&quot;}\" data-widget_type=\"video.default\">\n\t\t\t\t<div class=\"elementor-widget-container\">\n\t\t\t\t\t\t\t<div class=\"elementor-wrapper elementor-open-inline\">\n\t\t\t<div class=\"elementor-video\"><\/div>\t\t<\/div>\n\t\t\t\t\t\t<\/div>\n\t\t\t\t<\/div>\n\t\t\t\t\t<\/div>\n\t\t<\/div>\n\t\t\t\t\t<\/div>\n\t\t<\/section>\n\t\t\t\t<\/div>\n\t\t","protected":false},"excerpt":{"rendered":"<p>1.\u00a0Ir a la Gruta Se encuentra aqu\u00ed porque alguien le espera. Levante la mirada hacia Mar\u00eda. Como la aparici\u00f3n se lo ense\u00f1\u00f3 a Bernardita, haga una hermosa se\u00f1al de la Cruz: En el nombre del Padre, del Hijo y del &hellip; <a href=\"https:\/\/www.lourdes-france.org\/es\/nuevo-camino-de-los-peregrinos\/\">Continuar<\/a><\/p>\n","protected":false},"author":7,"featured_media":0,"parent":0,"menu_order":0,"comment_status":"closed","ping_status":"closed","template":"","meta":{"_acf_changed":false,"footnotes":""},"class_list":["post-17955","page","type-page","status-publish","hentry"],"acf":[],"yoast_head":"<!-- This site is optimized with the Yoast SEO plugin v24.7 - https:\/\/yoast.com\/wordpress\/plugins\/seo\/ -->\n<title>El nuevo camino de los peregrinos<\/title>\n<meta name=\"robots\" content=\"index, follow, max-snippet:-1, max-image-preview:large, max-video-preview:-1\" \/>\n<link rel=\"canonical\" href=\"https:\/\/www.lourdes-france.org\/es\/nuevo-camino-de-los-peregrinos\/\" \/>\n<meta name=\"twitter:label1\" content=\"Tiempo de lectura\" \/>\n\t<meta name=\"twitter:data1\" content=\"1 minuto\" \/>\n<script type=\"application\/ld+json\" class=\"yoast-schema-graph\">{\"@context\":\"https:\/\/schema.org\",\"@graph\":[{\"@type\":\"WebPage\",\"@id\":\"https:\/\/www.lourdes-france.org\/es\/nuevo-camino-de-los-peregrinos\/\",\"url\":\"https:\/\/www.lourdes-france.org\/es\/nuevo-camino-de-los-peregrinos\/\",\"name\":\"El nuevo camino de los peregrinos\",\"isPartOf\":{\"@id\":\"https:\/\/preprod-lourdes.cawita.com\/#website\"},\"datePublished\":\"2018-10-17T11:21:11+00:00\",\"dateModified\":\"2021-03-02T15:06:37+00:00\",\"breadcrumb\":{\"@id\":\"https:\/\/www.lourdes-france.org\/es\/nuevo-camino-de-los-peregrinos\/#breadcrumb\"},\"inLanguage\":\"es\",\"potentialAction\":[{\"@type\":\"ReadAction\",\"target\":[\"https:\/\/www.lourdes-france.org\/es\/nuevo-camino-de-los-peregrinos\/\"]}]},{\"@type\":\"BreadcrumbList\",\"@id\":\"https:\/\/www.lourdes-france.org\/es\/nuevo-camino-de-los-peregrinos\/#breadcrumb\",\"itemListElement\":[{\"@type\":\"ListItem\",\"position\":1,\"name\":\"Accueil\",\"item\":\"https:\/\/www.lourdes-france.org\/\"},{\"@type\":\"ListItem\",\"position\":2,\"name\":\"El nuevo camino de los peregrinos\"}]},{\"@type\":\"WebSite\",\"@id\":\"https:\/\/preprod-lourdes.cawita.com\/#website\",\"url\":\"https:\/\/preprod-lourdes.cawita.com\/\",\"name\":\"Soutenir le Sanctuaire Notre-Dame de Lourdes\",\"description\":\"\",\"potentialAction\":[{\"@type\":\"SearchAction\",\"target\":{\"@type\":\"EntryPoint\",\"urlTemplate\":\"https:\/\/preprod-lourdes.cawita.com\/?s={search_term_string}\"},\"query-input\":{\"@type\":\"PropertyValueSpecification\",\"valueRequired\":true,\"valueName\":\"search_term_string\"}}],\"inLanguage\":\"es\"}]}<\/script>\n<!-- \/ Yoast SEO plugin. -->","yoast_head_json":{"title":"El nuevo camino de los peregrinos","robots":{"index":"index","follow":"follow","max-snippet":"max-snippet:-1","max-image-preview":"max-image-preview:large","max-video-preview":"max-video-preview:-1"},"canonical":"https:\/\/www.lourdes-france.org\/es\/nuevo-camino-de-los-peregrinos\/","twitter_misc":{"Tiempo de lectura":"1 minuto"},"schema":{"@context":"https:\/\/schema.org","@graph":[{"@type":"WebPage","@id":"https:\/\/www.lourdes-france.org\/es\/nuevo-camino-de-los-peregrinos\/","url":"https:\/\/www.lourdes-france.org\/es\/nuevo-camino-de-los-peregrinos\/","name":"El nuevo camino de los peregrinos","isPartOf":{"@id":"https:\/\/preprod-lourdes.cawita.com\/#website"},"datePublished":"2018-10-17T11:21:11+00:00","dateModified":"2021-03-02T15:06:37+00:00","breadcrumb":{"@id":"https:\/\/www.lourdes-france.org\/es\/nuevo-camino-de-los-peregrinos\/#breadcrumb"},"inLanguage":"es","potentialAction":[{"@type":"ReadAction","target":["https:\/\/www.lourdes-france.org\/es\/nuevo-camino-de-los-peregrinos\/"]}]},{"@type":"BreadcrumbList","@id":"https:\/\/www.lourdes-france.org\/es\/nuevo-camino-de-los-peregrinos\/#breadcrumb","itemListElement":[{"@type":"ListItem","position":1,"name":"Accueil","item":"https:\/\/www.lourdes-france.org\/"},{"@type":"ListItem","position":2,"name":"El nuevo camino de los peregrinos"}]},{"@type":"WebSite","@id":"https:\/\/preprod-lourdes.cawita.com\/#website","url":"https:\/\/preprod-lourdes.cawita.com\/","name":"Soutenir le Sanctuaire Notre-Dame de Lourdes","description":"","potentialAction":[{"@type":"SearchAction","target":{"@type":"EntryPoint","urlTemplate":"https:\/\/preprod-lourdes.cawita.com\/?s={search_term_string}"},"query-input":{"@type":"PropertyValueSpecification","valueRequired":true,"valueName":"search_term_string"}}],"inLanguage":"es"}]}},"_links":{"self":[{"href":"https:\/\/www.lourdes-france.org\/es\/wp-json\/wp\/v2\/pages\/17955","targetHints":{"allow":["GET"]}}],"collection":[{"href":"https:\/\/www.lourdes-france.org\/es\/wp-json\/wp\/v2\/pages"}],"about":[{"href":"https:\/\/www.lourdes-france.org\/es\/wp-json\/wp\/v2\/types\/page"}],"author":[{"embeddable":true,"href":"https:\/\/www.lourdes-france.org\/es\/wp-json\/wp\/v2\/users\/7"}],"replies":[{"embeddable":true,"href":"https:\/\/www.lourdes-france.org\/es\/wp-json\/wp\/v2\/comments?post=17955"}],"version-history":[{"count":7,"href":"https:\/\/www.lourdes-france.org\/es\/wp-json\/wp\/v2\/pages\/17955\/revisions"}],"predecessor-version":[{"id":21168,"href":"https:\/\/www.lourdes-france.org\/es\/wp-json\/wp\/v2\/pages\/17955\/revisions\/21168"}],"wp:attachment":[{"href":"https:\/\/www.lourdes-france.org\/es\/wp-json\/wp\/v2\/media?parent=17955"}],"curies":[{"name":"wp","href":"https:\/\/api.w.org\/{rel}","templated":true}]}}