{"id":204627,"date":"2020-01-20T11:09:54","date_gmt":"2020-01-20T10:09:54","guid":{"rendered":"http:\/\/www.lourdes-france.org\/youcat-a-lourdes-rejoindre-laventure-de-la-foi\/"},"modified":"2021-03-02T16:09:44","modified_gmt":"2021-03-02T15:09:44","slug":"youcat-a-lourdes-rejoindre-laventure-de-la-foi","status":"publish","type":"page","link":"https:\/\/www.lourdes-france.org\/es\/youcat-a-lourdes-rejoindre-laventure-de-la-foi\/","title":{"rendered":"Youcat en Lourdes: unirse a la aventura de la fe"},"content":{"rendered":"\t\t<div data-elementor-type=\"wp-page\" data-elementor-id=\"204627\" class=\"elementor elementor-204627 elementor-204233\" data-elementor-post-type=\"page\">\n\t\t\t\t\t\t<section class=\"elementor-section elementor-top-section elementor-element elementor-element-26b975d elementor-section-boxed elementor-section-height-default elementor-section-height-default\" data-id=\"26b975d\" data-element_type=\"section\">\n\t\t\t\t\t\t<div class=\"elementor-container elementor-column-gap-no\">\n\t\t\t\t\t<div class=\"elementor-column elementor-col-100 elementor-top-column elementor-element elementor-element-2540c022\" data-id=\"2540c022\" data-element_type=\"column\">\n\t\t\t<div class=\"elementor-widget-wrap elementor-element-populated\">\n\t\t\t\t\t\t<div class=\"elementor-element elementor-element-67200472 elementor-widget elementor-widget-text-editor\" data-id=\"67200472\" data-element_type=\"widget\" data-widget_type=\"text-editor.default\">\n\t\t\t\t<div class=\"elementor-widget-container\">\n\t\t\t\t\t\t\t\t\t<h2><strong>\u00bfQU\u00c9 ES\u00a0<\/strong><span style=\"color: #e8a700;\">\u201cYOUCAT ?<\/span><\/h2>\t\t\t\t\t\t\t\t<\/div>\n\t\t\t\t<\/div>\n\t\t\t\t<div class=\"elementor-element elementor-element-88e3443 elementor-widget elementor-widget-text-editor\" data-id=\"88e3443\" data-element_type=\"widget\" data-widget_type=\"text-editor.default\">\n\t\t\t\t<div class=\"elementor-widget-container\">\n\t\t\t\t\t\t\t\t\t<p>YOUCAT es sin lugar a dudas uno de los libros cat\u00f3licos para j\u00f3venes m\u00e1s exitosos del mundo. Distribuidos millones de ejemplares sobre todo en las JMJ, es un catecismo (YOUth CATechism) que presenta la fe cristiana de modo resumido y f\u00e1cilmente comprensible. Escrito por j\u00f3venes para j\u00f3venes presenta la fe de manera breve y din\u00e1mica, en forma de preguntas y respuestas.<\/p>\t\t\t\t\t\t\t\t<\/div>\n\t\t\t\t<\/div>\n\t\t\t\t<div class=\"elementor-element elementor-element-a26b486 elementor-widget elementor-widget-video\" data-id=\"a26b486\" data-element_type=\"widget\" data-settings=\"{&quot;youtube_url&quot;:&quot;https:\\\/\\\/youtu.be\\\/oTxruvYHzYk&quot;,&quot;video_type&quot;:&quot;youtube&quot;,&quot;controls&quot;:&quot;yes&quot;}\" data-widget_type=\"video.default\">\n\t\t\t\t<div class=\"elementor-widget-container\">\n\t\t\t\t\t\t\t<div class=\"elementor-wrapper elementor-open-inline\">\n\t\t\t<div class=\"elementor-video\"><\/div>\t\t<\/div>\n\t\t\t\t\t\t<\/div>\n\t\t\t\t<\/div>\n\t\t\t\t<div class=\"elementor-element elementor-element-56758d7 elementor-widget elementor-widget-text-editor\" data-id=\"56758d7\" data-element_type=\"widget\" data-widget_type=\"text-editor.default\">\n\t\t\t\t<div class=\"elementor-widget-container\">\n\t\t\t\t\t\t\t\t\t<p>Benedicto XVI dec\u00eda en su pr\u00f3logo: \u00abLa juventud no es tan superficial como se la acusa de ser; los j\u00f3venes quieren saber en qu\u00e9 consiste de verdad la vida. YOUCAT no ofrece soluciones f\u00e1ciles, exige una vida nueva por vuestra parte; os presenta el mensaje del Evangelio como \u201cla perla preciosa\u201d (Mt 13,45) por la cual es necesario dar cualquier cosa. Por esto os pido: \u00a1Estudiad el Catecismo con pasi\u00f3n y perseverancia! \u00a1Sacrificad vuestro tiempo por ello! \u00a1Continuad de todas las formas posibles el di\u00e1logo sobre vuestra fe! Deb\u00e9is conocer aquello que cre\u00e9is\u00bb.<\/p><p>Para saber m\u00e1s sobre Youcat : <a href=\"https:\/\/www.youcat.org\/lourdes?utm_source=event&amp;utm_medium=referral&amp;utm_campaign=lourdes&amp;utm_content=01\">https:\/\/www.youcat.org\/lourdes<\/a><\/p>\t\t\t\t\t\t\t\t<\/div>\n\t\t\t\t<\/div>\n\t\t\t\t<div class=\"elementor-element elementor-element-be8a69e elementor-widget elementor-widget-text-editor\" data-id=\"be8a69e\" data-element_type=\"widget\" data-widget_type=\"text-editor.default\">\n\t\t\t\t<div class=\"elementor-widget-container\">\n\t\t\t\t\t\t\t\t\t<h2><strong>\u00bfPor qu\u00e9 <span style=\"color: #e8a702;\">YOUCAT <\/span><\/strong><strong>se encuentra<\/strong><strong> en Lourdes?<\/strong><\/h2>\t\t\t\t\t\t\t\t<\/div>\n\t\t\t\t<\/div>\n\t\t\t\t<div class=\"elementor-element elementor-element-b9aaf34 elementor-widget elementor-widget-text-editor\" data-id=\"b9aaf34\" data-element_type=\"widget\" data-widget_type=\"text-editor.default\">\n\t\t\t\t<div class=\"elementor-widget-container\">\n\t\t\t\t\t\t\t\t\t<p>El Papa Francisco en su carta apost\u00f3lica <em>Sanctuarium in Ecclesia<\/em> invita a todos los santuarios a convertirse cada vez m\u00e1s en lugares de Nueva Evangelizaci\u00f3n. Adem\u00e1s, YOUCAT y el Santuario de Lourdes han decidido unir sus fuerzas desde 2018 en un proyecto piloto para proponer actividades para los j\u00f3venes en la perspectiva de esta nueva evangelizaci\u00f3n.<\/p>\t\t\t\t\t\t\t\t<\/div>\n\t\t\t\t<\/div>\n\t\t\t\t<div class=\"elementor-element elementor-element-46d0ca3 elementor-widget elementor-widget-image\" data-id=\"46d0ca3\" data-element_type=\"widget\" data-widget_type=\"image.default\">\n\t\t\t\t<div class=\"elementor-widget-container\">\n\t\t\t\t\t\t\t\t\t\t\t\t\t\t\t<img decoding=\"async\" src=\"https:\/\/www.lourdes-france.org\/wp-content\/uploads\/2020\/01\/IMG_2871-1152x330.jpg\" title=\"IMG_2871\" alt=\"IMG_2871\" loading=\"lazy\" \/>\t\t\t\t\t\t\t\t\t\t\t\t\t\t\t<\/div>\n\t\t\t\t<\/div>\n\t\t\t\t<div class=\"elementor-element elementor-element-17ef7707 elementor-widget elementor-widget-text-editor\" data-id=\"17ef7707\" data-element_type=\"widget\" data-widget_type=\"text-editor.default\">\n\t\t\t\t<div class=\"elementor-widget-container\">\n\t\t\t\t\t\t\t\t\t<h2><strong>\u00bfQu\u00e9 hacen los misioneros <span style=\"color: #e8a702;\">YOUCAT<\/span> en Lourdes?<\/strong><\/h2>\t\t\t\t\t\t\t\t<\/div>\n\t\t\t\t<\/div>\n\t\t\t\t<div class=\"elementor-element elementor-element-97672c3 elementor-widget elementor-widget-text-editor\" data-id=\"97672c3\" data-element_type=\"widget\" data-widget_type=\"text-editor.default\">\n\t\t\t\t<div class=\"elementor-widget-container\">\n\t\t\t\t\t\t\t\t\t<p>Los misioneros YOUCAT son j\u00f3venes cristianos que vienen voluntariamente de todo el mundo. Proponen a los j\u00f3venes presentes en Lourdes, del 6 de julio al 5 de septiembre, programas en diferentes idiomas, as\u00ed como ocasiones para que se re\u00fanan e intercambien. Se trata de dar testimonio de la alegr\u00eda de la fe, el dinamismo que lleva, el sentido y el impulso que da a la vida.<\/p><p>YOUCAT est\u00e1 situado cerca de la Casita de Bernardita, junto a la iglesia de Santa Bernardita, pero los encuentros pueden tener lugar en otros sitios, seg\u00fan las peticiones y los programas.<\/p>\t\t\t\t\t\t\t\t<\/div>\n\t\t\t\t<\/div>\n\t\t\t\t<div class=\"elementor-element elementor-element-7c6216a elementor-widget elementor-widget-text-editor\" data-id=\"7c6216a\" data-element_type=\"widget\" data-widget_type=\"text-editor.default\">\n\t\t\t\t<div class=\"elementor-widget-container\">\n\t\t\t\t\t\t\t\t\t<h2><strong>A qui\u00e9n se propone estos talleres?<\/strong><\/h2>\t\t\t\t\t\t\t\t<\/div>\n\t\t\t\t<\/div>\n\t\t\t\t<div class=\"elementor-element elementor-element-ae9d168 elementor-widget elementor-widget-text-editor\" data-id=\"ae9d168\" data-element_type=\"widget\" data-widget_type=\"text-editor.default\">\n\t\t\t\t<div class=\"elementor-widget-container\">\n\t\t\t\t\t\t\t\t\t<p>Sobre todo a los j\u00f3venes curiosos que desean profundizar de manera atractiva su fe cristiana y el mensaje de Lourdes. El l\u00edmite de edad depende de las actividades.<\/p>\t\t\t\t\t\t\t\t<\/div>\n\t\t\t\t<\/div>\n\t\t\t\t<div class=\"elementor-element elementor-element-f381df1 elementor-widget elementor-widget-text-editor\" data-id=\"f381df1\" data-element_type=\"widget\" data-widget_type=\"text-editor.default\">\n\t\t\t\t<div class=\"elementor-widget-container\">\n\t\t\t\t\t\t\t\t\t<h2><strong>\u00bfCu\u00e1l es el programa de <span style=\"color: #e8a702;\">YOUCAT<\/span> en Lourdes?<\/strong><\/h2>\t\t\t\t\t\t\t\t<\/div>\n\t\t\t\t<\/div>\n\t\t\t\t\t<\/div>\n\t\t<\/div>\n\t\t\t\t\t<\/div>\n\t\t<\/section>\n\t\t\t\t<section class=\"elementor-section elementor-top-section elementor-element elementor-element-b018236 elementor-section-boxed elementor-section-height-default elementor-section-height-default\" data-id=\"b018236\" data-element_type=\"section\">\n\t\t\t\t\t\t<div class=\"elementor-container elementor-column-gap-default\">\n\t\t\t\t\t<div class=\"elementor-column elementor-col-100 elementor-top-column elementor-element elementor-element-f6ac2af\" data-id=\"f6ac2af\" data-element_type=\"column\">\n\t\t\t<div class=\"elementor-widget-wrap elementor-element-populated\">\n\t\t\t\t\t\t<div class=\"elementor-element elementor-element-2bfe6cd elementor-widget elementor-widget-toggle\" data-id=\"2bfe6cd\" data-element_type=\"widget\" data-widget_type=\"toggle.default\">\n\t\t\t\t<div class=\"elementor-widget-container\">\n\t\t\t\t\t\t\t<div class=\"elementor-toggle\">\n\t\t\t\t\t\t\t<div class=\"elementor-toggle-item\">\n\t\t\t\t\t<div id=\"elementor-tab-title-4611\" class=\"elementor-tab-title\" data-tab=\"1\" role=\"button\" aria-controls=\"elementor-tab-content-4611\" aria-expanded=\"false\">\n\t\t\t\t\t\t\t\t\t\t\t\t<span class=\"elementor-toggle-icon elementor-toggle-icon-left\" aria-hidden=\"true\">\n\t\t\t\t\t\t\t\t\t\t\t\t\t\t\t<span class=\"elementor-toggle-icon-closed\"><i class=\"far fa-arrow-alt-circle-down\"><\/i><\/span>\n\t\t\t\t\t\t\t\t<span class=\"elementor-toggle-icon-opened\"><i class=\"elementor-toggle-icon-opened far fa-arrow-alt-circle-up\"><\/i><\/span>\n\t\t\t\t\t\t\t\t\t\t\t\t\t<\/span>\n\t\t\t\t\t\t\t\t\t\t\t\t<a class=\"elementor-toggle-title\" tabindex=\"0\">1.\tYOUCAT: Grow in Faith - a partir de los 14 a\u00f1os. Crecer en la fe<\/a>\n\t\t\t\t\t<\/div>\n\n\t\t\t\t\t<div id=\"elementor-tab-content-4611\" class=\"elementor-tab-content elementor-clearfix\" data-tab=\"1\" role=\"region\" aria-labelledby=\"elementor-tab-title-4611\"><p>Los talleres ayudan a descubrir de manera alegre y profunda el mensaje de Lourdes reflexionando sobre diversos temas de la fe entre los que figuran:<\/p><ul><li><span style=\"color: #e8a702;\"><strong>La fe<\/strong><\/span> \u2013 La b\u00fasqueda de Dios<\/li><li><span style=\"color: #e8a702;\"><strong>Mar\u00eda<\/strong><\/span> \u2013 La maravillosa intuici\u00f3n de Dios<\/li><li><span style=\"color: #e8a702;\"><strong>La esperanza<\/strong><\/span> \u2013 Una gran fuerza para mantener la distancia<\/li><li><span style=\"color: #e8a702;\"><strong>Milagros<\/strong><\/span> \u2013 \u00bfMilagros? \u00a1Es normal!<\/li><li><span style=\"color: #e8a702;\"><strong>Caridad<\/strong><\/span> \u2013 Ser diferentes<\/li><li><span style=\"color: #e8a702;\"><strong>Oraci\u00f3n<\/strong><\/span> \u2013 Hablar con Dios de verdad<\/li><li><span style=\"color: #e8a702;\"><strong>Eucarist\u00eda<\/strong><\/span> \u2013 El sabor del amor<\/li><li><span style=\"color: #e8a702;\"><strong>Reconciliaci\u00f3n<\/strong><\/span> \u2013 Nunca es demasiado tarde.<\/li><\/ul><\/div>\n\t\t\t\t<\/div>\n\t\t\t\t\t\t\t<div class=\"elementor-toggle-item\">\n\t\t\t\t\t<div id=\"elementor-tab-title-4612\" class=\"elementor-tab-title\" data-tab=\"2\" role=\"button\" aria-controls=\"elementor-tab-content-4612\" aria-expanded=\"false\">\n\t\t\t\t\t\t\t\t\t\t\t\t<span class=\"elementor-toggle-icon elementor-toggle-icon-left\" aria-hidden=\"true\">\n\t\t\t\t\t\t\t\t\t\t\t\t\t\t\t<span class=\"elementor-toggle-icon-closed\"><i class=\"far fa-arrow-alt-circle-down\"><\/i><\/span>\n\t\t\t\t\t\t\t\t<span class=\"elementor-toggle-icon-opened\"><i class=\"elementor-toggle-icon-opened far fa-arrow-alt-circle-up\"><\/i><\/span>\n\t\t\t\t\t\t\t\t\t\t\t\t\t<\/span>\n\t\t\t\t\t\t\t\t\t\t\t\t<a class=\"elementor-toggle-title\" tabindex=\"0\">2. YOUCAT: Bob & Lilly ni\u00f1os de 6 a 12 a\u00f1os.<\/a>\n\t\t\t\t\t<\/div>\n\n\t\t\t\t\t<div id=\"elementor-tab-content-4612\" class=\"elementor-tab-content elementor-clearfix\" data-tab=\"2\" role=\"region\" aria-labelledby=\"elementor-tab-title-4612\"><p>Los ni\u00f1os, acompa\u00f1ados por sus padres o abuelos, tienen la oportunidad de hacerse amigos de los dos h\u00e9roes de <em>YOUCAT for Kids<\/em>. La transmisi\u00f3n de la fe a los ni\u00f1os peque\u00f1os es una aventura para toda la familia.<\/p><\/div>\n\t\t\t\t<\/div>\n\t\t\t\t\t\t\t<div class=\"elementor-toggle-item\">\n\t\t\t\t\t<div id=\"elementor-tab-title-4613\" class=\"elementor-tab-title\" data-tab=\"3\" role=\"button\" aria-controls=\"elementor-tab-content-4613\" aria-expanded=\"false\">\n\t\t\t\t\t\t\t\t\t\t\t\t<span class=\"elementor-toggle-icon elementor-toggle-icon-left\" aria-hidden=\"true\">\n\t\t\t\t\t\t\t\t\t\t\t\t\t\t\t<span class=\"elementor-toggle-icon-closed\"><i class=\"far fa-arrow-alt-circle-down\"><\/i><\/span>\n\t\t\t\t\t\t\t\t<span class=\"elementor-toggle-icon-opened\"><i class=\"elementor-toggle-icon-opened far fa-arrow-alt-circle-up\"><\/i><\/span>\n\t\t\t\t\t\t\t\t\t\t\t\t\t<\/span>\n\t\t\t\t\t\t\t\t\t\t\t\t<a class=\"elementor-toggle-title\" tabindex=\"0\">3. YOUCAT: Come & meet \u2013 abierto a todos<\/a>\n\t\t\t\t\t<\/div>\n\n\t\t\t\t\t<div id=\"elementor-tab-content-4613\" class=\"elementor-tab-content elementor-clearfix\" data-tab=\"3\" role=\"region\" aria-labelledby=\"elementor-tab-title-4613\"><p><em>Ven y ve<br \/><\/em>\u00bfQuieren hablar con los misioneros YOUCAT, pero no tienen tiempo para asistir a uno de sus talleres? Pueden ir a verlos y hacerles las preguntas que quieran sobre la fe, conocer mejor YOUCAT o conocer mejor a estos misioneros de la fe.<\/p><\/div>\n\t\t\t\t<\/div>\n\t\t\t\t\t\t\t<div class=\"elementor-toggle-item\">\n\t\t\t\t\t<div id=\"elementor-tab-title-4614\" class=\"elementor-tab-title\" data-tab=\"4\" role=\"button\" aria-controls=\"elementor-tab-content-4614\" aria-expanded=\"false\">\n\t\t\t\t\t\t\t\t\t\t\t\t<span class=\"elementor-toggle-icon elementor-toggle-icon-left\" aria-hidden=\"true\">\n\t\t\t\t\t\t\t\t\t\t\t\t\t\t\t<span class=\"elementor-toggle-icon-closed\"><i class=\"far fa-arrow-alt-circle-down\"><\/i><\/span>\n\t\t\t\t\t\t\t\t<span class=\"elementor-toggle-icon-opened\"><i class=\"elementor-toggle-icon-opened far fa-arrow-alt-circle-up\"><\/i><\/span>\n\t\t\t\t\t\t\t\t\t\t\t\t\t<\/span>\n\t\t\t\t\t\t\t\t\t\t\t\t<a class=\"elementor-toggle-title\" tabindex=\"0\">4. YOUCAT: Evening \u2013 Faith & Fun  j\u00f3venes adultos o con16 a\u00f1os acompa\u00f1ados<\/a>\n\t\t\t\t\t<\/div>\n\n\t\t\t\t\t<div id=\"elementor-tab-content-4614\" class=\"elementor-tab-content elementor-clearfix\" data-tab=\"4\" role=\"region\" aria-labelledby=\"elementor-tab-title-4614\"><p><em>Noch<\/em><\/p><p>Las fiestas de YOUCAT son una invitaci\u00f3n a compartir un buen momento juntos, caracterizado por la amistad, m\u00fasica, juegos, bebidas y aperitivos.<\/p><p>Es una ocasi\u00f3n para que los j\u00f3venes, procedentes de numerosos pa\u00edses, entren en contacto con los misioneros internacionales de YOUCAT y compartan su experiencia y entusiasmo. Es una excelente oportunidad para hablar de las cuestiones m\u00e1s importantes de la vida, temores y proyectos.<\/p><\/div>\n\t\t\t\t<\/div>\n\t\t\t\t\t\t\t\t<\/div>\n\t\t\t\t\t\t<\/div>\n\t\t\t\t<\/div>\n\t\t\t\t<div class=\"elementor-element elementor-element-c75b132 elementor-widget elementor-widget-text-editor\" data-id=\"c75b132\" data-element_type=\"widget\" data-widget_type=\"text-editor.default\">\n\t\t\t\t<div class=\"elementor-widget-container\">\n\t\t\t\t\t\t\t\t\t<h2><strong>\u00bfCu\u00e1ndo es la misi\u00f3n\u00a0 <\/strong><strong><span style=\"color: #e8a702;\">YOUCAT ?<\/span>\u00a0<\/strong><\/h2>\t\t\t\t\t\t\t\t<\/div>\n\t\t\t\t<\/div>\n\t\t\t\t<div class=\"elementor-element elementor-element-3d7da81d elementor-widget elementor-widget-text-editor\" data-id=\"3d7da81d\" data-element_type=\"widget\" data-widget_type=\"text-editor.default\">\n\t\t\t\t<div class=\"elementor-widget-container\">\n\t\t\t\t\t\t\t\t\t<p>Del 6 de julio al 5 de septiembre, de martes a domingo.<\/p>\t\t\t\t\t\t\t\t<\/div>\n\t\t\t\t<\/div>\n\t\t\t\t<div class=\"elementor-element elementor-element-948fcc1 elementor-widget elementor-widget-image\" data-id=\"948fcc1\" data-element_type=\"widget\" data-widget_type=\"image.default\">\n\t\t\t\t<div class=\"elementor-widget-container\">\n\t\t\t\t\t\t\t\t\t\t\t\t\t\t\t<img decoding=\"async\" src=\"https:\/\/www.lourdes-france.org\/wp-content\/uploads\/2020\/01\/IMG_4033-1200x330.jpg\" title=\"IMG_4033\" alt=\"IMG_4033\" loading=\"lazy\" \/>\t\t\t\t\t\t\t\t\t\t\t\t\t\t\t<\/div>\n\t\t\t\t<\/div>\n\t\t\t\t<div class=\"elementor-element elementor-element-2174c64 elementor-widget elementor-widget-text-editor\" data-id=\"2174c64\" data-element_type=\"widget\" data-widget_type=\"text-editor.default\">\n\t\t\t\t<div class=\"elementor-widget-container\">\n\t\t\t\t\t\t\t\t\t<h2><strong>\u00bfC\u00f3mo reservar una actividad?<\/strong><\/h2>\t\t\t\t\t\t\t\t<\/div>\n\t\t\t\t<\/div>\n\t\t\t\t<div class=\"elementor-element elementor-element-6be5c37 elementor-widget elementor-widget-text-editor\" data-id=\"6be5c37\" data-element_type=\"widget\" data-widget_type=\"text-editor.default\">\n\t\t\t\t<div class=\"elementor-widget-container\">\n\t\t\t\t\t\t\t\t\t<p>Para inscribir a su grupo o peregrinaci\u00f3n, llame a la oficina de planificaci\u00f3n al +33 5 62 42 79 02 o env\u00ede un correo electr\u00f3nico a: <a href=\"mailto:reservation@lourdes-france.com\">reservation@lourdes-france.com<\/a><\/p>\t\t\t\t\t\t\t\t<\/div>\n\t\t\t\t<\/div>\n\t\t\t\t\t<\/div>\n\t\t<\/div>\n\t\t\t\t\t<\/div>\n\t\t<\/section>\n\t\t\t\t<\/div>\n\t\t","protected":false},"excerpt":{"rendered":"<p>\u00bfQU\u00c9 ES\u00a0\u201cYOUCAT ? YOUCAT es sin lugar a dudas uno de los libros cat\u00f3licos para j\u00f3venes m\u00e1s exitosos del mundo. Distribuidos millones de ejemplares sobre todo en las JMJ, es un catecismo (YOUth CATechism) que presenta la fe cristiana de &hellip; <a href=\"https:\/\/www.lourdes-france.org\/es\/youcat-a-lourdes-rejoindre-laventure-de-la-foi\/\">Continuar<\/a><\/p>\n","protected":false},"author":7,"featured_media":191327,"parent":0,"menu_order":0,"comment_status":"closed","ping_status":"closed","template":"","meta":{"_acf_changed":false,"footnotes":""},"class_list":["post-204627","page","type-page","status-publish","has-post-thumbnail","hentry"],"acf":[],"yoast_head":"<!-- This site is optimized with the Yoast SEO plugin v24.7 - https:\/\/yoast.com\/wordpress\/plugins\/seo\/ -->\n<title>Youcat en Lourdes: unirse a la aventura de la fe<\/title>\n<meta name=\"robots\" content=\"index, follow, max-snippet:-1, max-image-preview:large, max-video-preview:-1\" \/>\n<link rel=\"canonical\" href=\"https:\/\/preprod-lourdes.cawita.com\/es\/youcat-a-lourdes-rejoindre-laventure-de-la-foi\/\" \/>\n<meta name=\"twitter:label1\" content=\"Tiempo de lectura\" \/>\n\t<meta name=\"twitter:data1\" content=\"4 minutos\" \/>\n<script type=\"application\/ld+json\" class=\"yoast-schema-graph\">{\"@context\":\"https:\/\/schema.org\",\"@graph\":[{\"@type\":\"WebPage\",\"@id\":\"https:\/\/preprod-lourdes.cawita.com\/es\/youcat-a-lourdes-rejoindre-laventure-de-la-foi\/\",\"url\":\"https:\/\/preprod-lourdes.cawita.com\/es\/youcat-a-lourdes-rejoindre-laventure-de-la-foi\/\",\"name\":\"Youcat en Lourdes: unirse a la aventura de la fe\",\"isPartOf\":{\"@id\":\"https:\/\/preprod-lourdes.cawita.com\/#website\"},\"primaryImageOfPage\":{\"@id\":\"https:\/\/preprod-lourdes.cawita.com\/es\/youcat-a-lourdes-rejoindre-laventure-de-la-foi\/#primaryimage\"},\"image\":{\"@id\":\"https:\/\/preprod-lourdes.cawita.com\/es\/youcat-a-lourdes-rejoindre-laventure-de-la-foi\/#primaryimage\"},\"thumbnailUrl\":\"https:\/\/www.lourdes-france.org\/wp-content\/uploads\/2019\/12\/Bandeau-YOUCAT-plateforme-200x200.jpg\",\"datePublished\":\"2020-01-20T10:09:54+00:00\",\"dateModified\":\"2021-03-02T15:09:44+00:00\",\"breadcrumb\":{\"@id\":\"https:\/\/preprod-lourdes.cawita.com\/es\/youcat-a-lourdes-rejoindre-laventure-de-la-foi\/#breadcrumb\"},\"inLanguage\":\"es\",\"potentialAction\":[{\"@type\":\"ReadAction\",\"target\":[\"https:\/\/preprod-lourdes.cawita.com\/es\/youcat-a-lourdes-rejoindre-laventure-de-la-foi\/\"]}]},{\"@type\":\"ImageObject\",\"inLanguage\":\"es\",\"@id\":\"https:\/\/preprod-lourdes.cawita.com\/es\/youcat-a-lourdes-rejoindre-laventure-de-la-foi\/#primaryimage\",\"url\":\"https:\/\/www.lourdes-france.org\/wp-content\/uploads\/2019\/12\/Bandeau-YOUCAT-plateforme-200x200.jpg\",\"contentUrl\":\"https:\/\/www.lourdes-france.org\/wp-content\/uploads\/2019\/12\/Bandeau-YOUCAT-plateforme-200x200.jpg\",\"width\":200,\"height\":200},{\"@type\":\"BreadcrumbList\",\"@id\":\"https:\/\/preprod-lourdes.cawita.com\/es\/youcat-a-lourdes-rejoindre-laventure-de-la-foi\/#breadcrumb\",\"itemListElement\":[{\"@type\":\"ListItem\",\"position\":1,\"name\":\"Accueil\",\"item\":\"https:\/\/www.lourdes-france.org\/\"},{\"@type\":\"ListItem\",\"position\":2,\"name\":\"Youcat en Lourdes: unirse a la aventura de la fe\"}]},{\"@type\":\"WebSite\",\"@id\":\"https:\/\/preprod-lourdes.cawita.com\/#website\",\"url\":\"https:\/\/preprod-lourdes.cawita.com\/\",\"name\":\"Soutenir le Sanctuaire Notre-Dame de Lourdes\",\"description\":\"\",\"potentialAction\":[{\"@type\":\"SearchAction\",\"target\":{\"@type\":\"EntryPoint\",\"urlTemplate\":\"https:\/\/preprod-lourdes.cawita.com\/?s={search_term_string}\"},\"query-input\":{\"@type\":\"PropertyValueSpecification\",\"valueRequired\":true,\"valueName\":\"search_term_string\"}}],\"inLanguage\":\"es\"}]}<\/script>\n<!-- \/ Yoast SEO plugin. -->","yoast_head_json":{"title":"Youcat en Lourdes: unirse a la aventura de la fe","robots":{"index":"index","follow":"follow","max-snippet":"max-snippet:-1","max-image-preview":"max-image-preview:large","max-video-preview":"max-video-preview:-1"},"canonical":"https:\/\/preprod-lourdes.cawita.com\/es\/youcat-a-lourdes-rejoindre-laventure-de-la-foi\/","twitter_misc":{"Tiempo de lectura":"4 minutos"},"schema":{"@context":"https:\/\/schema.org","@graph":[{"@type":"WebPage","@id":"https:\/\/preprod-lourdes.cawita.com\/es\/youcat-a-lourdes-rejoindre-laventure-de-la-foi\/","url":"https:\/\/preprod-lourdes.cawita.com\/es\/youcat-a-lourdes-rejoindre-laventure-de-la-foi\/","name":"Youcat en Lourdes: unirse a la aventura de la fe","isPartOf":{"@id":"https:\/\/preprod-lourdes.cawita.com\/#website"},"primaryImageOfPage":{"@id":"https:\/\/preprod-lourdes.cawita.com\/es\/youcat-a-lourdes-rejoindre-laventure-de-la-foi\/#primaryimage"},"image":{"@id":"https:\/\/preprod-lourdes.cawita.com\/es\/youcat-a-lourdes-rejoindre-laventure-de-la-foi\/#primaryimage"},"thumbnailUrl":"https:\/\/www.lourdes-france.org\/wp-content\/uploads\/2019\/12\/Bandeau-YOUCAT-plateforme-200x200.jpg","datePublished":"2020-01-20T10:09:54+00:00","dateModified":"2021-03-02T15:09:44+00:00","breadcrumb":{"@id":"https:\/\/preprod-lourdes.cawita.com\/es\/youcat-a-lourdes-rejoindre-laventure-de-la-foi\/#breadcrumb"},"inLanguage":"es","potentialAction":[{"@type":"ReadAction","target":["https:\/\/preprod-lourdes.cawita.com\/es\/youcat-a-lourdes-rejoindre-laventure-de-la-foi\/"]}]},{"@type":"ImageObject","inLanguage":"es","@id":"https:\/\/preprod-lourdes.cawita.com\/es\/youcat-a-lourdes-rejoindre-laventure-de-la-foi\/#primaryimage","url":"https:\/\/www.lourdes-france.org\/wp-content\/uploads\/2019\/12\/Bandeau-YOUCAT-plateforme-200x200.jpg","contentUrl":"https:\/\/www.lourdes-france.org\/wp-content\/uploads\/2019\/12\/Bandeau-YOUCAT-plateforme-200x200.jpg","width":200,"height":200},{"@type":"BreadcrumbList","@id":"https:\/\/preprod-lourdes.cawita.com\/es\/youcat-a-lourdes-rejoindre-laventure-de-la-foi\/#breadcrumb","itemListElement":[{"@type":"ListItem","position":1,"name":"Accueil","item":"https:\/\/www.lourdes-france.org\/"},{"@type":"ListItem","position":2,"name":"Youcat en Lourdes: unirse a la aventura de la fe"}]},{"@type":"WebSite","@id":"https:\/\/preprod-lourdes.cawita.com\/#website","url":"https:\/\/preprod-lourdes.cawita.com\/","name":"Soutenir le Sanctuaire Notre-Dame de Lourdes","description":"","potentialAction":[{"@type":"SearchAction","target":{"@type":"EntryPoint","urlTemplate":"https:\/\/preprod-lourdes.cawita.com\/?s={search_term_string}"},"query-input":{"@type":"PropertyValueSpecification","valueRequired":true,"valueName":"search_term_string"}}],"inLanguage":"es"}]}},"_links":{"self":[{"href":"https:\/\/www.lourdes-france.org\/es\/wp-json\/wp\/v2\/pages\/204627","targetHints":{"allow":["GET"]}}],"collection":[{"href":"https:\/\/www.lourdes-france.org\/es\/wp-json\/wp\/v2\/pages"}],"about":[{"href":"https:\/\/www.lourdes-france.org\/es\/wp-json\/wp\/v2\/types\/page"}],"author":[{"embeddable":true,"href":"https:\/\/www.lourdes-france.org\/es\/wp-json\/wp\/v2\/users\/7"}],"replies":[{"embeddable":true,"href":"https:\/\/www.lourdes-france.org\/es\/wp-json\/wp\/v2\/comments?post=204627"}],"version-history":[{"count":3,"href":"https:\/\/www.lourdes-france.org\/es\/wp-json\/wp\/v2\/pages\/204627\/revisions"}],"predecessor-version":[{"id":204645,"href":"https:\/\/www.lourdes-france.org\/es\/wp-json\/wp\/v2\/pages\/204627\/revisions\/204645"}],"wp:featuredmedia":[{"embeddable":true,"href":"https:\/\/www.lourdes-france.org\/es\/wp-json\/wp\/v2\/media\/191327"}],"wp:attachment":[{"href":"https:\/\/www.lourdes-france.org\/es\/wp-json\/wp\/v2\/media?parent=204627"}],"curies":[{"name":"wp","href":"https:\/\/api.w.org\/{rel}","templated":true}]}}