{"id":238535,"date":"2020-03-30T08:46:06","date_gmt":"2020-03-30T06:46:06","guid":{"rendered":"https:\/\/www.lourdes-france.org\/una-fiamma-una-presenza\/"},"modified":"2021-03-02T16:05:22","modified_gmt":"2021-03-02T15:05:22","slug":"una-llama-una-presencia","status":"publish","type":"page","link":"https:\/\/www.lourdes-france.org\/es\/una-llama-una-presencia\/","title":{"rendered":"\u00abUna llama, una Presencia\u00bb"},"content":{"rendered":"\t\t<div data-elementor-type=\"wp-page\" data-elementor-id=\"238535\" class=\"elementor elementor-238535 elementor-237903\" data-elementor-post-type=\"page\">\n\t\t\t\t\t\t<section class=\"elementor-section elementor-top-section elementor-element elementor-element-0561690 elementor-section-boxed elementor-section-height-default elementor-section-height-default\" data-id=\"0561690\" data-element_type=\"section\">\n\t\t\t\t\t\t<div class=\"elementor-container elementor-column-gap-no\">\n\t\t\t\t\t<div class=\"elementor-column elementor-col-100 elementor-top-column elementor-element elementor-element-9469c02\" data-id=\"9469c02\" data-element_type=\"column\">\n\t\t\t<div class=\"elementor-widget-wrap elementor-element-populated\">\n\t\t\t\t\t\t<div class=\"elementor-element elementor-element-a841514 elementor-widget elementor-widget-text-editor\" data-id=\"a841514\" data-element_type=\"widget\" data-widget_type=\"text-editor.default\">\n\t\t\t\t<div class=\"elementor-widget-container\">\n\t\t\t\t\t\t\t\t\t<h2>Enciendo <span style=\"color: #e8a702;\">mi llama<\/span><\/h2>\t\t\t\t\t\t\t\t<\/div>\n\t\t\t\t<\/div>\n\t\t\t\t<div class=\"elementor-element elementor-element-593bba0 elementor-widget elementor-widget-text-editor\" data-id=\"593bba0\" data-element_type=\"widget\" data-widget_type=\"text-editor.default\">\n\t\t\t\t<div class=\"elementor-widget-container\">\n\t\t\t\t\t\t\t\t\t<p>En Lourdes, millones de velas se queman sin cesar desde el 18 de febrero de 1858. Ese d\u00eda Bernardita llega a la Gruta con una vela encendida que tiene en sus manos hasta el final de la aparici\u00f3n de la Virgen Mar\u00eda. Antes de irse, la Virgen le pide que la deje hasta que se consuma en la Gruta. Ese mismo d\u00eda, algunas personas dejan en el lugar indicado otras velas encendidas.<br \/>No se ha dejado de renovarlas.<\/p><p>Al pedir que se encienda una vela en Lourdes, participan en este bello impulso de fe.<\/p><p><span style=\"color: #e8a702;\"><strong>Por ustedes y por aquellos que no pueden venir f\u00edsicamente a Lourdes, enciendan una velita de Lourdes.<\/strong><\/span><\/p><p>Se encienden todos los d\u00edas estas luces por ustedes y se colocan en la Bas\u00edlica de Nuestra Se\u00f1ora del Rosario, justo al lado de la Gruta de Lourdes. Las volutas de humo tienen millones de intenciones. <strong>Cada llama es un signo de una presencia, su presencia. \u00a1Cada llama irradia esperanza!<\/strong><\/p><p>Cuando la Biblia habla del estado en que se encuentra la humanidad, a menudo utiliza la imagen de la oscuridad. En cambio, la salvaci\u00f3n obrada por Jesucristo se presenta como liberaci\u00f3n e iluminaci\u00f3n. Como signo concreto de ello el sacerdote bendice el fuego y la luz de las velas durante la celebraci\u00f3n de la Pascua, antes de bendecir el agua para el bautismo.<\/p>\t\t\t\t\t\t\t\t<\/div>\n\t\t\t\t<\/div>\n\t\t\t\t\t<\/div>\n\t\t<\/div>\n\t\t\t\t\t<\/div>\n\t\t<\/section>\n\t\t\t\t<section class=\"elementor-section elementor-top-section elementor-element elementor-element-52c6afe elementor-section-boxed elementor-section-height-default elementor-section-height-default\" data-id=\"52c6afe\" data-element_type=\"section\">\n\t\t\t\t\t\t<div class=\"elementor-container elementor-column-gap-default\">\n\t\t\t\t\t<div class=\"elementor-column elementor-col-50 elementor-top-column elementor-element elementor-element-24f7911\" data-id=\"24f7911\" data-element_type=\"column\">\n\t\t\t<div class=\"elementor-widget-wrap elementor-element-populated\">\n\t\t\t\t\t\t<div class=\"elementor-element elementor-element-581c4eb elementor-widget elementor-widget-image\" data-id=\"581c4eb\" data-element_type=\"widget\" data-widget_type=\"image.default\">\n\t\t\t\t<div class=\"elementor-widget-container\">\n\t\t\t\t\t\t\t\t\t\t\t\t\t\t\t<img fetchpriority=\"high\" decoding=\"async\" width=\"760\" height=\"560\" src=\"https:\/\/www.lourdes-france.org\/wp-content\/uploads\/2020\/03\/vierge-grotte-380.jpg\" class=\"attachment-large size-large wp-image-227835\" alt=\"\" srcset=\"https:\/\/www.lourdes-france.org\/wp-content\/uploads\/2020\/03\/vierge-grotte-380.jpg 760w, https:\/\/www.lourdes-france.org\/wp-content\/uploads\/2020\/03\/vierge-grotte-380-300x221.jpg 300w, https:\/\/www.lourdes-france.org\/wp-content\/uploads\/2020\/03\/vierge-grotte-380-380x280.jpg 380w\" sizes=\"(max-width: 760px) 100vw, 760px\" \/>\t\t\t\t\t\t\t\t\t\t\t\t\t\t\t<\/div>\n\t\t\t\t<\/div>\n\t\t\t\t\t<\/div>\n\t\t<\/div>\n\t\t\t\t<div class=\"elementor-column elementor-col-50 elementor-top-column elementor-element elementor-element-e821107\" data-id=\"e821107\" data-element_type=\"column\">\n\t\t\t<div class=\"elementor-widget-wrap elementor-element-populated\">\n\t\t\t\t\t\t<div class=\"elementor-element elementor-element-b394238 elementor-widget elementor-widget-text-editor\" data-id=\"b394238\" data-element_type=\"widget\" data-widget_type=\"text-editor.default\">\n\t\t\t\t<div class=\"elementor-widget-container\">\n\t\t\t\t\t\t\t\t\t<p style=\"text-align: center;\"><em>Oh, Dios m\u00edo,<br \/><\/em><em>Que esta luz sea para m\u00ed la se\u00f1al de tu presencia.<br \/><\/em><em>Que ilumine mi vida y sea el signo de mi Fe. <br \/><\/em><em>Que caliente mi coraz\u00f3n en mis penas y mis dificultades.<br \/><\/em><em>Esta llama, son mis intenciones y las de aquellos a quienes amo y que te conf\u00edo. <br \/><\/em><em>Ay\u00fadame a ser luz para los que me rodean. Gracias, Se\u00f1or.<\/em><\/p><p style=\"text-align: center;\"><em>\u00a0<\/em><em>Nuestra Se\u00f1ora de Lourdes, ruega por nosotros. <br \/><\/em><em>Santa Bernardita, ruega por nosotros. <\/em><\/p>\t\t\t\t\t\t\t\t<\/div>\n\t\t\t\t<\/div>\n\t\t\t\t\t<\/div>\n\t\t<\/div>\n\t\t\t\t\t<\/div>\n\t\t<\/section>\n\t\t\t\t<section class=\"elementor-section elementor-top-section elementor-element elementor-element-b71d2dc elementor-section-boxed elementor-section-height-default elementor-section-height-default\" data-id=\"b71d2dc\" data-element_type=\"section\">\n\t\t\t\t\t\t<div class=\"elementor-container elementor-column-gap-default\">\n\t\t\t\t\t<div class=\"elementor-column elementor-col-100 elementor-top-column elementor-element elementor-element-11ec4ce\" data-id=\"11ec4ce\" data-element_type=\"column\">\n\t\t\t<div class=\"elementor-widget-wrap elementor-element-populated\">\n\t\t\t\t\t\t<div class=\"elementor-element elementor-element-473fa73 elementor-align-center elementor-invisible elementor-widget elementor-widget-button\" data-id=\"473fa73\" data-element_type=\"widget\" data-settings=\"{&quot;_animation&quot;:&quot;zoomIn&quot;}\" data-widget_type=\"button.default\">\n\t\t\t\t<div class=\"elementor-widget-container\">\n\t\t\t\t\t\t\t\t\t<div class=\"elementor-button-wrapper\">\n\t\t\t\t\t<a class=\"elementor-button elementor-button-link elementor-size-md\" href=\"\/es\/enciendo-mi-llama\/?p=W\">\n\t\t\t\t\t\t<span class=\"elementor-button-content-wrapper\">\n\t\t\t\t\t\t<span class=\"elementor-button-icon\">\n\t\t\t\t<i aria-hidden=\"true\" class=\"far fa-arrow-alt-circle-right\"><\/i>\t\t\t<\/span>\n\t\t\t\t\t\t\t\t\t<span class=\"elementor-button-text\">Enciendo mi llama<\/span>\n\t\t\t\t\t<\/span>\n\t\t\t\t\t<\/a>\n\t\t\t\t<\/div>\n\t\t\t\t\t\t\t\t<\/div>\n\t\t\t\t<\/div>\n\t\t\t\t\t<\/div>\n\t\t<\/div>\n\t\t\t\t\t<\/div>\n\t\t<\/section>\n\t\t\t\t<\/div>\n\t\t","protected":false},"excerpt":{"rendered":"<p>Enciendo mi llama En Lourdes, millones de velas se queman sin cesar desde el 18 de febrero de 1858. Ese d\u00eda Bernardita llega a la Gruta con una vela encendida que tiene en sus manos hasta el final de la &hellip; <a href=\"https:\/\/www.lourdes-france.org\/es\/una-llama-una-presencia\/\">Continuar<\/a><\/p>\n","protected":false},"author":7,"featured_media":238551,"parent":0,"menu_order":0,"comment_status":"closed","ping_status":"closed","template":"","meta":{"_acf_changed":false,"footnotes":""},"class_list":["post-238535","page","type-page","status-publish","has-post-thumbnail","hentry"],"acf":[],"yoast_head":"<!-- This site is optimized with the Yoast SEO plugin v24.7 - https:\/\/yoast.com\/wordpress\/plugins\/seo\/ -->\n<title>\u00abUna llama, una Presencia\u00bb<\/title>\n<meta name=\"robots\" content=\"index, follow, max-snippet:-1, max-image-preview:large, max-video-preview:-1\" \/>\n<link rel=\"canonical\" href=\"https:\/\/preprod-lourdes.cawita.com\/es\/una-llama-una-presencia\/\" \/>\n<meta name=\"twitter:label1\" content=\"Tiempo de lectura\" \/>\n\t<meta name=\"twitter:data1\" content=\"2 minutos\" \/>\n<script type=\"application\/ld+json\" class=\"yoast-schema-graph\">{\"@context\":\"https:\/\/schema.org\",\"@graph\":[{\"@type\":\"WebPage\",\"@id\":\"https:\/\/preprod-lourdes.cawita.com\/es\/una-llama-una-presencia\/\",\"url\":\"https:\/\/preprod-lourdes.cawita.com\/es\/una-llama-una-presencia\/\",\"name\":\"\u00abUna llama, una Presencia\u00bb\",\"isPartOf\":{\"@id\":\"https:\/\/preprod-lourdes.cawita.com\/#website\"},\"primaryImageOfPage\":{\"@id\":\"https:\/\/preprod-lourdes.cawita.com\/es\/una-llama-una-presencia\/#primaryimage\"},\"image\":{\"@id\":\"https:\/\/preprod-lourdes.cawita.com\/es\/una-llama-una-presencia\/#primaryimage\"},\"thumbnailUrl\":\"https:\/\/www.lourdes-france.org\/wp-content\/uploads\/2020\/03\/Bloc-votive-ES.jpg\",\"datePublished\":\"2020-03-30T06:46:06+00:00\",\"dateModified\":\"2021-03-02T15:05:22+00:00\",\"breadcrumb\":{\"@id\":\"https:\/\/preprod-lourdes.cawita.com\/es\/una-llama-una-presencia\/#breadcrumb\"},\"inLanguage\":\"es\",\"potentialAction\":[{\"@type\":\"ReadAction\",\"target\":[\"https:\/\/preprod-lourdes.cawita.com\/es\/una-llama-una-presencia\/\"]}]},{\"@type\":\"ImageObject\",\"inLanguage\":\"es\",\"@id\":\"https:\/\/preprod-lourdes.cawita.com\/es\/una-llama-una-presencia\/#primaryimage\",\"url\":\"https:\/\/www.lourdes-france.org\/wp-content\/uploads\/2020\/03\/Bloc-votive-ES.jpg\",\"contentUrl\":\"https:\/\/www.lourdes-france.org\/wp-content\/uploads\/2020\/03\/Bloc-votive-ES.jpg\",\"width\":760,\"height\":560},{\"@type\":\"BreadcrumbList\",\"@id\":\"https:\/\/preprod-lourdes.cawita.com\/es\/una-llama-una-presencia\/#breadcrumb\",\"itemListElement\":[{\"@type\":\"ListItem\",\"position\":1,\"name\":\"Accueil\",\"item\":\"https:\/\/www.lourdes-france.org\/\"},{\"@type\":\"ListItem\",\"position\":2,\"name\":\"\u00abUna llama, una Presencia\u00bb\"}]},{\"@type\":\"WebSite\",\"@id\":\"https:\/\/preprod-lourdes.cawita.com\/#website\",\"url\":\"https:\/\/preprod-lourdes.cawita.com\/\",\"name\":\"Soutenir le Sanctuaire Notre-Dame de Lourdes\",\"description\":\"\",\"potentialAction\":[{\"@type\":\"SearchAction\",\"target\":{\"@type\":\"EntryPoint\",\"urlTemplate\":\"https:\/\/preprod-lourdes.cawita.com\/?s={search_term_string}\"},\"query-input\":{\"@type\":\"PropertyValueSpecification\",\"valueRequired\":true,\"valueName\":\"search_term_string\"}}],\"inLanguage\":\"es\"}]}<\/script>\n<!-- \/ Yoast SEO plugin. -->","yoast_head_json":{"title":"\u00abUna llama, una Presencia\u00bb","robots":{"index":"index","follow":"follow","max-snippet":"max-snippet:-1","max-image-preview":"max-image-preview:large","max-video-preview":"max-video-preview:-1"},"canonical":"https:\/\/preprod-lourdes.cawita.com\/es\/una-llama-una-presencia\/","twitter_misc":{"Tiempo de lectura":"2 minutos"},"schema":{"@context":"https:\/\/schema.org","@graph":[{"@type":"WebPage","@id":"https:\/\/preprod-lourdes.cawita.com\/es\/una-llama-una-presencia\/","url":"https:\/\/preprod-lourdes.cawita.com\/es\/una-llama-una-presencia\/","name":"\u00abUna llama, una Presencia\u00bb","isPartOf":{"@id":"https:\/\/preprod-lourdes.cawita.com\/#website"},"primaryImageOfPage":{"@id":"https:\/\/preprod-lourdes.cawita.com\/es\/una-llama-una-presencia\/#primaryimage"},"image":{"@id":"https:\/\/preprod-lourdes.cawita.com\/es\/una-llama-una-presencia\/#primaryimage"},"thumbnailUrl":"https:\/\/www.lourdes-france.org\/wp-content\/uploads\/2020\/03\/Bloc-votive-ES.jpg","datePublished":"2020-03-30T06:46:06+00:00","dateModified":"2021-03-02T15:05:22+00:00","breadcrumb":{"@id":"https:\/\/preprod-lourdes.cawita.com\/es\/una-llama-una-presencia\/#breadcrumb"},"inLanguage":"es","potentialAction":[{"@type":"ReadAction","target":["https:\/\/preprod-lourdes.cawita.com\/es\/una-llama-una-presencia\/"]}]},{"@type":"ImageObject","inLanguage":"es","@id":"https:\/\/preprod-lourdes.cawita.com\/es\/una-llama-una-presencia\/#primaryimage","url":"https:\/\/www.lourdes-france.org\/wp-content\/uploads\/2020\/03\/Bloc-votive-ES.jpg","contentUrl":"https:\/\/www.lourdes-france.org\/wp-content\/uploads\/2020\/03\/Bloc-votive-ES.jpg","width":760,"height":560},{"@type":"BreadcrumbList","@id":"https:\/\/preprod-lourdes.cawita.com\/es\/una-llama-una-presencia\/#breadcrumb","itemListElement":[{"@type":"ListItem","position":1,"name":"Accueil","item":"https:\/\/www.lourdes-france.org\/"},{"@type":"ListItem","position":2,"name":"\u00abUna llama, una Presencia\u00bb"}]},{"@type":"WebSite","@id":"https:\/\/preprod-lourdes.cawita.com\/#website","url":"https:\/\/preprod-lourdes.cawita.com\/","name":"Soutenir le Sanctuaire Notre-Dame de Lourdes","description":"","potentialAction":[{"@type":"SearchAction","target":{"@type":"EntryPoint","urlTemplate":"https:\/\/preprod-lourdes.cawita.com\/?s={search_term_string}"},"query-input":{"@type":"PropertyValueSpecification","valueRequired":true,"valueName":"search_term_string"}}],"inLanguage":"es"}]}},"_links":{"self":[{"href":"https:\/\/www.lourdes-france.org\/es\/wp-json\/wp\/v2\/pages\/238535","targetHints":{"allow":["GET"]}}],"collection":[{"href":"https:\/\/www.lourdes-france.org\/es\/wp-json\/wp\/v2\/pages"}],"about":[{"href":"https:\/\/www.lourdes-france.org\/es\/wp-json\/wp\/v2\/types\/page"}],"author":[{"embeddable":true,"href":"https:\/\/www.lourdes-france.org\/es\/wp-json\/wp\/v2\/users\/7"}],"replies":[{"embeddable":true,"href":"https:\/\/www.lourdes-france.org\/es\/wp-json\/wp\/v2\/comments?post=238535"}],"version-history":[{"count":6,"href":"https:\/\/www.lourdes-france.org\/es\/wp-json\/wp\/v2\/pages\/238535\/revisions"}],"predecessor-version":[{"id":302064,"href":"https:\/\/www.lourdes-france.org\/es\/wp-json\/wp\/v2\/pages\/238535\/revisions\/302064"}],"wp:featuredmedia":[{"embeddable":true,"href":"https:\/\/www.lourdes-france.org\/es\/wp-json\/wp\/v2\/media\/238551"}],"wp:attachment":[{"href":"https:\/\/www.lourdes-france.org\/es\/wp-json\/wp\/v2\/media?parent=238535"}],"curies":[{"name":"wp","href":"https:\/\/api.w.org\/{rel}","templated":true}]}}