{"id":29399,"date":"2019-02-11T14:53:05","date_gmt":"2019-02-11T13:53:05","guid":{"rendered":"https:\/\/www.lourdes-france.org\/expliquez-moi-les-apparitions\/"},"modified":"2021-03-02T16:09:42","modified_gmt":"2021-03-02T15:09:42","slug":"expliquez-moi-les-apparitions","status":"publish","type":"page","link":"https:\/\/www.lourdes-france.org\/es\/expliquez-moi-les-apparitions\/","title":{"rendered":"Viernes 16 de julio de 1858  Evocaci\u00f3n de la 18a y \u00faltima aparici\u00f3n"},"content":{"rendered":"\t\t<div data-elementor-type=\"wp-post\" data-elementor-id=\"29399\" class=\"elementor elementor-29399 elementor-29149\" data-elementor-post-type=\"page\">\n\t\t\t\t\t\t<section class=\"elementor-section elementor-top-section elementor-element elementor-element-6d2c02e1 elementor-section-boxed elementor-section-height-default elementor-section-height-default\" data-id=\"6d2c02e1\" data-element_type=\"section\">\n\t\t\t\t\t\t<div class=\"elementor-container elementor-column-gap-no\">\n\t\t\t\t\t<div class=\"elementor-column elementor-col-100 elementor-top-column elementor-element elementor-element-7d9cc9a3\" data-id=\"7d9cc9a3\" data-element_type=\"column\">\n\t\t\t<div class=\"elementor-widget-wrap elementor-element-populated\">\n\t\t\t\t\t\t<div class=\"elementor-element elementor-element-45bd2ed4 elementor-widget elementor-widget-text-editor\" data-id=\"45bd2ed4\" data-element_type=\"widget\" data-widget_type=\"text-editor.default\">\n\t\t\t\t<div class=\"elementor-widget-container\">\n\t\t\t\t\t\t\t\t\t<h2>Viernes 16 de julio de 1858: <span style=\"color: #e8a702;\">\u00faltima aparici\u00f3n<\/span><\/h2>\t\t\t\t\t\t\t\t<\/div>\n\t\t\t\t<\/div>\n\t\t\t\t\t<\/div>\n\t\t<\/div>\n\t\t\t\t\t<\/div>\n\t\t<\/section>\n\t\t\t\t<section class=\"elementor-section elementor-top-section elementor-element elementor-element-5c8395 elementor-section-boxed elementor-section-height-default elementor-section-height-default\" data-id=\"5c8395\" data-element_type=\"section\">\n\t\t\t\t\t\t<div class=\"elementor-container elementor-column-gap-no\">\n\t\t\t\t\t<div class=\"elementor-column elementor-col-100 elementor-top-column elementor-element elementor-element-70fc9297\" data-id=\"70fc9297\" data-element_type=\"column\">\n\t\t\t<div class=\"elementor-widget-wrap elementor-element-populated\">\n\t\t\t\t\t\t<section class=\"elementor-section elementor-inner-section elementor-element elementor-element-c70c65a elementor-section-boxed elementor-section-height-default elementor-section-height-default\" data-id=\"c70c65a\" data-element_type=\"section\">\n\t\t\t\t\t\t<div class=\"elementor-container elementor-column-gap-no\">\n\t\t\t\t\t<div class=\"elementor-column elementor-col-50 elementor-inner-column elementor-element elementor-element-db65f3b\" data-id=\"db65f3b\" data-element_type=\"column\">\n\t\t\t<div class=\"elementor-widget-wrap elementor-element-populated\">\n\t\t\t\t\t\t<div class=\"elementor-element elementor-element-48def105 elementor-widget elementor-widget-text-editor\" data-id=\"48def105\" data-element_type=\"widget\" data-widget_type=\"text-editor.default\">\n\t\t\t\t<div class=\"elementor-widget-container\">\n\t\t\t\t\t\t\t\t\t<p>Ya hace m\u00e1s de tres meses que Bernardita Soubirous no ha tenido ninguna aparici\u00f3n de aquella que, el pasado 25 de marzo, se present\u00f3 a ella dici\u00e9ndo: \u00ab<em>Yo soy la Inmaculada Concepci\u00f3n<\/em>\u00bb.<\/p>\t\t\t\t\t\t\t\t<\/div>\n\t\t\t\t<\/div>\n\t\t\t\t<div class=\"elementor-element elementor-element-75c2d49 elementor-widget elementor-widget-text-editor\" data-id=\"75c2d49\" data-element_type=\"widget\" data-widget_type=\"text-editor.default\">\n\t\t\t\t<div class=\"elementor-widget-container\">\n\t\t\t\t\t\t\t\t\t<p>De hecho, la \u00faltima aparici\u00f3n remonta al mi\u00e9rcoles de Pascua, el 7 de abril de 1858. Desde entonces muchos acontecimientos han tenido lugar en la gruta, sin que Bernardita participe en ellos, ni de cerca ni de lejos. La confusi\u00f3n que reina durante cierto tiempo, obliga a las autoridades a prohibir el acceso a la gruta desde el 15 de junio. Colocan carteles, tablas y barricadas. Poco despu\u00e9s, por cuesti\u00f3n de una situaci\u00f3n explosiva, el obispo tambi\u00e9n proh\u00edbe a los cat\u00f3licos que vayan a la gruta. Dos semanas despu\u00e9s, el ambiente se ha calmado un poco, el obispo levanta su prohibici\u00f3n. Mar\u00eda puede volver a Massabielle.<\/p>\t\t\t\t\t\t\t\t<\/div>\n\t\t\t\t<\/div>\n\t\t\t\t\t<\/div>\n\t\t<\/div>\n\t\t\t\t<div class=\"elementor-column elementor-col-50 elementor-inner-column elementor-element elementor-element-fc261fa\" data-id=\"fc261fa\" data-element_type=\"column\">\n\t\t\t<div class=\"elementor-widget-wrap elementor-element-populated\">\n\t\t\t\t\t\t<div class=\"elementor-element elementor-element-e6a27bd elementor-widget elementor-widget-image\" data-id=\"e6a27bd\" data-element_type=\"widget\" data-widget_type=\"image.default\">\n\t\t\t\t<div class=\"elementor-widget-container\">\n\t\t\t\t\t\t\t\t\t\t\t\t<figure class=\"wp-caption\">\n\t\t\t\t\t\t\t\t\t\t<img fetchpriority=\"high\" decoding=\"async\" width=\"800\" height=\"652\" src=\"https:\/\/www.lourdes-france.org\/wp-content\/uploads\/2019\/06\/2K8_APPARITIONS-18.jpg\" class=\"attachment-full size-full wp-image-55771\" alt=\"\" srcset=\"https:\/\/www.lourdes-france.org\/wp-content\/uploads\/2019\/06\/2K8_APPARITIONS-18.jpg 800w, https:\/\/www.lourdes-france.org\/wp-content\/uploads\/2019\/06\/2K8_APPARITIONS-18-300x245.jpg 300w, https:\/\/www.lourdes-france.org\/wp-content\/uploads\/2019\/06\/2K8_APPARITIONS-18-768x626.jpg 768w, https:\/\/www.lourdes-france.org\/wp-content\/uploads\/2019\/06\/2K8_APPARITIONS-18-344x280.jpg 344w\" sizes=\"(max-width: 800px) 100vw, 800px\" \/>\t\t\t\t\t\t\t\t\t\t\t<figcaption class=\"widget-image-caption wp-caption-text\"><p style=\"font-size:12px\">Cr\u00e9ation artistique de Ren\u00e9 Margotton, r\u00e9alis\u00e9s par Germaine et <\/br>Paul Sala-Malherbe<\/br>\u00a9 Sanctuaire Notre-Dame de Lourdes \/ Vincent<\/p><\/figcaption>\n\t\t\t\t\t\t\t\t\t\t<\/figure>\n\t\t\t\t\t\t\t\t\t<\/div>\n\t\t\t\t<\/div>\n\t\t\t\t\t<\/div>\n\t\t<\/div>\n\t\t\t\t\t<\/div>\n\t\t<\/section>\n\t\t\t\t<div class=\"elementor-element elementor-element-80cb1cb elementor-widget elementor-widget-text-editor\" data-id=\"80cb1cb\" data-element_type=\"widget\" data-widget_type=\"text-editor.default\">\n\t\t\t\t<div class=\"elementor-widget-container\">\n\t\t\t\t\t\t\t\t\t<p>El 16 de julio por la tarde, Bernardita siente de nuevo la atracci\u00f3n irresistible que la lleva a la gruta. Es un sentimiento que conoce muy bien, pero que no hab\u00eda notado desde hac\u00eda tiempo. Se va pues acompa\u00f1ada por su t\u00eda Lucile Cast\u00e9rot, la menor de sus t\u00edas que tan solo tiene 20 a\u00f1os. Se adapta a las circunstancias. Por una parte lleva ropa prestada, demasiado grande para ella, para que no sea reconocida. Por otra parte, elige un itinerario para no ir directamente a la gruta, sino frente a \u00e9sta. Cruzan el r\u00edo Gave, qued\u00e1ndose en la orilla derecha de la corriente de agua. <br \/>Bernardita se arrodilla frente a la gruta, pero a una cierta distancia de la cavidad. Son m\u00e1s o menos las 22.30 h. Lentamente, como le ense\u00f1\u00f3 la Virgen Mar\u00eda, hace la se\u00f1al de la cruz. Despu\u00e9s empieza a rezar el rosario.<\/p>\t\t\t\t\t\t\t\t<\/div>\n\t\t\t\t<\/div>\n\t\t\t\t<div class=\"elementor-element elementor-element-8600e8e elementor-widget elementor-widget-text-editor\" data-id=\"8600e8e\" data-element_type=\"widget\" data-widget_type=\"text-editor.default\">\n\t\t\t\t<div class=\"elementor-widget-container\">\n\t\t\t\t\t\t\t\t\t<p><br \/>A su derecha, la t\u00eda Lucile, a su izquierda dos muchachas miembros de la cofrad\u00eda parroquial de las Hijas de Mar\u00eda con una vela encendida cada una. Es casi ya de noche, pero con la luz de las velas, sus tres vecinas pueden ver la cara transfigurada de Bernardita, resplandeciente de una felicidad de otro mundo.<\/p>\t\t\t\t\t\t\t\t<\/div>\n\t\t\t\t<\/div>\n\t\t\t\t<div class=\"elementor-element elementor-element-01207d9 elementor-widget elementor-widget-text-editor\" data-id=\"01207d9\" data-element_type=\"widget\" data-widget_type=\"text-editor.default\">\n\t\t\t\t<div class=\"elementor-widget-container\">\n\t\t\t\t\t\t\t\t\t<p>La Virgen Inmaculada se encuentra pues all\u00ed, por la decimoctava vez. No intercambiaron palabra alguna. Sin embargo entre la Madre de Dios y la joven de Lourdes la comuni\u00f3n es intensa. Despu\u00e9s de esta \u00faltima aparici\u00f3n, Bernardita dir\u00e1 sencillamente: \u00ab<em>Mar\u00eda estaba m\u00e1s bella que nunca<\/em>\u00bb. Tambi\u00e9n precisar\u00e1 que hab\u00eda visto a la Sant\u00edsima Virgen como durante las otras apariciones, es decir, muy cerca de ella.<\/p>\t\t\t\t\t\t\t\t<\/div>\n\t\t\t\t<\/div>\n\t\t\t\t<div class=\"elementor-element elementor-element-a508bfa elementor-widget elementor-widget-text-editor\" data-id=\"a508bfa\" data-element_type=\"widget\" data-widget_type=\"text-editor.default\">\n\t\t\t\t<div class=\"elementor-widget-container\">\n\t\t\t\t\t\t\t\t\t<p>Bernardita sabe que acaba de vivir en esta tierra su \u00faltimo encuentro con la Virgen Inmaculada.<\/p>\t\t\t\t\t\t\t\t<\/div>\n\t\t\t\t<\/div>\n\t\t\t\t\t<\/div>\n\t\t<\/div>\n\t\t\t\t\t<\/div>\n\t\t<\/section>\n\t\t\t\t<section class=\"elementor-section elementor-top-section elementor-element elementor-element-63576ec elementor-section-height-min-height elementor-section-boxed elementor-section-height-default elementor-section-items-middle\" data-id=\"63576ec\" data-element_type=\"section\" data-settings=\"{&quot;background_background&quot;:&quot;classic&quot;}\">\n\t\t\t\t\t\t<div class=\"elementor-container elementor-column-gap-default\">\n\t\t\t\t\t<div class=\"elementor-column elementor-col-100 elementor-top-column elementor-element elementor-element-5a645dc\" data-id=\"5a645dc\" data-element_type=\"column\">\n\t\t\t<div class=\"elementor-widget-wrap elementor-element-populated\">\n\t\t\t\t\t\t<div class=\"elementor-element elementor-element-c5d85dd elementor-align-center elementor-widget elementor-widget-button\" data-id=\"c5d85dd\" data-element_type=\"widget\" data-widget_type=\"button.default\">\n\t\t\t\t<div class=\"elementor-widget-container\">\n\t\t\t\t\t\t\t\t\t<div class=\"elementor-button-wrapper\">\n\t\t\t\t\t<a class=\"elementor-button elementor-button-link elementor-size-sm\" href=\"\/es\/annee-bernadette-1-apparition-1-cierge\/\">\n\t\t\t\t\t\t<span class=\"elementor-button-content-wrapper\">\n\t\t\t\t\t\t\t\t\t<span class=\"elementor-button-text\">18a aparici\u00f3n | 1 vela<\/span>\n\t\t\t\t\t<\/span>\n\t\t\t\t\t<\/a>\n\t\t\t\t<\/div>\n\t\t\t\t\t\t\t\t<\/div>\n\t\t\t\t<\/div>\n\t\t\t\t\t<\/div>\n\t\t<\/div>\n\t\t\t\t\t<\/div>\n\t\t<\/section>\n\t\t\t\t<section class=\"elementor-section elementor-top-section elementor-element elementor-element-9749456 elementor-section-boxed elementor-section-height-default elementor-section-height-default\" data-id=\"9749456\" data-element_type=\"section\">\n\t\t\t\t\t\t<div class=\"elementor-container elementor-column-gap-default\">\n\t\t\t\t\t<div class=\"elementor-column elementor-col-100 elementor-top-column elementor-element elementor-element-4efc5b0\" data-id=\"4efc5b0\" data-element_type=\"column\">\n\t\t\t<div class=\"elementor-widget-wrap elementor-element-populated\">\n\t\t\t\t\t\t<div class=\"elementor-element elementor-element-7fe76d6 elementor-widget elementor-widget-text-editor\" data-id=\"7fe76d6\" data-element_type=\"widget\" data-widget_type=\"text-editor.default\">\n\t\t\t\t<div class=\"elementor-widget-container\">\n\t\t\t\t\t\t\t\t\t<p>Durante este a\u00f1o Bernardita, el Santuario de Nuestra Se\u00f1ora de Lourdes les propone encender una vela a cada fecha aniversario de las apariciones de la Virgen Mar\u00eda a Bernardita.<\/p>\t\t\t\t\t\t\t\t<\/div>\n\t\t\t\t<\/div>\n\t\t\t\t\t<\/div>\n\t\t<\/div>\n\t\t\t\t\t<\/div>\n\t\t<\/section>\n\t\t\t\t<\/div>\n\t\t","protected":false},"excerpt":{"rendered":"<p>Viernes 16 de julio de 1858: \u00faltima aparici\u00f3n Ya hace m\u00e1s de tres meses que Bernardita Soubirous no ha tenido ninguna aparici\u00f3n de aquella que, el pasado 25 de marzo, se present\u00f3 a ella dici\u00e9ndo: \u00abYo soy la Inmaculada Concepci\u00f3n\u00bb. &hellip; <a href=\"https:\/\/www.lourdes-france.org\/es\/expliquez-moi-les-apparitions\/\">Continuar<\/a><\/p>\n","protected":false},"author":7,"featured_media":0,"parent":0,"menu_order":0,"comment_status":"closed","ping_status":"closed","template":"","meta":{"_acf_changed":false,"footnotes":""},"class_list":["post-29399","page","type-page","status-publish","hentry"],"acf":[],"yoast_head":"<!-- This site is optimized with the Yoast SEO plugin v24.7 - https:\/\/yoast.com\/wordpress\/plugins\/seo\/ -->\n<title>Viernes 16 de julio de 1858 Evocaci\u00f3n de la 18a y \u00faltima aparici\u00f3n<\/title>\n<meta name=\"robots\" content=\"index, follow, max-snippet:-1, max-image-preview:large, max-video-preview:-1\" \/>\n<link rel=\"canonical\" href=\"https:\/\/www.lourdes-france.org\/es\/expliquez-moi-les-apparitions\/\" \/>\n<meta name=\"twitter:label1\" content=\"Tiempo de lectura\" \/>\n\t<meta name=\"twitter:data1\" content=\"3 minutos\" \/>\n<script type=\"application\/ld+json\" class=\"yoast-schema-graph\">{\"@context\":\"https:\/\/schema.org\",\"@graph\":[{\"@type\":\"WebPage\",\"@id\":\"https:\/\/www.lourdes-france.org\/es\/expliquez-moi-les-apparitions\/\",\"url\":\"https:\/\/www.lourdes-france.org\/es\/expliquez-moi-les-apparitions\/\",\"name\":\"Viernes 16 de julio de 1858 Evocaci\u00f3n de la 18a y \u00faltima aparici\u00f3n\",\"isPartOf\":{\"@id\":\"https:\/\/preprod-lourdes.cawita.com\/#website\"},\"primaryImageOfPage\":{\"@id\":\"https:\/\/www.lourdes-france.org\/es\/expliquez-moi-les-apparitions\/#primaryimage\"},\"image\":{\"@id\":\"https:\/\/www.lourdes-france.org\/es\/expliquez-moi-les-apparitions\/#primaryimage\"},\"thumbnailUrl\":\"http:\/\/www.lourdes-france.org\/wp-content\/uploads\/2019\/06\/2K8_APPARITIONS-18.jpg\",\"datePublished\":\"2019-02-11T13:53:05+00:00\",\"dateModified\":\"2021-03-02T15:09:42+00:00\",\"breadcrumb\":{\"@id\":\"https:\/\/www.lourdes-france.org\/es\/expliquez-moi-les-apparitions\/#breadcrumb\"},\"inLanguage\":\"es\",\"potentialAction\":[{\"@type\":\"ReadAction\",\"target\":[\"https:\/\/www.lourdes-france.org\/es\/expliquez-moi-les-apparitions\/\"]}]},{\"@type\":\"ImageObject\",\"inLanguage\":\"es\",\"@id\":\"https:\/\/www.lourdes-france.org\/es\/expliquez-moi-les-apparitions\/#primaryimage\",\"url\":\"http:\/\/www.lourdes-france.org\/wp-content\/uploads\/2019\/06\/2K8_APPARITIONS-18.jpg\",\"contentUrl\":\"http:\/\/www.lourdes-france.org\/wp-content\/uploads\/2019\/06\/2K8_APPARITIONS-18.jpg\"},{\"@type\":\"BreadcrumbList\",\"@id\":\"https:\/\/www.lourdes-france.org\/es\/expliquez-moi-les-apparitions\/#breadcrumb\",\"itemListElement\":[{\"@type\":\"ListItem\",\"position\":1,\"name\":\"Accueil\",\"item\":\"https:\/\/www.lourdes-france.org\/\"},{\"@type\":\"ListItem\",\"position\":2,\"name\":\"Viernes 16 de julio de 1858 Evocaci\u00f3n de la 18a y \u00faltima aparici\u00f3n\"}]},{\"@type\":\"WebSite\",\"@id\":\"https:\/\/preprod-lourdes.cawita.com\/#website\",\"url\":\"https:\/\/preprod-lourdes.cawita.com\/\",\"name\":\"Soutenir le Sanctuaire Notre-Dame de Lourdes\",\"description\":\"\",\"potentialAction\":[{\"@type\":\"SearchAction\",\"target\":{\"@type\":\"EntryPoint\",\"urlTemplate\":\"https:\/\/preprod-lourdes.cawita.com\/?s={search_term_string}\"},\"query-input\":{\"@type\":\"PropertyValueSpecification\",\"valueRequired\":true,\"valueName\":\"search_term_string\"}}],\"inLanguage\":\"es\"}]}<\/script>\n<!-- \/ Yoast SEO plugin. -->","yoast_head_json":{"title":"Viernes 16 de julio de 1858 Evocaci\u00f3n de la 18a y \u00faltima aparici\u00f3n","robots":{"index":"index","follow":"follow","max-snippet":"max-snippet:-1","max-image-preview":"max-image-preview:large","max-video-preview":"max-video-preview:-1"},"canonical":"https:\/\/www.lourdes-france.org\/es\/expliquez-moi-les-apparitions\/","twitter_misc":{"Tiempo de lectura":"3 minutos"},"schema":{"@context":"https:\/\/schema.org","@graph":[{"@type":"WebPage","@id":"https:\/\/www.lourdes-france.org\/es\/expliquez-moi-les-apparitions\/","url":"https:\/\/www.lourdes-france.org\/es\/expliquez-moi-les-apparitions\/","name":"Viernes 16 de julio de 1858 Evocaci\u00f3n de la 18a y \u00faltima aparici\u00f3n","isPartOf":{"@id":"https:\/\/preprod-lourdes.cawita.com\/#website"},"primaryImageOfPage":{"@id":"https:\/\/www.lourdes-france.org\/es\/expliquez-moi-les-apparitions\/#primaryimage"},"image":{"@id":"https:\/\/www.lourdes-france.org\/es\/expliquez-moi-les-apparitions\/#primaryimage"},"thumbnailUrl":"http:\/\/www.lourdes-france.org\/wp-content\/uploads\/2019\/06\/2K8_APPARITIONS-18.jpg","datePublished":"2019-02-11T13:53:05+00:00","dateModified":"2021-03-02T15:09:42+00:00","breadcrumb":{"@id":"https:\/\/www.lourdes-france.org\/es\/expliquez-moi-les-apparitions\/#breadcrumb"},"inLanguage":"es","potentialAction":[{"@type":"ReadAction","target":["https:\/\/www.lourdes-france.org\/es\/expliquez-moi-les-apparitions\/"]}]},{"@type":"ImageObject","inLanguage":"es","@id":"https:\/\/www.lourdes-france.org\/es\/expliquez-moi-les-apparitions\/#primaryimage","url":"http:\/\/www.lourdes-france.org\/wp-content\/uploads\/2019\/06\/2K8_APPARITIONS-18.jpg","contentUrl":"http:\/\/www.lourdes-france.org\/wp-content\/uploads\/2019\/06\/2K8_APPARITIONS-18.jpg"},{"@type":"BreadcrumbList","@id":"https:\/\/www.lourdes-france.org\/es\/expliquez-moi-les-apparitions\/#breadcrumb","itemListElement":[{"@type":"ListItem","position":1,"name":"Accueil","item":"https:\/\/www.lourdes-france.org\/"},{"@type":"ListItem","position":2,"name":"Viernes 16 de julio de 1858 Evocaci\u00f3n de la 18a y \u00faltima aparici\u00f3n"}]},{"@type":"WebSite","@id":"https:\/\/preprod-lourdes.cawita.com\/#website","url":"https:\/\/preprod-lourdes.cawita.com\/","name":"Soutenir le Sanctuaire Notre-Dame de Lourdes","description":"","potentialAction":[{"@type":"SearchAction","target":{"@type":"EntryPoint","urlTemplate":"https:\/\/preprod-lourdes.cawita.com\/?s={search_term_string}"},"query-input":{"@type":"PropertyValueSpecification","valueRequired":true,"valueName":"search_term_string"}}],"inLanguage":"es"}]}},"_links":{"self":[{"href":"https:\/\/www.lourdes-france.org\/es\/wp-json\/wp\/v2\/pages\/29399","targetHints":{"allow":["GET"]}}],"collection":[{"href":"https:\/\/www.lourdes-france.org\/es\/wp-json\/wp\/v2\/pages"}],"about":[{"href":"https:\/\/www.lourdes-france.org\/es\/wp-json\/wp\/v2\/types\/page"}],"author":[{"embeddable":true,"href":"https:\/\/www.lourdes-france.org\/es\/wp-json\/wp\/v2\/users\/7"}],"replies":[{"embeddable":true,"href":"https:\/\/www.lourdes-france.org\/es\/wp-json\/wp\/v2\/comments?post=29399"}],"version-history":[{"count":44,"href":"https:\/\/www.lourdes-france.org\/es\/wp-json\/wp\/v2\/pages\/29399\/revisions"}],"predecessor-version":[{"id":55791,"href":"https:\/\/www.lourdes-france.org\/es\/wp-json\/wp\/v2\/pages\/29399\/revisions\/55791"}],"wp:attachment":[{"href":"https:\/\/www.lourdes-france.org\/es\/wp-json\/wp\/v2\/media?parent=29399"}],"curies":[{"name":"wp","href":"https:\/\/api.w.org\/{rel}","templated":true}]}}