{"id":3009,"date":"2018-07-18T09:36:38","date_gmt":"2018-07-18T07:36:38","guid":{"rendered":"http:\/\/preprod.slou.pg3.xyz\/segni-lourdes\/"},"modified":"2022-09-09T13:09:38","modified_gmt":"2022-09-09T11:09:38","slug":"signos-lourdes","status":"publish","type":"page","link":"https:\/\/www.lourdes-france.org\/es\/signos-lourdes\/","title":{"rendered":"Los signos de Lourdes"},"content":{"rendered":"\t\t<div data-elementor-type=\"wp-post\" data-elementor-id=\"3009\" class=\"elementor elementor-3009 elementor-519\" data-elementor-post-type=\"page\">\n\t\t\t\t\t\t<section class=\"elementor-section elementor-top-section elementor-element elementor-element-17d856eb elementor-section-boxed elementor-section-height-default elementor-section-height-default\" data-id=\"17d856eb\" data-element_type=\"section\">\n\t\t\t\t\t\t<div class=\"elementor-container elementor-column-gap-no\">\n\t\t\t\t\t<div class=\"elementor-column elementor-col-100 elementor-top-column elementor-element elementor-element-48ffe1cb\" data-id=\"48ffe1cb\" data-element_type=\"column\">\n\t\t\t<div class=\"elementor-widget-wrap elementor-element-populated\">\n\t\t\t\t\t\t<div class=\"elementor-element elementor-element-4dfd5c31 elementor-widget elementor-widget-text-editor\" data-id=\"4dfd5c31\" data-element_type=\"widget\" data-widget_type=\"text-editor.default\">\n\t\t\t\t<div class=\"elementor-widget-container\">\n\t\t\t\t\t\t\t\t\t<h2>Le <span style=\"color: #e8a700;\">rocher<\/span><\/h2>\n\t\t\t\t\t\t\t\t<\/div>\n\t\t\t\t<\/div>\n\t\t\t\t<div class=\"elementor-element elementor-element-1de239bc elementor-widget elementor-widget-text-editor\" data-id=\"1de239bc\" data-element_type=\"widget\" data-widget_type=\"text-editor.default\">\n\t\t\t\t<div class=\"elementor-widget-container\">\n\t\t\t\t\t\t\t\t\t<p>Toucher le rocher repr\u00e9sente l\u2019accolade de Dieu, solide comme le roc. En remontant l\u2019histoire, on s\u2019aper\u00e7oit que les grottes ont toujours servi d\u2019abri naturel et marqu\u00e9 l\u2019imagination des hommes. Ici \u00e0 Massabielle, comme \u00e0 Bethl\u00e9em et au tombeau de Geths\u00e9mani, la roche de la Grotte a aussi abrit\u00e9 le surnaturel. Sans avoir jamais \u00e9tudi\u00e9, Bernadette le savait, instinctivement. \u201c C\u2019\u00e9tait mon ciel \u201d, voil\u00e0 ce qu\u2019elle disait \u00e0 propos de cette Grotte. Face \u00e0 cette masse rocheuse, vous \u00eates aussi invit\u00e9s \u00e0 passer \u00e0 l\u2019int\u00e9rieur ; voyez comme le roc est poli, luisant du frottement de milliards de caresses. En passant, prenez le temps de regarder la source intarissable, au fond \u00e0 gauche. <\/p>\n\t\t\t\t\t\t\t\t<\/div>\n\t\t\t\t<\/div>\n\t\t\t\t<div class=\"elementor-element elementor-element-4702a6d5 elementor-widget elementor-widget-text-editor\" data-id=\"4702a6d5\" data-element_type=\"widget\" data-widget_type=\"text-editor.default\">\n\t\t\t\t<div class=\"elementor-widget-container\">\n\t\t\t\t\t\t\t\t\t<h2>La <span style=\"color: #e8a700;\">lumi\u00e8re<\/span><\/h2>\n\t\t\t\t\t\t\t\t<\/div>\n\t\t\t\t<\/div>\n\t\t\t\t<div class=\"elementor-element elementor-element-1d34fde0 elementor-widget elementor-widget-text-editor\" data-id=\"1d34fde0\" data-element_type=\"widget\" data-widget_type=\"text-editor.default\">\n\t\t\t\t<div class=\"elementor-widget-container\">\n\t\t\t\t\t\t\t\t\t<p>A proximit\u00e9 de la Grotte, des millions de cierges br\u00fblent sans discontinuer depuis le 19 f\u00e9vrier 1858. Ce jour-l\u00e0, Bernadette arrive \u00e0 la Grotte avec un cierge b\u00e9nit qu\u2019elle tient allum\u00e9 entre ses mains jusqu\u2019\u00e0 la fin de l\u2019apparition. Avant de partir, la Vierge Marie lui demande de le laisser se consumer \u00e0 la Grotte. Les cierges offerts par les p\u00e8lerins se consument depuis lors, jour et nuit. Chaque ann\u00e9e, 450 tonnes de cierges br\u00fblent pour vous et pour ceux qui n\u2019ont pas pu venir. D\u2019ailleurs, ce signe de la lumi\u00e8re est omnipr\u00e9sent dans l\u2019Histoire Sainte. Les p\u00e8lerins et visiteurs de Lourdes en procession avec un flambeau \u00e0 la main expriment l\u2019esp\u00e9rance.<\/p>\n\t\t\t\t\t\t\t\t<\/div>\n\t\t\t\t<\/div>\n\t\t\t\t<div class=\"elementor-element elementor-element-5442e572 elementor-widget elementor-widget-text-editor\" data-id=\"5442e572\" data-element_type=\"widget\" data-widget_type=\"text-editor.default\">\n\t\t\t\t<div class=\"elementor-widget-container\">\n\t\t\t\t\t\t\t\t\t<h2>L&#8217;<span style=\"color: #e8a700;\">eau<\/span><\/h2>\n\t\t\t\t\t\t\t\t<\/div>\n\t\t\t\t<\/div>\n\t\t\t\t<div class=\"elementor-element elementor-element-9fee1b elementor-widget elementor-widget-text-editor\" data-id=\"9fee1b\" data-element_type=\"widget\" data-widget_type=\"text-editor.default\">\n\t\t\t\t<div class=\"elementor-widget-container\">\n\t\t\t\t\t\t\t\t\t<p>\u201cAllez boire \u00e0 la source et vous y laver\u201d, voil\u00e0 ce que la Vierge Marie a demand\u00e9 \u00e0 Bernadette Soubirous, le 25 f\u00e9vrier 1858. L\u2019eau de Lourdes n\u2019est pas de l\u2019eau b\u00e9nite. C\u2019est une eau banale. Elle n\u2019a aucune vertu thermale ou propri\u00e9t\u00e9 sp\u00e9cifique. La popularit\u00e9 de l&#8217;eau de Lourdes est n\u00e9e des miracles. Les personnes gu\u00e9ries se sont soit appliqu\u00e9, soit ont ing\u00e9r\u00e9 l\u2019eau de la source. Bernadette Soubirous a dit elle-m\u00eame : \u201cOn prend l\u2019eau comme un m\u00e9dicament&#8230; Il faut avoir la foi, il faut prier : cette eau n\u2019aurait pas de vertu sans la foi !\u201d. L\u2019eau de Lourdes est le signe d\u2019une autre eau : celle du bapt\u00eame.<\/p>\n\t\t\t\t\t\t\t\t<\/div>\n\t\t\t\t<\/div>\n\t\t\t\t<div class=\"elementor-element elementor-element-225f847d elementor-widget elementor-widget-text-editor\" data-id=\"225f847d\" data-element_type=\"widget\" data-widget_type=\"text-editor.default\">\n\t\t\t\t<div class=\"elementor-widget-container\">\n\t\t\t\t\t\t\t\t\t<h2>Les <span style=\"color: #e8a700;\">foules<\/span><\/h2>\n\t\t\t\t\t\t\t\t<\/div>\n\t\t\t\t<\/div>\n\t\t\t\t<div class=\"elementor-element elementor-element-1d4a4f2f elementor-widget elementor-widget-text-editor\" data-id=\"1d4a4f2f\" data-element_type=\"widget\" data-widget_type=\"text-editor.default\">\n\t\t\t\t<div class=\"elementor-widget-container\">\n\t\t\t\t\t\t\t\t\t<p>Depuis plus de 160 ans, les foules sont au rendez-vous, venues de tous les continents. Lors de la premi\u00e8re apparition, le 11 f\u00e9vrier 1858, Bernadette n\u2019est accompagn\u00e9e que de sa s\u0153ur : Toinette et d\u2019une amie : Jeanne Abadie. En quelques semaines \u00e0 peine, Lourdes jouit de la r\u00e9putation de \u201ccit\u00e9 des miracles\u201d. Des centaines puis des milliers de curieux accourent des alentours. Apr\u00e8s la reconnaissance officielle des apparitions par l\u2019Eglise en 1862, les premiers p\u00e8lerinages locaux s\u2019organisent. Le rayonnement de Lourdes prend une dimension internationale dans les premi\u00e8res ann\u00e9es du XX\u00e8me si\u00e8cle. Mais c\u2019est apr\u00e8s la Seconde Guerre mondiale que les statistiques entrent dans une phase en forte croissance&#8230; D&#8217;avril \u00e0 octobre, chaque mercredi et dimanche \u00e0 9h30, une messe internationale est c\u00e9l\u00e9br\u00e9e en la basilique Saint-Pie X. Des messes internationales adapt\u00e9es aux jeunes ont lieu \u00e9galement, dans les Sanctuaires, durant les mois de juillet et ao\u00fbt.<\/p>\n\t\t\t\t\t\t\t\t<\/div>\n\t\t\t\t<\/div>\n\t\t\t\t<div class=\"elementor-element elementor-element-76495aa elementor-widget elementor-widget-text-editor\" data-id=\"76495aa\" data-element_type=\"widget\" data-widget_type=\"text-editor.default\">\n\t\t\t\t<div class=\"elementor-widget-container\">\n\t\t\t\t\t\t\t\t\t<h2>Les <span style=\"color: #e8a700;\">personnes malades <\/span>et les <span style=\"color: #e8a700;\">hospitaliers<\/span><\/h2>\n\t\t\t\t\t\t\t\t<\/div>\n\t\t\t\t<\/div>\n\t\t\t\t<div class=\"elementor-element elementor-element-3e2427b elementor-widget elementor-widget-text-editor\" data-id=\"3e2427b\" data-element_type=\"widget\" data-widget_type=\"text-editor.default\">\n\t\t\t\t<div class=\"elementor-widget-container\">\n\t\t\t\t\t\t\t\t\t<p>Ce qui frappe le simple visiteur, c\u2019est la pr\u00e9sence de nombreuses personnes malades et handicap\u00e9es, dans l&#8217;enceinte du Sanctuaire. Tous les bless\u00e9s de la vie peuvent trouver \u00e0 Lourdes un certain r\u00e9confort. Officiellement, 80 000 personnes malades et handicap\u00e9es de tous les pays se rendent \u00e0 Lourdes chaque ann\u00e9e. Malgr\u00e9 certaines plaies ou certaines infirmit\u00e9s, on se sent ici dans un havre de paix et de joie. Les premi\u00e8res gu\u00e9risons de Lourdes sont survenues pendant les apparitions. A cette \u00e9poque, la vue des malades \u00e9meut si profond\u00e9ment certains qu\u2019ils proposent spontan\u00e9ment leur aide. Ce sont les hospitali\u00e8res et les hospitaliers. La gu\u00e9rison des corps ne peut cependant pas occulter la gu\u00e9rison des c\u0153urs. Les malades comme les soi-disant bien portants se retrouvent au pied de la Grotte des Apparitions, devant la Vierge Marie pour une pri\u00e8re partag\u00e9e.<\/p>\n\t\t\t\t\t\t\t\t<\/div>\n\t\t\t\t<\/div>\n\t\t\t\t\t<\/div>\n\t\t<\/div>\n\t\t\t\t\t<\/div>\n\t\t<\/section>\n\t\t\t\t<\/div>\n\t\t","protected":false},"excerpt":{"rendered":"<p>Le rocher Toucher le rocher repr\u00e9sente l\u2019accolade de Dieu, solide comme le roc. En remontant l\u2019histoire, on s\u2019aper\u00e7oit que les grottes ont toujours servi d\u2019abri naturel et marqu\u00e9 l\u2019imagination des hommes. Ici \u00e0 Massabielle, comme \u00e0 Bethl\u00e9em et au tombeau &hellip; <a href=\"https:\/\/www.lourdes-france.org\/es\/signos-lourdes\/\">Continuar<\/a><\/p>\n","protected":false},"author":7,"featured_media":0,"parent":0,"menu_order":0,"comment_status":"closed","ping_status":"closed","template":"","meta":{"_acf_changed":false,"footnotes":""},"class_list":["post-3009","page","type-page","status-publish","hentry"],"acf":[],"yoast_head":"<!-- This site is optimized with the Yoast SEO plugin v24.7 - https:\/\/yoast.com\/wordpress\/plugins\/seo\/ -->\n<title>Los signos de Lourdes<\/title>\n<meta name=\"robots\" content=\"index, follow, max-snippet:-1, max-image-preview:large, max-video-preview:-1\" \/>\n<link rel=\"canonical\" href=\"https:\/\/preprod-lourdes.cawita.com\/signes-lourdes\/\" \/>\n<meta name=\"twitter:label1\" content=\"Tiempo de lectura\" \/>\n\t<meta name=\"twitter:data1\" content=\"3 minutos\" \/>\n<script type=\"application\/ld+json\" class=\"yoast-schema-graph\">{\"@context\":\"https:\/\/schema.org\",\"@graph\":[{\"@type\":\"WebPage\",\"@id\":\"https:\/\/preprod-lourdes.cawita.com\/signes-lourdes\/\",\"url\":\"https:\/\/preprod-lourdes.cawita.com\/signes-lourdes\/\",\"name\":\"Los signos de Lourdes\",\"isPartOf\":{\"@id\":\"https:\/\/preprod-lourdes.cawita.com\/#website\"},\"datePublished\":\"2018-07-18T07:36:38+00:00\",\"dateModified\":\"2022-09-09T11:09:38+00:00\",\"breadcrumb\":{\"@id\":\"https:\/\/preprod-lourdes.cawita.com\/signes-lourdes\/#breadcrumb\"},\"inLanguage\":\"es\",\"potentialAction\":[{\"@type\":\"ReadAction\",\"target\":[\"https:\/\/preprod-lourdes.cawita.com\/signes-lourdes\/\"]}]},{\"@type\":\"BreadcrumbList\",\"@id\":\"https:\/\/preprod-lourdes.cawita.com\/signes-lourdes\/#breadcrumb\",\"itemListElement\":[{\"@type\":\"ListItem\",\"position\":1,\"name\":\"Accueil\",\"item\":\"https:\/\/www.lourdes-france.org\/\"},{\"@type\":\"ListItem\",\"position\":2,\"name\":\"Los signos de Lourdes\"}]},{\"@type\":\"WebSite\",\"@id\":\"https:\/\/preprod-lourdes.cawita.com\/#website\",\"url\":\"https:\/\/preprod-lourdes.cawita.com\/\",\"name\":\"Soutenir le Sanctuaire Notre-Dame de Lourdes\",\"description\":\"\",\"potentialAction\":[{\"@type\":\"SearchAction\",\"target\":{\"@type\":\"EntryPoint\",\"urlTemplate\":\"https:\/\/preprod-lourdes.cawita.com\/?s={search_term_string}\"},\"query-input\":{\"@type\":\"PropertyValueSpecification\",\"valueRequired\":true,\"valueName\":\"search_term_string\"}}],\"inLanguage\":\"es\"}]}<\/script>\n<!-- \/ Yoast SEO plugin. -->","yoast_head_json":{"title":"Los signos de Lourdes","robots":{"index":"index","follow":"follow","max-snippet":"max-snippet:-1","max-image-preview":"max-image-preview:large","max-video-preview":"max-video-preview:-1"},"canonical":"https:\/\/preprod-lourdes.cawita.com\/signes-lourdes\/","twitter_misc":{"Tiempo de lectura":"3 minutos"},"schema":{"@context":"https:\/\/schema.org","@graph":[{"@type":"WebPage","@id":"https:\/\/preprod-lourdes.cawita.com\/signes-lourdes\/","url":"https:\/\/preprod-lourdes.cawita.com\/signes-lourdes\/","name":"Los signos de Lourdes","isPartOf":{"@id":"https:\/\/preprod-lourdes.cawita.com\/#website"},"datePublished":"2018-07-18T07:36:38+00:00","dateModified":"2022-09-09T11:09:38+00:00","breadcrumb":{"@id":"https:\/\/preprod-lourdes.cawita.com\/signes-lourdes\/#breadcrumb"},"inLanguage":"es","potentialAction":[{"@type":"ReadAction","target":["https:\/\/preprod-lourdes.cawita.com\/signes-lourdes\/"]}]},{"@type":"BreadcrumbList","@id":"https:\/\/preprod-lourdes.cawita.com\/signes-lourdes\/#breadcrumb","itemListElement":[{"@type":"ListItem","position":1,"name":"Accueil","item":"https:\/\/www.lourdes-france.org\/"},{"@type":"ListItem","position":2,"name":"Los signos de Lourdes"}]},{"@type":"WebSite","@id":"https:\/\/preprod-lourdes.cawita.com\/#website","url":"https:\/\/preprod-lourdes.cawita.com\/","name":"Soutenir le Sanctuaire Notre-Dame de Lourdes","description":"","potentialAction":[{"@type":"SearchAction","target":{"@type":"EntryPoint","urlTemplate":"https:\/\/preprod-lourdes.cawita.com\/?s={search_term_string}"},"query-input":{"@type":"PropertyValueSpecification","valueRequired":true,"valueName":"search_term_string"}}],"inLanguage":"es"}]}},"_links":{"self":[{"href":"https:\/\/www.lourdes-france.org\/es\/wp-json\/wp\/v2\/pages\/3009","targetHints":{"allow":["GET"]}}],"collection":[{"href":"https:\/\/www.lourdes-france.org\/es\/wp-json\/wp\/v2\/pages"}],"about":[{"href":"https:\/\/www.lourdes-france.org\/es\/wp-json\/wp\/v2\/types\/page"}],"author":[{"embeddable":true,"href":"https:\/\/www.lourdes-france.org\/es\/wp-json\/wp\/v2\/users\/7"}],"replies":[{"embeddable":true,"href":"https:\/\/www.lourdes-france.org\/es\/wp-json\/wp\/v2\/comments?post=3009"}],"version-history":[{"count":9,"href":"https:\/\/www.lourdes-france.org\/es\/wp-json\/wp\/v2\/pages\/3009\/revisions"}],"predecessor-version":[{"id":869716,"href":"https:\/\/www.lourdes-france.org\/es\/wp-json\/wp\/v2\/pages\/3009\/revisions\/869716"}],"wp:attachment":[{"href":"https:\/\/www.lourdes-france.org\/es\/wp-json\/wp\/v2\/media?parent=3009"}],"curies":[{"name":"wp","href":"https:\/\/api.w.org\/{rel}","templated":true}]}}