{"id":353991,"date":"2018-08-28T15:25:58","date_gmt":"2018-08-28T13:25:58","guid":{"rendered":"https:\/\/www.lourdes-france.org\/accueil-ecoute\/"},"modified":"2020-12-16T15:01:55","modified_gmt":"2020-12-16T14:01:55","slug":"acogida-escucha","status":"publish","type":"page","link":"https:\/\/www.lourdes-france.org\/es\/acogida-escucha\/","title":{"rendered":"Un servicio de Acogida \u2013 Escucha est\u00e1 a vuestra disposici\u00f3n en el Santuario"},"content":{"rendered":"\t\t<div data-elementor-type=\"wp-post\" data-elementor-id=\"353991\" class=\"elementor elementor-353991 elementor-12101\" data-elementor-post-type=\"page\">\n\t\t\t\t\t\t<section class=\"elementor-section elementor-top-section elementor-element elementor-element-76ac949 elementor-section-boxed elementor-section-height-default elementor-section-height-default\" data-id=\"76ac949\" data-element_type=\"section\">\n\t\t\t\t\t\t<div class=\"elementor-container elementor-column-gap-no\">\n\t\t\t\t\t<div class=\"elementor-column elementor-col-100 elementor-top-column elementor-element elementor-element-2651d53\" data-id=\"2651d53\" data-element_type=\"column\">\n\t\t\t<div class=\"elementor-widget-wrap elementor-element-populated\">\n\t\t\t\t\t\t<div class=\"elementor-element elementor-element-ba13869 elementor-widget elementor-widget-text-editor\" data-id=\"ba13869\" data-element_type=\"widget\" data-widget_type=\"text-editor.default\">\n\t\t\t\t<div class=\"elementor-widget-container\">\n\t\t\t\t\t\t\t\t\t<h2><span style=\"color: #e8a702;\">Un servicio de Acogida \u2013 Escucha est\u00e1 a vuestra disposici\u00f3n en el Santuario<\/span><\/h2>\t\t\t\t\t\t\t\t<\/div>\n\t\t\t\t<\/div>\n\t\t\t\t<div class=\"elementor-element elementor-element-a6b8e89 elementor-widget elementor-widget-text-editor\" data-id=\"a6b8e89\" data-element_type=\"widget\" data-widget_type=\"text-editor.default\">\n\t\t\t\t<div class=\"elementor-widget-container\">\n\t\t\t\t\t\t\t\t\t<p>Seas quien seas, sea cual sea tu situaci\u00f3n y lo que quieras compartir, ser\u00e1s bienvenido. El punto de escucha est\u00e1 ubicado debajo de las arcadas, a la derecha, frente a la Bas\u00edlica del Rosario.<\/p><p>Durante la temporada de peregrinaciones (del 19 de marzo al 31 de octubre), personas capacitadas para escuchar te recibir\u00e1n, sin cita previa, de lunes a s\u00e1bado de 9:30 a 11 y de 14:30 a 17:00 horas.<\/p><p>Sin embargo, durante todo el a\u00f1o, puedes comunicarte con un miembro del equipo y programar una cita para una reuni\u00f3n durante tu visita al Santuario<\/p>\t\t\t\t\t\t\t\t<\/div>\n\t\t\t\t<\/div>\n\t\t\t\t<div class=\"elementor-element elementor-element-a02ea97 elementor-widget elementor-widget-text-editor\" data-id=\"a02ea97\" data-element_type=\"widget\" data-widget_type=\"text-editor.default\">\n\t\t\t\t<div class=\"elementor-widget-container\">\n\t\t\t\t\t\t\t\t\t<h2><span style=\"color: #e8a702;\"><strong>Contacto<\/strong><\/span><\/h2>\t\t\t\t\t\t\t\t<\/div>\n\t\t\t\t<\/div>\n\t\t\t\t<div class=\"elementor-element elementor-element-79fcd4f elementor-widget elementor-widget-text-editor\" data-id=\"79fcd4f\" data-element_type=\"widget\" data-widget_type=\"text-editor.default\">\n\t\t\t\t<div class=\"elementor-widget-container\">\n\t\t\t\t\t\t\t\t\t<p><a href=\"https:\/\/www.lourdes-france.org\/es\/contact\/\">Por e-mail<\/a><\/p><p><strong>Por t\u00e9lefono : +33(0)6 17 30 00 33\u00a0<\/strong> (no dudes en dejar un mensaje, te devolveremos la llamada)<\/p>\t\t\t\t\t\t\t\t<\/div>\n\t\t\t\t<\/div>\n\t\t\t\t\t<\/div>\n\t\t<\/div>\n\t\t\t\t\t<\/div>\n\t\t<\/section>\n\t\t\t\t<\/div>\n\t\t","protected":false},"excerpt":{"rendered":"<p>Un servicio de Acogida \u2013 Escucha est\u00e1 a vuestra disposici\u00f3n en el Santuario Seas quien seas, sea cual sea tu situaci\u00f3n y lo que quieras compartir, ser\u00e1s bienvenido. El punto de escucha est\u00e1 ubicado debajo de las arcadas, a la &hellip; <a href=\"https:\/\/www.lourdes-france.org\/es\/acogida-escucha\/\">Continuar<\/a><\/p>\n","protected":false},"author":2,"featured_media":0,"parent":0,"menu_order":0,"comment_status":"closed","ping_status":"closed","template":"","meta":{"_acf_changed":false,"footnotes":""},"class_list":["post-353991","page","type-page","status-publish","hentry"],"acf":[],"yoast_head":"<!-- This site is optimized with the Yoast SEO plugin v24.7 - https:\/\/yoast.com\/wordpress\/plugins\/seo\/ -->\n<title>Un servicio de Acogida \u2013 Escucha est\u00e1 a vuestra disposici\u00f3n en el Santuario<\/title>\n<meta name=\"robots\" content=\"index, follow, max-snippet:-1, max-image-preview:large, max-video-preview:-1\" \/>\n<link rel=\"canonical\" href=\"https:\/\/www.lourdes-france.org\/es\/acogida-escucha\/\" \/>\n<meta name=\"twitter:label1\" content=\"Tiempo de lectura\" \/>\n\t<meta name=\"twitter:data1\" content=\"1 minuto\" \/>\n<script type=\"application\/ld+json\" class=\"yoast-schema-graph\">{\"@context\":\"https:\/\/schema.org\",\"@graph\":[{\"@type\":\"WebPage\",\"@id\":\"https:\/\/www.lourdes-france.org\/es\/acogida-escucha\/\",\"url\":\"https:\/\/www.lourdes-france.org\/es\/acogida-escucha\/\",\"name\":\"Un servicio de Acogida \u2013 Escucha est\u00e1 a vuestra disposici\u00f3n en el Santuario\",\"isPartOf\":{\"@id\":\"https:\/\/preprod-lourdes.cawita.com\/#website\"},\"datePublished\":\"2018-08-28T13:25:58+00:00\",\"dateModified\":\"2020-12-16T14:01:55+00:00\",\"breadcrumb\":{\"@id\":\"https:\/\/www.lourdes-france.org\/es\/acogida-escucha\/#breadcrumb\"},\"inLanguage\":\"es\",\"potentialAction\":[{\"@type\":\"ReadAction\",\"target\":[\"https:\/\/www.lourdes-france.org\/es\/acogida-escucha\/\"]}]},{\"@type\":\"BreadcrumbList\",\"@id\":\"https:\/\/www.lourdes-france.org\/es\/acogida-escucha\/#breadcrumb\",\"itemListElement\":[{\"@type\":\"ListItem\",\"position\":1,\"name\":\"Accueil\",\"item\":\"https:\/\/www.lourdes-france.org\/\"},{\"@type\":\"ListItem\",\"position\":2,\"name\":\"Un servicio de Acogida \u2013 Escucha est\u00e1 a vuestra disposici\u00f3n en el Santuario\"}]},{\"@type\":\"WebSite\",\"@id\":\"https:\/\/preprod-lourdes.cawita.com\/#website\",\"url\":\"https:\/\/preprod-lourdes.cawita.com\/\",\"name\":\"Soutenir le Sanctuaire Notre-Dame de Lourdes\",\"description\":\"\",\"potentialAction\":[{\"@type\":\"SearchAction\",\"target\":{\"@type\":\"EntryPoint\",\"urlTemplate\":\"https:\/\/preprod-lourdes.cawita.com\/?s={search_term_string}\"},\"query-input\":{\"@type\":\"PropertyValueSpecification\",\"valueRequired\":true,\"valueName\":\"search_term_string\"}}],\"inLanguage\":\"es\"}]}<\/script>\n<!-- \/ Yoast SEO plugin. -->","yoast_head_json":{"title":"Un servicio de Acogida \u2013 Escucha est\u00e1 a vuestra disposici\u00f3n en el Santuario","robots":{"index":"index","follow":"follow","max-snippet":"max-snippet:-1","max-image-preview":"max-image-preview:large","max-video-preview":"max-video-preview:-1"},"canonical":"https:\/\/www.lourdes-france.org\/es\/acogida-escucha\/","twitter_misc":{"Tiempo de lectura":"1 minuto"},"schema":{"@context":"https:\/\/schema.org","@graph":[{"@type":"WebPage","@id":"https:\/\/www.lourdes-france.org\/es\/acogida-escucha\/","url":"https:\/\/www.lourdes-france.org\/es\/acogida-escucha\/","name":"Un servicio de Acogida \u2013 Escucha est\u00e1 a vuestra disposici\u00f3n en el Santuario","isPartOf":{"@id":"https:\/\/preprod-lourdes.cawita.com\/#website"},"datePublished":"2018-08-28T13:25:58+00:00","dateModified":"2020-12-16T14:01:55+00:00","breadcrumb":{"@id":"https:\/\/www.lourdes-france.org\/es\/acogida-escucha\/#breadcrumb"},"inLanguage":"es","potentialAction":[{"@type":"ReadAction","target":["https:\/\/www.lourdes-france.org\/es\/acogida-escucha\/"]}]},{"@type":"BreadcrumbList","@id":"https:\/\/www.lourdes-france.org\/es\/acogida-escucha\/#breadcrumb","itemListElement":[{"@type":"ListItem","position":1,"name":"Accueil","item":"https:\/\/www.lourdes-france.org\/"},{"@type":"ListItem","position":2,"name":"Un servicio de Acogida \u2013 Escucha est\u00e1 a vuestra disposici\u00f3n en el Santuario"}]},{"@type":"WebSite","@id":"https:\/\/preprod-lourdes.cawita.com\/#website","url":"https:\/\/preprod-lourdes.cawita.com\/","name":"Soutenir le Sanctuaire Notre-Dame de Lourdes","description":"","potentialAction":[{"@type":"SearchAction","target":{"@type":"EntryPoint","urlTemplate":"https:\/\/preprod-lourdes.cawita.com\/?s={search_term_string}"},"query-input":{"@type":"PropertyValueSpecification","valueRequired":true,"valueName":"search_term_string"}}],"inLanguage":"es"}]}},"_links":{"self":[{"href":"https:\/\/www.lourdes-france.org\/es\/wp-json\/wp\/v2\/pages\/353991","targetHints":{"allow":["GET"]}}],"collection":[{"href":"https:\/\/www.lourdes-france.org\/es\/wp-json\/wp\/v2\/pages"}],"about":[{"href":"https:\/\/www.lourdes-france.org\/es\/wp-json\/wp\/v2\/types\/page"}],"author":[{"embeddable":true,"href":"https:\/\/www.lourdes-france.org\/es\/wp-json\/wp\/v2\/users\/2"}],"replies":[{"embeddable":true,"href":"https:\/\/www.lourdes-france.org\/es\/wp-json\/wp\/v2\/comments?post=353991"}],"version-history":[{"count":6,"href":"https:\/\/www.lourdes-france.org\/es\/wp-json\/wp\/v2\/pages\/353991\/revisions"}],"predecessor-version":[{"id":410885,"href":"https:\/\/www.lourdes-france.org\/es\/wp-json\/wp\/v2\/pages\/353991\/revisions\/410885"}],"wp:attachment":[{"href":"https:\/\/www.lourdes-france.org\/es\/wp-json\/wp\/v2\/media?parent=353991"}],"curies":[{"name":"wp","href":"https:\/\/api.w.org\/{rel}","templated":true}]}}