{"id":3571,"date":"2018-07-18T10:05:45","date_gmt":"2018-07-18T08:05:45","guid":{"rendered":"https:\/\/preprod.lourdes-france.org\/passare-alla-grotta\/"},"modified":"2021-03-02T16:08:52","modified_gmt":"2021-03-02T15:08:52","slug":"pasar-a-la-gruta","status":"publish","type":"page","link":"https:\/\/www.lourdes-france.org\/es\/pasar-a-la-gruta\/","title":{"rendered":"Pasar a la Gruta"},"content":{"rendered":"\t\t<div data-elementor-type=\"wp-post\" data-elementor-id=\"3571\" class=\"elementor elementor-3571 elementor-545\" data-elementor-post-type=\"page\">\n\t\t\t\t\t\t<section class=\"elementor-section elementor-top-section elementor-element elementor-element-642d3338 elementor-section-boxed elementor-section-height-default elementor-section-height-default\" data-id=\"642d3338\" data-element_type=\"section\">\n\t\t\t\t\t\t<div class=\"elementor-container elementor-column-gap-no\">\n\t\t\t\t\t<div class=\"elementor-column elementor-col-100 elementor-top-column elementor-element elementor-element-3535a33b\" data-id=\"3535a33b\" data-element_type=\"column\">\n\t\t\t<div class=\"elementor-widget-wrap elementor-element-populated\">\n\t\t\t\t\t\t<div class=\"elementor-element elementor-element-564597b6 elementor-widget elementor-widget-text-editor\" data-id=\"564597b6\" data-element_type=\"widget\" data-widget_type=\"text-editor.default\">\n\t\t\t\t<div class=\"elementor-widget-container\">\n\t\t\t\t\t\t\t\t\t<p><span style=\"color: #e8a700;\">La Gruta de las apariciones es el coraz\u00f3n del Santuario.<\/span> La fuente y la imagen de Nuestra Se\u00f1ora de Lourdes que all\u00ed se encuentran son el objeto de toda la atenci\u00f3n de los peregrinos. La Gruta, por s\u00ed misma, dice mucho del Mensaje de Lourdes. Est\u00e1 cavada en la roca, como en eco a esta palabra de la Biblia: \u201cEl Se\u00f1or es mi roca, mi salvaci\u00f3n, mi ciudadela\u201d (salmo 62, 7). La roca es negra y el sol no llega a penetrar nunca en la Gruta: la Aparici\u00f3n (la Virgen Mar\u00eda, la Inmaculada Concepci\u00f3n), al contrario, es s\u00f3lo luz y sonrisa. La hornacina donde se encuentra la imagen marca el lugar donde se encontraba la Virgen Mar\u00eda la mayor\u00eda de las veces: es como una ventana que, en este mundo oscuro, abre sobre el Reino de Dios.<\/p>\t\t\t\t\t\t\t\t<\/div>\n\t\t\t\t<\/div>\n\t\t\t\t<div class=\"elementor-element elementor-element-2aa5dff elementor-widget elementor-widget-text-editor\" data-id=\"2aa5dff\" data-element_type=\"widget\" data-widget_type=\"text-editor.default\">\n\t\t\t\t<div class=\"elementor-widget-container\">\n\t\t\t\t\t\t\t\t\t<p><span style=\"color: #e8a700;\">La Gruta es un lugar de oraci\u00f3n, confianza, paz, respeto, unidad y silencio.<\/span> Se puede dar un sentido personal a cada paso por la Gruta o pararse delante de ella.<\/p>\t\t\t\t\t\t\t\t<\/div>\n\t\t\t\t<\/div>\n\t\t\t\t<div class=\"elementor-element elementor-element-558413f elementor-widget elementor-widget-text-editor\" data-id=\"558413f\" data-element_type=\"widget\" data-widget_type=\"text-editor.default\">\n\t\t\t\t<div class=\"elementor-widget-container\">\n\t\t\t\t\t\t\t\t\t<p>Los papas Juan Pablo II y Benedicto XVI vinieron a rezar en esta Gruta.<\/p>\t\t\t\t\t\t\t\t<\/div>\n\t\t\t\t<\/div>\n\t\t\t\t<div class=\"elementor-element elementor-element-c760f2d elementor-widget elementor-widget-video\" data-id=\"c760f2d\" data-element_type=\"widget\" data-settings=\"{&quot;youtube_url&quot;:&quot;https:\\\/\\\/youtu.be\\\/xTWx-b93JJk&quot;,&quot;video_type&quot;:&quot;youtube&quot;,&quot;controls&quot;:&quot;yes&quot;}\" data-widget_type=\"video.default\">\n\t\t\t\t<div class=\"elementor-widget-container\">\n\t\t\t\t\t\t\t<div class=\"elementor-wrapper elementor-open-inline\">\n\t\t\t<div class=\"elementor-video\"><\/div>\t\t<\/div>\n\t\t\t\t\t\t<\/div>\n\t\t\t\t<\/div>\n\t\t\t\t\t<\/div>\n\t\t<\/div>\n\t\t\t\t\t<\/div>\n\t\t<\/section>\n\t\t\t\t<\/div>\n\t\t","protected":false},"excerpt":{"rendered":"<p>La Gruta de las apariciones es el coraz\u00f3n del Santuario. La fuente y la imagen de Nuestra Se\u00f1ora de Lourdes que all\u00ed se encuentran son el objeto de toda la atenci\u00f3n de los peregrinos. La Gruta, por s\u00ed misma, dice &hellip; <a href=\"https:\/\/www.lourdes-france.org\/es\/pasar-a-la-gruta\/\">Continuar<\/a><\/p>\n","protected":false},"author":7,"featured_media":0,"parent":0,"menu_order":0,"comment_status":"closed","ping_status":"closed","template":"","meta":{"_acf_changed":false,"footnotes":""},"class_list":["post-3571","page","type-page","status-publish","hentry"],"acf":[],"yoast_head":"<!-- This site is optimized with the Yoast SEO plugin v24.7 - https:\/\/yoast.com\/wordpress\/plugins\/seo\/ -->\n<title>Pasar a la Gruta<\/title>\n<meta name=\"robots\" content=\"index, follow, max-snippet:-1, max-image-preview:large, max-video-preview:-1\" \/>\n<link rel=\"canonical\" href=\"https:\/\/www.lourdes-france.org\/es\/pasar-a-la-gruta\/\" \/>\n<meta name=\"twitter:label1\" content=\"Tiempo de lectura\" \/>\n\t<meta name=\"twitter:data1\" content=\"1 minuto\" \/>\n<script type=\"application\/ld+json\" class=\"yoast-schema-graph\">{\"@context\":\"https:\/\/schema.org\",\"@graph\":[{\"@type\":\"WebPage\",\"@id\":\"https:\/\/www.lourdes-france.org\/es\/pasar-a-la-gruta\/\",\"url\":\"https:\/\/www.lourdes-france.org\/es\/pasar-a-la-gruta\/\",\"name\":\"Pasar a la Gruta\",\"isPartOf\":{\"@id\":\"https:\/\/preprod-lourdes.cawita.com\/#website\"},\"datePublished\":\"2018-07-18T08:05:45+00:00\",\"dateModified\":\"2021-03-02T15:08:52+00:00\",\"breadcrumb\":{\"@id\":\"https:\/\/www.lourdes-france.org\/es\/pasar-a-la-gruta\/#breadcrumb\"},\"inLanguage\":\"es\",\"potentialAction\":[{\"@type\":\"ReadAction\",\"target\":[\"https:\/\/www.lourdes-france.org\/es\/pasar-a-la-gruta\/\"]}]},{\"@type\":\"BreadcrumbList\",\"@id\":\"https:\/\/www.lourdes-france.org\/es\/pasar-a-la-gruta\/#breadcrumb\",\"itemListElement\":[{\"@type\":\"ListItem\",\"position\":1,\"name\":\"Accueil\",\"item\":\"https:\/\/www.lourdes-france.org\/\"},{\"@type\":\"ListItem\",\"position\":2,\"name\":\"Pasar a la Gruta\"}]},{\"@type\":\"WebSite\",\"@id\":\"https:\/\/preprod-lourdes.cawita.com\/#website\",\"url\":\"https:\/\/preprod-lourdes.cawita.com\/\",\"name\":\"Soutenir le Sanctuaire Notre-Dame de Lourdes\",\"description\":\"\",\"potentialAction\":[{\"@type\":\"SearchAction\",\"target\":{\"@type\":\"EntryPoint\",\"urlTemplate\":\"https:\/\/preprod-lourdes.cawita.com\/?s={search_term_string}\"},\"query-input\":{\"@type\":\"PropertyValueSpecification\",\"valueRequired\":true,\"valueName\":\"search_term_string\"}}],\"inLanguage\":\"es\"}]}<\/script>\n<!-- \/ Yoast SEO plugin. -->","yoast_head_json":{"title":"Pasar a la Gruta","robots":{"index":"index","follow":"follow","max-snippet":"max-snippet:-1","max-image-preview":"max-image-preview:large","max-video-preview":"max-video-preview:-1"},"canonical":"https:\/\/www.lourdes-france.org\/es\/pasar-a-la-gruta\/","twitter_misc":{"Tiempo de lectura":"1 minuto"},"schema":{"@context":"https:\/\/schema.org","@graph":[{"@type":"WebPage","@id":"https:\/\/www.lourdes-france.org\/es\/pasar-a-la-gruta\/","url":"https:\/\/www.lourdes-france.org\/es\/pasar-a-la-gruta\/","name":"Pasar a la Gruta","isPartOf":{"@id":"https:\/\/preprod-lourdes.cawita.com\/#website"},"datePublished":"2018-07-18T08:05:45+00:00","dateModified":"2021-03-02T15:08:52+00:00","breadcrumb":{"@id":"https:\/\/www.lourdes-france.org\/es\/pasar-a-la-gruta\/#breadcrumb"},"inLanguage":"es","potentialAction":[{"@type":"ReadAction","target":["https:\/\/www.lourdes-france.org\/es\/pasar-a-la-gruta\/"]}]},{"@type":"BreadcrumbList","@id":"https:\/\/www.lourdes-france.org\/es\/pasar-a-la-gruta\/#breadcrumb","itemListElement":[{"@type":"ListItem","position":1,"name":"Accueil","item":"https:\/\/www.lourdes-france.org\/"},{"@type":"ListItem","position":2,"name":"Pasar a la Gruta"}]},{"@type":"WebSite","@id":"https:\/\/preprod-lourdes.cawita.com\/#website","url":"https:\/\/preprod-lourdes.cawita.com\/","name":"Soutenir le Sanctuaire Notre-Dame de Lourdes","description":"","potentialAction":[{"@type":"SearchAction","target":{"@type":"EntryPoint","urlTemplate":"https:\/\/preprod-lourdes.cawita.com\/?s={search_term_string}"},"query-input":{"@type":"PropertyValueSpecification","valueRequired":true,"valueName":"search_term_string"}}],"inLanguage":"es"}]}},"_links":{"self":[{"href":"https:\/\/www.lourdes-france.org\/es\/wp-json\/wp\/v2\/pages\/3571","targetHints":{"allow":["GET"]}}],"collection":[{"href":"https:\/\/www.lourdes-france.org\/es\/wp-json\/wp\/v2\/pages"}],"about":[{"href":"https:\/\/www.lourdes-france.org\/es\/wp-json\/wp\/v2\/types\/page"}],"author":[{"embeddable":true,"href":"https:\/\/www.lourdes-france.org\/es\/wp-json\/wp\/v2\/users\/7"}],"replies":[{"embeddable":true,"href":"https:\/\/www.lourdes-france.org\/es\/wp-json\/wp\/v2\/comments?post=3571"}],"version-history":[{"count":6,"href":"https:\/\/www.lourdes-france.org\/es\/wp-json\/wp\/v2\/pages\/3571\/revisions"}],"predecessor-version":[{"id":21250,"href":"https:\/\/www.lourdes-france.org\/es\/wp-json\/wp\/v2\/pages\/3571\/revisions\/21250"}],"wp:attachment":[{"href":"https:\/\/www.lourdes-france.org\/es\/wp-json\/wp\/v2\/media?parent=3571"}],"curies":[{"name":"wp","href":"https:\/\/api.w.org\/{rel}","templated":true}]}}