{"id":3614,"date":"2018-07-18T10:46:51","date_gmt":"2018-07-18T08:46:51","guid":{"rendered":"https:\/\/preprod.lourdes-france.org\/bagno-piscine\/"},"modified":"2021-09-10T14:08:18","modified_gmt":"2021-09-10T12:08:18","slug":"piscinas","status":"publish","type":"page","link":"https:\/\/www.lourdes-france.org\/es\/piscinas\/","title":{"rendered":"Ser ba\u00f1ado en las piscinas"},"content":{"rendered":"\t\t<div data-elementor-type=\"wp-post\" data-elementor-id=\"3614\" class=\"elementor elementor-3614 elementor-563\" data-elementor-post-type=\"page\">\n\t\t\t\t\t\t<section class=\"elementor-section elementor-top-section elementor-element elementor-element-1f87ffb4 elementor-section-boxed elementor-section-height-default elementor-section-height-default\" data-id=\"1f87ffb4\" data-element_type=\"section\">\n\t\t\t\t\t\t<div class=\"elementor-container elementor-column-gap-no\">\n\t\t\t\t\t<div class=\"elementor-column elementor-col-100 elementor-top-column elementor-element elementor-element-682ad335\" data-id=\"682ad335\" data-element_type=\"column\">\n\t\t\t<div class=\"elementor-widget-wrap elementor-element-populated\">\n\t\t\t\t\t\t<div class=\"elementor-element elementor-element-18dee09d elementor-widget elementor-widget-text-editor\" data-id=\"18dee09d\" data-element_type=\"widget\" data-widget_type=\"text-editor.default\">\n\t\t\t\t<div class=\"elementor-widget-container\">\n\t\t\t\t\t\t\t\t\t<p><span style=\"color: #e8a700;\">\u201c\u00a1Venga a beber y a lavarse en la fuente!\u201d <\/span>Estas palabras de la Virgen Mar\u00eda a Bernardita, durante una de las apariciones han inspirado la creaci\u00f3n de ba\u00f1os cerca de la Gruta (las piscinas) en las que se sumergen los peregrinos. Creyentes o no, todo el mundo est\u00e1 invitado a realizar esta experiencia intensa.<\/p>\t\t\t\t\t\t\t\t<\/div>\n\t\t\t\t<\/div>\n\t\t\t\t<div class=\"elementor-element elementor-element-56f3b10 elementor-widget elementor-widget-text-editor\" data-id=\"56f3b10\" data-element_type=\"widget\" data-widget_type=\"text-editor.default\">\n\t\t\t\t<div class=\"elementor-widget-container\">\n\t\t\t\t\t\t\t\t\t<p><span style=\"color: #e8a700;\">\u00bfLo sab\u00edan?<\/span> Es la Hospitalidad de Nuestra Se\u00f1ora de Lourdes con un &#171;ej\u00e9rcito&#187; de voluntarios, a quien se le ha confiado la animaci\u00f3n de estos ba\u00f1os que desde sus or\u00edgenes, son fuente de oraci\u00f3n, frescor, alegr\u00eda y a veces de curaci\u00f3n para millones de peregrinos.<\/p>\t\t\t\t\t\t\t\t<\/div>\n\t\t\t\t<\/div>\n\t\t\t\t<div class=\"elementor-element elementor-element-0aadf9f elementor-widget elementor-widget-text-editor\" data-id=\"0aadf9f\" data-element_type=\"widget\" data-widget_type=\"text-editor.default\">\n\t\t\t\t<div class=\"elementor-widget-container\">\n\t\t\t\t\t\t\t\t\t<p><span style=\"color: #e8a700;\">Actualizaci\u00f3n &#8211; Septiembre de 2021: en vista de la situaci\u00f3n sanitaria actual, la inmersi\u00f3n ya no es posible.\u00a0<\/span><br \/>En cambio, los voluntarios de la Hospitalidad de Nuestra Se\u00f1ora de Lourdes invitan a los peregrinos a realizar el gesto del agua lav\u00e1ndose la cara, las manos y los antebrazos con el agua de la fuente milagrosa. El gesto puede realizarse solo y tambi\u00e9n en familia o con amigos.<\/p>\t\t\t\t\t\t\t\t<\/div>\n\t\t\t\t<\/div>\n\t\t\t\t<div class=\"elementor-element elementor-element-8e3c448 elementor-widget elementor-widget-video\" data-id=\"8e3c448\" data-element_type=\"widget\" data-settings=\"{&quot;youtube_url&quot;:&quot;https:\\\/\\\/youtu.be\\\/c1HIy8d88x8&quot;,&quot;video_type&quot;:&quot;youtube&quot;,&quot;controls&quot;:&quot;yes&quot;}\" data-widget_type=\"video.default\">\n\t\t\t\t<div class=\"elementor-widget-container\">\n\t\t\t\t\t\t\t<div class=\"elementor-wrapper elementor-open-inline\">\n\t\t\t<div class=\"elementor-video\"><\/div>\t\t<\/div>\n\t\t\t\t\t\t<\/div>\n\t\t\t\t<\/div>\n\t\t\t\t\t<\/div>\n\t\t<\/div>\n\t\t\t\t\t<\/div>\n\t\t<\/section>\n\t\t\t\t<\/div>\n\t\t","protected":false},"excerpt":{"rendered":"<p>\u201c\u00a1Venga a beber y a lavarse en la fuente!\u201d Estas palabras de la Virgen Mar\u00eda a Bernardita, durante una de las apariciones han inspirado la creaci\u00f3n de ba\u00f1os cerca de la Gruta (las piscinas) en las que se sumergen los &hellip; <a href=\"https:\/\/www.lourdes-france.org\/es\/piscinas\/\">Continuar<\/a><\/p>\n","protected":false},"author":7,"featured_media":0,"parent":0,"menu_order":0,"comment_status":"closed","ping_status":"closed","template":"","meta":{"_acf_changed":false,"footnotes":""},"class_list":["post-3614","page","type-page","status-publish","hentry"],"acf":[],"yoast_head":"<!-- This site is optimized with the Yoast SEO plugin v24.7 - https:\/\/yoast.com\/wordpress\/plugins\/seo\/ -->\n<title>Ser ba\u00f1ado en las piscinas<\/title>\n<meta name=\"robots\" content=\"index, follow, max-snippet:-1, max-image-preview:large, max-video-preview:-1\" \/>\n<link rel=\"canonical\" href=\"https:\/\/www.lourdes-france.org\/es\/piscinas\/\" \/>\n<meta name=\"twitter:label1\" content=\"Tiempo de lectura\" \/>\n\t<meta name=\"twitter:data1\" content=\"1 minuto\" \/>\n<script type=\"application\/ld+json\" class=\"yoast-schema-graph\">{\"@context\":\"https:\/\/schema.org\",\"@graph\":[{\"@type\":\"WebPage\",\"@id\":\"https:\/\/www.lourdes-france.org\/es\/piscinas\/\",\"url\":\"https:\/\/www.lourdes-france.org\/es\/piscinas\/\",\"name\":\"Ser ba\u00f1ado en las piscinas\",\"isPartOf\":{\"@id\":\"https:\/\/preprod-lourdes.cawita.com\/#website\"},\"datePublished\":\"2018-07-18T08:46:51+00:00\",\"dateModified\":\"2021-09-10T12:08:18+00:00\",\"breadcrumb\":{\"@id\":\"https:\/\/www.lourdes-france.org\/es\/piscinas\/#breadcrumb\"},\"inLanguage\":\"es\",\"potentialAction\":[{\"@type\":\"ReadAction\",\"target\":[\"https:\/\/www.lourdes-france.org\/es\/piscinas\/\"]}]},{\"@type\":\"BreadcrumbList\",\"@id\":\"https:\/\/www.lourdes-france.org\/es\/piscinas\/#breadcrumb\",\"itemListElement\":[{\"@type\":\"ListItem\",\"position\":1,\"name\":\"Accueil\",\"item\":\"https:\/\/www.lourdes-france.org\/\"},{\"@type\":\"ListItem\",\"position\":2,\"name\":\"Ser ba\u00f1ado en las piscinas\"}]},{\"@type\":\"WebSite\",\"@id\":\"https:\/\/preprod-lourdes.cawita.com\/#website\",\"url\":\"https:\/\/preprod-lourdes.cawita.com\/\",\"name\":\"Soutenir le Sanctuaire Notre-Dame de Lourdes\",\"description\":\"\",\"potentialAction\":[{\"@type\":\"SearchAction\",\"target\":{\"@type\":\"EntryPoint\",\"urlTemplate\":\"https:\/\/preprod-lourdes.cawita.com\/?s={search_term_string}\"},\"query-input\":{\"@type\":\"PropertyValueSpecification\",\"valueRequired\":true,\"valueName\":\"search_term_string\"}}],\"inLanguage\":\"es\"}]}<\/script>\n<!-- \/ Yoast SEO plugin. -->","yoast_head_json":{"title":"Ser ba\u00f1ado en las piscinas","robots":{"index":"index","follow":"follow","max-snippet":"max-snippet:-1","max-image-preview":"max-image-preview:large","max-video-preview":"max-video-preview:-1"},"canonical":"https:\/\/www.lourdes-france.org\/es\/piscinas\/","twitter_misc":{"Tiempo de lectura":"1 minuto"},"schema":{"@context":"https:\/\/schema.org","@graph":[{"@type":"WebPage","@id":"https:\/\/www.lourdes-france.org\/es\/piscinas\/","url":"https:\/\/www.lourdes-france.org\/es\/piscinas\/","name":"Ser ba\u00f1ado en las piscinas","isPartOf":{"@id":"https:\/\/preprod-lourdes.cawita.com\/#website"},"datePublished":"2018-07-18T08:46:51+00:00","dateModified":"2021-09-10T12:08:18+00:00","breadcrumb":{"@id":"https:\/\/www.lourdes-france.org\/es\/piscinas\/#breadcrumb"},"inLanguage":"es","potentialAction":[{"@type":"ReadAction","target":["https:\/\/www.lourdes-france.org\/es\/piscinas\/"]}]},{"@type":"BreadcrumbList","@id":"https:\/\/www.lourdes-france.org\/es\/piscinas\/#breadcrumb","itemListElement":[{"@type":"ListItem","position":1,"name":"Accueil","item":"https:\/\/www.lourdes-france.org\/"},{"@type":"ListItem","position":2,"name":"Ser ba\u00f1ado en las piscinas"}]},{"@type":"WebSite","@id":"https:\/\/preprod-lourdes.cawita.com\/#website","url":"https:\/\/preprod-lourdes.cawita.com\/","name":"Soutenir le Sanctuaire Notre-Dame de Lourdes","description":"","potentialAction":[{"@type":"SearchAction","target":{"@type":"EntryPoint","urlTemplate":"https:\/\/preprod-lourdes.cawita.com\/?s={search_term_string}"},"query-input":{"@type":"PropertyValueSpecification","valueRequired":true,"valueName":"search_term_string"}}],"inLanguage":"es"}]}},"_links":{"self":[{"href":"https:\/\/www.lourdes-france.org\/es\/wp-json\/wp\/v2\/pages\/3614","targetHints":{"allow":["GET"]}}],"collection":[{"href":"https:\/\/www.lourdes-france.org\/es\/wp-json\/wp\/v2\/pages"}],"about":[{"href":"https:\/\/www.lourdes-france.org\/es\/wp-json\/wp\/v2\/types\/page"}],"author":[{"embeddable":true,"href":"https:\/\/www.lourdes-france.org\/es\/wp-json\/wp\/v2\/users\/7"}],"replies":[{"embeddable":true,"href":"https:\/\/www.lourdes-france.org\/es\/wp-json\/wp\/v2\/comments?post=3614"}],"version-history":[{"count":8,"href":"https:\/\/www.lourdes-france.org\/es\/wp-json\/wp\/v2\/pages\/3614\/revisions"}],"predecessor-version":[{"id":21267,"href":"https:\/\/www.lourdes-france.org\/es\/wp-json\/wp\/v2\/pages\/3614\/revisions\/21267"}],"wp:attachment":[{"href":"https:\/\/www.lourdes-france.org\/es\/wp-json\/wp\/v2\/media?parent=3614"}],"curies":[{"name":"wp","href":"https:\/\/api.w.org\/{rel}","templated":true}]}}