{"id":4023,"date":"2018-07-25T08:24:40","date_gmt":"2018-07-25T06:24:40","guid":{"rendered":"https:\/\/prod082018.lourdes-france.org\/en-construction\/"},"modified":"2021-03-02T16:08:51","modified_gmt":"2021-03-02T15:08:51","slug":"en-construction","status":"publish","type":"page","link":"https:\/\/www.lourdes-france.org\/es\/en-construction\/","title":{"rendered":"P\u00e1gina en fase de creaci\u00f3n, pr\u00f3xima apertura."},"content":{"rendered":"\t\t<div data-elementor-type=\"wp-post\" data-elementor-id=\"4023\" class=\"elementor elementor-4023 elementor-1523 elementor-bc-flex-widget\" data-elementor-post-type=\"page\">\n\t\t\t\t\t\t<section class=\"elementor-section elementor-top-section elementor-element elementor-element-4882a6d elementor-section-boxed elementor-section-height-default elementor-section-height-default\" data-id=\"4882a6d\" data-element_type=\"section\">\n\t\t\t\t\t\t<div class=\"elementor-container elementor-column-gap-default\">\n\t\t\t\t\t<div class=\"elementor-column elementor-col-100 elementor-top-column elementor-element elementor-element-3ce21a26\" data-id=\"3ce21a26\" data-element_type=\"column\">\n\t\t\t<div class=\"elementor-widget-wrap elementor-element-populated\">\n\t\t\t\t\t\t<div class=\"elementor-element elementor-element-528ed208 elementor-widget elementor-widget-text-editor\" data-id=\"528ed208\" data-element_type=\"widget\" data-widget_type=\"text-editor.default\">\n\t\t\t\t<div class=\"elementor-widget-container\">\n\t\t\t\t\t\t\t\t\t<p>Dejen su correo electr\u00f3nico y les avisaremos cuando se encuentre disponible.<\/p>\t\t\t\t\t\t\t\t<\/div>\n\t\t\t\t<\/div>\n\t\t\t\t\t<\/div>\n\t\t<\/div>\n\t\t\t\t\t<\/div>\n\t\t<\/section>\n\t\t\t\t<\/div>\n\t\t","protected":false},"excerpt":{"rendered":"<p>Dejen su correo electr\u00f3nico y les avisaremos cuando se encuentre disponible.<\/p>\n","protected":false},"author":7,"featured_media":0,"parent":0,"menu_order":0,"comment_status":"closed","ping_status":"closed","template":"page-sidebar-newsletter.php","meta":{"_acf_changed":false,"footnotes":""},"class_list":["post-4023","page","type-page","status-publish","hentry"],"acf":[],"yoast_head":"<!-- This site is optimized with the Yoast SEO plugin v24.7 - https:\/\/yoast.com\/wordpress\/plugins\/seo\/ -->\n<title>P\u00e1gina en fase de creaci\u00f3n, pr\u00f3xima apertura.<\/title>\n<meta name=\"robots\" content=\"index, follow, max-snippet:-1, max-image-preview:large, max-video-preview:-1\" \/>\n<link rel=\"canonical\" href=\"https:\/\/www.lourdes-france.org\/es\/en-construction\/\" \/>\n<script type=\"application\/ld+json\" class=\"yoast-schema-graph\">{\"@context\":\"https:\/\/schema.org\",\"@graph\":[{\"@type\":\"WebPage\",\"@id\":\"https:\/\/www.lourdes-france.org\/es\/en-construction\/\",\"url\":\"https:\/\/www.lourdes-france.org\/es\/en-construction\/\",\"name\":\"P\u00e1gina en fase de creaci\u00f3n, pr\u00f3xima apertura.\",\"isPartOf\":{\"@id\":\"https:\/\/preprod-lourdes.cawita.com\/#website\"},\"datePublished\":\"2018-07-25T06:24:40+00:00\",\"dateModified\":\"2021-03-02T15:08:51+00:00\",\"breadcrumb\":{\"@id\":\"https:\/\/www.lourdes-france.org\/es\/en-construction\/#breadcrumb\"},\"inLanguage\":\"es\",\"potentialAction\":[{\"@type\":\"ReadAction\",\"target\":[\"https:\/\/www.lourdes-france.org\/es\/en-construction\/\"]}]},{\"@type\":\"BreadcrumbList\",\"@id\":\"https:\/\/www.lourdes-france.org\/es\/en-construction\/#breadcrumb\",\"itemListElement\":[{\"@type\":\"ListItem\",\"position\":1,\"name\":\"Accueil\",\"item\":\"https:\/\/www.lourdes-france.org\/\"},{\"@type\":\"ListItem\",\"position\":2,\"name\":\"P\u00e1gina en fase de creaci\u00f3n, pr\u00f3xima apertura.\"}]},{\"@type\":\"WebSite\",\"@id\":\"https:\/\/preprod-lourdes.cawita.com\/#website\",\"url\":\"https:\/\/preprod-lourdes.cawita.com\/\",\"name\":\"Soutenir le Sanctuaire Notre-Dame de Lourdes\",\"description\":\"\",\"potentialAction\":[{\"@type\":\"SearchAction\",\"target\":{\"@type\":\"EntryPoint\",\"urlTemplate\":\"https:\/\/preprod-lourdes.cawita.com\/?s={search_term_string}\"},\"query-input\":{\"@type\":\"PropertyValueSpecification\",\"valueRequired\":true,\"valueName\":\"search_term_string\"}}],\"inLanguage\":\"es\"}]}<\/script>\n<!-- \/ Yoast SEO plugin. -->","yoast_head_json":{"title":"P\u00e1gina en fase de creaci\u00f3n, pr\u00f3xima apertura.","robots":{"index":"index","follow":"follow","max-snippet":"max-snippet:-1","max-image-preview":"max-image-preview:large","max-video-preview":"max-video-preview:-1"},"canonical":"https:\/\/www.lourdes-france.org\/es\/en-construction\/","schema":{"@context":"https:\/\/schema.org","@graph":[{"@type":"WebPage","@id":"https:\/\/www.lourdes-france.org\/es\/en-construction\/","url":"https:\/\/www.lourdes-france.org\/es\/en-construction\/","name":"P\u00e1gina en fase de creaci\u00f3n, pr\u00f3xima apertura.","isPartOf":{"@id":"https:\/\/preprod-lourdes.cawita.com\/#website"},"datePublished":"2018-07-25T06:24:40+00:00","dateModified":"2021-03-02T15:08:51+00:00","breadcrumb":{"@id":"https:\/\/www.lourdes-france.org\/es\/en-construction\/#breadcrumb"},"inLanguage":"es","potentialAction":[{"@type":"ReadAction","target":["https:\/\/www.lourdes-france.org\/es\/en-construction\/"]}]},{"@type":"BreadcrumbList","@id":"https:\/\/www.lourdes-france.org\/es\/en-construction\/#breadcrumb","itemListElement":[{"@type":"ListItem","position":1,"name":"Accueil","item":"https:\/\/www.lourdes-france.org\/"},{"@type":"ListItem","position":2,"name":"P\u00e1gina en fase de creaci\u00f3n, pr\u00f3xima apertura."}]},{"@type":"WebSite","@id":"https:\/\/preprod-lourdes.cawita.com\/#website","url":"https:\/\/preprod-lourdes.cawita.com\/","name":"Soutenir le Sanctuaire Notre-Dame de Lourdes","description":"","potentialAction":[{"@type":"SearchAction","target":{"@type":"EntryPoint","urlTemplate":"https:\/\/preprod-lourdes.cawita.com\/?s={search_term_string}"},"query-input":{"@type":"PropertyValueSpecification","valueRequired":true,"valueName":"search_term_string"}}],"inLanguage":"es"}]}},"_links":{"self":[{"href":"https:\/\/www.lourdes-france.org\/es\/wp-json\/wp\/v2\/pages\/4023","targetHints":{"allow":["GET"]}}],"collection":[{"href":"https:\/\/www.lourdes-france.org\/es\/wp-json\/wp\/v2\/pages"}],"about":[{"href":"https:\/\/www.lourdes-france.org\/es\/wp-json\/wp\/v2\/types\/page"}],"author":[{"embeddable":true,"href":"https:\/\/www.lourdes-france.org\/es\/wp-json\/wp\/v2\/users\/7"}],"replies":[{"embeddable":true,"href":"https:\/\/www.lourdes-france.org\/es\/wp-json\/wp\/v2\/comments?post=4023"}],"version-history":[{"count":8,"href":"https:\/\/www.lourdes-france.org\/es\/wp-json\/wp\/v2\/pages\/4023\/revisions"}],"predecessor-version":[{"id":21502,"href":"https:\/\/www.lourdes-france.org\/es\/wp-json\/wp\/v2\/pages\/4023\/revisions\/21502"}],"wp:attachment":[{"href":"https:\/\/www.lourdes-france.org\/es\/wp-json\/wp\/v2\/media?parent=4023"}],"curies":[{"name":"wp","href":"https:\/\/api.w.org\/{rel}","templated":true}]}}