{"id":417939,"date":"2020-12-16T12:22:48","date_gmt":"2020-12-16T11:22:48","guid":{"rendered":"https:\/\/www.lourdes-france.org\/charte-sanitaire-2021\/"},"modified":"2023-06-08T16:14:26","modified_gmt":"2023-06-08T14:14:26","slug":"charte-sanitaire-2021","status":"publish","type":"page","link":"https:\/\/www.lourdes-france.org\/es\/charte-sanitaire-2021\/","title":{"rendered":"Normativa sanitaria 2021"},"content":{"rendered":"\t\t<div data-elementor-type=\"wp-page\" data-elementor-id=\"417939\" class=\"elementor elementor-417939 elementor-410813\" data-elementor-post-type=\"page\">\n\t\t\t\t\t\t<section class=\"elementor-section elementor-top-section elementor-element elementor-element-189a894 elementor-section-full_width elementor-section-stretched elementor-section-height-default elementor-section-height-default\" data-id=\"189a894\" data-element_type=\"section\" data-settings=\"{&quot;stretch_section&quot;:&quot;section-stretched&quot;}\">\n\t\t\t\t\t\t<div class=\"elementor-container elementor-column-gap-default\">\n\t\t\t\t\t<div class=\"elementor-column elementor-col-100 elementor-top-column elementor-element elementor-element-f063c74\" data-id=\"f063c74\" data-element_type=\"column\">\n\t\t\t<div class=\"elementor-widget-wrap elementor-element-populated\">\n\t\t\t\t\t\t\t<\/div>\n\t\t<\/div>\n\t\t\t\t\t<\/div>\n\t\t<\/section>\n\t\t\t\t<section class=\"elementor-section elementor-top-section elementor-element elementor-element-4263553 elementor-section-full_width elementor-section-height-min-height elementor-section-stretched elementor-section-height-default elementor-section-items-middle\" data-id=\"4263553\" data-element_type=\"section\" data-settings=\"{&quot;stretch_section&quot;:&quot;section-stretched&quot;,&quot;background_background&quot;:&quot;classic&quot;}\">\n\t\t\t\t\t\t<div class=\"elementor-container elementor-column-gap-default\">\n\t\t\t\t\t<div class=\"elementor-column elementor-col-100 elementor-top-column elementor-element elementor-element-22393d0\" data-id=\"22393d0\" data-element_type=\"column\">\n\t\t\t<div class=\"elementor-widget-wrap\">\n\t\t\t\t\t\t\t<\/div>\n\t\t<\/div>\n\t\t\t\t\t<\/div>\n\t\t<\/section>\n\t\t\t\t<section class=\"elementor-section elementor-top-section elementor-element elementor-element-94d3217 elementor-section-boxed elementor-section-height-default elementor-section-height-default\" data-id=\"94d3217\" data-element_type=\"section\">\n\t\t\t\t\t\t<div class=\"elementor-container elementor-column-gap-default\">\n\t\t\t\t\t<div class=\"elementor-column elementor-col-100 elementor-top-column elementor-element elementor-element-31ffb30\" data-id=\"31ffb30\" data-element_type=\"column\">\n\t\t\t<div class=\"elementor-widget-wrap elementor-element-populated\">\n\t\t\t\t\t\t<div class=\"elementor-element elementor-element-3b54a93 elementor-widget elementor-widget-heading\" data-id=\"3b54a93\" data-element_type=\"widget\" data-widget_type=\"heading.default\">\n\t\t\t\t<div class=\"elementor-widget-container\">\n\t\t\t\t\t<h1 class=\"elementor-heading-title elementor-size-default\">Recomendaciones sanitarias <\/BR> Santuario de Nuestra Se\u00f1ora de Lourdes<\/h1>\t\t\t\t<\/div>\n\t\t\t\t<\/div>\n\t\t\t\t\t<\/div>\n\t\t<\/div>\n\t\t\t\t\t<\/div>\n\t\t<\/section>\n\t\t\t\t<section class=\"elementor-section elementor-top-section elementor-element elementor-element-d96be15 elementor-section-boxed elementor-section-height-default elementor-section-height-default\" data-id=\"d96be15\" data-element_type=\"section\">\n\t\t\t\t\t\t<div class=\"elementor-container elementor-column-gap-default\">\n\t\t\t\t\t<div class=\"elementor-column elementor-col-100 elementor-top-column elementor-element elementor-element-fcf338d\" data-id=\"fcf338d\" data-element_type=\"column\">\n\t\t\t<div class=\"elementor-widget-wrap elementor-element-populated\">\n\t\t\t\t\t\t<div class=\"elementor-element elementor-element-f968d3b elementor-widget elementor-widget-image\" data-id=\"f968d3b\" data-element_type=\"widget\" data-widget_type=\"image.default\">\n\t\t\t\t<div class=\"elementor-widget-container\">\n\t\t\t\t\t\t\t\t\t\t\t\t\t\t\t<img decoding=\"async\" src=\"https:\/\/www.lourdes-france.org\/wp-content\/uploads\/2021\/07\/BANDEAU_CHARTE-SANITAIRE-PELERINS-MASQUES-SUR-PONT3.jpg\" title=\"\" alt=\"\" loading=\"lazy\" \/>\t\t\t\t\t\t\t\t\t\t\t\t\t\t\t<\/div>\n\t\t\t\t<\/div>\n\t\t\t\t\t<\/div>\n\t\t<\/div>\n\t\t\t\t\t<\/div>\n\t\t<\/section>\n\t\t\t\t<section class=\"elementor-section elementor-top-section elementor-element elementor-element-524191a elementor-section-boxed elementor-section-height-default elementor-section-height-default\" data-id=\"524191a\" data-element_type=\"section\">\n\t\t\t\t\t\t<div class=\"elementor-container elementor-column-gap-default\">\n\t\t\t\t\t<div class=\"elementor-column elementor-col-100 elementor-top-column elementor-element elementor-element-c00b53d\" data-id=\"c00b53d\" data-element_type=\"column\">\n\t\t\t<div class=\"elementor-widget-wrap elementor-element-populated\">\n\t\t\t\t\t\t<div class=\"elementor-element elementor-element-121a2d0 elementor-widget elementor-widget-heading\" data-id=\"121a2d0\" data-element_type=\"widget\" data-widget_type=\"heading.default\">\n\t\t\t\t<div class=\"elementor-widget-container\">\n\t\t\t\t\t<h2 class=\"elementor-heading-title elementor-size-default\">Ya no es obligatorio llevar mascarilla en el Santuario, a excepci\u00f3n de:<\/h2>\t\t\t\t<\/div>\n\t\t\t\t<\/div>\n\t\t\t\t<div class=\"elementor-element elementor-element-04766fa elementor-widget elementor-widget-text-editor\" data-id=\"04766fa\" data-element_type=\"widget\" data-widget_type=\"text-editor.default\">\n\t\t\t\t<div class=\"elementor-widget-container\">\n\t\t\t\t\t\t\t\t\t<p>Sigue siendo obligatorio llevar mascarilla en el Accueil Notre Dame. Sin embargo, en el esp\u00edritu de la &#171;burbuja sanitaria&#187;, se deja a la discreci\u00f3n del m\u00e9dico de la peregrinaci\u00f3n sugerir a los peregrinos que se quiten la mascarilla cuando se encuentren en su &#171;lugar de vida&#187; sin contacto con otros peregrinos.<br \/>En el resto del recinto, el Santuario aconseja encarecidamente el uso de mascarillas en los espacios cerrados cuando haya mucha gente.<\/p>\t\t\t\t\t\t\t\t<\/div>\n\t\t\t\t<\/div>\n\t\t\t\t\t<\/div>\n\t\t<\/div>\n\t\t\t\t\t<\/div>\n\t\t<\/section>\n\t\t\t\t<section class=\"elementor-section elementor-top-section elementor-element elementor-element-5b01803 elementor-section-boxed elementor-section-height-default elementor-section-height-default\" data-id=\"5b01803\" data-element_type=\"section\">\n\t\t\t\t\t\t<div class=\"elementor-container elementor-column-gap-default\">\n\t\t\t\t\t<div class=\"elementor-column elementor-col-100 elementor-top-column elementor-element elementor-element-a208ad7\" data-id=\"a208ad7\" data-element_type=\"column\">\n\t\t\t<div class=\"elementor-widget-wrap elementor-element-populated\">\n\t\t\t\t\t\t<div class=\"elementor-element elementor-element-7017511 elementor-widget elementor-widget-heading\" data-id=\"7017511\" data-element_type=\"widget\" data-widget_type=\"heading.default\">\n\t\t\t\t<div class=\"elementor-widget-container\">\n\t\t\t\t\t<h2 class=\"elementor-heading-title elementor-size-default\">Vacunaci\u00f3n en el Accueil Notre Dame:<\/h2>\t\t\t\t<\/div>\n\t\t\t\t<\/div>\n\t\t\t\t<div class=\"elementor-element elementor-element-448dbf2 elementor-widget elementor-widget-text-editor\" data-id=\"448dbf2\" data-element_type=\"widget\" data-widget_type=\"text-editor.default\">\n\t\t\t\t<div class=\"elementor-widget-container\">\n\t\t\t\t\t\t\t\t\t<p lang=\"es-ES\">La vacunaci\u00f3n ya no es obligatoria dentro del <i>Accueil Notre Dame<\/i>, pero sigue siendo muy recomendable.<\/p>\t\t\t\t\t\t\t\t<\/div>\n\t\t\t\t<\/div>\n\t\t\t\t\t<\/div>\n\t\t<\/div>\n\t\t\t\t\t<\/div>\n\t\t<\/section>\n\t\t\t\t<\/div>\n\t\t","protected":false},"excerpt":{"rendered":"<p>Recomendaciones sanitarias Santuario de Nuestra Se\u00f1ora de Lourdes Ya no es obligatorio llevar mascarilla en el Santuario, a excepci\u00f3n de: Sigue siendo obligatorio llevar mascarilla en el Accueil Notre Dame. Sin embargo, en el esp\u00edritu de la &#171;burbuja sanitaria&#187;, se &hellip; <a href=\"https:\/\/www.lourdes-france.org\/es\/charte-sanitaire-2021\/\">Continuar<\/a><\/p>\n","protected":false},"author":7,"featured_media":0,"parent":0,"menu_order":0,"comment_status":"closed","ping_status":"closed","template":"","meta":{"_acf_changed":false,"footnotes":""},"class_list":["post-417939","page","type-page","status-publish","hentry"],"acf":[],"yoast_head":"<!-- This site is optimized with the Yoast SEO plugin v24.7 - https:\/\/yoast.com\/wordpress\/plugins\/seo\/ -->\n<title>Normativa sanitaria 2021<\/title>\n<meta name=\"robots\" content=\"index, follow, max-snippet:-1, max-image-preview:large, max-video-preview:-1\" \/>\n<link rel=\"canonical\" href=\"https:\/\/www.lourdes-france.org\/charte-sanitaire-2021\/\" \/>\n<meta name=\"twitter:label1\" content=\"Tiempo de lectura\" \/>\n\t<meta name=\"twitter:data1\" content=\"1 minuto\" \/>\n<script type=\"application\/ld+json\" class=\"yoast-schema-graph\">{\"@context\":\"https:\/\/schema.org\",\"@graph\":[{\"@type\":\"WebPage\",\"@id\":\"https:\/\/www.lourdes-france.org\/charte-sanitaire-2021\/\",\"url\":\"https:\/\/www.lourdes-france.org\/charte-sanitaire-2021\/\",\"name\":\"Normativa sanitaria 2021\",\"isPartOf\":{\"@id\":\"https:\/\/preprod-lourdes.cawita.com\/#website\"},\"primaryImageOfPage\":{\"@id\":\"https:\/\/www.lourdes-france.org\/charte-sanitaire-2021\/#primaryimage\"},\"image\":{\"@id\":\"https:\/\/www.lourdes-france.org\/charte-sanitaire-2021\/#primaryimage\"},\"thumbnailUrl\":\"https:\/\/www.lourdes-france.org\/wp-content\/uploads\/2021\/07\/BANDEAU_CHARTE-SANITAIRE-PELERINS-MASQUES-SUR-PONT3.jpg\",\"datePublished\":\"2020-12-16T11:22:48+00:00\",\"dateModified\":\"2023-06-08T14:14:26+00:00\",\"breadcrumb\":{\"@id\":\"https:\/\/www.lourdes-france.org\/charte-sanitaire-2021\/#breadcrumb\"},\"inLanguage\":\"es\",\"potentialAction\":[{\"@type\":\"ReadAction\",\"target\":[\"https:\/\/www.lourdes-france.org\/charte-sanitaire-2021\/\"]}]},{\"@type\":\"ImageObject\",\"inLanguage\":\"es\",\"@id\":\"https:\/\/www.lourdes-france.org\/charte-sanitaire-2021\/#primaryimage\",\"url\":\"https:\/\/www.lourdes-france.org\/wp-content\/uploads\/2021\/07\/BANDEAU_CHARTE-SANITAIRE-PELERINS-MASQUES-SUR-PONT3.jpg\",\"contentUrl\":\"https:\/\/www.lourdes-france.org\/wp-content\/uploads\/2021\/07\/BANDEAU_CHARTE-SANITAIRE-PELERINS-MASQUES-SUR-PONT3.jpg\"},{\"@type\":\"BreadcrumbList\",\"@id\":\"https:\/\/www.lourdes-france.org\/charte-sanitaire-2021\/#breadcrumb\",\"itemListElement\":[{\"@type\":\"ListItem\",\"position\":1,\"name\":\"Accueil\",\"item\":\"https:\/\/www.lourdes-france.org\/\"},{\"@type\":\"ListItem\",\"position\":2,\"name\":\"Normativa sanitaria 2021\"}]},{\"@type\":\"WebSite\",\"@id\":\"https:\/\/preprod-lourdes.cawita.com\/#website\",\"url\":\"https:\/\/preprod-lourdes.cawita.com\/\",\"name\":\"Soutenir le Sanctuaire Notre-Dame de Lourdes\",\"description\":\"\",\"potentialAction\":[{\"@type\":\"SearchAction\",\"target\":{\"@type\":\"EntryPoint\",\"urlTemplate\":\"https:\/\/preprod-lourdes.cawita.com\/?s={search_term_string}\"},\"query-input\":{\"@type\":\"PropertyValueSpecification\",\"valueRequired\":true,\"valueName\":\"search_term_string\"}}],\"inLanguage\":\"es\"}]}<\/script>\n<!-- \/ Yoast SEO plugin. -->","yoast_head_json":{"title":"Normativa sanitaria 2021","robots":{"index":"index","follow":"follow","max-snippet":"max-snippet:-1","max-image-preview":"max-image-preview:large","max-video-preview":"max-video-preview:-1"},"canonical":"https:\/\/www.lourdes-france.org\/charte-sanitaire-2021\/","twitter_misc":{"Tiempo de lectura":"1 minuto"},"schema":{"@context":"https:\/\/schema.org","@graph":[{"@type":"WebPage","@id":"https:\/\/www.lourdes-france.org\/charte-sanitaire-2021\/","url":"https:\/\/www.lourdes-france.org\/charte-sanitaire-2021\/","name":"Normativa sanitaria 2021","isPartOf":{"@id":"https:\/\/preprod-lourdes.cawita.com\/#website"},"primaryImageOfPage":{"@id":"https:\/\/www.lourdes-france.org\/charte-sanitaire-2021\/#primaryimage"},"image":{"@id":"https:\/\/www.lourdes-france.org\/charte-sanitaire-2021\/#primaryimage"},"thumbnailUrl":"https:\/\/www.lourdes-france.org\/wp-content\/uploads\/2021\/07\/BANDEAU_CHARTE-SANITAIRE-PELERINS-MASQUES-SUR-PONT3.jpg","datePublished":"2020-12-16T11:22:48+00:00","dateModified":"2023-06-08T14:14:26+00:00","breadcrumb":{"@id":"https:\/\/www.lourdes-france.org\/charte-sanitaire-2021\/#breadcrumb"},"inLanguage":"es","potentialAction":[{"@type":"ReadAction","target":["https:\/\/www.lourdes-france.org\/charte-sanitaire-2021\/"]}]},{"@type":"ImageObject","inLanguage":"es","@id":"https:\/\/www.lourdes-france.org\/charte-sanitaire-2021\/#primaryimage","url":"https:\/\/www.lourdes-france.org\/wp-content\/uploads\/2021\/07\/BANDEAU_CHARTE-SANITAIRE-PELERINS-MASQUES-SUR-PONT3.jpg","contentUrl":"https:\/\/www.lourdes-france.org\/wp-content\/uploads\/2021\/07\/BANDEAU_CHARTE-SANITAIRE-PELERINS-MASQUES-SUR-PONT3.jpg"},{"@type":"BreadcrumbList","@id":"https:\/\/www.lourdes-france.org\/charte-sanitaire-2021\/#breadcrumb","itemListElement":[{"@type":"ListItem","position":1,"name":"Accueil","item":"https:\/\/www.lourdes-france.org\/"},{"@type":"ListItem","position":2,"name":"Normativa sanitaria 2021"}]},{"@type":"WebSite","@id":"https:\/\/preprod-lourdes.cawita.com\/#website","url":"https:\/\/preprod-lourdes.cawita.com\/","name":"Soutenir le Sanctuaire Notre-Dame de Lourdes","description":"","potentialAction":[{"@type":"SearchAction","target":{"@type":"EntryPoint","urlTemplate":"https:\/\/preprod-lourdes.cawita.com\/?s={search_term_string}"},"query-input":{"@type":"PropertyValueSpecification","valueRequired":true,"valueName":"search_term_string"}}],"inLanguage":"es"}]}},"_links":{"self":[{"href":"https:\/\/www.lourdes-france.org\/es\/wp-json\/wp\/v2\/pages\/417939","targetHints":{"allow":["GET"]}}],"collection":[{"href":"https:\/\/www.lourdes-france.org\/es\/wp-json\/wp\/v2\/pages"}],"about":[{"href":"https:\/\/www.lourdes-france.org\/es\/wp-json\/wp\/v2\/types\/page"}],"author":[{"embeddable":true,"href":"https:\/\/www.lourdes-france.org\/es\/wp-json\/wp\/v2\/users\/7"}],"replies":[{"embeddable":true,"href":"https:\/\/www.lourdes-france.org\/es\/wp-json\/wp\/v2\/comments?post=417939"}],"version-history":[{"count":3,"href":"https:\/\/www.lourdes-france.org\/es\/wp-json\/wp\/v2\/pages\/417939\/revisions"}],"predecessor-version":[{"id":893961,"href":"https:\/\/www.lourdes-france.org\/es\/wp-json\/wp\/v2\/pages\/417939\/revisions\/893961"}],"wp:attachment":[{"href":"https:\/\/www.lourdes-france.org\/es\/wp-json\/wp\/v2\/media?parent=417939"}],"curies":[{"name":"wp","href":"https:\/\/api.w.org\/{rel}","templated":true}]}}