{"id":42027,"date":"2019-03-05T11:18:37","date_gmt":"2019-03-05T10:18:37","guid":{"rendered":"https:\/\/www.lourdes-france.org\/la-petite-maison-de-bernadette\/"},"modified":"2021-09-13T11:01:29","modified_gmt":"2021-09-13T09:01:29","slug":"la-casita-de-bernardita","status":"publish","type":"page","link":"https:\/\/www.lourdes-france.org\/es\/la-casita-de-bernardita\/","title":{"rendered":"La casita de Bernardita"},"content":{"rendered":"\t\t<div data-elementor-type=\"wp-post\" data-elementor-id=\"42027\" class=\"elementor elementor-42027 elementor-32525\" data-elementor-post-type=\"page\">\n\t\t\t\t\t\t<section class=\"elementor-section elementor-top-section elementor-element elementor-element-e9add5f elementor-section-boxed elementor-section-height-default elementor-section-height-default\" data-id=\"e9add5f\" data-element_type=\"section\">\n\t\t\t\t\t\t<div class=\"elementor-container elementor-column-gap-no\">\n\t\t\t\t\t<div class=\"elementor-column elementor-col-100 elementor-top-column elementor-element elementor-element-07709d2\" data-id=\"07709d2\" data-element_type=\"column\">\n\t\t\t<div class=\"elementor-widget-wrap elementor-element-populated\">\n\t\t\t\t\t\t<div class=\"elementor-element elementor-element-7a5cd3d elementor-widget elementor-widget-text-editor\" data-id=\"7a5cd3d\" data-element_type=\"widget\" data-widget_type=\"text-editor.default\">\n\t\t\t\t<div class=\"elementor-widget-container\">\n\t\t\t\t\t\t\t\t\t<h2>P\u00fablico<\/h2><p>Ni\u00f1os y padres<br \/>Grupos de ni\u00f1os (5-12 a\u00f1os) con adultos.<\/p>\t\t\t\t\t\t\t\t<\/div>\n\t\t\t\t<\/div>\n\t\t\t\t<div class=\"elementor-element elementor-element-d0a3089 elementor-widget elementor-widget-text-editor\" data-id=\"d0a3089\" data-element_type=\"widget\" data-widget_type=\"text-editor.default\">\n\t\t\t\t<div class=\"elementor-widget-container\">\n\t\t\t\t\t\t\t\t\t<h2>Lugar<\/h2><p>&#171;Rotonde 2 Prairie&#187;<br \/>Santuario de Nuestra Se\u00f1ora de Lourdes<\/p>\t\t\t\t\t\t\t\t<\/div>\n\t\t\t\t<\/div>\n\t\t\t\t<div class=\"elementor-element elementor-element-72e2e95 elementor-widget elementor-widget-text-editor\" data-id=\"72e2e95\" data-element_type=\"widget\" data-widget_type=\"text-editor.default\">\n\t\t\t\t<div class=\"elementor-widget-container\">\n\t\t\t\t\t\t\t\t\t<h2>Cu\u00e1ndo<\/h2><p class=\"western\" lang=\"es-ES\"><strong>Del 16 de septiembre al 3 de octubre de 2021:\u00a0<\/strong><br \/>La casita de Bernardita est\u00e1 abierta los mi\u00e9rcoles, s\u00e1bados y domingos de 14.30 a 17.00 horas.<br \/><br \/>Con cita previa, llamar al <span style=\"color: #0000ff;\">+33 6 22 73 30 29<\/span> (excepto los domingos por la ma\u00f1ana).<\/p>\t\t\t\t\t\t\t\t<\/div>\n\t\t\t\t<\/div>\n\t\t\t\t<div class=\"elementor-element elementor-element-56bf729 elementor-widget elementor-widget-text-editor\" data-id=\"56bf729\" data-element_type=\"widget\" data-widget_type=\"text-editor.default\">\n\t\t\t\t<div class=\"elementor-widget-container\">\n\t\t\t\t\t\t\t\t\t<h2>Pero<\/h2><p>Se recomienda registrarse,<br \/>enviando un correo electr\u00f3nico o llamando a uno de los siguientes n\u00fameros:<\/p>\t\t\t\t\t\t\t\t<\/div>\n\t\t\t\t<\/div>\n\t\t\t\t<div class=\"elementor-element elementor-element-8444e19 elementor-widget elementor-widget-text-editor\" data-id=\"8444e19\" data-element_type=\"widget\" data-widget_type=\"text-editor.default\">\n\t\t\t\t<div class=\"elementor-widget-container\">\n\t\t\t\t\t\t\t\t\t<h2>Contacto<\/h2><p>La casita de Bernardita,<br \/>Soeur Genevi\u00e8ve PAGES<br \/><a href=\"mailto:genevieve.pages@lourdes-france.com\">genevieve.pages@lourdes-france.com<\/a><br \/>+33 (0)6 22 73 30 29<\/p><p>Ou :<br \/><a href=\"mailto:saccueil@lourdes-france.com\">saccueil@lourdes-france.com<\/a> <br \/>+33 (0)5 62 42 89 54<\/p><p>Ou :<br \/><a href=\"mailto:parvis@lourdes-france.com\">parvis@lourdes-france.com<\/a><\/p>\t\t\t\t\t\t\t\t<\/div>\n\t\t\t\t<\/div>\n\t\t\t\t\t<\/div>\n\t\t<\/div>\n\t\t\t\t\t<\/div>\n\t\t<\/section>\n\t\t\t\t<section class=\"elementor-section elementor-top-section elementor-element elementor-element-afae60 elementor-section-boxed elementor-section-height-default elementor-section-height-default\" data-id=\"afae60\" data-element_type=\"section\">\n\t\t\t\t\t\t<div class=\"elementor-container elementor-column-gap-no\">\n\t\t\t\t\t<div class=\"elementor-column elementor-col-100 elementor-top-column elementor-element elementor-element-58c1625c\" data-id=\"58c1625c\" data-element_type=\"column\">\n\t\t\t<div class=\"elementor-widget-wrap elementor-element-populated\">\n\t\t\t\t\t\t<div class=\"elementor-element elementor-element-11e0649d carrousel-post elementor-arrows-position-inside elementor-pagination-position-outside elementor-widget elementor-widget-image-carousel\" data-id=\"11e0649d\" data-element_type=\"widget\" data-settings=\"{&quot;slides_to_show&quot;:&quot;1&quot;,&quot;navigation&quot;:&quot;both&quot;,&quot;autoplay&quot;:&quot;yes&quot;,&quot;pause_on_hover&quot;:&quot;yes&quot;,&quot;pause_on_interaction&quot;:&quot;yes&quot;,&quot;autoplay_speed&quot;:5000,&quot;infinite&quot;:&quot;yes&quot;,&quot;effect&quot;:&quot;slide&quot;,&quot;speed&quot;:500}\" data-widget_type=\"image-carousel.default\">\n\t\t\t\t<div class=\"elementor-widget-container\">\n\t\t\t\t\t\t\t<div class=\"elementor-image-carousel-wrapper swiper\" role=\"region\" aria-roledescription=\"carousel\" aria-label=\"Carrusel de im\u00e1genes\" dir=\"ltr\">\n\t\t\t<div class=\"elementor-image-carousel swiper-wrapper\" aria-live=\"off\">\n\t\t\t\t\t\t\t\t<div class=\"swiper-slide\" role=\"group\" aria-roledescription=\"slide\" aria-label=\"1 de 6\"><a data-elementor-open-lightbox=\"yes\" data-elementor-lightbox-slideshow=\"11e0649d\" data-elementor-lightbox-title=\"21_ 2607 ambiance-11\" data-e-action-hash=\"#elementor-action%3Aaction%3Dlightbox%26settings%3DeyJpZCI6ODE2NDQxLCJ1cmwiOiJodHRwczpcL1wvd3d3LmxvdXJkZXMtZnJhbmNlLm9yZ1wvd3AtY29udGVudFwvdXBsb2Fkc1wvMjAyMVwvMDlcLzIxXy0yNjA3LWFtYmlhbmNlLTExLmpwZyIsInNsaWRlc2hvdyI6IjExZTA2NDlkIn0%3D\" href=\"https:\/\/www.lourdes-france.org\/wp-content\/uploads\/2021\/09\/21_-2607-ambiance-11.jpg\"><figure class=\"swiper-slide-inner\"><img decoding=\"async\" class=\"swiper-slide-image\" src=\"https:\/\/www.lourdes-france.org\/wp-content\/uploads\/2021\/09\/21_-2607-ambiance-11-768x512.jpg\" alt=\"Foto SNDL \/ Pierre Vincent\" \/><figcaption class=\"elementor-image-carousel-caption\">Foto SNDL \/ Pierre Vincent<\/figcaption><\/figure><\/a><\/div><div class=\"swiper-slide\" role=\"group\" aria-roledescription=\"slide\" aria-label=\"2 de 6\"><a data-elementor-open-lightbox=\"yes\" data-elementor-lightbox-slideshow=\"11e0649d\" data-elementor-lightbox-title=\"21_ 2607 ambiance-08\" data-e-action-hash=\"#elementor-action%3Aaction%3Dlightbox%26settings%3DeyJpZCI6ODE2NDY1LCJ1cmwiOiJodHRwczpcL1wvd3d3LmxvdXJkZXMtZnJhbmNlLm9yZ1wvd3AtY29udGVudFwvdXBsb2Fkc1wvMjAyMVwvMDlcLzIxXy0yNjA3LWFtYmlhbmNlLTA4LmpwZyIsInNsaWRlc2hvdyI6IjExZTA2NDlkIn0%3D\" href=\"https:\/\/www.lourdes-france.org\/wp-content\/uploads\/2021\/09\/21_-2607-ambiance-08.jpg\"><figure class=\"swiper-slide-inner\"><img decoding=\"async\" class=\"swiper-slide-image\" src=\"https:\/\/www.lourdes-france.org\/wp-content\/uploads\/2021\/09\/21_-2607-ambiance-08-768x512.jpg\" alt=\"Foto SNDL \/ Pierre Vincent\" \/><figcaption class=\"elementor-image-carousel-caption\">Foto SNDL \/ Pierre Vincent<\/figcaption><\/figure><\/a><\/div><div class=\"swiper-slide\" role=\"group\" aria-roledescription=\"slide\" aria-label=\"3 de 6\"><a data-elementor-open-lightbox=\"yes\" data-elementor-lightbox-slideshow=\"11e0649d\" data-elementor-lightbox-title=\"21_ 2607 ambiance-14\" data-e-action-hash=\"#elementor-action%3Aaction%3Dlightbox%26settings%3DeyJpZCI6ODE2NDQ3LCJ1cmwiOiJodHRwczpcL1wvd3d3LmxvdXJkZXMtZnJhbmNlLm9yZ1wvd3AtY29udGVudFwvdXBsb2Fkc1wvMjAyMVwvMDlcLzIxXy0yNjA3LWFtYmlhbmNlLTE0LmpwZyIsInNsaWRlc2hvdyI6IjExZTA2NDlkIn0%3D\" href=\"https:\/\/www.lourdes-france.org\/wp-content\/uploads\/2021\/09\/21_-2607-ambiance-14.jpg\"><figure class=\"swiper-slide-inner\"><img decoding=\"async\" class=\"swiper-slide-image\" src=\"https:\/\/www.lourdes-france.org\/wp-content\/uploads\/2021\/09\/21_-2607-ambiance-14-768x512.jpg\" alt=\"Foto SNDL \/ Pierre Vincent\" \/><figcaption class=\"elementor-image-carousel-caption\">Foto SNDL \/ Pierre Vincent<\/figcaption><\/figure><\/a><\/div><div class=\"swiper-slide\" role=\"group\" aria-roledescription=\"slide\" aria-label=\"4 de 6\"><a data-elementor-open-lightbox=\"yes\" data-elementor-lightbox-slideshow=\"11e0649d\" data-elementor-lightbox-title=\"21_ 2607 ambiance-12\" data-e-action-hash=\"#elementor-action%3Aaction%3Dlightbox%26settings%3DeyJpZCI6ODE2NDcxLCJ1cmwiOiJodHRwczpcL1wvd3d3LmxvdXJkZXMtZnJhbmNlLm9yZ1wvd3AtY29udGVudFwvdXBsb2Fkc1wvMjAyMVwvMDlcLzIxXy0yNjA3LWFtYmlhbmNlLTEyLmpwZyIsInNsaWRlc2hvdyI6IjExZTA2NDlkIn0%3D\" href=\"https:\/\/www.lourdes-france.org\/wp-content\/uploads\/2021\/09\/21_-2607-ambiance-12.jpg\"><figure class=\"swiper-slide-inner\"><img decoding=\"async\" class=\"swiper-slide-image\" src=\"https:\/\/www.lourdes-france.org\/wp-content\/uploads\/2021\/09\/21_-2607-ambiance-12-768x432.jpg\" alt=\"Foto SNDL \/ Pierre Vincent\" \/><figcaption class=\"elementor-image-carousel-caption\">Foto SNDL \/ Pierre Vincent<\/figcaption><\/figure><\/a><\/div><div class=\"swiper-slide\" role=\"group\" aria-roledescription=\"slide\" aria-label=\"5 de 6\"><a data-elementor-open-lightbox=\"yes\" data-elementor-lightbox-slideshow=\"11e0649d\" data-elementor-lightbox-title=\"21_ 2607 ambiance-01\" data-e-action-hash=\"#elementor-action%3Aaction%3Dlightbox%26settings%3DeyJpZCI6ODE2NDUzLCJ1cmwiOiJodHRwczpcL1wvd3d3LmxvdXJkZXMtZnJhbmNlLm9yZ1wvd3AtY29udGVudFwvdXBsb2Fkc1wvMjAyMVwvMDlcLzIxXy0yNjA3LWFtYmlhbmNlLTAxLmpwZyIsInNsaWRlc2hvdyI6IjExZTA2NDlkIn0%3D\" href=\"https:\/\/www.lourdes-france.org\/wp-content\/uploads\/2021\/09\/21_-2607-ambiance-01.jpg\"><figure class=\"swiper-slide-inner\"><img decoding=\"async\" class=\"swiper-slide-image\" src=\"https:\/\/www.lourdes-france.org\/wp-content\/uploads\/2021\/09\/21_-2607-ambiance-01-768x512.jpg\" alt=\"Foto SNDL \/ Pierre Vincent\" \/><figcaption class=\"elementor-image-carousel-caption\">Foto SNDL \/ Pierre Vincent<\/figcaption><\/figure><\/a><\/div><div class=\"swiper-slide\" role=\"group\" aria-roledescription=\"slide\" aria-label=\"6 de 6\"><a data-elementor-open-lightbox=\"yes\" data-elementor-lightbox-slideshow=\"11e0649d\" data-elementor-lightbox-title=\"21_ 2607 ambiance-05\" data-e-action-hash=\"#elementor-action%3Aaction%3Dlightbox%26settings%3DeyJpZCI6ODE2NDU5LCJ1cmwiOiJodHRwczpcL1wvd3d3LmxvdXJkZXMtZnJhbmNlLm9yZ1wvd3AtY29udGVudFwvdXBsb2Fkc1wvMjAyMVwvMDlcLzIxXy0yNjA3LWFtYmlhbmNlLTA1LmpwZyIsInNsaWRlc2hvdyI6IjExZTA2NDlkIn0%3D\" href=\"https:\/\/www.lourdes-france.org\/wp-content\/uploads\/2021\/09\/21_-2607-ambiance-05.jpg\"><figure class=\"swiper-slide-inner\"><img decoding=\"async\" class=\"swiper-slide-image\" src=\"https:\/\/www.lourdes-france.org\/wp-content\/uploads\/2021\/09\/21_-2607-ambiance-05-768x512.jpg\" alt=\"Foto SNDL \/ Pierre Vincent\" \/><figcaption class=\"elementor-image-carousel-caption\">Foto SNDL \/ Pierre Vincent<\/figcaption><\/figure><\/a><\/div>\t\t\t<\/div>\n\t\t\t\t\t\t\t\t\t\t\t\t<div class=\"elementor-swiper-button elementor-swiper-button-prev\" role=\"button\" tabindex=\"0\">\n\t\t\t\t\t\t<i aria-hidden=\"true\" class=\"eicon-chevron-left\"><\/i>\t\t\t\t\t<\/div>\n\t\t\t\t\t<div class=\"elementor-swiper-button elementor-swiper-button-next\" role=\"button\" tabindex=\"0\">\n\t\t\t\t\t\t<i aria-hidden=\"true\" class=\"eicon-chevron-right\"><\/i>\t\t\t\t\t<\/div>\n\t\t\t\t\n\t\t\t\t\t\t\t\t\t<div class=\"swiper-pagination\"><\/div>\n\t\t\t\t\t\t\t\t\t<\/div>\n\t\t\t\t\t\t<\/div>\n\t\t\t\t<\/div>\n\t\t\t\t\t<\/div>\n\t\t<\/div>\n\t\t\t\t\t<\/div>\n\t\t<\/section>\n\t\t\t\t<\/div>\n\t\t","protected":false},"excerpt":{"rendered":"<p>P\u00fablico Ni\u00f1os y padresGrupos de ni\u00f1os (5-12 a\u00f1os) con adultos. Lugar &#171;Rotonde 2 Prairie&#187;Santuario de Nuestra Se\u00f1ora de Lourdes Cu\u00e1ndo Del 16 de septiembre al 3 de octubre de 2021:\u00a0La casita de Bernardita est\u00e1 abierta los mi\u00e9rcoles, s\u00e1bados y domingos &hellip; <a href=\"https:\/\/www.lourdes-france.org\/es\/la-casita-de-bernardita\/\">Continuar<\/a><\/p>\n","protected":false},"author":7,"featured_media":0,"parent":0,"menu_order":0,"comment_status":"closed","ping_status":"closed","template":"","meta":{"_acf_changed":false,"footnotes":""},"class_list":["post-42027","page","type-page","status-publish","hentry"],"acf":[],"yoast_head":"<!-- This site is optimized with the Yoast SEO plugin v24.7 - https:\/\/yoast.com\/wordpress\/plugins\/seo\/ -->\n<title>La casita de Bernardita<\/title>\n<meta name=\"robots\" content=\"index, follow, max-snippet:-1, max-image-preview:large, max-video-preview:-1\" \/>\n<link rel=\"canonical\" href=\"https:\/\/www.lourdes-france.org\/es\/la-casita-de-bernardita\/\" \/>\n<meta name=\"twitter:label1\" content=\"Tiempo de lectura\" \/>\n\t<meta name=\"twitter:data1\" content=\"1 minuto\" \/>\n<script type=\"application\/ld+json\" class=\"yoast-schema-graph\">{\"@context\":\"https:\/\/schema.org\",\"@graph\":[{\"@type\":\"WebPage\",\"@id\":\"https:\/\/www.lourdes-france.org\/es\/la-casita-de-bernardita\/\",\"url\":\"https:\/\/www.lourdes-france.org\/es\/la-casita-de-bernardita\/\",\"name\":\"La casita de Bernardita\",\"isPartOf\":{\"@id\":\"https:\/\/preprod-lourdes.cawita.com\/#website\"},\"primaryImageOfPage\":{\"@id\":\"https:\/\/www.lourdes-france.org\/es\/la-casita-de-bernardita\/#primaryimage\"},\"image\":{\"@id\":\"https:\/\/www.lourdes-france.org\/es\/la-casita-de-bernardita\/#primaryimage\"},\"thumbnailUrl\":\"https:\/\/www.lourdes-france.org\/wp-content\/uploads\/2021\/09\/21_-2607-ambiance-11-768x512.jpg\",\"datePublished\":\"2019-03-05T10:18:37+00:00\",\"dateModified\":\"2021-09-13T09:01:29+00:00\",\"breadcrumb\":{\"@id\":\"https:\/\/www.lourdes-france.org\/es\/la-casita-de-bernardita\/#breadcrumb\"},\"inLanguage\":\"es\",\"potentialAction\":[{\"@type\":\"ReadAction\",\"target\":[\"https:\/\/www.lourdes-france.org\/es\/la-casita-de-bernardita\/\"]}]},{\"@type\":\"ImageObject\",\"inLanguage\":\"es\",\"@id\":\"https:\/\/www.lourdes-france.org\/es\/la-casita-de-bernardita\/#primaryimage\",\"url\":\"https:\/\/www.lourdes-france.org\/wp-content\/uploads\/2021\/09\/21_-2607-ambiance-11-768x512.jpg\",\"contentUrl\":\"https:\/\/www.lourdes-france.org\/wp-content\/uploads\/2021\/09\/21_-2607-ambiance-11-768x512.jpg\"},{\"@type\":\"BreadcrumbList\",\"@id\":\"https:\/\/www.lourdes-france.org\/es\/la-casita-de-bernardita\/#breadcrumb\",\"itemListElement\":[{\"@type\":\"ListItem\",\"position\":1,\"name\":\"Accueil\",\"item\":\"https:\/\/www.lourdes-france.org\/\"},{\"@type\":\"ListItem\",\"position\":2,\"name\":\"La casita de Bernardita\"}]},{\"@type\":\"WebSite\",\"@id\":\"https:\/\/preprod-lourdes.cawita.com\/#website\",\"url\":\"https:\/\/preprod-lourdes.cawita.com\/\",\"name\":\"Soutenir le Sanctuaire Notre-Dame de Lourdes\",\"description\":\"\",\"potentialAction\":[{\"@type\":\"SearchAction\",\"target\":{\"@type\":\"EntryPoint\",\"urlTemplate\":\"https:\/\/preprod-lourdes.cawita.com\/?s={search_term_string}\"},\"query-input\":{\"@type\":\"PropertyValueSpecification\",\"valueRequired\":true,\"valueName\":\"search_term_string\"}}],\"inLanguage\":\"es\"}]}<\/script>\n<!-- \/ Yoast SEO plugin. -->","yoast_head_json":{"title":"La casita de Bernardita","robots":{"index":"index","follow":"follow","max-snippet":"max-snippet:-1","max-image-preview":"max-image-preview:large","max-video-preview":"max-video-preview:-1"},"canonical":"https:\/\/www.lourdes-france.org\/es\/la-casita-de-bernardita\/","twitter_misc":{"Tiempo de lectura":"1 minuto"},"schema":{"@context":"https:\/\/schema.org","@graph":[{"@type":"WebPage","@id":"https:\/\/www.lourdes-france.org\/es\/la-casita-de-bernardita\/","url":"https:\/\/www.lourdes-france.org\/es\/la-casita-de-bernardita\/","name":"La casita de Bernardita","isPartOf":{"@id":"https:\/\/preprod-lourdes.cawita.com\/#website"},"primaryImageOfPage":{"@id":"https:\/\/www.lourdes-france.org\/es\/la-casita-de-bernardita\/#primaryimage"},"image":{"@id":"https:\/\/www.lourdes-france.org\/es\/la-casita-de-bernardita\/#primaryimage"},"thumbnailUrl":"https:\/\/www.lourdes-france.org\/wp-content\/uploads\/2021\/09\/21_-2607-ambiance-11-768x512.jpg","datePublished":"2019-03-05T10:18:37+00:00","dateModified":"2021-09-13T09:01:29+00:00","breadcrumb":{"@id":"https:\/\/www.lourdes-france.org\/es\/la-casita-de-bernardita\/#breadcrumb"},"inLanguage":"es","potentialAction":[{"@type":"ReadAction","target":["https:\/\/www.lourdes-france.org\/es\/la-casita-de-bernardita\/"]}]},{"@type":"ImageObject","inLanguage":"es","@id":"https:\/\/www.lourdes-france.org\/es\/la-casita-de-bernardita\/#primaryimage","url":"https:\/\/www.lourdes-france.org\/wp-content\/uploads\/2021\/09\/21_-2607-ambiance-11-768x512.jpg","contentUrl":"https:\/\/www.lourdes-france.org\/wp-content\/uploads\/2021\/09\/21_-2607-ambiance-11-768x512.jpg"},{"@type":"BreadcrumbList","@id":"https:\/\/www.lourdes-france.org\/es\/la-casita-de-bernardita\/#breadcrumb","itemListElement":[{"@type":"ListItem","position":1,"name":"Accueil","item":"https:\/\/www.lourdes-france.org\/"},{"@type":"ListItem","position":2,"name":"La casita de Bernardita"}]},{"@type":"WebSite","@id":"https:\/\/preprod-lourdes.cawita.com\/#website","url":"https:\/\/preprod-lourdes.cawita.com\/","name":"Soutenir le Sanctuaire Notre-Dame de Lourdes","description":"","potentialAction":[{"@type":"SearchAction","target":{"@type":"EntryPoint","urlTemplate":"https:\/\/preprod-lourdes.cawita.com\/?s={search_term_string}"},"query-input":{"@type":"PropertyValueSpecification","valueRequired":true,"valueName":"search_term_string"}}],"inLanguage":"es"}]}},"_links":{"self":[{"href":"https:\/\/www.lourdes-france.org\/es\/wp-json\/wp\/v2\/pages\/42027","targetHints":{"allow":["GET"]}}],"collection":[{"href":"https:\/\/www.lourdes-france.org\/es\/wp-json\/wp\/v2\/pages"}],"about":[{"href":"https:\/\/www.lourdes-france.org\/es\/wp-json\/wp\/v2\/types\/page"}],"author":[{"embeddable":true,"href":"https:\/\/www.lourdes-france.org\/es\/wp-json\/wp\/v2\/users\/7"}],"replies":[{"embeddable":true,"href":"https:\/\/www.lourdes-france.org\/es\/wp-json\/wp\/v2\/comments?post=42027"}],"version-history":[{"count":4,"href":"https:\/\/www.lourdes-france.org\/es\/wp-json\/wp\/v2\/pages\/42027\/revisions"}],"predecessor-version":[{"id":63583,"href":"https:\/\/www.lourdes-france.org\/es\/wp-json\/wp\/v2\/pages\/42027\/revisions\/63583"}],"wp:attachment":[{"href":"https:\/\/www.lourdes-france.org\/es\/wp-json\/wp\/v2\/media?parent=42027"}],"curies":[{"name":"wp","href":"https:\/\/api.w.org\/{rel}","templated":true}]}}