{"id":42121,"date":"2019-01-18T13:34:46","date_gmt":"2019-01-18T12:34:46","guid":{"rendered":"https:\/\/www.lourdes-france.org\/service-jeunes-familles\/"},"modified":"2021-07-29T14:30:13","modified_gmt":"2021-07-29T12:30:13","slug":"grupo-ninos-jovenes","status":"publish","type":"page","link":"https:\/\/www.lourdes-france.org\/es\/grupo-ninos-jovenes\/","title":{"rendered":"Grupo Ni\u00f1os\/J\u00f3venes"},"content":{"rendered":"\t\t<div data-elementor-type=\"wp-post\" data-elementor-id=\"42121\" class=\"elementor elementor-42121 elementor-25999\" data-elementor-post-type=\"page\">\n\t\t\t\t\t\t<section class=\"elementor-section elementor-top-section elementor-element elementor-element-9a0b847 elementor-section-boxed elementor-section-height-default elementor-section-height-default\" data-id=\"9a0b847\" data-element_type=\"section\">\n\t\t\t\t\t\t<div class=\"elementor-container elementor-column-gap-no\">\n\t\t\t\t\t<div class=\"elementor-column elementor-col-100 elementor-top-column elementor-element elementor-element-40078bc\" data-id=\"40078bc\" data-element_type=\"column\">\n\t\t\t<div class=\"elementor-widget-wrap elementor-element-populated\">\n\t\t\t\t\t\t<div class=\"elementor-element elementor-element-5ea428df carrousel-post elementor-widget elementor-widget-image-carousel\" data-id=\"5ea428df\" data-element_type=\"widget\" data-settings=\"{&quot;slides_to_show&quot;:&quot;1&quot;,&quot;navigation&quot;:&quot;none&quot;,&quot;autoplay&quot;:&quot;yes&quot;,&quot;pause_on_hover&quot;:&quot;yes&quot;,&quot;pause_on_interaction&quot;:&quot;yes&quot;,&quot;autoplay_speed&quot;:5000,&quot;infinite&quot;:&quot;yes&quot;,&quot;effect&quot;:&quot;slide&quot;,&quot;speed&quot;:500}\" data-widget_type=\"image-carousel.default\">\n\t\t\t\t<div class=\"elementor-widget-container\">\n\t\t\t\t\t\t\t<div class=\"elementor-image-carousel-wrapper swiper\" role=\"region\" aria-roledescription=\"carousel\" aria-label=\"Carrusel de im\u00e1genes\" dir=\"ltr\">\n\t\t\t<div class=\"elementor-image-carousel swiper-wrapper\" aria-live=\"off\">\n\t\t\t\t\t\t\t\t<div class=\"swiper-slide\" role=\"group\" aria-roledescription=\"slide\" aria-label=\"1 de 3\"><a data-elementor-open-lightbox=\"yes\" data-elementor-lightbox-slideshow=\"5ea428df\" data-elementor-lightbox-title=\"2018-juillet service jeune-17\" data-e-action-hash=\"#elementor-action%3Aaction%3Dlightbox%26settings%3DeyJpZCI6MjYzNzcsInVybCI6Imh0dHBzOlwvXC93d3cubG91cmRlcy1mcmFuY2Uub3JnXC93cC1jb250ZW50XC91cGxvYWRzXC8yMDE5XC8wMVwvMjAxOC1qdWlsbGV0LXNlcnZpY2UtamV1bmUtMTcuanBnIiwic2xpZGVzaG93IjoiNWVhNDI4ZGYifQ%3D%3D\" href=\"https:\/\/www.lourdes-france.org\/wp-content\/uploads\/2019\/01\/2018-juillet-service-jeune-17.jpg\"><figure class=\"swiper-slide-inner\"><img decoding=\"async\" class=\"swiper-slide-image\" src=\"https:\/\/www.lourdes-france.org\/wp-content\/uploads\/2019\/01\/2018-juillet-service-jeune-17-768x512.jpg\" alt=\"2018-juillet service jeune-17\" \/><\/figure><\/a><\/div><div class=\"swiper-slide\" role=\"group\" aria-roledescription=\"slide\" aria-label=\"2 de 3\"><a data-elementor-open-lightbox=\"yes\" data-elementor-lightbox-slideshow=\"5ea428df\" data-elementor-lightbox-title=\"2017-service jeunes-session 1-52\" data-e-action-hash=\"#elementor-action%3Aaction%3Dlightbox%26settings%3DeyJpZCI6MjYyOTksInVybCI6Imh0dHBzOlwvXC93d3cubG91cmRlcy1mcmFuY2Uub3JnXC93cC1jb250ZW50XC91cGxvYWRzXC8yMDE5XC8wMVwvMjAxNy1zZXJ2aWNlLWpldW5lcy1zZXNzaW9uLTEtNTIuanBnIiwic2xpZGVzaG93IjoiNWVhNDI4ZGYifQ%3D%3D\" href=\"https:\/\/www.lourdes-france.org\/wp-content\/uploads\/2019\/01\/2017-service-jeunes-session-1-52.jpg\"><figure class=\"swiper-slide-inner\"><img decoding=\"async\" class=\"swiper-slide-image\" src=\"https:\/\/www.lourdes-france.org\/wp-content\/uploads\/2019\/01\/2017-service-jeunes-session-1-52-768x512.jpg\" alt=\"2017-service jeunes-session 1-52\" \/><\/figure><\/a><\/div><div class=\"swiper-slide\" role=\"group\" aria-roledescription=\"slide\" aria-label=\"3 de 3\"><a data-elementor-open-lightbox=\"yes\" data-elementor-lightbox-slideshow=\"5ea428df\" data-elementor-lightbox-title=\"jubil-des-premires-communions_27223940740_o\" data-e-action-hash=\"#elementor-action%3Aaction%3Dlightbox%26settings%3DeyJpZCI6MjYzMjMsInVybCI6Imh0dHBzOlwvXC93d3cubG91cmRlcy1mcmFuY2Uub3JnXC93cC1jb250ZW50XC91cGxvYWRzXC8yMDE5XC8wMVwvanViaWwtZGVzLXByZW1pcmVzLWNvbW11bmlvbnNfMjcyMjM5NDA3NDBfby5qcGciLCJzbGlkZXNob3ciOiI1ZWE0MjhkZiJ9\" href=\"https:\/\/www.lourdes-france.org\/wp-content\/uploads\/2019\/01\/jubil-des-premires-communions_27223940740_o.jpg\"><figure class=\"swiper-slide-inner\"><img decoding=\"async\" class=\"swiper-slide-image\" src=\"https:\/\/www.lourdes-france.org\/wp-content\/uploads\/2019\/01\/jubil-des-premires-communions_27223940740_o-768x512.jpg\" alt=\"jubil-des-premires-communions_27223940740_o\" \/><\/figure><\/a><\/div>\t\t\t<\/div>\n\t\t\t\t\t\t\t\n\t\t\t\t\t\t\t\t\t<\/div>\n\t\t\t\t\t\t<\/div>\n\t\t\t\t<\/div>\n\t\t\t\t<div class=\"elementor-element elementor-element-2f5296dc elementor-widget elementor-widget-text-editor\" data-id=\"2f5296dc\" data-element_type=\"widget\" data-widget_type=\"text-editor.default\">\n\t\t\t\t<div class=\"elementor-widget-container\">\n\t\t\t\t\t\t\t\t\t<p><span style=\"color: #ff9900;\">Un &#171;parvis Sainte Bernadette&#187; para todos<\/span> les acoge<\/p>\t\t\t\t\t\t\t\t<\/div>\n\t\t\t\t<\/div>\n\t\t\t\t<div class=\"elementor-element elementor-element-5b49b54f elementor-widget elementor-widget-text-editor\" data-id=\"5b49b54f\" data-element_type=\"widget\" data-widget_type=\"text-editor.default\">\n\t\t\t\t<div class=\"elementor-widget-container\">\n\t\t\t\t\t\t\t\t\t<p>Nuestras actividades permitir\u00e1n a los ni\u00f1os, adolescentes y j\u00f3venes que acompa\u00f1an:<\/p><ol><li>Descubrir el Santuario, la historia de las apariciones y el mensaje de Lourdes<\/li><li>Realizar una experiencia espiritual<\/li><li>Formarse y profundizar su Fe<\/li><\/ol>\t\t\t\t\t\t\t\t<\/div>\n\t\t\t\t<\/div>\n\t\t\t\t<div class=\"elementor-element elementor-element-35b4243 elementor-widget elementor-widget-text-editor\" data-id=\"35b4243\" data-element_type=\"widget\" data-widget_type=\"text-editor.default\">\n\t\t\t\t<div class=\"elementor-widget-container\">\n\t\t\t\t\t\t\t\t\t<h2><span style=\"color: #e8a700;\">Vigilia Internacional de Oraci\u00f3n <\/span>&#8211; J\u00f3venes<\/h2>\t\t\t\t\t\t\t\t<\/div>\n\t\t\t\t<\/div>\n\t\t\t\t<div class=\"elementor-element elementor-element-f7a150b elementor-widget elementor-widget-text-editor\" data-id=\"f7a150b\" data-element_type=\"widget\" data-widget_type=\"text-editor.default\">\n\t\t\t\t<div class=\"elementor-widget-container\">\n\t\t\t\t\t\t\t\t\t<ul><li>Fechas: Todos los martes del 9 de abril al 27 de agosto, a las 21 h. <\/li><li>\u00bfQu\u00e9 es?: Proponemos una velada de oraci\u00f3n centrada en el encuentro con Jes\u00fas (se propone un tiempo de alabanza, adoraci\u00f3n al Sant\u00edsimo Sacramento y sacramento de la reconciliaci\u00f3n).<\/li><li>Duraci\u00f3n: 1:15 h.<\/li><li>P\u00fablico: J\u00f3venes<\/li><li>Lugar: Capilla de san Jos\u00e9<\/li><\/ul>\t\t\t\t\t\t\t\t<\/div>\n\t\t\t\t<\/div>\n\t\t\t\t<div class=\"elementor-element elementor-element-f353585 elementor-widget elementor-widget-text-editor\" data-id=\"f353585\" data-element_type=\"widget\" data-widget_type=\"text-editor.default\">\n\t\t\t\t<div class=\"elementor-widget-container\">\n\t\t\t\t\t\t\t\t\t<h2><span style=\"color: #e8a700;\">Viacrucis Internacional <\/span>&#8211; J\u00f3venes<\/h2>\t\t\t\t\t\t\t\t<\/div>\n\t\t\t\t<\/div>\n\t\t\t\t<div class=\"elementor-element elementor-element-c4959fc elementor-widget elementor-widget-text-editor\" data-id=\"c4959fc\" data-element_type=\"widget\" data-widget_type=\"text-editor.default\">\n\t\t\t\t<div class=\"elementor-widget-container\">\n\t\t\t\t\t\t\t\t\t<ul><li>Fechas: Todos los viernes del 12 de abril al 30 de agosto, a las 21 h.<\/li><li>Lugar: Gran Viacrucis de la monta\u00f1a.<\/li><li>\u00bfQu\u00e9 es?: Proponemos vivir el viacrucis de las antorchas. Invitamos a cada joven que venga con su antorcha. Meditar con Mar\u00eda el \u00abviacrucis\u00bb de Jes\u00fas es un momento importante para detenernos, reflexionar y orar. El viacrucis de la monta\u00f1a se realiza por un lugar escarpado y forestal. Es un viacrucis que nos muestra la grandeza de lo que se vive en Lourdes: 115 personajes de hierro colado patinado jalonan las 15 estaciones por los 1500 metros del camino.<\/li><li>Duraci\u00f3n: 1:30 h.<\/li><li>P\u00fablico: J\u00f3venes<\/li><\/ul>\t\t\t\t\t\t\t\t<\/div>\n\t\t\t\t<\/div>\n\t\t\t\t<div class=\"elementor-element elementor-element-1d84ffa elementor-widget elementor-widget-text-editor\" data-id=\"1d84ffa\" data-element_type=\"widget\" data-widget_type=\"text-editor.default\">\n\t\t\t\t<div class=\"elementor-widget-container\">\n\t\t\t\t\t\t\t\t\t<p>Reserva obligatoria en la plataforma de reservas<br \/><a href=\"https:\/\/resa.lourdes-france.org\/group\/login\">https:\/\/resa.lourdes-france.org\/group\/login<\/a><br \/>Consejos: Servicio de j\u00f3venes y familias<br \/><a href=\"mailto:sjeunes@lourdes-france.com\">parvis@lourdes-france.com<\/a> <br \/>+33 (0)5 62 42 78 46<\/p>\t\t\t\t\t\t\t\t<\/div>\n\t\t\t\t<\/div>\n\t\t\t\t\t<\/div>\n\t\t<\/div>\n\t\t\t\t\t<\/div>\n\t\t<\/section>\n\t\t\t\t<section class=\"elementor-section elementor-top-section elementor-element elementor-element-8b5bd78 elementor-section-boxed elementor-section-height-default elementor-section-height-default\" data-id=\"8b5bd78\" data-element_type=\"section\">\n\t\t\t\t\t\t<div class=\"elementor-container elementor-column-gap-default\">\n\t\t\t\t\t<div class=\"elementor-column elementor-col-100 elementor-top-column elementor-element elementor-element-348bdee\" data-id=\"348bdee\" data-element_type=\"column\">\n\t\t\t<div class=\"elementor-widget-wrap elementor-element-populated\">\n\t\t\t\t\t\t<div class=\"elementor-element elementor-element-1c42491 elementor-widget elementor-widget-text-editor\" data-id=\"1c42491\" data-element_type=\"widget\" data-widget_type=\"text-editor.default\">\n\t\t\t\t<div class=\"elementor-widget-container\">\n\t\t\t\t\t\t\t\t\t<h2>La casita de <span style=\"color: #e8a702;\">Bernardita<\/span><\/h2>\t\t\t\t\t\t\t\t<\/div>\n\t\t\t\t<\/div>\n\t\t\t\t\t<\/div>\n\t\t<\/div>\n\t\t\t\t\t<\/div>\n\t\t<\/section>\n\t\t\t\t<section class=\"elementor-section elementor-top-section elementor-element elementor-element-508e8cca elementor-section-boxed elementor-section-height-default elementor-section-height-default\" data-id=\"508e8cca\" data-element_type=\"section\">\n\t\t\t\t\t\t<div class=\"elementor-container elementor-column-gap-no\">\n\t\t\t\t\t<div class=\"elementor-column elementor-col-100 elementor-top-column elementor-element elementor-element-3b567564\" data-id=\"3b567564\" data-element_type=\"column\">\n\t\t\t<div class=\"elementor-widget-wrap elementor-element-populated\">\n\t\t\t\t\t\t<div class=\"elementor-element elementor-element-9a07325 elementor-widget elementor-widget-text-editor\" data-id=\"9a07325\" data-element_type=\"widget\" data-widget_type=\"text-editor.default\">\n\t\t\t\t<div class=\"elementor-widget-container\">\n\t\t\t\t\t\t\t\t\t<p>La casita de Bernardita propone a los ni\u00f1os acompa\u00f1ados una serie de juegos y actividades, seg\u00fan la edad (de 0 a 12 a\u00f1os), para descubrir el mensaje de Lourdes. \u00a1Es posible descubrir divirti\u00e9ndose!<\/p>\t\t\t\t\t\t\t\t<\/div>\n\t\t\t\t<\/div>\n\t\t\t\t<div class=\"elementor-element elementor-element-cc23e68 elementor-widget elementor-widget-image\" data-id=\"cc23e68\" data-element_type=\"widget\" data-widget_type=\"image.default\">\n\t\t\t\t<div class=\"elementor-widget-container\">\n\t\t\t\t\t\t\t\t\t\t\t\t\t\t\t<img fetchpriority=\"high\" decoding=\"async\" width=\"1024\" height=\"290\" src=\"https:\/\/www.lourdes-france.org\/wp-content\/uploads\/2019\/03\/petitemaisondebernadettebandeau-1024x290.jpg\" class=\"attachment-large size-large wp-image-32529\" alt=\"\" srcset=\"https:\/\/www.lourdes-france.org\/wp-content\/uploads\/2019\/03\/petitemaisondebernadettebandeau-1024x290.jpg 1024w, https:\/\/www.lourdes-france.org\/wp-content\/uploads\/2019\/03\/petitemaisondebernadettebandeau-300x85.jpg 300w, https:\/\/www.lourdes-france.org\/wp-content\/uploads\/2019\/03\/petitemaisondebernadettebandeau-768x218.jpg 768w, https:\/\/www.lourdes-france.org\/wp-content\/uploads\/2019\/03\/petitemaisondebernadettebandeau-380x108.jpg 380w, https:\/\/www.lourdes-france.org\/wp-content\/uploads\/2019\/03\/petitemaisondebernadettebandeau.jpg 1200w\" sizes=\"(max-width: 1024px) 100vw, 1024px\" \/>\t\t\t\t\t\t\t\t\t\t\t\t\t\t\t<\/div>\n\t\t\t\t<\/div>\n\t\t\t\t<div class=\"elementor-element elementor-element-7a4079e elementor-widget elementor-widget-text-editor\" data-id=\"7a4079e\" data-element_type=\"widget\" data-widget_type=\"text-editor.default\">\n\t\t\t\t<div class=\"elementor-widget-container\">\n\t\t\t\t\t\t\t\t\t<h2>Cu\u00e1ndo<\/h2><p><strong>La Petite maison de Bernadette est ouverte tous les apr\u00e8s-midi, de 14h30 \u00e0 17h30<br \/>Sur rendez-vous le matin, merci d\u2019appeler\u00a0: <span style=\"color: #0000ff;\">06 22 73 30 29<\/span> (sauf le dimanche matin).<\/strong><\/p><p><strong>\u00a0<\/strong><\/p>\t\t\t\t\t\t\t\t<\/div>\n\t\t\t\t<\/div>\n\t\t\t\t<div class=\"elementor-element elementor-element-53934c0 elementor-widget elementor-widget-text-editor\" data-id=\"53934c0\" data-element_type=\"widget\" data-widget_type=\"text-editor.default\">\n\t\t\t\t<div class=\"elementor-widget-container\">\n\t\t\t\t\t\t\t\t\t<h2>Duraci\u00f3n<\/h2><p>1 hora o m\u00e1s<\/p>\t\t\t\t\t\t\t\t<\/div>\n\t\t\t\t<\/div>\n\t\t\t\t<div class=\"elementor-element elementor-element-876dffb elementor-widget elementor-widget-text-editor\" data-id=\"876dffb\" data-element_type=\"widget\" data-widget_type=\"text-editor.default\">\n\t\t\t\t<div class=\"elementor-widget-container\">\n\t\t\t\t\t\t\t\t\t<h2>P\u00fablico<\/h2><p>Ni\u00f1os<\/p>\t\t\t\t\t\t\t\t<\/div>\n\t\t\t\t<\/div>\n\t\t\t\t<div class=\"elementor-element elementor-element-56dab1c elementor-widget elementor-widget-text-editor\" data-id=\"56dab1c\" data-element_type=\"widget\" data-widget_type=\"text-editor.default\">\n\t\t\t\t<div class=\"elementor-widget-container\">\n\t\t\t\t\t\t\t\t\t<h2>Lugar<\/h2><p>Santuario de Nuestra Se\u00f1ora de Lourdes<\/p>\t\t\t\t\t\t\t\t<\/div>\n\t\t\t\t<\/div>\n\t\t\t\t<div class=\"elementor-element elementor-element-ffbd77c elementor-widget elementor-widget-text-editor\" data-id=\"ffbd77c\" data-element_type=\"widget\" data-widget_type=\"text-editor.default\">\n\t\t\t\t<div class=\"elementor-widget-container\">\n\t\t\t\t\t\t\t\t\t<h2>Contacto<\/h2><p>La casita de Bernardita<br \/><a href=\"mailto:sjeunes@lourdes-france.com\">parvis@lourdes-france.com<\/a><br \/>+33 (0)5 62 42 78 46<\/p>\t\t\t\t\t\t\t\t<\/div>\n\t\t\t\t<\/div>\n\t\t\t\t<div class=\"elementor-element elementor-element-4727f76 elementor-widget elementor-widget-text-editor\" data-id=\"4727f76\" data-element_type=\"widget\" data-widget_type=\"text-editor.default\">\n\t\t\t\t<div class=\"elementor-widget-container\">\n\t\t\t\t\t\t\t\t\t<h2>Reserva obligatoria <span style=\"color: #e8a702;\">(Para los grupos)<\/span><\/h2><p><a href=\"https:\/\/resa.lourdes-france.org\">Plataforma de reservas \/ Grupos<\/a><\/p>\t\t\t\t\t\t\t\t<\/div>\n\t\t\t\t<\/div>\n\t\t\t\t<div class=\"elementor-element elementor-element-d278c27 elementor-widget elementor-widget-spacer\" data-id=\"d278c27\" data-element_type=\"widget\" data-widget_type=\"spacer.default\">\n\t\t\t\t<div class=\"elementor-widget-container\">\n\t\t\t\t\t\t\t<div class=\"elementor-spacer\">\n\t\t\t<div class=\"elementor-spacer-inner\"><\/div>\n\t\t<\/div>\n\t\t\t\t\t\t<\/div>\n\t\t\t\t<\/div>\n\t\t\t\t\t<\/div>\n\t\t<\/div>\n\t\t\t\t\t<\/div>\n\t\t<\/section>\n\t\t\t\t<\/div>\n\t\t","protected":false},"excerpt":{"rendered":"<p>Un &#171;parvis Sainte Bernadette&#187; para todos les acoge Nuestras actividades permitir\u00e1n a los ni\u00f1os, adolescentes y j\u00f3venes que acompa\u00f1an: Descubrir el Santuario, la historia de las apariciones y el mensaje de Lourdes Realizar una experiencia espiritual Formarse y profundizar su &hellip; <a href=\"https:\/\/www.lourdes-france.org\/es\/grupo-ninos-jovenes\/\">Continuar<\/a><\/p>\n","protected":false},"author":7,"featured_media":0,"parent":0,"menu_order":0,"comment_status":"closed","ping_status":"closed","template":"","meta":{"_acf_changed":false,"footnotes":""},"class_list":["post-42121","page","type-page","status-publish","hentry"],"acf":[],"yoast_head":"<!-- This site is optimized with the Yoast SEO plugin v24.7 - https:\/\/yoast.com\/wordpress\/plugins\/seo\/ -->\n<title>Grupo Ni\u00f1os\/J\u00f3venes<\/title>\n<meta name=\"robots\" content=\"index, follow, max-snippet:-1, max-image-preview:large, max-video-preview:-1\" \/>\n<link rel=\"canonical\" href=\"https:\/\/www.lourdes-france.org\/es\/grupo-ninos-jovenes\/\" \/>\n<meta name=\"twitter:label1\" content=\"Tiempo de lectura\" \/>\n\t<meta name=\"twitter:data1\" content=\"2 minutos\" \/>\n<script type=\"application\/ld+json\" class=\"yoast-schema-graph\">{\"@context\":\"https:\/\/schema.org\",\"@graph\":[{\"@type\":\"WebPage\",\"@id\":\"https:\/\/www.lourdes-france.org\/es\/grupo-ninos-jovenes\/\",\"url\":\"https:\/\/www.lourdes-france.org\/es\/grupo-ninos-jovenes\/\",\"name\":\"Grupo Ni\u00f1os\/J\u00f3venes\",\"isPartOf\":{\"@id\":\"https:\/\/preprod-lourdes.cawita.com\/#website\"},\"primaryImageOfPage\":{\"@id\":\"https:\/\/www.lourdes-france.org\/es\/grupo-ninos-jovenes\/#primaryimage\"},\"image\":{\"@id\":\"https:\/\/www.lourdes-france.org\/es\/grupo-ninos-jovenes\/#primaryimage\"},\"thumbnailUrl\":\"https:\/\/www.lourdes-france.org\/wp-content\/uploads\/2019\/01\/2018-juillet-service-jeune-17-768x512.jpg\",\"datePublished\":\"2019-01-18T12:34:46+00:00\",\"dateModified\":\"2021-07-29T12:30:13+00:00\",\"breadcrumb\":{\"@id\":\"https:\/\/www.lourdes-france.org\/es\/grupo-ninos-jovenes\/#breadcrumb\"},\"inLanguage\":\"es\",\"potentialAction\":[{\"@type\":\"ReadAction\",\"target\":[\"https:\/\/www.lourdes-france.org\/es\/grupo-ninos-jovenes\/\"]}]},{\"@type\":\"ImageObject\",\"inLanguage\":\"es\",\"@id\":\"https:\/\/www.lourdes-france.org\/es\/grupo-ninos-jovenes\/#primaryimage\",\"url\":\"https:\/\/www.lourdes-france.org\/wp-content\/uploads\/2019\/01\/2018-juillet-service-jeune-17-768x512.jpg\",\"contentUrl\":\"https:\/\/www.lourdes-france.org\/wp-content\/uploads\/2019\/01\/2018-juillet-service-jeune-17-768x512.jpg\"},{\"@type\":\"BreadcrumbList\",\"@id\":\"https:\/\/www.lourdes-france.org\/es\/grupo-ninos-jovenes\/#breadcrumb\",\"itemListElement\":[{\"@type\":\"ListItem\",\"position\":1,\"name\":\"Accueil\",\"item\":\"https:\/\/www.lourdes-france.org\/\"},{\"@type\":\"ListItem\",\"position\":2,\"name\":\"Grupo Ni\u00f1os\/J\u00f3venes\"}]},{\"@type\":\"WebSite\",\"@id\":\"https:\/\/preprod-lourdes.cawita.com\/#website\",\"url\":\"https:\/\/preprod-lourdes.cawita.com\/\",\"name\":\"Soutenir le Sanctuaire Notre-Dame de Lourdes\",\"description\":\"\",\"potentialAction\":[{\"@type\":\"SearchAction\",\"target\":{\"@type\":\"EntryPoint\",\"urlTemplate\":\"https:\/\/preprod-lourdes.cawita.com\/?s={search_term_string}\"},\"query-input\":{\"@type\":\"PropertyValueSpecification\",\"valueRequired\":true,\"valueName\":\"search_term_string\"}}],\"inLanguage\":\"es\"}]}<\/script>\n<!-- \/ Yoast SEO plugin. -->","yoast_head_json":{"title":"Grupo Ni\u00f1os\/J\u00f3venes","robots":{"index":"index","follow":"follow","max-snippet":"max-snippet:-1","max-image-preview":"max-image-preview:large","max-video-preview":"max-video-preview:-1"},"canonical":"https:\/\/www.lourdes-france.org\/es\/grupo-ninos-jovenes\/","twitter_misc":{"Tiempo de lectura":"2 minutos"},"schema":{"@context":"https:\/\/schema.org","@graph":[{"@type":"WebPage","@id":"https:\/\/www.lourdes-france.org\/es\/grupo-ninos-jovenes\/","url":"https:\/\/www.lourdes-france.org\/es\/grupo-ninos-jovenes\/","name":"Grupo Ni\u00f1os\/J\u00f3venes","isPartOf":{"@id":"https:\/\/preprod-lourdes.cawita.com\/#website"},"primaryImageOfPage":{"@id":"https:\/\/www.lourdes-france.org\/es\/grupo-ninos-jovenes\/#primaryimage"},"image":{"@id":"https:\/\/www.lourdes-france.org\/es\/grupo-ninos-jovenes\/#primaryimage"},"thumbnailUrl":"https:\/\/www.lourdes-france.org\/wp-content\/uploads\/2019\/01\/2018-juillet-service-jeune-17-768x512.jpg","datePublished":"2019-01-18T12:34:46+00:00","dateModified":"2021-07-29T12:30:13+00:00","breadcrumb":{"@id":"https:\/\/www.lourdes-france.org\/es\/grupo-ninos-jovenes\/#breadcrumb"},"inLanguage":"es","potentialAction":[{"@type":"ReadAction","target":["https:\/\/www.lourdes-france.org\/es\/grupo-ninos-jovenes\/"]}]},{"@type":"ImageObject","inLanguage":"es","@id":"https:\/\/www.lourdes-france.org\/es\/grupo-ninos-jovenes\/#primaryimage","url":"https:\/\/www.lourdes-france.org\/wp-content\/uploads\/2019\/01\/2018-juillet-service-jeune-17-768x512.jpg","contentUrl":"https:\/\/www.lourdes-france.org\/wp-content\/uploads\/2019\/01\/2018-juillet-service-jeune-17-768x512.jpg"},{"@type":"BreadcrumbList","@id":"https:\/\/www.lourdes-france.org\/es\/grupo-ninos-jovenes\/#breadcrumb","itemListElement":[{"@type":"ListItem","position":1,"name":"Accueil","item":"https:\/\/www.lourdes-france.org\/"},{"@type":"ListItem","position":2,"name":"Grupo Ni\u00f1os\/J\u00f3venes"}]},{"@type":"WebSite","@id":"https:\/\/preprod-lourdes.cawita.com\/#website","url":"https:\/\/preprod-lourdes.cawita.com\/","name":"Soutenir le Sanctuaire Notre-Dame de Lourdes","description":"","potentialAction":[{"@type":"SearchAction","target":{"@type":"EntryPoint","urlTemplate":"https:\/\/preprod-lourdes.cawita.com\/?s={search_term_string}"},"query-input":{"@type":"PropertyValueSpecification","valueRequired":true,"valueName":"search_term_string"}}],"inLanguage":"es"}]}},"_links":{"self":[{"href":"https:\/\/www.lourdes-france.org\/es\/wp-json\/wp\/v2\/pages\/42121","targetHints":{"allow":["GET"]}}],"collection":[{"href":"https:\/\/www.lourdes-france.org\/es\/wp-json\/wp\/v2\/pages"}],"about":[{"href":"https:\/\/www.lourdes-france.org\/es\/wp-json\/wp\/v2\/types\/page"}],"author":[{"embeddable":true,"href":"https:\/\/www.lourdes-france.org\/es\/wp-json\/wp\/v2\/users\/7"}],"replies":[{"embeddable":true,"href":"https:\/\/www.lourdes-france.org\/es\/wp-json\/wp\/v2\/comments?post=42121"}],"version-history":[{"count":4,"href":"https:\/\/www.lourdes-france.org\/es\/wp-json\/wp\/v2\/pages\/42121\/revisions"}],"predecessor-version":[{"id":202579,"href":"https:\/\/www.lourdes-france.org\/es\/wp-json\/wp\/v2\/pages\/42121\/revisions\/202579"}],"wp:attachment":[{"href":"https:\/\/www.lourdes-france.org\/es\/wp-json\/wp\/v2\/media?parent=42121"}],"curies":[{"name":"wp","href":"https:\/\/api.w.org\/{rel}","templated":true}]}}