{"id":492620,"date":"2021-02-02T16:32:10","date_gmt":"2021-02-02T15:32:10","guid":{"rendered":"https:\/\/www.lourdes-france.org\/mediatheque\/meditation-sur-le-theme-dannee\/"},"modified":"2021-02-10T14:04:53","modified_gmt":"2021-02-10T13:04:53","slug":"meditation-sur-le-theme-dannee","status":"publish","type":"page","link":"https:\/\/www.lourdes-france.org\/es\/mediatheque\/meditation-sur-le-theme-dannee\/","title":{"rendered":"Meditation sur le th\u00e8me d&#8217;ann\u00e9e"},"content":{"rendered":"\t\t<div data-elementor-type=\"wp-page\" data-elementor-id=\"492620\" class=\"elementor elementor-492620 elementor-478663\" data-elementor-post-type=\"page\">\n\t\t\t\t\t\t<section class=\"elementor-section elementor-top-section elementor-element elementor-element-6ac44ef elementor-section-stretched elementor-section-boxed elementor-section-height-default elementor-section-height-default\" data-id=\"6ac44ef\" data-element_type=\"section\" data-settings=\"{&quot;stretch_section&quot;:&quot;section-stretched&quot;,&quot;background_background&quot;:&quot;classic&quot;}\">\n\t\t\t\t\t\t<div class=\"elementor-container elementor-column-gap-default\">\n\t\t\t\t\t<div class=\"elementor-column elementor-col-100 elementor-top-column elementor-element elementor-element-9a006e8\" data-id=\"9a006e8\" data-element_type=\"column\">\n\t\t\t<div class=\"elementor-widget-wrap elementor-element-populated\">\n\t\t\t\t\t\t\t<\/div>\n\t\t<\/div>\n\t\t\t\t\t<\/div>\n\t\t<\/section>\n\t\t\t\t<section class=\"elementor-section elementor-top-section elementor-element elementor-element-65b3edb elementor-section-stretched elementor-section-boxed elementor-section-height-default elementor-section-height-default\" data-id=\"65b3edb\" data-element_type=\"section\" data-settings=\"{&quot;stretch_section&quot;:&quot;section-stretched&quot;,&quot;background_background&quot;:&quot;classic&quot;}\">\n\t\t\t\t\t\t<div class=\"elementor-container elementor-column-gap-default\">\n\t\t\t\t\t<div class=\"elementor-column elementor-col-100 elementor-top-column elementor-element elementor-element-e546a2c\" data-id=\"e546a2c\" data-element_type=\"column\">\n\t\t\t<div class=\"elementor-widget-wrap elementor-element-populated\">\n\t\t\t\t\t\t<div class=\"elementor-element elementor-element-3a272d7 elementor-widget elementor-widget-text-editor\" data-id=\"3a272d7\" data-element_type=\"widget\" data-widget_type=\"text-editor.default\">\n\t\t\t\t<div class=\"elementor-widget-container\">\n\t\t\t\t\t\t\t\t\t<h2 style=\"text-align: center;\"><span style=\"color: #ffffff;\">MEDITACI\u00d3N SOBRE EL TEMA DEL A\u00d1O \u00abYO SOY LA INMACULADA CONCEPCI\u00d3N\u00bb<\/span><\/h2><p class=\"p1\" style=\"text-align: center;\"><span style=\"color: #ffffff;\">P. Horacio Brito <br \/><\/span><span style=\"color: #ffffff;\">Misionero de la Inmaculada Concepci\u00f3n de Lourdes <br \/><\/span><span style=\"color: #ffffff;\">Capell\u00e1n General de la HNDL<\/span><\/p>\t\t\t\t\t\t\t\t<\/div>\n\t\t\t\t<\/div>\n\t\t\t\t\t<\/div>\n\t\t<\/div>\n\t\t\t\t\t<\/div>\n\t\t<\/section>\n\t\t\t\t<section class=\"elementor-section elementor-top-section elementor-element elementor-element-4cbb63d elementor-section-boxed elementor-section-height-default elementor-section-height-default\" data-id=\"4cbb63d\" data-element_type=\"section\" data-settings=\"{&quot;background_background&quot;:&quot;classic&quot;}\">\n\t\t\t\t\t\t<div class=\"elementor-container elementor-column-gap-default\">\n\t\t\t\t\t<div class=\"elementor-column elementor-col-33 elementor-top-column elementor-element elementor-element-17db9b2\" data-id=\"17db9b2\" data-element_type=\"column\">\n\t\t\t<div class=\"elementor-widget-wrap elementor-element-populated\">\n\t\t\t\t\t\t<div class=\"elementor-element elementor-element-83a1bec elementor-widget elementor-widget-text-editor\" data-id=\"83a1bec\" data-element_type=\"widget\" data-widget_type=\"text-editor.default\">\n\t\t\t\t<div class=\"elementor-widget-container\">\n\t\t\t\t\t\t\t\t\t<p><a href=\"https:\/\/www.lourdes-france.org\/wp-content\/uploads\/2021\/02\/Marie-Pleine-de-Grace-ES.pdf\" target=\"_blank\" rel=\"noopener\"><img decoding=\"async\" class=\"wp-image-478668 aligncenter\" src=\"https:\/\/www.lourdes-france.org\/wp-content\/uploads\/2021\/02\/Vignette-meditation-PDF-288x300.png\" alt=\"\" width=\"164\" height=\"172\" srcset=\"https:\/\/www.lourdes-france.org\/wp-content\/uploads\/2021\/02\/Vignette-meditation-PDF-288x300.png 288w, https:\/\/www.lourdes-france.org\/wp-content\/uploads\/2021\/02\/Vignette-meditation-PDF-269x280.png 269w, https:\/\/www.lourdes-france.org\/wp-content\/uploads\/2021\/02\/Vignette-meditation-PDF.png 474w\" sizes=\"(max-width: 164px) 100vw, 164px\" \/><\/a><\/p><p style=\"text-align: center;\"><a href=\"https:\/\/www.lourdes-france.org\/wp-content\/uploads\/2021\/02\/Marie-Pleine-de-Grace-ES.pdf\" target=\"_blank\" rel=\"noopener\"><span style=\"color: #ffffff;\">MEDITACI\u00d3N SOBRE EL TEMA DEL A\u00d1O \u00abYO SOY LA INMACULADA CONCEPCI\u00d3N\u00bb \u2013 1\/3<\/span><\/a><\/p>\t\t\t\t\t\t\t\t<\/div>\n\t\t\t\t<\/div>\n\t\t\t\t\t<\/div>\n\t\t<\/div>\n\t\t\t\t<div class=\"elementor-column elementor-col-33 elementor-top-column elementor-element elementor-element-b8a0bfc\" data-id=\"b8a0bfc\" data-element_type=\"column\">\n\t\t\t<div class=\"elementor-widget-wrap elementor-element-populated\">\n\t\t\t\t\t\t<div class=\"elementor-element elementor-element-64b5d9a elementor-widget elementor-widget-text-editor\" data-id=\"64b5d9a\" data-element_type=\"widget\" data-widget_type=\"text-editor.default\">\n\t\t\t\t<div class=\"elementor-widget-container\">\n\t\t\t\t\t\t\t\t\t<p><a href=\"https:\/\/www.lourdes-france.org\/wp-content\/uploads\/2021\/02\/Selon-ta-parole-ES.pdf\" target=\"_blank\" rel=\"noopener\"><img decoding=\"async\" class=\"wp-image-478668 aligncenter\" src=\"https:\/\/www.lourdes-france.org\/wp-content\/uploads\/2021\/02\/Vignette-meditation-PDF-288x300.png\" alt=\"\" width=\"164\" height=\"172\" srcset=\"https:\/\/www.lourdes-france.org\/wp-content\/uploads\/2021\/02\/Vignette-meditation-PDF-288x300.png 288w, https:\/\/www.lourdes-france.org\/wp-content\/uploads\/2021\/02\/Vignette-meditation-PDF-269x280.png 269w, https:\/\/www.lourdes-france.org\/wp-content\/uploads\/2021\/02\/Vignette-meditation-PDF.png 474w\" sizes=\"(max-width: 164px) 100vw, 164px\" \/><\/a><\/p><p style=\"text-align: center;\"><a href=\"https:\/\/www.lourdes-france.org\/wp-content\/uploads\/2021\/02\/Selon-ta-parole-ES.pdf\" target=\"_blank\" rel=\"noopener\"><span style=\"color: #ffffff;\">MEDITACI\u00d3N SOBRE EL TEMA DEL A\u00d1O \u00abYO SOY LA INMACULADA CONCEPCI\u00d3N\u00bb \u2013 2\/3<\/span><\/a><\/p>\t\t\t\t\t\t\t\t<\/div>\n\t\t\t\t<\/div>\n\t\t\t\t\t<\/div>\n\t\t<\/div>\n\t\t\t\t<div class=\"elementor-column elementor-col-33 elementor-top-column elementor-element elementor-element-5d2eb7e\" data-id=\"5d2eb7e\" data-element_type=\"column\">\n\t\t\t<div class=\"elementor-widget-wrap elementor-element-populated\">\n\t\t\t\t\t\t<div class=\"elementor-element elementor-element-462a951 elementor-widget elementor-widget-text-editor\" data-id=\"462a951\" data-element_type=\"widget\" data-widget_type=\"text-editor.default\">\n\t\t\t\t<div class=\"elementor-widget-container\">\n\t\t\t\t\t\t\t\t\t<p><a href=\"https:\/\/www.lourdes-france.org\/wp-content\/uploads\/2021\/02\/Le-bonheur-d\u2019un-autre-monde-ES.pdf\" target=\"_blank\" rel=\"noopener\"><img decoding=\"async\" class=\"wp-image-478668 aligncenter\" src=\"https:\/\/www.lourdes-france.org\/wp-content\/uploads\/2021\/02\/Vignette-meditation-PDF-288x300.png\" alt=\"\" width=\"164\" height=\"172\" srcset=\"https:\/\/www.lourdes-france.org\/wp-content\/uploads\/2021\/02\/Vignette-meditation-PDF-288x300.png 288w, https:\/\/www.lourdes-france.org\/wp-content\/uploads\/2021\/02\/Vignette-meditation-PDF-269x280.png 269w, https:\/\/www.lourdes-france.org\/wp-content\/uploads\/2021\/02\/Vignette-meditation-PDF.png 474w\" sizes=\"(max-width: 164px) 100vw, 164px\" \/><\/a><\/p><p style=\"text-align: center;\"><a href=\"https:\/\/www.lourdes-france.org\/wp-content\/uploads\/2021\/02\/Le-bonheur-d\u2019un-autre-monde-ES.pdf\" target=\"_blank\" rel=\"noopener\"><span style=\"color: #ffffff;\">MEDITACI\u00d3N SOBRE EL TEMA DEL A\u00d1O \u00abYO SOY LA INMACULADA CONCEPCI\u00d3N\u00bb \u2013 3\/3<\/span><\/a><\/p>\t\t\t\t\t\t\t\t<\/div>\n\t\t\t\t<\/div>\n\t\t\t\t\t<\/div>\n\t\t<\/div>\n\t\t\t\t\t<\/div>\n\t\t<\/section>\n\t\t\t\t<\/div>\n\t\t","protected":false},"excerpt":{"rendered":"<p>MEDITACI\u00d3N SOBRE EL TEMA DEL A\u00d1O \u00abYO SOY LA INMACULADA CONCEPCI\u00d3N\u00bb P. Horacio Brito Misionero de la Inmaculada Concepci\u00f3n de Lourdes Capell\u00e1n General de la HNDL MEDITACI\u00d3N SOBRE EL TEMA DEL A\u00d1O \u00abYO SOY LA INMACULADA CONCEPCI\u00d3N\u00bb \u2013 1\/3 MEDITACI\u00d3N &hellip; <a href=\"https:\/\/www.lourdes-france.org\/es\/mediatheque\/meditation-sur-le-theme-dannee\/\">Continuar<\/a><\/p>\n","protected":false},"author":7,"featured_media":0,"parent":492591,"menu_order":0,"comment_status":"closed","ping_status":"closed","template":"modele-jdl.php","meta":{"_acf_changed":false,"footnotes":""},"class_list":["post-492620","page","type-page","status-publish","hentry"],"acf":[],"yoast_head":"<!-- This site is optimized with the Yoast SEO plugin v24.7 - https:\/\/yoast.com\/wordpress\/plugins\/seo\/ -->\n<title>Meditation sur le th\u00e8me d&#039;ann\u00e9e<\/title>\n<meta name=\"robots\" content=\"index, follow, max-snippet:-1, max-image-preview:large, max-video-preview:-1\" \/>\n<link rel=\"canonical\" href=\"https:\/\/www.lourdes-france.org\/es\/mediatheque\/meditation-sur-le-theme-dannee\/\" \/>\n<script type=\"application\/ld+json\" class=\"yoast-schema-graph\">{\"@context\":\"https:\/\/schema.org\",\"@graph\":[{\"@type\":\"WebPage\",\"@id\":\"https:\/\/www.lourdes-france.org\/es\/mediatheque\/meditation-sur-le-theme-dannee\/\",\"url\":\"https:\/\/www.lourdes-france.org\/es\/mediatheque\/meditation-sur-le-theme-dannee\/\",\"name\":\"Meditation sur le th\u00e8me d'ann\u00e9e\",\"isPartOf\":{\"@id\":\"https:\/\/preprod-lourdes.cawita.com\/#website\"},\"primaryImageOfPage\":{\"@id\":\"https:\/\/www.lourdes-france.org\/es\/mediatheque\/meditation-sur-le-theme-dannee\/#primaryimage\"},\"image\":{\"@id\":\"https:\/\/www.lourdes-france.org\/es\/mediatheque\/meditation-sur-le-theme-dannee\/#primaryimage\"},\"thumbnailUrl\":\"https:\/\/www.lourdes-france.org\/wp-content\/uploads\/2021\/02\/Vignette-meditation-PDF-288x300.png\",\"datePublished\":\"2021-02-02T15:32:10+00:00\",\"dateModified\":\"2021-02-10T13:04:53+00:00\",\"breadcrumb\":{\"@id\":\"https:\/\/www.lourdes-france.org\/es\/mediatheque\/meditation-sur-le-theme-dannee\/#breadcrumb\"},\"inLanguage\":\"es\",\"potentialAction\":[{\"@type\":\"ReadAction\",\"target\":[\"https:\/\/www.lourdes-france.org\/es\/mediatheque\/meditation-sur-le-theme-dannee\/\"]}]},{\"@type\":\"ImageObject\",\"inLanguage\":\"es\",\"@id\":\"https:\/\/www.lourdes-france.org\/es\/mediatheque\/meditation-sur-le-theme-dannee\/#primaryimage\",\"url\":\"https:\/\/www.lourdes-france.org\/wp-content\/uploads\/2021\/02\/Vignette-meditation-PDF-288x300.png\",\"contentUrl\":\"https:\/\/www.lourdes-france.org\/wp-content\/uploads\/2021\/02\/Vignette-meditation-PDF-288x300.png\"},{\"@type\":\"BreadcrumbList\",\"@id\":\"https:\/\/www.lourdes-france.org\/es\/mediatheque\/meditation-sur-le-theme-dannee\/#breadcrumb\",\"itemListElement\":[{\"@type\":\"ListItem\",\"position\":1,\"name\":\"Accueil\",\"item\":\"https:\/\/www.lourdes-france.org\/\"},{\"@type\":\"ListItem\",\"position\":2,\"name\":\"M\u00e9diath\u00e8que\",\"item\":\"https:\/\/www.lourdes-france.org\/es\/mediatheque\/\"},{\"@type\":\"ListItem\",\"position\":3,\"name\":\"Meditation sur le th\u00e8me d&#8217;ann\u00e9e\"}]},{\"@type\":\"WebSite\",\"@id\":\"https:\/\/preprod-lourdes.cawita.com\/#website\",\"url\":\"https:\/\/preprod-lourdes.cawita.com\/\",\"name\":\"Soutenir le Sanctuaire Notre-Dame de Lourdes\",\"description\":\"\",\"potentialAction\":[{\"@type\":\"SearchAction\",\"target\":{\"@type\":\"EntryPoint\",\"urlTemplate\":\"https:\/\/preprod-lourdes.cawita.com\/?s={search_term_string}\"},\"query-input\":{\"@type\":\"PropertyValueSpecification\",\"valueRequired\":true,\"valueName\":\"search_term_string\"}}],\"inLanguage\":\"es\"}]}<\/script>\n<!-- \/ Yoast SEO plugin. -->","yoast_head_json":{"title":"Meditation sur le th\u00e8me d'ann\u00e9e","robots":{"index":"index","follow":"follow","max-snippet":"max-snippet:-1","max-image-preview":"max-image-preview:large","max-video-preview":"max-video-preview:-1"},"canonical":"https:\/\/www.lourdes-france.org\/es\/mediatheque\/meditation-sur-le-theme-dannee\/","schema":{"@context":"https:\/\/schema.org","@graph":[{"@type":"WebPage","@id":"https:\/\/www.lourdes-france.org\/es\/mediatheque\/meditation-sur-le-theme-dannee\/","url":"https:\/\/www.lourdes-france.org\/es\/mediatheque\/meditation-sur-le-theme-dannee\/","name":"Meditation sur le th\u00e8me d'ann\u00e9e","isPartOf":{"@id":"https:\/\/preprod-lourdes.cawita.com\/#website"},"primaryImageOfPage":{"@id":"https:\/\/www.lourdes-france.org\/es\/mediatheque\/meditation-sur-le-theme-dannee\/#primaryimage"},"image":{"@id":"https:\/\/www.lourdes-france.org\/es\/mediatheque\/meditation-sur-le-theme-dannee\/#primaryimage"},"thumbnailUrl":"https:\/\/www.lourdes-france.org\/wp-content\/uploads\/2021\/02\/Vignette-meditation-PDF-288x300.png","datePublished":"2021-02-02T15:32:10+00:00","dateModified":"2021-02-10T13:04:53+00:00","breadcrumb":{"@id":"https:\/\/www.lourdes-france.org\/es\/mediatheque\/meditation-sur-le-theme-dannee\/#breadcrumb"},"inLanguage":"es","potentialAction":[{"@type":"ReadAction","target":["https:\/\/www.lourdes-france.org\/es\/mediatheque\/meditation-sur-le-theme-dannee\/"]}]},{"@type":"ImageObject","inLanguage":"es","@id":"https:\/\/www.lourdes-france.org\/es\/mediatheque\/meditation-sur-le-theme-dannee\/#primaryimage","url":"https:\/\/www.lourdes-france.org\/wp-content\/uploads\/2021\/02\/Vignette-meditation-PDF-288x300.png","contentUrl":"https:\/\/www.lourdes-france.org\/wp-content\/uploads\/2021\/02\/Vignette-meditation-PDF-288x300.png"},{"@type":"BreadcrumbList","@id":"https:\/\/www.lourdes-france.org\/es\/mediatheque\/meditation-sur-le-theme-dannee\/#breadcrumb","itemListElement":[{"@type":"ListItem","position":1,"name":"Accueil","item":"https:\/\/www.lourdes-france.org\/"},{"@type":"ListItem","position":2,"name":"M\u00e9diath\u00e8que","item":"https:\/\/www.lourdes-france.org\/es\/mediatheque\/"},{"@type":"ListItem","position":3,"name":"Meditation sur le th\u00e8me d&#8217;ann\u00e9e"}]},{"@type":"WebSite","@id":"https:\/\/preprod-lourdes.cawita.com\/#website","url":"https:\/\/preprod-lourdes.cawita.com\/","name":"Soutenir le Sanctuaire Notre-Dame de Lourdes","description":"","potentialAction":[{"@type":"SearchAction","target":{"@type":"EntryPoint","urlTemplate":"https:\/\/preprod-lourdes.cawita.com\/?s={search_term_string}"},"query-input":{"@type":"PropertyValueSpecification","valueRequired":true,"valueName":"search_term_string"}}],"inLanguage":"es"}]}},"_links":{"self":[{"href":"https:\/\/www.lourdes-france.org\/es\/wp-json\/wp\/v2\/pages\/492620","targetHints":{"allow":["GET"]}}],"collection":[{"href":"https:\/\/www.lourdes-france.org\/es\/wp-json\/wp\/v2\/pages"}],"about":[{"href":"https:\/\/www.lourdes-france.org\/es\/wp-json\/wp\/v2\/types\/page"}],"author":[{"embeddable":true,"href":"https:\/\/www.lourdes-france.org\/es\/wp-json\/wp\/v2\/users\/7"}],"replies":[{"embeddable":true,"href":"https:\/\/www.lourdes-france.org\/es\/wp-json\/wp\/v2\/comments?post=492620"}],"version-history":[{"count":4,"href":"https:\/\/www.lourdes-france.org\/es\/wp-json\/wp\/v2\/pages\/492620\/revisions"}],"predecessor-version":[{"id":492642,"href":"https:\/\/www.lourdes-france.org\/es\/wp-json\/wp\/v2\/pages\/492620\/revisions\/492642"}],"up":[{"embeddable":true,"href":"https:\/\/www.lourdes-france.org\/es\/wp-json\/wp\/v2\/pages\/492591"}],"wp:attachment":[{"href":"https:\/\/www.lourdes-france.org\/es\/wp-json\/wp\/v2\/media?parent=492620"}],"curies":[{"name":"wp","href":"https:\/\/api.w.org\/{rel}","templated":true}]}}