{"id":8499,"date":"2018-07-30T16:46:06","date_gmt":"2018-07-30T14:46:06","guid":{"rendered":"https:\/\/www.lourdes-france.org\/mentions-legales\/"},"modified":"2024-02-07T16:06:30","modified_gmt":"2024-02-07T15:06:30","slug":"mentions-legales","status":"publish","type":"page","link":"https:\/\/www.lourdes-france.org\/es\/mentions-legales\/","title":{"rendered":"Aviso legal \/ Derecgos de explotaci\u00f3n"},"content":{"rendered":"\t\t<div data-elementor-type=\"wp-post\" data-elementor-id=\"8499\" class=\"elementor elementor-8499 elementor-2614\" data-elementor-post-type=\"page\">\n\t\t\t\t\t\t<section class=\"elementor-section elementor-top-section elementor-element elementor-element-ce523ef elementor-section-full_width elementor-section-height-min-height elementor-section-stretched elementor-section-height-default elementor-section-items-middle\" data-id=\"ce523ef\" data-element_type=\"section\" data-settings=\"{&quot;stretch_section&quot;:&quot;section-stretched&quot;,&quot;background_background&quot;:&quot;classic&quot;}\">\n\t\t\t\t\t\t<div class=\"elementor-container elementor-column-gap-default\">\n\t\t\t\t\t<div class=\"elementor-column elementor-col-100 elementor-top-column elementor-element elementor-element-cca92b9\" data-id=\"cca92b9\" data-element_type=\"column\">\n\t\t\t<div class=\"elementor-widget-wrap\">\n\t\t\t\t\t\t\t<\/div>\n\t\t<\/div>\n\t\t\t\t\t<\/div>\n\t\t<\/section>\n\t\t\t\t<section class=\"elementor-section elementor-top-section elementor-element elementor-element-dfb2431 elementor-section-boxed elementor-section-height-default elementor-section-height-default\" data-id=\"dfb2431\" data-element_type=\"section\">\n\t\t\t\t\t\t<div class=\"elementor-container elementor-column-gap-no\">\n\t\t\t\t\t<div class=\"elementor-column elementor-col-100 elementor-top-column elementor-element elementor-element-5048eb10\" data-id=\"5048eb10\" data-element_type=\"column\">\n\t\t\t<div class=\"elementor-widget-wrap elementor-element-populated\">\n\t\t\t\t\t\t<div class=\"elementor-element elementor-element-42c4b91f elementor-widget elementor-widget-text-editor\" data-id=\"42c4b91f\" data-element_type=\"widget\" data-widget_type=\"text-editor.default\">\n\t\t\t\t<div class=\"elementor-widget-container\">\n\t\t\t\t\t\t\t\t\t<h2>Editor del sitio<\/h2>\t\t\t\t\t\t\t\t<\/div>\n\t\t\t\t<\/div>\n\t\t\t\t<div class=\"elementor-element elementor-element-3170b365 elementor-widget elementor-widget-text-editor\" data-id=\"3170b365\" data-element_type=\"widget\" data-widget_type=\"text-editor.default\">\n\t\t\t\t<div class=\"elementor-widget-container\">\n\t\t\t\t\t\t\t\t\t<p>El sitio\u00a0<a href=\"https:\/\/www.lourdes-france.org\/\" target=\"_blank\" rel=\"noopener\">www.lourdes-france.org<\/a> es editado por la EURL Bas\u00edlica del Rosario con un capital de 1.134.990 euros por cuenta y propiedad de la Asociaci\u00f3n Diocesana de Tarbes y Lourdes.<br \/>situado en 1 avenida Monseigneur Th\u00e9as<br \/>65108 Lourdes Cedex France<br \/>Registrado en el R.C. S de TARBES<br \/>bajo el n\u00famero 430 034 801<br \/>Representante legal: Guillaume DE VULPIAN<br \/>Director de la publicaci\u00f3n: David TORCHALA<br \/>Tel\u00e9fono: +335 62 42 78 78<\/p>\t\t\t\t\t\t\t\t<\/div>\n\t\t\t\t<\/div>\n\t\t\t\t<div class=\"elementor-element elementor-element-58076e65 elementor-widget elementor-widget-text-editor\" data-id=\"58076e65\" data-element_type=\"widget\" data-widget_type=\"text-editor.default\">\n\t\t\t\t<div class=\"elementor-widget-container\">\n\t\t\t\t\t\t\t\t\t<h2>Derechos de autor<\/h2>\t\t\t\t\t\t\t\t<\/div>\n\t\t\t\t<\/div>\n\t\t\t\t<div class=\"elementor-element elementor-element-1b4de0c2 elementor-widget elementor-widget-text-editor\" data-id=\"1b4de0c2\" data-element_type=\"widget\" data-widget_type=\"text-editor.default\">\n\t\t\t\t<div class=\"elementor-widget-container\">\n\t\t\t\t\t\t\t\t\t<ul><li><p>Queda prohibida y constituye una copia ilegal, sin autorizaci\u00f3n del editor, la reproducci\u00f3n, o representaci\u00f3n, \u00edntegra o parcial, de p\u00e1ginas, datos u otro elemento constitutivo del sitio, por cualquier procedimiento o soporte que sea.<\/p><\/li><li><p>\u00a0Por esta raz\u00f3n, los derechos de explotaci\u00f3n, incluso parciales, de esta obra son posesi\u00f3n del Santuario de Nuestra Se\u00f1ora de Lourdes.<\/p><\/li><li><p>Estos derechos de explotaci\u00f3n est\u00e1n constituidos en particular por los derechos de reproducci\u00f3n, representaci\u00f3n y adaptaci\u00f3n de todo lo que constituye esta p\u00e1gina internet: textos, clich\u00e9s fotogr\u00e1ficos, dibujos, logotipos, sonidos, secuencias de v\u00eddeo etc&#8230;<\/p><\/li><li><p>Toda reproducci\u00f3n incluso parcial, en cualquier soporte actual (grabados, fotograf\u00edas, copia en papel o electr\u00f3nica, micro reproducci\u00f3n, \u00e1lbumes, postales, maquetas, p\u00f3steres, y otros procedimientos particularmente audiovisuales, etc) o futuro est\u00e1 terminantemente prohibido sin acuerdo previo y expreso del Santuario de Nuestra Se\u00f1ora de Lourdes.<\/p><\/li><li><p>Queda prohibida sin acuerdo previo y expreso del Santuario de Nuestra Se\u00f1ora de Lourdes, cualquier comunicaci\u00f3n, de toda o parte de la obra al p\u00fablico, por cualquier procedimiento y medio conocido y desconocido hoy en d\u00eda, sobre todo por v\u00eda de presentaci\u00f3n y proyecciones p\u00fablicas, difusi\u00f3n por todo tipo de procedimiento, particularmente num\u00e9rico y transmisi\u00f3n en un lugar p\u00fablico o privado.<\/p><\/li><li><p>Queda prohibida sin acuerdo previo y expreso del Santuario de Nuestra Se\u00f1ora de Lourdes, toda adaptaci\u00f3n cualquiera que sea su naturaleza de toda o parte de la obra para dar particularmente forma u ornamento a todo objeto o servicio.<\/p><\/li><li><p>Las fotos han sido realizadas por: Vincent, Lacaze, Durand, Viron, Laera, Dufour.<\/p><\/li><\/ul>\t\t\t\t\t\t\t\t<\/div>\n\t\t\t\t<\/div>\n\t\t\t\t<div class=\"elementor-element elementor-element-e7743b0 elementor-widget elementor-widget-text-editor\" data-id=\"e7743b0\" data-element_type=\"widget\" data-widget_type=\"text-editor.default\">\n\t\t\t\t<div class=\"elementor-widget-container\">\n\t\t\t\t\t\t\t\t\t<h2>Advertencias<\/h2>\t\t\t\t\t\t\t\t<\/div>\n\t\t\t\t<\/div>\n\t\t\t\t<div class=\"elementor-element elementor-element-616764cd elementor-widget elementor-widget-text-editor\" data-id=\"616764cd\" data-element_type=\"widget\" data-widget_type=\"text-editor.default\">\n\t\t\t\t<div class=\"elementor-widget-container\">\n\t\t\t\t\t\t\t\t\t<ul><li><p>Toda la informaci\u00f3n que figura en este sitio es puramente indicativa y no responsabilidad del editor.<\/p><\/li><li><p>Estas informaciones no son exhaustivas.<\/p><\/li><li><p>Estas informaciones son susceptibles de modificaciones en cualquier momento y sin aviso previo.<\/p><\/li><\/ul>\t\t\t\t\t\t\t\t<\/div>\n\t\t\t\t<\/div>\n\t\t\t\t<div class=\"elementor-element elementor-element-39d8be7 elementor-widget elementor-widget-text-editor\" data-id=\"39d8be7\" data-element_type=\"widget\" data-widget_type=\"text-editor.default\">\n\t\t\t\t<div class=\"elementor-widget-container\">\n\t\t\t\t\t\t\t\t\t<h2>Hiperenlance<\/h2>\t\t\t\t\t\t\t\t<\/div>\n\t\t\t\t<\/div>\n\t\t\t\t<div class=\"elementor-element elementor-element-103089eb elementor-widget elementor-widget-text-editor\" data-id=\"103089eb\" data-element_type=\"widget\" data-widget_type=\"text-editor.default\">\n\t\t\t\t<div class=\"elementor-widget-container\">\n\t\t\t\t\t\t\t\t\t<ul><li><p>La creaci\u00f3n de Hiperenlaces hacia el sitio\u00a0<a href=\"https:\/\/www.lourdes-france.org\/\">www.lourdes-france.org<\/a>\u00a0est\u00e1 sometida al acuerdo previo del director de la publicaci\u00f3n.<\/p><\/li><li><p>Los hiperenlaces establecidos con destino a otros sitios a partir del sitio\u00a0<a href=\"https:\/\/www.lourdes-france.org\/\">www.lourdes-france.org<\/a>\u00a0no puede comprometer la responsabilidad del Santuario.<\/p><\/li><\/ul>\t\t\t\t\t\t\t\t<\/div>\n\t\t\t\t<\/div>\n\t\t\t\t<div class=\"elementor-element elementor-element-41219f4 elementor-widget elementor-widget-text-editor\" data-id=\"41219f4\" data-element_type=\"widget\" data-widget_type=\"text-editor.default\">\n\t\t\t\t<div class=\"elementor-widget-container\">\n\t\t\t\t\t\t\t\t\t<h2>Ley aplicable<\/h2>\t\t\t\t\t\t\t\t<\/div>\n\t\t\t\t<\/div>\n\t\t\t\t<div class=\"elementor-element elementor-element-47675ba elementor-widget elementor-widget-text-editor\" data-id=\"47675ba\" data-element_type=\"widget\" data-widget_type=\"text-editor.default\">\n\t\t\t\t<div class=\"elementor-widget-container\">\n\t\t\t\t\t\t\t\t\t<p>En caso de incumplimiento de estas disposiciones, las jurisdicciones francesas ser\u00e1n las \u00fanicas competentes y la ley francesa ser\u00e1 expresamente la \u00fanica aplicable.<\/p>\t\t\t\t\t\t\t\t<\/div>\n\t\t\t\t<\/div>\n\t\t\t\t\t<\/div>\n\t\t<\/div>\n\t\t\t\t\t<\/div>\n\t\t<\/section>\n\t\t\t\t<\/div>\n\t\t","protected":false},"excerpt":{"rendered":"<p>Editor del sitio El sitio\u00a0www.lourdes-france.org es editado por la EURL Bas\u00edlica del Rosario con un capital de 1.134.990 euros por cuenta y propiedad de la Asociaci\u00f3n Diocesana de Tarbes y Lourdes.situado en 1 avenida Monseigneur Th\u00e9as65108 Lourdes Cedex FranceRegistrado en &hellip; <a href=\"https:\/\/www.lourdes-france.org\/es\/mentions-legales\/\">Continuar<\/a><\/p>\n","protected":false},"author":7,"featured_media":0,"parent":0,"menu_order":0,"comment_status":"closed","ping_status":"closed","template":"","meta":{"_acf_changed":false,"footnotes":""},"class_list":["post-8499","page","type-page","status-publish","hentry"],"acf":[],"yoast_head":"<!-- This site is optimized with the Yoast SEO plugin v24.7 - https:\/\/yoast.com\/wordpress\/plugins\/seo\/ -->\n<title>Aviso legal \/ Derecgos de explotaci\u00f3n<\/title>\n<meta name=\"robots\" content=\"index, follow, max-snippet:-1, max-image-preview:large, max-video-preview:-1\" \/>\n<link rel=\"canonical\" href=\"https:\/\/www.lourdes-france.org\/es\/mentions-legales\/\" \/>\n<meta name=\"twitter:label1\" content=\"Tiempo de lectura\" \/>\n\t<meta name=\"twitter:data1\" content=\"2 minutos\" \/>\n<script type=\"application\/ld+json\" class=\"yoast-schema-graph\">{\"@context\":\"https:\/\/schema.org\",\"@graph\":[{\"@type\":\"WebPage\",\"@id\":\"https:\/\/www.lourdes-france.org\/es\/mentions-legales\/\",\"url\":\"https:\/\/www.lourdes-france.org\/es\/mentions-legales\/\",\"name\":\"Aviso legal \/ Derecgos de explotaci\u00f3n\",\"isPartOf\":{\"@id\":\"https:\/\/preprod-lourdes.cawita.com\/#website\"},\"datePublished\":\"2018-07-30T14:46:06+00:00\",\"dateModified\":\"2024-02-07T15:06:30+00:00\",\"breadcrumb\":{\"@id\":\"https:\/\/www.lourdes-france.org\/es\/mentions-legales\/#breadcrumb\"},\"inLanguage\":\"es\",\"potentialAction\":[{\"@type\":\"ReadAction\",\"target\":[\"https:\/\/www.lourdes-france.org\/es\/mentions-legales\/\"]}]},{\"@type\":\"BreadcrumbList\",\"@id\":\"https:\/\/www.lourdes-france.org\/es\/mentions-legales\/#breadcrumb\",\"itemListElement\":[{\"@type\":\"ListItem\",\"position\":1,\"name\":\"Accueil\",\"item\":\"https:\/\/www.lourdes-france.org\/\"},{\"@type\":\"ListItem\",\"position\":2,\"name\":\"Aviso legal \/ Derecgos de explotaci\u00f3n\"}]},{\"@type\":\"WebSite\",\"@id\":\"https:\/\/preprod-lourdes.cawita.com\/#website\",\"url\":\"https:\/\/preprod-lourdes.cawita.com\/\",\"name\":\"Soutenir le Sanctuaire Notre-Dame de Lourdes\",\"description\":\"\",\"potentialAction\":[{\"@type\":\"SearchAction\",\"target\":{\"@type\":\"EntryPoint\",\"urlTemplate\":\"https:\/\/preprod-lourdes.cawita.com\/?s={search_term_string}\"},\"query-input\":{\"@type\":\"PropertyValueSpecification\",\"valueRequired\":true,\"valueName\":\"search_term_string\"}}],\"inLanguage\":\"es\"}]}<\/script>\n<!-- \/ Yoast SEO plugin. -->","yoast_head_json":{"title":"Aviso legal \/ Derecgos de explotaci\u00f3n","robots":{"index":"index","follow":"follow","max-snippet":"max-snippet:-1","max-image-preview":"max-image-preview:large","max-video-preview":"max-video-preview:-1"},"canonical":"https:\/\/www.lourdes-france.org\/es\/mentions-legales\/","twitter_misc":{"Tiempo de lectura":"2 minutos"},"schema":{"@context":"https:\/\/schema.org","@graph":[{"@type":"WebPage","@id":"https:\/\/www.lourdes-france.org\/es\/mentions-legales\/","url":"https:\/\/www.lourdes-france.org\/es\/mentions-legales\/","name":"Aviso legal \/ Derecgos de explotaci\u00f3n","isPartOf":{"@id":"https:\/\/preprod-lourdes.cawita.com\/#website"},"datePublished":"2018-07-30T14:46:06+00:00","dateModified":"2024-02-07T15:06:30+00:00","breadcrumb":{"@id":"https:\/\/www.lourdes-france.org\/es\/mentions-legales\/#breadcrumb"},"inLanguage":"es","potentialAction":[{"@type":"ReadAction","target":["https:\/\/www.lourdes-france.org\/es\/mentions-legales\/"]}]},{"@type":"BreadcrumbList","@id":"https:\/\/www.lourdes-france.org\/es\/mentions-legales\/#breadcrumb","itemListElement":[{"@type":"ListItem","position":1,"name":"Accueil","item":"https:\/\/www.lourdes-france.org\/"},{"@type":"ListItem","position":2,"name":"Aviso legal \/ Derecgos de explotaci\u00f3n"}]},{"@type":"WebSite","@id":"https:\/\/preprod-lourdes.cawita.com\/#website","url":"https:\/\/preprod-lourdes.cawita.com\/","name":"Soutenir le Sanctuaire Notre-Dame de Lourdes","description":"","potentialAction":[{"@type":"SearchAction","target":{"@type":"EntryPoint","urlTemplate":"https:\/\/preprod-lourdes.cawita.com\/?s={search_term_string}"},"query-input":{"@type":"PropertyValueSpecification","valueRequired":true,"valueName":"search_term_string"}}],"inLanguage":"es"}]}},"_links":{"self":[{"href":"https:\/\/www.lourdes-france.org\/es\/wp-json\/wp\/v2\/pages\/8499","targetHints":{"allow":["GET"]}}],"collection":[{"href":"https:\/\/www.lourdes-france.org\/es\/wp-json\/wp\/v2\/pages"}],"about":[{"href":"https:\/\/www.lourdes-france.org\/es\/wp-json\/wp\/v2\/types\/page"}],"author":[{"embeddable":true,"href":"https:\/\/www.lourdes-france.org\/es\/wp-json\/wp\/v2\/users\/7"}],"replies":[{"embeddable":true,"href":"https:\/\/www.lourdes-france.org\/es\/wp-json\/wp\/v2\/comments?post=8499"}],"version-history":[{"count":3,"href":"https:\/\/www.lourdes-france.org\/es\/wp-json\/wp\/v2\/pages\/8499\/revisions"}],"predecessor-version":[{"id":907096,"href":"https:\/\/www.lourdes-france.org\/es\/wp-json\/wp\/v2\/pages\/8499\/revisions\/907096"}],"wp:attachment":[{"href":"https:\/\/www.lourdes-france.org\/es\/wp-json\/wp\/v2\/media?parent=8499"}],"curies":[{"name":"wp","href":"https:\/\/api.w.org\/{rel}","templated":true}]}}