{"id":866224,"date":"2022-03-24T11:30:41","date_gmt":"2022-03-24T10:30:41","guid":{"rendered":"https:\/\/www.lourdes-france.org\/lourdes-un-lieu-de-priere\/"},"modified":"2022-08-09T10:03:27","modified_gmt":"2022-08-09T08:03:27","slug":"lourdes-un-lugar-de-oracion","status":"publish","type":"page","link":"https:\/\/www.lourdes-france.org\/es\/lourdes-un-lugar-de-oracion\/","title":{"rendered":"Lourdes un lugar de oraci\u00f3n"},"content":{"rendered":"\t\t<div data-elementor-type=\"wp-page\" data-elementor-id=\"866224\" class=\"elementor elementor-866224 elementor-848511\" data-elementor-post-type=\"page\">\n\t\t\t\t\t\t<section class=\"elementor-section elementor-top-section elementor-element elementor-element-dff98dd elementor-section-full_width elementor-section-stretched elementor-section-height-default elementor-section-height-default\" data-id=\"dff98dd\" data-element_type=\"section\" data-settings=\"{&quot;stretch_section&quot;:&quot;section-stretched&quot;}\">\n\t\t\t\t\t\t<div class=\"elementor-container elementor-column-gap-default\">\n\t\t\t\t\t<div class=\"elementor-column elementor-col-100 elementor-top-column elementor-element elementor-element-767f6245\" data-id=\"767f6245\" data-element_type=\"column\">\n\t\t\t<div class=\"elementor-widget-wrap elementor-element-populated\">\n\t\t\t\t\t\t<div class=\"elementor-element elementor-element-41ff847b elementor-widget elementor-widget-image\" data-id=\"41ff847b\" data-element_type=\"widget\" data-widget_type=\"image.default\">\n\t\t\t\t<div class=\"elementor-widget-container\">\n\t\t\t\t\t\t\t\t\t\t\t\t\t\t\t<img fetchpriority=\"high\" decoding=\"async\" width=\"2048\" height=\"1365\" src=\"https:\/\/www.lourdes-france.org\/wp-content\/uploads\/2022\/06\/3_redimensionner-2048x1365.jpg\" class=\"attachment-2048x2048 size-2048x2048 wp-image-859640\" alt=\"\" srcset=\"https:\/\/www.lourdes-france.org\/wp-content\/uploads\/2022\/06\/3_redimensionner-2048x1365.jpg 2048w, https:\/\/www.lourdes-france.org\/wp-content\/uploads\/2022\/06\/3_redimensionner-300x200.jpg 300w, https:\/\/www.lourdes-france.org\/wp-content\/uploads\/2022\/06\/3_redimensionner-1024x683.jpg 1024w, https:\/\/www.lourdes-france.org\/wp-content\/uploads\/2022\/06\/3_redimensionner-768x512.jpg 768w, https:\/\/www.lourdes-france.org\/wp-content\/uploads\/2022\/06\/3_redimensionner-1536x1024.jpg 1536w\" sizes=\"(max-width: 2048px) 100vw, 2048px\" \/>\t\t\t\t\t\t\t\t\t\t\t\t\t\t\t<\/div>\n\t\t\t\t<\/div>\n\t\t\t\t\t<\/div>\n\t\t<\/div>\n\t\t\t\t\t<\/div>\n\t\t<\/section>\n\t\t\t\t<section class=\"elementor-section elementor-top-section elementor-element elementor-element-704a9592 elementor-section-boxed elementor-section-height-default elementor-section-height-default\" data-id=\"704a9592\" data-element_type=\"section\">\n\t\t\t\t\t\t<div class=\"elementor-container elementor-column-gap-default\">\n\t\t\t\t\t<div class=\"elementor-column elementor-col-100 elementor-top-column elementor-element elementor-element-69a5eedb\" data-id=\"69a5eedb\" data-element_type=\"column\">\n\t\t\t<div class=\"elementor-widget-wrap elementor-element-populated\">\n\t\t\t\t\t\t<div class=\"elementor-element elementor-element-25cf152a elementor-widget elementor-widget-heading\" data-id=\"25cf152a\" data-element_type=\"widget\" data-widget_type=\"heading.default\">\n\t\t\t\t<div class=\"elementor-widget-container\">\n\t\t\t\t\t<h1 class=\"elementor-heading-title elementor-size-default\">Lourdes un lugar de oraci\u00f3n<\/h1>\t\t\t\t<\/div>\n\t\t\t\t<\/div>\n\t\t\t\t\t<\/div>\n\t\t<\/div>\n\t\t\t\t\t<\/div>\n\t\t<\/section>\n\t\t\t\t<section class=\"elementor-section elementor-top-section elementor-element elementor-element-8ef2ed5 elementor-section-boxed elementor-section-height-default elementor-section-height-default\" data-id=\"8ef2ed5\" data-element_type=\"section\">\n\t\t\t\t\t\t<div class=\"elementor-container elementor-column-gap-default\">\n\t\t\t\t\t<div class=\"elementor-column elementor-col-100 elementor-top-column elementor-element elementor-element-c6a948b\" data-id=\"c6a948b\" data-element_type=\"column\">\n\t\t\t<div class=\"elementor-widget-wrap elementor-element-populated\">\n\t\t\t\t\t\t<div class=\"elementor-element elementor-element-4512f8a elementor-widget elementor-widget-text-editor\" data-id=\"4512f8a\" data-element_type=\"widget\" data-widget_type=\"text-editor.default\">\n\t\t\t\t<div class=\"elementor-widget-container\">\n\t\t\t\t\t\t\t\t\t<p style=\"text-align: left;\">Los peregrinos de Lourdes hacen la se\u00f1al de la cruz nada m\u00e1s entrar en el Santuario, porque saben que entran en un lugar de oraci\u00f3n y recogimiento. Est\u00e1 prohibido en todo el recinto: fumar, correr, o hacer cualquier cosa que no se har\u00eda dentro de una iglesia&#8230; Todos los lugares favorecen la oraci\u00f3n, pero los lugares donde los peregrinos se sienten m\u00e1s llamados a rezar son:<\/p><ol><li style=\"text-align: left;\">La Gruta<\/li><li style=\"text-align: left;\">Las fuentes<\/li><li style=\"text-align: left;\">Las velas<\/li><\/ol><p>Sin olvidar las bas\u00edlicas, las iglesias y los lugares de culto donde pueden asistir a una misa, a una celebraci\u00f3n o dejarse guiar por los mosaicos o las vidrieras que nos hablan de la vida de Cristo o del lugar con sus apariciones.<\/p><p>Tambi\u00e9n en Lourdes, los peregrinos pueden recibir el perd\u00f3n de Dios en<span style=\"color: #333399;\"><strong> la capilla de la reconciliaci\u00f3n<\/strong><\/span>, o prepararse para este encuentro realizando uno de los <span style=\"color: #333399;\"><strong>viacrucis<\/strong> <\/span>propuestos para meditar sobre el amor incondicional del Se\u00f1or que se entrega hasta el final.<\/p><p>Los peregrinos pueden dejarse llevar por el rezo del <span style=\"color: #333399;\"><strong>rosario en la Gruta<\/strong><\/span>, rezando en comuni\u00f3n con todos los peregrinos all\u00ed presentes y con todos los que siguen la oraci\u00f3n a trav\u00e9s de TV Lourdes o de las redes sociales. <br \/>Todos los que entran en el Santuario pueden aprovechar la presencia real del Se\u00f1or para tener un encuentro \u00edntimo con \u00c9l y poner sus penas y alegr\u00edas en las manos del Se\u00f1or, en la <span style=\"color: #333399;\"><strong>Adoraci\u00f3n del Sant\u00edsimo Sacramento<\/strong><\/span>.<\/p><p>\u00a0<\/p><p>Este mismo Sant\u00edsimo Sacramento se encuentra en la <span style=\"color: #333399;\"><strong>procesi\u00f3n Eucar\u00edstica<\/strong> <\/span>con la bendici\u00f3n de los enfermos; invit\u00e1ndonos a rezar tambi\u00e9n por todos aquellos que est\u00e1n enfermos, impedidos o heridos por la vida.<\/p><p>Al final del d\u00eda, los peregrinos pueden terminar la jornada de oraci\u00f3n caminando con otros peregrinos y visitantes cantando y rezando el \u00abAve\u00bb de Lourdes en la <span style=\"color: #333399;\"><strong>procesi\u00f3n mariana de las antorchas<\/strong><\/span>. Esta es otra forma de rezar a la Virgen Mar\u00eda en comuni\u00f3n con la Iglesia universal.<\/p>\t\t\t\t\t\t\t\t<\/div>\n\t\t\t\t<\/div>\n\t\t\t\t\t<\/div>\n\t\t<\/div>\n\t\t\t\t\t<\/div>\n\t\t<\/section>\n\t\t\t\t<section class=\"elementor-section elementor-top-section elementor-element elementor-element-58c47f3 elementor-section-boxed elementor-section-height-default elementor-section-height-default\" data-id=\"58c47f3\" data-element_type=\"section\">\n\t\t\t\t\t\t<div class=\"elementor-container elementor-column-gap-default\">\n\t\t\t\t\t<div class=\"elementor-column elementor-col-100 elementor-top-column elementor-element elementor-element-70e8cb7\" data-id=\"70e8cb7\" data-element_type=\"column\">\n\t\t\t<div class=\"elementor-widget-wrap elementor-element-populated\">\n\t\t\t\t\t\t<div class=\"elementor-element elementor-element-3e5cb1d elementor-widget elementor-widget-image\" data-id=\"3e5cb1d\" data-element_type=\"widget\" data-widget_type=\"image.default\">\n\t\t\t\t<div class=\"elementor-widget-container\">\n\t\t\t\t\t\t\t\t\t\t\t\t<figure class=\"wp-caption\">\n\t\t\t\t\t\t\t\t\t\t<img decoding=\"async\" width=\"1024\" height=\"377\" src=\"https:\/\/www.lourdes-france.org\/wp-content\/uploads\/2022\/06\/21_proc-mar-rosaire-36_redimensionner-1024x377.jpg\" class=\"attachment-large size-large wp-image-859609\" alt=\"Procession aux flambeaux pendant le p\u00e8lerinage du Rosaire\" srcset=\"https:\/\/www.lourdes-france.org\/wp-content\/uploads\/2022\/06\/21_proc-mar-rosaire-36_redimensionner-1024x377.jpg 1024w, https:\/\/www.lourdes-france.org\/wp-content\/uploads\/2022\/06\/21_proc-mar-rosaire-36_redimensionner-300x111.jpg 300w, https:\/\/www.lourdes-france.org\/wp-content\/uploads\/2022\/06\/21_proc-mar-rosaire-36_redimensionner-768x283.jpg 768w, https:\/\/www.lourdes-france.org\/wp-content\/uploads\/2022\/06\/21_proc-mar-rosaire-36_redimensionner-1536x566.jpg 1536w, https:\/\/www.lourdes-france.org\/wp-content\/uploads\/2022\/06\/21_proc-mar-rosaire-36_redimensionner-2048x755.jpg 2048w\" sizes=\"(max-width: 1024px) 100vw, 1024px\" \/>\t\t\t\t\t\t\t\t\t\t\t<figcaption class=\"widget-image-caption wp-caption-text\">Procession mariale aux flambeaux (photo : Pierre VINCENT)<\/figcaption>\n\t\t\t\t\t\t\t\t\t\t<\/figure>\n\t\t\t\t\t\t\t\t\t<\/div>\n\t\t\t\t<\/div>\n\t\t\t\t\t<\/div>\n\t\t<\/div>\n\t\t\t\t\t<\/div>\n\t\t<\/section>\n\t\t\t\t<section class=\"elementor-section elementor-top-section elementor-element elementor-element-71e755f elementor-section-boxed elementor-section-height-default elementor-section-height-default\" data-id=\"71e755f\" data-element_type=\"section\">\n\t\t\t\t\t\t<div class=\"elementor-container elementor-column-gap-default\">\n\t\t\t\t\t<div class=\"elementor-column elementor-col-100 elementor-top-column elementor-element elementor-element-6a2fb9a\" data-id=\"6a2fb9a\" data-element_type=\"column\">\n\t\t\t<div class=\"elementor-widget-wrap elementor-element-populated\">\n\t\t\t\t\t\t<div class=\"elementor-element elementor-element-ee0625e elementor-widget elementor-widget-text-editor\" data-id=\"ee0625e\" data-element_type=\"widget\" data-widget_type=\"text-editor.default\">\n\t\t\t\t<div class=\"elementor-widget-container\">\n\t\t\t\t\t\t\t\t\t<h2 style=\"text-align: left;\">\u00bfC\u00f3mo rezar en Lourdes?<\/h2><p style=\"text-align: left;\">Adorar, agradecer, pedir favores y pedir perd\u00f3n son las cuatro finalidades de la oraci\u00f3n para un cristiano y, en particular, para un cat\u00f3lico. La <span style=\"color: #000080;\"><strong>oraci\u00f3n<\/strong> <\/span>es un intercambio. Refuerza el v\u00ednculo entre el hombre y Dios. La oraci\u00f3n es el medio por el que el hombre mantiene su amistad con Dios, como dos amigos que se quieren.<\/p><p>Hay dos tipos de oraci\u00f3n: la oraci\u00f3n vocal y la oraci\u00f3n mental. Esta distinci\u00f3n nos ayuda a entender lo que san Pablo quer\u00eda decir cuando afirmaba que \u00abdebemos orar sin cesar\u00bb. La oraci\u00f3n vocal se hace con una actitud y palabras. Las principales oraciones vocales del cristiano cat\u00f3lico son: el<span style=\"color: #000080;\"><strong> Ave Mar\u00eda<\/strong><\/span>, tambi\u00e9n llamado saludo ang\u00e9lico, que hace referencia al saludo del \u00e1ngel Gabriel a la Sant\u00edsima Virgen Mar\u00eda. Es una oraci\u00f3n esencial en la vida del cristiano. La segunda oraci\u00f3n importante es el <span style=\"color: #000080;\"><strong>Padrenuestro<\/strong><\/span>, que el Se\u00f1or Jes\u00fas ense\u00f1\u00f3 a sus ap\u00f3stoles.<\/p><p>Los peregrinos pueden unirse a la oraci\u00f3n com\u00fan que se ofrece en el santuario, pero tambi\u00e9n pueden entrar en su propio coraz\u00f3n y ponerse en presencia de Dios. Mediante la meditaci\u00f3n y el recogimiento el alma se pone en presencia de Dios. En el silencio, se abre a Dios en un acto de fe y esperanza.<\/p><p>Los cristianos pueden rezar a cualquier hora del d\u00eda. La Virgen Mar\u00eda durante las diversas apariciones, y especialmente en Lourdes, nos pide, por ejemplo, que recemos por los pecadores. El cristiano reza especialmente por sus allegados, es decir, su familia, parientes, hermanos, amigos, y tambi\u00e9n por los que est\u00e1n cerca de \u00e9l en la fe.<\/p>\t\t\t\t\t\t\t\t<\/div>\n\t\t\t\t<\/div>\n\t\t\t\t<section class=\"elementor-section elementor-inner-section elementor-element elementor-element-80232b3 elementor-section-boxed elementor-section-height-default elementor-section-height-default\" data-id=\"80232b3\" data-element_type=\"section\">\n\t\t\t\t\t\t<div class=\"elementor-container elementor-column-gap-no\">\n\t\t\t\t\t<div class=\"elementor-column elementor-col-50 elementor-inner-column elementor-element elementor-element-939a6bd\" data-id=\"939a6bd\" data-element_type=\"column\">\n\t\t\t<div class=\"elementor-widget-wrap elementor-element-populated\">\n\t\t\t\t\t\t<div class=\"elementor-element elementor-element-46530bc elementor-widget elementor-widget-text-editor\" data-id=\"46530bc\" data-element_type=\"widget\" data-widget_type=\"text-editor.default\">\n\t\t\t\t<div class=\"elementor-widget-container\">\n\t\t\t\t\t\t\t\t\t<p><span style=\"color: #007a9e;\"><strong>PADRENUESTRO<\/strong><\/span><br \/><em><br \/><\/em><em>Padre nuestro que est\u00e1s en el cielo,\u00a0<br \/>santificado sea tu Nombre;<br \/>venga a nosotros tu Reino;<br \/>h\u00e1gase tu voluntad\u00a0<br \/>en la tierra como en el cielo.<br \/>Danos hoy\u00a0<br \/>nuestro pan de cada d\u00eda;<br \/>perdona nuestras ofensas,<br \/>como tambi\u00e9n nosotros perdonamos\u00a0<br \/>a los que nos ofenden;<br \/>no nos dejes caer en la tentaci\u00f3n,<br \/>y l\u00edbranos del mal. <br \/>Am\u00e9n. <\/em><\/p><p><span style=\"color: #007a9e;\"><strong>AVE MAR\u00cdA<br \/><\/strong><\/span><br \/><em>Dios te salve, Mar\u00eda,\u00a0<br \/>llena eres de gracia;<br \/>el Se\u00f1or es contigo.<br \/>Bendita T\u00fa eres\u00a0<br \/>entre todas las mujeres,<br \/>y bendito es el fruto de tu vientre, Jes\u00fas.\u00a0<br \/>Santa Mar\u00eda, Madre de Dios,<br \/>ruega por nosotros, pecadores,<br \/>ahora y en la hora de nuestra muerte. <br \/>Am\u00e9n.<br \/><\/em><\/p>\t\t\t\t\t\t\t\t<\/div>\n\t\t\t\t<\/div>\n\t\t\t\t\t<\/div>\n\t\t<\/div>\n\t\t\t\t<div class=\"elementor-column elementor-col-50 elementor-inner-column elementor-element elementor-element-bc15bd3\" data-id=\"bc15bd3\" data-element_type=\"column\">\n\t\t\t<div class=\"elementor-widget-wrap elementor-element-populated\">\n\t\t\t\t\t\t<div class=\"elementor-element elementor-element-dd9be3b elementor-widget elementor-widget-image\" data-id=\"dd9be3b\" data-element_type=\"widget\" data-widget_type=\"image.default\">\n\t\t\t\t<div class=\"elementor-widget-container\">\n\t\t\t\t\t\t\t\t\t\t\t\t\t\t\t<img decoding=\"async\" width=\"683\" height=\"1024\" src=\"https:\/\/www.lourdes-france.org\/wp-content\/uploads\/2022\/06\/soiree_du_14_aout_redimensionner-683x1024.jpg\" class=\"attachment-large size-large wp-image-859434\" alt=\"\" srcset=\"https:\/\/www.lourdes-france.org\/wp-content\/uploads\/2022\/06\/soiree_du_14_aout_redimensionner-683x1024.jpg 683w, https:\/\/www.lourdes-france.org\/wp-content\/uploads\/2022\/06\/soiree_du_14_aout_redimensionner-200x300.jpg 200w, https:\/\/www.lourdes-france.org\/wp-content\/uploads\/2022\/06\/soiree_du_14_aout_redimensionner-768x1152.jpg 768w, https:\/\/www.lourdes-france.org\/wp-content\/uploads\/2022\/06\/soiree_du_14_aout_redimensionner-1024x1536.jpg 1024w, https:\/\/www.lourdes-france.org\/wp-content\/uploads\/2022\/06\/soiree_du_14_aout_redimensionner-1366x2048.jpg 1366w, https:\/\/www.lourdes-france.org\/wp-content\/uploads\/2022\/06\/soiree_du_14_aout_redimensionner-scaled.jpg 1707w\" sizes=\"(max-width: 683px) 100vw, 683px\" \/>\t\t\t\t\t\t\t\t\t\t\t\t\t\t\t<\/div>\n\t\t\t\t<\/div>\n\t\t\t\t\t<\/div>\n\t\t<\/div>\n\t\t\t\t\t<\/div>\n\t\t<\/section>\n\t\t\t\t\t<\/div>\n\t\t<\/div>\n\t\t\t\t\t<\/div>\n\t\t<\/section>\n\t\t\t\t<section class=\"elementor-section elementor-top-section elementor-element elementor-element-39aa049 elementor-section-boxed elementor-section-height-default elementor-section-height-default\" data-id=\"39aa049\" data-element_type=\"section\">\n\t\t\t\t\t\t<div class=\"elementor-container elementor-column-gap-default\">\n\t\t\t\t\t<div class=\"elementor-column elementor-col-33 elementor-top-column elementor-element elementor-element-b088321\" data-id=\"b088321\" data-element_type=\"column\">\n\t\t\t<div class=\"elementor-widget-wrap elementor-element-populated\">\n\t\t\t\t\t\t<div class=\"elementor-element elementor-element-5635d1b elementor-align-center elementor-widget elementor-widget-button\" data-id=\"5635d1b\" data-element_type=\"widget\" data-widget_type=\"button.default\">\n\t\t\t\t<div class=\"elementor-widget-container\">\n\t\t\t\t\t\t\t\t\t<div class=\"elementor-button-wrapper\">\n\t\t\t\t\t<a class=\"elementor-button elementor-button-link elementor-size-sm\" href=\"\/cierge-en-ligne\/\" target=\"_blank\">\n\t\t\t\t\t\t<span class=\"elementor-button-content-wrapper\">\n\t\t\t\t\t\t\t\t\t<span class=\"elementor-button-text\">ENCENDER UNA VELA<\/span>\n\t\t\t\t\t<\/span>\n\t\t\t\t\t<\/a>\n\t\t\t\t<\/div>\n\t\t\t\t\t\t\t\t<\/div>\n\t\t\t\t<\/div>\n\t\t\t\t\t<\/div>\n\t\t<\/div>\n\t\t\t\t<div class=\"elementor-column elementor-col-33 elementor-top-column elementor-element elementor-element-73a1912\" data-id=\"73a1912\" data-element_type=\"column\">\n\t\t\t<div class=\"elementor-widget-wrap elementor-element-populated\">\n\t\t\t\t\t\t<div class=\"elementor-element elementor-element-6c01529 elementor-align-center elementor-widget elementor-widget-button\" data-id=\"6c01529\" data-element_type=\"widget\" data-widget_type=\"button.default\">\n\t\t\t\t<div class=\"elementor-widget-container\">\n\t\t\t\t\t\t\t\t\t<div class=\"elementor-button-wrapper\">\n\t\t\t\t\t<a class=\"elementor-button elementor-button-link elementor-size-sm\" href=\"\/intention-priere\/\" target=\"_blank\">\n\t\t\t\t\t\t<span class=\"elementor-button-content-wrapper\">\n\t\t\t\t\t\t\t\t\t<span class=\"elementor-button-text\">CONFIAR UNA ORACI\u00d3N<\/span>\n\t\t\t\t\t<\/span>\n\t\t\t\t\t<\/a>\n\t\t\t\t<\/div>\n\t\t\t\t\t\t\t\t<\/div>\n\t\t\t\t<\/div>\n\t\t\t\t\t<\/div>\n\t\t<\/div>\n\t\t\t\t<div class=\"elementor-column elementor-col-33 elementor-top-column elementor-element elementor-element-cfbe7ba\" data-id=\"cfbe7ba\" data-element_type=\"column\">\n\t\t\t<div class=\"elementor-widget-wrap elementor-element-populated\">\n\t\t\t\t\t\t<div class=\"elementor-element elementor-element-1f57b77 elementor-align-center elementor-widget elementor-widget-button\" data-id=\"1f57b77\" data-element_type=\"widget\" data-widget_type=\"button.default\">\n\t\t\t\t<div class=\"elementor-widget-container\">\n\t\t\t\t\t\t\t\t\t<div class=\"elementor-button-wrapper\">\n\t\t\t\t\t<a class=\"elementor-button elementor-button-link elementor-size-sm\" href=\"\/offrande-de-messe\/\" target=\"_blank\">\n\t\t\t\t\t\t<span class=\"elementor-button-content-wrapper\">\n\t\t\t\t\t\t\t\t\t<span class=\"elementor-button-text\">OFRECER UNA MISA<\/span>\n\t\t\t\t\t<\/span>\n\t\t\t\t\t<\/a>\n\t\t\t\t<\/div>\n\t\t\t\t\t\t\t\t<\/div>\n\t\t\t\t<\/div>\n\t\t\t\t\t<\/div>\n\t\t<\/div>\n\t\t\t\t\t<\/div>\n\t\t<\/section>\n\t\t\t\t<\/div>\n\t\t","protected":false},"excerpt":{"rendered":"<p>Lourdes un lugar de oraci\u00f3n Los peregrinos de Lourdes hacen la se\u00f1al de la cruz nada m\u00e1s entrar en el Santuario, porque saben que entran en un lugar de oraci\u00f3n y recogimiento. Est\u00e1 prohibido en todo el recinto: fumar, correr, &hellip; <a href=\"https:\/\/www.lourdes-france.org\/es\/lourdes-un-lugar-de-oracion\/\">Continuar<\/a><\/p>\n","protected":false},"author":7,"featured_media":0,"parent":0,"menu_order":0,"comment_status":"closed","ping_status":"closed","template":"","meta":{"_acf_changed":false,"footnotes":""},"class_list":["post-866224","page","type-page","status-publish","hentry"],"acf":[],"yoast_head":"<!-- This site is optimized with the Yoast SEO plugin v24.7 - https:\/\/yoast.com\/wordpress\/plugins\/seo\/ -->\n<title>Lourdes un lugar de oraci\u00f3n<\/title>\n<meta name=\"description\" content=\"Los peregrinos de Lourdes hacen la se\u00f1al de la cruz al entrar en el Santuario, porque saben que entran en un lugar de oraci\u00f3n y recogimiento.\" \/>\n<meta name=\"robots\" content=\"index, follow, max-snippet:-1, max-image-preview:large, max-video-preview:-1\" \/>\n<link rel=\"canonical\" href=\"https:\/\/preprod-lourdes.cawita.com\/es\/lourdes-un-lugar-de-oracion\/\" \/>\n<meta name=\"twitter:label1\" content=\"Tiempo de lectura\" \/>\n\t<meta name=\"twitter:data1\" content=\"4 minutos\" \/>\n<script type=\"application\/ld+json\" class=\"yoast-schema-graph\">{\"@context\":\"https:\/\/schema.org\",\"@graph\":[{\"@type\":\"WebPage\",\"@id\":\"https:\/\/preprod-lourdes.cawita.com\/es\/lourdes-un-lugar-de-oracion\/\",\"url\":\"https:\/\/preprod-lourdes.cawita.com\/es\/lourdes-un-lugar-de-oracion\/\",\"name\":\"Lourdes un lugar de oraci\u00f3n\",\"isPartOf\":{\"@id\":\"https:\/\/preprod-lourdes.cawita.com\/#website\"},\"primaryImageOfPage\":{\"@id\":\"https:\/\/preprod-lourdes.cawita.com\/es\/lourdes-un-lugar-de-oracion\/#primaryimage\"},\"image\":{\"@id\":\"https:\/\/preprod-lourdes.cawita.com\/es\/lourdes-un-lugar-de-oracion\/#primaryimage\"},\"thumbnailUrl\":\"https:\/\/www.lourdes-france.org\/wp-content\/uploads\/2022\/06\/3_redimensionner-2048x1365.jpg\",\"datePublished\":\"2022-03-24T10:30:41+00:00\",\"dateModified\":\"2022-08-09T08:03:27+00:00\",\"description\":\"Los peregrinos de Lourdes hacen la se\u00f1al de la cruz al entrar en el Santuario, porque saben que entran en un lugar de oraci\u00f3n y recogimiento.\",\"breadcrumb\":{\"@id\":\"https:\/\/preprod-lourdes.cawita.com\/es\/lourdes-un-lugar-de-oracion\/#breadcrumb\"},\"inLanguage\":\"es\",\"potentialAction\":[{\"@type\":\"ReadAction\",\"target\":[\"https:\/\/preprod-lourdes.cawita.com\/es\/lourdes-un-lugar-de-oracion\/\"]}]},{\"@type\":\"ImageObject\",\"inLanguage\":\"es\",\"@id\":\"https:\/\/preprod-lourdes.cawita.com\/es\/lourdes-un-lugar-de-oracion\/#primaryimage\",\"url\":\"https:\/\/www.lourdes-france.org\/wp-content\/uploads\/2022\/06\/3_redimensionner-2048x1365.jpg\",\"contentUrl\":\"https:\/\/www.lourdes-france.org\/wp-content\/uploads\/2022\/06\/3_redimensionner-2048x1365.jpg\"},{\"@type\":\"BreadcrumbList\",\"@id\":\"https:\/\/preprod-lourdes.cawita.com\/es\/lourdes-un-lugar-de-oracion\/#breadcrumb\",\"itemListElement\":[{\"@type\":\"ListItem\",\"position\":1,\"name\":\"Accueil\",\"item\":\"https:\/\/www.lourdes-france.org\/\"},{\"@type\":\"ListItem\",\"position\":2,\"name\":\"Lourdes un lugar de oraci\u00f3n\"}]},{\"@type\":\"WebSite\",\"@id\":\"https:\/\/preprod-lourdes.cawita.com\/#website\",\"url\":\"https:\/\/preprod-lourdes.cawita.com\/\",\"name\":\"Soutenir le Sanctuaire Notre-Dame de Lourdes\",\"description\":\"\",\"potentialAction\":[{\"@type\":\"SearchAction\",\"target\":{\"@type\":\"EntryPoint\",\"urlTemplate\":\"https:\/\/preprod-lourdes.cawita.com\/?s={search_term_string}\"},\"query-input\":{\"@type\":\"PropertyValueSpecification\",\"valueRequired\":true,\"valueName\":\"search_term_string\"}}],\"inLanguage\":\"es\"}]}<\/script>\n<!-- \/ Yoast SEO plugin. -->","yoast_head_json":{"title":"Lourdes un lugar de oraci\u00f3n","description":"Los peregrinos de Lourdes hacen la se\u00f1al de la cruz al entrar en el Santuario, porque saben que entran en un lugar de oraci\u00f3n y recogimiento.","robots":{"index":"index","follow":"follow","max-snippet":"max-snippet:-1","max-image-preview":"max-image-preview:large","max-video-preview":"max-video-preview:-1"},"canonical":"https:\/\/preprod-lourdes.cawita.com\/es\/lourdes-un-lugar-de-oracion\/","twitter_misc":{"Tiempo de lectura":"4 minutos"},"schema":{"@context":"https:\/\/schema.org","@graph":[{"@type":"WebPage","@id":"https:\/\/preprod-lourdes.cawita.com\/es\/lourdes-un-lugar-de-oracion\/","url":"https:\/\/preprod-lourdes.cawita.com\/es\/lourdes-un-lugar-de-oracion\/","name":"Lourdes un lugar de oraci\u00f3n","isPartOf":{"@id":"https:\/\/preprod-lourdes.cawita.com\/#website"},"primaryImageOfPage":{"@id":"https:\/\/preprod-lourdes.cawita.com\/es\/lourdes-un-lugar-de-oracion\/#primaryimage"},"image":{"@id":"https:\/\/preprod-lourdes.cawita.com\/es\/lourdes-un-lugar-de-oracion\/#primaryimage"},"thumbnailUrl":"https:\/\/www.lourdes-france.org\/wp-content\/uploads\/2022\/06\/3_redimensionner-2048x1365.jpg","datePublished":"2022-03-24T10:30:41+00:00","dateModified":"2022-08-09T08:03:27+00:00","description":"Los peregrinos de Lourdes hacen la se\u00f1al de la cruz al entrar en el Santuario, porque saben que entran en un lugar de oraci\u00f3n y recogimiento.","breadcrumb":{"@id":"https:\/\/preprod-lourdes.cawita.com\/es\/lourdes-un-lugar-de-oracion\/#breadcrumb"},"inLanguage":"es","potentialAction":[{"@type":"ReadAction","target":["https:\/\/preprod-lourdes.cawita.com\/es\/lourdes-un-lugar-de-oracion\/"]}]},{"@type":"ImageObject","inLanguage":"es","@id":"https:\/\/preprod-lourdes.cawita.com\/es\/lourdes-un-lugar-de-oracion\/#primaryimage","url":"https:\/\/www.lourdes-france.org\/wp-content\/uploads\/2022\/06\/3_redimensionner-2048x1365.jpg","contentUrl":"https:\/\/www.lourdes-france.org\/wp-content\/uploads\/2022\/06\/3_redimensionner-2048x1365.jpg"},{"@type":"BreadcrumbList","@id":"https:\/\/preprod-lourdes.cawita.com\/es\/lourdes-un-lugar-de-oracion\/#breadcrumb","itemListElement":[{"@type":"ListItem","position":1,"name":"Accueil","item":"https:\/\/www.lourdes-france.org\/"},{"@type":"ListItem","position":2,"name":"Lourdes un lugar de oraci\u00f3n"}]},{"@type":"WebSite","@id":"https:\/\/preprod-lourdes.cawita.com\/#website","url":"https:\/\/preprod-lourdes.cawita.com\/","name":"Soutenir le Sanctuaire Notre-Dame de Lourdes","description":"","potentialAction":[{"@type":"SearchAction","target":{"@type":"EntryPoint","urlTemplate":"https:\/\/preprod-lourdes.cawita.com\/?s={search_term_string}"},"query-input":{"@type":"PropertyValueSpecification","valueRequired":true,"valueName":"search_term_string"}}],"inLanguage":"es"}]}},"_links":{"self":[{"href":"https:\/\/www.lourdes-france.org\/es\/wp-json\/wp\/v2\/pages\/866224","targetHints":{"allow":["GET"]}}],"collection":[{"href":"https:\/\/www.lourdes-france.org\/es\/wp-json\/wp\/v2\/pages"}],"about":[{"href":"https:\/\/www.lourdes-france.org\/es\/wp-json\/wp\/v2\/types\/page"}],"author":[{"embeddable":true,"href":"https:\/\/www.lourdes-france.org\/es\/wp-json\/wp\/v2\/users\/7"}],"replies":[{"embeddable":true,"href":"https:\/\/www.lourdes-france.org\/es\/wp-json\/wp\/v2\/comments?post=866224"}],"version-history":[{"count":14,"href":"https:\/\/www.lourdes-france.org\/es\/wp-json\/wp\/v2\/pages\/866224\/revisions"}],"predecessor-version":[{"id":866244,"href":"https:\/\/www.lourdes-france.org\/es\/wp-json\/wp\/v2\/pages\/866224\/revisions\/866244"}],"wp:attachment":[{"href":"https:\/\/www.lourdes-france.org\/es\/wp-json\/wp\/v2\/media?parent=866224"}],"curies":[{"name":"wp","href":"https:\/\/api.w.org\/{rel}","templated":true}]}}