{"id":866246,"date":"2022-03-24T14:09:09","date_gmt":"2022-03-24T13:09:09","guid":{"rendered":"https:\/\/www.lourdes-france.org\/les-miracles-de-lourdes\/"},"modified":"2022-08-09T11:35:51","modified_gmt":"2022-08-09T09:35:51","slug":"los-milagros-de-lourdes","status":"publish","type":"page","link":"https:\/\/www.lourdes-france.org\/es\/los-milagros-de-lourdes\/","title":{"rendered":"Los milagros de Lourdes"},"content":{"rendered":"\t\t<div data-elementor-type=\"wp-page\" data-elementor-id=\"866246\" class=\"elementor elementor-866246 elementor-848594\" data-elementor-post-type=\"page\">\n\t\t\t\t\t\t<section class=\"elementor-section elementor-top-section elementor-element elementor-element-b02271f elementor-section-full_width elementor-section-stretched elementor-section-height-default elementor-section-height-default\" data-id=\"b02271f\" data-element_type=\"section\" data-settings=\"{&quot;stretch_section&quot;:&quot;section-stretched&quot;}\">\n\t\t\t\t\t\t<div class=\"elementor-container elementor-column-gap-default\">\n\t\t\t\t\t<div class=\"elementor-column elementor-col-100 elementor-top-column elementor-element elementor-element-181e9395\" data-id=\"181e9395\" data-element_type=\"column\">\n\t\t\t<div class=\"elementor-widget-wrap elementor-element-populated\">\n\t\t\t\t\t\t<div class=\"elementor-element elementor-element-6ad1896e elementor-widget elementor-widget-image\" data-id=\"6ad1896e\" data-element_type=\"widget\" data-widget_type=\"image.default\">\n\t\t\t\t<div class=\"elementor-widget-container\">\n\t\t\t\t\t\t\t\t\t\t\t\t\t\t\t<img fetchpriority=\"high\" decoding=\"async\" width=\"2048\" height=\"1365\" src=\"https:\/\/www.lourdes-france.org\/wp-content\/uploads\/2022\/06\/7-1er_Cas_Louis_Bouriette_recadre-2048x1365.jpg\" class=\"attachment-2048x2048 size-2048x2048 wp-image-860678\" alt=\"\" srcset=\"https:\/\/www.lourdes-france.org\/wp-content\/uploads\/2022\/06\/7-1er_Cas_Louis_Bouriette_recadre-2048x1365.jpg 2048w, https:\/\/www.lourdes-france.org\/wp-content\/uploads\/2022\/06\/7-1er_Cas_Louis_Bouriette_recadre-300x200.jpg 300w, https:\/\/www.lourdes-france.org\/wp-content\/uploads\/2022\/06\/7-1er_Cas_Louis_Bouriette_recadre-1024x683.jpg 1024w, https:\/\/www.lourdes-france.org\/wp-content\/uploads\/2022\/06\/7-1er_Cas_Louis_Bouriette_recadre-768x512.jpg 768w, https:\/\/www.lourdes-france.org\/wp-content\/uploads\/2022\/06\/7-1er_Cas_Louis_Bouriette_recadre-1536x1024.jpg 1536w\" sizes=\"(max-width: 2048px) 100vw, 2048px\" \/>\t\t\t\t\t\t\t\t\t\t\t\t\t\t\t<\/div>\n\t\t\t\t<\/div>\n\t\t\t\t\t<\/div>\n\t\t<\/div>\n\t\t\t\t\t<\/div>\n\t\t<\/section>\n\t\t\t\t<section class=\"elementor-section elementor-top-section elementor-element elementor-element-70565c17 elementor-section-boxed elementor-section-height-default elementor-section-height-default\" data-id=\"70565c17\" data-element_type=\"section\">\n\t\t\t\t\t\t<div class=\"elementor-container elementor-column-gap-default\">\n\t\t\t\t\t<div class=\"elementor-column elementor-col-100 elementor-top-column elementor-element elementor-element-3ef5239b\" data-id=\"3ef5239b\" data-element_type=\"column\">\n\t\t\t<div class=\"elementor-widget-wrap elementor-element-populated\">\n\t\t\t\t\t\t<div class=\"elementor-element elementor-element-2dc243a4 elementor-widget elementor-widget-heading\" data-id=\"2dc243a4\" data-element_type=\"widget\" data-widget_type=\"heading.default\">\n\t\t\t\t<div class=\"elementor-widget-container\">\n\t\t\t\t\t<h1 class=\"elementor-heading-title elementor-size-default\">Los milagros de Lourdes<\/h1>\t\t\t\t<\/div>\n\t\t\t\t<\/div>\n\t\t\t\t\t<\/div>\n\t\t<\/div>\n\t\t\t\t\t<\/div>\n\t\t<\/section>\n\t\t\t\t<section class=\"elementor-section elementor-top-section elementor-element elementor-element-125fbb1 elementor-section-boxed elementor-section-height-default elementor-section-height-default\" data-id=\"125fbb1\" data-element_type=\"section\" data-settings=\"{&quot;background_background&quot;:&quot;classic&quot;}\">\n\t\t\t\t\t\t<div class=\"elementor-container elementor-column-gap-default\">\n\t\t\t\t\t<div class=\"elementor-column elementor-col-100 elementor-top-column elementor-element elementor-element-45a2d7d\" data-id=\"45a2d7d\" data-element_type=\"column\">\n\t\t\t<div class=\"elementor-widget-wrap elementor-element-populated\">\n\t\t\t\t\t\t<div class=\"elementor-element elementor-element-cc2b2d3 elementor-widget elementor-widget-text-editor\" data-id=\"cc2b2d3\" data-element_type=\"widget\" data-widget_type=\"text-editor.default\">\n\t\t\t\t<div class=\"elementor-widget-container\">\n\t\t\t\t\t\t\t\t\t<h5>Los primeros milagros de Lourdes tuvieron lugar tras las apariciones de la Virgen Mar\u00eda a Bernardita en 1858.<br \/>Desde entonces, miles de declaraciones de curaci\u00f3n han sido recogidas por una organizaci\u00f3n \u00fanica en el mundo: la Oficina de las constataciones m\u00e9dicas.<\/h5>\t\t\t\t\t\t\t\t<\/div>\n\t\t\t\t<\/div>\n\t\t\t\t\t<\/div>\n\t\t<\/div>\n\t\t\t\t\t<\/div>\n\t\t<\/section>\n\t\t\t\t<section class=\"elementor-section elementor-top-section elementor-element elementor-element-e692140 elementor-section-boxed elementor-section-height-default elementor-section-height-default\" data-id=\"e692140\" data-element_type=\"section\">\n\t\t\t\t\t\t<div class=\"elementor-container elementor-column-gap-default\">\n\t\t\t\t\t<div class=\"elementor-column elementor-col-100 elementor-top-column elementor-element elementor-element-95cb9bd\" data-id=\"95cb9bd\" data-element_type=\"column\">\n\t\t\t<div class=\"elementor-widget-wrap elementor-element-populated\">\n\t\t\t\t\t\t<div class=\"elementor-element elementor-element-4648000 elementor-widget elementor-widget-text-editor\" data-id=\"4648000\" data-element_type=\"widget\" data-widget_type=\"text-editor.default\">\n\t\t\t\t<div class=\"elementor-widget-container\">\n\t\t\t\t\t\t\t\t\t<h2>UNA OFICINA DE CONSTATACIONES M\u00c9DICAS \u00daNICA EN EL MUNDO<\/h2><p>Fundada en 1883, la \u00abOficina de Constataciones M\u00e9dicas de Lourdes\u00bb, al igual que las piscinas<sup>1<\/sup>, forma parte del patrimonio hist\u00f3rico del Santuario de Lourdes. Es un lugar \u00fanico en el mundo, ya que ning\u00fan otro santuario, independientemente de su religi\u00f3n, cuenta con la presencia permanente de un m\u00e9dico encargado de registrar, verificar e investigar los casos de supuestas curaciones.<br \/>De los m\u00e1s de 7.000 casos de curaci\u00f3n registrados en Lourdes desde las apariciones, 70 casos han sido reconocidos hasta ahora como milagrosos por la Iglesia <sup>2<\/sup>. M\u00e1s del 80% de las curaciones reconocidas como milagrosas han beneficiado a las mujeres. La persona m\u00e1s joven cuya curaci\u00f3n fue reconocida como milagrosa ten\u00eda 2 a\u00f1os. Los pa\u00edses de origen de las personas cuya curaci\u00f3n fue reconocida como milagrosa fueron Francia (56), Italia (8), B\u00e9lgica (3), Alemania (1), Austria (1) y Suiza (1). Seis personas afirman haber sido curadas por la intercesi\u00f3n de Nuestra Se\u00f1ora de Lourdes sin haber acudido a Lourdes. La mayor\u00eda de las personas se curaron por contacto con el agua de Lourdes (50), la mayor\u00eda de ellas en las piscinas del Santuario.<\/p><h2>HISTORIA<\/h2><p>A petici\u00f3n del P. R\u00e9mi Semp\u00e9, padre de Garaison y primer rector del Santuario, el Dr. Georges-Fernand Dunot de Saint-Maclou fund\u00f3 la Oficina de las Constataciones M\u00e9dicas para que nadie saliera de Lourdes afirmando estar \u00abcurado\u00bb sin haber sometido su historia de curaci\u00f3n a una verificaci\u00f3n m\u00e9dica rigurosa y colegiada. En 1886, a trav\u00e9s del Arzobispo de Cagliari, Mons. Vincenzo Gregorio Berchialla, el papa Le\u00f3n XIII dio su aprobaci\u00f3n a los rigurosos procedimientos de la Oficina m\u00e9dica de Lourdes. Y en 1905, el obispo de Tarbes recibi\u00f3 la confirmaci\u00f3n de la Santa Sede de su derecho a utilizar los procedimientos de la Oficina m\u00e9dica para estudiar las curaciones declaradas. Este derecho sigue en vigor hoy en d\u00eda.<\/p><h2>Declarar un milagro: 4 etapas fundamentales<\/h2><p>El m\u00e9dico permanente de la Oficina de las Constataciones M\u00e9dicas, misi\u00f3n ocupada desde 2009 por el Dr. Alessandro de Franciscis, recibe a las personas que desean declarar una curaci\u00f3n. Si considera que el caso es serio y merece una investigaci\u00f3n m\u00e1s profunda, convoca a sus compa\u00f1eros m\u00e9dicos y al personal sanitario que estaba presente en Lourdes ese d\u00eda y que indicaron su presencia en el registro de la Oficina de las constataciones m\u00e9dicas de Lourdes. Si los m\u00e9dicos deciden colectivamente continuar con la investigaci\u00f3n, la curaci\u00f3n se somete entonces a un largo proceso de investigaci\u00f3n, que puede durar varios a\u00f1os, al final del cual los miembros del Comit\u00e9 M\u00e9dico Internacional de Lourdes (CMIL) votan que la curaci\u00f3n es \u00abinexplicada en el estado actual de nuestros conocimientos\u00bb.<br \/>A continuaci\u00f3n, se informa del resultado del voto del CMIL al obispo del lugar de residencia de la persona curada. Le corresponde entonces a \u00e9l, como representante de la jerarqu\u00eda eclesi\u00e1stica, decidir si lo declara como milagro<sup>3<\/sup>.<\/p><h2>El trabajo y el voto de los m\u00e9dicos deben respetar una serie de 7 criterios<sup>4:<\/sup><\/h2><ol><li>El primer criterio es que la enfermedad debe ser grave y tener un mal pron\u00f3stico.<\/li><li>En segundo lugar, la enfermedad debe ser conocida y catalogada por la medicina.<\/li><li>En tercer lugar, esta enfermedad debe ser org\u00e1nica, lesional, es decir, debe haber criterios objetivos, biol\u00f3gicos, radiol\u00f3gicos, todo lo que existe actualmente en la medicina; esto significa que a\u00fan hoy no se reconocer\u00e1n curaciones de patolog\u00edas sin criterios objetivos precisos, como las enfermedades psicol\u00f3gicas, psiqui\u00e1tricas, funcionales, nerviosas, etc. (esto no significa que estas enfermedades no puedan ser curadas, pero en el criterio de la Iglesia, no ser\u00e1n reconocidas como milagros en el estado actual de las cosas).<\/li><li>En cuarto lugar, no debe haber habido ning\u00fan tratamiento al que pueda atribuirse la curaci\u00f3n.<\/li><li>El quinto criterio se refiere al tiempo de la curaci\u00f3n en s\u00ed: la curaci\u00f3n debe ser s\u00fabita, brusca, instant\u00e1nea, inmediata y sin convalecencia..<\/li><li><p class=\"western\" lang=\"es-ES\">Por \u00faltimo, tras la curaci\u00f3n, hay <span style=\"color: #333399;\"><strong>dos criterios m\u00e1s<\/strong><\/span>: no debe tratarse de una simple regresi\u00f3n de los s\u00edntomas, sino de un retorno de todas las funciones vitales y no debe tratarse de una simple remisi\u00f3n, sino de una curaci\u00f3n, es decir, duradera y definitiva.<\/p><\/li><\/ol><p><sup>1 &#8211; El ritual del ba\u00f1o en las piscinas de Lourdes est\u00e1 inscrito en el patrimonio cultural inmaterial.<br \/>2 &#8211; Galer\u00eda de retratos de las 70 personas curadas milagrosamente, en la primera planta del Accueil Jean-Paul II<br \/><\/sup><sup>3 &#8211; Milagro: \u00abUn acontecimiento extraordinario y sobrecogedor fuera del curso habitual de los acontecimientos. Es una manifestaci\u00f3n del poder y la intervenci\u00f3n de Dios que trae una revelaci\u00f3n de su presencia y de la libertad que utiliza para cumplir sus prop\u00f3sitos. El milagro no tiene una finalidad propia, sino que dirige nuestra mirada m\u00e1s all\u00e1 al revelar la presencia inmediata de Dios\u00bb. (Fuente: Conferencia Episcopal Francesa)<br \/>4 &#8211; Estos criterios son los mismos que utiliza la Congregaci\u00f3n para las Causas de los Santos en el Vaticano, que los emplea en el reconocimiento de los milagros en relaci\u00f3n con las beatificaciones y canonizaciones. Fueron definidos por el Cardenal Lambertini (futuro papa Benedicto XIV).<\/sup><\/p>\t\t\t\t\t\t\t\t<\/div>\n\t\t\t\t<\/div>\n\t\t\t\t\t<\/div>\n\t\t<\/div>\n\t\t\t\t\t<\/div>\n\t\t<\/section>\n\t\t\t\t<section class=\"elementor-section elementor-top-section elementor-element elementor-element-b071154 elementor-section-boxed elementor-section-height-default elementor-section-height-default\" data-id=\"b071154\" data-element_type=\"section\">\n\t\t\t\t\t\t<div class=\"elementor-container elementor-column-gap-default\">\n\t\t\t\t\t<div class=\"elementor-column elementor-col-100 elementor-top-column elementor-element elementor-element-5f12d29\" data-id=\"5f12d29\" data-element_type=\"column\">\n\t\t\t<div class=\"elementor-widget-wrap elementor-element-populated\">\n\t\t\t\t\t\t<div class=\"elementor-element elementor-element-8c6c5bb elementor-align-center elementor-widget elementor-widget-button\" data-id=\"8c6c5bb\" data-element_type=\"widget\" data-widget_type=\"button.default\">\n\t\t\t\t<div class=\"elementor-widget-container\">\n\t\t\t\t\t\t\t\t\t<div class=\"elementor-button-wrapper\">\n\t\t\t\t\t<a class=\"elementor-button elementor-button-link elementor-size-sm\" href=\"https:\/\/www.lourdes-france.com\/es\/curaciones-milagrosas\/\" target=\"_blank\">\n\t\t\t\t\t\t<span class=\"elementor-button-content-wrapper\">\n\t\t\t\t\t\t\t\t\t<span class=\"elementor-button-text\">LAS 70 CURACIONES RECONOCIDAS COMO MILAGROSAS POR LA IGLESIA CAT\u00d3LICA<\/span>\n\t\t\t\t\t<\/span>\n\t\t\t\t\t<\/a>\n\t\t\t\t<\/div>\n\t\t\t\t\t\t\t\t<\/div>\n\t\t\t\t<\/div>\n\t\t\t\t<div class=\"elementor-element elementor-element-bcb616a elementor-align-center elementor-widget elementor-widget-button\" data-id=\"bcb616a\" data-element_type=\"widget\" data-widget_type=\"button.default\">\n\t\t\t\t<div class=\"elementor-widget-container\">\n\t\t\t\t\t\t\t\t\t<div class=\"elementor-button-wrapper\">\n\t\t\t\t\t<a class=\"elementor-button elementor-button-link elementor-size-sm\" href=\"https:\/\/www.amilourdes.com\/homepage-fr\/\" target=\"_blank\">\n\t\t\t\t\t\t<span class=\"elementor-button-content-wrapper\">\n\t\t\t\t\t\t\t\t\t<span class=\"elementor-button-text\">ASOCIACI\u00d3N M\u00c9DICA INTERNACIONAL DE LOURDES (AMIL)<\/span>\n\t\t\t\t\t<\/span>\n\t\t\t\t\t<\/a>\n\t\t\t\t<\/div>\n\t\t\t\t\t\t\t\t<\/div>\n\t\t\t\t<\/div>\n\t\t\t\t\t<\/div>\n\t\t<\/div>\n\t\t\t\t\t<\/div>\n\t\t<\/section>\n\t\t\t\t<\/div>\n\t\t","protected":false},"excerpt":{"rendered":"<p>Los milagros de Lourdes Los primeros milagros de Lourdes tuvieron lugar tras las apariciones de la Virgen Mar\u00eda a Bernardita en 1858.Desde entonces, miles de declaraciones de curaci\u00f3n han sido recogidas por una organizaci\u00f3n \u00fanica en el mundo: la Oficina &hellip; <a href=\"https:\/\/www.lourdes-france.org\/es\/los-milagros-de-lourdes\/\">Continuar<\/a><\/p>\n","protected":false},"author":7,"featured_media":0,"parent":0,"menu_order":0,"comment_status":"closed","ping_status":"closed","template":"","meta":{"_acf_changed":false,"footnotes":""},"class_list":["post-866246","page","type-page","status-publish","hentry"],"acf":[],"yoast_head":"<!-- This site is optimized with the Yoast SEO plugin v24.7 - https:\/\/yoast.com\/wordpress\/plugins\/seo\/ -->\n<title>Los milagros de Lourdes<\/title>\n<meta name=\"description\" content=\"Los primeros milagros se produjeron tras las apariciones de la Virgen a Bernardita en 1858, registradas por la Oficina de las constataciones m\u00e9dicas.\" \/>\n<meta name=\"robots\" content=\"index, follow, max-snippet:-1, max-image-preview:large, max-video-preview:-1\" \/>\n<link rel=\"canonical\" href=\"https:\/\/preprod-lourdes.cawita.com\/es\/los-milagros-de-lourdes\/\" \/>\n<meta name=\"twitter:label1\" content=\"Tiempo de lectura\" \/>\n\t<meta name=\"twitter:data1\" content=\"5 minutos\" \/>\n<script type=\"application\/ld+json\" class=\"yoast-schema-graph\">{\"@context\":\"https:\/\/schema.org\",\"@graph\":[{\"@type\":\"WebPage\",\"@id\":\"https:\/\/preprod-lourdes.cawita.com\/es\/los-milagros-de-lourdes\/\",\"url\":\"https:\/\/preprod-lourdes.cawita.com\/es\/los-milagros-de-lourdes\/\",\"name\":\"Los milagros de Lourdes\",\"isPartOf\":{\"@id\":\"https:\/\/preprod-lourdes.cawita.com\/#website\"},\"primaryImageOfPage\":{\"@id\":\"https:\/\/preprod-lourdes.cawita.com\/es\/los-milagros-de-lourdes\/#primaryimage\"},\"image\":{\"@id\":\"https:\/\/preprod-lourdes.cawita.com\/es\/los-milagros-de-lourdes\/#primaryimage\"},\"thumbnailUrl\":\"https:\/\/www.lourdes-france.org\/wp-content\/uploads\/2022\/06\/7-1er_Cas_Louis_Bouriette_recadre-2048x1365.jpg\",\"datePublished\":\"2022-03-24T13:09:09+00:00\",\"dateModified\":\"2022-08-09T09:35:51+00:00\",\"description\":\"Los primeros milagros se produjeron tras las apariciones de la Virgen a Bernardita en 1858, registradas por la Oficina de las constataciones m\u00e9dicas.\",\"breadcrumb\":{\"@id\":\"https:\/\/preprod-lourdes.cawita.com\/es\/los-milagros-de-lourdes\/#breadcrumb\"},\"inLanguage\":\"es\",\"potentialAction\":[{\"@type\":\"ReadAction\",\"target\":[\"https:\/\/preprod-lourdes.cawita.com\/es\/los-milagros-de-lourdes\/\"]}]},{\"@type\":\"ImageObject\",\"inLanguage\":\"es\",\"@id\":\"https:\/\/preprod-lourdes.cawita.com\/es\/los-milagros-de-lourdes\/#primaryimage\",\"url\":\"https:\/\/www.lourdes-france.org\/wp-content\/uploads\/2022\/06\/7-1er_Cas_Louis_Bouriette_recadre-2048x1365.jpg\",\"contentUrl\":\"https:\/\/www.lourdes-france.org\/wp-content\/uploads\/2022\/06\/7-1er_Cas_Louis_Bouriette_recadre-2048x1365.jpg\"},{\"@type\":\"BreadcrumbList\",\"@id\":\"https:\/\/preprod-lourdes.cawita.com\/es\/los-milagros-de-lourdes\/#breadcrumb\",\"itemListElement\":[{\"@type\":\"ListItem\",\"position\":1,\"name\":\"Accueil\",\"item\":\"https:\/\/www.lourdes-france.org\/\"},{\"@type\":\"ListItem\",\"position\":2,\"name\":\"Los milagros de Lourdes\"}]},{\"@type\":\"WebSite\",\"@id\":\"https:\/\/preprod-lourdes.cawita.com\/#website\",\"url\":\"https:\/\/preprod-lourdes.cawita.com\/\",\"name\":\"Soutenir le Sanctuaire Notre-Dame de Lourdes\",\"description\":\"\",\"potentialAction\":[{\"@type\":\"SearchAction\",\"target\":{\"@type\":\"EntryPoint\",\"urlTemplate\":\"https:\/\/preprod-lourdes.cawita.com\/?s={search_term_string}\"},\"query-input\":{\"@type\":\"PropertyValueSpecification\",\"valueRequired\":true,\"valueName\":\"search_term_string\"}}],\"inLanguage\":\"es\"}]}<\/script>\n<!-- \/ Yoast SEO plugin. -->","yoast_head_json":{"title":"Los milagros de Lourdes","description":"Los primeros milagros se produjeron tras las apariciones de la Virgen a Bernardita en 1858, registradas por la Oficina de las constataciones m\u00e9dicas.","robots":{"index":"index","follow":"follow","max-snippet":"max-snippet:-1","max-image-preview":"max-image-preview:large","max-video-preview":"max-video-preview:-1"},"canonical":"https:\/\/preprod-lourdes.cawita.com\/es\/los-milagros-de-lourdes\/","twitter_misc":{"Tiempo de lectura":"5 minutos"},"schema":{"@context":"https:\/\/schema.org","@graph":[{"@type":"WebPage","@id":"https:\/\/preprod-lourdes.cawita.com\/es\/los-milagros-de-lourdes\/","url":"https:\/\/preprod-lourdes.cawita.com\/es\/los-milagros-de-lourdes\/","name":"Los milagros de Lourdes","isPartOf":{"@id":"https:\/\/preprod-lourdes.cawita.com\/#website"},"primaryImageOfPage":{"@id":"https:\/\/preprod-lourdes.cawita.com\/es\/los-milagros-de-lourdes\/#primaryimage"},"image":{"@id":"https:\/\/preprod-lourdes.cawita.com\/es\/los-milagros-de-lourdes\/#primaryimage"},"thumbnailUrl":"https:\/\/www.lourdes-france.org\/wp-content\/uploads\/2022\/06\/7-1er_Cas_Louis_Bouriette_recadre-2048x1365.jpg","datePublished":"2022-03-24T13:09:09+00:00","dateModified":"2022-08-09T09:35:51+00:00","description":"Los primeros milagros se produjeron tras las apariciones de la Virgen a Bernardita en 1858, registradas por la Oficina de las constataciones m\u00e9dicas.","breadcrumb":{"@id":"https:\/\/preprod-lourdes.cawita.com\/es\/los-milagros-de-lourdes\/#breadcrumb"},"inLanguage":"es","potentialAction":[{"@type":"ReadAction","target":["https:\/\/preprod-lourdes.cawita.com\/es\/los-milagros-de-lourdes\/"]}]},{"@type":"ImageObject","inLanguage":"es","@id":"https:\/\/preprod-lourdes.cawita.com\/es\/los-milagros-de-lourdes\/#primaryimage","url":"https:\/\/www.lourdes-france.org\/wp-content\/uploads\/2022\/06\/7-1er_Cas_Louis_Bouriette_recadre-2048x1365.jpg","contentUrl":"https:\/\/www.lourdes-france.org\/wp-content\/uploads\/2022\/06\/7-1er_Cas_Louis_Bouriette_recadre-2048x1365.jpg"},{"@type":"BreadcrumbList","@id":"https:\/\/preprod-lourdes.cawita.com\/es\/los-milagros-de-lourdes\/#breadcrumb","itemListElement":[{"@type":"ListItem","position":1,"name":"Accueil","item":"https:\/\/www.lourdes-france.org\/"},{"@type":"ListItem","position":2,"name":"Los milagros de Lourdes"}]},{"@type":"WebSite","@id":"https:\/\/preprod-lourdes.cawita.com\/#website","url":"https:\/\/preprod-lourdes.cawita.com\/","name":"Soutenir le Sanctuaire Notre-Dame de Lourdes","description":"","potentialAction":[{"@type":"SearchAction","target":{"@type":"EntryPoint","urlTemplate":"https:\/\/preprod-lourdes.cawita.com\/?s={search_term_string}"},"query-input":{"@type":"PropertyValueSpecification","valueRequired":true,"valueName":"search_term_string"}}],"inLanguage":"es"}]}},"_links":{"self":[{"href":"https:\/\/www.lourdes-france.org\/es\/wp-json\/wp\/v2\/pages\/866246","targetHints":{"allow":["GET"]}}],"collection":[{"href":"https:\/\/www.lourdes-france.org\/es\/wp-json\/wp\/v2\/pages"}],"about":[{"href":"https:\/\/www.lourdes-france.org\/es\/wp-json\/wp\/v2\/types\/page"}],"author":[{"embeddable":true,"href":"https:\/\/www.lourdes-france.org\/es\/wp-json\/wp\/v2\/users\/7"}],"replies":[{"embeddable":true,"href":"https:\/\/www.lourdes-france.org\/es\/wp-json\/wp\/v2\/comments?post=866246"}],"version-history":[{"count":23,"href":"https:\/\/www.lourdes-france.org\/es\/wp-json\/wp\/v2\/pages\/866246\/revisions"}],"predecessor-version":[{"id":866277,"href":"https:\/\/www.lourdes-france.org\/es\/wp-json\/wp\/v2\/pages\/866246\/revisions\/866277"}],"wp:attachment":[{"href":"https:\/\/www.lourdes-france.org\/es\/wp-json\/wp\/v2\/media?parent=866246"}],"curies":[{"name":"wp","href":"https:\/\/api.w.org\/{rel}","templated":true}]}}