{"id":866279,"date":"2022-03-21T08:52:41","date_gmt":"2022-03-21T07:52:41","guid":{"rendered":"https:\/\/www.lourdes-france.org\/3-basiliques\/"},"modified":"2022-08-09T11:53:24","modified_gmt":"2022-08-09T09:53:24","slug":"las-3-basilicas","status":"publish","type":"page","link":"https:\/\/www.lourdes-france.org\/es\/las-3-basilicas\/","title":{"rendered":"Las 3 bas\u00edlicas"},"content":{"rendered":"\t\t<div data-elementor-type=\"wp-page\" data-elementor-id=\"866279\" class=\"elementor elementor-866279 elementor-847841\" data-elementor-post-type=\"page\">\n\t\t\t\t\t\t<section class=\"elementor-section elementor-top-section elementor-element elementor-element-4d0742d elementor-section-full_width elementor-section-stretched elementor-section-height-default elementor-section-height-default\" data-id=\"4d0742d\" data-element_type=\"section\" data-settings=\"{&quot;stretch_section&quot;:&quot;section-stretched&quot;}\">\n\t\t\t\t\t\t<div class=\"elementor-container elementor-column-gap-default\">\n\t\t\t\t\t<div class=\"elementor-column elementor-col-100 elementor-top-column elementor-element elementor-element-8602406\" data-id=\"8602406\" data-element_type=\"column\">\n\t\t\t<div class=\"elementor-widget-wrap elementor-element-populated\">\n\t\t\t\t\t\t<div class=\"elementor-element elementor-element-42a3531 elementor-widget elementor-widget-image\" data-id=\"42a3531\" data-element_type=\"widget\" data-widget_type=\"image.default\">\n\t\t\t\t<div class=\"elementor-widget-container\">\n\t\t\t\t\t\t\t\t\t\t\t\t\t\t\t<img fetchpriority=\"high\" decoding=\"async\" width=\"1200\" height=\"800\" src=\"https:\/\/www.lourdes-france.org\/wp-content\/uploads\/2022\/03\/Vignette_3Basiliques_1200x800px-1.jpg\" class=\"attachment-2048x2048 size-2048x2048 wp-image-848150\" alt=\"\" srcset=\"https:\/\/www.lourdes-france.org\/wp-content\/uploads\/2022\/03\/Vignette_3Basiliques_1200x800px-1.jpg 1200w, https:\/\/www.lourdes-france.org\/wp-content\/uploads\/2022\/03\/Vignette_3Basiliques_1200x800px-1-300x200.jpg 300w, https:\/\/www.lourdes-france.org\/wp-content\/uploads\/2022\/03\/Vignette_3Basiliques_1200x800px-1-1024x683.jpg 1024w, https:\/\/www.lourdes-france.org\/wp-content\/uploads\/2022\/03\/Vignette_3Basiliques_1200x800px-1-768x512.jpg 768w\" sizes=\"(max-width: 1200px) 100vw, 1200px\" \/>\t\t\t\t\t\t\t\t\t\t\t\t\t\t\t<\/div>\n\t\t\t\t<\/div>\n\t\t\t\t\t<\/div>\n\t\t<\/div>\n\t\t\t\t\t<\/div>\n\t\t<\/section>\n\t\t\t\t<section class=\"elementor-section elementor-top-section elementor-element elementor-element-154451c elementor-section-boxed elementor-section-height-default elementor-section-height-default\" data-id=\"154451c\" data-element_type=\"section\">\n\t\t\t\t\t\t<div class=\"elementor-container elementor-column-gap-default\">\n\t\t\t\t\t<div class=\"elementor-column elementor-col-100 elementor-top-column elementor-element elementor-element-33f34f2\" data-id=\"33f34f2\" data-element_type=\"column\">\n\t\t\t<div class=\"elementor-widget-wrap elementor-element-populated\">\n\t\t\t\t\t\t<div class=\"elementor-element elementor-element-42807ec elementor-widget elementor-widget-heading\" data-id=\"42807ec\" data-element_type=\"widget\" data-widget_type=\"heading.default\">\n\t\t\t\t<div class=\"elementor-widget-container\">\n\t\t\t\t\t<h1 class=\"elementor-heading-title elementor-size-default\">Las 3 bas\u00edlicas<\/h1>\t\t\t\t<\/div>\n\t\t\t\t<\/div>\n\t\t\t\t\t<\/div>\n\t\t<\/div>\n\t\t\t\t\t<\/div>\n\t\t<\/section>\n\t\t\t\t<section class=\"elementor-section elementor-top-section elementor-element elementor-element-9981047 elementor-section-boxed elementor-section-height-default elementor-section-height-default\" data-id=\"9981047\" data-element_type=\"section\" data-settings=\"{&quot;background_background&quot;:&quot;classic&quot;}\">\n\t\t\t\t\t\t<div class=\"elementor-container elementor-column-gap-default\">\n\t\t\t\t\t<div class=\"elementor-column elementor-col-100 elementor-top-column elementor-element elementor-element-c930aec\" data-id=\"c930aec\" data-element_type=\"column\">\n\t\t\t<div class=\"elementor-widget-wrap elementor-element-populated\">\n\t\t\t\t\t\t<div class=\"elementor-element elementor-element-ccae615 elementor-widget elementor-widget-text-editor\" data-id=\"ccae615\" data-element_type=\"widget\" data-widget_type=\"text-editor.default\">\n\t\t\t\t<div class=\"elementor-widget-container\">\n\t\t\t\t\t\t\t\t\t<h5>El recinto del santuario abarca 53 hect\u00e1reas y cuenta con 22 lugares de culto. Se celebran cada a\u00f1o unas 10.000 misas. El nombre de \u00abbas\u00edlica\u00bb dado a una iglesia es un honor, un privilegio, una distinci\u00f3n otorgada por el Papa y que coloca a esta iglesia bajo la protecci\u00f3n de la Santa Sede Apost\u00f3lica. Entrando en el Santuario por la puerta de San Miguel, se encuentran las dos primeras bas\u00edlicas. La primera capilla, pedida por la Virgen Mar\u00eda durante la 13\u00aa aparici\u00f3n, es la bas\u00edlica de la Inmaculada Concepci\u00f3n. Domina la bas\u00edlica de Nuestra Se\u00f1ora del Rosario. La tercera bas\u00edlica es subterr\u00e1nea. Se extiende a lo largo de la gran explanada de las procesiones. Cada bas\u00edlica ha sido construida para acoger al creciente n\u00famero de peregrinos: desde las apariciones hasta principios de los a\u00f1os sesenta. Cada una tiene una arquitectura particular y \u00fanica y est\u00e1 decorada con arte propio.<\/h5>\t\t\t\t\t\t\t\t<\/div>\n\t\t\t\t<\/div>\n\t\t\t\t\t<\/div>\n\t\t<\/div>\n\t\t\t\t\t<\/div>\n\t\t<\/section>\n\t\t\t\t<section class=\"elementor-section elementor-top-section elementor-element elementor-element-2e7b622 elementor-section-content-middle elementor-section-boxed elementor-section-height-default elementor-section-height-default\" data-id=\"2e7b622\" data-element_type=\"section\">\n\t\t\t\t\t\t<div class=\"elementor-container elementor-column-gap-no\">\n\t\t\t\t\t<div class=\"elementor-column elementor-col-50 elementor-top-column elementor-element elementor-element-41a3fff\" data-id=\"41a3fff\" data-element_type=\"column\">\n\t\t\t<div class=\"elementor-widget-wrap elementor-element-populated\">\n\t\t\t\t\t\t<div class=\"elementor-element elementor-element-5000007 elementor-widget elementor-widget-text-editor\" data-id=\"5000007\" data-element_type=\"widget\" data-widget_type=\"text-editor.default\">\n\t\t\t\t<div class=\"elementor-widget-container\">\n\t\t\t\t\t\t\t\t\t<h2 style=\"text-align: left;\">La bas\u00edlica de la Inmaculada Concepci\u00f3n<\/h2><p style=\"text-align: left;\">Iniciada en 1866, es la capilla pedida por la Virgen Mar\u00eda durante la 13\u00aa aparici\u00f3n: \u00abVaya a decir a los sacerdotes que se construya aqu\u00ed una capilla y se venga en procesi\u00f3n\u00bb.<br \/>Lleva el nombre revelado por la Virgen a Bernardita: \u00ab<em>Que soy era Immaculada Councepciou<\/em>\u00bb.<\/p><ul><li style=\"text-align: left;\"><b>FICHA T\u00c9CNICA<br \/><\/b>Estilo: neog\u00f3tico<br \/>Arquitecto: Hippolyte Durand<br \/>Bendici\u00f3n: 15 de agosto de 1871<br \/>Consagraci\u00f3n: 1 de julio de 1876<br \/>Dimensiones: 51 metros de largo, 21 metros de ancho y 70 metros de alto hasta la punta de la aguja.<br \/>Arte espec\u00edfico: vitrales<br \/>42 ventanas con una superficie de 150 m\u00b2.<br \/>Los vitrales detallan las apariciones, la historia de Lourdes y de la Iglesia.<\/li><\/ul>\t\t\t\t\t\t\t\t<\/div>\n\t\t\t\t<\/div>\n\t\t\t\t\t<\/div>\n\t\t<\/div>\n\t\t\t\t<div class=\"elementor-column elementor-col-50 elementor-top-column elementor-element elementor-element-85e5332\" data-id=\"85e5332\" data-element_type=\"column\">\n\t\t\t<div class=\"elementor-widget-wrap elementor-element-populated\">\n\t\t\t\t\t\t<div class=\"elementor-element elementor-element-a65030e e-transform elementor-widget elementor-widget-image\" data-id=\"a65030e\" data-element_type=\"widget\" data-settings=\"{&quot;_transform_skewX_effect&quot;:{&quot;unit&quot;:&quot;px&quot;,&quot;size&quot;:&quot;&quot;,&quot;sizes&quot;:[]},&quot;_transform_skewX_effect_tablet&quot;:{&quot;unit&quot;:&quot;deg&quot;,&quot;size&quot;:&quot;&quot;,&quot;sizes&quot;:[]},&quot;_transform_skewX_effect_mobile&quot;:{&quot;unit&quot;:&quot;deg&quot;,&quot;size&quot;:&quot;&quot;,&quot;sizes&quot;:[]},&quot;_transform_skewY_effect&quot;:{&quot;unit&quot;:&quot;px&quot;,&quot;size&quot;:&quot;&quot;,&quot;sizes&quot;:[]},&quot;_transform_skewY_effect_tablet&quot;:{&quot;unit&quot;:&quot;deg&quot;,&quot;size&quot;:&quot;&quot;,&quot;sizes&quot;:[]},&quot;_transform_skewY_effect_mobile&quot;:{&quot;unit&quot;:&quot;deg&quot;,&quot;size&quot;:&quot;&quot;,&quot;sizes&quot;:[]}}\" data-widget_type=\"image.default\">\n\t\t\t\t<div class=\"elementor-widget-container\">\n\t\t\t\t\t\t\t\t\t\t\t\t\t\t\t<img decoding=\"async\" width=\"1024\" height=\"683\" src=\"https:\/\/www.lourdes-france.org\/wp-content\/uploads\/2022\/08\/21_-2707-BIC-21_redimensionner_redimensionner-1024x683.jpg\" class=\"attachment-large size-large wp-image-865824\" alt=\"\" srcset=\"https:\/\/www.lourdes-france.org\/wp-content\/uploads\/2022\/08\/21_-2707-BIC-21_redimensionner_redimensionner-1024x683.jpg 1024w, https:\/\/www.lourdes-france.org\/wp-content\/uploads\/2022\/08\/21_-2707-BIC-21_redimensionner_redimensionner-300x200.jpg 300w, https:\/\/www.lourdes-france.org\/wp-content\/uploads\/2022\/08\/21_-2707-BIC-21_redimensionner_redimensionner-768x512.jpg 768w, https:\/\/www.lourdes-france.org\/wp-content\/uploads\/2022\/08\/21_-2707-BIC-21_redimensionner_redimensionner-1536x1024.jpg 1536w, https:\/\/www.lourdes-france.org\/wp-content\/uploads\/2022\/08\/21_-2707-BIC-21_redimensionner_redimensionner.jpg 1680w\" sizes=\"(max-width: 1024px) 100vw, 1024px\" \/>\t\t\t\t\t\t\t\t\t\t\t\t\t\t\t<\/div>\n\t\t\t\t<\/div>\n\t\t\t\t\t<\/div>\n\t\t<\/div>\n\t\t\t\t\t<\/div>\n\t\t<\/section>\n\t\t\t\t<section class=\"elementor-section elementor-top-section elementor-element elementor-element-848aa2b elementor-section-content-middle elementor-section-boxed elementor-section-height-default elementor-section-height-default\" data-id=\"848aa2b\" data-element_type=\"section\">\n\t\t\t\t\t\t<div class=\"elementor-container elementor-column-gap-no\">\n\t\t\t\t\t<div class=\"elementor-column elementor-col-50 elementor-top-column elementor-element elementor-element-1ff6c1c\" data-id=\"1ff6c1c\" data-element_type=\"column\">\n\t\t\t<div class=\"elementor-widget-wrap elementor-element-populated\">\n\t\t\t\t\t\t<div class=\"elementor-element elementor-element-b4bbfc5 elementor-widget elementor-widget-text-editor\" data-id=\"b4bbfc5\" data-element_type=\"widget\" data-widget_type=\"text-editor.default\">\n\t\t\t\t<div class=\"elementor-widget-container\">\n\t\t\t\t\t\t\t\t\t<h2>La bas\u00edlica de Nuestra Se\u00f1ora del Rosario<\/h2><ul><li><b>FICHA T\u00c9CNICA<br \/><\/b>Estilo: rom\u00e1nico-bizantino, planta de cruz griega<br \/>Arquitecto: L\u00e9opold Hardy<br \/>Bendici\u00f3n: 7 de agosto de 1889<br \/>Consagraci\u00f3n: 6 de octubre de 1901<br \/>Arte espec\u00edfico: los mosaicos que representan los misterios del Rosario.<br \/>En el interior: 2.000 m\u00b2 de mosaicos realizados por el taller italiano Facchina, bas\u00e1ndose en los dibujos de muchos artistas.<br \/>Exterior: los misterios luminosos, a\u00f1adidos en 2008, son obra del padre Marko Ivan Rupnik.<\/li><\/ul>\t\t\t\t\t\t\t\t<\/div>\n\t\t\t\t<\/div>\n\t\t\t\t\t<\/div>\n\t\t<\/div>\n\t\t\t\t<div class=\"elementor-column elementor-col-50 elementor-top-column elementor-element elementor-element-9a76d66\" data-id=\"9a76d66\" data-element_type=\"column\">\n\t\t\t<div class=\"elementor-widget-wrap elementor-element-populated\">\n\t\t\t\t\t\t<div class=\"elementor-element elementor-element-3ca9142 elementor-widget elementor-widget-image\" data-id=\"3ca9142\" data-element_type=\"widget\" data-widget_type=\"image.default\">\n\t\t\t\t<div class=\"elementor-widget-container\">\n\t\t\t\t\t\t\t\t\t\t\t\t\t\t\t<img decoding=\"async\" width=\"1024\" height=\"682\" src=\"https:\/\/www.lourdes-france.org\/wp-content\/uploads\/2022\/08\/chur_du_rosaire1_redimensionner-1024x682.jpg\" class=\"attachment-large size-large wp-image-865818\" alt=\"\" srcset=\"https:\/\/www.lourdes-france.org\/wp-content\/uploads\/2022\/08\/chur_du_rosaire1_redimensionner-1024x682.jpg 1024w, https:\/\/www.lourdes-france.org\/wp-content\/uploads\/2022\/08\/chur_du_rosaire1_redimensionner-300x200.jpg 300w, https:\/\/www.lourdes-france.org\/wp-content\/uploads\/2022\/08\/chur_du_rosaire1_redimensionner-768x512.jpg 768w, https:\/\/www.lourdes-france.org\/wp-content\/uploads\/2022\/08\/chur_du_rosaire1_redimensionner-1536x1024.jpg 1536w, https:\/\/www.lourdes-france.org\/wp-content\/uploads\/2022\/08\/chur_du_rosaire1_redimensionner.jpg 1880w\" sizes=\"(max-width: 1024px) 100vw, 1024px\" \/>\t\t\t\t\t\t\t\t\t\t\t\t\t\t\t<\/div>\n\t\t\t\t<\/div>\n\t\t\t\t\t<\/div>\n\t\t<\/div>\n\t\t\t\t\t<\/div>\n\t\t<\/section>\n\t\t\t\t<section class=\"elementor-section elementor-top-section elementor-element elementor-element-efac966 elementor-section-content-middle elementor-section-boxed elementor-section-height-default elementor-section-height-default\" data-id=\"efac966\" data-element_type=\"section\">\n\t\t\t\t\t\t<div class=\"elementor-container elementor-column-gap-no\">\n\t\t\t\t\t<div class=\"elementor-column elementor-col-50 elementor-top-column elementor-element elementor-element-30837e7\" data-id=\"30837e7\" data-element_type=\"column\">\n\t\t\t<div class=\"elementor-widget-wrap elementor-element-populated\">\n\t\t\t\t\t\t<div class=\"elementor-element elementor-element-0c76bec elementor-widget elementor-widget-text-editor\" data-id=\"0c76bec\" data-element_type=\"widget\" data-widget_type=\"text-editor.default\">\n\t\t\t\t<div class=\"elementor-widget-container\">\n\t\t\t\t\t\t\t\t\t<h2 style=\"text-align: left;\">La bas\u00edlica de San P\u00edo X<\/h2><p style=\"text-align: left;\">Inaugurada en 1958 para el centenario de las apariciones, esta bas\u00edlica subterr\u00e1nea es una proeza arquitect\u00f3nica por sus dimensiones, sus formas modernas que no se parecen a ning\u00fan otro edificio religioso contempor\u00e1neo gracias a medios modernos como el hormig\u00f3n pretensado.<br \/>Es el lugar donde se celebran las misas internacionales, los grandes encuentros, la adoraci\u00f3n del Sant\u00edsimo y la bendici\u00f3n de los enfermos al final de cada procesi\u00f3n eucar\u00edstica.<\/p><ul><li style=\"text-align: left;\"><b>FICHA T\u00c9CNICA<br \/><\/b>Estilo: forma de barco el\u00edptico o invertido, en hormig\u00f3n pretensado<br \/>Arquitecto: Pierre Vago<br \/>Ingeniero: Eug\u00e8ne Freyssinet<br \/>Consagraci\u00f3n: 25 de marzo de 1958 (100 a\u00f1os de las apariciones)<br \/>Dimensiones: 12.000 m\u00b2, 201 metros de largo y 81 metros de ancho<br \/>Capacidad: 5.000 asientos; 20.000 plazas en total<br \/>Arte espec\u00edfico: <em>gemmail<\/em><br \/>Esta t\u00e9cnica, conocida como \u00abarte de la luz\u00bb, fue iniciada despu\u00e9s de la Segunda Guerra Mundial por Jean Crotti y desarrollada por Roger Malherbe-Navarre.<br \/>Los 52 <em>gemmails<\/em> se dividen en 3 ciclos:<br \/>&#8211; Viacrucis de Denys Sol\u00e8re (1981)<br \/>&#8211; Misterios del Rosario de Falcucci (1987)<br \/>&#8211; Apariciones de Massabielle de Margotton (1993)<br \/>+ algunas piezas aisladas<\/li><\/ul>\t\t\t\t\t\t\t\t<\/div>\n\t\t\t\t<\/div>\n\t\t\t\t\t<\/div>\n\t\t<\/div>\n\t\t\t\t<div class=\"elementor-column elementor-col-50 elementor-top-column elementor-element elementor-element-2a882fe\" data-id=\"2a882fe\" data-element_type=\"column\">\n\t\t\t<div class=\"elementor-widget-wrap elementor-element-populated\">\n\t\t\t\t\t\t<div class=\"elementor-element elementor-element-33903c5 elementor-widget__width-inherit elementor-widget elementor-widget-image\" data-id=\"33903c5\" data-element_type=\"widget\" data-widget_type=\"image.default\">\n\t\t\t\t<div class=\"elementor-widget-container\">\n\t\t\t\t\t\t\t\t\t\t\t\t\t\t\t<img loading=\"lazy\" decoding=\"async\" width=\"1024\" height=\"576\" src=\"https:\/\/www.lourdes-france.org\/wp-content\/uploads\/2022\/08\/basilique_St_Pie_X_vide_redimensionner-1024x576.jpg\" class=\"attachment-large size-large wp-image-865812\" alt=\"\" srcset=\"https:\/\/www.lourdes-france.org\/wp-content\/uploads\/2022\/08\/basilique_St_Pie_X_vide_redimensionner-1024x576.jpg 1024w, https:\/\/www.lourdes-france.org\/wp-content\/uploads\/2022\/08\/basilique_St_Pie_X_vide_redimensionner-300x169.jpg 300w, https:\/\/www.lourdes-france.org\/wp-content\/uploads\/2022\/08\/basilique_St_Pie_X_vide_redimensionner-768x432.jpg 768w, https:\/\/www.lourdes-france.org\/wp-content\/uploads\/2022\/08\/basilique_St_Pie_X_vide_redimensionner-1536x864.jpg 1536w, https:\/\/www.lourdes-france.org\/wp-content\/uploads\/2022\/08\/basilique_St_Pie_X_vide_redimensionner.jpg 1944w\" sizes=\"(max-width: 1024px) 100vw, 1024px\" \/>\t\t\t\t\t\t\t\t\t\t\t\t\t\t\t<\/div>\n\t\t\t\t<\/div>\n\t\t\t\t\t<\/div>\n\t\t<\/div>\n\t\t\t\t\t<\/div>\n\t\t<\/section>\n\t\t\t\t<section class=\"elementor-section elementor-top-section elementor-element elementor-element-4dcbce5 elementor-section-boxed elementor-section-height-default elementor-section-height-default\" data-id=\"4dcbce5\" data-element_type=\"section\">\n\t\t\t\t\t\t<div class=\"elementor-container elementor-column-gap-default\">\n\t\t\t\t\t<div class=\"elementor-column elementor-col-100 elementor-top-column elementor-element elementor-element-e13b07f\" data-id=\"e13b07f\" data-element_type=\"column\">\n\t\t\t<div class=\"elementor-widget-wrap elementor-element-populated\">\n\t\t\t\t\t\t<div class=\"elementor-element elementor-element-fe87a80 elementor-align-center elementor-widget elementor-widget-button\" data-id=\"fe87a80\" data-element_type=\"widget\" data-widget_type=\"button.default\">\n\t\t\t\t<div class=\"elementor-widget-container\">\n\t\t\t\t\t\t\t\t\t<div class=\"elementor-button-wrapper\">\n\t\t\t\t\t<a class=\"elementor-button elementor-button-link elementor-size-sm\" href=\"\/horaires\/\">\n\t\t\t\t\t\t<span class=\"elementor-button-content-wrapper\">\n\t\t\t\t\t\t<span class=\"elementor-button-icon\">\n\t\t\t\t<i aria-hidden=\"true\" class=\"far fa-calendar-alt\"><\/i>\t\t\t<\/span>\n\t\t\t\t\t\t\t\t\t<span class=\"elementor-button-text\">HORARIOS DE LAS CELEBRACIONES DEL SANTUARIO<\/span>\n\t\t\t\t\t<\/span>\n\t\t\t\t\t<\/a>\n\t\t\t\t<\/div>\n\t\t\t\t\t\t\t\t<\/div>\n\t\t\t\t<\/div>\n\t\t\t\t\t<\/div>\n\t\t<\/div>\n\t\t\t\t\t<\/div>\n\t\t<\/section>\n\t\t\t\t<\/div>\n\t\t","protected":false},"excerpt":{"rendered":"<p>Las 3 bas\u00edlicas El recinto del santuario abarca 53 hect\u00e1reas y cuenta con 22 lugares de culto. Se celebran cada a\u00f1o unas 10.000 misas. El nombre de \u00abbas\u00edlica\u00bb dado a una iglesia es un honor, un privilegio, una distinci\u00f3n otorgada &hellip; <a href=\"https:\/\/www.lourdes-france.org\/es\/las-3-basilicas\/\">Continuar<\/a><\/p>\n","protected":false},"author":7,"featured_media":0,"parent":0,"menu_order":0,"comment_status":"closed","ping_status":"closed","template":"","meta":{"_acf_changed":false,"footnotes":""},"class_list":["post-866279","page","type-page","status-publish","hentry"],"acf":[],"yoast_head":"<!-- This site is optimized with the Yoast SEO plugin v24.7 - https:\/\/yoast.com\/wordpress\/plugins\/seo\/ -->\n<title>Las 3 bas\u00edlicas<\/title>\n<meta name=\"description\" content=\"El nombre de \u00abbas\u00edlica\u00bb dado a una iglesia es una distinci\u00f3n otorgada por el Papa y que coloca a esta iglesia bajo la protecci\u00f3n de la Santa Sede.\" \/>\n<meta name=\"robots\" content=\"index, follow, max-snippet:-1, max-image-preview:large, max-video-preview:-1\" \/>\n<link rel=\"canonical\" href=\"https:\/\/preprod-lourdes.cawita.com\/es\/las-3-basilicas\/\" \/>\n<meta name=\"twitter:label1\" content=\"Tiempo de lectura\" \/>\n\t<meta name=\"twitter:data1\" content=\"4 minutos\" \/>\n<script type=\"application\/ld+json\" class=\"yoast-schema-graph\">{\"@context\":\"https:\/\/schema.org\",\"@graph\":[{\"@type\":\"WebPage\",\"@id\":\"https:\/\/preprod-lourdes.cawita.com\/es\/las-3-basilicas\/\",\"url\":\"https:\/\/preprod-lourdes.cawita.com\/es\/las-3-basilicas\/\",\"name\":\"Las 3 bas\u00edlicas\",\"isPartOf\":{\"@id\":\"https:\/\/preprod-lourdes.cawita.com\/#website\"},\"primaryImageOfPage\":{\"@id\":\"https:\/\/preprod-lourdes.cawita.com\/es\/las-3-basilicas\/#primaryimage\"},\"image\":{\"@id\":\"https:\/\/preprod-lourdes.cawita.com\/es\/las-3-basilicas\/#primaryimage\"},\"thumbnailUrl\":\"https:\/\/www.lourdes-france.org\/wp-content\/uploads\/2022\/03\/Vignette_3Basiliques_1200x800px-1.jpg\",\"datePublished\":\"2022-03-21T07:52:41+00:00\",\"dateModified\":\"2022-08-09T09:53:24+00:00\",\"description\":\"El nombre de \u00abbas\u00edlica\u00bb dado a una iglesia es una distinci\u00f3n otorgada por el Papa y que coloca a esta iglesia bajo la protecci\u00f3n de la Santa Sede.\",\"breadcrumb\":{\"@id\":\"https:\/\/preprod-lourdes.cawita.com\/es\/las-3-basilicas\/#breadcrumb\"},\"inLanguage\":\"es\",\"potentialAction\":[{\"@type\":\"ReadAction\",\"target\":[\"https:\/\/preprod-lourdes.cawita.com\/es\/las-3-basilicas\/\"]}]},{\"@type\":\"ImageObject\",\"inLanguage\":\"es\",\"@id\":\"https:\/\/preprod-lourdes.cawita.com\/es\/las-3-basilicas\/#primaryimage\",\"url\":\"https:\/\/www.lourdes-france.org\/wp-content\/uploads\/2022\/03\/Vignette_3Basiliques_1200x800px-1.jpg\",\"contentUrl\":\"https:\/\/www.lourdes-france.org\/wp-content\/uploads\/2022\/03\/Vignette_3Basiliques_1200x800px-1.jpg\"},{\"@type\":\"BreadcrumbList\",\"@id\":\"https:\/\/preprod-lourdes.cawita.com\/es\/las-3-basilicas\/#breadcrumb\",\"itemListElement\":[{\"@type\":\"ListItem\",\"position\":1,\"name\":\"Accueil\",\"item\":\"https:\/\/www.lourdes-france.org\/\"},{\"@type\":\"ListItem\",\"position\":2,\"name\":\"Las 3 bas\u00edlicas\"}]},{\"@type\":\"WebSite\",\"@id\":\"https:\/\/preprod-lourdes.cawita.com\/#website\",\"url\":\"https:\/\/preprod-lourdes.cawita.com\/\",\"name\":\"Soutenir le Sanctuaire Notre-Dame de Lourdes\",\"description\":\"\",\"potentialAction\":[{\"@type\":\"SearchAction\",\"target\":{\"@type\":\"EntryPoint\",\"urlTemplate\":\"https:\/\/preprod-lourdes.cawita.com\/?s={search_term_string}\"},\"query-input\":{\"@type\":\"PropertyValueSpecification\",\"valueRequired\":true,\"valueName\":\"search_term_string\"}}],\"inLanguage\":\"es\"}]}<\/script>\n<!-- \/ Yoast SEO plugin. -->","yoast_head_json":{"title":"Las 3 bas\u00edlicas","description":"El nombre de \u00abbas\u00edlica\u00bb dado a una iglesia es una distinci\u00f3n otorgada por el Papa y que coloca a esta iglesia bajo la protecci\u00f3n de la Santa Sede.","robots":{"index":"index","follow":"follow","max-snippet":"max-snippet:-1","max-image-preview":"max-image-preview:large","max-video-preview":"max-video-preview:-1"},"canonical":"https:\/\/preprod-lourdes.cawita.com\/es\/las-3-basilicas\/","twitter_misc":{"Tiempo de lectura":"4 minutos"},"schema":{"@context":"https:\/\/schema.org","@graph":[{"@type":"WebPage","@id":"https:\/\/preprod-lourdes.cawita.com\/es\/las-3-basilicas\/","url":"https:\/\/preprod-lourdes.cawita.com\/es\/las-3-basilicas\/","name":"Las 3 bas\u00edlicas","isPartOf":{"@id":"https:\/\/preprod-lourdes.cawita.com\/#website"},"primaryImageOfPage":{"@id":"https:\/\/preprod-lourdes.cawita.com\/es\/las-3-basilicas\/#primaryimage"},"image":{"@id":"https:\/\/preprod-lourdes.cawita.com\/es\/las-3-basilicas\/#primaryimage"},"thumbnailUrl":"https:\/\/www.lourdes-france.org\/wp-content\/uploads\/2022\/03\/Vignette_3Basiliques_1200x800px-1.jpg","datePublished":"2022-03-21T07:52:41+00:00","dateModified":"2022-08-09T09:53:24+00:00","description":"El nombre de \u00abbas\u00edlica\u00bb dado a una iglesia es una distinci\u00f3n otorgada por el Papa y que coloca a esta iglesia bajo la protecci\u00f3n de la Santa Sede.","breadcrumb":{"@id":"https:\/\/preprod-lourdes.cawita.com\/es\/las-3-basilicas\/#breadcrumb"},"inLanguage":"es","potentialAction":[{"@type":"ReadAction","target":["https:\/\/preprod-lourdes.cawita.com\/es\/las-3-basilicas\/"]}]},{"@type":"ImageObject","inLanguage":"es","@id":"https:\/\/preprod-lourdes.cawita.com\/es\/las-3-basilicas\/#primaryimage","url":"https:\/\/www.lourdes-france.org\/wp-content\/uploads\/2022\/03\/Vignette_3Basiliques_1200x800px-1.jpg","contentUrl":"https:\/\/www.lourdes-france.org\/wp-content\/uploads\/2022\/03\/Vignette_3Basiliques_1200x800px-1.jpg"},{"@type":"BreadcrumbList","@id":"https:\/\/preprod-lourdes.cawita.com\/es\/las-3-basilicas\/#breadcrumb","itemListElement":[{"@type":"ListItem","position":1,"name":"Accueil","item":"https:\/\/www.lourdes-france.org\/"},{"@type":"ListItem","position":2,"name":"Las 3 bas\u00edlicas"}]},{"@type":"WebSite","@id":"https:\/\/preprod-lourdes.cawita.com\/#website","url":"https:\/\/preprod-lourdes.cawita.com\/","name":"Soutenir le Sanctuaire Notre-Dame de Lourdes","description":"","potentialAction":[{"@type":"SearchAction","target":{"@type":"EntryPoint","urlTemplate":"https:\/\/preprod-lourdes.cawita.com\/?s={search_term_string}"},"query-input":{"@type":"PropertyValueSpecification","valueRequired":true,"valueName":"search_term_string"}}],"inLanguage":"es"}]}},"_links":{"self":[{"href":"https:\/\/www.lourdes-france.org\/es\/wp-json\/wp\/v2\/pages\/866279","targetHints":{"allow":["GET"]}}],"collection":[{"href":"https:\/\/www.lourdes-france.org\/es\/wp-json\/wp\/v2\/pages"}],"about":[{"href":"https:\/\/www.lourdes-france.org\/es\/wp-json\/wp\/v2\/types\/page"}],"author":[{"embeddable":true,"href":"https:\/\/www.lourdes-france.org\/es\/wp-json\/wp\/v2\/users\/7"}],"replies":[{"embeddable":true,"href":"https:\/\/www.lourdes-france.org\/es\/wp-json\/wp\/v2\/comments?post=866279"}],"version-history":[{"count":10,"href":"https:\/\/www.lourdes-france.org\/es\/wp-json\/wp\/v2\/pages\/866279\/revisions"}],"predecessor-version":[{"id":866290,"href":"https:\/\/www.lourdes-france.org\/es\/wp-json\/wp\/v2\/pages\/866279\/revisions\/866290"}],"wp:attachment":[{"href":"https:\/\/www.lourdes-france.org\/es\/wp-json\/wp\/v2\/media?parent=866279"}],"curies":[{"name":"wp","href":"https:\/\/api.w.org\/{rel}","templated":true}]}}