{"id":866368,"date":"2022-03-25T14:25:45","date_gmt":"2022-03-25T13:25:45","guid":{"rendered":"https:\/\/www.lourdes-france.org\/la-frequentation-en-lourdes\/"},"modified":"2024-06-20T08:46:03","modified_gmt":"2024-06-20T06:46:03","slug":"la-asistencia-a-lourdes","status":"publish","type":"page","link":"https:\/\/www.lourdes-france.org\/es\/la-asistencia-a-lourdes\/","title":{"rendered":"La asistencia a Lourdes"},"content":{"rendered":"\t\t<div data-elementor-type=\"wp-page\" data-elementor-id=\"866368\" class=\"elementor elementor-866368\" data-elementor-post-type=\"page\">\n\t\t\t\t\t\t<section class=\"elementor-section elementor-top-section elementor-element elementor-element-12755932 elementor-section-full_width elementor-section-stretched elementor-section-height-default elementor-section-height-default\" data-id=\"12755932\" data-element_type=\"section\" data-settings=\"{&quot;stretch_section&quot;:&quot;section-stretched&quot;}\">\n\t\t\t\t\t\t<div class=\"elementor-container elementor-column-gap-default\">\n\t\t\t\t\t<div class=\"elementor-column elementor-col-100 elementor-top-column elementor-element elementor-element-66375c47\" data-id=\"66375c47\" data-element_type=\"column\">\n\t\t\t<div class=\"elementor-widget-wrap elementor-element-populated\">\n\t\t\t\t\t\t<div class=\"elementor-element elementor-element-79dde582 elementor-widget elementor-widget-image\" data-id=\"79dde582\" data-element_type=\"widget\" data-widget_type=\"image.default\">\n\t\t\t\t<div class=\"elementor-widget-container\">\n\t\t\t\t\t\t\t\t\t\t\t\t\t\t\t<img fetchpriority=\"high\" decoding=\"async\" width=\"2048\" height=\"1365\" src=\"https:\/\/www.lourdes-france.org\/wp-content\/uploads\/2022\/08\/8_AOUT_redimensionner-2048x1365.jpg\" class=\"attachment-2048x2048 size-2048x2048 wp-image-865686\" alt=\"\" srcset=\"https:\/\/www.lourdes-france.org\/wp-content\/uploads\/2022\/08\/8_AOUT_redimensionner-2048x1365.jpg 2048w, https:\/\/www.lourdes-france.org\/wp-content\/uploads\/2022\/08\/8_AOUT_redimensionner-300x200.jpg 300w, https:\/\/www.lourdes-france.org\/wp-content\/uploads\/2022\/08\/8_AOUT_redimensionner-1024x683.jpg 1024w, https:\/\/www.lourdes-france.org\/wp-content\/uploads\/2022\/08\/8_AOUT_redimensionner-768x512.jpg 768w, https:\/\/www.lourdes-france.org\/wp-content\/uploads\/2022\/08\/8_AOUT_redimensionner-1536x1024.jpg 1536w\" sizes=\"(max-width: 2048px) 100vw, 2048px\" \/>\t\t\t\t\t\t\t\t\t\t\t\t\t\t\t<\/div>\n\t\t\t\t<\/div>\n\t\t\t\t\t<\/div>\n\t\t<\/div>\n\t\t\t\t\t<\/div>\n\t\t<\/section>\n\t\t\t\t<section class=\"elementor-section elementor-top-section elementor-element elementor-element-604e8393 elementor-section-boxed elementor-section-height-default elementor-section-height-default\" data-id=\"604e8393\" data-element_type=\"section\">\n\t\t\t\t\t\t<div class=\"elementor-container elementor-column-gap-default\">\n\t\t\t\t\t<div class=\"elementor-column elementor-col-100 elementor-top-column elementor-element elementor-element-5c698f1a\" data-id=\"5c698f1a\" data-element_type=\"column\">\n\t\t\t<div class=\"elementor-widget-wrap elementor-element-populated\">\n\t\t\t\t\t\t<div class=\"elementor-element elementor-element-17c5882d elementor-widget elementor-widget-heading\" data-id=\"17c5882d\" data-element_type=\"widget\" data-widget_type=\"heading.default\">\n\t\t\t\t<div class=\"elementor-widget-container\">\n\t\t\t\t\t<h1 class=\"elementor-heading-title elementor-size-default\">La asistencia a Lourdes<\/h1>\t\t\t\t<\/div>\n\t\t\t\t<\/div>\n\t\t\t\t\t<\/div>\n\t\t<\/div>\n\t\t\t\t\t<\/div>\n\t\t<\/section>\n\t\t\t\t<section class=\"elementor-section elementor-top-section elementor-element elementor-element-8db6127 elementor-section-boxed elementor-section-height-default elementor-section-height-default\" data-id=\"8db6127\" data-element_type=\"section\" data-settings=\"{&quot;background_background&quot;:&quot;classic&quot;}\">\n\t\t\t\t\t\t<div class=\"elementor-container elementor-column-gap-default\">\n\t\t\t\t\t<div class=\"elementor-column elementor-col-100 elementor-top-column elementor-element elementor-element-d68f7bc\" data-id=\"d68f7bc\" data-element_type=\"column\">\n\t\t\t<div class=\"elementor-widget-wrap elementor-element-populated\">\n\t\t\t\t\t\t<div class=\"elementor-element elementor-element-8b77cba elementor-widget elementor-widget-text-editor\" data-id=\"8b77cba\" data-element_type=\"widget\" data-widget_type=\"text-editor.default\">\n\t\t\t\t<div class=\"elementor-widget-container\">\n\t\t\t\t\t\t\t\t\t<h5>Lourdes es un santuario internacional desde su creaci\u00f3n. Tanto si viene en peregrinaci\u00f3n como para una visita de unas horas, el Santuario de Nuestra Se\u00f1ora de Lourdes es un lugar de encuentro abierto a todos.<br \/>El Santuario no es un simple edificio hist\u00f3rico que hay que conservar; es un lugar vivo que se transforma a\u00f1o tras a\u00f1o para acoger mejor a los peregrinos y ayudarles a descubrir la universalidad del Mensaje de Lourdes.<\/h5>\t\t\t\t\t\t\t\t<\/div>\n\t\t\t\t<\/div>\n\t\t\t\t\t<\/div>\n\t\t<\/div>\n\t\t\t\t\t<\/div>\n\t\t<\/section>\n\t\t\t\t<section class=\"elementor-section elementor-top-section elementor-element elementor-element-d58d35a elementor-section-boxed elementor-section-height-default elementor-section-height-default\" data-id=\"d58d35a\" data-element_type=\"section\">\n\t\t\t\t\t\t<div class=\"elementor-container elementor-column-gap-default\">\n\t\t\t\t\t<div class=\"elementor-column elementor-col-100 elementor-top-column elementor-element elementor-element-ed7e4ed\" data-id=\"ed7e4ed\" data-element_type=\"column\">\n\t\t\t<div class=\"elementor-widget-wrap elementor-element-populated\">\n\t\t\t\t\t\t<div class=\"elementor-element elementor-element-99bc134 elementor-widget elementor-widget-text-editor\" data-id=\"99bc134\" data-element_type=\"widget\" data-widget_type=\"text-editor.default\">\n\t\t\t\t<div class=\"elementor-widget-container\">\n\t\t\t\t\t\t\t\t\t<h2 style=\"text-align: left;\">El mundo entero viene a Lourdes<\/h2><p>Desde que se produjeron las apariciones en 1858, multitudes han acudido a la Gruta de Massabielle en torno a la peque\u00f1a Bernardita Soubirous.<br \/>La primera peregrinaci\u00f3n procedente del extranjero tuvo lugar en 1874: la peregrinaci\u00f3n nacional belga reuni\u00f3 a m\u00e1s de mil peregrinos en Lourdes.<br \/>Para poder acoger a la creciente multitud de peregrinos, el Santuario ha construido a lo largo de los a\u00f1os: bas\u00edlicas, iglesias, capillas y una zona de acogida para los enfermos.<br \/>Ya sea un peregrino de un d\u00eda o de toda la vida, una familia o una di\u00f3cesis, un fiel practicante o un visitante de una hora, es muy dif\u00edcil identificar el \u00abperfil t\u00edpico\u00bb de un peregrino.<br \/>Sin embargo, podemos distinguir :<\/p><p><span style=\"color: #007a9e;\"><strong>&#8211; Los peregrinos<\/strong><\/span><br \/>Son todos aquellos que vienen a Lourdes para realizar un viaje espiritual.<br \/>A menudo se trata de una parroquia, una di\u00f3cesis, un pa\u00eds, una familia religiosa o incluso un operador tur\u00edstico. Estas organizaciones de peregrinos suelen tener varias decenas de a\u00f1os de antig\u00fcedad.<br \/>El Santuario sabe exactamente cu\u00e1ntos son porque est\u00e1n registrados. Est\u00e1n en estrecho contacto con el Santuario para la reserva de plazas y peticiones especiales.<\/p><p><span style=\"color: #007a9e;\"><strong>&#8211; Los visitantes<\/strong><\/span><br \/>Son los que vienen a Lourdes solos o con sus familias, por unos d\u00edas o unas horas. Se mezclan con la gran multitud de peregrinos y a veces participan en las celebraciones.<br \/>Peregrinos y visitantes de todo el mundo: 80 nacionalidades acogidas en el Santuario<br \/>Lourdes es internacional porque la sencillez y la profundidad de su mensaje re\u00fane a multitudes de todas las naciones y or\u00edgenes.<br \/>El Santuario acoge a todos, a toda la sociedad, independientemente de la cultura, la religi\u00f3n o la falta de ella. Todo el mundo encontrar\u00e1 lo que busca.<\/p>\t\t\t\t\t\t\t\t<\/div>\n\t\t\t\t<\/div>\n\t\t\t\t\t<\/div>\n\t\t<\/div>\n\t\t\t\t\t<\/div>\n\t\t<\/section>\n\t\t\t\t<section class=\"elementor-section elementor-top-section elementor-element elementor-element-7340d20 elementor-section-boxed elementor-section-height-default elementor-section-height-default\" data-id=\"7340d20\" data-element_type=\"section\">\n\t\t\t\t\t\t<div class=\"elementor-container elementor-column-gap-default\">\n\t\t\t\t\t<div class=\"elementor-column elementor-col-100 elementor-top-column elementor-element elementor-element-4419a0a\" data-id=\"4419a0a\" data-element_type=\"column\">\n\t\t\t<div class=\"elementor-widget-wrap elementor-element-populated\">\n\t\t\t\t\t\t<div class=\"elementor-element elementor-element-6382f4a elementor-align-center elementor-widget elementor-widget-button\" data-id=\"6382f4a\" data-element_type=\"widget\" data-widget_type=\"button.default\">\n\t\t\t\t<div class=\"elementor-widget-container\">\n\t\t\t\t\t\t\t\t\t<div class=\"elementor-button-wrapper\">\n\t\t\t\t\t<a class=\"elementor-button elementor-button-link elementor-size-sm\" href=\"\/les-pelerinages\/\">\n\t\t\t\t\t\t<span class=\"elementor-button-content-wrapper\">\n\t\t\t\t\t\t\t\t\t<span class=\"elementor-button-text\">M\u00c1S INFORMACI\u00d3N SOBRE LAS PEREGRINACIONES<\/span>\n\t\t\t\t\t<\/span>\n\t\t\t\t\t<\/a>\n\t\t\t\t<\/div>\n\t\t\t\t\t\t\t\t<\/div>\n\t\t\t\t<\/div>\n\t\t\t\t\t<\/div>\n\t\t<\/div>\n\t\t\t\t\t<\/div>\n\t\t<\/section>\n\t\t\t\t<section class=\"elementor-section elementor-top-section elementor-element elementor-element-c5d3d6f elementor-section-boxed elementor-section-height-default elementor-section-height-default\" data-id=\"c5d3d6f\" data-element_type=\"section\">\n\t\t\t\t\t\t<div class=\"elementor-container elementor-column-gap-default\">\n\t\t\t\t\t<div class=\"elementor-column elementor-col-100 elementor-top-column elementor-element elementor-element-7d811a1\" data-id=\"7d811a1\" data-element_type=\"column\">\n\t\t\t<div class=\"elementor-widget-wrap elementor-element-populated\">\n\t\t\t\t\t\t<div class=\"elementor-element elementor-element-2a3f2f4 elementor-widget elementor-widget-text-editor\" data-id=\"2a3f2f4\" data-element_type=\"widget\" data-widget_type=\"text-editor.default\">\n\t\t\t\t<div class=\"elementor-widget-container\">\n\t\t\t\t\t\t\t\t\t<h2 style=\"text-align: left;\">Lourdes est\u00e1 en todo el mundo<\/h2>\n<p>\u00abLourdes\u00bb es un nombre conocido en todo el mundo.<br>En todos los continentes hay innumerables reproducciones de la Gruta de Massabielle, as\u00ed como parroquias y escuelas llamadas \u00abNuestra Se\u00f1ora de Lourdes\u00bb.<\/p>\n<p><strong><span style=\"color: #007a9e;\">Algunas cifras<\/span><br><\/strong><em>Peregrinaciones organizadas con enfermos<\/em><br>2019: 445.000 peregrinos<br>2020: 35.000 peregrinos<br>2021: 100.000 peregrinos<br>2022: 175.000 peregrinos<br>2023: 370.000 peregrinos<\/p>\n<p><em>La afluencia de peregrinos individuales y visitantes<\/em> <br>2019: Se desconoce la cifra real (estimaci\u00f3n 3,5 millones) <br>2020: 800.000 visitantes<br>2021: 1,6 millones de visitantes<br>2022: 2,7 millones de visitantes<br>2023: 3,1 millones de visitantes<br><\/p>\t\t\t\t\t\t\t\t<\/div>\n\t\t\t\t<\/div>\n\t\t\t\t\t<\/div>\n\t\t<\/div>\n\t\t\t\t\t<\/div>\n\t\t<\/section>\n\t\t\t\t<section class=\"elementor-section elementor-top-section elementor-element elementor-element-70b30d5 elementor-section-boxed elementor-section-height-default elementor-section-height-default\" data-id=\"70b30d5\" data-element_type=\"section\">\n\t\t\t\t\t\t<div class=\"elementor-container elementor-column-gap-default\">\n\t\t\t\t\t<div class=\"elementor-column elementor-col-100 elementor-top-column elementor-element elementor-element-ee8deed\" data-id=\"ee8deed\" data-element_type=\"column\">\n\t\t\t<div class=\"elementor-widget-wrap elementor-element-populated\">\n\t\t\t\t\t\t<div class=\"elementor-element elementor-element-1618131 elementor-widget elementor-widget-image\" data-id=\"1618131\" data-element_type=\"widget\" data-widget_type=\"image.default\">\n\t\t\t\t<div class=\"elementor-widget-container\">\n\t\t\t\t\t\t\t\t\t\t\t\t\t\t\t<img decoding=\"async\" width=\"500\" height=\"333\" src=\"https:\/\/www.lourdes-france.org\/wp-content\/uploads\/2022\/06\/Vignette_Frequentation2_500x333px.jpg\" class=\"attachment-large size-large wp-image-861084\" alt=\"\" srcset=\"https:\/\/www.lourdes-france.org\/wp-content\/uploads\/2022\/06\/Vignette_Frequentation2_500x333px.jpg 500w, https:\/\/www.lourdes-france.org\/wp-content\/uploads\/2022\/06\/Vignette_Frequentation2_500x333px-300x200.jpg 300w\" sizes=\"(max-width: 500px) 100vw, 500px\" \/>\t\t\t\t\t\t\t\t\t\t\t\t\t\t\t<\/div>\n\t\t\t\t<\/div>\n\t\t\t\t\t<\/div>\n\t\t<\/div>\n\t\t\t\t\t<\/div>\n\t\t<\/section>\n\t\t\t\t<section class=\"elementor-section elementor-top-section elementor-element elementor-element-ba1f4d1 elementor-section-boxed elementor-section-height-default elementor-section-height-default\" data-id=\"ba1f4d1\" data-element_type=\"section\">\n\t\t\t\t\t\t<div class=\"elementor-container elementor-column-gap-default\">\n\t\t\t\t\t<div class=\"elementor-column elementor-col-100 elementor-top-column elementor-element elementor-element-c11351b\" data-id=\"c11351b\" data-element_type=\"column\">\n\t\t\t<div class=\"elementor-widget-wrap elementor-element-populated\">\n\t\t\t\t\t\t<div class=\"elementor-element elementor-element-f56bd51 elementor-align-center elementor-widget elementor-widget-button\" data-id=\"f56bd51\" data-element_type=\"widget\" data-widget_type=\"button.default\">\n\t\t\t\t<div class=\"elementor-widget-container\">\n\t\t\t\t\t\t\t\t\t<div class=\"elementor-button-wrapper\">\n\t\t\t\t\t<a class=\"elementor-button elementor-button-link elementor-size-sm\" href=\"https:\/\/www.lourdes-france.com\/#servir\" target=\"_blank\">\n\t\t\t\t\t\t<span class=\"elementor-button-content-wrapper\">\n\t\t\t\t\t\t\t\t\t<span class=\"elementor-button-text\">SERVIR EN LOURDES<\/span>\n\t\t\t\t\t<\/span>\n\t\t\t\t\t<\/a>\n\t\t\t\t<\/div>\n\t\t\t\t\t\t\t\t<\/div>\n\t\t\t\t<\/div>\n\t\t\t\t\t<\/div>\n\t\t<\/div>\n\t\t\t\t\t<\/div>\n\t\t<\/section>\n\t\t\t\t<\/div>\n\t\t","protected":false},"excerpt":{"rendered":"<p>La asistencia a Lourdes Lourdes es un santuario internacional desde su creaci\u00f3n. Tanto si viene en peregrinaci\u00f3n como para una visita de unas horas, el Santuario de Nuestra Se\u00f1ora de Lourdes es un lugar de encuentro abierto a todos.El Santuario &hellip; <a href=\"https:\/\/www.lourdes-france.org\/es\/la-asistencia-a-lourdes\/\">Continuar<\/a><\/p>\n","protected":false},"author":7,"featured_media":859614,"parent":0,"menu_order":0,"comment_status":"closed","ping_status":"closed","template":"","meta":{"_acf_changed":false,"footnotes":""},"class_list":["post-866368","page","type-page","status-publish","has-post-thumbnail","hentry"],"acf":[],"yoast_head":"<!-- This site is optimized with the Yoast SEO plugin v24.7 - https:\/\/yoast.com\/wordpress\/plugins\/seo\/ -->\n<title>La asistencia a Lourdes<\/title>\n<meta name=\"description\" content=\"En peregrinaci\u00f3n o de visita de unas horas, el Santuario de Nuestra Se\u00f1ora de Lourdes es un lugar de encuentro abierto a todos.\" \/>\n<meta name=\"robots\" content=\"index, follow, max-snippet:-1, max-image-preview:large, max-video-preview:-1\" \/>\n<link rel=\"canonical\" href=\"https:\/\/www.lourdes-france.org\/es\/la-asistencia-a-lourdes\/\" \/>\n<meta name=\"twitter:label1\" content=\"Tiempo de lectura\" \/>\n\t<meta name=\"twitter:data1\" content=\"3 minutos\" \/>\n<script type=\"application\/ld+json\" class=\"yoast-schema-graph\">{\"@context\":\"https:\/\/schema.org\",\"@graph\":[{\"@type\":\"WebPage\",\"@id\":\"https:\/\/www.lourdes-france.org\/es\/la-asistencia-a-lourdes\/\",\"url\":\"https:\/\/www.lourdes-france.org\/es\/la-asistencia-a-lourdes\/\",\"name\":\"La asistencia a Lourdes\",\"isPartOf\":{\"@id\":\"https:\/\/preprod-lourdes.cawita.com\/#website\"},\"primaryImageOfPage\":{\"@id\":\"https:\/\/www.lourdes-france.org\/es\/la-asistencia-a-lourdes\/#primaryimage\"},\"image\":{\"@id\":\"https:\/\/www.lourdes-france.org\/es\/la-asistencia-a-lourdes\/#primaryimage\"},\"thumbnailUrl\":\"https:\/\/www.lourdes-france.org\/wp-content\/uploads\/2022\/06\/21_proc-mar-rosaire-36_redimensionner-scaled.jpg\",\"datePublished\":\"2022-03-25T13:25:45+00:00\",\"dateModified\":\"2024-06-20T06:46:03+00:00\",\"description\":\"En peregrinaci\u00f3n o de visita de unas horas, el Santuario de Nuestra Se\u00f1ora de Lourdes es un lugar de encuentro abierto a todos.\",\"breadcrumb\":{\"@id\":\"https:\/\/www.lourdes-france.org\/es\/la-asistencia-a-lourdes\/#breadcrumb\"},\"inLanguage\":\"es\",\"potentialAction\":[{\"@type\":\"ReadAction\",\"target\":[\"https:\/\/www.lourdes-france.org\/es\/la-asistencia-a-lourdes\/\"]}]},{\"@type\":\"ImageObject\",\"inLanguage\":\"es\",\"@id\":\"https:\/\/www.lourdes-france.org\/es\/la-asistencia-a-lourdes\/#primaryimage\",\"url\":\"https:\/\/www.lourdes-france.org\/wp-content\/uploads\/2022\/06\/21_proc-mar-rosaire-36_redimensionner-scaled.jpg\",\"contentUrl\":\"https:\/\/www.lourdes-france.org\/wp-content\/uploads\/2022\/06\/21_proc-mar-rosaire-36_redimensionner-scaled.jpg\",\"width\":2560,\"height\":943,\"caption\":\"Fr\u00e9quentation de Lourdes\"},{\"@type\":\"BreadcrumbList\",\"@id\":\"https:\/\/www.lourdes-france.org\/es\/la-asistencia-a-lourdes\/#breadcrumb\",\"itemListElement\":[{\"@type\":\"ListItem\",\"position\":1,\"name\":\"Accueil\",\"item\":\"https:\/\/www.lourdes-france.org\/\"},{\"@type\":\"ListItem\",\"position\":2,\"name\":\"La asistencia a Lourdes\"}]},{\"@type\":\"WebSite\",\"@id\":\"https:\/\/preprod-lourdes.cawita.com\/#website\",\"url\":\"https:\/\/preprod-lourdes.cawita.com\/\",\"name\":\"Soutenir le Sanctuaire Notre-Dame de Lourdes\",\"description\":\"\",\"potentialAction\":[{\"@type\":\"SearchAction\",\"target\":{\"@type\":\"EntryPoint\",\"urlTemplate\":\"https:\/\/preprod-lourdes.cawita.com\/?s={search_term_string}\"},\"query-input\":{\"@type\":\"PropertyValueSpecification\",\"valueRequired\":true,\"valueName\":\"search_term_string\"}}],\"inLanguage\":\"es\"}]}<\/script>\n<!-- \/ Yoast SEO plugin. -->","yoast_head_json":{"title":"La asistencia a Lourdes","description":"En peregrinaci\u00f3n o de visita de unas horas, el Santuario de Nuestra Se\u00f1ora de Lourdes es un lugar de encuentro abierto a todos.","robots":{"index":"index","follow":"follow","max-snippet":"max-snippet:-1","max-image-preview":"max-image-preview:large","max-video-preview":"max-video-preview:-1"},"canonical":"https:\/\/www.lourdes-france.org\/es\/la-asistencia-a-lourdes\/","twitter_misc":{"Tiempo de lectura":"3 minutos"},"schema":{"@context":"https:\/\/schema.org","@graph":[{"@type":"WebPage","@id":"https:\/\/www.lourdes-france.org\/es\/la-asistencia-a-lourdes\/","url":"https:\/\/www.lourdes-france.org\/es\/la-asistencia-a-lourdes\/","name":"La asistencia a Lourdes","isPartOf":{"@id":"https:\/\/preprod-lourdes.cawita.com\/#website"},"primaryImageOfPage":{"@id":"https:\/\/www.lourdes-france.org\/es\/la-asistencia-a-lourdes\/#primaryimage"},"image":{"@id":"https:\/\/www.lourdes-france.org\/es\/la-asistencia-a-lourdes\/#primaryimage"},"thumbnailUrl":"https:\/\/www.lourdes-france.org\/wp-content\/uploads\/2022\/06\/21_proc-mar-rosaire-36_redimensionner-scaled.jpg","datePublished":"2022-03-25T13:25:45+00:00","dateModified":"2024-06-20T06:46:03+00:00","description":"En peregrinaci\u00f3n o de visita de unas horas, el Santuario de Nuestra Se\u00f1ora de Lourdes es un lugar de encuentro abierto a todos.","breadcrumb":{"@id":"https:\/\/www.lourdes-france.org\/es\/la-asistencia-a-lourdes\/#breadcrumb"},"inLanguage":"es","potentialAction":[{"@type":"ReadAction","target":["https:\/\/www.lourdes-france.org\/es\/la-asistencia-a-lourdes\/"]}]},{"@type":"ImageObject","inLanguage":"es","@id":"https:\/\/www.lourdes-france.org\/es\/la-asistencia-a-lourdes\/#primaryimage","url":"https:\/\/www.lourdes-france.org\/wp-content\/uploads\/2022\/06\/21_proc-mar-rosaire-36_redimensionner-scaled.jpg","contentUrl":"https:\/\/www.lourdes-france.org\/wp-content\/uploads\/2022\/06\/21_proc-mar-rosaire-36_redimensionner-scaled.jpg","width":2560,"height":943,"caption":"Fr\u00e9quentation de Lourdes"},{"@type":"BreadcrumbList","@id":"https:\/\/www.lourdes-france.org\/es\/la-asistencia-a-lourdes\/#breadcrumb","itemListElement":[{"@type":"ListItem","position":1,"name":"Accueil","item":"https:\/\/www.lourdes-france.org\/"},{"@type":"ListItem","position":2,"name":"La asistencia a Lourdes"}]},{"@type":"WebSite","@id":"https:\/\/preprod-lourdes.cawita.com\/#website","url":"https:\/\/preprod-lourdes.cawita.com\/","name":"Soutenir le Sanctuaire Notre-Dame de Lourdes","description":"","potentialAction":[{"@type":"SearchAction","target":{"@type":"EntryPoint","urlTemplate":"https:\/\/preprod-lourdes.cawita.com\/?s={search_term_string}"},"query-input":{"@type":"PropertyValueSpecification","valueRequired":true,"valueName":"search_term_string"}}],"inLanguage":"es"}]}},"_links":{"self":[{"href":"https:\/\/www.lourdes-france.org\/es\/wp-json\/wp\/v2\/pages\/866368","targetHints":{"allow":["GET"]}}],"collection":[{"href":"https:\/\/www.lourdes-france.org\/es\/wp-json\/wp\/v2\/pages"}],"about":[{"href":"https:\/\/www.lourdes-france.org\/es\/wp-json\/wp\/v2\/types\/page"}],"author":[{"embeddable":true,"href":"https:\/\/www.lourdes-france.org\/es\/wp-json\/wp\/v2\/users\/7"}],"replies":[{"embeddable":true,"href":"https:\/\/www.lourdes-france.org\/es\/wp-json\/wp\/v2\/comments?post=866368"}],"version-history":[{"count":3,"href":"https:\/\/www.lourdes-france.org\/es\/wp-json\/wp\/v2\/pages\/866368\/revisions"}],"predecessor-version":[{"id":938921,"href":"https:\/\/www.lourdes-france.org\/es\/wp-json\/wp\/v2\/pages\/866368\/revisions\/938921"}],"wp:featuredmedia":[{"embeddable":true,"href":"https:\/\/www.lourdes-france.org\/es\/wp-json\/wp\/v2\/media\/859614"}],"wp:attachment":[{"href":"https:\/\/www.lourdes-france.org\/es\/wp-json\/wp\/v2\/media?parent=866368"}],"curies":[{"name":"wp","href":"https:\/\/api.w.org\/{rel}","templated":true}]}}