{"id":868205,"date":"2022-03-24T10:31:30","date_gmt":"2022-03-24T09:31:30","guid":{"rendered":"https:\/\/www.lourdes-france.org\/la-grotte-des-apparitions\/"},"modified":"2022-09-06T10:55:16","modified_gmt":"2022-09-06T08:55:16","slug":"la-gruta-de-las-apariciones-en-massabielle","status":"publish","type":"page","link":"https:\/\/www.lourdes-france.org\/es\/la-gruta-de-las-apariciones-en-massabielle\/","title":{"rendered":"La Gruta de las Apariciones en Massabielle"},"content":{"rendered":"\t\t<div data-elementor-type=\"wp-page\" data-elementor-id=\"868205\" class=\"elementor elementor-868205 elementor-848430\" data-elementor-post-type=\"page\">\n\t\t\t\t\t\t<section class=\"elementor-section elementor-top-section elementor-element elementor-element-5e6549a2 elementor-section-full_width elementor-section-stretched elementor-section-height-default elementor-section-height-default\" data-id=\"5e6549a2\" data-element_type=\"section\" data-settings=\"{&quot;stretch_section&quot;:&quot;section-stretched&quot;}\">\n\t\t\t\t\t\t<div class=\"elementor-container elementor-column-gap-default\">\n\t\t\t\t\t<div class=\"elementor-column elementor-col-100 elementor-top-column elementor-element elementor-element-2e9a6ecb\" data-id=\"2e9a6ecb\" data-element_type=\"column\">\n\t\t\t<div class=\"elementor-widget-wrap elementor-element-populated\">\n\t\t\t\t\t\t<div class=\"elementor-element elementor-element-22ecc232 elementor-widget elementor-widget-image\" data-id=\"22ecc232\" data-element_type=\"widget\" data-widget_type=\"image.default\">\n\t\t\t\t<div class=\"elementor-widget-container\">\n\t\t\t\t\t\t\t\t\t\t\t\t\t\t\t<img fetchpriority=\"high\" decoding=\"async\" width=\"1200\" height=\"800\" src=\"https:\/\/www.lourdes-france.org\/wp-content\/uploads\/2022\/03\/Vignette_Grotte_1200x800px.jpg\" class=\"attachment-full size-full wp-image-848444\" alt=\"\" srcset=\"https:\/\/www.lourdes-france.org\/wp-content\/uploads\/2022\/03\/Vignette_Grotte_1200x800px.jpg 1200w, https:\/\/www.lourdes-france.org\/wp-content\/uploads\/2022\/03\/Vignette_Grotte_1200x800px-300x200.jpg 300w, https:\/\/www.lourdes-france.org\/wp-content\/uploads\/2022\/03\/Vignette_Grotte_1200x800px-1024x683.jpg 1024w, https:\/\/www.lourdes-france.org\/wp-content\/uploads\/2022\/03\/Vignette_Grotte_1200x800px-768x512.jpg 768w\" sizes=\"(max-width: 1200px) 100vw, 1200px\" \/>\t\t\t\t\t\t\t\t\t\t\t\t\t\t\t<\/div>\n\t\t\t\t<\/div>\n\t\t\t\t\t<\/div>\n\t\t<\/div>\n\t\t\t\t\t<\/div>\n\t\t<\/section>\n\t\t\t\t<section class=\"elementor-section elementor-top-section elementor-element elementor-element-596d0202 elementor-section-boxed elementor-section-height-default elementor-section-height-default\" data-id=\"596d0202\" data-element_type=\"section\">\n\t\t\t\t\t\t<div class=\"elementor-container elementor-column-gap-default\">\n\t\t\t\t\t<div class=\"elementor-column elementor-col-100 elementor-top-column elementor-element elementor-element-206a01db\" data-id=\"206a01db\" data-element_type=\"column\">\n\t\t\t<div class=\"elementor-widget-wrap elementor-element-populated\">\n\t\t\t\t\t\t<div class=\"elementor-element elementor-element-124efdf8 elementor-widget elementor-widget-heading\" data-id=\"124efdf8\" data-element_type=\"widget\" data-widget_type=\"heading.default\">\n\t\t\t\t<div class=\"elementor-widget-container\">\n\t\t\t\t\t<h1 class=\"elementor-heading-title elementor-size-default\">La Gruta de las Apariciones en Massabielle<\/h1>\t\t\t\t<\/div>\n\t\t\t\t<\/div>\n\t\t\t\t\t<\/div>\n\t\t<\/div>\n\t\t\t\t\t<\/div>\n\t\t<\/section>\n\t\t\t\t<section class=\"elementor-section elementor-top-section elementor-element elementor-element-1d8b85c elementor-section-boxed elementor-section-height-default elementor-section-height-default\" data-id=\"1d8b85c\" data-element_type=\"section\" data-settings=\"{&quot;background_background&quot;:&quot;classic&quot;}\">\n\t\t\t\t\t\t<div class=\"elementor-container elementor-column-gap-default\">\n\t\t\t\t\t<div class=\"elementor-column elementor-col-100 elementor-top-column elementor-element elementor-element-a8a6888\" data-id=\"a8a6888\" data-element_type=\"column\">\n\t\t\t<div class=\"elementor-widget-wrap elementor-element-populated\">\n\t\t\t\t\t\t<div class=\"elementor-element elementor-element-85b7326 elementor-widget elementor-widget-text-editor\" data-id=\"85b7326\" data-element_type=\"widget\" data-widget_type=\"text-editor.default\">\n\t\t\t\t<div class=\"elementor-widget-container\">\n\t\t\t\t\t\t\t\t\t<p><strong>La gruta de Massabielle es una visita obligada para todos los visitantes que vienen al santuario de Lourdes, ya sean simples curiosos o creyentes. La visita a la gruta se hace en silencio, la mayor\u00eda de la gente toca la pared de la gruta con los dedos por respeto o para hacer una promesa o una oraci\u00f3n. Tambi\u00e9n se organizan procesiones para los peregrinos enfermos. <br \/>En efecto, esta gruta es la imagen del Dios invisible que nos da fuerza. <em>\u00abSe\u00f1or, mi roca, mi alc\u00e1zar, mi libertador. Dios m\u00edo, pe\u00f1a m\u00eda, refugio m\u00edo, escudo m\u00edo, mi fuerza salvadora, mi baluarte\u00bb<\/em> (Sal 18,3). <br \/>La Virgen Mar\u00eda se instal\u00f3 encima del rosal de la hornacina para decirnos que nos lleva al Se\u00f1or, ella es la primera en el camino, pero a quien debemos seguir es a Cristo Se\u00f1or.<\/strong><\/p>\t\t\t\t\t\t\t\t<\/div>\n\t\t\t\t<\/div>\n\t\t\t\t\t<\/div>\n\t\t<\/div>\n\t\t\t\t\t<\/div>\n\t\t<\/section>\n\t\t\t\t<section class=\"elementor-section elementor-top-section elementor-element elementor-element-8a07cf3 elementor-section-boxed elementor-section-height-default elementor-section-height-default\" data-id=\"8a07cf3\" data-element_type=\"section\">\n\t\t\t\t\t\t<div class=\"elementor-container elementor-column-gap-default\">\n\t\t\t\t\t<div class=\"elementor-column elementor-col-100 elementor-top-column elementor-element elementor-element-460f2ed\" data-id=\"460f2ed\" data-element_type=\"column\">\n\t\t\t<div class=\"elementor-widget-wrap elementor-element-populated\">\n\t\t\t\t\t\t<div class=\"elementor-element elementor-element-ef5b4ce elementor-widget elementor-widget-video\" data-id=\"ef5b4ce\" data-element_type=\"widget\" data-settings=\"{&quot;youtube_url&quot;:&quot;https:\\\/\\\/youtu.be\\\/xTWx-b93JJk&quot;,&quot;video_type&quot;:&quot;youtube&quot;,&quot;controls&quot;:&quot;yes&quot;}\" data-widget_type=\"video.default\">\n\t\t\t\t<div class=\"elementor-widget-container\">\n\t\t\t\t\t\t\t<div class=\"elementor-wrapper elementor-open-inline\">\n\t\t\t<div class=\"elementor-video\"><\/div>\t\t<\/div>\n\t\t\t\t\t\t<\/div>\n\t\t\t\t<\/div>\n\t\t\t\t\t<\/div>\n\t\t<\/div>\n\t\t\t\t\t<\/div>\n\t\t<\/section>\n\t\t\t\t<section class=\"elementor-section elementor-top-section elementor-element elementor-element-8355dbb elementor-section-boxed elementor-section-height-default elementor-section-height-default\" data-id=\"8355dbb\" data-element_type=\"section\">\n\t\t\t\t\t\t<div class=\"elementor-container elementor-column-gap-default\">\n\t\t\t\t\t<div class=\"elementor-column elementor-col-100 elementor-top-column elementor-element elementor-element-e82a482\" data-id=\"e82a482\" data-element_type=\"column\">\n\t\t\t<div class=\"elementor-widget-wrap elementor-element-populated\">\n\t\t\t\t\t\t<div class=\"elementor-element elementor-element-0545bfd elementor-widget elementor-widget-text-editor\" data-id=\"0545bfd\" data-element_type=\"widget\" data-widget_type=\"text-editor.default\">\n\t\t\t\t<div class=\"elementor-widget-container\">\n\t\t\t\t\t\t\t\t\t<p>La Gruta de Massabielle se encuentra en la parte baja de la ciudad de Lourdes, dominada por el castillo. El sol nunca penetra en esta roca negra. La gruta de Massabielle tiene 3,80 metros de altura, 9,50 metros de profundidad y 9,85 metros de ancho. Se trata de una grieta en una pared de roca de 27 metros de altura. La pared es lisa y h\u00fameda en algunas partes. La gruta es, pues, una simple cavidad de piedra caliza. Aparte de la parte visible del p\u00f3rtico (donde est\u00e1 instalado el altar) y de la hornacina (donde est\u00e1 instalada la imagen de la Virgen), la cavidad tiene una extensi\u00f3n k\u00e1rstica de unos diez metros, lo que la convierte en una \u00abverdadera gruta k\u00e1rstica\u00bb y no en un simple refugio de roca como se describe habitualmente. <br \/><br \/>Desde la novena aparici\u00f3n, el 25 de febrero de 1858, un manantial fluye en la gruta. Este manantial fue acondicionado en 1974 y el agua fue canalizado hacia un dep\u00f3sito bajo las bas\u00edlicas. Los peregrinos pueden beber esta agua a 10\u00b0C y tambi\u00e9n pueden recogerla en los grifos cuya ubicaci\u00f3n se ha cambiado varias veces para mantener una atm\u00f3sfera de silencio y recogimiento cerca de la Gruta. Tambi\u00e9n pueden hacer el gesto del agua en las piscinas (construidas en 1882 y cuyo emplazamiento tambi\u00e9n ha cambiado para acoger mejor a los peregrinos enfermos) situadas m\u00e1s a la derecha del manantial, cuya explanada posee un gran toldo de inspiraci\u00f3n naturalista que recubre la zona de las piscinas. <br \/><br \/>En 1861, el obispo de Tarbes, Mons. Bertrand-S\u00e9v\u00e8re Laurence, compr\u00f3 la gruta al municipio. <br \/>La imagen de la Virgen esculpida por Joseph-Hugues Fabisch en m\u00e1rmol de Carrara, (se ve claramente su nombre en el pedestal), est\u00e1 situada en la parte superior derecha de la gruta, a una altura de 2 metros, en una cavidad secundaria de la roca, llamada la hornacina de las apariciones. Se inaugur\u00f3 el 4 de abril de 1864, durante la primera procesi\u00f3n organizada oficialmente por la Iglesia, que reuni\u00f3 a unas 20.000 personas, incluidos 200 sacerdotes.<\/p>\t\t\t\t\t\t\t\t<\/div>\n\t\t\t\t<\/div>\n\t\t\t\t\t<\/div>\n\t\t<\/div>\n\t\t\t\t\t<\/div>\n\t\t<\/section>\n\t\t\t\t<section class=\"elementor-section elementor-top-section elementor-element elementor-element-43c8d29 elementor-section-boxed elementor-section-height-default elementor-section-height-default\" data-id=\"43c8d29\" data-element_type=\"section\">\n\t\t\t\t\t\t<div class=\"elementor-container elementor-column-gap-default\">\n\t\t\t\t\t<div class=\"elementor-column elementor-col-33 elementor-top-column elementor-element elementor-element-066e9bd\" data-id=\"066e9bd\" data-element_type=\"column\">\n\t\t\t<div class=\"elementor-widget-wrap elementor-element-populated\">\n\t\t\t\t\t\t<div class=\"elementor-element elementor-element-64ddab9 elementor-align-center elementor-widget elementor-widget-button\" data-id=\"64ddab9\" data-element_type=\"widget\" data-widget_type=\"button.default\">\n\t\t\t\t<div class=\"elementor-widget-container\">\n\t\t\t\t\t\t\t\t\t<div class=\"elementor-button-wrapper\">\n\t\t\t\t\t<a class=\"elementor-button elementor-button-link elementor-size-sm\" href=\"https:\/\/www.lourdes-france.com\/es\/peregrino-por-un-dia\/la-gruta\/\" target=\"_blank\">\n\t\t\t\t\t\t<span class=\"elementor-button-content-wrapper\">\n\t\t\t\t\t\t\t\t\t<span class=\"elementor-button-text\">La Gruta<\/span>\n\t\t\t\t\t<\/span>\n\t\t\t\t\t<\/a>\n\t\t\t\t<\/div>\n\t\t\t\t\t\t\t\t<\/div>\n\t\t\t\t<\/div>\n\t\t\t\t\t<\/div>\n\t\t<\/div>\n\t\t\t\t<div class=\"elementor-column elementor-col-33 elementor-top-column elementor-element elementor-element-f2893de\" data-id=\"f2893de\" data-element_type=\"column\">\n\t\t\t<div class=\"elementor-widget-wrap elementor-element-populated\">\n\t\t\t\t\t\t<div class=\"elementor-element elementor-element-cf4deed elementor-align-center elementor-widget elementor-widget-button\" data-id=\"cf4deed\" data-element_type=\"widget\" data-widget_type=\"button.default\">\n\t\t\t\t<div class=\"elementor-widget-container\">\n\t\t\t\t\t\t\t\t\t<div class=\"elementor-button-wrapper\">\n\t\t\t\t\t<a class=\"elementor-button elementor-button-link elementor-size-sm\" href=\"https:\/\/www.lourdes-france.com\/\" target=\"_blank\">\n\t\t\t\t\t\t<span class=\"elementor-button-content-wrapper\">\n\t\t\t\t\t\t\t\t\t<span class=\"elementor-button-text\">La peregrinaci\u00f3n de Lourdes<\/span>\n\t\t\t\t\t<\/span>\n\t\t\t\t\t<\/a>\n\t\t\t\t<\/div>\n\t\t\t\t\t\t\t\t<\/div>\n\t\t\t\t<\/div>\n\t\t\t\t\t<\/div>\n\t\t<\/div>\n\t\t\t\t<div class=\"elementor-column elementor-col-33 elementor-top-column elementor-element elementor-element-4550595\" data-id=\"4550595\" data-element_type=\"column\">\n\t\t\t<div class=\"elementor-widget-wrap elementor-element-populated\">\n\t\t\t\t\t\t<div class=\"elementor-element elementor-element-5c88547 elementor-align-center elementor-widget elementor-widget-button\" data-id=\"5c88547\" data-element_type=\"widget\" data-widget_type=\"button.default\">\n\t\t\t\t<div class=\"elementor-widget-container\">\n\t\t\t\t\t\t\t\t\t<div class=\"elementor-button-wrapper\">\n\t\t\t\t\t<a class=\"elementor-button elementor-button-link elementor-size-sm\" href=\"\/es\/tv-lourdes\/\" target=\"_blank\">\n\t\t\t\t\t\t<span class=\"elementor-button-content-wrapper\">\n\t\t\t\t\t\t\t\t\t<span class=\"elementor-button-text\">En directo en la Gruta<\/span>\n\t\t\t\t\t<\/span>\n\t\t\t\t\t<\/a>\n\t\t\t\t<\/div>\n\t\t\t\t\t\t\t\t<\/div>\n\t\t\t\t<\/div>\n\t\t\t\t\t<\/div>\n\t\t<\/div>\n\t\t\t\t\t<\/div>\n\t\t<\/section>\n\t\t\t\t<\/div>\n\t\t","protected":false},"excerpt":{"rendered":"<p>La Gruta de las Apariciones en Massabielle La gruta de Massabielle es una visita obligada para todos los visitantes que vienen al santuario de Lourdes, ya sean simples curiosos o creyentes. La visita a la gruta se hace en silencio, &hellip; <a href=\"https:\/\/www.lourdes-france.org\/es\/la-gruta-de-las-apariciones-en-massabielle\/\">Continuar<\/a><\/p>\n","protected":false},"author":7,"featured_media":0,"parent":0,"menu_order":0,"comment_status":"closed","ping_status":"closed","template":"","meta":{"_acf_changed":false,"footnotes":""},"class_list":["post-868205","page","type-page","status-publish","hentry"],"acf":[],"yoast_head":"<!-- This site is optimized with the Yoast SEO plugin v24.7 - https:\/\/yoast.com\/wordpress\/plugins\/seo\/ -->\n<title>La Grotte des apparitions<\/title>\n<meta name=\"description\" content=\"La grotte de Massabielle est un passage oblig\u00e9 pour tout visiteur se rendant au sanctuaire de Lourdes, qu\u2019il soit simple visiteur ou croyant.\" \/>\n<meta name=\"robots\" content=\"index, follow, max-snippet:-1, max-image-preview:large, max-video-preview:-1\" \/>\n<link rel=\"canonical\" href=\"https:\/\/preprod-lourdes.cawita.com\/es\/la-gruta-de-las-apariciones-en-massabielle\/\" \/>\n<meta name=\"twitter:label1\" content=\"Tiempo de lectura\" \/>\n\t<meta name=\"twitter:data1\" content=\"3 minutos\" \/>\n<script type=\"application\/ld+json\" class=\"yoast-schema-graph\">{\"@context\":\"https:\/\/schema.org\",\"@graph\":[{\"@type\":\"WebPage\",\"@id\":\"https:\/\/preprod-lourdes.cawita.com\/es\/la-gruta-de-las-apariciones-en-massabielle\/\",\"url\":\"https:\/\/preprod-lourdes.cawita.com\/es\/la-gruta-de-las-apariciones-en-massabielle\/\",\"name\":\"La Grotte des apparitions\",\"isPartOf\":{\"@id\":\"https:\/\/preprod-lourdes.cawita.com\/#website\"},\"primaryImageOfPage\":{\"@id\":\"https:\/\/preprod-lourdes.cawita.com\/es\/la-gruta-de-las-apariciones-en-massabielle\/#primaryimage\"},\"image\":{\"@id\":\"https:\/\/preprod-lourdes.cawita.com\/es\/la-gruta-de-las-apariciones-en-massabielle\/#primaryimage\"},\"thumbnailUrl\":\"https:\/\/www.lourdes-france.org\/wp-content\/uploads\/2022\/03\/Vignette_Grotte_1200x800px.jpg\",\"datePublished\":\"2022-03-24T09:31:30+00:00\",\"dateModified\":\"2022-09-06T08:55:16+00:00\",\"description\":\"La grotte de Massabielle est un passage oblig\u00e9 pour tout visiteur se rendant au sanctuaire de Lourdes, qu\u2019il soit simple visiteur ou croyant.\",\"breadcrumb\":{\"@id\":\"https:\/\/preprod-lourdes.cawita.com\/es\/la-gruta-de-las-apariciones-en-massabielle\/#breadcrumb\"},\"inLanguage\":\"es\",\"potentialAction\":[{\"@type\":\"ReadAction\",\"target\":[\"https:\/\/preprod-lourdes.cawita.com\/es\/la-gruta-de-las-apariciones-en-massabielle\/\"]}]},{\"@type\":\"ImageObject\",\"inLanguage\":\"es\",\"@id\":\"https:\/\/preprod-lourdes.cawita.com\/es\/la-gruta-de-las-apariciones-en-massabielle\/#primaryimage\",\"url\":\"https:\/\/www.lourdes-france.org\/wp-content\/uploads\/2022\/03\/Vignette_Grotte_1200x800px.jpg\",\"contentUrl\":\"https:\/\/www.lourdes-france.org\/wp-content\/uploads\/2022\/03\/Vignette_Grotte_1200x800px.jpg\"},{\"@type\":\"BreadcrumbList\",\"@id\":\"https:\/\/preprod-lourdes.cawita.com\/es\/la-gruta-de-las-apariciones-en-massabielle\/#breadcrumb\",\"itemListElement\":[{\"@type\":\"ListItem\",\"position\":1,\"name\":\"Accueil\",\"item\":\"https:\/\/www.lourdes-france.org\/\"},{\"@type\":\"ListItem\",\"position\":2,\"name\":\"La Gruta de las Apariciones en Massabielle\"}]},{\"@type\":\"WebSite\",\"@id\":\"https:\/\/preprod-lourdes.cawita.com\/#website\",\"url\":\"https:\/\/preprod-lourdes.cawita.com\/\",\"name\":\"Soutenir le Sanctuaire Notre-Dame de Lourdes\",\"description\":\"\",\"potentialAction\":[{\"@type\":\"SearchAction\",\"target\":{\"@type\":\"EntryPoint\",\"urlTemplate\":\"https:\/\/preprod-lourdes.cawita.com\/?s={search_term_string}\"},\"query-input\":{\"@type\":\"PropertyValueSpecification\",\"valueRequired\":true,\"valueName\":\"search_term_string\"}}],\"inLanguage\":\"es\"}]}<\/script>\n<!-- \/ Yoast SEO plugin. -->","yoast_head_json":{"title":"La Grotte des apparitions","description":"La grotte de Massabielle est un passage oblig\u00e9 pour tout visiteur se rendant au sanctuaire de Lourdes, qu\u2019il soit simple visiteur ou croyant.","robots":{"index":"index","follow":"follow","max-snippet":"max-snippet:-1","max-image-preview":"max-image-preview:large","max-video-preview":"max-video-preview:-1"},"canonical":"https:\/\/preprod-lourdes.cawita.com\/es\/la-gruta-de-las-apariciones-en-massabielle\/","twitter_misc":{"Tiempo de lectura":"3 minutos"},"schema":{"@context":"https:\/\/schema.org","@graph":[{"@type":"WebPage","@id":"https:\/\/preprod-lourdes.cawita.com\/es\/la-gruta-de-las-apariciones-en-massabielle\/","url":"https:\/\/preprod-lourdes.cawita.com\/es\/la-gruta-de-las-apariciones-en-massabielle\/","name":"La Grotte des apparitions","isPartOf":{"@id":"https:\/\/preprod-lourdes.cawita.com\/#website"},"primaryImageOfPage":{"@id":"https:\/\/preprod-lourdes.cawita.com\/es\/la-gruta-de-las-apariciones-en-massabielle\/#primaryimage"},"image":{"@id":"https:\/\/preprod-lourdes.cawita.com\/es\/la-gruta-de-las-apariciones-en-massabielle\/#primaryimage"},"thumbnailUrl":"https:\/\/www.lourdes-france.org\/wp-content\/uploads\/2022\/03\/Vignette_Grotte_1200x800px.jpg","datePublished":"2022-03-24T09:31:30+00:00","dateModified":"2022-09-06T08:55:16+00:00","description":"La grotte de Massabielle est un passage oblig\u00e9 pour tout visiteur se rendant au sanctuaire de Lourdes, qu\u2019il soit simple visiteur ou croyant.","breadcrumb":{"@id":"https:\/\/preprod-lourdes.cawita.com\/es\/la-gruta-de-las-apariciones-en-massabielle\/#breadcrumb"},"inLanguage":"es","potentialAction":[{"@type":"ReadAction","target":["https:\/\/preprod-lourdes.cawita.com\/es\/la-gruta-de-las-apariciones-en-massabielle\/"]}]},{"@type":"ImageObject","inLanguage":"es","@id":"https:\/\/preprod-lourdes.cawita.com\/es\/la-gruta-de-las-apariciones-en-massabielle\/#primaryimage","url":"https:\/\/www.lourdes-france.org\/wp-content\/uploads\/2022\/03\/Vignette_Grotte_1200x800px.jpg","contentUrl":"https:\/\/www.lourdes-france.org\/wp-content\/uploads\/2022\/03\/Vignette_Grotte_1200x800px.jpg"},{"@type":"BreadcrumbList","@id":"https:\/\/preprod-lourdes.cawita.com\/es\/la-gruta-de-las-apariciones-en-massabielle\/#breadcrumb","itemListElement":[{"@type":"ListItem","position":1,"name":"Accueil","item":"https:\/\/www.lourdes-france.org\/"},{"@type":"ListItem","position":2,"name":"La Gruta de las Apariciones en Massabielle"}]},{"@type":"WebSite","@id":"https:\/\/preprod-lourdes.cawita.com\/#website","url":"https:\/\/preprod-lourdes.cawita.com\/","name":"Soutenir le Sanctuaire Notre-Dame de Lourdes","description":"","potentialAction":[{"@type":"SearchAction","target":{"@type":"EntryPoint","urlTemplate":"https:\/\/preprod-lourdes.cawita.com\/?s={search_term_string}"},"query-input":{"@type":"PropertyValueSpecification","valueRequired":true,"valueName":"search_term_string"}}],"inLanguage":"es"}]}},"_links":{"self":[{"href":"https:\/\/www.lourdes-france.org\/es\/wp-json\/wp\/v2\/pages\/868205","targetHints":{"allow":["GET"]}}],"collection":[{"href":"https:\/\/www.lourdes-france.org\/es\/wp-json\/wp\/v2\/pages"}],"about":[{"href":"https:\/\/www.lourdes-france.org\/es\/wp-json\/wp\/v2\/types\/page"}],"author":[{"embeddable":true,"href":"https:\/\/www.lourdes-france.org\/es\/wp-json\/wp\/v2\/users\/7"}],"replies":[{"embeddable":true,"href":"https:\/\/www.lourdes-france.org\/es\/wp-json\/wp\/v2\/comments?post=868205"}],"version-history":[{"count":10,"href":"https:\/\/www.lourdes-france.org\/es\/wp-json\/wp\/v2\/pages\/868205\/revisions"}],"predecessor-version":[{"id":868219,"href":"https:\/\/www.lourdes-france.org\/es\/wp-json\/wp\/v2\/pages\/868205\/revisions\/868219"}],"wp:attachment":[{"href":"https:\/\/www.lourdes-france.org\/es\/wp-json\/wp\/v2\/media?parent=868205"}],"curies":[{"name":"wp","href":"https:\/\/api.w.org\/{rel}","templated":true}]}}