{"id":870420,"date":"2022-03-24T10:45:23","date_gmt":"2022-03-24T09:45:23","guid":{"rendered":"https:\/\/www.lourdes-france.org\/lesperance-des-malades\/"},"modified":"2022-09-13T09:36:36","modified_gmt":"2022-09-13T07:36:36","slug":"lesperance-des-malades","status":"publish","type":"page","link":"https:\/\/www.lourdes-france.org\/es\/lesperance-des-malades\/","title":{"rendered":"L&#8217;esp\u00e9rance des malades"},"content":{"rendered":"\t\t<div data-elementor-type=\"wp-page\" data-elementor-id=\"870420\" class=\"elementor elementor-870420 elementor-848456\" data-elementor-post-type=\"page\">\n\t\t\t\t\t\t<section class=\"elementor-section elementor-top-section elementor-element elementor-element-3281755e elementor-section-full_width elementor-section-stretched elementor-section-height-default elementor-section-height-default\" data-id=\"3281755e\" data-element_type=\"section\" data-settings=\"{&quot;stretch_section&quot;:&quot;section-stretched&quot;}\">\n\t\t\t\t\t\t<div class=\"elementor-container elementor-column-gap-default\">\n\t\t\t\t\t<div class=\"elementor-column elementor-col-100 elementor-top-column elementor-element elementor-element-6e02220c\" data-id=\"6e02220c\" data-element_type=\"column\">\n\t\t\t<div class=\"elementor-widget-wrap elementor-element-populated\">\n\t\t\t\t\t\t<div class=\"elementor-element elementor-element-5072b9a0 elementor-widget elementor-widget-image\" data-id=\"5072b9a0\" data-element_type=\"widget\" data-widget_type=\"image.default\">\n\t\t\t\t<div class=\"elementor-widget-container\">\n\t\t\t\t\t\t\t\t\t\t\t\t\t\t\t<img fetchpriority=\"high\" decoding=\"async\" width=\"1200\" height=\"800\" src=\"https:\/\/www.lourdes-france.org\/wp-content\/uploads\/2022\/03\/Vignette_Esperance_malades_1200x800px.jpg\" class=\"attachment-2048x2048 size-2048x2048 wp-image-848468\" alt=\"\" srcset=\"https:\/\/www.lourdes-france.org\/wp-content\/uploads\/2022\/03\/Vignette_Esperance_malades_1200x800px.jpg 1200w, https:\/\/www.lourdes-france.org\/wp-content\/uploads\/2022\/03\/Vignette_Esperance_malades_1200x800px-300x200.jpg 300w, https:\/\/www.lourdes-france.org\/wp-content\/uploads\/2022\/03\/Vignette_Esperance_malades_1200x800px-1024x683.jpg 1024w, https:\/\/www.lourdes-france.org\/wp-content\/uploads\/2022\/03\/Vignette_Esperance_malades_1200x800px-768x512.jpg 768w\" sizes=\"(max-width: 1200px) 100vw, 1200px\" \/>\t\t\t\t\t\t\t\t\t\t\t\t\t\t\t<\/div>\n\t\t\t\t<\/div>\n\t\t\t\t\t<\/div>\n\t\t<\/div>\n\t\t\t\t\t<\/div>\n\t\t<\/section>\n\t\t\t\t<section class=\"elementor-section elementor-top-section elementor-element elementor-element-4468ffa4 elementor-section-boxed elementor-section-height-default elementor-section-height-default\" data-id=\"4468ffa4\" data-element_type=\"section\">\n\t\t\t\t\t\t<div class=\"elementor-container elementor-column-gap-default\">\n\t\t\t\t\t<div class=\"elementor-column elementor-col-100 elementor-top-column elementor-element elementor-element-50f7777\" data-id=\"50f7777\" data-element_type=\"column\">\n\t\t\t<div class=\"elementor-widget-wrap elementor-element-populated\">\n\t\t\t\t\t\t<div class=\"elementor-element elementor-element-7b50965a elementor-widget elementor-widget-heading\" data-id=\"7b50965a\" data-element_type=\"widget\" data-widget_type=\"heading.default\">\n\t\t\t\t<div class=\"elementor-widget-container\">\n\t\t\t\t\t<h1 class=\"elementor-heading-title elementor-size-default\">\u00bfPor qu\u00e9 Lourdes atrae a los enfermos?<\/h1>\t\t\t\t<\/div>\n\t\t\t\t<\/div>\n\t\t\t\t\t<\/div>\n\t\t<\/div>\n\t\t\t\t\t<\/div>\n\t\t<\/section>\n\t\t\t\t<section class=\"elementor-section elementor-top-section elementor-element elementor-element-e4885c5 elementor-section-boxed elementor-section-height-default elementor-section-height-default\" data-id=\"e4885c5\" data-element_type=\"section\">\n\t\t\t\t\t\t<div class=\"elementor-container elementor-column-gap-default\">\n\t\t\t\t\t<div class=\"elementor-column elementor-col-100 elementor-top-column elementor-element elementor-element-ac94633\" data-id=\"ac94633\" data-element_type=\"column\">\n\t\t\t<div class=\"elementor-widget-wrap elementor-element-populated\">\n\t\t\t\t\t\t<div class=\"elementor-element elementor-element-1d44838 elementor-widget elementor-widget-text-editor\" data-id=\"1d44838\" data-element_type=\"widget\" data-widget_type=\"text-editor.default\">\n\t\t\t\t<div class=\"elementor-widget-container\">\n\t\t\t\t\t\t\t\t\t<h2 style=\"text-align: left;\">Lourdes, cuando se est\u00e1 enfermo: creer en lo imposible&#8230;<\/h2><p style=\"text-align: left;\">Desde la terraza del Accueil Notre-Dame donde se aloja en el Santuario, Sasha, una americana de 26 a\u00f1os que padece un c\u00e1ncer de cerebro en fase terminal, observa impotente c\u00f3mo sube el nivel del r\u00edo Gave de Pau durante la crecida que va a asolar Lourdes y su regi\u00f3n. As\u00ed, la Gruta se vio invadida por dos metros de agua el 18 de junio de 2013. Pasaron dos d\u00edas. Dos d\u00edas de gran expectaci\u00f3n para Sasha, cuyos ojos estaban clavados en la Gruta: \u00bfpodr\u00e1 llegar a ella y besar la roca antes de que termine su estancia? Ese es su \u00fanico deseo, su \u00faltima voluntad antes de morir: por eso ha cruzado el Atl\u00e1ntico y ha reunido las pocas fuerzas que le quedan. El nivel del agua empieza a bajar. Con un permiso especial, la noche antes de su partida, Sasha es llevada en silla de ruedas a la Gruta. Besa la roca de la Gruta y medita en silencio. El momento dura solo unos minutos, pero \u00a1qu\u00e9 intenso es! Sasha abandona Lourdes con la certeza de haber cumplido su \u00faltimo deseo. \u00abSoy cient\u00edfica, dice, siempre he cre\u00eddo m\u00e1s en la medicina que en los milagros. Pero en mi caso, la medicina no puede hacer nada, as\u00ed que&#8230;\u00bb.<\/p>\t\t\t\t\t\t\t\t<\/div>\n\t\t\t\t<\/div>\n\t\t\t\t\t<\/div>\n\t\t<\/div>\n\t\t\t\t\t<\/div>\n\t\t<\/section>\n\t\t\t\t<section class=\"elementor-section elementor-top-section elementor-element elementor-element-d5ac96e elementor-section-boxed elementor-section-height-default elementor-section-height-default\" data-id=\"d5ac96e\" data-element_type=\"section\">\n\t\t\t\t\t\t<div class=\"elementor-container elementor-column-gap-default\">\n\t\t\t\t\t<div class=\"elementor-column elementor-col-100 elementor-top-column elementor-element elementor-element-4ff7a7e\" data-id=\"4ff7a7e\" data-element_type=\"column\">\n\t\t\t<div class=\"elementor-widget-wrap elementor-element-populated\">\n\t\t\t\t\t\t<div class=\"elementor-element elementor-element-4c6d8ba elementor-widget elementor-widget-image\" data-id=\"4c6d8ba\" data-element_type=\"widget\" data-widget_type=\"image.default\">\n\t\t\t\t<div class=\"elementor-widget-container\">\n\t\t\t\t\t\t\t\t\t\t\t\t\t\t\t<img decoding=\"async\" width=\"500\" height=\"333\" src=\"https:\/\/www.lourdes-france.org\/wp-content\/uploads\/2022\/03\/Vignette_malades_500x333px.jpg\" class=\"attachment-large size-large wp-image-848500\" alt=\"\" srcset=\"https:\/\/www.lourdes-france.org\/wp-content\/uploads\/2022\/03\/Vignette_malades_500x333px.jpg 500w, https:\/\/www.lourdes-france.org\/wp-content\/uploads\/2022\/03\/Vignette_malades_500x333px-300x200.jpg 300w\" sizes=\"(max-width: 500px) 100vw, 500px\" \/>\t\t\t\t\t\t\t\t\t\t\t\t\t\t\t<\/div>\n\t\t\t\t<\/div>\n\t\t\t\t\t<\/div>\n\t\t<\/div>\n\t\t\t\t\t<\/div>\n\t\t<\/section>\n\t\t\t\t<section class=\"elementor-section elementor-top-section elementor-element elementor-element-c781c95 elementor-section-boxed elementor-section-height-default elementor-section-height-default\" data-id=\"c781c95\" data-element_type=\"section\">\n\t\t\t\t\t\t<div class=\"elementor-container elementor-column-gap-default\">\n\t\t\t\t\t<div class=\"elementor-column elementor-col-100 elementor-top-column elementor-element elementor-element-85abe57\" data-id=\"85abe57\" data-element_type=\"column\">\n\t\t\t<div class=\"elementor-widget-wrap elementor-element-populated\">\n\t\t\t\t\t\t<div class=\"elementor-element elementor-element-09608e9 elementor-widget elementor-widget-text-editor\" data-id=\"09608e9\" data-element_type=\"widget\" data-widget_type=\"text-editor.default\">\n\t\t\t\t<div class=\"elementor-widget-container\">\n\t\t\t\t\t\t\t\t\t<h2 style=\"text-align: left;\">Lourdes, cuando se est\u00e1 enfermo: para encontrar la paz&#8230;<\/h2><p style=\"text-align: left;\">\u00abHe estado a punto de morir tres veces\u00bb, dice Sylvie Huchet, una francesa de 44 a\u00f1os de la Vend\u00e9e y hu\u00e9sped habitual del Accueil Notre-Dame. \u00abUna vez, llegu\u00e9 a Lourdes molida como un grano de trigo. Estaba con asistencia respiratoria, tendida en una camilla con una bomba de morfina. Solo ped\u00ed una cosa cuando llegu\u00e9 a la Gruta: &#171;\u00a1Madre Mar\u00eda, ll\u00e9vame al cielo!\u201d En el fondo, todav\u00eda ten\u00eda ganas de vivir, pero ya no ten\u00eda la fuerza para soportar el sufrimiento. Quer\u00eda encontrar la paz&#8230; eterna\u00bb. En 1992, tras un accidente de tr\u00e1fico, Sylvie contrajo una enfermedad nosocomial, la \u00abenfermedad de los hospitales\u00bb. \u00abSoy portadora de un estafilococo, explica. Me han operado 44 veces. Hoy, he conseguido olvidar la enfermedad&#8230; \u00a1pero no el dolor!\u00bb Contin\u00faa: \u00abNecesito ir a Lourdes, tengo fe. Siempre voy a las piscinas y lloro. Un d\u00eda, recib\u00ed una verdadera curaci\u00f3n aqu\u00ed: ten\u00eda un absceso en el coraz\u00f3n y fue perforado. Necesitaba perdonar y por fin pude hacerlo: recib\u00ed una gracia de paz\u00bb.<\/p>\t\t\t\t\t\t\t\t<\/div>\n\t\t\t\t<\/div>\n\t\t\t\t\t<\/div>\n\t\t<\/div>\n\t\t\t\t\t<\/div>\n\t\t<\/section>\n\t\t\t\t<section class=\"elementor-section elementor-top-section elementor-element elementor-element-8d9faad elementor-section-boxed elementor-section-height-default elementor-section-height-default\" data-id=\"8d9faad\" data-element_type=\"section\">\n\t\t\t\t\t\t<div class=\"elementor-container elementor-column-gap-default\">\n\t\t\t\t\t<div class=\"elementor-column elementor-col-100 elementor-top-column elementor-element elementor-element-9663c3c\" data-id=\"9663c3c\" data-element_type=\"column\">\n\t\t\t<div class=\"elementor-widget-wrap elementor-element-populated\">\n\t\t\t\t\t\t<div class=\"elementor-element elementor-element-89380d0 elementor-widget elementor-widget-text-editor\" data-id=\"89380d0\" data-element_type=\"widget\" data-widget_type=\"text-editor.default\">\n\t\t\t\t<div class=\"elementor-widget-container\">\n\t\t\t\t\t\t\t\t\t<h2 style=\"text-align: left;\">Lourdes, cuando se est\u00e1 enfermo: para tomar un descanso espiritual&#8230;<\/h2><p style=\"text-align: left;\">Situado cerca de la puerta de San Jos\u00e9 del Santuario, el Accueil Marie Saint-Frai, dirigido por religiosas, es otro lugar donde se pueden alojar los peregrinos enfermos. En este lugar se encuentra Claire Abou Karam, una libanesa de 30 a\u00f1os. \u00abAquejada de una enfermedad neuromuscular similar a la miopat\u00eda, pude venir de Beirut a Lourdes en avi\u00f3n con la Orden de Malta\u00bb, confiesa. \u00abNo estoy buscando una curaci\u00f3n. Estoy aqu\u00ed para hacer un alto en mi vida, para meditar la Palabra de Dios y para encontrarme con la Virgen Mar\u00eda en su Santuario\u00bb. Su felicidad en la vida proviene de su fe y de su familia: una madre, una hermana y hermanos, sin olvidar a su padre, Edouard, que se fue al cielo y del que se siente muy cerca en Lourdes, en la comuni\u00f3n de los santos. Y a\u00f1ade con una sonrisa: \u00abEl amor nunca muere\u00bb.<\/p>\t\t\t\t\t\t\t\t<\/div>\n\t\t\t\t<\/div>\n\t\t\t\t\t<\/div>\n\t\t<\/div>\n\t\t\t\t\t<\/div>\n\t\t<\/section>\n\t\t\t\t<section class=\"elementor-section elementor-top-section elementor-element elementor-element-0c7e582 elementor-section-boxed elementor-section-height-default elementor-section-height-default\" data-id=\"0c7e582\" data-element_type=\"section\">\n\t\t\t\t\t\t<div class=\"elementor-container elementor-column-gap-default\">\n\t\t\t\t\t<div class=\"elementor-column elementor-col-100 elementor-top-column elementor-element elementor-element-aa53b2c\" data-id=\"aa53b2c\" data-element_type=\"column\">\n\t\t\t<div class=\"elementor-widget-wrap elementor-element-populated\">\n\t\t\t\t\t\t<div class=\"elementor-element elementor-element-2884072 elementor-widget elementor-widget-image\" data-id=\"2884072\" data-element_type=\"widget\" data-widget_type=\"image.default\">\n\t\t\t\t<div class=\"elementor-widget-container\">\n\t\t\t\t\t\t\t\t\t\t\t\t\t\t\t<img decoding=\"async\" width=\"500\" height=\"333\" src=\"https:\/\/www.lourdes-france.org\/wp-content\/uploads\/2022\/03\/Vignette_malades2_500x333px.jpg\" class=\"attachment-large size-large wp-image-848507\" alt=\"\" srcset=\"https:\/\/www.lourdes-france.org\/wp-content\/uploads\/2022\/03\/Vignette_malades2_500x333px.jpg 500w, https:\/\/www.lourdes-france.org\/wp-content\/uploads\/2022\/03\/Vignette_malades2_500x333px-300x200.jpg 300w\" sizes=\"(max-width: 500px) 100vw, 500px\" \/>\t\t\t\t\t\t\t\t\t\t\t\t\t\t\t<\/div>\n\t\t\t\t<\/div>\n\t\t\t\t\t<\/div>\n\t\t<\/div>\n\t\t\t\t\t<\/div>\n\t\t<\/section>\n\t\t\t\t<section class=\"elementor-section elementor-top-section elementor-element elementor-element-5ea28b6 elementor-section-boxed elementor-section-height-default elementor-section-height-default\" data-id=\"5ea28b6\" data-element_type=\"section\">\n\t\t\t\t\t\t<div class=\"elementor-container elementor-column-gap-default\">\n\t\t\t\t\t<div class=\"elementor-column elementor-col-100 elementor-top-column elementor-element elementor-element-339dae8\" data-id=\"339dae8\" data-element_type=\"column\">\n\t\t\t<div class=\"elementor-widget-wrap elementor-element-populated\">\n\t\t\t\t\t\t<div class=\"elementor-element elementor-element-f1106b3 elementor-widget elementor-widget-text-editor\" data-id=\"f1106b3\" data-element_type=\"widget\" data-widget_type=\"text-editor.default\">\n\t\t\t\t<div class=\"elementor-widget-container\">\n\t\t\t\t\t\t\t\t\t<h2 style=\"text-align: left;\">Lourdes, cuando se est\u00e1 enfermo: para salir de la soledad&#8230;<\/h2><p style=\"text-align: left;\">Los enfermos tambi\u00e9n se alojan en hoteles. Es el caso, por ejemplo, de Dominique Gardeil de 65 a\u00f1os. Este franc\u00e9s de Grenoble se aloja este a\u00f1o en el hotel Arcades. Vino a Lourdes participando en la peregrinaci\u00f3n de los enfermos de Parkinson. \u00abUn d\u00eda quise firmar un cheque y no pude hacerlo\u00bb, explica. Ese fue el primer s\u00edntoma de la enfermedad. Dos meses despu\u00e9s, fue diagnosticado neurol\u00f3gicamente: Parkinson. \u00abMe sometieron a una cirug\u00eda de estimulaci\u00f3n cerebral profunda hace cuatro a\u00f1os. Ayud\u00f3 a frenar el proceso destructivo de la enfermedad\u00bb. Dominique se alegra de seguir \u00abvivo e independiente\u00bb. Como presidente de la asociaci\u00f3n que organiza la peregrinaci\u00f3n, considera que Lourdes es una oportunidad para vivir un momento especial con los amigos. Dice: \u00abLa peregrinaci\u00f3n me da valor y fuerza para afrontar la vida cotidiana. Ahora, gracias a la experiencia de Lourdes, s\u00e9 que ya no estoy solo\u00bb.<\/p>\t\t\t\t\t\t\t\t<\/div>\n\t\t\t\t<\/div>\n\t\t\t\t\t<\/div>\n\t\t<\/div>\n\t\t\t\t\t<\/div>\n\t\t<\/section>\n\t\t\t\t<section class=\"elementor-section elementor-top-section elementor-element elementor-element-fa32ba0 elementor-section-boxed elementor-section-height-default elementor-section-height-default\" data-id=\"fa32ba0\" data-element_type=\"section\">\n\t\t\t\t\t\t<div class=\"elementor-container elementor-column-gap-default\">\n\t\t\t\t\t<div class=\"elementor-column elementor-col-100 elementor-top-column elementor-element elementor-element-e4320ca\" data-id=\"e4320ca\" data-element_type=\"column\">\n\t\t\t<div class=\"elementor-widget-wrap elementor-element-populated\">\n\t\t\t\t\t\t<div class=\"elementor-element elementor-element-81025d3 elementor-widget elementor-widget-text-editor\" data-id=\"81025d3\" data-element_type=\"widget\" data-widget_type=\"text-editor.default\">\n\t\t\t\t<div class=\"elementor-widget-container\">\n\t\t\t\t\t\t\t\t\t<h2 style=\"text-align: left;\">\u00abTodos necesitamos curaci\u00f3n\u00bb<\/h2><p style=\"text-align: left;\"><i>\u00abEn Lourdes, la curaci\u00f3n es posible a nivel f\u00edsico, espiritual y moral. Pero lo que Cristo desea sobre todo para cada uno de nosotros es la curaci\u00f3n espiritual. Todos estamos enfermos del coraz\u00f3n. La enfermedad espiritual es el pecado. Todos necesitamos curarnos\u00bb. <\/i>El cardenal B\u00e9chara Ra\u00ef, patriarca maronita liban\u00e9s, en Lourdes.<\/p>\t\t\t\t\t\t\t\t<\/div>\n\t\t\t\t<\/div>\n\t\t\t\t\t<\/div>\n\t\t<\/div>\n\t\t\t\t\t<\/div>\n\t\t<\/section>\n\t\t\t\t<section class=\"elementor-section elementor-top-section elementor-element elementor-element-453384a elementor-section-boxed elementor-section-height-default elementor-section-height-default\" data-id=\"453384a\" data-element_type=\"section\">\n\t\t\t\t\t\t<div class=\"elementor-container elementor-column-gap-default\">\n\t\t\t\t\t<div class=\"elementor-column elementor-col-33 elementor-top-column elementor-element elementor-element-ef2de77\" data-id=\"ef2de77\" data-element_type=\"column\">\n\t\t\t<div class=\"elementor-widget-wrap elementor-element-populated\">\n\t\t\t\t\t\t<div class=\"elementor-element elementor-element-eb056c8 elementor-align-center elementor-widget elementor-widget-button\" data-id=\"eb056c8\" data-element_type=\"widget\" data-widget_type=\"button.default\">\n\t\t\t\t<div class=\"elementor-widget-container\">\n\t\t\t\t\t\t\t\t\t<div class=\"elementor-button-wrapper\">\n\t\t\t\t\t<a class=\"elementor-button elementor-button-link elementor-size-sm\" href=\"https:\/\/www.lourdes-france.com\/es\/quest-ce-quun-pelerinage\/\" target=\"_blank\">\n\t\t\t\t\t\t<span class=\"elementor-button-content-wrapper\">\n\t\t\t\t\t\t\t\t\t<span class=\"elementor-button-text\">\u00bfQU\u00c9 ES UNA PEREGRINACI\u00d3N?<\/span>\n\t\t\t\t\t<\/span>\n\t\t\t\t\t<\/a>\n\t\t\t\t<\/div>\n\t\t\t\t\t\t\t\t<\/div>\n\t\t\t\t<\/div>\n\t\t\t\t\t<\/div>\n\t\t<\/div>\n\t\t\t\t<div class=\"elementor-column elementor-col-33 elementor-top-column elementor-element elementor-element-89cadd1\" data-id=\"89cadd1\" data-element_type=\"column\">\n\t\t\t<div class=\"elementor-widget-wrap elementor-element-populated\">\n\t\t\t\t\t\t<div class=\"elementor-element elementor-element-04cba2c elementor-align-center elementor-widget elementor-widget-button\" data-id=\"04cba2c\" data-element_type=\"widget\" data-widget_type=\"button.default\">\n\t\t\t\t<div class=\"elementor-widget-container\">\n\t\t\t\t\t\t\t\t\t<div class=\"elementor-button-wrapper\">\n\t\t\t\t\t<a class=\"elementor-button elementor-button-link elementor-size-sm\" href=\"https:\/\/www.lourdes-france.com\/es\/rejoindre-un-pelerinage\/\" target=\"_blank\">\n\t\t\t\t\t\t<span class=\"elementor-button-content-wrapper\">\n\t\t\t\t\t\t\t\t\t<span class=\"elementor-button-text\">PARTICIPAR EN UNA PEREGRINACI\u00d3N<\/span>\n\t\t\t\t\t<\/span>\n\t\t\t\t\t<\/a>\n\t\t\t\t<\/div>\n\t\t\t\t\t\t\t\t<\/div>\n\t\t\t\t<\/div>\n\t\t\t\t\t<\/div>\n\t\t<\/div>\n\t\t\t\t<div class=\"elementor-column elementor-col-33 elementor-top-column elementor-element elementor-element-ae41ae4\" data-id=\"ae41ae4\" data-element_type=\"column\">\n\t\t\t<div class=\"elementor-widget-wrap elementor-element-populated\">\n\t\t\t\t\t\t<div class=\"elementor-element elementor-element-ba13602 elementor-align-center elementor-widget elementor-widget-button\" data-id=\"ba13602\" data-element_type=\"widget\" data-widget_type=\"button.default\">\n\t\t\t\t<div class=\"elementor-widget-container\">\n\t\t\t\t\t\t\t\t\t<div class=\"elementor-button-wrapper\">\n\t\t\t\t\t<a class=\"elementor-button elementor-button-link elementor-size-sm\" href=\"https:\/\/www.lourdes-france.com\/es\/organiser-un-pelerinage\/\" target=\"_blank\">\n\t\t\t\t\t\t<span class=\"elementor-button-content-wrapper\">\n\t\t\t\t\t\t\t\t\t<span class=\"elementor-button-text\">ORGANIZAR UNA PEREGRINACI\u00d3N<\/span>\n\t\t\t\t\t<\/span>\n\t\t\t\t\t<\/a>\n\t\t\t\t<\/div>\n\t\t\t\t\t\t\t\t<\/div>\n\t\t\t\t<\/div>\n\t\t\t\t\t<\/div>\n\t\t<\/div>\n\t\t\t\t\t<\/div>\n\t\t<\/section>\n\t\t\t\t<\/div>\n\t\t","protected":false},"excerpt":{"rendered":"<p>\u00bfPor qu\u00e9 Lourdes atrae a los enfermos? Lourdes, cuando se est\u00e1 enfermo: creer en lo imposible&#8230; Desde la terraza del Accueil Notre-Dame donde se aloja en el Santuario, Sasha, una americana de 26 a\u00f1os que padece un c\u00e1ncer de cerebro &hellip; <a href=\"https:\/\/www.lourdes-france.org\/es\/lesperance-des-malades\/\">Continuar<\/a><\/p>\n","protected":false},"author":7,"featured_media":0,"parent":0,"menu_order":0,"comment_status":"closed","ping_status":"closed","template":"","meta":{"_acf_changed":false,"footnotes":""},"class_list":["post-870420","page","type-page","status-publish","hentry"],"acf":[],"yoast_head":"<!-- This site is optimized with the Yoast SEO plugin v24.7 - https:\/\/yoast.com\/wordpress\/plugins\/seo\/ -->\n<title>L&#039;esp\u00e9rance des malades<\/title>\n<meta name=\"robots\" content=\"index, follow, max-snippet:-1, max-image-preview:large, max-video-preview:-1\" \/>\n<link rel=\"canonical\" href=\"https:\/\/preprod-lourdes.cawita.com\/es\/lesperance-des-malades\/\" \/>\n<meta name=\"twitter:label1\" content=\"Tiempo de lectura\" \/>\n\t<meta name=\"twitter:data1\" content=\"5 minutos\" \/>\n<script type=\"application\/ld+json\" class=\"yoast-schema-graph\">{\"@context\":\"https:\/\/schema.org\",\"@graph\":[{\"@type\":\"WebPage\",\"@id\":\"https:\/\/preprod-lourdes.cawita.com\/es\/lesperance-des-malades\/\",\"url\":\"https:\/\/preprod-lourdes.cawita.com\/es\/lesperance-des-malades\/\",\"name\":\"L'esp\u00e9rance des malades\",\"isPartOf\":{\"@id\":\"https:\/\/preprod-lourdes.cawita.com\/#website\"},\"primaryImageOfPage\":{\"@id\":\"https:\/\/preprod-lourdes.cawita.com\/es\/lesperance-des-malades\/#primaryimage\"},\"image\":{\"@id\":\"https:\/\/preprod-lourdes.cawita.com\/es\/lesperance-des-malades\/#primaryimage\"},\"thumbnailUrl\":\"https:\/\/www.lourdes-france.org\/wp-content\/uploads\/2022\/03\/Vignette_Esperance_malades_1200x800px.jpg\",\"datePublished\":\"2022-03-24T09:45:23+00:00\",\"dateModified\":\"2022-09-13T07:36:36+00:00\",\"breadcrumb\":{\"@id\":\"https:\/\/preprod-lourdes.cawita.com\/es\/lesperance-des-malades\/#breadcrumb\"},\"inLanguage\":\"es\",\"potentialAction\":[{\"@type\":\"ReadAction\",\"target\":[\"https:\/\/preprod-lourdes.cawita.com\/es\/lesperance-des-malades\/\"]}]},{\"@type\":\"ImageObject\",\"inLanguage\":\"es\",\"@id\":\"https:\/\/preprod-lourdes.cawita.com\/es\/lesperance-des-malades\/#primaryimage\",\"url\":\"https:\/\/www.lourdes-france.org\/wp-content\/uploads\/2022\/03\/Vignette_Esperance_malades_1200x800px.jpg\",\"contentUrl\":\"https:\/\/www.lourdes-france.org\/wp-content\/uploads\/2022\/03\/Vignette_Esperance_malades_1200x800px.jpg\"},{\"@type\":\"BreadcrumbList\",\"@id\":\"https:\/\/preprod-lourdes.cawita.com\/es\/lesperance-des-malades\/#breadcrumb\",\"itemListElement\":[{\"@type\":\"ListItem\",\"position\":1,\"name\":\"Accueil\",\"item\":\"https:\/\/www.lourdes-france.org\/\"},{\"@type\":\"ListItem\",\"position\":2,\"name\":\"L&rsquo;esp\u00e9rance des malades\"}]},{\"@type\":\"WebSite\",\"@id\":\"https:\/\/preprod-lourdes.cawita.com\/#website\",\"url\":\"https:\/\/preprod-lourdes.cawita.com\/\",\"name\":\"Soutenir le Sanctuaire Notre-Dame de Lourdes\",\"description\":\"\",\"potentialAction\":[{\"@type\":\"SearchAction\",\"target\":{\"@type\":\"EntryPoint\",\"urlTemplate\":\"https:\/\/preprod-lourdes.cawita.com\/?s={search_term_string}\"},\"query-input\":{\"@type\":\"PropertyValueSpecification\",\"valueRequired\":true,\"valueName\":\"search_term_string\"}}],\"inLanguage\":\"es\"}]}<\/script>\n<!-- \/ Yoast SEO plugin. -->","yoast_head_json":{"title":"L'esp\u00e9rance des malades","robots":{"index":"index","follow":"follow","max-snippet":"max-snippet:-1","max-image-preview":"max-image-preview:large","max-video-preview":"max-video-preview:-1"},"canonical":"https:\/\/preprod-lourdes.cawita.com\/es\/lesperance-des-malades\/","twitter_misc":{"Tiempo de lectura":"5 minutos"},"schema":{"@context":"https:\/\/schema.org","@graph":[{"@type":"WebPage","@id":"https:\/\/preprod-lourdes.cawita.com\/es\/lesperance-des-malades\/","url":"https:\/\/preprod-lourdes.cawita.com\/es\/lesperance-des-malades\/","name":"L'esp\u00e9rance des malades","isPartOf":{"@id":"https:\/\/preprod-lourdes.cawita.com\/#website"},"primaryImageOfPage":{"@id":"https:\/\/preprod-lourdes.cawita.com\/es\/lesperance-des-malades\/#primaryimage"},"image":{"@id":"https:\/\/preprod-lourdes.cawita.com\/es\/lesperance-des-malades\/#primaryimage"},"thumbnailUrl":"https:\/\/www.lourdes-france.org\/wp-content\/uploads\/2022\/03\/Vignette_Esperance_malades_1200x800px.jpg","datePublished":"2022-03-24T09:45:23+00:00","dateModified":"2022-09-13T07:36:36+00:00","breadcrumb":{"@id":"https:\/\/preprod-lourdes.cawita.com\/es\/lesperance-des-malades\/#breadcrumb"},"inLanguage":"es","potentialAction":[{"@type":"ReadAction","target":["https:\/\/preprod-lourdes.cawita.com\/es\/lesperance-des-malades\/"]}]},{"@type":"ImageObject","inLanguage":"es","@id":"https:\/\/preprod-lourdes.cawita.com\/es\/lesperance-des-malades\/#primaryimage","url":"https:\/\/www.lourdes-france.org\/wp-content\/uploads\/2022\/03\/Vignette_Esperance_malades_1200x800px.jpg","contentUrl":"https:\/\/www.lourdes-france.org\/wp-content\/uploads\/2022\/03\/Vignette_Esperance_malades_1200x800px.jpg"},{"@type":"BreadcrumbList","@id":"https:\/\/preprod-lourdes.cawita.com\/es\/lesperance-des-malades\/#breadcrumb","itemListElement":[{"@type":"ListItem","position":1,"name":"Accueil","item":"https:\/\/www.lourdes-france.org\/"},{"@type":"ListItem","position":2,"name":"L&rsquo;esp\u00e9rance des malades"}]},{"@type":"WebSite","@id":"https:\/\/preprod-lourdes.cawita.com\/#website","url":"https:\/\/preprod-lourdes.cawita.com\/","name":"Soutenir le Sanctuaire Notre-Dame de Lourdes","description":"","potentialAction":[{"@type":"SearchAction","target":{"@type":"EntryPoint","urlTemplate":"https:\/\/preprod-lourdes.cawita.com\/?s={search_term_string}"},"query-input":{"@type":"PropertyValueSpecification","valueRequired":true,"valueName":"search_term_string"}}],"inLanguage":"es"}]}},"_links":{"self":[{"href":"https:\/\/www.lourdes-france.org\/es\/wp-json\/wp\/v2\/pages\/870420","targetHints":{"allow":["GET"]}}],"collection":[{"href":"https:\/\/www.lourdes-france.org\/es\/wp-json\/wp\/v2\/pages"}],"about":[{"href":"https:\/\/www.lourdes-france.org\/es\/wp-json\/wp\/v2\/types\/page"}],"author":[{"embeddable":true,"href":"https:\/\/www.lourdes-france.org\/es\/wp-json\/wp\/v2\/users\/7"}],"replies":[{"embeddable":true,"href":"https:\/\/www.lourdes-france.org\/es\/wp-json\/wp\/v2\/comments?post=870420"}],"version-history":[{"count":3,"href":"https:\/\/www.lourdes-france.org\/es\/wp-json\/wp\/v2\/pages\/870420\/revisions"}],"predecessor-version":[{"id":870424,"href":"https:\/\/www.lourdes-france.org\/es\/wp-json\/wp\/v2\/pages\/870420\/revisions\/870424"}],"wp:attachment":[{"href":"https:\/\/www.lourdes-france.org\/es\/wp-json\/wp\/v2\/media?parent=870420"}],"curies":[{"name":"wp","href":"https:\/\/api.w.org\/{rel}","templated":true}]}}