{"id":870783,"date":"2022-08-31T14:56:58","date_gmt":"2022-08-31T12:56:58","guid":{"rendered":"https:\/\/www.lourdes-france.org\/organiser-un-pelerinage-a-lourdes\/"},"modified":"2026-01-19T15:22:08","modified_gmt":"2026-01-19T14:22:08","slug":"organizar-una-peregrinacion-a-lourdes","status":"publish","type":"page","link":"https:\/\/www.lourdes-france.org\/es\/las-peregrinaciones-de-lourdes\/organizar-una-peregrinacion-a-lourdes\/","title":{"rendered":"Organizar una peregrinaci\u00f3n a Lourdes"},"content":{"rendered":"\t\t<div data-elementor-type=\"wp-page\" data-elementor-id=\"870783\" class=\"elementor elementor-870783 elementor-867539\" data-elementor-post-type=\"page\">\n\t\t\t\t\t\t<section class=\"elementor-section elementor-top-section elementor-element elementor-element-80a47e2 elementor-section-full_width elementor-section-stretched elementor-section-height-default elementor-section-height-default\" data-id=\"80a47e2\" data-element_type=\"section\" data-settings=\"{&quot;stretch_section&quot;:&quot;section-stretched&quot;,&quot;background_background&quot;:&quot;classic&quot;}\">\n\t\t\t\t\t\t<div class=\"elementor-container elementor-column-gap-default\">\n\t\t\t\t\t<div class=\"elementor-column elementor-col-100 elementor-top-column elementor-element elementor-element-abbe646\" data-id=\"abbe646\" data-element_type=\"column\">\n\t\t\t<div class=\"elementor-widget-wrap elementor-element-populated\">\n\t\t\t\t\t\t<div class=\"elementor-element elementor-element-cd73a3b elementor-widget elementor-widget-spacer\" data-id=\"cd73a3b\" data-element_type=\"widget\" data-widget_type=\"spacer.default\">\n\t\t\t\t<div class=\"elementor-widget-container\">\n\t\t\t\t\t\t\t<div class=\"elementor-spacer\">\n\t\t\t<div class=\"elementor-spacer-inner\"><\/div>\n\t\t<\/div>\n\t\t\t\t\t\t<\/div>\n\t\t\t\t<\/div>\n\t\t\t\t\t<\/div>\n\t\t<\/div>\n\t\t\t\t\t<\/div>\n\t\t<\/section>\n\t\t\t\t<section class=\"elementor-section elementor-top-section elementor-element elementor-element-84b00b2 elementor-section-full_width elementor-section-height-default elementor-section-height-default\" data-id=\"84b00b2\" data-element_type=\"section\" data-settings=\"{&quot;background_background&quot;:&quot;classic&quot;}\">\n\t\t\t\t\t\t<div class=\"elementor-container elementor-column-gap-default\">\n\t\t\t\t\t<div class=\"elementor-column elementor-col-100 elementor-top-column elementor-element elementor-element-a499f34\" data-id=\"a499f34\" data-element_type=\"column\">\n\t\t\t<div class=\"elementor-widget-wrap elementor-element-populated\">\n\t\t\t\t\t\t<div class=\"elementor-element elementor-element-a2a138c elementor-widget elementor-widget-spacer\" data-id=\"a2a138c\" data-element_type=\"widget\" data-widget_type=\"spacer.default\">\n\t\t\t\t<div class=\"elementor-widget-container\">\n\t\t\t\t\t\t\t<div class=\"elementor-spacer\">\n\t\t\t<div class=\"elementor-spacer-inner\"><\/div>\n\t\t<\/div>\n\t\t\t\t\t\t<\/div>\n\t\t\t\t<\/div>\n\t\t\t\t<div class=\"elementor-element elementor-element-d9c6d58 elementor-widget elementor-widget-heading\" data-id=\"d9c6d58\" data-element_type=\"widget\" data-widget_type=\"heading.default\">\n\t\t\t\t<div class=\"elementor-widget-container\">\n\t\t\t\t\t<h2 class=\"elementor-heading-title elementor-size-default\">Organizar una peregrinaci\u00f3n a Lourdes<\/h2>\t\t\t\t<\/div>\n\t\t\t\t<\/div>\n\t\t\t\t<div class=\"elementor-element elementor-element-8b9c1ec elementor-widget elementor-widget-heading\" data-id=\"8b9c1ec\" data-element_type=\"widget\" data-widget_type=\"heading.default\">\n\t\t\t\t<div class=\"elementor-widget-container\">\n\t\t\t\t\t<h2 class=\"elementor-heading-title elementor-size-default\">_________________<\/h2>\t\t\t\t<\/div>\n\t\t\t\t<\/div>\n\t\t\t\t<div class=\"elementor-element elementor-element-45d60c5 elementor-widget elementor-widget-text-editor\" data-id=\"45d60c5\" data-element_type=\"widget\" data-widget_type=\"text-editor.default\">\n\t\t\t\t<div class=\"elementor-widget-container\">\n\t\t\t\t\t\t\t\t\t<p style=\"text-align: center;\"><strong>\u00bfPiensan venir a Lourdes en grupo? \u00bfEn una peregrinaci\u00f3n? \u00bfEn preparaci\u00f3n para los sacramentos? Por un tiempo espiritual, \u00bftres o cuatro d\u00edas? \u00bfCon enfermos, ancianos o j\u00f3venes? Directores de peregrinaci\u00f3n o presidentes de hospitalidad, responsables de grupos, catequistas, sacerdotes, capellanes, agencias de viajes&#8230; bienvenidos.<\/strong><\/p>\t\t\t\t\t\t\t\t<\/div>\n\t\t\t\t<\/div>\n\t\t\t\t<div class=\"elementor-element elementor-element-a528cbe elementor-widget elementor-widget-text-editor\" data-id=\"a528cbe\" data-element_type=\"widget\" data-widget_type=\"text-editor.default\">\n\t\t\t\t<div class=\"elementor-widget-container\">\n\t\t\t\t\t\t\t\t\t<p>El Santuario de Lourdes es un importante lugar de peregrinaci\u00f3n que acoge, en particular, a muchos j\u00f3venes, enfermos o discapacitados y personas vulnerables. Atento a sus necesidades y a su protecci\u00f3n, el Santuario de Nuestra Se\u00f1ora de Lourdes ha puesto en marcha una normativa para la protecci\u00f3n de menores y personas vulnerables, as\u00ed como herramientas de sensibilizaci\u00f3n e informaci\u00f3n para los organizadores de peregrinaciones.<\/p>\t\t\t\t\t\t\t\t<\/div>\n\t\t\t\t<\/div>\n\t\t\t\t<div class=\"elementor-element elementor-element-933e5a5 elementor-align-center elementor-widget elementor-widget-button\" data-id=\"933e5a5\" data-element_type=\"widget\" data-widget_type=\"button.default\">\n\t\t\t\t<div class=\"elementor-widget-container\">\n\t\t\t\t\t\t\t\t\t<div class=\"elementor-button-wrapper\">\n\t\t\t\t\t<a class=\"elementor-button elementor-button-link elementor-size-sm\" href=\"https:\/\/lourdes-opal.fr\" target=\"_blank\">\n\t\t\t\t\t\t<span class=\"elementor-button-content-wrapper\">\n\t\t\t\t\t\t\t\t\t<span class=\"elementor-button-text\">Acceso a la plataforma de reservas OPAL<\/span>\n\t\t\t\t\t<\/span>\n\t\t\t\t\t<\/a>\n\t\t\t\t<\/div>\n\t\t\t\t\t\t\t\t<\/div>\n\t\t\t\t<\/div>\n\t\t\t\t<div class=\"elementor-element elementor-element-19a59b3 elementor-align-center elementor-widget elementor-widget-button\" data-id=\"19a59b3\" data-element_type=\"widget\" data-widget_type=\"button.default\">\n\t\t\t\t<div class=\"elementor-widget-container\">\n\t\t\t\t\t\t\t\t\t<div class=\"elementor-button-wrapper\">\n\t\t\t\t\t<a class=\"elementor-button elementor-button-link elementor-size-sm\" href=\"https:\/\/www.lourdes-france.org\/wp-content\/uploads\/2025\/05\/DEFplan-sanctuaire-nord_compressed.pdf\" target=\"_blank\">\n\t\t\t\t\t\t<span class=\"elementor-button-content-wrapper\">\n\t\t\t\t\t\t\t\t\t<span class=\"elementor-button-text\">Mapa del santuario<\/span>\n\t\t\t\t\t<\/span>\n\t\t\t\t\t<\/a>\n\t\t\t\t<\/div>\n\t\t\t\t\t\t\t\t<\/div>\n\t\t\t\t<\/div>\n\t\t\t\t<div class=\"elementor-element elementor-element-d7c027c elementor-align-center elementor-widget elementor-widget-button\" data-id=\"d7c027c\" data-element_type=\"widget\" data-widget_type=\"button.default\">\n\t\t\t\t<div class=\"elementor-widget-container\">\n\t\t\t\t\t\t\t\t\t<div class=\"elementor-button-wrapper\">\n\t\t\t\t\t<a class=\"elementor-button elementor-button-link elementor-size-sm\" href=\"https:\/\/www.lourdes-france.org\/es\/personnes-vulnerables\/\" target=\"_blank\">\n\t\t\t\t\t\t<span class=\"elementor-button-content-wrapper\">\n\t\t\t\t\t\t\t\t\t<span class=\"elementor-button-text\">Normativa para la protecci\u00f3n de menores y personas vulnerables<\/span>\n\t\t\t\t\t<\/span>\n\t\t\t\t\t<\/a>\n\t\t\t\t<\/div>\n\t\t\t\t\t\t\t\t<\/div>\n\t\t\t\t<\/div>\n\t\t\t\t<div class=\"elementor-element elementor-element-98aaf5e elementor-widget elementor-widget-text-editor\" data-id=\"98aaf5e\" data-element_type=\"widget\" data-widget_type=\"text-editor.default\">\n\t\t\t\t<div class=\"elementor-widget-container\">\n\t\t\t\t\t\t\t\t\t<h2>RESERVA DE LUGARES DE CULTO Y ACTIVIDADES PASTORALES<\/h2><div>\u00a0<\/div><p><b>MEDIADOS DE ENERO DE 2024 &#8211; <\/b>Comisi\u00f3n de Calendario<br \/>Definici\u00f3n de las fechas de las peregrinaciones de 2025<\/p><p><b>FINES DE ENERO DE 2024 &#8211; <\/b>Confirmaci\u00f3n de las reservas 2025<\/p><p><b>MEDIADOS DE NOVIEMBRE DE 2024 &#8211; <\/b>Recogida de solicitudes de reserva<br \/>desde la plataforma<\/p><p><b>ENERO &#8211; COMIENZO DE FEBRERO DE 2025 &#8211; <\/b>Confirmaci\u00f3n de las reservas<br \/>desde la plataforma<\/p><p><b>FEBRERO &#171;JORNADAS DE LOURDES&#187; &#8211; <\/b>Si fuera necesario, ajustes e intercambios entre peregrinaciones sobre las celebraciones comunes 2025<\/p><p><b>D\u00cdA DE LLEGADA \u2013 <\/b>Acogida en el servicio de planificaci\u00f3n<br \/>Reuni\u00f3n lit\u00fargica a las 13.30 horas<\/p>\t\t\t\t\t\t\t\t<\/div>\n\t\t\t\t<\/div>\n\t\t\t\t<div class=\"elementor-element elementor-element-a75a47a elementor-widget elementor-widget-text-editor\" data-id=\"a75a47a\" data-element_type=\"widget\" data-widget_type=\"text-editor.default\">\n\t\t\t\t<div class=\"elementor-widget-container\">\n\t\t\t\t\t\t\t\t\t<h2>RESERVA EN LOS ALOJAMIENTOS DEL SANTUARIO<\/h2><p><b>ENTRE 4 Y 6 MESES ANTES DE LA LLEGADA\u00a0\u2013<\/b>\u00a0Recepci\u00f3n del archivo de asignaci\u00f3n (Excel) :<br \/>Resumen de las zonas asignadas al Accueil Notre-Dame con el n\u00famero de habitaciones y camas reservadas.<br \/>Indicaci\u00f3n del n\u00famero de habitaciones en los dem\u00e1s <a href=\"https:\/\/www.lourdes-france.org\/es\/alojamientos-propuestos-por-el-santuario\/\" target=\"_blank\" rel=\"noopener\">alojamientos<\/a> (para los hospitalarios).<br \/>Vuelta del expediente por parte de los jefes de grupo.<br \/>Env\u00edo del contrato a trav\u00e9s de DocuSign.<\/p><p><b>UNO A DOS MESES ANTES DE LA FECHA DE LLEGADA\u00a0\u2013<\/b>\u00a0Ajustes en el n\u00famero de habitaciones<br \/>Por zona del Accueil Notre-Dame o en los otros alojamientos, por el responsable del grupo.<br \/>Vuelta del contrato firmado.<\/p><p><b>UN MES ANTES DE LA FECHA DE LLEGADA\u00a0\u2013<\/b>\u00a0Fin de los ajustes gratuitos.<br \/>Cualquier anulaci\u00f3n conllevar\u00e1 penalizaciones.<br \/>&#8211; Recepci\u00f3n del expediente de reserva de la restauraci\u00f3n, del material m\u00e9dico, de las salas de tr\u00e1nsito y de las capillas del Accueil Notre-Dame (documentos Excel).<br \/>&#8211; Recepci\u00f3n de la lista de participantes a rellenar (Excel).<\/p><p><b>15 D\u00cdAS ANTES DE LA FECHA DE LLEGADA\u00a0\u2013<\/b>\u00a0Entrega de la lista de participantes para el Accueil Notre-Dame y los dem\u00e1s alojamientos del Santuario.<br \/>Entrega del expediente de restauraci\u00f3n, del material m\u00e9dico y de las reservas de habitaciones (Accueil Notre-Dame).<\/p><p><b>TRES D\u00cdAS ANTES DE LA FECHA DE LLEGADA\u00a0\u2013\u00a0<\/b>Si es necesario, cambios en la lista de personas alojadas.<\/p><p><b>D\u00cdA DE LLEGADA\u00a0\u2013\u00a0<\/b>Reuni\u00f3n con el responsable del grupo.<br \/>Cambios finales en la lista de participantes y resumen de la estancia.<br \/>Presentaci\u00f3n del Servicio de Acogida como persona de contacto durante la peregrinaci\u00f3n.<\/p>\t\t\t\t\t\t\t\t<\/div>\n\t\t\t\t<\/div>\n\t\t\t\t<div class=\"elementor-element elementor-element-080a342 elementor-align-center elementor-widget elementor-widget-button\" data-id=\"080a342\" data-element_type=\"widget\" data-widget_type=\"button.default\">\n\t\t\t\t<div class=\"elementor-widget-container\">\n\t\t\t\t\t\t\t\t\t<div class=\"elementor-button-wrapper\">\n\t\t\t\t\t<a class=\"elementor-button elementor-button-link elementor-size-sm\" href=\"https:\/\/resa.lourdes-france.org\/\" target=\"_blank\">\n\t\t\t\t\t\t<span class=\"elementor-button-content-wrapper\">\n\t\t\t\t\t\t\t\t\t<span class=\"elementor-button-text\">Acceso a la plataforma de reservas<\/span>\n\t\t\t\t\t<\/span>\n\t\t\t\t\t<\/a>\n\t\t\t\t<\/div>\n\t\t\t\t\t\t\t\t<\/div>\n\t\t\t\t<\/div>\n\t\t\t\t<div class=\"elementor-element elementor-element-ad260bf elementor-widget elementor-widget-text-editor\" data-id=\"ad260bf\" data-element_type=\"widget\" data-widget_type=\"text-editor.default\">\n\t\t\t\t<div class=\"elementor-widget-container\">\n\t\t\t\t\t\t\t\t\t<h2>UNASE A LA RED DE \u00abPEREGRINOS VIGILANTES\u00bb<\/h2><p>Cada semana, los \u00ab<strong>Peregrinos Vigilantes<\/strong>\u00bb contribuyen activamente a la <strong>seguridad del Santuario de Lourdes<\/strong>. De forma voluntaria, se encargan de observar su entorno e informar al Puesto Central de Seguridad sobre cualquier comportamiento sospechoso, todo ello sin dejar de vivir su peregrinaci\u00f3n con normalidad.<\/p><p>Para <strong>formar parte de esta red<\/strong>, los directores de cada peregrinaci\u00f3n deber\u00e1n inscribir en OPAL a los <strong>voluntarios seleccionados<\/strong>. Estos recibir\u00e1n una breve formaci\u00f3n de sensibilizaci\u00f3n que les permitir\u00e1 participar de manera puntual en esta labor de <strong>vigilancia solidaria<\/strong>. Se trata de un compromiso cristiano al servicio de este lugar de culto emblem\u00e1tico y, al mismo tiempo, de una experiencia enriquecedora basada en el <strong>esp\u00edritu de solidaridad y responsabilidad<\/strong>.<\/p>\t\t\t\t\t\t\t\t<\/div>\n\t\t\t\t<\/div>\n\t\t\t\t<div class=\"elementor-element elementor-element-19f6841 elementor-widget elementor-widget-text-editor\" data-id=\"19f6841\" data-element_type=\"widget\" data-widget_type=\"text-editor.default\">\n\t\t\t\t<div class=\"elementor-widget-container\">\n\t\t\t\t\t\t\t\t\t<h2>PARA AYUDARLE, ACONSEJARLE Y ACOGERLE<\/h2><p><strong>Departamento de Reservas \/ PLANIFICACI\u00d3N<\/strong><br \/><a href=\"mailto:reservation@lourdes-france.com\">reservation@lourdes-france.com<\/a><br \/><a href=\"http:\/\/+33 (0)5 62 42 79 02\" data-wplink-url-error=\"true\">+33 (0)5 62 42 79 02<\/a><\/p><p><strong>Departamento de Reservas \/ ALOJAMIENTO<\/strong><br \/><a href=\"mailto:hebergement@lourdes-france.com\">hebergement@lourdes-france.com<\/a><br \/><a href=\"http:\/\/+33 (0)5 62 42 80 40\" data-wplink-url-error=\"true\">+33 (0)5 62 42 80 40<\/a><\/p><p><strong>Informaci\u00f3n y reservas en la Ciudad de los J\u00f3venes<\/strong><br \/><a href=\"mailto:village.jeunes@lourdes-france.com\">village.jeunes@lourdes-france.com<\/a><br \/><a href=\"http:\/\/+33 (0)5 62 42 79 95\" data-wplink-url-error=\"true\">+33 (0)5 62 42 79 95<\/a><\/p><p><strong>\u00abPeregrinos Vigilantes\u00bb &#8211; Bastien Challier<\/strong><br \/>Servicio de Prevenci\u00f3n y Seguridad \/ Santuario de Nuestra Se\u00f1ora de Lourdes<br \/><a href=\"mailto:bastien.challier@lourdes-france.com\">bastien.challier@lourdes-france.com<\/a><br \/><a href=\"http:\/\/06 40 77 44 08\" data-wplink-url-error=\"true\">06 40 77 44 08<\/a> \u2013 <a href=\"http:\/\/+33 (0)5 62 42 79 85\" data-wplink-url-error=\"true\">+33 (0)5 62 42 79 85<\/a><\/p>\t\t\t\t\t\t\t\t<\/div>\n\t\t\t\t<\/div>\n\t\t\t\t<div class=\"elementor-element elementor-element-8c3436e elementor-view-default elementor-widget elementor-widget-icon\" data-id=\"8c3436e\" data-element_type=\"widget\" data-widget_type=\"icon.default\">\n\t\t\t\t<div class=\"elementor-widget-container\">\n\t\t\t\t\t\t\t<div class=\"elementor-icon-wrapper\">\n\t\t\t<div class=\"elementor-icon\">\n\t\t\t<i aria-hidden=\"true\" class=\"fas fa-church\"><\/i>\t\t\t<\/div>\n\t\t<\/div>\n\t\t\t\t\t\t<\/div>\n\t\t\t\t<\/div>\n\t\t\t\t\t<\/div>\n\t\t<\/div>\n\t\t\t\t\t<\/div>\n\t\t<\/section>\n\t\t\t\t<\/div>\n\t\t","protected":false},"excerpt":{"rendered":"<p>Organizar una peregrinaci\u00f3n a Lourdes _________________ \u00bfPiensan venir a Lourdes en grupo? \u00bfEn una peregrinaci\u00f3n? \u00bfEn preparaci\u00f3n para los sacramentos? Por un tiempo espiritual, \u00bftres o cuatro d\u00edas? \u00bfCon enfermos, ancianos o j\u00f3venes? Directores de peregrinaci\u00f3n o presidentes de hospitalidad, &hellip; <a href=\"https:\/\/www.lourdes-france.org\/es\/las-peregrinaciones-de-lourdes\/organizar-una-peregrinacion-a-lourdes\/\">Continuar<\/a><\/p>\n","protected":false},"author":7,"featured_media":156673,"parent":866357,"menu_order":0,"comment_status":"closed","ping_status":"closed","template":"","meta":{"_acf_changed":false,"footnotes":""},"class_list":["post-870783","page","type-page","status-publish","has-post-thumbnail","hentry"],"acf":[],"yoast_head":"<!-- This site is optimized with the Yoast SEO plugin v24.7 - https:\/\/yoast.com\/wordpress\/plugins\/seo\/ -->\n<title>Organizar una peregrinaci\u00f3n a Lourdes<\/title>\n<meta name=\"description\" content=\"\u00bfEs usted director de peregrinaciones, responsable de grupo, sacerdote... y desea organizar una peregrinaci\u00f3n a Lourdes? Aqu\u00ed tiene algunos datos pr\u00e1cticos.\" \/>\n<meta name=\"robots\" content=\"index, follow, max-snippet:-1, max-image-preview:large, max-video-preview:-1\" \/>\n<link rel=\"canonical\" href=\"https:\/\/www.lourdes-france.org\/es\/las-peregrinaciones-de-lourdes\/organizar-una-peregrinacion-a-lourdes\/\" \/>\n<meta name=\"twitter:label1\" content=\"Tiempo de lectura\" \/>\n\t<meta name=\"twitter:data1\" content=\"3 minutos\" \/>\n<script type=\"application\/ld+json\" class=\"yoast-schema-graph\">{\"@context\":\"https:\/\/schema.org\",\"@graph\":[{\"@type\":\"WebPage\",\"@id\":\"https:\/\/www.lourdes-france.org\/es\/las-peregrinaciones-de-lourdes\/organizar-una-peregrinacion-a-lourdes\/\",\"url\":\"https:\/\/www.lourdes-france.org\/es\/las-peregrinaciones-de-lourdes\/organizar-una-peregrinacion-a-lourdes\/\",\"name\":\"Organizar una peregrinaci\u00f3n a Lourdes\",\"isPartOf\":{\"@id\":\"https:\/\/preprod-lourdes.cawita.com\/#website\"},\"primaryImageOfPage\":{\"@id\":\"https:\/\/www.lourdes-france.org\/es\/las-peregrinaciones-de-lourdes\/organizar-una-peregrinacion-a-lourdes\/#primaryimage\"},\"image\":{\"@id\":\"https:\/\/www.lourdes-france.org\/es\/las-peregrinaciones-de-lourdes\/organizar-una-peregrinacion-a-lourdes\/#primaryimage\"},\"thumbnailUrl\":\"https:\/\/www.lourdes-france.org\/wp-content\/uploads\/2019\/09\/DIAPORAMA_PHOTO-6_reduit_ROSAIRE-PAGE-1LNEWS_HOSPITALIER_MALADE_56237e896e_o.jpg\",\"datePublished\":\"2022-08-31T12:56:58+00:00\",\"dateModified\":\"2026-01-19T14:22:08+00:00\",\"description\":\"\u00bfEs usted director de peregrinaciones, responsable de grupo, sacerdote... y desea organizar una peregrinaci\u00f3n a Lourdes? Aqu\u00ed tiene algunos datos pr\u00e1cticos.\",\"breadcrumb\":{\"@id\":\"https:\/\/www.lourdes-france.org\/es\/las-peregrinaciones-de-lourdes\/organizar-una-peregrinacion-a-lourdes\/#breadcrumb\"},\"inLanguage\":\"es\",\"potentialAction\":[{\"@type\":\"ReadAction\",\"target\":[\"https:\/\/www.lourdes-france.org\/es\/las-peregrinaciones-de-lourdes\/organizar-una-peregrinacion-a-lourdes\/\"]}]},{\"@type\":\"ImageObject\",\"inLanguage\":\"es\",\"@id\":\"https:\/\/www.lourdes-france.org\/es\/las-peregrinaciones-de-lourdes\/organizar-una-peregrinacion-a-lourdes\/#primaryimage\",\"url\":\"https:\/\/www.lourdes-france.org\/wp-content\/uploads\/2019\/09\/DIAPORAMA_PHOTO-6_reduit_ROSAIRE-PAGE-1LNEWS_HOSPITALIER_MALADE_56237e896e_o.jpg\",\"contentUrl\":\"https:\/\/www.lourdes-france.org\/wp-content\/uploads\/2019\/09\/DIAPORAMA_PHOTO-6_reduit_ROSAIRE-PAGE-1LNEWS_HOSPITALIER_MALADE_56237e896e_o.jpg\",\"width\":1200,\"height\":800,\"caption\":\"Organiser un p\u00e8lerinage \u00e0 Lourdes\"},{\"@type\":\"BreadcrumbList\",\"@id\":\"https:\/\/www.lourdes-france.org\/es\/las-peregrinaciones-de-lourdes\/organizar-una-peregrinacion-a-lourdes\/#breadcrumb\",\"itemListElement\":[{\"@type\":\"ListItem\",\"position\":1,\"name\":\"Accueil\",\"item\":\"https:\/\/www.lourdes-france.org\/\"},{\"@type\":\"ListItem\",\"position\":2,\"name\":\"Las peregrinaciones\",\"item\":\"https:\/\/www.lourdes-france.org\/es\/las-peregrinaciones-de-lourdes\/\"},{\"@type\":\"ListItem\",\"position\":3,\"name\":\"Organizar una peregrinaci\u00f3n a Lourdes\"}]},{\"@type\":\"WebSite\",\"@id\":\"https:\/\/preprod-lourdes.cawita.com\/#website\",\"url\":\"https:\/\/preprod-lourdes.cawita.com\/\",\"name\":\"Soutenir le Sanctuaire Notre-Dame de Lourdes\",\"description\":\"\",\"potentialAction\":[{\"@type\":\"SearchAction\",\"target\":{\"@type\":\"EntryPoint\",\"urlTemplate\":\"https:\/\/preprod-lourdes.cawita.com\/?s={search_term_string}\"},\"query-input\":{\"@type\":\"PropertyValueSpecification\",\"valueRequired\":true,\"valueName\":\"search_term_string\"}}],\"inLanguage\":\"es\"}]}<\/script>\n<!-- \/ Yoast SEO plugin. -->","yoast_head_json":{"title":"Organizar una peregrinaci\u00f3n a Lourdes","description":"\u00bfEs usted director de peregrinaciones, responsable de grupo, sacerdote... y desea organizar una peregrinaci\u00f3n a Lourdes? Aqu\u00ed tiene algunos datos pr\u00e1cticos.","robots":{"index":"index","follow":"follow","max-snippet":"max-snippet:-1","max-image-preview":"max-image-preview:large","max-video-preview":"max-video-preview:-1"},"canonical":"https:\/\/www.lourdes-france.org\/es\/las-peregrinaciones-de-lourdes\/organizar-una-peregrinacion-a-lourdes\/","twitter_misc":{"Tiempo de lectura":"3 minutos"},"schema":{"@context":"https:\/\/schema.org","@graph":[{"@type":"WebPage","@id":"https:\/\/www.lourdes-france.org\/es\/las-peregrinaciones-de-lourdes\/organizar-una-peregrinacion-a-lourdes\/","url":"https:\/\/www.lourdes-france.org\/es\/las-peregrinaciones-de-lourdes\/organizar-una-peregrinacion-a-lourdes\/","name":"Organizar una peregrinaci\u00f3n a Lourdes","isPartOf":{"@id":"https:\/\/preprod-lourdes.cawita.com\/#website"},"primaryImageOfPage":{"@id":"https:\/\/www.lourdes-france.org\/es\/las-peregrinaciones-de-lourdes\/organizar-una-peregrinacion-a-lourdes\/#primaryimage"},"image":{"@id":"https:\/\/www.lourdes-france.org\/es\/las-peregrinaciones-de-lourdes\/organizar-una-peregrinacion-a-lourdes\/#primaryimage"},"thumbnailUrl":"https:\/\/www.lourdes-france.org\/wp-content\/uploads\/2019\/09\/DIAPORAMA_PHOTO-6_reduit_ROSAIRE-PAGE-1LNEWS_HOSPITALIER_MALADE_56237e896e_o.jpg","datePublished":"2022-08-31T12:56:58+00:00","dateModified":"2026-01-19T14:22:08+00:00","description":"\u00bfEs usted director de peregrinaciones, responsable de grupo, sacerdote... y desea organizar una peregrinaci\u00f3n a Lourdes? Aqu\u00ed tiene algunos datos pr\u00e1cticos.","breadcrumb":{"@id":"https:\/\/www.lourdes-france.org\/es\/las-peregrinaciones-de-lourdes\/organizar-una-peregrinacion-a-lourdes\/#breadcrumb"},"inLanguage":"es","potentialAction":[{"@type":"ReadAction","target":["https:\/\/www.lourdes-france.org\/es\/las-peregrinaciones-de-lourdes\/organizar-una-peregrinacion-a-lourdes\/"]}]},{"@type":"ImageObject","inLanguage":"es","@id":"https:\/\/www.lourdes-france.org\/es\/las-peregrinaciones-de-lourdes\/organizar-una-peregrinacion-a-lourdes\/#primaryimage","url":"https:\/\/www.lourdes-france.org\/wp-content\/uploads\/2019\/09\/DIAPORAMA_PHOTO-6_reduit_ROSAIRE-PAGE-1LNEWS_HOSPITALIER_MALADE_56237e896e_o.jpg","contentUrl":"https:\/\/www.lourdes-france.org\/wp-content\/uploads\/2019\/09\/DIAPORAMA_PHOTO-6_reduit_ROSAIRE-PAGE-1LNEWS_HOSPITALIER_MALADE_56237e896e_o.jpg","width":1200,"height":800,"caption":"Organiser un p\u00e8lerinage \u00e0 Lourdes"},{"@type":"BreadcrumbList","@id":"https:\/\/www.lourdes-france.org\/es\/las-peregrinaciones-de-lourdes\/organizar-una-peregrinacion-a-lourdes\/#breadcrumb","itemListElement":[{"@type":"ListItem","position":1,"name":"Accueil","item":"https:\/\/www.lourdes-france.org\/"},{"@type":"ListItem","position":2,"name":"Las peregrinaciones","item":"https:\/\/www.lourdes-france.org\/es\/las-peregrinaciones-de-lourdes\/"},{"@type":"ListItem","position":3,"name":"Organizar una peregrinaci\u00f3n a Lourdes"}]},{"@type":"WebSite","@id":"https:\/\/preprod-lourdes.cawita.com\/#website","url":"https:\/\/preprod-lourdes.cawita.com\/","name":"Soutenir le Sanctuaire Notre-Dame de Lourdes","description":"","potentialAction":[{"@type":"SearchAction","target":{"@type":"EntryPoint","urlTemplate":"https:\/\/preprod-lourdes.cawita.com\/?s={search_term_string}"},"query-input":{"@type":"PropertyValueSpecification","valueRequired":true,"valueName":"search_term_string"}}],"inLanguage":"es"}]}},"_links":{"self":[{"href":"https:\/\/www.lourdes-france.org\/es\/wp-json\/wp\/v2\/pages\/870783","targetHints":{"allow":["GET"]}}],"collection":[{"href":"https:\/\/www.lourdes-france.org\/es\/wp-json\/wp\/v2\/pages"}],"about":[{"href":"https:\/\/www.lourdes-france.org\/es\/wp-json\/wp\/v2\/types\/page"}],"author":[{"embeddable":true,"href":"https:\/\/www.lourdes-france.org\/es\/wp-json\/wp\/v2\/users\/7"}],"replies":[{"embeddable":true,"href":"https:\/\/www.lourdes-france.org\/es\/wp-json\/wp\/v2\/comments?post=870783"}],"version-history":[{"count":3,"href":"https:\/\/www.lourdes-france.org\/es\/wp-json\/wp\/v2\/pages\/870783\/revisions"}],"predecessor-version":[{"id":1096400,"href":"https:\/\/www.lourdes-france.org\/es\/wp-json\/wp\/v2\/pages\/870783\/revisions\/1096400"}],"up":[{"embeddable":true,"href":"https:\/\/www.lourdes-france.org\/es\/wp-json\/wp\/v2\/pages\/866357"}],"wp:featuredmedia":[{"embeddable":true,"href":"https:\/\/www.lourdes-france.org\/es\/wp-json\/wp\/v2\/media\/156673"}],"wp:attachment":[{"href":"https:\/\/www.lourdes-france.org\/es\/wp-json\/wp\/v2\/media?parent=870783"}],"curies":[{"name":"wp","href":"https:\/\/api.w.org\/{rel}","templated":true}]}}