{"id":8781,"date":"2018-08-02T11:39:30","date_gmt":"2018-08-02T09:39:30","guid":{"rendered":"https:\/\/www.lourdes-france.org\/hebergements-sanctuaire\/"},"modified":"2025-09-12T14:47:20","modified_gmt":"2025-09-12T12:47:20","slug":"alojamientos-propuestos-por-el-santuario","status":"publish","type":"page","link":"https:\/\/www.lourdes-france.org\/es\/alojamientos-propuestos-por-el-santuario\/","title":{"rendered":"Alojamientos propuestos por el Santuario"},"content":{"rendered":"\t\t<div data-elementor-type=\"wp-post\" data-elementor-id=\"8781\" class=\"elementor elementor-8781 elementor-3697\" data-elementor-post-type=\"page\">\n\t\t\t\t\t\t<section class=\"elementor-section elementor-top-section elementor-element elementor-element-c698783 elementor-section-full_width elementor-section-stretched elementor-section-height-default elementor-section-height-default\" data-id=\"c698783\" data-element_type=\"section\" data-settings=\"{&quot;stretch_section&quot;:&quot;section-stretched&quot;,&quot;background_background&quot;:&quot;classic&quot;}\">\n\t\t\t\t\t\t<div class=\"elementor-container elementor-column-gap-default\">\n\t\t\t\t\t<div class=\"elementor-column elementor-col-100 elementor-top-column elementor-element elementor-element-eb29d13\" data-id=\"eb29d13\" data-element_type=\"column\">\n\t\t\t<div class=\"elementor-widget-wrap elementor-element-populated\">\n\t\t\t\t\t\t<div class=\"elementor-element elementor-element-41b188a elementor-widget elementor-widget-spacer\" data-id=\"41b188a\" data-element_type=\"widget\" data-widget_type=\"spacer.default\">\n\t\t\t\t<div class=\"elementor-widget-container\">\n\t\t\t\t\t\t\t<div class=\"elementor-spacer\">\n\t\t\t<div class=\"elementor-spacer-inner\"><\/div>\n\t\t<\/div>\n\t\t\t\t\t\t<\/div>\n\t\t\t\t<\/div>\n\t\t\t\t\t<\/div>\n\t\t<\/div>\n\t\t\t\t\t<\/div>\n\t\t<\/section>\n\t\t\t\t<section class=\"elementor-section elementor-top-section elementor-element elementor-element-b158632 elementor-section-full_width elementor-section-height-default elementor-section-height-default\" data-id=\"b158632\" data-element_type=\"section\" data-settings=\"{&quot;background_background&quot;:&quot;classic&quot;}\">\n\t\t\t\t\t\t<div class=\"elementor-container elementor-column-gap-default\">\n\t\t\t\t\t<div class=\"elementor-column elementor-col-100 elementor-top-column elementor-element elementor-element-3cf23de\" data-id=\"3cf23de\" data-element_type=\"column\">\n\t\t\t<div class=\"elementor-widget-wrap elementor-element-populated\">\n\t\t\t\t\t\t<div class=\"elementor-element elementor-element-1af2a22 elementor-widget elementor-widget-spacer\" data-id=\"1af2a22\" data-element_type=\"widget\" data-widget_type=\"spacer.default\">\n\t\t\t\t<div class=\"elementor-widget-container\">\n\t\t\t\t\t\t\t<div class=\"elementor-spacer\">\n\t\t\t<div class=\"elementor-spacer-inner\"><\/div>\n\t\t<\/div>\n\t\t\t\t\t\t<\/div>\n\t\t\t\t<\/div>\n\t\t\t\t<div class=\"elementor-element elementor-element-12783e9 elementor-widget elementor-widget-heading\" data-id=\"12783e9\" data-element_type=\"widget\" data-widget_type=\"heading.default\">\n\t\t\t\t<div class=\"elementor-widget-container\">\n\t\t\t\t\t<h2 class=\"elementor-heading-title elementor-size-default\">\u00adAlojamientos <br>del Santuario \n<\/h2>\t\t\t\t<\/div>\n\t\t\t\t<\/div>\n\t\t\t\t<div class=\"elementor-element elementor-element-60459fd elementor-widget elementor-widget-heading\" data-id=\"60459fd\" data-element_type=\"widget\" data-widget_type=\"heading.default\">\n\t\t\t\t<div class=\"elementor-widget-container\">\n\t\t\t\t\t<h2 class=\"elementor-heading-title elementor-size-default\">_________________<\/h2>\t\t\t\t<\/div>\n\t\t\t\t<\/div>\n\t\t\t\t<div class=\"elementor-element elementor-element-18d611b elementor-widget elementor-widget-text-editor\" data-id=\"18d611b\" data-element_type=\"widget\" data-widget_type=\"text-editor.default\">\n\t\t\t\t<div class=\"elementor-widget-container\">\n\t\t\t\t\t\t\t\t\t<p style=\"text-align: center;\"><strong>El Santuario de Lourdes dispone de m\u00faltiples lugares de alojamiento, especialmente dedicados a las personas enfermas y con discapacidad, a los j\u00f3venes y a quienes se ponen al servicio de los peregrinos.<\/strong><\/p><h2><b>Centro Accueil Notre-Dame<\/b><\/h2><p>Lugar de alojamiento \u00fanico, especialmente dedicado a los peregrinos enfermos que acuden a Lourdes acompa\u00f1ados, ya sea en el marco de una peregrinaci\u00f3n o un grupo organizado.<br \/><i><\/i><\/p><p><a href=\"https:\/\/www.lourdes-france.org\/es\/accueil-notre-dame\/\"><strong>&gt; Accueil Notre-Dame<\/strong><\/a><\/p><h2><b>Hospitalet<\/b><\/h2><p>Residencia destinada a los cuidadores, que se beneficia de la proximidad del Centro <i>Accueil Notre-Dame<\/i><i> <\/i>para asegurar una presencia a\u00fan m\u00e1s constante de hospitalarias y hospitalarios al servicio de los peregrinos enfermos.<\/p><h2><b>Casa abab Pomian<\/b><\/h2><p>Alojamiento destinado a sacerdotes de todo el mundo que prestan servicio en el Santuario durante un periodo determinado, por ejemplo, para confesar en la capilla de la reconciliaci\u00f3n.<\/p><p><strong><a href=\"https:\/\/www.lourdes-france.org\/?page_id=1023866&amp;preview=true\">&gt; <span class=\"s9\">Alojamiento <\/span><span class=\"s9\">para<\/span><span class=\"s9\"> sacerdotes<\/span>\u00a0<\/a><\/strong><\/p><h2><b>Casa Luisa y Francisco Soubirous<\/b><\/h2><p>Residencia destinada al alojamiento de seminaristas que prestan servicio en el Santuario a lo largo de todo el a\u00f1o, sobre todo durante el verano.<span class=\"Apple-converted-space\">\u00a0<\/span><\/p><h2><b>Foyer Ave Maria<\/b><\/h2><p>Hogar asociativo dedicado a los cuidadores, hospitalarias y hospitalarios que participan en las peregrinaciones organizadas.<\/p><h2><b>Casa Marta y Mar\u00eda<\/b><\/h2><p>Residencia destinada a los cientos de voluntarios del Santuario que se turnan a lo largo del a\u00f1o para acoger, guiar y servir en Lourdes.<br \/>Todos son recibidos por el Servicio Internacional de Voluntariado.<\/p><h2><b>Ciudad de los J\u00f3venes<span class=\"Apple-converted-space\">\u00a0<\/span><\/b><\/h2><p>Lugar de alojamiento espec\u00edfico y destinado a la acogida de grupos de j\u00f3venes en peregrinaci\u00f3n, as\u00ed como a grupos de scouts que prestan servicio en el Santuario.<\/p><p><strong><a href=\"https:\/\/www.lourdes-france.org\/es\/?page_id=1034941&amp;preview=true\">&gt; M\u00e1s informaci\u00f3n<span class=\"Apple-converted-space\">\u00a0<\/span><\/a><\/strong><\/p><p>Para los peregrinos que llegan de forma individual, solos o en familia, est\u00e1 disponible una plataforma para facilitar la preparaci\u00f3n de su estancia con nuestros hoteles colaboradores.<\/p>\t\t\t\t\t\t\t\t<\/div>\n\t\t\t\t<\/div>\n\t\t\t\t<div class=\"elementor-element elementor-element-d1699dd elementor-widget elementor-widget-image\" data-id=\"d1699dd\" data-element_type=\"widget\" data-widget_type=\"image.default\">\n\t\t\t\t<div class=\"elementor-widget-container\">\n\t\t\t\t\t\t\t\t\t\t\t\t\t\t\t\t<a href=\"https:\/\/www.lourdes-france.com\/es\/hotels\/\">\n\t\t\t\t\t\t\t<img fetchpriority=\"high\" decoding=\"async\" width=\"549\" height=\"364\" src=\"https:\/\/www.lourdes-france.org\/wp-content\/uploads\/2025\/08\/sticky-phone_es.png\" class=\"attachment-large size-large wp-image-1056314\" alt=\"\" srcset=\"https:\/\/www.lourdes-france.org\/wp-content\/uploads\/2025\/08\/sticky-phone_es.png 549w, https:\/\/www.lourdes-france.org\/wp-content\/uploads\/2025\/08\/sticky-phone_es-300x199.png 300w\" sizes=\"(max-width: 549px) 100vw, 549px\" \/>\t\t\t\t\t\t\t\t<\/a>\n\t\t\t\t\t\t\t\t\t\t\t\t\t\t\t<\/div>\n\t\t\t\t<\/div>\n\t\t\t\t<div class=\"elementor-element elementor-element-d90f607 elementor-widget elementor-widget-text-editor\" data-id=\"d90f607\" data-element_type=\"widget\" data-widget_type=\"text-editor.default\">\n\t\t\t\t<div class=\"elementor-widget-container\">\n\t\t\t\t\t\t\t\t\t<h2><b>Ciudad San Pedro en Lourdes (Secours Catholique)<\/b><\/h2><p>La Ciudad San Pedro es un lugar de alojamiento y un espacio de encuentro y convivencia para los peregrinos que viven en situaciones de precariedad y que no pueden permitirse alojarse en un hotel.<br \/>Cada visitante es recibido con dignidad y respeto, en un entorno donde el esp\u00edritu de la caridad cristiana se vive cotidianamente.<\/p><p><strong><a href=\"https:\/\/www.citesaintpierre.org\/sejourner\/\">&gt; Ciudad San Pedro<\/a><\/strong><\/p>\t\t\t\t\t\t\t\t<\/div>\n\t\t\t\t<\/div>\n\t\t\t\t<div class=\"elementor-element elementor-element-fc242a0 elementor-view-default elementor-widget elementor-widget-icon\" data-id=\"fc242a0\" data-element_type=\"widget\" data-widget_type=\"icon.default\">\n\t\t\t\t<div class=\"elementor-widget-container\">\n\t\t\t\t\t\t\t<div class=\"elementor-icon-wrapper\">\n\t\t\t<div class=\"elementor-icon\">\n\t\t\t<i aria-hidden=\"true\" class=\"fas fa-church\"><\/i>\t\t\t<\/div>\n\t\t<\/div>\n\t\t\t\t\t\t<\/div>\n\t\t\t\t<\/div>\n\t\t\t\t\t<\/div>\n\t\t<\/div>\n\t\t\t\t\t<\/div>\n\t\t<\/section>\n\t\t\t\t<\/div>\n\t\t","protected":false},"excerpt":{"rendered":"<p>\u00adAlojamientos del Santuario _________________ El Santuario de Lourdes dispone de m\u00faltiples lugares de alojamiento, especialmente dedicados a las personas enfermas y con discapacidad, a los j\u00f3venes y a quienes se ponen al servicio de los peregrinos. Centro Accueil Notre-Dame Lugar &hellip; <a href=\"https:\/\/www.lourdes-france.org\/es\/alojamientos-propuestos-por-el-santuario\/\">Continuar<\/a><\/p>\n","protected":false},"author":7,"featured_media":1057853,"parent":0,"menu_order":0,"comment_status":"closed","ping_status":"closed","template":"","meta":{"_acf_changed":false,"footnotes":""},"class_list":["post-8781","page","type-page","status-publish","has-post-thumbnail","hentry"],"acf":[],"yoast_head":"<!-- This site is optimized with the Yoast SEO plugin v24.7 - https:\/\/yoast.com\/wordpress\/plugins\/seo\/ -->\n<title>Alojamientos propuestos por el Santuario<\/title>\n<meta name=\"description\" content=\"El Santuario cuenta con varios alojamientos, especialmente destinados a personas enfermas, j\u00f3venes y personas al servicio de los peregrinos.\" \/>\n<meta name=\"robots\" content=\"index, follow, max-snippet:-1, max-image-preview:large, max-video-preview:-1\" \/>\n<link rel=\"canonical\" href=\"https:\/\/www.lourdes-france.org\/es\/alojamientos-propuestos-por-el-santuario\/\" \/>\n<meta name=\"twitter:label1\" content=\"Tiempo de lectura\" \/>\n\t<meta name=\"twitter:data1\" content=\"3 minutos\" \/>\n<script type=\"application\/ld+json\" class=\"yoast-schema-graph\">{\"@context\":\"https:\/\/schema.org\",\"@graph\":[{\"@type\":\"WebPage\",\"@id\":\"https:\/\/www.lourdes-france.org\/es\/alojamientos-propuestos-por-el-santuario\/\",\"url\":\"https:\/\/www.lourdes-france.org\/es\/alojamientos-propuestos-por-el-santuario\/\",\"name\":\"Alojamientos propuestos por el Santuario\",\"isPartOf\":{\"@id\":\"https:\/\/preprod-lourdes.cawita.com\/#website\"},\"primaryImageOfPage\":{\"@id\":\"https:\/\/www.lourdes-france.org\/es\/alojamientos-propuestos-por-el-santuario\/#primaryimage\"},\"image\":{\"@id\":\"https:\/\/www.lourdes-france.org\/es\/alojamientos-propuestos-por-el-santuario\/#primaryimage\"},\"thumbnailUrl\":\"https:\/\/www.lourdes-france.org\/wp-content\/uploads\/2025\/08\/ACCUEIL-NOTRE-DAME_mise_en_avant.jpg\",\"datePublished\":\"2018-08-02T09:39:30+00:00\",\"dateModified\":\"2025-09-12T12:47:20+00:00\",\"description\":\"El Santuario cuenta con varios alojamientos, especialmente destinados a personas enfermas, j\u00f3venes y personas al servicio de los peregrinos.\",\"breadcrumb\":{\"@id\":\"https:\/\/www.lourdes-france.org\/es\/alojamientos-propuestos-por-el-santuario\/#breadcrumb\"},\"inLanguage\":\"es\",\"potentialAction\":[{\"@type\":\"ReadAction\",\"target\":[\"https:\/\/www.lourdes-france.org\/es\/alojamientos-propuestos-por-el-santuario\/\"]}]},{\"@type\":\"ImageObject\",\"inLanguage\":\"es\",\"@id\":\"https:\/\/www.lourdes-france.org\/es\/alojamientos-propuestos-por-el-santuario\/#primaryimage\",\"url\":\"https:\/\/www.lourdes-france.org\/wp-content\/uploads\/2025\/08\/ACCUEIL-NOTRE-DAME_mise_en_avant.jpg\",\"contentUrl\":\"https:\/\/www.lourdes-france.org\/wp-content\/uploads\/2025\/08\/ACCUEIL-NOTRE-DAME_mise_en_avant.jpg\",\"width\":800,\"height\":533,\"caption\":\"Les h\u00e9bergements du Sanctuaire : L'Accueil Notre-Dame\"},{\"@type\":\"BreadcrumbList\",\"@id\":\"https:\/\/www.lourdes-france.org\/es\/alojamientos-propuestos-por-el-santuario\/#breadcrumb\",\"itemListElement\":[{\"@type\":\"ListItem\",\"position\":1,\"name\":\"Accueil\",\"item\":\"https:\/\/www.lourdes-france.org\/\"},{\"@type\":\"ListItem\",\"position\":2,\"name\":\"Alojamientos propuestos por el Santuario\"}]},{\"@type\":\"WebSite\",\"@id\":\"https:\/\/preprod-lourdes.cawita.com\/#website\",\"url\":\"https:\/\/preprod-lourdes.cawita.com\/\",\"name\":\"Soutenir le Sanctuaire Notre-Dame de Lourdes\",\"description\":\"\",\"potentialAction\":[{\"@type\":\"SearchAction\",\"target\":{\"@type\":\"EntryPoint\",\"urlTemplate\":\"https:\/\/preprod-lourdes.cawita.com\/?s={search_term_string}\"},\"query-input\":{\"@type\":\"PropertyValueSpecification\",\"valueRequired\":true,\"valueName\":\"search_term_string\"}}],\"inLanguage\":\"es\"}]}<\/script>\n<!-- \/ Yoast SEO plugin. -->","yoast_head_json":{"title":"Alojamientos propuestos por el Santuario","description":"El Santuario cuenta con varios alojamientos, especialmente destinados a personas enfermas, j\u00f3venes y personas al servicio de los peregrinos.","robots":{"index":"index","follow":"follow","max-snippet":"max-snippet:-1","max-image-preview":"max-image-preview:large","max-video-preview":"max-video-preview:-1"},"canonical":"https:\/\/www.lourdes-france.org\/es\/alojamientos-propuestos-por-el-santuario\/","twitter_misc":{"Tiempo de lectura":"3 minutos"},"schema":{"@context":"https:\/\/schema.org","@graph":[{"@type":"WebPage","@id":"https:\/\/www.lourdes-france.org\/es\/alojamientos-propuestos-por-el-santuario\/","url":"https:\/\/www.lourdes-france.org\/es\/alojamientos-propuestos-por-el-santuario\/","name":"Alojamientos propuestos por el Santuario","isPartOf":{"@id":"https:\/\/preprod-lourdes.cawita.com\/#website"},"primaryImageOfPage":{"@id":"https:\/\/www.lourdes-france.org\/es\/alojamientos-propuestos-por-el-santuario\/#primaryimage"},"image":{"@id":"https:\/\/www.lourdes-france.org\/es\/alojamientos-propuestos-por-el-santuario\/#primaryimage"},"thumbnailUrl":"https:\/\/www.lourdes-france.org\/wp-content\/uploads\/2025\/08\/ACCUEIL-NOTRE-DAME_mise_en_avant.jpg","datePublished":"2018-08-02T09:39:30+00:00","dateModified":"2025-09-12T12:47:20+00:00","description":"El Santuario cuenta con varios alojamientos, especialmente destinados a personas enfermas, j\u00f3venes y personas al servicio de los peregrinos.","breadcrumb":{"@id":"https:\/\/www.lourdes-france.org\/es\/alojamientos-propuestos-por-el-santuario\/#breadcrumb"},"inLanguage":"es","potentialAction":[{"@type":"ReadAction","target":["https:\/\/www.lourdes-france.org\/es\/alojamientos-propuestos-por-el-santuario\/"]}]},{"@type":"ImageObject","inLanguage":"es","@id":"https:\/\/www.lourdes-france.org\/es\/alojamientos-propuestos-por-el-santuario\/#primaryimage","url":"https:\/\/www.lourdes-france.org\/wp-content\/uploads\/2025\/08\/ACCUEIL-NOTRE-DAME_mise_en_avant.jpg","contentUrl":"https:\/\/www.lourdes-france.org\/wp-content\/uploads\/2025\/08\/ACCUEIL-NOTRE-DAME_mise_en_avant.jpg","width":800,"height":533,"caption":"Les h\u00e9bergements du Sanctuaire : L'Accueil Notre-Dame"},{"@type":"BreadcrumbList","@id":"https:\/\/www.lourdes-france.org\/es\/alojamientos-propuestos-por-el-santuario\/#breadcrumb","itemListElement":[{"@type":"ListItem","position":1,"name":"Accueil","item":"https:\/\/www.lourdes-france.org\/"},{"@type":"ListItem","position":2,"name":"Alojamientos propuestos por el Santuario"}]},{"@type":"WebSite","@id":"https:\/\/preprod-lourdes.cawita.com\/#website","url":"https:\/\/preprod-lourdes.cawita.com\/","name":"Soutenir le Sanctuaire Notre-Dame de Lourdes","description":"","potentialAction":[{"@type":"SearchAction","target":{"@type":"EntryPoint","urlTemplate":"https:\/\/preprod-lourdes.cawita.com\/?s={search_term_string}"},"query-input":{"@type":"PropertyValueSpecification","valueRequired":true,"valueName":"search_term_string"}}],"inLanguage":"es"}]}},"_links":{"self":[{"href":"https:\/\/www.lourdes-france.org\/es\/wp-json\/wp\/v2\/pages\/8781","targetHints":{"allow":["GET"]}}],"collection":[{"href":"https:\/\/www.lourdes-france.org\/es\/wp-json\/wp\/v2\/pages"}],"about":[{"href":"https:\/\/www.lourdes-france.org\/es\/wp-json\/wp\/v2\/types\/page"}],"author":[{"embeddable":true,"href":"https:\/\/www.lourdes-france.org\/es\/wp-json\/wp\/v2\/users\/7"}],"replies":[{"embeddable":true,"href":"https:\/\/www.lourdes-france.org\/es\/wp-json\/wp\/v2\/comments?post=8781"}],"version-history":[{"count":3,"href":"https:\/\/www.lourdes-france.org\/es\/wp-json\/wp\/v2\/pages\/8781\/revisions"}],"predecessor-version":[{"id":1067339,"href":"https:\/\/www.lourdes-france.org\/es\/wp-json\/wp\/v2\/pages\/8781\/revisions\/1067339"}],"wp:featuredmedia":[{"embeddable":true,"href":"https:\/\/www.lourdes-france.org\/es\/wp-json\/wp\/v2\/media\/1057853"}],"wp:attachment":[{"href":"https:\/\/www.lourdes-france.org\/es\/wp-json\/wp\/v2\/media?parent=8781"}],"curies":[{"name":"wp","href":"https:\/\/api.w.org\/{rel}","templated":true}]}}