{"id":9039,"date":"2018-08-07T12:16:36","date_gmt":"2018-08-07T10:16:36","guid":{"rendered":"https:\/\/www.lourdes-france.org\/bureau-constatations-medicales\/"},"modified":"2021-03-02T16:07:44","modified_gmt":"2021-03-02T15:07:44","slug":"oficina-constataciones-medicas-lourdes","status":"publish","type":"page","link":"https:\/\/www.lourdes-france.org\/es\/oficina-constataciones-medicas-lourdes\/","title":{"rendered":"La Oficina de las Constataciones m\u00e9dicas de Lourdes"},"content":{"rendered":"\t\t<div data-elementor-type=\"wp-post\" data-elementor-id=\"9039\" class=\"elementor elementor-9039 elementor-6067\" data-elementor-post-type=\"page\">\n\t\t\t\t\t\t<section class=\"elementor-section elementor-top-section elementor-element elementor-element-55ba2ce4 elementor-section-boxed elementor-section-height-default elementor-section-height-default\" data-id=\"55ba2ce4\" data-element_type=\"section\">\n\t\t\t\t\t\t<div class=\"elementor-container elementor-column-gap-no\">\n\t\t\t\t\t<div class=\"elementor-column elementor-col-100 elementor-top-column elementor-element elementor-element-d9345ca\" data-id=\"d9345ca\" data-element_type=\"column\">\n\t\t\t<div class=\"elementor-widget-wrap elementor-element-populated\">\n\t\t\t\t\t\t<div class=\"elementor-element elementor-element-7058e68 elementor-widget elementor-widget-text-editor\" data-id=\"7058e68\" data-element_type=\"widget\" data-widget_type=\"text-editor.default\">\n\t\t\t\t<div class=\"elementor-widget-container\">\n\t\t\t\t\t\t\t\t\t<p><strong>CONTACT<\/strong><br \/><strong>Oficina de las Constataciones m\u00e9dicas de Lourdes<\/strong><br \/>Santuario Nuestra Se\u00f1ora de Lourdes<br \/>65108 Lourdes Cedex Francia<br \/>Tfno. : +(33) 05 62 42 79 08<br \/><span style=\"color: #e8a702;\"><a style=\"color: #e8a702;\" href=\"\/es\/contact\/\" target=\"_blank\" rel=\"noopener\">enviar un e-mail<\/a><\/span><\/p>\t\t\t\t\t\t\t\t<\/div>\n\t\t\t\t<\/div>\n\t\t\t\t<div class=\"elementor-element elementor-element-76cc49f1 elementor-widget elementor-widget-text-editor\" data-id=\"76cc49f1\" data-element_type=\"widget\" data-widget_type=\"text-editor.default\">\n\t\t\t\t<div class=\"elementor-widget-container\">\n\t\t\t\t\t\t\t\t\t<span class=\"parcours-listparcours\">Mons. Bertrand-S\u00e9v\u00e8re Laurence, Obispo de Tarbes cuando firm\u00f3 su carta pastoral del 18 de enero de 1862, dando un juicio sobre las Apariciones de Lourdes, utiliz\u00f3 tres criterios para afirmar que la Inmaculada Concepci\u00f3n se hab\u00eda aparecido realmente a Bernardita Soubirous:\n<ul>\n \t<li>la fiabilidad de la vidente<\/li>\n \t<li>los frutos espirituales<\/li>\n \t<li>las curaciones del cuerpo<\/li>\n<\/ul>\nEse mismo d\u00eda (18 de enero de 1862) se declararon por decreto siete curaciones milagrosas, entre el centenar recogidas por el Profesor Henri Vergez.<\/span>\t\t\t\t\t\t\t\t<\/div>\n\t\t\t\t<\/div>\n\t\t\t\t<div class=\"elementor-element elementor-element-816ef23 elementor-widget elementor-widget-spacer\" data-id=\"816ef23\" data-element_type=\"widget\" data-widget_type=\"spacer.default\">\n\t\t\t\t<div class=\"elementor-widget-container\">\n\t\t\t\t\t\t\t<div class=\"elementor-spacer\">\n\t\t\t<div class=\"elementor-spacer-inner\"><\/div>\n\t\t<\/div>\n\t\t\t\t\t\t<\/div>\n\t\t\t\t<\/div>\n\t\t\t\t<div class=\"elementor-element elementor-element-4ce31cb elementor-widget elementor-widget-text-editor\" data-id=\"4ce31cb\" data-element_type=\"widget\" data-widget_type=\"text-editor.default\">\n\t\t\t\t<div class=\"elementor-widget-container\">\n\t\t\t\t\t\t\t\t\t<p>Por petici\u00f3n del P. R\u00e9mi Semp\u00e9, Padre Lourdista, primer Rector del Santuario, el Doctor Georges-Fernand Dunot de Saint Maclou fund\u00f3 la Oficina de Constataciones M\u00e9dicas en 1883 para que nadie volviera de Lourdes diciendo que hab\u00eda sido \u201ccurado\u201d sin haber sometido su historia de curaci\u00f3n a una verificaci\u00f3n m\u00e9dica colegial y rigurosa. As\u00ed se hizo permanente una actividad de consultas que hab\u00eda empezado a hacerse de manera puntual todos los veranos desde 1879.<\/p>\t\t\t\t\t\t\t\t<\/div>\n\t\t\t\t<\/div>\n\t\t\t\t<div class=\"elementor-element elementor-element-43514c2 elementor-widget elementor-widget-text-editor\" data-id=\"43514c2\" data-element_type=\"widget\" data-widget_type=\"text-editor.default\">\n\t\t\t\t<div class=\"elementor-widget-container\">\n\t\t\t\t\t\t\t\t\t<p>La carta del 3 de septiembre de 1886 del Arzobispo de Cagliari, Mons. Vincenzo Gregorio Berchialla, enviada desde Roma al Doctor Dunot de Saint-Maclou, relata la aprobaci\u00f3n del papa Le\u00f3n XIII de los procedimientos rigurosos de la Oficina\u00a0<sup>(1).<\/sup><\/p>\t\t\t\t\t\t\t\t<\/div>\n\t\t\t\t<\/div>\n\t\t\t\t<div class=\"elementor-element elementor-element-7daf3e0 elementor-widget elementor-widget-text-editor\" data-id=\"7daf3e0\" data-element_type=\"widget\" data-widget_type=\"text-editor.default\">\n\t\t\t\t<div class=\"elementor-widget-container\">\n\t\t\t\t\t\t\t\t\t<p>Despu\u00e9s de la muerte del Doctor Dunot de Saint-Maclou (1891), es en lo sucesivo el Obispo de la di\u00f3cesis de Tarbes quien nombra al nuevo m\u00e9dico permanente y por ello Presidente de la oficina de las Constataciones: en 1892, el Doctor Gustave Boissarie.<\/p>\t\t\t\t\t\t\t\t<\/div>\n\t\t\t\t<\/div>\n\t\t\t\t<div class=\"elementor-element elementor-element-ca828db elementor-widget elementor-widget-text-editor\" data-id=\"ca828db\" data-element_type=\"widget\" data-widget_type=\"text-editor.default\">\n\t\t\t\t<div class=\"elementor-widget-container\">\n\t\t\t\t\t\t\t\t\t<p>En 1904, con motivo de las celebraciones del 50 aniversario del Dogma de la Inmaculada Concepci\u00f3n, el Obispo de Tarbes, Mons. Fran\u00e7ois-Xavier Schoepfer, va a Roma con una delegaci\u00f3n oficial de la que forma parte el Doctor Boissarie. Para esta ocasi\u00f3n, con vistas a las celebraciones del 50 aniversario de las Apariciones, ciertas cuestiones pertinentes son discutidas en la Sede Apost\u00f3lica.<\/p>\t\t\t\t\t\t\t\t<\/div>\n\t\t\t\t<\/div>\n\t\t\t\t<div class=\"elementor-element elementor-element-9fe6c26 elementor-widget elementor-widget-text-editor\" data-id=\"9fe6c26\" data-element_type=\"widget\" data-widget_type=\"text-editor.default\">\n\t\t\t\t<div class=\"elementor-widget-container\">\n\t\t\t\t\t\t\t\t\t<p>En 1905, el Obispo de Tarbes &#8211; como guardi\u00e1n de la Gruta &#8211; ve confirmar por la Santa Sede el derecho a utilizar los procedimientos de la oficina de las Constataciones M\u00e9dicas para estudiar las curaciones declaradas. Este derecho est\u00e1 todav\u00eda vigente.<\/p>\t\t\t\t\t\t\t\t<\/div>\n\t\t\t\t<\/div>\n\t\t\t\t<div class=\"elementor-element elementor-element-fb6de27 elementor-widget elementor-widget-text-editor\" data-id=\"fb6de27\" data-element_type=\"widget\" data-widget_type=\"text-editor.default\">\n\t\t\t\t<div class=\"elementor-widget-container\">\n\t\t\t\t\t\t\t\t\t<span class=\"parcours-listparcours\">La expresi\u00f3n &#171;Oficina de las Constataciones M\u00e9dicas&#187; tiene dos sentidos.\n<ol>\n \t<li>Designa en primer lugar una oficina en el Santuario con personal permanente, entre el cual se encuentra un m\u00e9dico en activo que recibe las declaraciones y comienza un trabajo cr\u00edtico. El Doctor Alessandro de Franciscis, italiano, es as\u00ed el 15o Presidente de la Oficina. Est\u00e1 en funciones desde 2009.<\/li>\n \t<li>Si el caso parece serio, el m\u00e9dico convoca una &#171;Junta&#187;, es decir una reuni\u00f3n sobre la &#171;discusi\u00f3n de un caso cl\u00ednico&#187;, en la que pueden participar todos los m\u00e9dicos y sanitarios presentes en Lourdes, cualesquiera que sean sus convicciones religiosas.<\/li>\n<\/ol><\/span>\t\t\t\t\t\t\t\t<\/div>\n\t\t\t\t<\/div>\n\t\t\t\t<div class=\"elementor-element elementor-element-c0eb6f7 elementor-widget elementor-widget-spacer\" data-id=\"c0eb6f7\" data-element_type=\"widget\" data-widget_type=\"spacer.default\">\n\t\t\t\t<div class=\"elementor-widget-container\">\n\t\t\t\t\t\t\t<div class=\"elementor-spacer\">\n\t\t\t<div class=\"elementor-spacer-inner\"><\/div>\n\t\t<\/div>\n\t\t\t\t\t\t<\/div>\n\t\t\t\t<\/div>\n\t\t\t\t<div class=\"elementor-element elementor-element-2ec2431 elementor-widget elementor-widget-text-editor\" data-id=\"2ec2431\" data-element_type=\"widget\" data-widget_type=\"text-editor.default\">\n\t\t\t\t<div class=\"elementor-widget-container\">\n\t\t\t\t\t\t\t\t\t<p>Hoy, la mayor\u00eda de los m\u00e9dicos y profesionales sanitarios que vienen a Lourdes son miembros de la Asociaci\u00f3n M\u00e9dica Internacional de Nuestra Se\u00f1ora de Lourdes. El 6 de septiembre de 1925 el Diario de la Gruta, organismo oficial de la Peregrinaci\u00f3n y de la \u00abOficina de las Constataciones M\u00e9dicas\u00bb, anunciaba la creaci\u00f3n de una \u00abAsociaci\u00f3n M\u00e9dica de Nuestra Se\u00f1ora de Lourdes\u00bb por decisi\u00f3n de Monse\u00f1or Fran\u00e7ois-Xavier Sch\u0153pfer y del Doctor M. Petitpierre, Presidente interino de la oficina: bajo el t\u00edtulo de AML \u00abse ha creado, &#8211; entre todos los m\u00e9dicos cat\u00f3licos que participan en las Peregrinaciones de Lourdes o que se interesan directamente por las curaciones de Lourdes, &#8211; una Asociaci\u00f3n que tiene por objeto crear relaciones entre todos los colegas y facilitar as\u00ed el estudio de los hechos de Lourdes. (\u2026) La existencia de esta Asociaci\u00f3n no modificar\u00e1 en nada el funcionamiento de la oficina de las Constataciones M\u00e9dicas, que quedar\u00e1 abierta, como en el pasado, a todos los m\u00e9dicos, cat\u00f3licos o no\u00bb\u00a0<sup>(2).<\/sup><\/p>\t\t\t\t\t\t\t\t<\/div>\n\t\t\t\t<\/div>\n\t\t\t\t<div class=\"elementor-element elementor-element-dd9f09a elementor-widget elementor-widget-text-editor\" data-id=\"dd9f09a\" data-element_type=\"widget\" data-widget_type=\"text-editor.default\">\n\t\t\t\t<div class=\"elementor-widget-container\">\n\t\t\t\t\t\t\t\t\t<p>El Doctor Auguste Vallet, Presidente titular de la oficina (1927-1947), \u00abdespu\u00e9s de su llegada tom\u00f3 la iniciativa, muy r\u00e1pidamente, (&#8230;) de transformar en &#171;Internacional&#187; (&#8230;) la Asociaci\u00f3n M\u00e9dica de Nuestra Se\u00f1ora de Lourdes que se convirti\u00f3 en la Asociaci\u00f3n M\u00e9dica Internacional de Lourdes &#8211; m\u00e1s conocida bajo las siglas A.M.I.L. &#8211; con el fin de acercar a todos los m\u00e9dicos de todos los continentes que dec\u00edan estar unidos a Lourdes, despu\u00e9s de su paso por el Santuario. Esta cl\u00e1usula fue exigida y comprendemos f\u00e1cilmente las razones: era (y sin duda alguna sigue siendo) necesario que se conozcan claramente los t\u00edtulos que los candidatos pueden hacer valer o poseer para aspirar a ello y tambi\u00e9n su voluntad expresa. De entrada, esta creaci\u00f3n impuso la edici\u00f3n de un Bolet\u00edn, un \u00f3rgano trimestral, cuyo primer n\u00famero apareci\u00f3 ya en febrero de 1928 y que no ha dejado de editarse pr\u00e1cticamente desde entonces\u00bb\u00a0<sup>(3).<\/sup><\/p>\t\t\t\t\t\t\t\t<\/div>\n\t\t\t\t<\/div>\n\t\t\t\t<div class=\"elementor-element elementor-element-84ad602 elementor-widget elementor-widget-text-editor\" data-id=\"84ad602\" data-element_type=\"widget\" data-widget_type=\"text-editor.default\">\n\t\t\t\t<div class=\"elementor-widget-container\">\n\t\t\t\t\t\t\t\t\t<p>La AMIL reagrupa as\u00ed: la APIL (Asociaci\u00f3n Farmac\u00e9utica Internacional de Nuestra Se\u00f1ora de Lourdes, fundada en 1935); la ADIL (Asociaci\u00f3n Odontol\u00f3gica Internacional de Nuestra Se\u00f1ora de Lourdes, fundada en 1991); la AILACS (Asociaci\u00f3n Internacional de Nuestra Se\u00f1ora de Lourdes de Auxiliares de los Cuerpos de la Salud, fundada en 1993) y la AIIL (Asociaci\u00f3n de Enfermer\u00eda Internacional de Nuestra Se\u00f1ora de Lourdes, fundada en 2014). El Presidente de la oficina de Constataciones M\u00e9dicas profesionales es el Presidente de la AMIL. La sede de la AMIL se encuentra en la oficina de Constataciones M\u00e9dicas.<\/p>\t\t\t\t\t\t\t\t<\/div>\n\t\t\t\t<\/div>\n\t\t\t\t<div class=\"elementor-element elementor-element-cb10198 elementor-widget elementor-widget-text-editor\" data-id=\"cb10198\" data-element_type=\"widget\" data-widget_type=\"text-editor.default\">\n\t\t\t\t<div class=\"elementor-widget-container\">\n\t\t\t\t\t\t\t\t\t<p>Un Comit\u00e9 M\u00e9dico de Lourdes fue creado en 1947 por Monse\u00f1or Pierre-Marie Th\u00e9as, Obispo de Tarbes y Lourdes y por el Doctor Fran\u00e7ois Leuret, Presidente de la oficina de las Constataciones, cooptando a doctores o profesores, totalmente eminentes en sus especialidades respectivas. El Obispo quiso en 1954 que el Comit\u00e9 tomara una dimensi\u00f3n internacional. Los miembros del Comit\u00e9 M\u00e9dico Internacional de Lourdes est\u00e1n encargados de someter al juicio pericial, y eventualmente de &#171;certificar&#187; que el modo declarado &#171;inexplicado&#187; de curaci\u00f3n por la Oficina de Constataciones M\u00e9dicas de Lourdes es realmente \u00abinexplicado en el estado actual de los conocimientos cient\u00edficos\u00bb\u00a0<sup>(4).<\/sup><\/p>\t\t\t\t\t\t\t\t<\/div>\n\t\t\t\t<\/div>\n\t\t\t\t<div class=\"elementor-element elementor-element-771150c elementor-widget elementor-widget-text-editor\" data-id=\"771150c\" data-element_type=\"widget\" data-widget_type=\"text-editor.default\">\n\t\t\t\t<div class=\"elementor-widget-container\">\n\t\t\t\t\t\t\t\t\t<p>El Comit\u00e9 M\u00e9dico Internacional de Lourdes (C.M.I.L.) cuenta con una treintena de miembros. Actualmente est\u00e1 presidido conjuntamente por el Obispo de Tarbes y Lourdes, Monse\u00f1or Nicol\u00e1s Brouwet, y por uno de sus miembros, el Profesor Olivier Jonquet, designado por el Obispo por un mandato renovable. El Presidente de la oficina de las Constataciones M\u00e9dicas de Lourdes es el Secretario del Comit\u00e9.<\/p>\t\t\t\t\t\t\t\t<\/div>\n\t\t\t\t<\/div>\n\t\t\t\t<div class=\"elementor-element elementor-element-39b99f1 elementor-widget elementor-widget-text-editor\" data-id=\"39b99f1\" data-element_type=\"widget\" data-widget_type=\"text-editor.default\">\n\t\t\t\t<div class=\"elementor-widget-container\">\n\t\t\t\t\t\t\t\t\t<p><sup>(1)\u00a0<\/sup><em>Brustolon A., Georges-Fernand Dunot de Saint-Maclou &#8211; Il Dottore della Grotta \u00a9 2014 Editrice Velar, Gorle (BG), p\u00e1ginas 443-52<\/em><br \/><sup>(2)<\/sup><em>\u00a0Journal de la Grotte, Lourdes, Domingo 6 de septiembre de 1925, p\u00e1ginas 1 y 3<\/em><br \/><sup>(3)\u00a0<\/sup><em>Doctor Th\u00e9odore Mangiapan, Gu\u00e9risons de Lourdes &#8211; \u00c9tude historique et critique depuis l\u2019origine jusqu&#8217;en 1990 \u00a9 2010 NDL Editions, Lourdes, (Nouvelle Edition), p\u00e1gina 194<\/em><br \/><sup>(4)\u00a0<\/sup><em>Mons. Jacques Perrier, Expliquez-moi les miracles \u00a9 2011 NDL Editions, Lourdes, p\u00e1gina 70<\/em><\/p>\t\t\t\t\t\t\t\t<\/div>\n\t\t\t\t<\/div>\n\t\t\t\t\t<\/div>\n\t\t<\/div>\n\t\t\t\t\t<\/div>\n\t\t<\/section>\n\t\t\t\t<\/div>\n\t\t","protected":false},"excerpt":{"rendered":"<p>CONTACTOficina de las Constataciones m\u00e9dicas de LourdesSantuario Nuestra Se\u00f1ora de Lourdes65108 Lourdes Cedex FranciaTfno. : +(33) 05 62 42 79 08enviar un e-mail Mons. Bertrand-S\u00e9v\u00e8re Laurence, Obispo de Tarbes cuando firm\u00f3 su carta pastoral del 18 de enero de 1862, &hellip; <a href=\"https:\/\/www.lourdes-france.org\/es\/oficina-constataciones-medicas-lourdes\/\">Continuar<\/a><\/p>\n","protected":false},"author":7,"featured_media":0,"parent":0,"menu_order":0,"comment_status":"closed","ping_status":"closed","template":"","meta":{"_acf_changed":false,"footnotes":""},"class_list":["post-9039","page","type-page","status-publish","hentry"],"acf":[],"yoast_head":"<!-- This site is optimized with the Yoast SEO plugin v24.7 - https:\/\/yoast.com\/wordpress\/plugins\/seo\/ -->\n<title>La Oficina de las Constataciones m\u00e9dicas de Lourdes<\/title>\n<meta name=\"robots\" content=\"index, follow, max-snippet:-1, max-image-preview:large, max-video-preview:-1\" \/>\n<link rel=\"canonical\" href=\"https:\/\/www.lourdes-france.org\/es\/oficina-constataciones-medicas-lourdes\/\" \/>\n<meta name=\"twitter:label1\" content=\"Tiempo de lectura\" \/>\n\t<meta name=\"twitter:data1\" content=\"6 minutos\" \/>\n<script type=\"application\/ld+json\" class=\"yoast-schema-graph\">{\"@context\":\"https:\/\/schema.org\",\"@graph\":[{\"@type\":\"WebPage\",\"@id\":\"https:\/\/www.lourdes-france.org\/es\/oficina-constataciones-medicas-lourdes\/\",\"url\":\"https:\/\/www.lourdes-france.org\/es\/oficina-constataciones-medicas-lourdes\/\",\"name\":\"La Oficina de las Constataciones m\u00e9dicas de Lourdes\",\"isPartOf\":{\"@id\":\"https:\/\/preprod-lourdes.cawita.com\/#website\"},\"datePublished\":\"2018-08-07T10:16:36+00:00\",\"dateModified\":\"2021-03-02T15:07:44+00:00\",\"breadcrumb\":{\"@id\":\"https:\/\/www.lourdes-france.org\/es\/oficina-constataciones-medicas-lourdes\/#breadcrumb\"},\"inLanguage\":\"es\",\"potentialAction\":[{\"@type\":\"ReadAction\",\"target\":[\"https:\/\/www.lourdes-france.org\/es\/oficina-constataciones-medicas-lourdes\/\"]}]},{\"@type\":\"BreadcrumbList\",\"@id\":\"https:\/\/www.lourdes-france.org\/es\/oficina-constataciones-medicas-lourdes\/#breadcrumb\",\"itemListElement\":[{\"@type\":\"ListItem\",\"position\":1,\"name\":\"Accueil\",\"item\":\"https:\/\/www.lourdes-france.org\/\"},{\"@type\":\"ListItem\",\"position\":2,\"name\":\"La Oficina de las Constataciones m\u00e9dicas de Lourdes\"}]},{\"@type\":\"WebSite\",\"@id\":\"https:\/\/preprod-lourdes.cawita.com\/#website\",\"url\":\"https:\/\/preprod-lourdes.cawita.com\/\",\"name\":\"Soutenir le Sanctuaire Notre-Dame de Lourdes\",\"description\":\"\",\"potentialAction\":[{\"@type\":\"SearchAction\",\"target\":{\"@type\":\"EntryPoint\",\"urlTemplate\":\"https:\/\/preprod-lourdes.cawita.com\/?s={search_term_string}\"},\"query-input\":{\"@type\":\"PropertyValueSpecification\",\"valueRequired\":true,\"valueName\":\"search_term_string\"}}],\"inLanguage\":\"es\"}]}<\/script>\n<!-- \/ Yoast SEO plugin. -->","yoast_head_json":{"title":"La Oficina de las Constataciones m\u00e9dicas de Lourdes","robots":{"index":"index","follow":"follow","max-snippet":"max-snippet:-1","max-image-preview":"max-image-preview:large","max-video-preview":"max-video-preview:-1"},"canonical":"https:\/\/www.lourdes-france.org\/es\/oficina-constataciones-medicas-lourdes\/","twitter_misc":{"Tiempo de lectura":"6 minutos"},"schema":{"@context":"https:\/\/schema.org","@graph":[{"@type":"WebPage","@id":"https:\/\/www.lourdes-france.org\/es\/oficina-constataciones-medicas-lourdes\/","url":"https:\/\/www.lourdes-france.org\/es\/oficina-constataciones-medicas-lourdes\/","name":"La Oficina de las Constataciones m\u00e9dicas de Lourdes","isPartOf":{"@id":"https:\/\/preprod-lourdes.cawita.com\/#website"},"datePublished":"2018-08-07T10:16:36+00:00","dateModified":"2021-03-02T15:07:44+00:00","breadcrumb":{"@id":"https:\/\/www.lourdes-france.org\/es\/oficina-constataciones-medicas-lourdes\/#breadcrumb"},"inLanguage":"es","potentialAction":[{"@type":"ReadAction","target":["https:\/\/www.lourdes-france.org\/es\/oficina-constataciones-medicas-lourdes\/"]}]},{"@type":"BreadcrumbList","@id":"https:\/\/www.lourdes-france.org\/es\/oficina-constataciones-medicas-lourdes\/#breadcrumb","itemListElement":[{"@type":"ListItem","position":1,"name":"Accueil","item":"https:\/\/www.lourdes-france.org\/"},{"@type":"ListItem","position":2,"name":"La Oficina de las Constataciones m\u00e9dicas de Lourdes"}]},{"@type":"WebSite","@id":"https:\/\/preprod-lourdes.cawita.com\/#website","url":"https:\/\/preprod-lourdes.cawita.com\/","name":"Soutenir le Sanctuaire Notre-Dame de Lourdes","description":"","potentialAction":[{"@type":"SearchAction","target":{"@type":"EntryPoint","urlTemplate":"https:\/\/preprod-lourdes.cawita.com\/?s={search_term_string}"},"query-input":{"@type":"PropertyValueSpecification","valueRequired":true,"valueName":"search_term_string"}}],"inLanguage":"es"}]}},"_links":{"self":[{"href":"https:\/\/www.lourdes-france.org\/es\/wp-json\/wp\/v2\/pages\/9039","targetHints":{"allow":["GET"]}}],"collection":[{"href":"https:\/\/www.lourdes-france.org\/es\/wp-json\/wp\/v2\/pages"}],"about":[{"href":"https:\/\/www.lourdes-france.org\/es\/wp-json\/wp\/v2\/types\/page"}],"author":[{"embeddable":true,"href":"https:\/\/www.lourdes-france.org\/es\/wp-json\/wp\/v2\/users\/7"}],"replies":[{"embeddable":true,"href":"https:\/\/www.lourdes-france.org\/es\/wp-json\/wp\/v2\/comments?post=9039"}],"version-history":[{"count":11,"href":"https:\/\/www.lourdes-france.org\/es\/wp-json\/wp\/v2\/pages\/9039\/revisions"}],"predecessor-version":[{"id":337249,"href":"https:\/\/www.lourdes-france.org\/es\/wp-json\/wp\/v2\/pages\/9039\/revisions\/337249"}],"wp:attachment":[{"href":"https:\/\/www.lourdes-france.org\/es\/wp-json\/wp\/v2\/media?parent=9039"}],"curies":[{"name":"wp","href":"https:\/\/api.w.org\/{rel}","templated":true}]}}