{"id":9059,"date":"2018-08-09T11:22:58","date_gmt":"2018-08-09T09:22:58","guid":{"rendered":"https:\/\/www.lourdes-france.org\/la-reconnaissance-dun-miracle\/"},"modified":"2021-03-02T16:09:31","modified_gmt":"2021-03-02T15:09:31","slug":"proceso-constatacion-curacion","status":"publish","type":"page","link":"https:\/\/www.lourdes-france.org\/es\/proceso-constatacion-curacion\/","title":{"rendered":"Proceso de constataci\u00f3n de curaci\u00f3n"},"content":{"rendered":"\t\t<div data-elementor-type=\"wp-post\" data-elementor-id=\"9059\" class=\"elementor elementor-9059 elementor-8449\" data-elementor-post-type=\"page\">\n\t\t\t\t\t\t<section class=\"elementor-section elementor-top-section elementor-element elementor-element-406da971 elementor-section-boxed elementor-section-height-default elementor-section-height-default\" data-id=\"406da971\" data-element_type=\"section\">\n\t\t\t\t\t\t<div class=\"elementor-container elementor-column-gap-no\">\n\t\t\t\t\t<div class=\"elementor-column elementor-col-100 elementor-top-column elementor-element elementor-element-1332a6e4\" data-id=\"1332a6e4\" data-element_type=\"column\">\n\t\t\t<div class=\"elementor-widget-wrap elementor-element-populated\">\n\t\t\t\t\t\t<div class=\"elementor-element elementor-element-a35e070 elementor-widget elementor-widget-text-editor\" data-id=\"a35e070\" data-element_type=\"widget\" data-widget_type=\"text-editor.default\">\n\t\t\t\t<div class=\"elementor-widget-container\">\n\t\t\t\t\t\t\t\t\t<p><strong>La expresi\u00f3n &#171;oficina m\u00e9dica&#187; tiene dos sentidos.<\/strong>\u00a0Designa, en primer lugar un local en el Santuario y dos personas fijas, de las cuales una es m\u00e9dico en ejercicio. Este m\u00e9dico recibe las declaraciones y comienza un trabajo cr\u00edtico seg\u00fan los criterios tradicionales, tal como fueron definidos en el siglo XVIII por el cardenal Lambertini, futuro papa Benedicto XIV, para los procesos de beatificaci\u00f3n.<\/p>\t\t\t\t\t\t\t\t<\/div>\n\t\t\t\t<\/div>\n\t\t\t\t<div class=\"elementor-element elementor-element-8450bbd elementor-widget elementor-widget-text-editor\" data-id=\"8450bbd\" data-element_type=\"widget\" data-widget_type=\"text-editor.default\">\n\t\t\t\t<div class=\"elementor-widget-container\">\n\t\t\t\t\t\t\t\t\t<p><strong>Si el caso parece serio, el m\u00e9dico organiza a una &#171;oficina m\u00e9dica&#187; propiamente dichaa, es decir, una consulta, en la cual pueden participar todos los m\u00e9dicos presentes en Lourdes ese d\u00eda, sean las que sean sus convicciones religiosas.<\/strong><\/p>\t\t\t\t\t\t\t\t<\/div>\n\t\t\t\t<\/div>\n\t\t\t\t<div class=\"elementor-element elementor-element-709f583f elementor-widget elementor-widget-text-editor\" data-id=\"709f583f\" data-element_type=\"widget\" data-widget_type=\"text-editor.default\">\n\t\t\t\t<div class=\"elementor-widget-container\">\n\t\t\t\t\t\t\t\t\t<p>Si el m\u00e9dico de Lourdes y la oficina m\u00e9dica que se ha reunido emiten un juicio favorable, el expediente se traslada al Comit\u00e9 M\u00e9dico Internacional de Lourdes (C.M.I.L.). \u00c9ste est\u00e1 constituido por una veintena de miembros, todos eminentes en sus especialidades respectivas. Este Comit\u00e9 existe desde 1947. Monse\u00f1or Th\u00e9as decidi\u00f3, en 1954, que adquiriera una dimensi\u00f3n internacional.<\/p>\t\t\t\t\t\t\t\t<\/div>\n\t\t\t\t<\/div>\n\t\t\t\t<div class=\"elementor-element elementor-element-50872260 elementor-widget elementor-widget-text-editor\" data-id=\"50872260\" data-element_type=\"widget\" data-widget_type=\"text-editor.default\">\n\t\t\t\t<div class=\"elementor-widget-container\">\n\t\t\t\t\t\t\t\t\t<p><strong>El Comit\u00e9 est\u00e1 presidido conjuntamente por el obispo de Tarbes y Lourdes y por uno de sus miembros, designado por el obispo con un mandato de duraci\u00f3n determinada, aunque renovable.\u00a0<\/strong>El m\u00e9dico de Lourdes se encarga del Secretariado del Comit\u00e9.<\/p>\t\t\t\t\t\t\t\t<\/div>\n\t\t\t\t<\/div>\n\t\t\t\t<div class=\"elementor-element elementor-element-5b072a5d elementor-widget elementor-widget-text-editor\" data-id=\"5b072a5d\" data-element_type=\"widget\" data-widget_type=\"text-editor.default\">\n\t\t\t\t<div class=\"elementor-widget-container\">\n\t\t\t\t\t\t\t\t\t<p><strong>El Comit\u00e9 juzga el expediente de cada caso.\u00a0<\/strong>Uno o varios de sus miembros se encargan de estudiarlo a fondo, inform\u00e1ndose especialmente sobre todo lo que la literatura m\u00e9dica mundial haya publicado sobre temas parecidos. Las personas encargadas del expediente pueden consultar a colegas extra\u00f1os al Comit\u00e9. Generalmente, no se convoca a la persona curada.<\/p>\t\t\t\t\t\t\t\t<\/div>\n\t\t\t\t<\/div>\n\t\t\t\t<div class=\"elementor-element elementor-element-0d289de elementor-widget elementor-widget-text-editor\" data-id=\"0d289de\" data-element_type=\"widget\" data-widget_type=\"text-editor.default\">\n\t\t\t\t<div class=\"elementor-widget-container\">\n\t\t\t\t\t\t\t\t\t<p><strong>El Comit\u00e9 se re\u00fane una vez al a\u00f1o, en el oto\u00f1o. Examina los expedientes en curso.\u00a0<\/strong>Cuando se han reunido todos los datos (lo que puede llevar bastante tiempo), el Comit\u00e9, por votaci\u00f3n, acepta o rechaza afirmar que la curaci\u00f3n sea inexplicable, en el estado actual de la ciencia. Se requiere una mayor\u00eda de dos tercios para que el voto sea considerado afirmativo.<\/p>\t\t\t\t\t\t\t\t<\/div>\n\t\t\t\t<\/div>\n\t\t\t\t<div class=\"elementor-element elementor-element-5dcc388 elementor-widget elementor-widget-text-editor\" data-id=\"5dcc388\" data-element_type=\"widget\" data-widget_type=\"text-editor.default\">\n\t\t\t\t<div class=\"elementor-widget-container\">\n\t\t\t\t\t\t\t\t\t<p><strong>La valoraci\u00f3n m\u00e9dica se transmite al obispo de la di\u00f3cesis en que reside la persona curada.\u00a0<\/strong>Este obispo, obviamente, est\u00e1 al corriente del procedimiento en curso. En caso, sobre todo, de que parezca probable una salida, se le aconseja crear de antemano un peque\u00f1o Comit\u00e9 m\u00e9dico local que pueda, en el momento oportuno, tener conocimiento de las conclusiones del Comit\u00e9.<\/p>\t\t\t\t\t\t\t\t<\/div>\n\t\t\t\t<\/div>\n\t\t\t\t<div class=\"elementor-element elementor-element-3a3f9be elementor-widget elementor-widget-text-editor\" data-id=\"3a3f9be\" data-element_type=\"widget\" data-widget_type=\"text-editor.default\">\n\t\t\t\t<div class=\"elementor-widget-container\">\n\t\t\t\t\t\t\t\t\t<p><strong>Teniendo en cuenta otros elementos de valoraci\u00f3n, el obispo decide o se abstiene de reconocer el car\u00e1cter &#171;milagroso&#187; de la curaci\u00f3n.<\/strong><\/p>\t\t\t\t\t\t\t\t<\/div>\n\t\t\t\t<\/div>\n\t\t\t\t<div class=\"elementor-element elementor-element-7c579ab elementor-widget elementor-widget-text-editor\" data-id=\"7c579ab\" data-element_type=\"widget\" data-widget_type=\"text-editor.default\">\n\t\t\t\t<div class=\"elementor-widget-container\">\n\t\t\t\t\t\t\t\t\t<p>La actitud actual de los m\u00e9dicos es de mucho respeto para con el Magisterio de la Iglesia. Como cristianos, saben que el milagro es un signo de orden espiritual. No quieren ser jueces en ese campo. Adem\u00e1s, a un esp\u00edritu moderno, le resulta dif\u00edcil admitir, sobre cualquier realidad que sea, que es &#171;inexplicable&#187;. \u00danicamente se puede decir que es inexplicable hasta ahora.<\/p>\t\t\t\t\t\t\t\t<\/div>\n\t\t\t\t<\/div>\n\t\t\t\t<div class=\"elementor-element elementor-element-7f8478c elementor-widget elementor-widget-text-editor\" data-id=\"7f8478c\" data-element_type=\"widget\" data-widget_type=\"text-editor.default\">\n\t\t\t\t<div class=\"elementor-widget-container\">\n\t\t\t\t\t\t\t\t\t<p><strong>Oficina de Constatationes M\u00e9dicas\u00a0<\/strong><br \/>Santuario Nuestra Se\u00f1ora de Lourdes<br \/>65108 Lourdes Cedex Francia<br \/>Tfno. : +(33) 05 62 42 79 08<br \/><span style=\"color: #e8a702;\"><a style=\"color: #e8a702;\" title=\"Lien vers le formulaire de contact du bureau m\u00e9dical\" href=\"\/es\/contact\">enviar un e-mail<\/a><\/span><\/p>\t\t\t\t\t\t\t\t<\/div>\n\t\t\t\t<\/div>\n\t\t\t\t\t<\/div>\n\t\t<\/div>\n\t\t\t\t\t<\/div>\n\t\t<\/section>\n\t\t\t\t<\/div>\n\t\t","protected":false},"excerpt":{"rendered":"<p>La expresi\u00f3n &#171;oficina m\u00e9dica&#187; tiene dos sentidos.\u00a0Designa, en primer lugar un local en el Santuario y dos personas fijas, de las cuales una es m\u00e9dico en ejercicio. Este m\u00e9dico recibe las declaraciones y comienza un trabajo cr\u00edtico seg\u00fan los criterios &hellip; <a href=\"https:\/\/www.lourdes-france.org\/es\/proceso-constatacion-curacion\/\">Continuar<\/a><\/p>\n","protected":false},"author":7,"featured_media":0,"parent":0,"menu_order":0,"comment_status":"closed","ping_status":"closed","template":"","meta":{"_acf_changed":false,"footnotes":""},"class_list":["post-9059","page","type-page","status-publish","hentry"],"acf":[],"yoast_head":"<!-- This site is optimized with the Yoast SEO plugin v24.7 - https:\/\/yoast.com\/wordpress\/plugins\/seo\/ -->\n<title>Proceso de constataci\u00f3n de curaci\u00f3n<\/title>\n<meta name=\"robots\" content=\"index, follow, max-snippet:-1, max-image-preview:large, max-video-preview:-1\" \/>\n<link rel=\"canonical\" href=\"https:\/\/www.lourdes-france.org\/es\/proceso-constatacion-curacion\/\" \/>\n<meta name=\"twitter:label1\" content=\"Tiempo de lectura\" \/>\n\t<meta name=\"twitter:data1\" content=\"3 minutos\" \/>\n<script type=\"application\/ld+json\" class=\"yoast-schema-graph\">{\"@context\":\"https:\/\/schema.org\",\"@graph\":[{\"@type\":\"WebPage\",\"@id\":\"https:\/\/www.lourdes-france.org\/es\/proceso-constatacion-curacion\/\",\"url\":\"https:\/\/www.lourdes-france.org\/es\/proceso-constatacion-curacion\/\",\"name\":\"Proceso de constataci\u00f3n de curaci\u00f3n\",\"isPartOf\":{\"@id\":\"https:\/\/preprod-lourdes.cawita.com\/#website\"},\"datePublished\":\"2018-08-09T09:22:58+00:00\",\"dateModified\":\"2021-03-02T15:09:31+00:00\",\"breadcrumb\":{\"@id\":\"https:\/\/www.lourdes-france.org\/es\/proceso-constatacion-curacion\/#breadcrumb\"},\"inLanguage\":\"es\",\"potentialAction\":[{\"@type\":\"ReadAction\",\"target\":[\"https:\/\/www.lourdes-france.org\/es\/proceso-constatacion-curacion\/\"]}]},{\"@type\":\"BreadcrumbList\",\"@id\":\"https:\/\/www.lourdes-france.org\/es\/proceso-constatacion-curacion\/#breadcrumb\",\"itemListElement\":[{\"@type\":\"ListItem\",\"position\":1,\"name\":\"Accueil\",\"item\":\"https:\/\/www.lourdes-france.org\/\"},{\"@type\":\"ListItem\",\"position\":2,\"name\":\"Proceso de constataci\u00f3n de curaci\u00f3n\"}]},{\"@type\":\"WebSite\",\"@id\":\"https:\/\/preprod-lourdes.cawita.com\/#website\",\"url\":\"https:\/\/preprod-lourdes.cawita.com\/\",\"name\":\"Soutenir le Sanctuaire Notre-Dame de Lourdes\",\"description\":\"\",\"potentialAction\":[{\"@type\":\"SearchAction\",\"target\":{\"@type\":\"EntryPoint\",\"urlTemplate\":\"https:\/\/preprod-lourdes.cawita.com\/?s={search_term_string}\"},\"query-input\":{\"@type\":\"PropertyValueSpecification\",\"valueRequired\":true,\"valueName\":\"search_term_string\"}}],\"inLanguage\":\"es\"}]}<\/script>\n<!-- \/ Yoast SEO plugin. -->","yoast_head_json":{"title":"Proceso de constataci\u00f3n de curaci\u00f3n","robots":{"index":"index","follow":"follow","max-snippet":"max-snippet:-1","max-image-preview":"max-image-preview:large","max-video-preview":"max-video-preview:-1"},"canonical":"https:\/\/www.lourdes-france.org\/es\/proceso-constatacion-curacion\/","twitter_misc":{"Tiempo de lectura":"3 minutos"},"schema":{"@context":"https:\/\/schema.org","@graph":[{"@type":"WebPage","@id":"https:\/\/www.lourdes-france.org\/es\/proceso-constatacion-curacion\/","url":"https:\/\/www.lourdes-france.org\/es\/proceso-constatacion-curacion\/","name":"Proceso de constataci\u00f3n de curaci\u00f3n","isPartOf":{"@id":"https:\/\/preprod-lourdes.cawita.com\/#website"},"datePublished":"2018-08-09T09:22:58+00:00","dateModified":"2021-03-02T15:09:31+00:00","breadcrumb":{"@id":"https:\/\/www.lourdes-france.org\/es\/proceso-constatacion-curacion\/#breadcrumb"},"inLanguage":"es","potentialAction":[{"@type":"ReadAction","target":["https:\/\/www.lourdes-france.org\/es\/proceso-constatacion-curacion\/"]}]},{"@type":"BreadcrumbList","@id":"https:\/\/www.lourdes-france.org\/es\/proceso-constatacion-curacion\/#breadcrumb","itemListElement":[{"@type":"ListItem","position":1,"name":"Accueil","item":"https:\/\/www.lourdes-france.org\/"},{"@type":"ListItem","position":2,"name":"Proceso de constataci\u00f3n de curaci\u00f3n"}]},{"@type":"WebSite","@id":"https:\/\/preprod-lourdes.cawita.com\/#website","url":"https:\/\/preprod-lourdes.cawita.com\/","name":"Soutenir le Sanctuaire Notre-Dame de Lourdes","description":"","potentialAction":[{"@type":"SearchAction","target":{"@type":"EntryPoint","urlTemplate":"https:\/\/preprod-lourdes.cawita.com\/?s={search_term_string}"},"query-input":{"@type":"PropertyValueSpecification","valueRequired":true,"valueName":"search_term_string"}}],"inLanguage":"es"}]}},"_links":{"self":[{"href":"https:\/\/www.lourdes-france.org\/es\/wp-json\/wp\/v2\/pages\/9059","targetHints":{"allow":["GET"]}}],"collection":[{"href":"https:\/\/www.lourdes-france.org\/es\/wp-json\/wp\/v2\/pages"}],"about":[{"href":"https:\/\/www.lourdes-france.org\/es\/wp-json\/wp\/v2\/types\/page"}],"author":[{"embeddable":true,"href":"https:\/\/www.lourdes-france.org\/es\/wp-json\/wp\/v2\/users\/7"}],"replies":[{"embeddable":true,"href":"https:\/\/www.lourdes-france.org\/es\/wp-json\/wp\/v2\/comments?post=9059"}],"version-history":[{"count":8,"href":"https:\/\/www.lourdes-france.org\/es\/wp-json\/wp\/v2\/pages\/9059\/revisions"}],"predecessor-version":[{"id":21255,"href":"https:\/\/www.lourdes-france.org\/es\/wp-json\/wp\/v2\/pages\/9059\/revisions\/21255"}],"wp:attachment":[{"href":"https:\/\/www.lourdes-france.org\/es\/wp-json\/wp\/v2\/media?parent=9059"}],"curies":[{"name":"wp","href":"https:\/\/api.w.org\/{rel}","templated":true}]}}