{"id":972347,"date":"2024-11-06T16:09:51","date_gmt":"2024-11-06T15:09:51","guid":{"rendered":"https:\/\/www.lourdes-france.org\/historique-8decembre\/"},"modified":"2025-11-13T12:38:14","modified_gmt":"2025-11-13T11:38:14","slug":"historique-8decembre","status":"publish","type":"page","link":"https:\/\/www.lourdes-france.org\/es\/historique-8decembre\/","title":{"rendered":"historique-8decembre"},"content":{"rendered":"\t\t<div data-elementor-type=\"wp-page\" data-elementor-id=\"972347\" class=\"elementor elementor-972347 elementor-971609\" data-elementor-post-type=\"page\">\n\t\t\t\t\t\t<section class=\"elementor-section elementor-top-section elementor-element elementor-element-63c09c4 elementor-section-full_width elementor-section-stretched elementor-section-height-default elementor-section-height-default\" data-id=\"63c09c4\" data-element_type=\"section\" data-settings=\"{&quot;stretch_section&quot;:&quot;section-stretched&quot;,&quot;background_background&quot;:&quot;video&quot;,&quot;background_video_link&quot;:&quot;https:\\\/\\\/www.lourdes-france.org\\\/wp-content\\\/uploads\\\/2024\\\/11\\\/rose_fond_anime-1.mp4&quot;}\">\n\t\t\t\t\t\t\t\t<div class=\"elementor-background-video-container elementor-hidden-mobile\" aria-hidden=\"true\">\n\t\t\t\t\t\t\t\t\t\t\t\t\t<video class=\"elementor-background-video-hosted\" autoplay muted playsinline loop><\/video>\n\t\t\t\t\t\t\t\t\t\t\t<\/div>\n\t\t\t\t\t\t\t\t\t<div class=\"elementor-background-overlay\"><\/div>\n\t\t\t\t\t\t\t<div class=\"elementor-container elementor-column-gap-default\">\n\t\t\t\t\t<div class=\"elementor-column elementor-col-100 elementor-top-column elementor-element elementor-element-8a5ad9b\" data-id=\"8a5ad9b\" data-element_type=\"column\">\n\t\t\t<div class=\"elementor-widget-wrap elementor-element-populated\">\n\t\t\t\t\t\t<div class=\"elementor-element elementor-element-8ee50c6 elementor-widget elementor-widget-heading\" data-id=\"8ee50c6\" data-element_type=\"widget\" data-widget_type=\"heading.default\">\n\t\t\t\t<div class=\"elementor-widget-container\">\n\t\t\t\t\t<h2 class=\"elementor-heading-title elementor-size-default\">   <\/h2>\t\t\t\t<\/div>\n\t\t\t\t<\/div>\n\t\t\t\t\t<\/div>\n\t\t<\/div>\n\t\t\t\t\t<\/div>\n\t\t<\/section>\n\t\t\t\t<section class=\"elementor-section elementor-top-section elementor-element elementor-element-aa2f38c elementor-section-boxed elementor-section-height-default elementor-section-height-default\" data-id=\"aa2f38c\" data-element_type=\"section\">\n\t\t\t\t\t\t<div class=\"elementor-container elementor-column-gap-default\">\n\t\t\t\t\t<div class=\"elementor-column elementor-col-100 elementor-top-column elementor-element elementor-element-447c480\" data-id=\"447c480\" data-element_type=\"column\">\n\t\t\t<div class=\"elementor-widget-wrap elementor-element-populated\">\n\t\t\t\t\t\t<div class=\"elementor-element elementor-element-7830d2e elementor-widget elementor-widget-text-editor\" data-id=\"7830d2e\" data-element_type=\"widget\" data-widget_type=\"text-editor.default\">\n\t\t\t\t<div class=\"elementor-widget-container\">\n\t\t\t\t\t\t\t\t\t<h1 style=\"text-align: center;\">Festividad de la Inmaculada Concepci\u00f3n en Lourdes<\/h1>\t\t\t\t\t\t\t\t<\/div>\n\t\t\t\t<\/div>\n\t\t\t\t\t<\/div>\n\t\t<\/div>\n\t\t\t\t\t<\/div>\n\t\t<\/section>\n\t\t\t\t<section class=\"elementor-section elementor-top-section elementor-element elementor-element-ff3ac6e elementor-section-boxed elementor-section-height-default elementor-section-height-default\" data-id=\"ff3ac6e\" data-element_type=\"section\">\n\t\t\t\t\t\t<div class=\"elementor-container elementor-column-gap-default\">\n\t\t\t\t\t<div class=\"elementor-column elementor-col-100 elementor-top-column elementor-element elementor-element-bcbdc22\" data-id=\"bcbdc22\" data-element_type=\"column\">\n\t\t\t<div class=\"elementor-widget-wrap elementor-element-populated\">\n\t\t\t\t\t\t<div class=\"elementor-element elementor-element-4cd7ebe elementor-widget elementor-widget-text-editor\" data-id=\"4cd7ebe\" data-element_type=\"widget\" data-widget_type=\"text-editor.default\">\n\t\t\t\t<div class=\"elementor-widget-container\">\n\t\t\t\t\t\t\t\t\t<p style=\"text-align: center;\">La celebraci\u00f3n de la Inmaculada Concepci\u00f3n de la Virgen Mar\u00eda, fechada en los primeros d\u00edas del nuevo a\u00f1o lit\u00fargico y del tiempo de Adviento, nos recuerda el destino \u00fanico de esta joven jud\u00eda elegida por Dios. Para la fe cristiana, Mar\u00eda es indisociable del ni\u00f1o que lleva en sus brazos, Jes\u00fas, en quien se manifest\u00f3 plenamente el Dios vivo.<\/p>\t\t\t\t\t\t\t\t<\/div>\n\t\t\t\t<\/div>\n\t\t\t\t<div class=\"elementor-element elementor-element-10aba51 elementor-widget elementor-widget-heading\" data-id=\"10aba51\" data-element_type=\"widget\" data-widget_type=\"heading.default\">\n\t\t\t\t<div class=\"elementor-widget-container\">\n\t\t\t\t\t<h2 class=\"elementor-heading-title elementor-size-default\">El dogma de la Inmaculada Concepci\u00f3n\n<\/h2>\t\t\t\t<\/div>\n\t\t\t\t<\/div>\n\t\t\t\t\t<\/div>\n\t\t<\/div>\n\t\t\t\t\t<\/div>\n\t\t<\/section>\n\t\t\t\t<section class=\"elementor-section elementor-top-section elementor-element elementor-element-e0384b9 elementor-section-boxed elementor-section-height-default elementor-section-height-default elementor-invisible\" data-id=\"e0384b9\" data-element_type=\"section\" data-settings=\"{&quot;animation&quot;:&quot;fadeInLeft&quot;}\">\n\t\t\t\t\t\t<div class=\"elementor-container elementor-column-gap-default\">\n\t\t\t\t\t<div class=\"elementor-column elementor-col-33 elementor-top-column elementor-element elementor-element-e2eafee\" data-id=\"e2eafee\" data-element_type=\"column\" data-settings=\"{&quot;background_background&quot;:&quot;classic&quot;}\">\n\t\t\t<div class=\"elementor-widget-wrap elementor-element-populated\">\n\t\t\t\t\t\t<div class=\"elementor-element elementor-element-0c6e353 elementor-widget elementor-widget-spacer\" data-id=\"0c6e353\" data-element_type=\"widget\" data-widget_type=\"spacer.default\">\n\t\t\t\t<div class=\"elementor-widget-container\">\n\t\t\t\t\t\t\t<div class=\"elementor-spacer\">\n\t\t\t<div class=\"elementor-spacer-inner\"><\/div>\n\t\t<\/div>\n\t\t\t\t\t\t<\/div>\n\t\t\t\t<\/div>\n\t\t\t\t\t<\/div>\n\t\t<\/div>\n\t\t\t\t<div class=\"elementor-column elementor-col-66 elementor-top-column elementor-element elementor-element-cfa01ff\" data-id=\"cfa01ff\" data-element_type=\"column\">\n\t\t\t<div class=\"elementor-widget-wrap elementor-element-populated\">\n\t\t\t\t\t\t<div class=\"elementor-element elementor-element-c3e3d5c elementor-widget elementor-widget-text-editor\" data-id=\"c3e3d5c\" data-element_type=\"widget\" data-widget_type=\"text-editor.default\">\n\t\t\t\t<div class=\"elementor-widget-container\">\n\t\t\t\t\t\t\t\t\t<p>El dogma de la Inmaculada Concepci\u00f3n, proclamado de manera solemne <strong>el 8 de diciembre de 1854<\/strong> por el papa P\u00edo IX en la Bula Ineffabilis Deus, afirma que Mar\u00eda,<strong> la madre de Jes\u00fas, fue preservada del pecado original desde su concepci\u00f3n.<\/strong> El texto de la Bula declara: <em>\u00abDeclaramos, proclamamos y definimos que la doctrina que sostiene que la sant\u00edsima Virgen Mar\u00eda fue preservada inmune de toda mancha de la culpa original en el primer instante de su concepci\u00f3n por singular gracia y privilegio de Dios omnipotente, en atenci\u00f3n a los m\u00e9ritos de Cristo Jes\u00fas, Salvador del g\u00e9nero humano, est\u00e1 revelada por Dios y debe ser, por tanto, firme y constantemente cre\u00edda por todos los fieles\u00bb.<\/em><br \/><br \/><strong>Este dogma confirma el lugar \u00fanico de Mar\u00eda en el plan de salvaci\u00f3n de Dios.<\/strong> Ella fue elegida para ser la madre del Salvador y, por esta raz\u00f3n, se benefici\u00f3 de una gracia especial que la mantuvo libre de pecado, una gracia en anticipaci\u00f3n de los m\u00e9ritos de Jesucristo.<\/p>\t\t\t\t\t\t\t\t<\/div>\n\t\t\t\t<\/div>\n\t\t\t\t\t<\/div>\n\t\t<\/div>\n\t\t\t\t\t<\/div>\n\t\t<\/section>\n\t\t\t\t<section class=\"elementor-section elementor-top-section elementor-element elementor-element-0d50e7a elementor-section-boxed elementor-section-height-default elementor-section-height-default\" data-id=\"0d50e7a\" data-element_type=\"section\">\n\t\t\t\t\t\t<div class=\"elementor-container elementor-column-gap-default\">\n\t\t\t\t\t<div class=\"elementor-column elementor-col-100 elementor-top-column elementor-element elementor-element-ac2066c\" data-id=\"ac2066c\" data-element_type=\"column\">\n\t\t\t<div class=\"elementor-widget-wrap elementor-element-populated\">\n\t\t\t\t\t\t<div class=\"elementor-element elementor-element-436ee49 elementor-widget elementor-widget-spacer\" data-id=\"436ee49\" data-element_type=\"widget\" data-widget_type=\"spacer.default\">\n\t\t\t\t<div class=\"elementor-widget-container\">\n\t\t\t\t\t\t\t<div class=\"elementor-spacer\">\n\t\t\t<div class=\"elementor-spacer-inner\"><\/div>\n\t\t<\/div>\n\t\t\t\t\t\t<\/div>\n\t\t\t\t<\/div>\n\t\t\t\t<div class=\"elementor-element elementor-element-8dc98bb elementor-widget elementor-widget-heading\" data-id=\"8dc98bb\" data-element_type=\"widget\" data-widget_type=\"heading.default\">\n\t\t\t\t<div class=\"elementor-widget-container\">\n\t\t\t\t\t<h2 class=\"elementor-heading-title elementor-size-default\">Lourdes y la Inmaculada Concepci\u00f3n<\/h2>\t\t\t\t<\/div>\n\t\t\t\t<\/div>\n\t\t\t\t\t<\/div>\n\t\t<\/div>\n\t\t\t\t\t<\/div>\n\t\t<\/section>\n\t\t\t\t<section class=\"elementor-section elementor-top-section elementor-element elementor-element-983414a elementor-section-boxed elementor-section-height-default elementor-section-height-default elementor-invisible\" data-id=\"983414a\" data-element_type=\"section\" data-settings=\"{&quot;animation&quot;:&quot;fadeInRight&quot;}\">\n\t\t\t\t\t\t<div class=\"elementor-container elementor-column-gap-default\">\n\t\t\t\t\t<div class=\"elementor-column elementor-col-33 elementor-top-column elementor-element elementor-element-b86c160\" data-id=\"b86c160\" data-element_type=\"column\" data-settings=\"{&quot;background_background&quot;:&quot;classic&quot;}\">\n\t\t\t<div class=\"elementor-widget-wrap elementor-element-populated\">\n\t\t\t\t\t\t<div class=\"elementor-element elementor-element-9002649 elementor-widget elementor-widget-spacer\" data-id=\"9002649\" data-element_type=\"widget\" data-widget_type=\"spacer.default\">\n\t\t\t\t<div class=\"elementor-widget-container\">\n\t\t\t\t\t\t\t<div class=\"elementor-spacer\">\n\t\t\t<div class=\"elementor-spacer-inner\"><\/div>\n\t\t<\/div>\n\t\t\t\t\t\t<\/div>\n\t\t\t\t<\/div>\n\t\t\t\t\t<\/div>\n\t\t<\/div>\n\t\t\t\t<div class=\"elementor-column elementor-col-66 elementor-top-column elementor-element elementor-element-1c4db7d\" data-id=\"1c4db7d\" data-element_type=\"column\">\n\t\t\t<div class=\"elementor-widget-wrap elementor-element-populated\">\n\t\t\t\t\t\t<div class=\"elementor-element elementor-element-d3da52a elementor-widget elementor-widget-text-editor\" data-id=\"d3da52a\" data-element_type=\"widget\" data-widget_type=\"text-editor.default\">\n\t\t\t\t<div class=\"elementor-widget-container\">\n\t\t\t\t\t\t\t\t\t<p>Cuatro a\u00f1os despu\u00e9s de la proclamaci\u00f3n del dogma, <strong>en 1858<\/strong>, las apariciones marianas de Lourdes confirmaron la grandeza del misterio de la Inmaculada Concepci\u00f3n. El 25 de marzo de ese a\u00f1o, durante su decimosexta aparici\u00f3n, Mar\u00eda revel\u00f3 su nombre a la joven Bernardita Soubirous en la Gruta de Massabielle: <em>\u00abYo soy la Inmaculada Concepci\u00f3n\u00bb.<\/em> <br \/><br \/><strong>Estas palabras, pronunciadas por la propia Mar\u00eda, constituyen, a trav\u00e9s de la peque\u00f1a Bernardita, la confirmaci\u00f3n divina del dogma que el papa proclam\u00f3 unos a\u00f1os antes.<\/strong><br \/><br \/>Desde el principio, Mar\u00eda fue elegida para esta misi\u00f3n \u00fanica que consist\u00eda en llevar en su vientre al Salvador del mundo. <strong>La celebraci\u00f3n de la Inmaculada Concepci\u00f3n nos invita a contemplar esta gracia excepcional<\/strong> y a reflexionar sobre el amor de Dios que permiti\u00f3 a Mar\u00eda ser preservada para cumplir de forma plena su misi\u00f3n como Madre de Dios.<br \/><br \/>Desde el Concilio de \u00c9feso en 431, Mar\u00eda es reconocida como Theotokos, es decir \u00abMadre de Dios\u00bb, una denominaci\u00f3n que destaca la indisociabilidad entre la persona de Mar\u00eda y su Hijo, Jesucristo. <strong>Al honrar a Mar\u00eda a trav\u00e9s de esta magn\u00edfica fiesta tambi\u00e9n celebramos la misi\u00f3n de salvaci\u00f3n cumplida por Jes\u00fas.<\/strong><\/p>\t\t\t\t\t\t\t\t<\/div>\n\t\t\t\t<\/div>\n\t\t\t\t\t<\/div>\n\t\t<\/div>\n\t\t\t\t\t<\/div>\n\t\t<\/section>\n\t\t\t\t<section class=\"elementor-section elementor-top-section elementor-element elementor-element-3d85f8b elementor-section-boxed elementor-section-height-default elementor-section-height-default\" data-id=\"3d85f8b\" data-element_type=\"section\">\n\t\t\t\t\t\t<div class=\"elementor-container elementor-column-gap-default\">\n\t\t\t\t\t<div class=\"elementor-column elementor-col-100 elementor-top-column elementor-element elementor-element-d4110d9\" data-id=\"d4110d9\" data-element_type=\"column\">\n\t\t\t<div class=\"elementor-widget-wrap elementor-element-populated\">\n\t\t\t\t\t\t<div class=\"elementor-element elementor-element-6359f99 elementor-widget elementor-widget-spacer\" data-id=\"6359f99\" data-element_type=\"widget\" data-widget_type=\"spacer.default\">\n\t\t\t\t<div class=\"elementor-widget-container\">\n\t\t\t\t\t\t\t<div class=\"elementor-spacer\">\n\t\t\t<div class=\"elementor-spacer-inner\"><\/div>\n\t\t<\/div>\n\t\t\t\t\t\t<\/div>\n\t\t\t\t<\/div>\n\t\t\t\t<div class=\"elementor-element elementor-element-5edad67 elementor-widget elementor-widget-heading\" data-id=\"5edad67\" data-element_type=\"widget\" data-widget_type=\"heading.default\">\n\t\t\t\t<div class=\"elementor-widget-container\">\n\t\t\t\t\t<h2 class=\"elementor-heading-title elementor-size-default\">Rosas para la Inmaculada Concepci\u00f3n en Lourdes\n<\/h2>\t\t\t\t<\/div>\n\t\t\t\t<\/div>\n\t\t\t\t\t<\/div>\n\t\t<\/div>\n\t\t\t\t\t<\/div>\n\t\t<\/section>\n\t\t\t\t<section class=\"elementor-section elementor-top-section elementor-element elementor-element-f6b9d46 elementor-section-boxed elementor-section-height-default elementor-section-height-default elementor-invisible\" data-id=\"f6b9d46\" data-element_type=\"section\" data-settings=\"{&quot;animation&quot;:&quot;fadeInLeft&quot;}\">\n\t\t\t\t\t\t<div class=\"elementor-container elementor-column-gap-default\">\n\t\t\t\t\t<div class=\"elementor-column elementor-col-33 elementor-top-column elementor-element elementor-element-0718e68\" data-id=\"0718e68\" data-element_type=\"column\" data-settings=\"{&quot;background_background&quot;:&quot;classic&quot;}\">\n\t\t\t<div class=\"elementor-widget-wrap elementor-element-populated\">\n\t\t\t\t\t\t<div class=\"elementor-element elementor-element-4e33f5b elementor-widget elementor-widget-spacer\" data-id=\"4e33f5b\" data-element_type=\"widget\" data-widget_type=\"spacer.default\">\n\t\t\t\t<div class=\"elementor-widget-container\">\n\t\t\t\t\t\t\t<div class=\"elementor-spacer\">\n\t\t\t<div class=\"elementor-spacer-inner\"><\/div>\n\t\t<\/div>\n\t\t\t\t\t\t<\/div>\n\t\t\t\t<\/div>\n\t\t\t\t\t<\/div>\n\t\t<\/div>\n\t\t\t\t<div class=\"elementor-column elementor-col-66 elementor-top-column elementor-element elementor-element-06f282d\" data-id=\"06f282d\" data-element_type=\"column\">\n\t\t\t<div class=\"elementor-widget-wrap elementor-element-populated\">\n\t\t\t\t\t\t<div class=\"elementor-element elementor-element-53cc82c elementor-widget elementor-widget-text-editor\" data-id=\"53cc82c\" data-element_type=\"widget\" data-widget_type=\"text-editor.default\">\n\t\t\t\t<div class=\"elementor-widget-container\">\n\t\t\t\t\t\t\t\t\t<p>Las rosas, en especial las rosas blancas, desempe\u00f1an un papel simb\u00f3lico importante en las celebraciones de la Inmaculada Concepci\u00f3n. <strong>Desde hace mucho tiempo, en la tradici\u00f3n cat\u00f3lica, la rosa se asocia a Mar\u00eda, ya que encarna tanto su pureza como su maternidad.<\/strong> El blanco, que representa la pureza, es el color escogido para esta festividad.<br \/><br \/>El 8 de diciembre, d\u00eda de la festividad de la Inmaculada Concepci\u00f3n,<strong> el papa deposita de manera tradicional un ramo de flores a los pies de una columna de m\u00e1rmol que se sit\u00faa en la Plaza de Espa\u00f1a, en Roma<\/strong>. Esta se caracteriza por tener m\u00e1s de 11 metros de altura y sostener una estatua de Mar\u00eda que rinde homenaje a su Inmaculada Concepci\u00f3n.<br \/><br \/>En 1965, el padre P\u00edo pidi\u00f3 que el 8 de diciembre, solemnidad de la Inmaculada Concepci\u00f3n, se depositara un ramo de flores a los pies de la estatua de la Inmaculada que se encuentra en la Plaza de Espa\u00f1a de Roma. <strong>Desde esta fecha, muchos Grupos de Oraci\u00f3n del Padre P\u00edo se re\u00fanen cada 8 de diciembre para procesionar y colocar flores a los pies de esta estatua,<\/strong> al igual que el santo padre y numerosos romanos.<br \/>Desde el 8 de diciembre de 2015 (50 aniversario de su petici\u00f3n), los Grupos de Oraci\u00f3n del Padre P\u00edo llevan un ramo de flores a los pies de la estatua de la Virgen de la Gruta de Lourdes, en el mismo lugar en el que, el 25 de marzo de 1858, la Aparici\u00f3n revel\u00f3 su nombre a Bernardita: \u00abYo soy la Inmaculada Concepci\u00f3n\u00bb.<br \/><br \/>En 2017, con el objetivo de ampliar y perpetuar este homenaje floral <strong>los Grupos de Oraci\u00f3n del Padre P\u00edo decidi\u00f3 unirse a la Familia de Nuestra Se\u00f1ora de Lourdes<\/strong> para realizar este homenaje. A trav\u00e9s de internet, esta iniciativa permite que todas aquellas personas que deseen sumarse a este homenaje, a pesar de la distancia, puedan ofrecer una rosa a Mar\u00eda.<\/p>\t\t\t\t\t\t\t\t<\/div>\n\t\t\t\t<\/div>\n\t\t\t\t\t<\/div>\n\t\t<\/div>\n\t\t\t\t\t<\/div>\n\t\t<\/section>\n\t\t\t\t<\/div>\n\t\t","protected":false},"excerpt":{"rendered":"<p>Festividad de la Inmaculada Concepci\u00f3n en Lourdes La celebraci\u00f3n de la Inmaculada Concepci\u00f3n de la Virgen Mar\u00eda, fechada en los primeros d\u00edas del nuevo a\u00f1o lit\u00fargico y del tiempo de Adviento, nos recuerda el destino \u00fanico de esta joven jud\u00eda &hellip; <a href=\"https:\/\/www.lourdes-france.org\/es\/historique-8decembre\/\">Continuar<\/a><\/p>\n","protected":false},"author":7,"featured_media":0,"parent":0,"menu_order":0,"comment_status":"closed","ping_status":"closed","template":"","meta":{"_acf_changed":false,"footnotes":""},"class_list":["post-972347","page","type-page","status-publish","hentry"],"acf":[],"yoast_head":"<!-- This site is optimized with the Yoast SEO plugin v24.7 - https:\/\/yoast.com\/wordpress\/plugins\/seo\/ -->\n<title>historique-8decembre<\/title>\n<meta name=\"robots\" content=\"index, follow, max-snippet:-1, max-image-preview:large, max-video-preview:-1\" \/>\n<link rel=\"canonical\" href=\"https:\/\/www.lourdes-france.org\/historique-8decembre\/\" \/>\n<meta name=\"twitter:label1\" content=\"Tiempo de lectura\" \/>\n\t<meta name=\"twitter:data1\" content=\"4 minutos\" \/>\n<script type=\"application\/ld+json\" class=\"yoast-schema-graph\">{\"@context\":\"https:\/\/schema.org\",\"@graph\":[{\"@type\":\"WebPage\",\"@id\":\"https:\/\/www.lourdes-france.org\/historique-8decembre\/\",\"url\":\"https:\/\/www.lourdes-france.org\/historique-8decembre\/\",\"name\":\"historique-8decembre\",\"isPartOf\":{\"@id\":\"https:\/\/preprod-lourdes.cawita.com\/#website\"},\"datePublished\":\"2024-11-06T15:09:51+00:00\",\"dateModified\":\"2025-11-13T11:38:14+00:00\",\"breadcrumb\":{\"@id\":\"https:\/\/www.lourdes-france.org\/historique-8decembre\/#breadcrumb\"},\"inLanguage\":\"es\",\"potentialAction\":[{\"@type\":\"ReadAction\",\"target\":[\"https:\/\/www.lourdes-france.org\/historique-8decembre\/\"]}]},{\"@type\":\"BreadcrumbList\",\"@id\":\"https:\/\/www.lourdes-france.org\/historique-8decembre\/#breadcrumb\",\"itemListElement\":[{\"@type\":\"ListItem\",\"position\":1,\"name\":\"Accueil\",\"item\":\"https:\/\/www.lourdes-france.org\/\"},{\"@type\":\"ListItem\",\"position\":2,\"name\":\"historique-8decembre\"}]},{\"@type\":\"WebSite\",\"@id\":\"https:\/\/preprod-lourdes.cawita.com\/#website\",\"url\":\"https:\/\/preprod-lourdes.cawita.com\/\",\"name\":\"Soutenir le Sanctuaire Notre-Dame de Lourdes\",\"description\":\"\",\"potentialAction\":[{\"@type\":\"SearchAction\",\"target\":{\"@type\":\"EntryPoint\",\"urlTemplate\":\"https:\/\/preprod-lourdes.cawita.com\/?s={search_term_string}\"},\"query-input\":{\"@type\":\"PropertyValueSpecification\",\"valueRequired\":true,\"valueName\":\"search_term_string\"}}],\"inLanguage\":\"es\"}]}<\/script>\n<!-- \/ Yoast SEO plugin. -->","yoast_head_json":{"title":"historique-8decembre","robots":{"index":"index","follow":"follow","max-snippet":"max-snippet:-1","max-image-preview":"max-image-preview:large","max-video-preview":"max-video-preview:-1"},"canonical":"https:\/\/www.lourdes-france.org\/historique-8decembre\/","twitter_misc":{"Tiempo de lectura":"4 minutos"},"schema":{"@context":"https:\/\/schema.org","@graph":[{"@type":"WebPage","@id":"https:\/\/www.lourdes-france.org\/historique-8decembre\/","url":"https:\/\/www.lourdes-france.org\/historique-8decembre\/","name":"historique-8decembre","isPartOf":{"@id":"https:\/\/preprod-lourdes.cawita.com\/#website"},"datePublished":"2024-11-06T15:09:51+00:00","dateModified":"2025-11-13T11:38:14+00:00","breadcrumb":{"@id":"https:\/\/www.lourdes-france.org\/historique-8decembre\/#breadcrumb"},"inLanguage":"es","potentialAction":[{"@type":"ReadAction","target":["https:\/\/www.lourdes-france.org\/historique-8decembre\/"]}]},{"@type":"BreadcrumbList","@id":"https:\/\/www.lourdes-france.org\/historique-8decembre\/#breadcrumb","itemListElement":[{"@type":"ListItem","position":1,"name":"Accueil","item":"https:\/\/www.lourdes-france.org\/"},{"@type":"ListItem","position":2,"name":"historique-8decembre"}]},{"@type":"WebSite","@id":"https:\/\/preprod-lourdes.cawita.com\/#website","url":"https:\/\/preprod-lourdes.cawita.com\/","name":"Soutenir le Sanctuaire Notre-Dame de Lourdes","description":"","potentialAction":[{"@type":"SearchAction","target":{"@type":"EntryPoint","urlTemplate":"https:\/\/preprod-lourdes.cawita.com\/?s={search_term_string}"},"query-input":{"@type":"PropertyValueSpecification","valueRequired":true,"valueName":"search_term_string"}}],"inLanguage":"es"}]}},"_links":{"self":[{"href":"https:\/\/www.lourdes-france.org\/es\/wp-json\/wp\/v2\/pages\/972347","targetHints":{"allow":["GET"]}}],"collection":[{"href":"https:\/\/www.lourdes-france.org\/es\/wp-json\/wp\/v2\/pages"}],"about":[{"href":"https:\/\/www.lourdes-france.org\/es\/wp-json\/wp\/v2\/types\/page"}],"author":[{"embeddable":true,"href":"https:\/\/www.lourdes-france.org\/es\/wp-json\/wp\/v2\/users\/7"}],"replies":[{"embeddable":true,"href":"https:\/\/www.lourdes-france.org\/es\/wp-json\/wp\/v2\/comments?post=972347"}],"version-history":[{"count":3,"href":"https:\/\/www.lourdes-france.org\/es\/wp-json\/wp\/v2\/pages\/972347\/revisions"}],"predecessor-version":[{"id":1085361,"href":"https:\/\/www.lourdes-france.org\/es\/wp-json\/wp\/v2\/pages\/972347\/revisions\/1085361"}],"wp:attachment":[{"href":"https:\/\/www.lourdes-france.org\/es\/wp-json\/wp\/v2\/media?parent=972347"}],"curies":[{"name":"wp","href":"https:\/\/api.w.org\/{rel}","templated":true}]}}