{"id":975707,"date":"2024-11-22T08:58:42","date_gmt":"2024-11-22T07:58:42","guid":{"rendered":"https:\/\/www.lourdes-france.org\/neuvaine-8decembre\/"},"modified":"2024-12-02T14:30:25","modified_gmt":"2024-12-02T13:30:25","slug":"neuvaine-8decembre","status":"publish","type":"page","link":"https:\/\/www.lourdes-france.org\/es\/neuvaine-8decembre\/","title":{"rendered":"neuvaine-8decembre"},"content":{"rendered":"\t\t<div data-elementor-type=\"wp-page\" data-elementor-id=\"975707\" class=\"elementor elementor-975707 elementor-974951\" data-elementor-post-type=\"page\">\n\t\t\t\t\t\t<section class=\"elementor-section elementor-top-section elementor-element elementor-element-ec5c01f elementor-section-full_width elementor-section-stretched elementor-section-height-default elementor-section-height-default\" data-id=\"ec5c01f\" data-element_type=\"section\" data-settings=\"{&quot;stretch_section&quot;:&quot;section-stretched&quot;,&quot;background_background&quot;:&quot;video&quot;,&quot;background_video_link&quot;:&quot;https:\\\/\\\/www.lourdes-france.org\\\/wp-content\\\/uploads\\\/2024\\\/11\\\/rose_fond_anime-1.mp4&quot;,&quot;background_play_on_mobile&quot;:&quot;yes&quot;}\">\n\t\t\t\t\t\t\t\t<div class=\"elementor-background-video-container\" aria-hidden=\"true\">\n\t\t\t\t\t\t\t\t\t\t\t\t\t<video class=\"elementor-background-video-hosted\" autoplay muted playsinline loop><\/video>\n\t\t\t\t\t\t\t\t\t\t\t<\/div>\n\t\t\t\t\t\t\t\t\t<div class=\"elementor-background-overlay\"><\/div>\n\t\t\t\t\t\t\t<div class=\"elementor-container elementor-column-gap-default\">\n\t\t\t\t\t<div class=\"elementor-column elementor-col-100 elementor-top-column elementor-element elementor-element-b521d58\" data-id=\"b521d58\" data-element_type=\"column\">\n\t\t\t<div class=\"elementor-widget-wrap elementor-element-populated\">\n\t\t\t\t\t\t<div class=\"elementor-element elementor-element-10d0dca elementor-widget elementor-widget-heading\" data-id=\"10d0dca\" data-element_type=\"widget\" data-widget_type=\"heading.default\">\n\t\t\t\t<div class=\"elementor-widget-container\">\n\t\t\t\t\t<h2 class=\"elementor-heading-title elementor-size-default\">   <\/h2>\t\t\t\t<\/div>\n\t\t\t\t<\/div>\n\t\t\t\t\t<\/div>\n\t\t<\/div>\n\t\t\t\t\t<\/div>\n\t\t<\/section>\n\t\t\t\t<section class=\"elementor-section elementor-top-section elementor-element elementor-element-d763a94 elementor-section-boxed elementor-section-height-default elementor-section-height-default\" data-id=\"d763a94\" data-element_type=\"section\">\n\t\t\t\t\t\t<div class=\"elementor-container elementor-column-gap-default\">\n\t\t\t\t\t<div class=\"elementor-column elementor-col-100 elementor-top-column elementor-element elementor-element-2f35c52\" data-id=\"2f35c52\" data-element_type=\"column\">\n\t\t\t<div class=\"elementor-widget-wrap elementor-element-populated\">\n\t\t\t\t\t\t<div class=\"elementor-element elementor-element-b46d394 elementor-widget elementor-widget-text-editor\" data-id=\"b46d394\" data-element_type=\"widget\" data-widget_type=\"text-editor.default\">\n\t\t\t\t<div class=\"elementor-widget-container\">\n\t\t\t\t\t\t\t\t\t<h1 style=\"text-align: center;\">La oraci\u00f3n de la novena<br \/>Del 29 de noviembre al 7 de diciembre<\/h1>\t\t\t\t\t\t\t\t<\/div>\n\t\t\t\t<\/div>\n\t\t\t\t<section class=\"elementor-section elementor-inner-section elementor-element elementor-element-2e106e7 elementor-section-boxed elementor-section-height-default elementor-section-height-default\" data-id=\"2e106e7\" data-element_type=\"section\">\n\t\t\t\t\t\t<div class=\"elementor-container elementor-column-gap-default\">\n\t\t\t\t\t<div class=\"elementor-column elementor-col-100 elementor-inner-column elementor-element elementor-element-16a644a\" data-id=\"16a644a\" data-element_type=\"column\">\n\t\t\t<div class=\"elementor-widget-wrap elementor-element-populated\">\n\t\t\t\t\t\t<div class=\"elementor-element elementor-element-af837ee elementor-widget elementor-widget-text-editor\" data-id=\"af837ee\" data-element_type=\"widget\" data-widget_type=\"text-editor.default\">\n\t\t\t\t<div class=\"elementor-widget-container\">\n\t\t\t\t\t\t\t\t\t<p style=\"text-align: left;\"><em><strong>Sant\u00edsima Virgen Mar\u00eda,<\/strong> gracias a la se\u00f1al de la cruz hiciste entrar a Bernardita contigo en la escuela de relaci\u00f3n con la Sant\u00edsima Trinidad.<\/em><br \/><em>Cuando le ense\u00f1aste la oraci\u00f3n y la penitencia por los pecadores, le comunicaste la alegr\u00eda de la salvaci\u00f3n.<\/em><br \/><em>Le revelaste la belleza de tu pur\u00edsimo coraz\u00f3n cuando le dijiste: \u00abYo soy la Inmaculada Concepci\u00f3n\u00bb.<\/em><br \/><em>Con Bernardita, venimos a ti con confianza para obtener tu intercesi\u00f3n maternal.<\/em><br \/><em>Acepta las intenciones de nuestros corazones durante esta novena (especialmente por\u2026)<\/em><br \/><em>Nuestra Se\u00f1ora de Lourdes,<\/em><br \/><em>Te rogamos especialmente por nuestra conversi\u00f3n y la de todos los pecadores.<\/em><br \/><em>Vela por todos los que sufren en cuerpo y alma.<\/em><br \/><em>Con la esperanza de que la Vida triunfe sobre la muerte, desde ahora, queremos cantar contigo la gloria del Padre y del Hijo y del Esp\u00edritu Santo. \u00a1Am\u00e9n!<\/em><\/p><h6 style=\"text-align: left;\"><em><strong>Cada d\u00eda: 1 Padrenuestro, 10 Avemar\u00edas,<\/strong><\/em><br \/><em><strong>1 Gloria al Padre.<\/strong><\/em><br \/><em><strong>Se recomienda especialmente la confesi\u00f3n y la comuni\u00f3n durante la novena.<\/strong><\/em><\/h6>\t\t\t\t\t\t\t\t<\/div>\n\t\t\t\t<\/div>\n\t\t\t\t<div class=\"elementor-element elementor-element-59aa840 elementor-widget elementor-widget-image\" data-id=\"59aa840\" data-element_type=\"widget\" data-widget_type=\"image.default\">\n\t\t\t\t<div class=\"elementor-widget-container\">\n\t\t\t\t\t\t\t\t\t\t\t\t\t\t\t<img fetchpriority=\"high\" decoding=\"async\" width=\"1024\" height=\"683\" src=\"https:\/\/www.lourdes-france.org\/wp-content\/uploads\/2024\/11\/2023-carte-neuvaine-5-1024x683.jpg\" class=\"attachment-large size-large wp-image-975417\" alt=\"\" srcset=\"https:\/\/www.lourdes-france.org\/wp-content\/uploads\/2024\/11\/2023-carte-neuvaine-5-1024x683.jpg 1024w, https:\/\/www.lourdes-france.org\/wp-content\/uploads\/2024\/11\/2023-carte-neuvaine-5-300x200.jpg 300w, https:\/\/www.lourdes-france.org\/wp-content\/uploads\/2024\/11\/2023-carte-neuvaine-5-768x512.jpg 768w, https:\/\/www.lourdes-france.org\/wp-content\/uploads\/2024\/11\/2023-carte-neuvaine-5-1536x1024.jpg 1536w, https:\/\/www.lourdes-france.org\/wp-content\/uploads\/2024\/11\/2023-carte-neuvaine-5-2048x1365.jpg 2048w\" sizes=\"(max-width: 1024px) 100vw, 1024px\" \/>\t\t\t\t\t\t\t\t\t\t\t\t\t\t\t<\/div>\n\t\t\t\t<\/div>\n\t\t\t\t<div class=\"elementor-element elementor-element-18c8815 elementor-widget elementor-widget-text-editor\" data-id=\"18c8815\" data-element_type=\"widget\" data-widget_type=\"text-editor.default\">\n\t\t\t\t<div class=\"elementor-widget-container\">\n\t\t\t\t\t\t\t\t\t<p>Miles de personas, amigos de Lourdes en todo el mundo, ya han mostrado su gratitud a Mar\u00eda ofreciendo una rosa.<br \/><br \/>Todav\u00eda est\u00e1 a tiempo de dar gracias a Nuestra Se\u00f1ora de Lourdes. Voluntarios del Santuario dejar\u00e1n su ofrenda en la Gruta.<\/p>\t\t\t\t\t\t\t\t<\/div>\n\t\t\t\t<\/div>\n\t\t\t\t<div class=\"elementor-element elementor-element-818de7c elementor-align-center elementor-widget elementor-widget-button\" data-id=\"818de7c\" data-element_type=\"widget\" data-widget_type=\"button.default\">\n\t\t\t\t<div class=\"elementor-widget-container\">\n\t\t\t\t\t\t\t\t\t<div class=\"elementor-button-wrapper\">\n\t\t\t\t\t<a class=\"elementor-button elementor-button-link elementor-size-sm\" href=\"https:\/\/offrande.lourdes-france.org\/es\/shop\/ofrecer-una-rosa-a-nuestra-senora-de-lourdes-21\">\n\t\t\t\t\t\t<span class=\"elementor-button-content-wrapper\">\n\t\t\t\t\t\t\t\t\t<span class=\"elementor-button-text\">Ofrezco una rosa<\/span>\n\t\t\t\t\t<\/span>\n\t\t\t\t\t<\/a>\n\t\t\t\t<\/div>\n\t\t\t\t\t\t\t\t<\/div>\n\t\t\t\t<\/div>\n\t\t\t\t\t<\/div>\n\t\t<\/div>\n\t\t\t\t\t<\/div>\n\t\t<\/section>\n\t\t\t\t\t<\/div>\n\t\t<\/div>\n\t\t\t\t\t<\/div>\n\t\t<\/section>\n\t\t\t\t<\/div>\n\t\t","protected":false},"excerpt":{"rendered":"<p>La oraci\u00f3n de la novenaDel 29 de noviembre al 7 de diciembre Sant\u00edsima Virgen Mar\u00eda, gracias a la se\u00f1al de la cruz hiciste entrar a Bernardita contigo en la escuela de relaci\u00f3n con la Sant\u00edsima Trinidad.Cuando le ense\u00f1aste la oraci\u00f3n &hellip; <a href=\"https:\/\/www.lourdes-france.org\/es\/neuvaine-8decembre\/\">Continuar<\/a><\/p>\n","protected":false},"author":7,"featured_media":0,"parent":0,"menu_order":0,"comment_status":"closed","ping_status":"closed","template":"","meta":{"_acf_changed":false,"footnotes":""},"class_list":["post-975707","page","type-page","status-publish","hentry"],"acf":[],"yoast_head":"<!-- This site is optimized with the Yoast SEO plugin v24.7 - https:\/\/yoast.com\/wordpress\/plugins\/seo\/ -->\n<title>neuvaine-8decembre<\/title>\n<meta name=\"robots\" content=\"index, follow, max-snippet:-1, max-image-preview:large, max-video-preview:-1\" \/>\n<link rel=\"canonical\" href=\"https:\/\/www.lourdes-france.org\/es\/neuvaine-8decembre\/\" \/>\n<meta name=\"twitter:label1\" content=\"Tiempo de lectura\" \/>\n\t<meta name=\"twitter:data1\" content=\"2 minutos\" \/>\n<script type=\"application\/ld+json\" class=\"yoast-schema-graph\">{\"@context\":\"https:\/\/schema.org\",\"@graph\":[{\"@type\":\"WebPage\",\"@id\":\"https:\/\/www.lourdes-france.org\/es\/neuvaine-8decembre\/\",\"url\":\"https:\/\/www.lourdes-france.org\/es\/neuvaine-8decembre\/\",\"name\":\"neuvaine-8decembre\",\"isPartOf\":{\"@id\":\"https:\/\/preprod-lourdes.cawita.com\/#website\"},\"primaryImageOfPage\":{\"@id\":\"https:\/\/www.lourdes-france.org\/es\/neuvaine-8decembre\/#primaryimage\"},\"image\":{\"@id\":\"https:\/\/www.lourdes-france.org\/es\/neuvaine-8decembre\/#primaryimage\"},\"thumbnailUrl\":\"https:\/\/www.lourdes-france.org\/wp-content\/uploads\/2024\/11\/2023-carte-neuvaine-5-1024x683.jpg\",\"datePublished\":\"2024-11-22T07:58:42+00:00\",\"dateModified\":\"2024-12-02T13:30:25+00:00\",\"breadcrumb\":{\"@id\":\"https:\/\/www.lourdes-france.org\/es\/neuvaine-8decembre\/#breadcrumb\"},\"inLanguage\":\"es\",\"potentialAction\":[{\"@type\":\"ReadAction\",\"target\":[\"https:\/\/www.lourdes-france.org\/es\/neuvaine-8decembre\/\"]}]},{\"@type\":\"ImageObject\",\"inLanguage\":\"es\",\"@id\":\"https:\/\/www.lourdes-france.org\/es\/neuvaine-8decembre\/#primaryimage\",\"url\":\"https:\/\/www.lourdes-france.org\/wp-content\/uploads\/2024\/11\/2023-carte-neuvaine-5-1024x683.jpg\",\"contentUrl\":\"https:\/\/www.lourdes-france.org\/wp-content\/uploads\/2024\/11\/2023-carte-neuvaine-5-1024x683.jpg\"},{\"@type\":\"BreadcrumbList\",\"@id\":\"https:\/\/www.lourdes-france.org\/es\/neuvaine-8decembre\/#breadcrumb\",\"itemListElement\":[{\"@type\":\"ListItem\",\"position\":1,\"name\":\"Accueil\",\"item\":\"https:\/\/www.lourdes-france.org\/\"},{\"@type\":\"ListItem\",\"position\":2,\"name\":\"neuvaine-8decembre\"}]},{\"@type\":\"WebSite\",\"@id\":\"https:\/\/preprod-lourdes.cawita.com\/#website\",\"url\":\"https:\/\/preprod-lourdes.cawita.com\/\",\"name\":\"Soutenir le Sanctuaire Notre-Dame de Lourdes\",\"description\":\"\",\"potentialAction\":[{\"@type\":\"SearchAction\",\"target\":{\"@type\":\"EntryPoint\",\"urlTemplate\":\"https:\/\/preprod-lourdes.cawita.com\/?s={search_term_string}\"},\"query-input\":{\"@type\":\"PropertyValueSpecification\",\"valueRequired\":true,\"valueName\":\"search_term_string\"}}],\"inLanguage\":\"es\"}]}<\/script>\n<!-- \/ Yoast SEO plugin. -->","yoast_head_json":{"title":"neuvaine-8decembre","robots":{"index":"index","follow":"follow","max-snippet":"max-snippet:-1","max-image-preview":"max-image-preview:large","max-video-preview":"max-video-preview:-1"},"canonical":"https:\/\/www.lourdes-france.org\/es\/neuvaine-8decembre\/","twitter_misc":{"Tiempo de lectura":"2 minutos"},"schema":{"@context":"https:\/\/schema.org","@graph":[{"@type":"WebPage","@id":"https:\/\/www.lourdes-france.org\/es\/neuvaine-8decembre\/","url":"https:\/\/www.lourdes-france.org\/es\/neuvaine-8decembre\/","name":"neuvaine-8decembre","isPartOf":{"@id":"https:\/\/preprod-lourdes.cawita.com\/#website"},"primaryImageOfPage":{"@id":"https:\/\/www.lourdes-france.org\/es\/neuvaine-8decembre\/#primaryimage"},"image":{"@id":"https:\/\/www.lourdes-france.org\/es\/neuvaine-8decembre\/#primaryimage"},"thumbnailUrl":"https:\/\/www.lourdes-france.org\/wp-content\/uploads\/2024\/11\/2023-carte-neuvaine-5-1024x683.jpg","datePublished":"2024-11-22T07:58:42+00:00","dateModified":"2024-12-02T13:30:25+00:00","breadcrumb":{"@id":"https:\/\/www.lourdes-france.org\/es\/neuvaine-8decembre\/#breadcrumb"},"inLanguage":"es","potentialAction":[{"@type":"ReadAction","target":["https:\/\/www.lourdes-france.org\/es\/neuvaine-8decembre\/"]}]},{"@type":"ImageObject","inLanguage":"es","@id":"https:\/\/www.lourdes-france.org\/es\/neuvaine-8decembre\/#primaryimage","url":"https:\/\/www.lourdes-france.org\/wp-content\/uploads\/2024\/11\/2023-carte-neuvaine-5-1024x683.jpg","contentUrl":"https:\/\/www.lourdes-france.org\/wp-content\/uploads\/2024\/11\/2023-carte-neuvaine-5-1024x683.jpg"},{"@type":"BreadcrumbList","@id":"https:\/\/www.lourdes-france.org\/es\/neuvaine-8decembre\/#breadcrumb","itemListElement":[{"@type":"ListItem","position":1,"name":"Accueil","item":"https:\/\/www.lourdes-france.org\/"},{"@type":"ListItem","position":2,"name":"neuvaine-8decembre"}]},{"@type":"WebSite","@id":"https:\/\/preprod-lourdes.cawita.com\/#website","url":"https:\/\/preprod-lourdes.cawita.com\/","name":"Soutenir le Sanctuaire Notre-Dame de Lourdes","description":"","potentialAction":[{"@type":"SearchAction","target":{"@type":"EntryPoint","urlTemplate":"https:\/\/preprod-lourdes.cawita.com\/?s={search_term_string}"},"query-input":{"@type":"PropertyValueSpecification","valueRequired":true,"valueName":"search_term_string"}}],"inLanguage":"es"}]}},"_links":{"self":[{"href":"https:\/\/www.lourdes-france.org\/es\/wp-json\/wp\/v2\/pages\/975707","targetHints":{"allow":["GET"]}}],"collection":[{"href":"https:\/\/www.lourdes-france.org\/es\/wp-json\/wp\/v2\/pages"}],"about":[{"href":"https:\/\/www.lourdes-france.org\/es\/wp-json\/wp\/v2\/types\/page"}],"author":[{"embeddable":true,"href":"https:\/\/www.lourdes-france.org\/es\/wp-json\/wp\/v2\/users\/7"}],"replies":[{"embeddable":true,"href":"https:\/\/www.lourdes-france.org\/es\/wp-json\/wp\/v2\/comments?post=975707"}],"version-history":[{"count":3,"href":"https:\/\/www.lourdes-france.org\/es\/wp-json\/wp\/v2\/pages\/975707\/revisions"}],"predecessor-version":[{"id":976659,"href":"https:\/\/www.lourdes-france.org\/es\/wp-json\/wp\/v2\/pages\/975707\/revisions\/976659"}],"wp:attachment":[{"href":"https:\/\/www.lourdes-france.org\/es\/wp-json\/wp\/v2\/media?parent=975707"}],"curies":[{"name":"wp","href":"https:\/\/api.w.org\/{rel}","templated":true}]}}