{"id":1033612,"date":"2025-07-16T11:50:36","date_gmt":"2025-07-16T09:50:36","guid":{"rendered":"https:\/\/www.lourdes-france.org\/?page_id=1033612"},"modified":"2025-09-03T10:03:43","modified_gmt":"2025-09-03T08:03:43","slug":"utilizzata-donazione","status":"publish","type":"page","link":"https:\/\/www.lourdes-france.org\/it\/sostenere-santuario-lourdes\/utilizzata-donazione\/","title":{"rendered":"Comment est utilis\u00e9 votre don ?"},"content":{"rendered":"\t\t<div data-elementor-type=\"wp-page\" data-elementor-id=\"1033612\" class=\"elementor elementor-1033612 elementor-1028424\" data-elementor-post-type=\"page\">\n\t\t\t\t\t\t<section class=\"elementor-section elementor-top-section elementor-element elementor-element-61dc0d9 elementor-section-full_width elementor-section-stretched elementor-section-height-default elementor-section-height-default\" data-id=\"61dc0d9\" data-element_type=\"section\" data-settings=\"{&quot;stretch_section&quot;:&quot;section-stretched&quot;,&quot;background_background&quot;:&quot;classic&quot;}\">\n\t\t\t\t\t\t<div class=\"elementor-container elementor-column-gap-default\">\n\t\t\t\t\t<div class=\"elementor-column elementor-col-100 elementor-top-column elementor-element elementor-element-007492c\" data-id=\"007492c\" data-element_type=\"column\">\n\t\t\t<div class=\"elementor-widget-wrap elementor-element-populated\">\n\t\t\t\t\t\t<div class=\"elementor-element elementor-element-110a63f elementor-widget elementor-widget-spacer\" data-id=\"110a63f\" data-element_type=\"widget\" data-widget_type=\"spacer.default\">\n\t\t\t\t<div class=\"elementor-widget-container\">\n\t\t\t\t\t\t\t<div class=\"elementor-spacer\">\n\t\t\t<div class=\"elementor-spacer-inner\"><\/div>\n\t\t<\/div>\n\t\t\t\t\t\t<\/div>\n\t\t\t\t<\/div>\n\t\t\t\t\t<\/div>\n\t\t<\/div>\n\t\t\t\t\t<\/div>\n\t\t<\/section>\n\t\t\t\t<section class=\"elementor-section elementor-top-section elementor-element elementor-element-8962cc6 elementor-section-full_width elementor-section-height-default elementor-section-height-default\" data-id=\"8962cc6\" data-element_type=\"section\" data-settings=\"{&quot;background_background&quot;:&quot;classic&quot;}\">\n\t\t\t\t\t\t<div class=\"elementor-container elementor-column-gap-default\">\n\t\t\t\t\t<div class=\"elementor-column elementor-col-100 elementor-top-column elementor-element elementor-element-b1a606a\" data-id=\"b1a606a\" data-element_type=\"column\">\n\t\t\t<div class=\"elementor-widget-wrap elementor-element-populated\">\n\t\t\t\t\t\t<div class=\"elementor-element elementor-element-59188bf elementor-widget elementor-widget-spacer\" data-id=\"59188bf\" data-element_type=\"widget\" data-widget_type=\"spacer.default\">\n\t\t\t\t<div class=\"elementor-widget-container\">\n\t\t\t\t\t\t\t<div class=\"elementor-spacer\">\n\t\t\t<div class=\"elementor-spacer-inner\"><\/div>\n\t\t<\/div>\n\t\t\t\t\t\t<\/div>\n\t\t\t\t<\/div>\n\t\t\t\t<div class=\"elementor-element elementor-element-c46ba45 elementor-widget elementor-widget-heading\" data-id=\"c46ba45\" data-element_type=\"widget\" data-widget_type=\"heading.default\">\n\t\t\t\t<div class=\"elementor-widget-container\">\n\t\t\t\t\t<h2 class=\"elementor-heading-title elementor-size-default\">Come viene utilizzata la vostra donazione?\n<\/h2>\t\t\t\t<\/div>\n\t\t\t\t<\/div>\n\t\t\t\t<div class=\"elementor-element elementor-element-682b814 elementor-widget elementor-widget-heading\" data-id=\"682b814\" data-element_type=\"widget\" data-widget_type=\"heading.default\">\n\t\t\t\t<div class=\"elementor-widget-container\">\n\t\t\t\t\t<h2 class=\"elementor-heading-title elementor-size-default\">_________________<\/h2>\t\t\t\t<\/div>\n\t\t\t\t<\/div>\n\t\t\t\t<div class=\"elementor-element elementor-element-b24e318 elementor-widget elementor-widget-text-editor\" data-id=\"b24e318\" data-element_type=\"widget\" data-widget_type=\"text-editor.default\">\n\t\t\t\t<div class=\"elementor-widget-container\">\n\t\t\t\t\t\t\t\t\t<p>La vostra donazione permette al Santuario di praticare le virt\u00f9 dell&#8217;ospitalit\u00e0, dell&#8217;universalit\u00e0, della generosit\u00e0, della semplicit\u00e0, dell&#8217;umilt\u00e0 e del rispetto.<\/p><p><b>Il 93% delle nostre risorse \u00e8 dedicato all&#8217;accoglienza dei pellegrini<\/b><\/p><p>Accoglienza nel Santuario: 93%<br \/>Costi di raccolta fondi: 7%<\/p><p><b>Costo per pellegrino: 7,20 \u20ac (nel 2024)<\/b><\/p><p>A carico del Santuario<\/p><p>19,2%\u2026\u2026\u2026.Celebrazione del culto e attivit\u00e0 pastorali<br \/>16,1%&#8230;&#8230;&#8230;&#8230;.Manutenzione, manutenzione ed energia<br \/>15,8%\u2026..\u2026\u2026Raccolta risorse (gestione candele, donazioni, ecc.)<br \/>14,5%\u2026\u2026\u2026..Ammortamento degli investimenti<br \/>8,5%&#8230;&#8230;&#8230;&#8230;&#8230;.Amministrazione<br \/>8%&#8230;&#8230;&#8230;&#8230;&#8230;&#8230;.Sicurezza dei pellegrini e punto di primo soccorso<br \/>7%&#8230;&#8230;&#8230;&#8230;&#8230;&#8230;.Comunicazione e diffusione del messaggio<br \/>5%&#8230;&#8230;&#8230;&#8230;&#8230;&#8230;.Accoglienza pellegrini e gruppi<br \/>1,2%&#8230;&#8230;&#8230;&#8230;&#8230;.Volontariato<br \/>1,2%&#8230;&#8230;&#8230;&#8230;&#8230;.Assicurazione<br \/>1%&#8230;&#8230;&#8230;&#8230;&#8230;&#8230;Tasse e imposte<br \/>2,5%&#8230;&#8230;&#8230;&#8230;&#8230;Altre Spese<\/p><p>Fonte: Rapporto attivit\u00e0 2024<\/p><p>Con una donazione di 100 \u20ac, posso coprire le spese di accoglienza di un piccolo gruppo di 14 pellegrini di un giorno.<\/p><p>Con una donazione di 1.000 \u20ac, posso coprire le spese di accoglienza di un pellegrinaggio di quasi 140 persone per vivere una giornata a Lourdes.<\/p>\t\t\t\t\t\t\t\t<\/div>\n\t\t\t\t<\/div>\n\t\t\t\t<div class=\"elementor-element elementor-element-d5f0e40 elementor-widget elementor-widget-link-in-bio\" data-id=\"d5f0e40\" data-element_type=\"widget\" data-widget_type=\"link-in-bio.default\">\n\t\t\t\t<div class=\"elementor-widget-container\">\n\t\t\t\t\t\t\t<div class=\"e-link-in-bio e-link-in-bio\">\n\t\t\t<div class=\"e-link-in-bio__content\">\n\n\t\t\t\t\t\t<div class=\"e-link-in-bio__identity\">\n\t\t\t\t\t\t\t\t\t<div class=\"e-link-in-bio__identity-image e-link-in-bio__identity-image-profile has-border has-style-circle\">\n\t\t\t\t\t\t\t<img fetchpriority=\"high\" decoding=\"async\" width=\"300\" height=\"200\" src=\"https:\/\/www.lourdes-france.org\/wp-content\/uploads\/2025\/08\/21_service-donateur-01-scaled-1-1-300x200.jpg\" class=\"e-link-in-bio__identity-image-element\" alt=\"\" srcset=\"https:\/\/www.lourdes-france.org\/wp-content\/uploads\/2025\/08\/21_service-donateur-01-scaled-1-1-300x200.jpg 300w, https:\/\/www.lourdes-france.org\/wp-content\/uploads\/2025\/08\/21_service-donateur-01-scaled-1-1-1024x683.jpg 1024w, https:\/\/www.lourdes-france.org\/wp-content\/uploads\/2025\/08\/21_service-donateur-01-scaled-1-1-768x512.jpg 768w, https:\/\/www.lourdes-france.org\/wp-content\/uploads\/2025\/08\/21_service-donateur-01-scaled-1-1-1536x1024.jpg 1536w, https:\/\/www.lourdes-france.org\/wp-content\/uploads\/2025\/08\/21_service-donateur-01-scaled-1-1-2048x1366.jpg 2048w\" sizes=\"(max-width: 300px) 100vw, 300px\" \/>\t\t\t\t\t\t\t\t\t\t\t\t\t<\/div>\n\t\t\t\t\t\t\t<\/div>\n\t\t\t\t\t<div class=\"e-link-in-bio__bio\">\n\t\t\t\t<h2 class=\"e-link-in-bio__heading\">Il Servizio dei donatori<\/h2>\t\t\t\t<h2 class=\"e-link-in-bio__title\">Santuario di Nostra Signora di Lourdes<\/h2>\t\t\t\t\t\t\t\t\t\t\t<\/div>\n\t\t\t\t\t<div class=\"e-link-in-bio__icons has-size-medium\">\n\t\t\t\t\t\t\t<div class=\"e-link-in-bio__icon is-size-medium\">\n\t\t\t\t\t<a aria-label=\"Telephone\" class=\"e-link-in-bio__icon-link\" href=\"tel:+33562428282\">\n\t\t\t\t\t\t<span class=\"e-link-in-bio__icon-svg\">\n\t\t\t\t\t\t\t<i aria-hidden=\"true\" class=\"fas fa-phone-alt\"><\/i>\t\t\t\t\t\t<\/span>\n\t\t\t\t\t\t\t\t\t\t\t<\/a>\n\t\t\t\t<\/div>\n\t\t\t\t\t\t\t<div class=\"e-link-in-bio__icon is-size-medium\">\n\t\t\t\t\t<a aria-label=\"Email\" class=\"e-link-in-bio__icon-link\" href=\"mailto:donateur@lourdes-france.com\">\n\t\t\t\t\t\t<span class=\"e-link-in-bio__icon-svg\">\n\t\t\t\t\t\t\t<i aria-hidden=\"true\" class=\"fas fa-envelope\"><\/i>\t\t\t\t\t\t<\/span>\n\t\t\t\t\t\t\t\t\t\t\t<\/a>\n\t\t\t\t<\/div>\n\t\t\t\t\t<\/div>\n\t\t\n\t\t<div class=\"e-link-in-bio__ctas has-type-button\">\n\t\t\t\t\t\t\t<a target=\"_blank\" rel=\"noopener \" class=\"e-link-in-bio__cta is-type-button has-corners-rounded\" href=\"\">\n\t\t\t\t\t\t\t\t\t\t<span class=\"e-link-in-bio__cta-text\">\n\t\t\t\t\t\t1 avenue Mgr Th\u00e9as \u2013 65 108 Lourdes  France\t\t\t\t\t<\/span>\n\t\t\t\t<\/a>\n\t\t\t\t\t<\/div>\n\t\t\n\t\t\t<\/div>\n\t\t\t<div class=\"e-link-in-bio__bg\">\n\t\t\t\t<div class=\"e-link-in-bio__bg-overlay\"><\/div>\n\t\t\t<\/div>\n\t\t<\/div>\n\t\t\t\t\t\t<\/div>\n\t\t\t\t<\/div>\n\t\t\t\t<div class=\"elementor-element elementor-element-c7fb6af elementor-view-default elementor-widget elementor-widget-icon\" data-id=\"c7fb6af\" data-element_type=\"widget\" data-widget_type=\"icon.default\">\n\t\t\t\t<div class=\"elementor-widget-container\">\n\t\t\t\t\t\t\t<div class=\"elementor-icon-wrapper\">\n\t\t\t<div class=\"elementor-icon\">\n\t\t\t<i aria-hidden=\"true\" class=\"fas fa-church\"><\/i>\t\t\t<\/div>\n\t\t<\/div>\n\t\t\t\t\t\t<\/div>\n\t\t\t\t<\/div>\n\t\t\t\t\t<\/div>\n\t\t<\/div>\n\t\t\t\t\t<\/div>\n\t\t<\/section>\n\t\t\t\t<\/div>\n\t\t","protected":false},"excerpt":{"rendered":"<p>Come viene utilizzata la vostra donazione? _________________ La vostra donazione permette al Santuario di praticare le virt\u00f9 dell&#8217;ospitalit\u00e0, dell&#8217;universalit\u00e0, della generosit\u00e0, della semplicit\u00e0, dell&#8217;umilt\u00e0 e del rispetto. Il 93% delle nostre risorse \u00e8 dedicato all&#8217;accoglienza dei pellegrini Accoglienza nel Santuario: &hellip; <a href=\"https:\/\/www.lourdes-france.org\/it\/sostenere-santuario-lourdes\/utilizzata-donazione\/\">Continua<\/a><\/p>\n","protected":false},"author":7,"featured_media":1033719,"parent":1033708,"menu_order":0,"comment_status":"closed","ping_status":"closed","template":"","meta":{"_acf_changed":false,"footnotes":""},"class_list":["post-1033612","page","type-page","status-publish","has-post-thumbnail","hentry"],"acf":[],"yoast_head":"<!-- This site is optimized with the Yoast SEO plugin v24.7 - https:\/\/yoast.com\/wordpress\/plugins\/seo\/ -->\n<title>Come viene utilizzata la vostra donazione?<\/title>\n<meta name=\"description\" content=\"Perch\u00e9 donare al Santuario? Perch\u00e9 questa scelta? Perch\u00e9 Lourdes? 5 motivi per donare al Santuario di Lourdes.\" \/>\n<meta name=\"robots\" content=\"index, follow, max-snippet:-1, max-image-preview:large, max-video-preview:-1\" \/>\n<link rel=\"canonical\" href=\"https:\/\/www.lourdes-france.org\/soutenir-sanctuaire-lourdes-2\/utilisation-don\/\" \/>\n<meta name=\"twitter:label1\" content=\"Tempo di lettura stimato\" \/>\n\t<meta name=\"twitter:data1\" content=\"2 minuti\" \/>\n<script type=\"application\/ld+json\" class=\"yoast-schema-graph\">{\"@context\":\"https:\/\/schema.org\",\"@graph\":[{\"@type\":\"WebPage\",\"@id\":\"https:\/\/www.lourdes-france.org\/soutenir-sanctuaire-lourdes-2\/utilisation-don\/\",\"url\":\"https:\/\/www.lourdes-france.org\/soutenir-sanctuaire-lourdes-2\/utilisation-don\/\",\"name\":\"Come viene utilizzata la vostra donazione?\",\"isPartOf\":{\"@id\":\"https:\/\/preprod-lourdes.cawita.com\/#website\"},\"primaryImageOfPage\":{\"@id\":\"https:\/\/www.lourdes-france.org\/soutenir-sanctuaire-lourdes-2\/utilisation-don\/#primaryimage\"},\"image\":{\"@id\":\"https:\/\/www.lourdes-france.org\/soutenir-sanctuaire-lourdes-2\/utilisation-don\/#primaryimage\"},\"thumbnailUrl\":\"https:\/\/www.lourdes-france.org\/wp-content\/uploads\/2025\/07\/Nous-soutenir-scaled-1.jpg\",\"datePublished\":\"2025-07-16T09:50:36+00:00\",\"dateModified\":\"2025-09-03T08:03:43+00:00\",\"description\":\"Perch\u00e9 donare al Santuario? Perch\u00e9 questa scelta? Perch\u00e9 Lourdes? 5 motivi per donare al Santuario di Lourdes.\",\"breadcrumb\":{\"@id\":\"https:\/\/www.lourdes-france.org\/soutenir-sanctuaire-lourdes-2\/utilisation-don\/#breadcrumb\"},\"inLanguage\":\"it-IT\",\"potentialAction\":[{\"@type\":\"ReadAction\",\"target\":[\"https:\/\/www.lourdes-france.org\/soutenir-sanctuaire-lourdes-2\/utilisation-don\/\"]}]},{\"@type\":\"ImageObject\",\"inLanguage\":\"it-IT\",\"@id\":\"https:\/\/www.lourdes-france.org\/soutenir-sanctuaire-lourdes-2\/utilisation-don\/#primaryimage\",\"url\":\"https:\/\/www.lourdes-france.org\/wp-content\/uploads\/2025\/07\/Nous-soutenir-scaled-1.jpg\",\"contentUrl\":\"https:\/\/www.lourdes-france.org\/wp-content\/uploads\/2025\/07\/Nous-soutenir-scaled-1.jpg\",\"width\":2560,\"height\":1707,\"caption\":\"Pourquoi faire un don au Sanctuaire de Lourdes ?\"},{\"@type\":\"BreadcrumbList\",\"@id\":\"https:\/\/www.lourdes-france.org\/soutenir-sanctuaire-lourdes-2\/utilisation-don\/#breadcrumb\",\"itemListElement\":[{\"@type\":\"ListItem\",\"position\":1,\"name\":\"Accueil\",\"item\":\"https:\/\/www.lourdes-france.org\/\"},{\"@type\":\"ListItem\",\"position\":2,\"name\":\"Soutenir le Sanctuaire\",\"item\":\"https:\/\/www.lourdes-france.org\/it\/sostenere-santuario-lourdes\/\"},{\"@type\":\"ListItem\",\"position\":3,\"name\":\"Comment est utilis\u00e9 votre don ?\"}]},{\"@type\":\"WebSite\",\"@id\":\"https:\/\/preprod-lourdes.cawita.com\/#website\",\"url\":\"https:\/\/preprod-lourdes.cawita.com\/\",\"name\":\"Soutenir le Sanctuaire Notre-Dame de Lourdes\",\"description\":\"\",\"potentialAction\":[{\"@type\":\"SearchAction\",\"target\":{\"@type\":\"EntryPoint\",\"urlTemplate\":\"https:\/\/preprod-lourdes.cawita.com\/?s={search_term_string}\"},\"query-input\":{\"@type\":\"PropertyValueSpecification\",\"valueRequired\":true,\"valueName\":\"search_term_string\"}}],\"inLanguage\":\"it-IT\"}]}<\/script>\n<!-- \/ Yoast SEO plugin. -->","yoast_head_json":{"title":"Come viene utilizzata la vostra donazione?","description":"Perch\u00e9 donare al Santuario? Perch\u00e9 questa scelta? Perch\u00e9 Lourdes? 5 motivi per donare al Santuario di Lourdes.","robots":{"index":"index","follow":"follow","max-snippet":"max-snippet:-1","max-image-preview":"max-image-preview:large","max-video-preview":"max-video-preview:-1"},"canonical":"https:\/\/www.lourdes-france.org\/soutenir-sanctuaire-lourdes-2\/utilisation-don\/","twitter_misc":{"Tempo di lettura stimato":"2 minuti"},"schema":{"@context":"https:\/\/schema.org","@graph":[{"@type":"WebPage","@id":"https:\/\/www.lourdes-france.org\/soutenir-sanctuaire-lourdes-2\/utilisation-don\/","url":"https:\/\/www.lourdes-france.org\/soutenir-sanctuaire-lourdes-2\/utilisation-don\/","name":"Come viene utilizzata la vostra donazione?","isPartOf":{"@id":"https:\/\/preprod-lourdes.cawita.com\/#website"},"primaryImageOfPage":{"@id":"https:\/\/www.lourdes-france.org\/soutenir-sanctuaire-lourdes-2\/utilisation-don\/#primaryimage"},"image":{"@id":"https:\/\/www.lourdes-france.org\/soutenir-sanctuaire-lourdes-2\/utilisation-don\/#primaryimage"},"thumbnailUrl":"https:\/\/www.lourdes-france.org\/wp-content\/uploads\/2025\/07\/Nous-soutenir-scaled-1.jpg","datePublished":"2025-07-16T09:50:36+00:00","dateModified":"2025-09-03T08:03:43+00:00","description":"Perch\u00e9 donare al Santuario? Perch\u00e9 questa scelta? Perch\u00e9 Lourdes? 5 motivi per donare al Santuario di Lourdes.","breadcrumb":{"@id":"https:\/\/www.lourdes-france.org\/soutenir-sanctuaire-lourdes-2\/utilisation-don\/#breadcrumb"},"inLanguage":"it-IT","potentialAction":[{"@type":"ReadAction","target":["https:\/\/www.lourdes-france.org\/soutenir-sanctuaire-lourdes-2\/utilisation-don\/"]}]},{"@type":"ImageObject","inLanguage":"it-IT","@id":"https:\/\/www.lourdes-france.org\/soutenir-sanctuaire-lourdes-2\/utilisation-don\/#primaryimage","url":"https:\/\/www.lourdes-france.org\/wp-content\/uploads\/2025\/07\/Nous-soutenir-scaled-1.jpg","contentUrl":"https:\/\/www.lourdes-france.org\/wp-content\/uploads\/2025\/07\/Nous-soutenir-scaled-1.jpg","width":2560,"height":1707,"caption":"Pourquoi faire un don au Sanctuaire de Lourdes ?"},{"@type":"BreadcrumbList","@id":"https:\/\/www.lourdes-france.org\/soutenir-sanctuaire-lourdes-2\/utilisation-don\/#breadcrumb","itemListElement":[{"@type":"ListItem","position":1,"name":"Accueil","item":"https:\/\/www.lourdes-france.org\/"},{"@type":"ListItem","position":2,"name":"Soutenir le Sanctuaire","item":"https:\/\/www.lourdes-france.org\/it\/sostenere-santuario-lourdes\/"},{"@type":"ListItem","position":3,"name":"Comment est utilis\u00e9 votre don ?"}]},{"@type":"WebSite","@id":"https:\/\/preprod-lourdes.cawita.com\/#website","url":"https:\/\/preprod-lourdes.cawita.com\/","name":"Soutenir le Sanctuaire Notre-Dame de Lourdes","description":"","potentialAction":[{"@type":"SearchAction","target":{"@type":"EntryPoint","urlTemplate":"https:\/\/preprod-lourdes.cawita.com\/?s={search_term_string}"},"query-input":{"@type":"PropertyValueSpecification","valueRequired":true,"valueName":"search_term_string"}}],"inLanguage":"it-IT"}]}},"_links":{"self":[{"href":"https:\/\/www.lourdes-france.org\/it\/wp-json\/wp\/v2\/pages\/1033612","targetHints":{"allow":["GET"]}}],"collection":[{"href":"https:\/\/www.lourdes-france.org\/it\/wp-json\/wp\/v2\/pages"}],"about":[{"href":"https:\/\/www.lourdes-france.org\/it\/wp-json\/wp\/v2\/types\/page"}],"author":[{"embeddable":true,"href":"https:\/\/www.lourdes-france.org\/it\/wp-json\/wp\/v2\/users\/7"}],"replies":[{"embeddable":true,"href":"https:\/\/www.lourdes-france.org\/it\/wp-json\/wp\/v2\/comments?post=1033612"}],"version-history":[{"count":3,"href":"https:\/\/www.lourdes-france.org\/it\/wp-json\/wp\/v2\/pages\/1033612\/revisions"}],"predecessor-version":[{"id":1064167,"href":"https:\/\/www.lourdes-france.org\/it\/wp-json\/wp\/v2\/pages\/1033612\/revisions\/1064167"}],"up":[{"embeddable":true,"href":"https:\/\/www.lourdes-france.org\/it\/wp-json\/wp\/v2\/pages\/1033708"}],"wp:featuredmedia":[{"embeddable":true,"href":"https:\/\/www.lourdes-france.org\/it\/wp-json\/wp\/v2\/media\/1033719"}],"wp:attachment":[{"href":"https:\/\/www.lourdes-france.org\/it\/wp-json\/wp\/v2\/media?parent=1033612"}],"curies":[{"name":"wp","href":"https:\/\/api.w.org\/{rel}","templated":true}]}}