{"id":1033632,"date":"2025-07-23T12:58:45","date_gmt":"2025-07-23T10:58:45","guid":{"rendered":"https:\/\/www.lourdes-france.org\/?page_id=1033632"},"modified":"2025-09-03T15:40:13","modified_gmt":"2025-09-03T13:40:13","slug":"impatto-della-donazione","status":"publish","type":"page","link":"https:\/\/www.lourdes-france.org\/it\/sostenere-santuario-lourdes\/impatto-della-donazione\/","title":{"rendered":"Soutenez Lourdes : Offrez un avenir \u00e0 l\u2019Esp\u00e9rance"},"content":{"rendered":"\t\t<div data-elementor-type=\"wp-page\" data-elementor-id=\"1033632\" class=\"elementor elementor-1033632 elementor-1028432\" data-elementor-post-type=\"page\">\n\t\t\t\t\t\t<section class=\"elementor-section elementor-top-section elementor-element elementor-element-8381c13 elementor-section-full_width elementor-section-stretched elementor-section-height-default elementor-section-height-default\" data-id=\"8381c13\" data-element_type=\"section\" data-settings=\"{&quot;stretch_section&quot;:&quot;section-stretched&quot;,&quot;background_background&quot;:&quot;classic&quot;}\">\n\t\t\t\t\t\t<div class=\"elementor-container elementor-column-gap-default\">\n\t\t\t\t\t<div class=\"elementor-column elementor-col-100 elementor-top-column elementor-element elementor-element-a5fa780\" data-id=\"a5fa780\" data-element_type=\"column\">\n\t\t\t<div class=\"elementor-widget-wrap elementor-element-populated\">\n\t\t\t\t\t\t<div class=\"elementor-element elementor-element-769332c elementor-widget elementor-widget-spacer\" data-id=\"769332c\" data-element_type=\"widget\" data-widget_type=\"spacer.default\">\n\t\t\t\t<div class=\"elementor-widget-container\">\n\t\t\t\t\t\t\t<div class=\"elementor-spacer\">\n\t\t\t<div class=\"elementor-spacer-inner\"><\/div>\n\t\t<\/div>\n\t\t\t\t\t\t<\/div>\n\t\t\t\t<\/div>\n\t\t\t\t\t<\/div>\n\t\t<\/div>\n\t\t\t\t\t<\/div>\n\t\t<\/section>\n\t\t\t\t<section class=\"elementor-section elementor-top-section elementor-element elementor-element-f30ccc5 elementor-section-full_width elementor-section-height-default elementor-section-height-default\" data-id=\"f30ccc5\" data-element_type=\"section\" data-settings=\"{&quot;background_background&quot;:&quot;classic&quot;}\">\n\t\t\t\t\t\t<div class=\"elementor-container elementor-column-gap-default\">\n\t\t\t\t\t<div class=\"elementor-column elementor-col-100 elementor-top-column elementor-element elementor-element-68639d6\" data-id=\"68639d6\" data-element_type=\"column\">\n\t\t\t<div class=\"elementor-widget-wrap elementor-element-populated\">\n\t\t\t\t\t\t<div class=\"elementor-element elementor-element-4d49535 elementor-widget elementor-widget-spacer\" data-id=\"4d49535\" data-element_type=\"widget\" data-widget_type=\"spacer.default\">\n\t\t\t\t<div class=\"elementor-widget-container\">\n\t\t\t\t\t\t\t<div class=\"elementor-spacer\">\n\t\t\t<div class=\"elementor-spacer-inner\"><\/div>\n\t\t<\/div>\n\t\t\t\t\t\t<\/div>\n\t\t\t\t<\/div>\n\t\t\t\t<div class=\"elementor-element elementor-element-7ee462f elementor-widget elementor-widget-heading\" data-id=\"7ee462f\" data-element_type=\"widget\" data-widget_type=\"heading.default\">\n\t\t\t\t<div class=\"elementor-widget-container\">\n\t\t\t\t\t<h2 class=\"elementor-heading-title elementor-size-default\">Sostenete Lourdes: Offrite un futuro alla Speranza\n<\/h2>\t\t\t\t<\/div>\n\t\t\t\t<\/div>\n\t\t\t\t<div class=\"elementor-element elementor-element-7e5a7b4 elementor-widget elementor-widget-heading\" data-id=\"7e5a7b4\" data-element_type=\"widget\" data-widget_type=\"heading.default\">\n\t\t\t\t<div class=\"elementor-widget-container\">\n\t\t\t\t\t<h2 class=\"elementor-heading-title elementor-size-default\">_________________<\/h2>\t\t\t\t<\/div>\n\t\t\t\t<\/div>\n\t\t\t\t<div class=\"elementor-element elementor-element-33ef6fc elementor-widget elementor-widget-text-editor\" data-id=\"33ef6fc\" data-element_type=\"widget\" data-widget_type=\"text-editor.default\">\n\t\t\t\t<div class=\"elementor-widget-container\">\n\t\t\t\t\t\t\t\t\t<p>Dal 1858, il <a href=\"https:\/\/www.lourdes-france.com\/it\/\">Santuario di Lourdes<\/a> \u00e8 un luogo di fede, guarigione e accoglienza per milioni di pellegrini provenienti da tutto il mondo, in particolare per i malati e i pi\u00f9 vulnerabili. Tuttavia, contrariamente a quanto si pensa, Lourdes non riceve sovvenzioni pubbliche o ecclesiastiche. Sopravvive esclusivamente grazie alla generosit\u00e0 dei suoi donatori. Oggi pi\u00f9 che mai, il vostro aiuto \u00e8 necessario per:<\/p><h2><b>1. Garantire un&#8217;accoglienza dignitosa per tutti<\/b><\/h2><p>\u2022 Lourdes \u00e8 uno dei pochi santuari al mondo ad accogliere cos\u00ec tante persone<a href=\"https:\/\/www.lourdes-france.com\/it\/lourdes-un-sanctuaire-accessible-a-tous\/\"> malate e disabili.<\/a> Accogliere con dignit\u00e0 e rispetto ogni persona comporta un impegno concreto e finanziario da parte del Santuario. Ogni celebrazione, ogni gesto di accoglienza, ogni luogo aperto richiede risorse umane e strutturali.<\/p><h2><b>2. Garantire la missione spirituale del Santuario<\/b><\/h2><ul><li>Celebrazioni, processioni, amministrazione dei sacramenti, benedizioni dei malati, ritiri spirituali, veglie di preghiera: tutto questo \u00e8 possibile grazie al vostro sostegno.<\/li><li>Lourdes trasmette ogni giorno un <a href=\"https:\/\/www.lourdes-france.com\/it\/il-messaggio-di-lourdes\/\">messaggio di Speranza<\/a> che tocca profondamente i fedeli e i visitatori di tutto il mondo.<br \/><br \/><\/li><\/ul><h2><b>3. Finanziare progetti concreti di accoglienza e cura<\/b><\/h2><ul><li>Sono necessari lavori di manutenzione regolari nei luoghi emblematici: la Grotta, le tre basiliche, le 25 cappelle, le fontane&#8230;<\/li><li>Il Santuario provvede alla manutenzione e alla ristrutturazione degli alloggi dei cappellani permanenti, dei sacerdoti confessori e dei seminaristi.<\/li><li>A volte sono indispensabili interventi di ristrutturazione pi\u00f9 consistenti in questi luoghi.<br \/><br \/><\/li><\/ul><h2><b>Come donare?<span class=\"Apple-converted-space\">\u00a0<\/span><\/b><\/h2><p>\u00c8 semplice, veloce e sicuro:<\/p><p><b>\u2022 Online<\/b>: su<a href=\"https:\/\/www.lourdes-france.org\/it\/faire-un-don\/\" target=\"_blank\" rel=\"noopener\"> www.lourdes-france.org\/it\/faire-un-don<\/a><br \/><b>\u2022 Per posta<\/b>: intestato al Sanctuaire Notre Dame de Lourdes \u2013 1 avenue Mgr Th\u00e9as \u2013 65108 Lourdes Cedex \u2013 Francia<br \/><b>\u2022 Con addebito diretto mensile<\/b>: per sostenere Lourdes tutto l&#8217;anno, al vostro ritmo.<\/p><p><b>Ogni donazione conta. Ogni gesto contribuisce a costruire Lourdes.<span class=\"Apple-converted-space\">\u00a0<\/span><\/b><\/p><p>Sostenendo il Santuario, permettete a questo luogo unico di continuare la propria missione: accogliere, pregare, accompagnare e sperare.<\/p><p><b>Grazie per la vostra generosit\u00e0. Grazie per la vostra donazione.<br \/><\/b><\/p>\t\t\t\t\t\t\t\t<\/div>\n\t\t\t\t<\/div>\n\t\t\t\t<div class=\"elementor-element elementor-element-0ca8a7f elementor-widget elementor-widget-link-in-bio\" data-id=\"0ca8a7f\" data-element_type=\"widget\" data-widget_type=\"link-in-bio.default\">\n\t\t\t\t<div class=\"elementor-widget-container\">\n\t\t\t\t\t\t\t<div class=\"e-link-in-bio e-link-in-bio\">\n\t\t\t<div class=\"e-link-in-bio__content\">\n\n\t\t\t\t\t\t<div class=\"e-link-in-bio__identity\">\n\t\t\t\t\t\t\t\t\t<div class=\"e-link-in-bio__identity-image e-link-in-bio__identity-image-profile has-border has-style-circle\">\n\t\t\t\t\t\t\t<img fetchpriority=\"high\" decoding=\"async\" width=\"300\" height=\"200\" src=\"https:\/\/www.lourdes-france.org\/wp-content\/uploads\/2025\/08\/21_service-donateur-01-scaled-1-1-300x200.jpg\" class=\"e-link-in-bio__identity-image-element\" alt=\"\" srcset=\"https:\/\/www.lourdes-france.org\/wp-content\/uploads\/2025\/08\/21_service-donateur-01-scaled-1-1-300x200.jpg 300w, https:\/\/www.lourdes-france.org\/wp-content\/uploads\/2025\/08\/21_service-donateur-01-scaled-1-1-1024x683.jpg 1024w, https:\/\/www.lourdes-france.org\/wp-content\/uploads\/2025\/08\/21_service-donateur-01-scaled-1-1-768x512.jpg 768w, https:\/\/www.lourdes-france.org\/wp-content\/uploads\/2025\/08\/21_service-donateur-01-scaled-1-1-1536x1024.jpg 1536w, https:\/\/www.lourdes-france.org\/wp-content\/uploads\/2025\/08\/21_service-donateur-01-scaled-1-1-2048x1366.jpg 2048w\" sizes=\"(max-width: 300px) 100vw, 300px\" \/>\t\t\t\t\t\t\t\t\t\t\t\t\t<\/div>\n\t\t\t\t\t\t\t<\/div>\n\t\t\t\t\t<div class=\"e-link-in-bio__bio\">\n\t\t\t\t<h2 class=\"e-link-in-bio__heading\">Il Servizio dei donatori<\/h2>\t\t\t\t<h2 class=\"e-link-in-bio__title\">Santuario di Nostra Signora di Lourdes<\/h2>\t\t\t\t\t\t\t\t\t\t\t<\/div>\n\t\t\t\t\t<div class=\"e-link-in-bio__icons has-size-medium\">\n\t\t\t\t\t\t\t<div class=\"e-link-in-bio__icon is-size-medium\">\n\t\t\t\t\t<a aria-label=\"Telephone\" class=\"e-link-in-bio__icon-link\" href=\"tel:+33562428282\">\n\t\t\t\t\t\t<span class=\"e-link-in-bio__icon-svg\">\n\t\t\t\t\t\t\t<i aria-hidden=\"true\" class=\"fas fa-phone-alt\"><\/i>\t\t\t\t\t\t<\/span>\n\t\t\t\t\t\t\t\t\t\t\t<\/a>\n\t\t\t\t<\/div>\n\t\t\t\t\t\t\t<div class=\"e-link-in-bio__icon is-size-medium\">\n\t\t\t\t\t<a aria-label=\"Email\" class=\"e-link-in-bio__icon-link\" href=\"mailto:donateur@lourdes-france.com\">\n\t\t\t\t\t\t<span class=\"e-link-in-bio__icon-svg\">\n\t\t\t\t\t\t\t<i aria-hidden=\"true\" class=\"fas fa-envelope\"><\/i>\t\t\t\t\t\t<\/span>\n\t\t\t\t\t\t\t\t\t\t\t<\/a>\n\t\t\t\t<\/div>\n\t\t\t\t\t<\/div>\n\t\t\n\t\t<div class=\"e-link-in-bio__ctas has-type-button\">\n\t\t\t\t\t\t\t<a target=\"_blank\" rel=\"noopener \" class=\"e-link-in-bio__cta is-type-button has-corners-rounded\" href=\"\">\n\t\t\t\t\t\t\t\t\t\t<span class=\"e-link-in-bio__cta-text\">\n\t\t\t\t\t\t1 avenue Mgr Th\u00e9as \u2013 65 108 Lourdes  France\t\t\t\t\t<\/span>\n\t\t\t\t<\/a>\n\t\t\t\t\t<\/div>\n\t\t\n\t\t\t<\/div>\n\t\t\t<div class=\"e-link-in-bio__bg\">\n\t\t\t\t<div class=\"e-link-in-bio__bg-overlay\"><\/div>\n\t\t\t<\/div>\n\t\t<\/div>\n\t\t\t\t\t\t<\/div>\n\t\t\t\t<\/div>\n\t\t\t\t<div class=\"elementor-element elementor-element-04ddf23 elementor-view-default elementor-widget elementor-widget-icon\" data-id=\"04ddf23\" data-element_type=\"widget\" data-widget_type=\"icon.default\">\n\t\t\t\t<div class=\"elementor-widget-container\">\n\t\t\t\t\t\t\t<div class=\"elementor-icon-wrapper\">\n\t\t\t<div class=\"elementor-icon\">\n\t\t\t<i aria-hidden=\"true\" class=\"fas fa-church\"><\/i>\t\t\t<\/div>\n\t\t<\/div>\n\t\t\t\t\t\t<\/div>\n\t\t\t\t<\/div>\n\t\t\t\t\t<\/div>\n\t\t<\/div>\n\t\t\t\t\t<\/div>\n\t\t<\/section>\n\t\t\t\t<\/div>\n\t\t","protected":false},"excerpt":{"rendered":"<p>Sostenete Lourdes: Offrite un futuro alla Speranza _________________ Dal 1858, il Santuario di Lourdes \u00e8 un luogo di fede, guarigione e accoglienza per milioni di pellegrini provenienti da tutto il mondo, in particolare per i malati e i pi\u00f9 vulnerabili. &hellip; <a href=\"https:\/\/www.lourdes-france.org\/it\/sostenere-santuario-lourdes\/impatto-della-donazione\/\">Continua<\/a><\/p>\n","protected":false},"author":7,"featured_media":1033719,"parent":1033708,"menu_order":0,"comment_status":"closed","ping_status":"closed","template":"","meta":{"_acf_changed":false,"footnotes":""},"class_list":["post-1033632","page","type-page","status-publish","has-post-thumbnail","hentry"],"acf":[],"yoast_head":"<!-- This site is optimized with the Yoast SEO plugin v24.7 - https:\/\/yoast.com\/wordpress\/plugins\/seo\/ -->\n<title>Sostenete il Santuario<\/title>\n<meta name=\"description\" content=\"Sostenere il Santuario significa finanziare progetti concreti di fede, guarigione e accoglienza. Lourdes vive grazie alla vostra generosit\u00e0.\" \/>\n<meta name=\"robots\" content=\"index, follow, max-snippet:-1, max-image-preview:large, max-video-preview:-1\" \/>\n<link rel=\"canonical\" href=\"https:\/\/www.lourdes-france.org\/it\/sostenere-santuario-lourdes\/impatto-della-donazione\/\" \/>\n<meta name=\"twitter:label1\" content=\"Tempo di lettura stimato\" \/>\n\t<meta name=\"twitter:data1\" content=\"3 minuti\" \/>\n<script type=\"application\/ld+json\" class=\"yoast-schema-graph\">{\"@context\":\"https:\/\/schema.org\",\"@graph\":[{\"@type\":\"WebPage\",\"@id\":\"https:\/\/www.lourdes-france.org\/it\/sostenere-santuario-lourdes\/impatto-della-donazione\/\",\"url\":\"https:\/\/www.lourdes-france.org\/it\/sostenere-santuario-lourdes\/impatto-della-donazione\/\",\"name\":\"Sostenete il Santuario\",\"isPartOf\":{\"@id\":\"https:\/\/preprod-lourdes.cawita.com\/#website\"},\"primaryImageOfPage\":{\"@id\":\"https:\/\/www.lourdes-france.org\/it\/sostenere-santuario-lourdes\/impatto-della-donazione\/#primaryimage\"},\"image\":{\"@id\":\"https:\/\/www.lourdes-france.org\/it\/sostenere-santuario-lourdes\/impatto-della-donazione\/#primaryimage\"},\"thumbnailUrl\":\"https:\/\/www.lourdes-france.org\/wp-content\/uploads\/2025\/07\/Nous-soutenir-scaled-1.jpg\",\"datePublished\":\"2025-07-23T10:58:45+00:00\",\"dateModified\":\"2025-09-03T13:40:13+00:00\",\"description\":\"Sostenere il Santuario significa finanziare progetti concreti di fede, guarigione e accoglienza. Lourdes vive grazie alla vostra generosit\u00e0.\",\"breadcrumb\":{\"@id\":\"https:\/\/www.lourdes-france.org\/it\/sostenere-santuario-lourdes\/impatto-della-donazione\/#breadcrumb\"},\"inLanguage\":\"it-IT\",\"potentialAction\":[{\"@type\":\"ReadAction\",\"target\":[\"https:\/\/www.lourdes-france.org\/it\/sostenere-santuario-lourdes\/impatto-della-donazione\/\"]}]},{\"@type\":\"ImageObject\",\"inLanguage\":\"it-IT\",\"@id\":\"https:\/\/www.lourdes-france.org\/it\/sostenere-santuario-lourdes\/impatto-della-donazione\/#primaryimage\",\"url\":\"https:\/\/www.lourdes-france.org\/wp-content\/uploads\/2025\/07\/Nous-soutenir-scaled-1.jpg\",\"contentUrl\":\"https:\/\/www.lourdes-france.org\/wp-content\/uploads\/2025\/07\/Nous-soutenir-scaled-1.jpg\",\"width\":2560,\"height\":1707,\"caption\":\"Pourquoi faire un don au Sanctuaire de Lourdes ?\"},{\"@type\":\"BreadcrumbList\",\"@id\":\"https:\/\/www.lourdes-france.org\/it\/sostenere-santuario-lourdes\/impatto-della-donazione\/#breadcrumb\",\"itemListElement\":[{\"@type\":\"ListItem\",\"position\":1,\"name\":\"Accueil\",\"item\":\"https:\/\/www.lourdes-france.org\/\"},{\"@type\":\"ListItem\",\"position\":2,\"name\":\"Soutenir le Sanctuaire\",\"item\":\"https:\/\/www.lourdes-france.org\/it\/sostenere-santuario-lourdes\/\"},{\"@type\":\"ListItem\",\"position\":3,\"name\":\"Soutenez Lourdes : Offrez un avenir \u00e0 l\u2019Esp\u00e9rance\"}]},{\"@type\":\"WebSite\",\"@id\":\"https:\/\/preprod-lourdes.cawita.com\/#website\",\"url\":\"https:\/\/preprod-lourdes.cawita.com\/\",\"name\":\"Soutenir le Sanctuaire Notre-Dame de Lourdes\",\"description\":\"\",\"potentialAction\":[{\"@type\":\"SearchAction\",\"target\":{\"@type\":\"EntryPoint\",\"urlTemplate\":\"https:\/\/preprod-lourdes.cawita.com\/?s={search_term_string}\"},\"query-input\":{\"@type\":\"PropertyValueSpecification\",\"valueRequired\":true,\"valueName\":\"search_term_string\"}}],\"inLanguage\":\"it-IT\"}]}<\/script>\n<!-- \/ Yoast SEO plugin. -->","yoast_head_json":{"title":"Sostenete il Santuario","description":"Sostenere il Santuario significa finanziare progetti concreti di fede, guarigione e accoglienza. Lourdes vive grazie alla vostra generosit\u00e0.","robots":{"index":"index","follow":"follow","max-snippet":"max-snippet:-1","max-image-preview":"max-image-preview:large","max-video-preview":"max-video-preview:-1"},"canonical":"https:\/\/www.lourdes-france.org\/it\/sostenere-santuario-lourdes\/impatto-della-donazione\/","twitter_misc":{"Tempo di lettura stimato":"3 minuti"},"schema":{"@context":"https:\/\/schema.org","@graph":[{"@type":"WebPage","@id":"https:\/\/www.lourdes-france.org\/it\/sostenere-santuario-lourdes\/impatto-della-donazione\/","url":"https:\/\/www.lourdes-france.org\/it\/sostenere-santuario-lourdes\/impatto-della-donazione\/","name":"Sostenete il Santuario","isPartOf":{"@id":"https:\/\/preprod-lourdes.cawita.com\/#website"},"primaryImageOfPage":{"@id":"https:\/\/www.lourdes-france.org\/it\/sostenere-santuario-lourdes\/impatto-della-donazione\/#primaryimage"},"image":{"@id":"https:\/\/www.lourdes-france.org\/it\/sostenere-santuario-lourdes\/impatto-della-donazione\/#primaryimage"},"thumbnailUrl":"https:\/\/www.lourdes-france.org\/wp-content\/uploads\/2025\/07\/Nous-soutenir-scaled-1.jpg","datePublished":"2025-07-23T10:58:45+00:00","dateModified":"2025-09-03T13:40:13+00:00","description":"Sostenere il Santuario significa finanziare progetti concreti di fede, guarigione e accoglienza. Lourdes vive grazie alla vostra generosit\u00e0.","breadcrumb":{"@id":"https:\/\/www.lourdes-france.org\/it\/sostenere-santuario-lourdes\/impatto-della-donazione\/#breadcrumb"},"inLanguage":"it-IT","potentialAction":[{"@type":"ReadAction","target":["https:\/\/www.lourdes-france.org\/it\/sostenere-santuario-lourdes\/impatto-della-donazione\/"]}]},{"@type":"ImageObject","inLanguage":"it-IT","@id":"https:\/\/www.lourdes-france.org\/it\/sostenere-santuario-lourdes\/impatto-della-donazione\/#primaryimage","url":"https:\/\/www.lourdes-france.org\/wp-content\/uploads\/2025\/07\/Nous-soutenir-scaled-1.jpg","contentUrl":"https:\/\/www.lourdes-france.org\/wp-content\/uploads\/2025\/07\/Nous-soutenir-scaled-1.jpg","width":2560,"height":1707,"caption":"Pourquoi faire un don au Sanctuaire de Lourdes ?"},{"@type":"BreadcrumbList","@id":"https:\/\/www.lourdes-france.org\/it\/sostenere-santuario-lourdes\/impatto-della-donazione\/#breadcrumb","itemListElement":[{"@type":"ListItem","position":1,"name":"Accueil","item":"https:\/\/www.lourdes-france.org\/"},{"@type":"ListItem","position":2,"name":"Soutenir le Sanctuaire","item":"https:\/\/www.lourdes-france.org\/it\/sostenere-santuario-lourdes\/"},{"@type":"ListItem","position":3,"name":"Soutenez Lourdes : Offrez un avenir \u00e0 l\u2019Esp\u00e9rance"}]},{"@type":"WebSite","@id":"https:\/\/preprod-lourdes.cawita.com\/#website","url":"https:\/\/preprod-lourdes.cawita.com\/","name":"Soutenir le Sanctuaire Notre-Dame de Lourdes","description":"","potentialAction":[{"@type":"SearchAction","target":{"@type":"EntryPoint","urlTemplate":"https:\/\/preprod-lourdes.cawita.com\/?s={search_term_string}"},"query-input":{"@type":"PropertyValueSpecification","valueRequired":true,"valueName":"search_term_string"}}],"inLanguage":"it-IT"}]}},"_links":{"self":[{"href":"https:\/\/www.lourdes-france.org\/it\/wp-json\/wp\/v2\/pages\/1033632","targetHints":{"allow":["GET"]}}],"collection":[{"href":"https:\/\/www.lourdes-france.org\/it\/wp-json\/wp\/v2\/pages"}],"about":[{"href":"https:\/\/www.lourdes-france.org\/it\/wp-json\/wp\/v2\/types\/page"}],"author":[{"embeddable":true,"href":"https:\/\/www.lourdes-france.org\/it\/wp-json\/wp\/v2\/users\/7"}],"replies":[{"embeddable":true,"href":"https:\/\/www.lourdes-france.org\/it\/wp-json\/wp\/v2\/comments?post=1033632"}],"version-history":[{"count":3,"href":"https:\/\/www.lourdes-france.org\/it\/wp-json\/wp\/v2\/pages\/1033632\/revisions"}],"predecessor-version":[{"id":1064178,"href":"https:\/\/www.lourdes-france.org\/it\/wp-json\/wp\/v2\/pages\/1033632\/revisions\/1064178"}],"up":[{"embeddable":true,"href":"https:\/\/www.lourdes-france.org\/it\/wp-json\/wp\/v2\/pages\/1033708"}],"wp:featuredmedia":[{"embeddable":true,"href":"https:\/\/www.lourdes-france.org\/it\/wp-json\/wp\/v2\/media\/1033719"}],"wp:attachment":[{"href":"https:\/\/www.lourdes-france.org\/it\/wp-json\/wp\/v2\/media?parent=1033632"}],"curies":[{"name":"wp","href":"https:\/\/api.w.org\/{rel}","templated":true}]}}