{"id":1034126,"date":"2025-07-15T15:10:11","date_gmt":"2025-07-15T13:10:11","guid":{"rendered":"https:\/\/www.lourdes-france.org\/?page_id=1034126"},"modified":"2025-09-09T09:32:02","modified_gmt":"2025-09-09T07:32:02","slug":"trasmettere-speranza-lascito","status":"publish","type":"page","link":"https:\/\/www.lourdes-france.org\/it\/trasmettere\/trasmettere-speranza-lascito\/","title":{"rendered":"Transmettre l\u2019esp\u00e9rance au-del\u00e0 de votre vie : faites un legs au Sanctuaire de Lourdes"},"content":{"rendered":"\t\t<div data-elementor-type=\"wp-page\" data-elementor-id=\"1034126\" class=\"elementor elementor-1034126 elementor-1028435\" data-elementor-post-type=\"page\">\n\t\t\t\t\t\t<section class=\"elementor-section elementor-top-section elementor-element elementor-element-ad7e210 elementor-section-full_width elementor-section-stretched elementor-section-height-default elementor-section-height-default\" data-id=\"ad7e210\" data-element_type=\"section\" data-settings=\"{&quot;stretch_section&quot;:&quot;section-stretched&quot;,&quot;background_background&quot;:&quot;classic&quot;}\">\n\t\t\t\t\t\t<div class=\"elementor-container elementor-column-gap-default\">\n\t\t\t\t\t<div class=\"elementor-column elementor-col-100 elementor-top-column elementor-element elementor-element-d06d679\" data-id=\"d06d679\" data-element_type=\"column\">\n\t\t\t<div class=\"elementor-widget-wrap elementor-element-populated\">\n\t\t\t\t\t\t<div class=\"elementor-element elementor-element-af08be9 elementor-widget elementor-widget-spacer\" data-id=\"af08be9\" data-element_type=\"widget\" data-widget_type=\"spacer.default\">\n\t\t\t\t<div class=\"elementor-widget-container\">\n\t\t\t\t\t\t\t<div class=\"elementor-spacer\">\n\t\t\t<div class=\"elementor-spacer-inner\"><\/div>\n\t\t<\/div>\n\t\t\t\t\t\t<\/div>\n\t\t\t\t<\/div>\n\t\t\t\t\t<\/div>\n\t\t<\/div>\n\t\t\t\t\t<\/div>\n\t\t<\/section>\n\t\t\t\t<section class=\"elementor-section elementor-top-section elementor-element elementor-element-f48fca2 elementor-section-full_width elementor-section-height-default elementor-section-height-default\" data-id=\"f48fca2\" data-element_type=\"section\" data-settings=\"{&quot;background_background&quot;:&quot;classic&quot;}\">\n\t\t\t\t\t\t<div class=\"elementor-container elementor-column-gap-default\">\n\t\t\t\t\t<div class=\"elementor-column elementor-col-100 elementor-top-column elementor-element elementor-element-5d80fe1\" data-id=\"5d80fe1\" data-element_type=\"column\">\n\t\t\t<div class=\"elementor-widget-wrap elementor-element-populated\">\n\t\t\t\t\t\t<div class=\"elementor-element elementor-element-d8a02b4 elementor-widget elementor-widget-spacer\" data-id=\"d8a02b4\" data-element_type=\"widget\" data-widget_type=\"spacer.default\">\n\t\t\t\t<div class=\"elementor-widget-container\">\n\t\t\t\t\t\t\t<div class=\"elementor-spacer\">\n\t\t\t<div class=\"elementor-spacer-inner\"><\/div>\n\t\t<\/div>\n\t\t\t\t\t\t<\/div>\n\t\t\t\t<\/div>\n\t\t\t\t<div class=\"elementor-element elementor-element-9037aec elementor-widget elementor-widget-heading\" data-id=\"9037aec\" data-element_type=\"widget\" data-widget_type=\"heading.default\">\n\t\t\t\t<div class=\"elementor-widget-container\">\n\t\t\t\t\t<h1 class=\"elementor-heading-title elementor-size-default\">Trasmettere la speranza anche oltre la vostra vita: fare un lascito al Santuario di Lourdes o nominare il Santuario come beneficiario di una polizza assicurativa sulla vita<\/h1>\t\t\t\t<\/div>\n\t\t\t\t<\/div>\n\t\t\t\t<div class=\"elementor-element elementor-element-e7d4c27 elementor-widget elementor-widget-heading\" data-id=\"e7d4c27\" data-element_type=\"widget\" data-widget_type=\"heading.default\">\n\t\t\t\t<div class=\"elementor-widget-container\">\n\t\t\t\t\t<h2 class=\"elementor-heading-title elementor-size-default\">_________________<\/h2>\t\t\t\t<\/div>\n\t\t\t\t<\/div>\n\t\t\t\t<div class=\"elementor-element elementor-element-1cc887e elementor-widget elementor-widget-text-editor\" data-id=\"1cc887e\" data-element_type=\"widget\" data-widget_type=\"text-editor.default\">\n\t\t\t\t<div class=\"elementor-widget-container\">\n\t\t\t\t\t\t\t\t\t<p>E se la vostra generosit\u00e0 continuasse a dare frutti anche dopo di voi?<\/p><p>Fare un lascito al <a href=\"https:\/\/lourdes-france.com\/it\" target=\"_blank\" rel=\"noopener\">Santuario di Lourdes<\/a> \u00e8 un gesto forte e duraturo di fede, di generosit\u00e0 e speranza.<\/p><h2>Perch\u00e9 fare un lascito al Santuario di Lourdes?<\/h2><p>*Perch\u00e9 desiderate continuare la vostra vita in continuit\u00e0 spirituale sostenendo un luogo di intercessione mariana. *Perch\u00e9 desiderate rimanere fedeli ai valori cristiani di fede, carit\u00e0 e ospitalit\u00e0. *Perch\u00e9 non avete eredi diretti e desiderate che i vostri beni siano destinati a un progetto ecclesiale significativo.<\/p><p><em>&#8220;Fare un lascito al Santuario \u00e8 un atto di fede. Vuol dire affidarsi a Maria affinch\u00e9 il nostro ultimo gesto sia una preghiera viva.&#8221;<\/em><br \/>\u2014 Testimonianza di un donatore anonimo<\/p><p>Scegliendo di lasciare parte del vostro patrimonio al Santuario tramite un lascito testamentario, diventate un costruttore del futuro:<br \/>\u2022 Contribuirete alla manutenzione e al restauro di questo luogo di pellegrinaggio di fama mondiale,<br \/>\u2022 Permetterete l&#8217;accoglienza di persone malate, disabili o vulnerabili,<br \/>\u2022 Sosterrete le missioni spirituali, pastorali e umanitarie del Santuario,<br \/>\u2022 Lascerete traccia del vostro impegno in un&#8217;opera di fede e d\u2019amore.<\/p><p>Faare un lascito testamentario al Santuario di Lourdes \u00e8 un atto libero, reversibile e profondamente umano. Pu\u00f2 riguardare beni immobili, una somma di denaro, titoli o qualsiasi altra componente del vostro patrimonio. Se non avete eredi diretti, il vostro lascito pu\u00f2 essere interamente destinato al Santuario.<\/p><p>Rimaniamo a disposizione per rispondere alle vostre domande e per assistervi nel vostro percorso.<\/p><p>Per ulteriori informazioni, si prega di contattare il nostro Ufficio Relazioni Testamentarie:<br \/>Email: <a href=\"mailto:gift@lourdes-france.com\">gift@lourdes-france.com<\/a><br \/>Telefono: +33 (0) 5 62 42 82 82<\/p><p>Santuario Nostra Signora di Lourdes<br \/>Ufficio Relazioni Testamentarie<br \/>1 avenue Mgr Th\u00e9as<br \/>65108 Lourdes Cedex<br \/>Francia<\/p>\t\t\t\t\t\t\t\t<\/div>\n\t\t\t\t<\/div>\n\t\t\t\t<div class=\"elementor-element elementor-element-da2835d elementor-view-default elementor-widget elementor-widget-icon\" data-id=\"da2835d\" data-element_type=\"widget\" data-widget_type=\"icon.default\">\n\t\t\t\t<div class=\"elementor-widget-container\">\n\t\t\t\t\t\t\t<div class=\"elementor-icon-wrapper\">\n\t\t\t<div class=\"elementor-icon\">\n\t\t\t<i aria-hidden=\"true\" class=\"fas fa-church\"><\/i>\t\t\t<\/div>\n\t\t<\/div>\n\t\t\t\t\t\t<\/div>\n\t\t\t\t<\/div>\n\t\t\t\t\t<\/div>\n\t\t<\/div>\n\t\t\t\t\t<\/div>\n\t\t<\/section>\n\t\t\t\t<\/div>\n\t\t","protected":false},"excerpt":{"rendered":"<p>Trasmettere la speranza anche oltre la vostra vita: fare un lascito al Santuario di Lourdes o nominare il Santuario come beneficiario di una polizza assicurativa sulla vita _________________ E se la vostra generosit\u00e0 continuasse a dare frutti anche dopo di &hellip; <a href=\"https:\/\/www.lourdes-france.org\/it\/trasmettere\/trasmettere-speranza-lascito\/\">Continua<\/a><\/p>\n","protected":false},"author":7,"featured_media":1028788,"parent":1034097,"menu_order":0,"comment_status":"closed","ping_status":"closed","template":"","meta":{"_acf_changed":false,"footnotes":""},"class_list":["post-1034126","page","type-page","status-publish","has-post-thumbnail","hentry"],"acf":[],"yoast_head":"<!-- This site is optimized with the Yoast SEO plugin v24.7 - https:\/\/yoast.com\/wordpress\/plugins\/seo\/ -->\n<title>Trasmettere la speranza oltre la propria vita<\/title>\n<meta name=\"description\" content=\"Fare un lascito al Santuario di Lourdes significa compiere un gesto forte e duraturo di fede, trasmissione e speranza e diventare un costruttore di futuro.\" \/>\n<meta name=\"robots\" content=\"index, follow, max-snippet:-1, max-image-preview:large, max-video-preview:-1\" \/>\n<link rel=\"canonical\" href=\"https:\/\/www.lourdes-france.org\/it\/trasmettere\/trasmettere-speranza-lascito\/\" \/>\n<meta name=\"twitter:label1\" content=\"Tempo di lettura stimato\" \/>\n\t<meta name=\"twitter:data1\" content=\"2 minuti\" \/>\n<script type=\"application\/ld+json\" class=\"yoast-schema-graph\">{\"@context\":\"https:\/\/schema.org\",\"@graph\":[{\"@type\":\"WebPage\",\"@id\":\"https:\/\/www.lourdes-france.org\/it\/trasmettere\/trasmettere-speranza-lascito\/\",\"url\":\"https:\/\/www.lourdes-france.org\/it\/trasmettere\/trasmettere-speranza-lascito\/\",\"name\":\"Trasmettere la speranza oltre la propria vita\",\"isPartOf\":{\"@id\":\"https:\/\/preprod-lourdes.cawita.com\/#website\"},\"primaryImageOfPage\":{\"@id\":\"https:\/\/www.lourdes-france.org\/it\/trasmettere\/trasmettere-speranza-lascito\/#primaryimage\"},\"image\":{\"@id\":\"https:\/\/www.lourdes-france.org\/it\/trasmettere\/trasmettere-speranza-lascito\/#primaryimage\"},\"thumbnailUrl\":\"https:\/\/www.lourdes-france.org\/wp-content\/uploads\/2025\/07\/Legs-AssVie-Donation-scaled.jpg\",\"datePublished\":\"2025-07-15T13:10:11+00:00\",\"dateModified\":\"2025-09-09T07:32:02+00:00\",\"description\":\"Fare un lascito al Santuario di Lourdes significa compiere un gesto forte e duraturo di fede, trasmissione e speranza e diventare un costruttore di futuro.\",\"breadcrumb\":{\"@id\":\"https:\/\/www.lourdes-france.org\/it\/trasmettere\/trasmettere-speranza-lascito\/#breadcrumb\"},\"inLanguage\":\"it-IT\",\"potentialAction\":[{\"@type\":\"ReadAction\",\"target\":[\"https:\/\/www.lourdes-france.org\/it\/trasmettere\/trasmettere-speranza-lascito\/\"]}]},{\"@type\":\"ImageObject\",\"inLanguage\":\"it-IT\",\"@id\":\"https:\/\/www.lourdes-france.org\/it\/trasmettere\/trasmettere-speranza-lascito\/#primaryimage\",\"url\":\"https:\/\/www.lourdes-france.org\/wp-content\/uploads\/2025\/07\/Legs-AssVie-Donation-scaled.jpg\",\"contentUrl\":\"https:\/\/www.lourdes-france.org\/wp-content\/uploads\/2025\/07\/Legs-AssVie-Donation-scaled.jpg\",\"width\":2560,\"height\":1707,\"caption\":\"Legs, donations et assurance-vie \u00e0 Lourdes\"},{\"@type\":\"BreadcrumbList\",\"@id\":\"https:\/\/www.lourdes-france.org\/it\/trasmettere\/trasmettere-speranza-lascito\/#breadcrumb\",\"itemListElement\":[{\"@type\":\"ListItem\",\"position\":1,\"name\":\"Accueil\",\"item\":\"https:\/\/www.lourdes-france.org\/\"},{\"@type\":\"ListItem\",\"position\":2,\"name\":\"Legs, donations et assurance-vie\",\"item\":\"https:\/\/www.lourdes-france.org\/it\/trasmettere\/\"},{\"@type\":\"ListItem\",\"position\":3,\"name\":\"Transmettre l\u2019esp\u00e9rance au-del\u00e0 de votre vie : faites un legs au Sanctuaire de Lourdes\"}]},{\"@type\":\"WebSite\",\"@id\":\"https:\/\/preprod-lourdes.cawita.com\/#website\",\"url\":\"https:\/\/preprod-lourdes.cawita.com\/\",\"name\":\"Soutenir le Sanctuaire Notre-Dame de Lourdes\",\"description\":\"\",\"potentialAction\":[{\"@type\":\"SearchAction\",\"target\":{\"@type\":\"EntryPoint\",\"urlTemplate\":\"https:\/\/preprod-lourdes.cawita.com\/?s={search_term_string}\"},\"query-input\":{\"@type\":\"PropertyValueSpecification\",\"valueRequired\":true,\"valueName\":\"search_term_string\"}}],\"inLanguage\":\"it-IT\"}]}<\/script>\n<!-- \/ Yoast SEO plugin. -->","yoast_head_json":{"title":"Trasmettere la speranza oltre la propria vita","description":"Fare un lascito al Santuario di Lourdes significa compiere un gesto forte e duraturo di fede, trasmissione e speranza e diventare un costruttore di futuro.","robots":{"index":"index","follow":"follow","max-snippet":"max-snippet:-1","max-image-preview":"max-image-preview:large","max-video-preview":"max-video-preview:-1"},"canonical":"https:\/\/www.lourdes-france.org\/it\/trasmettere\/trasmettere-speranza-lascito\/","twitter_misc":{"Tempo di lettura stimato":"2 minuti"},"schema":{"@context":"https:\/\/schema.org","@graph":[{"@type":"WebPage","@id":"https:\/\/www.lourdes-france.org\/it\/trasmettere\/trasmettere-speranza-lascito\/","url":"https:\/\/www.lourdes-france.org\/it\/trasmettere\/trasmettere-speranza-lascito\/","name":"Trasmettere la speranza oltre la propria vita","isPartOf":{"@id":"https:\/\/preprod-lourdes.cawita.com\/#website"},"primaryImageOfPage":{"@id":"https:\/\/www.lourdes-france.org\/it\/trasmettere\/trasmettere-speranza-lascito\/#primaryimage"},"image":{"@id":"https:\/\/www.lourdes-france.org\/it\/trasmettere\/trasmettere-speranza-lascito\/#primaryimage"},"thumbnailUrl":"https:\/\/www.lourdes-france.org\/wp-content\/uploads\/2025\/07\/Legs-AssVie-Donation-scaled.jpg","datePublished":"2025-07-15T13:10:11+00:00","dateModified":"2025-09-09T07:32:02+00:00","description":"Fare un lascito al Santuario di Lourdes significa compiere un gesto forte e duraturo di fede, trasmissione e speranza e diventare un costruttore di futuro.","breadcrumb":{"@id":"https:\/\/www.lourdes-france.org\/it\/trasmettere\/trasmettere-speranza-lascito\/#breadcrumb"},"inLanguage":"it-IT","potentialAction":[{"@type":"ReadAction","target":["https:\/\/www.lourdes-france.org\/it\/trasmettere\/trasmettere-speranza-lascito\/"]}]},{"@type":"ImageObject","inLanguage":"it-IT","@id":"https:\/\/www.lourdes-france.org\/it\/trasmettere\/trasmettere-speranza-lascito\/#primaryimage","url":"https:\/\/www.lourdes-france.org\/wp-content\/uploads\/2025\/07\/Legs-AssVie-Donation-scaled.jpg","contentUrl":"https:\/\/www.lourdes-france.org\/wp-content\/uploads\/2025\/07\/Legs-AssVie-Donation-scaled.jpg","width":2560,"height":1707,"caption":"Legs, donations et assurance-vie \u00e0 Lourdes"},{"@type":"BreadcrumbList","@id":"https:\/\/www.lourdes-france.org\/it\/trasmettere\/trasmettere-speranza-lascito\/#breadcrumb","itemListElement":[{"@type":"ListItem","position":1,"name":"Accueil","item":"https:\/\/www.lourdes-france.org\/"},{"@type":"ListItem","position":2,"name":"Legs, donations et assurance-vie","item":"https:\/\/www.lourdes-france.org\/it\/trasmettere\/"},{"@type":"ListItem","position":3,"name":"Transmettre l\u2019esp\u00e9rance au-del\u00e0 de votre vie : faites un legs au Sanctuaire de Lourdes"}]},{"@type":"WebSite","@id":"https:\/\/preprod-lourdes.cawita.com\/#website","url":"https:\/\/preprod-lourdes.cawita.com\/","name":"Soutenir le Sanctuaire Notre-Dame de Lourdes","description":"","potentialAction":[{"@type":"SearchAction","target":{"@type":"EntryPoint","urlTemplate":"https:\/\/preprod-lourdes.cawita.com\/?s={search_term_string}"},"query-input":{"@type":"PropertyValueSpecification","valueRequired":true,"valueName":"search_term_string"}}],"inLanguage":"it-IT"}]}},"_links":{"self":[{"href":"https:\/\/www.lourdes-france.org\/it\/wp-json\/wp\/v2\/pages\/1034126","targetHints":{"allow":["GET"]}}],"collection":[{"href":"https:\/\/www.lourdes-france.org\/it\/wp-json\/wp\/v2\/pages"}],"about":[{"href":"https:\/\/www.lourdes-france.org\/it\/wp-json\/wp\/v2\/types\/page"}],"author":[{"embeddable":true,"href":"https:\/\/www.lourdes-france.org\/it\/wp-json\/wp\/v2\/users\/7"}],"replies":[{"embeddable":true,"href":"https:\/\/www.lourdes-france.org\/it\/wp-json\/wp\/v2\/comments?post=1034126"}],"version-history":[{"count":3,"href":"https:\/\/www.lourdes-france.org\/it\/wp-json\/wp\/v2\/pages\/1034126\/revisions"}],"predecessor-version":[{"id":1066116,"href":"https:\/\/www.lourdes-france.org\/it\/wp-json\/wp\/v2\/pages\/1034126\/revisions\/1066116"}],"up":[{"embeddable":true,"href":"https:\/\/www.lourdes-france.org\/it\/wp-json\/wp\/v2\/pages\/1034097"}],"wp:featuredmedia":[{"embeddable":true,"href":"https:\/\/www.lourdes-france.org\/it\/wp-json\/wp\/v2\/media\/1028788"}],"wp:attachment":[{"href":"https:\/\/www.lourdes-france.org\/it\/wp-json\/wp\/v2\/media?parent=1034126"}],"curies":[{"name":"wp","href":"https:\/\/api.w.org\/{rel}","templated":true}]}}