{"id":1034453,"date":"2025-08-04T13:01:02","date_gmt":"2025-08-04T11:01:02","guid":{"rendered":"https:\/\/www.lourdes-france.org\/?page_id=1034453"},"modified":"2025-09-16T14:12:31","modified_gmt":"2025-09-16T12:12:31","slug":"6-motivi-per-lasciare-un-lascito","status":"publish","type":"page","link":"https:\/\/www.lourdes-france.org\/it\/6-motivi-per-lasciare-un-lascito\/","title":{"rendered":"L\u00e9guer en toute confiance : les 8 raisons de choisir le Sanctuaire de Lourdes"},"content":{"rendered":"\t\t<div data-elementor-type=\"wp-page\" data-elementor-id=\"1034453\" class=\"elementor elementor-1034453 elementor-1028438\" data-elementor-post-type=\"page\">\n\t\t\t\t\t\t<section class=\"elementor-section elementor-top-section elementor-element elementor-element-0ffb0fa elementor-section-full_width elementor-section-stretched elementor-section-height-default elementor-section-height-default\" data-id=\"0ffb0fa\" data-element_type=\"section\" data-settings=\"{&quot;stretch_section&quot;:&quot;section-stretched&quot;,&quot;background_background&quot;:&quot;classic&quot;}\">\n\t\t\t\t\t\t<div class=\"elementor-container elementor-column-gap-default\">\n\t\t\t\t\t<div class=\"elementor-column elementor-col-100 elementor-top-column elementor-element elementor-element-7e77cb3\" data-id=\"7e77cb3\" data-element_type=\"column\">\n\t\t\t<div class=\"elementor-widget-wrap elementor-element-populated\">\n\t\t\t\t\t\t<div class=\"elementor-element elementor-element-9a8dd2a elementor-widget elementor-widget-spacer\" data-id=\"9a8dd2a\" data-element_type=\"widget\" data-widget_type=\"spacer.default\">\n\t\t\t\t<div class=\"elementor-widget-container\">\n\t\t\t\t\t\t\t<div class=\"elementor-spacer\">\n\t\t\t<div class=\"elementor-spacer-inner\"><\/div>\n\t\t<\/div>\n\t\t\t\t\t\t<\/div>\n\t\t\t\t<\/div>\n\t\t\t\t\t<\/div>\n\t\t<\/div>\n\t\t\t\t\t<\/div>\n\t\t<\/section>\n\t\t\t\t<section class=\"elementor-section elementor-top-section elementor-element elementor-element-fd1455c elementor-section-full_width elementor-section-height-default elementor-section-height-default\" data-id=\"fd1455c\" data-element_type=\"section\" data-settings=\"{&quot;background_background&quot;:&quot;classic&quot;}\">\n\t\t\t\t\t\t<div class=\"elementor-container elementor-column-gap-default\">\n\t\t\t\t\t<div class=\"elementor-column elementor-col-100 elementor-top-column elementor-element elementor-element-a1f8ce7\" data-id=\"a1f8ce7\" data-element_type=\"column\">\n\t\t\t<div class=\"elementor-widget-wrap elementor-element-populated\">\n\t\t\t\t\t\t<div class=\"elementor-element elementor-element-7903275 elementor-widget elementor-widget-spacer\" data-id=\"7903275\" data-element_type=\"widget\" data-widget_type=\"spacer.default\">\n\t\t\t\t<div class=\"elementor-widget-container\">\n\t\t\t\t\t\t\t<div class=\"elementor-spacer\">\n\t\t\t<div class=\"elementor-spacer-inner\"><\/div>\n\t\t<\/div>\n\t\t\t\t\t\t<\/div>\n\t\t\t\t<\/div>\n\t\t\t\t<div class=\"elementor-element elementor-element-94fea9d elementor-widget elementor-widget-heading\" data-id=\"94fea9d\" data-element_type=\"widget\" data-widget_type=\"heading.default\">\n\t\t\t\t<div class=\"elementor-widget-container\">\n\t\t\t\t\t<h2 class=\"elementor-heading-title elementor-size-default\">Fai un lascito con fiducia:\n6 motivi per scegliere il Santuario di Lourdes<\/h2>\t\t\t\t<\/div>\n\t\t\t\t<\/div>\n\t\t\t\t<div class=\"elementor-element elementor-element-44f4091 elementor-widget elementor-widget-heading\" data-id=\"44f4091\" data-element_type=\"widget\" data-widget_type=\"heading.default\">\n\t\t\t\t<div class=\"elementor-widget-container\">\n\t\t\t\t\t<h2 class=\"elementor-heading-title elementor-size-default\">_________________<\/h2>\t\t\t\t<\/div>\n\t\t\t\t<\/div>\n\t\t\t\t<div class=\"elementor-element elementor-element-08a7a69 elementor-widget elementor-widget-text-editor\" data-id=\"08a7a69\" data-element_type=\"widget\" data-widget_type=\"text-editor.default\">\n\t\t\t\t<div class=\"elementor-widget-container\">\n\t\t\t\t\t\t\t\t\t<p><b>Trasmettere un patrimonio di fede e speranza<\/b>: il Santuario di Nostra Signora di Lourdes garantisce un supporto personalizzato e una gestione rigorosa del vostro lascito. Per onorare la vostra generosit\u00e0, ci impegniamo a rispettare sette principi essenziali.<\/p><h2><b>MOTIVO N. 1. La vostra causa, nel cuore di Lourdes<\/b><\/h2><p>Il Santuario di Lourdes dedica ogni donazione all&#8217;accoglienza dei <a href=\"https:\/\/www.lourdes-france.org\/?page_id=1033085&amp;preview=true\">malati<\/a>, alla manutenzione del luogo sacro e alla trasmissione del <a href=\"https:\/\/www.lourdes-france.com\/it\/il-messaggio-di-lourdes\/\">messaggio della Vergine Maria<\/a>. Il vostro lascito sar\u00e0 destinato specificamente alla missione che desiderate sostenere. Se preferite, potete affidarci la responsabilit\u00e0 di destinarlo in base alle esigenze prioritarie del Santuario.<\/p><h2><b>MOTIVO N. 2. Efficacia e impatto concreto<\/b><\/h2><p>Ogni generoso gesto viene utilizzato per sostenere i progetti pi\u00f9 utili: ristrutturazione delle infrastrutture, <a href=\"https:\/\/www.lourdes-france.org\/?page_id=1027988&amp;preview=true\">assistenza alle persone vulnerabili,<\/a> <a href=\"https:\/\/www.lourdes-france.com\/it\/pellegrini-per-un-giorno\/\">attivit\u00e0 pastorali<\/a>, ecc. Il vostro lascito contribuir\u00e0 direttamente ad azioni visibili, sostenibili e fedelmente realizzate.<\/p><h2><b>MOTIVO N. 3. Un accompagnamento premuroso e gratuito<\/b><\/h2><p>Offriamo un accompagnamento personalizzato e senza impegno per aiutarti a considerare con serenit\u00e0 il vostro progetto ereditario. Il nostro team dedicato \u00e8 al vostro servizio, nella massima semplicit\u00e0.<\/p><h2><b>MOTIVO N. 4. Discrezione e riservatezza<\/b><\/h2><p>Tutte le nostre comunicazioni, indipendentemente dal canale (posta, telefono, colloqui a Lourdes o a domicilio), sono strettamente riservate. La vostra richiesta sar\u00e0 gestita con discrezione e diligenza.<\/p><h2><b>MOTIVO N. 5. Professionalit\u00e0 ed etica<\/b><\/h2><p>I rappresentanti del Santuario di Lourdes vi supportano in un rapporto puramente professionale. Non assumono alcun ruolo personale o privato e non intervengono mai al di fuori dell&#8217;ambito della loro missione.<\/p><h2><b>MOTIVO N. 6. Trasparenza e integrit\u00e0<\/b><\/h2><p>Il Santuario opera secondo chiari principi di gestione disinteressata. Nessun membro del nostro team pu\u00f2 ricevere compensi personali o essere nominato individualmente in un testamento. Tutti i fondi sono destinati esclusivamente all&#8217;opera del Santuario.<\/p><h2><b>Lourdes, un luogo per oggi e per il futuro<\/b><\/h2><p>Scegliendo di fare un lascito al Santuario di Lourdes, scegliete di trasmettere un <a href=\"https:\/\/www.lourdes-france.com\/it\/il-messaggio-di-lourdes\/\">messaggio<\/a> di fede, pace e luce alle generazioni future. Per maggiori informazioni contattate il nostro Servizio Lasciti:<\/p>\t\t\t\t\t\t\t\t<\/div>\n\t\t\t\t<\/div>\n\t\t\t\t<div class=\"elementor-element elementor-element-05cdec3 elementor-widget elementor-widget-link-in-bio\" data-id=\"05cdec3\" data-element_type=\"widget\" data-widget_type=\"link-in-bio.default\">\n\t\t\t\t<div class=\"elementor-widget-container\">\n\t\t\t\t\t\t\t<div class=\"e-link-in-bio e-link-in-bio\">\n\t\t\t<div class=\"e-link-in-bio__content\">\n\n\t\t\t\t\t\t<div class=\"e-link-in-bio__identity\">\n\t\t\t\t\t\t\t\t\t<div class=\"e-link-in-bio__identity-image e-link-in-bio__identity-image-profile has-border has-style-circle\">\n\t\t\t\t\t\t\t<img fetchpriority=\"high\" decoding=\"async\" width=\"300\" height=\"261\" src=\"https:\/\/www.lourdes-france.org\/wp-content\/uploads\/2025\/08\/corinne_gimenez-1-1-300x261.png\" class=\"e-link-in-bio__identity-image-element\" alt=\"\" srcset=\"https:\/\/www.lourdes-france.org\/wp-content\/uploads\/2025\/08\/corinne_gimenez-1-1-300x261.png 300w, https:\/\/www.lourdes-france.org\/wp-content\/uploads\/2025\/08\/corinne_gimenez-1-1-1024x889.png 1024w, https:\/\/www.lourdes-france.org\/wp-content\/uploads\/2025\/08\/corinne_gimenez-1-1-768x667.png 768w, https:\/\/www.lourdes-france.org\/wp-content\/uploads\/2025\/08\/corinne_gimenez-1-1-1536x1334.png 1536w, https:\/\/www.lourdes-france.org\/wp-content\/uploads\/2025\/08\/corinne_gimenez-1-1.png 1779w\" sizes=\"(max-width: 300px) 100vw, 300px\" \/>\t\t\t\t\t\t\t\t\t\t\t\t\t<\/div>\n\t\t\t\t\t\t\t<\/div>\n\t\t\t\t\t<div class=\"e-link-in-bio__bio\">\n\t\t\t\t<h2 class=\"e-link-in-bio__heading\">Corinne GIMENEZ<\/h2>\t\t\t\t<h2 class=\"e-link-in-bio__title\">Servizi di donazione\nSantuario di Nostra Signora di Lourdes<\/h2>\t\t\t\t\t\t\t\t\t\t\t<\/div>\n\t\t\t\t\t<div class=\"e-link-in-bio__icons has-size-medium\">\n\t\t\t\t\t\t\t<div class=\"e-link-in-bio__icon is-size-medium\">\n\t\t\t\t\t<a aria-label=\"Telephone\" class=\"e-link-in-bio__icon-link\" href=\"tel:+33562428282\">\n\t\t\t\t\t\t<span class=\"e-link-in-bio__icon-svg\">\n\t\t\t\t\t\t\t<i aria-hidden=\"true\" class=\"fas fa-phone-alt\"><\/i>\t\t\t\t\t\t<\/span>\n\t\t\t\t\t\t\t\t\t\t\t<\/a>\n\t\t\t\t<\/div>\n\t\t\t\t\t\t\t<div class=\"e-link-in-bio__icon is-size-medium\">\n\t\t\t\t\t<a aria-label=\"Email\" class=\"e-link-in-bio__icon-link\" href=\"mailto:corinne.gimenez@lourdes-france.com\">\n\t\t\t\t\t\t<span class=\"e-link-in-bio__icon-svg\">\n\t\t\t\t\t\t\t<i aria-hidden=\"true\" class=\"fas fa-envelope\"><\/i>\t\t\t\t\t\t<\/span>\n\t\t\t\t\t\t\t\t\t\t\t<\/a>\n\t\t\t\t<\/div>\n\t\t\t\t\t<\/div>\n\t\t\n\t\t<div class=\"e-link-in-bio__ctas has-type-button\">\n\t\t\t\t\t\t\t<a target=\"_blank\" rel=\"noopener \" class=\"e-link-in-bio__cta is-type-button has-corners-rounded\" href=\"\">\n\t\t\t\t\t\t\t\t\t\t<span class=\"e-link-in-bio__cta-text\">\n\t\t\t\t\t\t1 avenue Mgr Th\u00e9as \u2013 65 108 Lourdes  France\t\t\t\t\t<\/span>\n\t\t\t\t<\/a>\n\t\t\t\t\t<\/div>\n\t\t\n\t\t\t<\/div>\n\t\t\t<div class=\"e-link-in-bio__bg\">\n\t\t\t\t<div class=\"e-link-in-bio__bg-overlay\"><\/div>\n\t\t\t<\/div>\n\t\t<\/div>\n\t\t\t\t\t\t<\/div>\n\t\t\t\t<\/div>\n\t\t\t\t<div class=\"elementor-element elementor-element-422190a elementor-view-default elementor-widget elementor-widget-icon\" data-id=\"422190a\" data-element_type=\"widget\" data-widget_type=\"icon.default\">\n\t\t\t\t<div class=\"elementor-widget-container\">\n\t\t\t\t\t\t\t<div class=\"elementor-icon-wrapper\">\n\t\t\t<div class=\"elementor-icon\">\n\t\t\t<i aria-hidden=\"true\" class=\"fas fa-church\"><\/i>\t\t\t<\/div>\n\t\t<\/div>\n\t\t\t\t\t\t<\/div>\n\t\t\t\t<\/div>\n\t\t\t\t\t<\/div>\n\t\t<\/div>\n\t\t\t\t\t<\/div>\n\t\t<\/section>\n\t\t\t\t<\/div>\n\t\t","protected":false},"excerpt":{"rendered":"<p>Fai un lascito con fiducia: 6 motivi per scegliere il Santuario di Lourdes _________________ Trasmettere un patrimonio di fede e speranza: il Santuario di Nostra Signora di Lourdes garantisce un supporto personalizzato e una gestione rigorosa del vostro lascito. Per &hellip; <a href=\"https:\/\/www.lourdes-france.org\/it\/6-motivi-per-lasciare-un-lascito\/\">Continua<\/a><\/p>\n","protected":false},"author":7,"featured_media":1028788,"parent":0,"menu_order":0,"comment_status":"closed","ping_status":"closed","template":"","meta":{"_acf_changed":false,"footnotes":""},"class_list":["post-1034453","page","type-page","status-publish","has-post-thumbnail","hentry"],"acf":[],"yoast_head":"<!-- This site is optimized with the Yoast SEO plugin v24.7 - https:\/\/yoast.com\/wordpress\/plugins\/seo\/ -->\n<title>Lasciare un lascito in tutta tranquillit\u00e0: 6 motivi per scegliere il Santuario di Lourdes<\/title>\n<meta name=\"description\" content=\"Il Santuario di Nostra Signora di Lourdes garantisce un accompagnamento personalizzato e una gestione rigorosa del vostro lascito o della vostra assicurazione sulla vita.\" \/>\n<meta name=\"robots\" content=\"index, follow, max-snippet:-1, max-image-preview:large, max-video-preview:-1\" \/>\n<link rel=\"canonical\" href=\"https:\/\/www.lourdes-france.org\/it\/6-motivi-per-lasciare-un-lascito\/\" \/>\n<meta name=\"twitter:label1\" content=\"Tempo di lettura stimato\" \/>\n\t<meta name=\"twitter:data1\" content=\"3 minuti\" \/>\n<script type=\"application\/ld+json\" class=\"yoast-schema-graph\">{\"@context\":\"https:\/\/schema.org\",\"@graph\":[{\"@type\":\"WebPage\",\"@id\":\"https:\/\/www.lourdes-france.org\/it\/6-motivi-per-lasciare-un-lascito\/\",\"url\":\"https:\/\/www.lourdes-france.org\/it\/6-motivi-per-lasciare-un-lascito\/\",\"name\":\"Lasciare un lascito in tutta tranquillit\u00e0: 6 motivi per scegliere il Santuario di Lourdes\",\"isPartOf\":{\"@id\":\"https:\/\/preprod-lourdes.cawita.com\/#website\"},\"primaryImageOfPage\":{\"@id\":\"https:\/\/www.lourdes-france.org\/it\/6-motivi-per-lasciare-un-lascito\/#primaryimage\"},\"image\":{\"@id\":\"https:\/\/www.lourdes-france.org\/it\/6-motivi-per-lasciare-un-lascito\/#primaryimage\"},\"thumbnailUrl\":\"https:\/\/www.lourdes-france.org\/wp-content\/uploads\/2025\/07\/Legs-AssVie-Donation-scaled.jpg\",\"datePublished\":\"2025-08-04T11:01:02+00:00\",\"dateModified\":\"2025-09-16T12:12:31+00:00\",\"description\":\"Il Santuario di Nostra Signora di Lourdes garantisce un accompagnamento personalizzato e una gestione rigorosa del vostro lascito o della vostra assicurazione sulla vita.\",\"breadcrumb\":{\"@id\":\"https:\/\/www.lourdes-france.org\/it\/6-motivi-per-lasciare-un-lascito\/#breadcrumb\"},\"inLanguage\":\"it-IT\",\"potentialAction\":[{\"@type\":\"ReadAction\",\"target\":[\"https:\/\/www.lourdes-france.org\/it\/6-motivi-per-lasciare-un-lascito\/\"]}]},{\"@type\":\"ImageObject\",\"inLanguage\":\"it-IT\",\"@id\":\"https:\/\/www.lourdes-france.org\/it\/6-motivi-per-lasciare-un-lascito\/#primaryimage\",\"url\":\"https:\/\/www.lourdes-france.org\/wp-content\/uploads\/2025\/07\/Legs-AssVie-Donation-scaled.jpg\",\"contentUrl\":\"https:\/\/www.lourdes-france.org\/wp-content\/uploads\/2025\/07\/Legs-AssVie-Donation-scaled.jpg\",\"width\":2560,\"height\":1707,\"caption\":\"Legs, donations et assurance-vie \u00e0 Lourdes\"},{\"@type\":\"BreadcrumbList\",\"@id\":\"https:\/\/www.lourdes-france.org\/it\/6-motivi-per-lasciare-un-lascito\/#breadcrumb\",\"itemListElement\":[{\"@type\":\"ListItem\",\"position\":1,\"name\":\"Accueil\",\"item\":\"https:\/\/www.lourdes-france.org\/\"},{\"@type\":\"ListItem\",\"position\":2,\"name\":\"L\u00e9guer en toute confiance : les 8 raisons de choisir le Sanctuaire de Lourdes\"}]},{\"@type\":\"WebSite\",\"@id\":\"https:\/\/preprod-lourdes.cawita.com\/#website\",\"url\":\"https:\/\/preprod-lourdes.cawita.com\/\",\"name\":\"Soutenir le Sanctuaire Notre-Dame de Lourdes\",\"description\":\"\",\"potentialAction\":[{\"@type\":\"SearchAction\",\"target\":{\"@type\":\"EntryPoint\",\"urlTemplate\":\"https:\/\/preprod-lourdes.cawita.com\/?s={search_term_string}\"},\"query-input\":{\"@type\":\"PropertyValueSpecification\",\"valueRequired\":true,\"valueName\":\"search_term_string\"}}],\"inLanguage\":\"it-IT\"}]}<\/script>\n<!-- \/ Yoast SEO plugin. -->","yoast_head_json":{"title":"Lasciare un lascito in tutta tranquillit\u00e0: 6 motivi per scegliere il Santuario di Lourdes","description":"Il Santuario di Nostra Signora di Lourdes garantisce un accompagnamento personalizzato e una gestione rigorosa del vostro lascito o della vostra assicurazione sulla vita.","robots":{"index":"index","follow":"follow","max-snippet":"max-snippet:-1","max-image-preview":"max-image-preview:large","max-video-preview":"max-video-preview:-1"},"canonical":"https:\/\/www.lourdes-france.org\/it\/6-motivi-per-lasciare-un-lascito\/","twitter_misc":{"Tempo di lettura stimato":"3 minuti"},"schema":{"@context":"https:\/\/schema.org","@graph":[{"@type":"WebPage","@id":"https:\/\/www.lourdes-france.org\/it\/6-motivi-per-lasciare-un-lascito\/","url":"https:\/\/www.lourdes-france.org\/it\/6-motivi-per-lasciare-un-lascito\/","name":"Lasciare un lascito in tutta tranquillit\u00e0: 6 motivi per scegliere il Santuario di Lourdes","isPartOf":{"@id":"https:\/\/preprod-lourdes.cawita.com\/#website"},"primaryImageOfPage":{"@id":"https:\/\/www.lourdes-france.org\/it\/6-motivi-per-lasciare-un-lascito\/#primaryimage"},"image":{"@id":"https:\/\/www.lourdes-france.org\/it\/6-motivi-per-lasciare-un-lascito\/#primaryimage"},"thumbnailUrl":"https:\/\/www.lourdes-france.org\/wp-content\/uploads\/2025\/07\/Legs-AssVie-Donation-scaled.jpg","datePublished":"2025-08-04T11:01:02+00:00","dateModified":"2025-09-16T12:12:31+00:00","description":"Il Santuario di Nostra Signora di Lourdes garantisce un accompagnamento personalizzato e una gestione rigorosa del vostro lascito o della vostra assicurazione sulla vita.","breadcrumb":{"@id":"https:\/\/www.lourdes-france.org\/it\/6-motivi-per-lasciare-un-lascito\/#breadcrumb"},"inLanguage":"it-IT","potentialAction":[{"@type":"ReadAction","target":["https:\/\/www.lourdes-france.org\/it\/6-motivi-per-lasciare-un-lascito\/"]}]},{"@type":"ImageObject","inLanguage":"it-IT","@id":"https:\/\/www.lourdes-france.org\/it\/6-motivi-per-lasciare-un-lascito\/#primaryimage","url":"https:\/\/www.lourdes-france.org\/wp-content\/uploads\/2025\/07\/Legs-AssVie-Donation-scaled.jpg","contentUrl":"https:\/\/www.lourdes-france.org\/wp-content\/uploads\/2025\/07\/Legs-AssVie-Donation-scaled.jpg","width":2560,"height":1707,"caption":"Legs, donations et assurance-vie \u00e0 Lourdes"},{"@type":"BreadcrumbList","@id":"https:\/\/www.lourdes-france.org\/it\/6-motivi-per-lasciare-un-lascito\/#breadcrumb","itemListElement":[{"@type":"ListItem","position":1,"name":"Accueil","item":"https:\/\/www.lourdes-france.org\/"},{"@type":"ListItem","position":2,"name":"L\u00e9guer en toute confiance : les 8 raisons de choisir le Sanctuaire de Lourdes"}]},{"@type":"WebSite","@id":"https:\/\/preprod-lourdes.cawita.com\/#website","url":"https:\/\/preprod-lourdes.cawita.com\/","name":"Soutenir le Sanctuaire Notre-Dame de Lourdes","description":"","potentialAction":[{"@type":"SearchAction","target":{"@type":"EntryPoint","urlTemplate":"https:\/\/preprod-lourdes.cawita.com\/?s={search_term_string}"},"query-input":{"@type":"PropertyValueSpecification","valueRequired":true,"valueName":"search_term_string"}}],"inLanguage":"it-IT"}]}},"_links":{"self":[{"href":"https:\/\/www.lourdes-france.org\/it\/wp-json\/wp\/v2\/pages\/1034453","targetHints":{"allow":["GET"]}}],"collection":[{"href":"https:\/\/www.lourdes-france.org\/it\/wp-json\/wp\/v2\/pages"}],"about":[{"href":"https:\/\/www.lourdes-france.org\/it\/wp-json\/wp\/v2\/types\/page"}],"author":[{"embeddable":true,"href":"https:\/\/www.lourdes-france.org\/it\/wp-json\/wp\/v2\/users\/7"}],"replies":[{"embeddable":true,"href":"https:\/\/www.lourdes-france.org\/it\/wp-json\/wp\/v2\/comments?post=1034453"}],"version-history":[{"count":3,"href":"https:\/\/www.lourdes-france.org\/it\/wp-json\/wp\/v2\/pages\/1034453\/revisions"}],"predecessor-version":[{"id":1066130,"href":"https:\/\/www.lourdes-france.org\/it\/wp-json\/wp\/v2\/pages\/1034453\/revisions\/1066130"}],"wp:featuredmedia":[{"embeddable":true,"href":"https:\/\/www.lourdes-france.org\/it\/wp-json\/wp\/v2\/media\/1028788"}],"wp:attachment":[{"href":"https:\/\/www.lourdes-france.org\/it\/wp-json\/wp\/v2\/media?parent=1034453"}],"curies":[{"name":"wp","href":"https:\/\/api.w.org\/{rel}","templated":true}]}}